{"id":1297,"date":"2025-02-25T12:22:19","date_gmt":"2025-02-25T11:22:19","guid":{"rendered":"https:\/\/www.siestagarden.com\/?post_type=product&#038;p=1297"},"modified":"2026-02-06T12:30:01","modified_gmt":"2026-02-06T11:30:01","slug":"darwin-15m-3","status":"publish","type":"product","link":"https:\/\/www.siestagarden.com\/cs\/produkt\/darwin-15m-3\/","title":{"rendered":"D\u0159ev\u011bn\u00e1 zahradn\u00ed lavi\u010dka Darwin 1,5 m s op\u011bradlem a podru\u010dkami"},"content":{"rendered":"<p class=\"p1\">Zahradn\u00ed lavi\u010dka <span class=\"s1\"><b>Darwin 1,5 m<\/b><\/span> Vyrobeno z masivn\u00edho d\u0159eva. Masivn\u00ed lavi\u010dka na zahradu a do ve\u0159ejn\u00fdch prostor. Oboha\u0165te sv\u016fj venkovn\u00ed prostor d\u0159ev\u011bnou lavi\u010dkou Darwin o d\u00e9lce 1,5 m, kter\u00e1 je vyrobena z kvalitn\u00edho skandin\u00e1vsk\u00e9ho d\u0159eva. D\u00edky masivn\u00edm noh\u00e1m a robustn\u00ed konstrukci se lavi\u010dka skv\u011ble hod\u00ed do ve\u0159ejn\u00fdch prostor i na soukrom\u00e9 zahrady, terasy.<\/p>\n<p>Je ide\u00e1ln\u00edm \u0159e\u0161en\u00edm pro \u0161koly, nemocnice, m\u011bstsk\u00e9 parky i soukrom\u00e9 objekty - v\u0161ude tam, kde je d\u016fle\u017eit\u00fd komfort, odolnost a estetika.<\/p>\n<ul>\n<li>vyrobeno ze skandin\u00e1vsk\u00e9ho d\u0159eva su\u0161en\u00e9ho v peci<\/li>\n<li>ekologick\u00e1 impregnace<\/li>\n<li>ide\u00e1ln\u00ed pro \u0161koly, zahrady, parky, ve\u0159ejn\u00e1 za\u0159\u00edzen\u00ed<\/li>\n<li>odolnost v\u016f\u010di pov\u011btrnostn\u00edm vliv\u016fm - doporu\u010den\u00e1 ro\u010dn\u00ed \u00fadr\u017eba<\/li>\n<li>p\u0159irozen\u00e9 trhliny nemaj\u00ed vliv na pevnost konstrukce.<\/li>\n<\/ul>\n<p>D\u0159ev\u011bn\u00e1 lavice Darwin byla ve v\u00fdrobn\u00edm z\u00e1vod\u011b naimpregnov\u00e1na ekologicky nez\u00e1vadn\u00fdm ochrann\u00fdm prost\u0159edkem v barv\u011b Green - p\u0159\u00edrodn\u00ed impregnace. Aby se maximalizovala jej\u00ed \u017eivotnost, doporu\u010duje se impregnaci nebo ochrann\u00fd olej aplikovat ka\u017edoro\u010dn\u011b. Praskliny ve d\u0159ev\u011b, kter\u00e9 se \u010dasem objev\u00ed, jsou p\u0159irozen\u00fdm d\u016fsledkem st\u00e1rnut\u00ed a nemaj\u00ed vliv na stabilitu a funk\u010dnost lavi\u010dky.<\/p>\n<p>Ide\u00e1ln\u00ed pro zahrady, parky, \u0161koly, ve\u0159ejn\u00e1 za\u0159\u00edzen\u00ed a v\u0161ude tam, kde je pot\u0159eba robustn\u00ed a odoln\u00e1 lavi\u010dka.<\/p>","protected":false},"excerpt":{"rendered":"<p>\u0141awka ogrodowa Darwin 1,5 m z litego drewna. Solidna \u0142awka do ogrodu i przestrzeni publicznych. Wzboga\u0107 swoj\u0105 przestrze\u0144 zewn\u0119trzn\u0105 dzi\u0119ki \u0142awce Drewnianej Darwin 1,5 m, wykonanej z wysokiej jako\u015bci drewna skandynawskiego. Dzi\u0119ki masywnym nogom i wytrzyma\u0142ej konstrukcji, \u0142awka doskonale sprawdzi si\u0119 zar\u00f3wno w miejscach publicznych, jak i w prywatnych ogrodach, tarasach. To idealne rozwiazanie dla [&hellip;]<\/p>\n","protected":false},"featured_media":2379,"template":"","meta":{"_acf_changed":false},"product_brand":[],"product_cat":[67],"product_tag":[82],"class_list":{"0":"post-1297","1":"product","2":"type-product","3":"status-publish","4":"has-post-thumbnail","6":"product_cat-sofy-i-lawki","7":"product_tag-kolekcja-darwin","8":"product_shipping_class-podstawowa","10":"first","11":"instock","12":"taxable","13":"shipping-taxable","14":"purchasable","15":"product-type-simple","16":"add-to-wishlist-after_add_to_cart"},"acf":[],"yoast_head":"<!-- This site is optimized with the Yoast SEO plugin v26.6 - https:\/\/yoast.com\/wordpress\/plugins\/seo\/ -->\n<title>Drewniana \u0142awka ogrodowa Darwin 1,5m z oparciem i pod\u0142okietnikami - Siesta Garden<\/title>\n<meta name=\"robots\" content=\"index, follow, max-snippet:-1, max-image-preview:large, max-video-preview:-1\" \/>\n<link rel=\"canonical\" href=\"https:\/\/www.siestagarden.com\/cs\/produkt\/darwin-15m-3\/\" \/>\n<meta property=\"og:locale\" content=\"cs_CZ\" \/>\n<meta property=\"og:type\" content=\"article\" \/>\n<meta property=\"og:title\" content=\"Drewniana \u0142awka ogrodowa Darwin 1,5m z oparciem i pod\u0142okietnikami - Siesta Garden\" \/>\n<meta property=\"og:description\" content=\"\u0141awka ogrodowa Darwin 1,5 m z litego drewna. Solidna \u0142awka do ogrodu i przestrzeni publicznych. Wzboga\u0107 swoj\u0105 przestrze\u0144 zewn\u0119trzn\u0105 dzi\u0119ki \u0142awce Drewnianej Darwin 1,5 m, wykonanej z wysokiej jako\u015bci drewna skandynawskiego. Dzi\u0119ki masywnym nogom i wytrzyma\u0142ej konstrukcji, \u0142awka doskonale sprawdzi si\u0119 zar\u00f3wno w miejscach publicznych, jak i w prywatnych ogrodach, tarasach. To idealne rozwiazanie dla [&hellip;]\" \/>\n<meta property=\"og:url\" content=\"https:\/\/www.siestagarden.com\/cs\/produkt\/darwin-15m-3\/\" \/>\n<meta property=\"og:site_name\" content=\"Siesta Garden\" \/>\n<meta property=\"article:modified_time\" content=\"2026-02-06T11:30:01+00:00\" \/>\n<meta property=\"og:image\" content=\"https:\/\/www.siestagarden.com\/wp-content\/uploads\/2025\/02\/IMG_0027_CMYK_300dpi-1-e1770274024883.jpg\" \/>\n\t<meta property=\"og:image:width\" content=\"800\" \/>\n\t<meta property=\"og:image:height\" content=\"514\" \/>\n\t<meta property=\"og:image:type\" content=\"image\/jpeg\" \/>\n<meta name=\"twitter:card\" content=\"summary_large_image\" \/>\n<meta name=\"twitter:label1\" content=\"Odhadovan\u00e1 doba \u010dten\u00ed\" \/>\n\t<meta name=\"twitter:data1\" content=\"2 minuty\" \/>\n<script type=\"application\/ld+json\" class=\"yoast-schema-graph\">{\"@context\":\"https:\/\/schema.org\",\"@graph\":[{\"@type\":\"WebPage\",\"@id\":\"https:\/\/www.siestagarden.com\/produkt\/darwin-15m-3\/\",\"url\":\"https:\/\/www.siestagarden.com\/produkt\/darwin-15m-3\/\",\"name\":\"Drewniana \u0142awka ogrodowa Darwin 1,5m z oparciem i pod\u0142okietnikami - Siesta Garden\",\"isPartOf\":{\"@id\":\"https:\/\/www.siestagarden.com\/#website\"},\"primaryImageOfPage\":{\"@id\":\"https:\/\/www.siestagarden.com\/produkt\/darwin-15m-3\/#primaryimage\"},\"image\":{\"@id\":\"https:\/\/www.siestagarden.com\/produkt\/darwin-15m-3\/#primaryimage\"},\"thumbnailUrl\":\"https:\/\/www.siestagarden.com\/wp-content\/uploads\/2025\/02\/IMG_0027_CMYK_300dpi-1-e1770274024883.jpg\",\"datePublished\":\"2025-02-25T11:22:19+00:00\",\"dateModified\":\"2026-02-06T11:30:01+00:00\",\"breadcrumb\":{\"@id\":\"https:\/\/www.siestagarden.com\/produkt\/darwin-15m-3\/#breadcrumb\"},\"inLanguage\":\"cs\",\"potentialAction\":[{\"@type\":\"ReadAction\",\"target\":[\"https:\/\/www.siestagarden.com\/produkt\/darwin-15m-3\/\"]}]},{\"@type\":\"ImageObject\",\"inLanguage\":\"cs\",\"@id\":\"https:\/\/www.siestagarden.com\/produkt\/darwin-15m-3\/#primaryimage\",\"url\":\"https:\/\/www.siestagarden.com\/wp-content\/uploads\/2025\/02\/IMG_0027_CMYK_300dpi-1-e1770274024883.jpg\",\"contentUrl\":\"https:\/\/www.siestagarden.com\/wp-content\/uploads\/2025\/02\/IMG_0027_CMYK_300dpi-1-e1770274024883.jpg\",\"width\":800,\"height\":514},{\"@type\":\"BreadcrumbList\",\"@id\":\"https:\/\/www.siestagarden.com\/produkt\/darwin-15m-3\/#breadcrumb\",\"itemListElement\":[{\"@type\":\"ListItem\",\"position\":1,\"name\":\"Strona g\u0142\u00f3wna\",\"item\":\"https:\/\/www.siestagarden.com\/\"},{\"@type\":\"ListItem\",\"position\":2,\"name\":\"Sklep\",\"item\":\"https:\/\/www.siestagarden.com\/sklep\/\"},{\"@type\":\"ListItem\",\"position\":3,\"name\":\"Drewniana \u0142awka ogrodowa Darwin 1,5m z oparciem i pod\u0142okietnikami\"}]},{\"@type\":\"WebSite\",\"@id\":\"https:\/\/www.siestagarden.com\/#website\",\"url\":\"https:\/\/www.siestagarden.com\/\",\"name\":\"Siesta Garden\",\"description\":\"Meble do Twojego ogrodu. Polski producent drewnianych mebli najwy\u017cszej jako\u015bci.\",\"potentialAction\":[{\"@type\":\"SearchAction\",\"target\":{\"@type\":\"EntryPoint\",\"urlTemplate\":\"https:\/\/www.siestagarden.com\/?s={search_term_string}\"},\"query-input\":{\"@type\":\"PropertyValueSpecification\",\"valueRequired\":true,\"valueName\":\"search_term_string\"}}],\"inLanguage\":\"cs\"}]}<\/script>\n<!-- \/ Yoast SEO plugin. -->","yoast_head_json":{"title":"Drewniana \u0142awka ogrodowa Darwin 1,5m z oparciem i pod\u0142okietnikami - Siesta Garden","robots":{"index":"index","follow":"follow","max-snippet":"max-snippet:-1","max-image-preview":"max-image-preview:large","max-video-preview":"max-video-preview:-1"},"canonical":"https:\/\/www.siestagarden.com\/cs\/produkt\/darwin-15m-3\/","og_locale":"cs_CZ","og_type":"article","og_title":"Drewniana \u0142awka ogrodowa Darwin 1,5m z oparciem i pod\u0142okietnikami - Siesta Garden","og_description":"\u0141awka ogrodowa Darwin 1,5 m z litego drewna. Solidna \u0142awka do ogrodu i przestrzeni publicznych. Wzboga\u0107 swoj\u0105 przestrze\u0144 zewn\u0119trzn\u0105 dzi\u0119ki \u0142awce Drewnianej Darwin 1,5 m, wykonanej z wysokiej jako\u015bci drewna skandynawskiego. Dzi\u0119ki masywnym nogom i wytrzyma\u0142ej konstrukcji, \u0142awka doskonale sprawdzi si\u0119 zar\u00f3wno w miejscach publicznych, jak i w prywatnych ogrodach, tarasach. To idealne rozwiazanie dla [&hellip;]","og_url":"https:\/\/www.siestagarden.com\/cs\/produkt\/darwin-15m-3\/","og_site_name":"Siesta Garden","article_modified_time":"2026-02-06T11:30:01+00:00","og_image":[{"width":800,"height":514,"url":"https:\/\/www.siestagarden.com\/wp-content\/uploads\/2025\/02\/IMG_0027_CMYK_300dpi-1-e1770274024883.jpg","type":"image\/jpeg"}],"twitter_card":"summary_large_image","twitter_misc":{"Odhadovan\u00e1 doba \u010dten\u00ed":"2 minuty"},"schema":{"@context":"https:\/\/schema.org","@graph":[{"@type":"WebPage","@id":"https:\/\/www.siestagarden.com\/produkt\/darwin-15m-3\/","url":"https:\/\/www.siestagarden.com\/produkt\/darwin-15m-3\/","name":"Drewniana \u0142awka ogrodowa Darwin 1,5m z oparciem i pod\u0142okietnikami - Siesta Garden","isPartOf":{"@id":"https:\/\/www.siestagarden.com\/#website"},"primaryImageOfPage":{"@id":"https:\/\/www.siestagarden.com\/produkt\/darwin-15m-3\/#primaryimage"},"image":{"@id":"https:\/\/www.siestagarden.com\/produkt\/darwin-15m-3\/#primaryimage"},"thumbnailUrl":"https:\/\/www.siestagarden.com\/wp-content\/uploads\/2025\/02\/IMG_0027_CMYK_300dpi-1-e1770274024883.jpg","datePublished":"2025-02-25T11:22:19+00:00","dateModified":"2026-02-06T11:30:01+00:00","breadcrumb":{"@id":"https:\/\/www.siestagarden.com\/produkt\/darwin-15m-3\/#breadcrumb"},"inLanguage":"cs","potentialAction":[{"@type":"ReadAction","target":["https:\/\/www.siestagarden.com\/produkt\/darwin-15m-3\/"]}]},{"@type":"ImageObject","inLanguage":"cs","@id":"https:\/\/www.siestagarden.com\/produkt\/darwin-15m-3\/#primaryimage","url":"https:\/\/www.siestagarden.com\/wp-content\/uploads\/2025\/02\/IMG_0027_CMYK_300dpi-1-e1770274024883.jpg","contentUrl":"https:\/\/www.siestagarden.com\/wp-content\/uploads\/2025\/02\/IMG_0027_CMYK_300dpi-1-e1770274024883.jpg","width":800,"height":514},{"@type":"BreadcrumbList","@id":"https:\/\/www.siestagarden.com\/produkt\/darwin-15m-3\/#breadcrumb","itemListElement":[{"@type":"ListItem","position":1,"name":"Strona g\u0142\u00f3wna","item":"https:\/\/www.siestagarden.com\/"},{"@type":"ListItem","position":2,"name":"Sklep","item":"https:\/\/www.siestagarden.com\/sklep\/"},{"@type":"ListItem","position":3,"name":"Drewniana \u0142awka ogrodowa Darwin 1,5m z oparciem i pod\u0142okietnikami"}]},{"@type":"WebSite","@id":"https:\/\/www.siestagarden.com\/#website","url":"https:\/\/www.siestagarden.com\/","name":"Siesta Garden","description":"N\u00e1bytek pro va\u0161i zahradu. Polsk\u00fd v\u00fdrobce d\u0159ev\u011bn\u00e9ho n\u00e1bytku nejvy\u0161\u0161\u00ed kvality.","potentialAction":[{"@type":"SearchAction","target":{"@type":"EntryPoint","urlTemplate":"https:\/\/www.siestagarden.com\/?s={search_term_string}"},"query-input":{"@type":"PropertyValueSpecification","valueRequired":true,"valueName":"search_term_string"}}],"inLanguage":"cs"}]}},"_links":{"self":[{"href":"https:\/\/www.siestagarden.com\/cs\/wp-json\/wp\/v2\/product\/1297","targetHints":{"allow":["GET"]}}],"collection":[{"href":"https:\/\/www.siestagarden.com\/cs\/wp-json\/wp\/v2\/product"}],"about":[{"href":"https:\/\/www.siestagarden.com\/cs\/wp-json\/wp\/v2\/types\/product"}],"wp:featuredmedia":[{"embeddable":true,"href":"https:\/\/www.siestagarden.com\/cs\/wp-json\/wp\/v2\/media\/2379"}],"wp:attachment":[{"href":"https:\/\/www.siestagarden.com\/cs\/wp-json\/wp\/v2\/media?parent=1297"}],"wp:term":[{"taxonomy":"product_brand","embeddable":true,"href":"https:\/\/www.siestagarden.com\/cs\/wp-json\/wp\/v2\/product_brand?post=1297"},{"taxonomy":"product_cat","embeddable":true,"href":"https:\/\/www.siestagarden.com\/cs\/wp-json\/wp\/v2\/product_cat?post=1297"},{"taxonomy":"product_tag","embeddable":true,"href":"https:\/\/www.siestagarden.com\/cs\/wp-json\/wp\/v2\/product_tag?post=1297"}],"curies":[{"name":"wp","href":"https:\/\/api.w.org\/{rel}","templated":true}]}}