{"id":1301,"date":"2025-02-25T12:22:19","date_gmt":"2025-02-25T11:22:19","guid":{"rendered":"https:\/\/www.siestagarden.com\/?post_type=product&#038;p=1301"},"modified":"2026-02-06T12:31:56","modified_gmt":"2026-02-06T11:31:56","slug":"insta-beach-12m","status":"publish","type":"product","link":"https:\/\/www.siestagarden.com\/cs\/produkt\/insta-beach-12m\/","title":{"rendered":"Pl\u00e1\u017eov\u00e1 lavi\u010dka Insta 2m"},"content":{"rendered":"<p><strong>Insta lavi\u010dka<\/strong> - Designov\u00fd pohled na lavi\u010dku 2M | FSC\u00ae Wood | B\u00edl\u00e1 a \u010dern\u00e1<\/p>\n<p><strong>Insta Bench<\/strong> je v\u00edc ne\u017e lavi\u010dka - je to <strong>vyhl\u00eddkov\u00fd bod, kus krajiny a skute\u010dn\u00fd magnet pro oko (a fotoapar\u00e1t!)<\/strong>. A\u017e 2 metry vysok\u00fd, p\u0159itahuje pozornost. <strong>neobvykl\u00fd design<\/strong> a otev\u00edr\u00e1 zcela nov\u00e9 mo\u017enosti vyu\u017eit\u00ed ve ve\u0159ejn\u00fdch a komer\u010dn\u00edch prostor\u00e1ch.<\/p>\n<p>Tento jedine\u010dn\u00fd design byl vytvo\u0159en <strong>pro hotely, rekrea\u010dn\u00ed za\u0159\u00edzen\u00ed, penziony a restaurace.<\/strong>, kde m\u016f\u017ee p\u016fsobit jako n\u00e1padn\u00e9 m\u00edsto pro Instagram s panoramatem v pozad\u00ed. Je to ide\u00e1ln\u00ed m\u00edsto pro fotky s v\u00fdhledem - <strong>host\u00e9 si je zamiluj\u00ed od prvn\u00edho z\u00e1b\u011bru.<\/strong><\/p>\n<p>Dob\u0159e poslou\u017e\u00ed tak\u00e9 jako <strong>pozorovac\u00ed stanovi\u0161t\u011b na sportovi\u0161t\u00edch,<\/strong> umo\u017e\u0148uje sledovat hru ze zcela jin\u00e9 perspektivy.<\/p>\n<p>Ale to nen\u00ed v\u0161echno - Insta Bench se tak\u00e9 ocitne v nab\u00eddce <strong>uk\u00e1zkov\u00e9 zahrady, skanzeny, vyhl\u00eddkov\u00e9 terasy nebo m\u011bstsk\u00e1 n\u00e1m\u011bst\u00ed.<\/strong>kde se m\u016f\u017ee st\u00e1t funk\u010dn\u00edm um\u011bleck\u00fdm d\u00edlem.<\/p>\n<p>\u2714\ufe0f<strong> P\u016fsobiv\u00e1 v\u00fd\u0161ka<\/strong> - a\u017e 2 metry<\/p>\n<p>\u2714\ufe0f <strong>Vyrobeno z certifikovan\u00e9ho d\u0159eva FSC\u00ae<\/strong><\/p>\n<p>\u2714\ufe0f <strong>K dispozici v \u010dern\u00e9 a b\u00edl\u00e9 barv\u011b<\/strong> - opat\u0159eny vysoce kvalitn\u00ed lazurn\u00ed impregnac\u00ed, kter\u00e1 chr\u00e1n\u00ed d\u0159evo a zd\u016fraz\u0148uje jeho strukturu.<\/p>\n<p>\u2714\ufe0f <strong>Ide\u00e1ln\u00ed jako vyhl\u00eddkov\u00e1 lavi\u010dka, m\u00edsto pro fotografov\u00e1n\u00ed, sportovn\u00ed sed\u00e1tko nebo m\u011bstsk\u00fd krajinn\u00fd prvek.<\/strong><\/p>\n<p>\u2714\ufe0f<strong> Designov\u00e1 forma, kter\u00e1 vzbuzuje zv\u011bdavost a podn\u011bcuje interakci<\/strong><\/p>\n<p>\u2714\ufe0f<strong> Stabiln\u00ed, trvanliv\u00e9 a odoln\u00e9 v\u016f\u010di vn\u011bj\u0161\u00edm podm\u00ednk\u00e1m<\/strong><\/p>\n<p>Lavi\u010dka Insta Bench je lavi\u010dka, kter\u00e1 ud\u011bl\u00e1 dojem - spojuje v sob\u011b u\u017eitnou funkci s v\u00fdrazn\u00fdm tvarem a z\u00e1rove\u0148 nab\u00edz\u00ed velk\u00e9 mo\u017enosti designu. Kdekoli se objev\u00ed, stane se \u00fast\u0159edn\u00edm bodem prostoru a... pozad\u00edm pro mnoho skv\u011bl\u00fdch fotografi\u00ed.<\/p>\n<p>Vytvo\u0159eno s ohledem na estetiku, v\u00fdhled a z\u00e1\u017eitek -.<strong>Lavi\u010dka Insta Bench je nezbytnou sou\u010d\u00e1st\u00ed modern\u00edho outdoorov\u00e9ho vybaven\u00ed.<\/strong><\/p>","protected":false},"excerpt":{"rendered":"<p>\u0141awka Insta &#8211; designerska \u0142awka widokowa 2M | FSC\u00ae Drewno | Bia\u0142o-czarna Insta Bench to co\u015b wi\u0119cej ni\u017c \u0142awka \u2013 to punkt widokowy, element architektury krajobrazu i prawdziwy magnes dla wzroku (i aparatu!). Wysoka na a\u017c 2 metry, przyci\u0105ga uwag\u0119 nietuzinkowym designem i otwiera zupe\u0142nie nowe mo\u017cliwo\u015bci wykorzystania w przestrzeni publicznej i komercyjnej. Ta wyj\u0105tkowa [&hellip;]<\/p>\n","protected":false},"featured_media":2326,"template":"","meta":{"_acf_changed":false},"product_brand":[],"product_cat":[67],"product_tag":[],"class_list":{"0":"post-1301","1":"product","2":"type-product","3":"status-publish","4":"has-post-thumbnail","6":"product_cat-sofy-i-lawki","7":"product_shipping_class-podstawowa","9":"first","10":"instock","11":"taxable","12":"shipping-taxable","13":"purchasable","14":"product-type-simple","15":"add-to-wishlist-after_add_to_cart"},"acf":[],"yoast_head":"<!-- This site is optimized with the Yoast SEO plugin v26.6 - https:\/\/yoast.com\/wordpress\/plugins\/seo\/ -->\n<title>\u0141awka Insta Beach 2m - Siesta Garden<\/title>\n<meta name=\"robots\" content=\"index, follow, max-snippet:-1, max-image-preview:large, max-video-preview:-1\" \/>\n<link rel=\"canonical\" href=\"https:\/\/www.siestagarden.com\/cs\/produkt\/insta-beach-12m\/\" \/>\n<meta property=\"og:locale\" content=\"cs_CZ\" \/>\n<meta property=\"og:type\" content=\"article\" \/>\n<meta property=\"og:title\" content=\"\u0141awka Insta Beach 2m - Siesta Garden\" \/>\n<meta property=\"og:description\" content=\"\u0141awka Insta &#8211; designerska \u0142awka widokowa 2M | FSC\u00ae Drewno | Bia\u0142o-czarna Insta Bench to co\u015b wi\u0119cej ni\u017c \u0142awka \u2013 to punkt widokowy, element architektury krajobrazu i prawdziwy magnes dla wzroku (i aparatu!). Wysoka na a\u017c 2 metry, przyci\u0105ga uwag\u0119 nietuzinkowym designem i otwiera zupe\u0142nie nowe mo\u017cliwo\u015bci wykorzystania w przestrzeni publicznej i komercyjnej. Ta wyj\u0105tkowa [&hellip;]\" \/>\n<meta property=\"og:url\" content=\"https:\/\/www.siestagarden.com\/cs\/produkt\/insta-beach-12m\/\" \/>\n<meta property=\"og:site_name\" content=\"Siesta Garden\" \/>\n<meta property=\"article:modified_time\" content=\"2026-02-06T11:31:56+00:00\" \/>\n<meta property=\"og:image\" content=\"https:\/\/www.siestagarden.com\/wp-content\/uploads\/2025\/02\/IMG_9534-scaled-e1769084862622.jpg\" \/>\n\t<meta property=\"og:image:width\" content=\"1430\" \/>\n\t<meta property=\"og:image:height\" content=\"1707\" \/>\n\t<meta property=\"og:image:type\" content=\"image\/jpeg\" \/>\n<meta name=\"twitter:card\" content=\"summary_large_image\" \/>\n<meta name=\"twitter:label1\" content=\"Odhadovan\u00e1 doba \u010dten\u00ed\" \/>\n\t<meta name=\"twitter:data1\" content=\"2 minuty\" \/>\n<script type=\"application\/ld+json\" class=\"yoast-schema-graph\">{\"@context\":\"https:\/\/schema.org\",\"@graph\":[{\"@type\":\"WebPage\",\"@id\":\"https:\/\/www.siestagarden.com\/produkt\/insta-beach-12m\/\",\"url\":\"https:\/\/www.siestagarden.com\/produkt\/insta-beach-12m\/\",\"name\":\"\u0141awka Insta Beach 2m - Siesta Garden\",\"isPartOf\":{\"@id\":\"https:\/\/www.siestagarden.com\/#website\"},\"primaryImageOfPage\":{\"@id\":\"https:\/\/www.siestagarden.com\/produkt\/insta-beach-12m\/#primaryimage\"},\"image\":{\"@id\":\"https:\/\/www.siestagarden.com\/produkt\/insta-beach-12m\/#primaryimage\"},\"thumbnailUrl\":\"https:\/\/www.siestagarden.com\/wp-content\/uploads\/2025\/02\/IMG_9534-scaled-e1769084862622.jpg\",\"datePublished\":\"2025-02-25T11:22:19+00:00\",\"dateModified\":\"2026-02-06T11:31:56+00:00\",\"breadcrumb\":{\"@id\":\"https:\/\/www.siestagarden.com\/produkt\/insta-beach-12m\/#breadcrumb\"},\"inLanguage\":\"cs\",\"potentialAction\":[{\"@type\":\"ReadAction\",\"target\":[\"https:\/\/www.siestagarden.com\/produkt\/insta-beach-12m\/\"]}]},{\"@type\":\"ImageObject\",\"inLanguage\":\"cs\",\"@id\":\"https:\/\/www.siestagarden.com\/produkt\/insta-beach-12m\/#primaryimage\",\"url\":\"https:\/\/www.siestagarden.com\/wp-content\/uploads\/2025\/02\/IMG_9534-scaled-e1769084862622.jpg\",\"contentUrl\":\"https:\/\/www.siestagarden.com\/wp-content\/uploads\/2025\/02\/IMG_9534-scaled-e1769084862622.jpg\",\"width\":1430,\"height\":1707},{\"@type\":\"BreadcrumbList\",\"@id\":\"https:\/\/www.siestagarden.com\/produkt\/insta-beach-12m\/#breadcrumb\",\"itemListElement\":[{\"@type\":\"ListItem\",\"position\":1,\"name\":\"Strona g\u0142\u00f3wna\",\"item\":\"https:\/\/www.siestagarden.com\/\"},{\"@type\":\"ListItem\",\"position\":2,\"name\":\"Sklep\",\"item\":\"https:\/\/www.siestagarden.com\/sklep\/\"},{\"@type\":\"ListItem\",\"position\":3,\"name\":\"\u0141awka Insta Beach 2m\"}]},{\"@type\":\"WebSite\",\"@id\":\"https:\/\/www.siestagarden.com\/#website\",\"url\":\"https:\/\/www.siestagarden.com\/\",\"name\":\"Siesta Garden\",\"description\":\"Meble do Twojego ogrodu. Polski producent drewnianych mebli najwy\u017cszej jako\u015bci.\",\"potentialAction\":[{\"@type\":\"SearchAction\",\"target\":{\"@type\":\"EntryPoint\",\"urlTemplate\":\"https:\/\/www.siestagarden.com\/?s={search_term_string}\"},\"query-input\":{\"@type\":\"PropertyValueSpecification\",\"valueRequired\":true,\"valueName\":\"search_term_string\"}}],\"inLanguage\":\"cs\"}]}<\/script>\n<!-- \/ Yoast SEO plugin. -->","yoast_head_json":{"title":"\u0141awka Insta Beach 2m - Siesta Garden","robots":{"index":"index","follow":"follow","max-snippet":"max-snippet:-1","max-image-preview":"max-image-preview:large","max-video-preview":"max-video-preview:-1"},"canonical":"https:\/\/www.siestagarden.com\/cs\/produkt\/insta-beach-12m\/","og_locale":"cs_CZ","og_type":"article","og_title":"\u0141awka Insta Beach 2m - Siesta Garden","og_description":"\u0141awka Insta &#8211; designerska \u0142awka widokowa 2M | FSC\u00ae Drewno | Bia\u0142o-czarna Insta Bench to co\u015b wi\u0119cej ni\u017c \u0142awka \u2013 to punkt widokowy, element architektury krajobrazu i prawdziwy magnes dla wzroku (i aparatu!). Wysoka na a\u017c 2 metry, przyci\u0105ga uwag\u0119 nietuzinkowym designem i otwiera zupe\u0142nie nowe mo\u017cliwo\u015bci wykorzystania w przestrzeni publicznej i komercyjnej. Ta wyj\u0105tkowa [&hellip;]","og_url":"https:\/\/www.siestagarden.com\/cs\/produkt\/insta-beach-12m\/","og_site_name":"Siesta Garden","article_modified_time":"2026-02-06T11:31:56+00:00","og_image":[{"width":1430,"height":1707,"url":"https:\/\/www.siestagarden.com\/wp-content\/uploads\/2025\/02\/IMG_9534-scaled-e1769084862622.jpg","type":"image\/jpeg"}],"twitter_card":"summary_large_image","twitter_misc":{"Odhadovan\u00e1 doba \u010dten\u00ed":"2 minuty"},"schema":{"@context":"https:\/\/schema.org","@graph":[{"@type":"WebPage","@id":"https:\/\/www.siestagarden.com\/produkt\/insta-beach-12m\/","url":"https:\/\/www.siestagarden.com\/produkt\/insta-beach-12m\/","name":"\u0141awka Insta Beach 2m - Siesta Garden","isPartOf":{"@id":"https:\/\/www.siestagarden.com\/#website"},"primaryImageOfPage":{"@id":"https:\/\/www.siestagarden.com\/produkt\/insta-beach-12m\/#primaryimage"},"image":{"@id":"https:\/\/www.siestagarden.com\/produkt\/insta-beach-12m\/#primaryimage"},"thumbnailUrl":"https:\/\/www.siestagarden.com\/wp-content\/uploads\/2025\/02\/IMG_9534-scaled-e1769084862622.jpg","datePublished":"2025-02-25T11:22:19+00:00","dateModified":"2026-02-06T11:31:56+00:00","breadcrumb":{"@id":"https:\/\/www.siestagarden.com\/produkt\/insta-beach-12m\/#breadcrumb"},"inLanguage":"cs","potentialAction":[{"@type":"ReadAction","target":["https:\/\/www.siestagarden.com\/produkt\/insta-beach-12m\/"]}]},{"@type":"ImageObject","inLanguage":"cs","@id":"https:\/\/www.siestagarden.com\/produkt\/insta-beach-12m\/#primaryimage","url":"https:\/\/www.siestagarden.com\/wp-content\/uploads\/2025\/02\/IMG_9534-scaled-e1769084862622.jpg","contentUrl":"https:\/\/www.siestagarden.com\/wp-content\/uploads\/2025\/02\/IMG_9534-scaled-e1769084862622.jpg","width":1430,"height":1707},{"@type":"BreadcrumbList","@id":"https:\/\/www.siestagarden.com\/produkt\/insta-beach-12m\/#breadcrumb","itemListElement":[{"@type":"ListItem","position":1,"name":"Strona g\u0142\u00f3wna","item":"https:\/\/www.siestagarden.com\/"},{"@type":"ListItem","position":2,"name":"Sklep","item":"https:\/\/www.siestagarden.com\/sklep\/"},{"@type":"ListItem","position":3,"name":"\u0141awka Insta Beach 2m"}]},{"@type":"WebSite","@id":"https:\/\/www.siestagarden.com\/#website","url":"https:\/\/www.siestagarden.com\/","name":"Siesta Garden","description":"N\u00e1bytek pro va\u0161i zahradu. Polsk\u00fd v\u00fdrobce d\u0159ev\u011bn\u00e9ho n\u00e1bytku nejvy\u0161\u0161\u00ed kvality.","potentialAction":[{"@type":"SearchAction","target":{"@type":"EntryPoint","urlTemplate":"https:\/\/www.siestagarden.com\/?s={search_term_string}"},"query-input":{"@type":"PropertyValueSpecification","valueRequired":true,"valueName":"search_term_string"}}],"inLanguage":"cs"}]}},"_links":{"self":[{"href":"https:\/\/www.siestagarden.com\/cs\/wp-json\/wp\/v2\/product\/1301","targetHints":{"allow":["GET"]}}],"collection":[{"href":"https:\/\/www.siestagarden.com\/cs\/wp-json\/wp\/v2\/product"}],"about":[{"href":"https:\/\/www.siestagarden.com\/cs\/wp-json\/wp\/v2\/types\/product"}],"wp:featuredmedia":[{"embeddable":true,"href":"https:\/\/www.siestagarden.com\/cs\/wp-json\/wp\/v2\/media\/2326"}],"wp:attachment":[{"href":"https:\/\/www.siestagarden.com\/cs\/wp-json\/wp\/v2\/media?parent=1301"}],"wp:term":[{"taxonomy":"product_brand","embeddable":true,"href":"https:\/\/www.siestagarden.com\/cs\/wp-json\/wp\/v2\/product_brand?post=1301"},{"taxonomy":"product_cat","embeddable":true,"href":"https:\/\/www.siestagarden.com\/cs\/wp-json\/wp\/v2\/product_cat?post=1301"},{"taxonomy":"product_tag","embeddable":true,"href":"https:\/\/www.siestagarden.com\/cs\/wp-json\/wp\/v2\/product_tag?post=1301"}],"curies":[{"name":"wp","href":"https:\/\/api.w.org\/{rel}","templated":true}]}}