{"id":1302,"date":"2025-02-25T12:22:19","date_gmt":"2025-02-25T11:22:19","guid":{"rendered":"https:\/\/www.siestagarden.com\/?post_type=product&#038;p=1302"},"modified":"2026-03-24T09:38:42","modified_gmt":"2026-03-24T08:38:42","slug":"soft-swing","status":"publish","type":"product","link":"https:\/\/www.siestagarden.com\/cs\/produkt\/soft-swing\/","title":{"rendered":"Simi Soft swing"},"content":{"rendered":"<p><strong>SIMI Soft swing<\/strong> - Stylov\u00e1 relaxace v houpav\u00e9m rytmu<\/p>\n<p><strong>SIMI Soft swing<\/strong> je jedine\u010dnou kombinac\u00ed pohodl\u00ed, estetiky a modern\u00edch tvar\u016f. Jeho sed\u00e1k je vyroben z oh\u00fdban\u00e9 vodovzdorn\u00e9 p\u0159ekli\u017eky, kter\u00e1 mu dod\u00e1v\u00e1 lehkost, plynulost a jedine\u010dn\u00fd charakter. Tato konstrukce zaji\u0161\u0165uje nejen odolnost, ale tak\u00e9 p\u0159irozen\u00e9 p\u0159izp\u016fsoben\u00ed t\u011blu - ide\u00e1ln\u00ed pro relaxa\u010dn\u00ed houp\u00e1n\u00ed.<\/p>\n<p>Cel\u00e1 jednotka je \u010daloun\u011bn\u00e1 vysoce kvalitn\u00ed nepromokavou l\u00e1tkou, kter\u00e1 je m\u011bkk\u00e1 na dotek, snadno se \u010dist\u00ed a je odoln\u00e1 v\u016f\u010di m\u011bn\u00edc\u00edm se pov\u011btrnostn\u00edm podm\u00ednk\u00e1m. D\u00edky tomu je <strong>SIMI Soft<\/strong> je ide\u00e1ln\u00ed jak venku - na zahrad\u011b, terase nebo balkon\u011b -, tak v interi\u00e9ru: v ob\u00fdvac\u00edm pokoji, chillout z\u00f3n\u011b, hotelov\u00e9 hale nebo dom\u00e1c\u00ed kancel\u00e1\u0159i.<\/p>\n<p>\u2714\ufe0f Designov\u00e9 sedadlo z oh\u00fdban\u00e9 vod\u011bodoln\u00e9 p\u0159ekli\u017eky<\/p>\n<p>\u2714\ufe0f M\u011bkk\u00e9, vod\u011bodoln\u00e9 l\u00e1tkov\u00e9 \u010daloun\u011bn\u00ed - pot\u011b\u0161en\u00ed a funk\u010dnost<\/p>\n<p>\u2714\ufe0f Ide\u00e1ln\u00ed pro relaxaci v dom\u00e1cnosti, na zahrad\u011b, v hotelu nebo v komer\u010dn\u00edch prostor\u00e1ch.<\/p>\n<p>\u2714\ufe0f Lehk\u00fd tvar, ale robustn\u00ed a odoln\u00e1 konstrukce<\/p>\n<p>\u2714\ufe0f Lze zav\u011bsit na h\u00e1\u010dky nebo r\u00e1my - volnost uspo\u0159\u00e1d\u00e1n\u00ed<\/p>\n<p>K dispozici je tak\u00e9 smluvn\u00ed verze pro architekty, design\u00e9ry a stavebn\u00edky - s mo\u017enost\u00ed p\u0159izp\u016fsobit barvy, materi\u00e1ly a instalaci individu\u00e1ln\u00edm pot\u0159eb\u00e1m projektu.<\/p>\n<p><strong>SIMI Soft je v\u00edc ne\u017e jen houpa\u010dka<\/strong> - je mobiln\u00ed relaxa\u010dn\u00ed z\u00f3na, kter\u00e1 zaujme svou formou a vyb\u00edz\u00ed k relaxaci v rytmu jemn\u00e9ho houp\u00e1n\u00ed.<\/p>","protected":false},"excerpt":{"rendered":"<p>Hu\u015btawka SIMI Soft \u2013 Stylowy relaks w rytmie bujania Hu\u015btawka SIMI Soft to wyj\u0105tkowe po\u0142\u0105czenie wygody, estetyki i nowoczesnej formy. Jej siedzisko wykonane zosta\u0142o z gi\u0119tej wodoodpornej sklejki, kt\u00f3ra nadaje jej lekko\u015bci, p\u0142ynno\u015bci i unikalnego charakteru. Taka konstrukcja zapewnia nie tylko trwa\u0142o\u015b\u0107, ale tak\u017ce naturalne dopasowanie do sylwetki \u2013 idealne do relaksuj\u0105cego bujania. Ca\u0142o\u015b\u0107 zosta\u0142a [&hellip;]<\/p>\n","protected":false},"featured_media":2370,"template":"","meta":{"_acf_changed":false},"product_brand":[],"product_cat":[72],"product_tag":[],"class_list":{"0":"post-1302","1":"product","2":"type-product","3":"status-publish","4":"has-post-thumbnail","6":"product_cat-hustawki-i-hamaki","7":"product_shipping_class-podstawowa","9":"first","10":"instock","11":"taxable","12":"shipping-taxable","13":"purchasable","14":"product-type-simple","15":"add-to-wishlist-after_add_to_cart"},"acf":[],"yoast_head":"<!-- This site is optimized with the Yoast SEO plugin v26.6 - https:\/\/yoast.com\/wordpress\/plugins\/seo\/ -->\n<title>Hu\u015btawka Simi Soft - Siesta Garden<\/title>\n<meta name=\"robots\" content=\"index, follow, max-snippet:-1, max-image-preview:large, max-video-preview:-1\" \/>\n<link rel=\"canonical\" href=\"https:\/\/www.siestagarden.com\/cs\/produkt\/soft-swing\/\" \/>\n<meta property=\"og:locale\" content=\"cs_CZ\" \/>\n<meta property=\"og:type\" content=\"article\" \/>\n<meta property=\"og:title\" content=\"Hu\u015btawka Simi Soft - Siesta Garden\" \/>\n<meta property=\"og:description\" content=\"Hu\u015btawka SIMI Soft \u2013 Stylowy relaks w rytmie bujania Hu\u015btawka SIMI Soft to wyj\u0105tkowe po\u0142\u0105czenie wygody, estetyki i nowoczesnej formy. Jej siedzisko wykonane zosta\u0142o z gi\u0119tej wodoodpornej sklejki, kt\u00f3ra nadaje jej lekko\u015bci, p\u0142ynno\u015bci i unikalnego charakteru. Taka konstrukcja zapewnia nie tylko trwa\u0142o\u015b\u0107, ale tak\u017ce naturalne dopasowanie do sylwetki \u2013 idealne do relaksuj\u0105cego bujania. Ca\u0142o\u015b\u0107 zosta\u0142a [&hellip;]\" \/>\n<meta property=\"og:url\" content=\"https:\/\/www.siestagarden.com\/cs\/produkt\/soft-swing\/\" \/>\n<meta property=\"og:site_name\" content=\"Siesta Garden\" \/>\n<meta property=\"article:modified_time\" content=\"2026-03-24T08:38:42+00:00\" \/>\n<meta property=\"og:image\" content=\"https:\/\/www.siestagarden.com\/wp-content\/uploads\/2025\/02\/IMG_9989-4-1-scaled.jpg\" \/>\n\t<meta property=\"og:image:width\" content=\"2560\" \/>\n\t<meta property=\"og:image:height\" content=\"1707\" \/>\n\t<meta property=\"og:image:type\" content=\"image\/jpeg\" \/>\n<meta name=\"twitter:card\" content=\"summary_large_image\" \/>\n<meta name=\"twitter:label1\" content=\"Odhadovan\u00e1 doba \u010dten\u00ed\" \/>\n\t<meta name=\"twitter:data1\" content=\"2 minuty\" \/>\n<script type=\"application\/ld+json\" class=\"yoast-schema-graph\">{\"@context\":\"https:\/\/schema.org\",\"@graph\":[{\"@type\":\"WebPage\",\"@id\":\"https:\/\/www.siestagarden.com\/produkt\/soft-swing\/\",\"url\":\"https:\/\/www.siestagarden.com\/produkt\/soft-swing\/\",\"name\":\"Hu\u015btawka Simi Soft - Siesta Garden\",\"isPartOf\":{\"@id\":\"https:\/\/www.siestagarden.com\/#website\"},\"primaryImageOfPage\":{\"@id\":\"https:\/\/www.siestagarden.com\/produkt\/soft-swing\/#primaryimage\"},\"image\":{\"@id\":\"https:\/\/www.siestagarden.com\/produkt\/soft-swing\/#primaryimage\"},\"thumbnailUrl\":\"https:\/\/www.siestagarden.com\/wp-content\/uploads\/2025\/02\/IMG_9989-4-1-scaled.jpg\",\"datePublished\":\"2025-02-25T11:22:19+00:00\",\"dateModified\":\"2026-03-24T08:38:42+00:00\",\"breadcrumb\":{\"@id\":\"https:\/\/www.siestagarden.com\/produkt\/soft-swing\/#breadcrumb\"},\"inLanguage\":\"cs\",\"potentialAction\":[{\"@type\":\"ReadAction\",\"target\":[\"https:\/\/www.siestagarden.com\/produkt\/soft-swing\/\"]}]},{\"@type\":\"ImageObject\",\"inLanguage\":\"cs\",\"@id\":\"https:\/\/www.siestagarden.com\/produkt\/soft-swing\/#primaryimage\",\"url\":\"https:\/\/www.siestagarden.com\/wp-content\/uploads\/2025\/02\/IMG_9989-4-1-scaled.jpg\",\"contentUrl\":\"https:\/\/www.siestagarden.com\/wp-content\/uploads\/2025\/02\/IMG_9989-4-1-scaled.jpg\",\"width\":2560,\"height\":1707},{\"@type\":\"BreadcrumbList\",\"@id\":\"https:\/\/www.siestagarden.com\/produkt\/soft-swing\/#breadcrumb\",\"itemListElement\":[{\"@type\":\"ListItem\",\"position\":1,\"name\":\"Strona g\u0142\u00f3wna\",\"item\":\"https:\/\/www.siestagarden.com\/\"},{\"@type\":\"ListItem\",\"position\":2,\"name\":\"Sklep\",\"item\":\"https:\/\/www.siestagarden.com\/sklep\/\"},{\"@type\":\"ListItem\",\"position\":3,\"name\":\"Hu\u015btawka Simi Soft\"}]},{\"@type\":\"WebSite\",\"@id\":\"https:\/\/www.siestagarden.com\/#website\",\"url\":\"https:\/\/www.siestagarden.com\/\",\"name\":\"Siesta Garden\",\"description\":\"Meble do Twojego ogrodu. Polski producent drewnianych mebli najwy\u017cszej jako\u015bci.\",\"potentialAction\":[{\"@type\":\"SearchAction\",\"target\":{\"@type\":\"EntryPoint\",\"urlTemplate\":\"https:\/\/www.siestagarden.com\/?s={search_term_string}\"},\"query-input\":{\"@type\":\"PropertyValueSpecification\",\"valueRequired\":true,\"valueName\":\"search_term_string\"}}],\"inLanguage\":\"cs\"}]}<\/script>\n<!-- \/ Yoast SEO plugin. -->","yoast_head_json":{"title":"Hu\u015btawka Simi Soft - Siesta Garden","robots":{"index":"index","follow":"follow","max-snippet":"max-snippet:-1","max-image-preview":"max-image-preview:large","max-video-preview":"max-video-preview:-1"},"canonical":"https:\/\/www.siestagarden.com\/cs\/produkt\/soft-swing\/","og_locale":"cs_CZ","og_type":"article","og_title":"Hu\u015btawka Simi Soft - Siesta Garden","og_description":"Hu\u015btawka SIMI Soft \u2013 Stylowy relaks w rytmie bujania Hu\u015btawka SIMI Soft to wyj\u0105tkowe po\u0142\u0105czenie wygody, estetyki i nowoczesnej formy. Jej siedzisko wykonane zosta\u0142o z gi\u0119tej wodoodpornej sklejki, kt\u00f3ra nadaje jej lekko\u015bci, p\u0142ynno\u015bci i unikalnego charakteru. Taka konstrukcja zapewnia nie tylko trwa\u0142o\u015b\u0107, ale tak\u017ce naturalne dopasowanie do sylwetki \u2013 idealne do relaksuj\u0105cego bujania. Ca\u0142o\u015b\u0107 zosta\u0142a [&hellip;]","og_url":"https:\/\/www.siestagarden.com\/cs\/produkt\/soft-swing\/","og_site_name":"Siesta Garden","article_modified_time":"2026-03-24T08:38:42+00:00","og_image":[{"width":2560,"height":1707,"url":"https:\/\/www.siestagarden.com\/wp-content\/uploads\/2025\/02\/IMG_9989-4-1-scaled.jpg","type":"image\/jpeg"}],"twitter_card":"summary_large_image","twitter_misc":{"Odhadovan\u00e1 doba \u010dten\u00ed":"2 minuty"},"schema":{"@context":"https:\/\/schema.org","@graph":[{"@type":"WebPage","@id":"https:\/\/www.siestagarden.com\/produkt\/soft-swing\/","url":"https:\/\/www.siestagarden.com\/produkt\/soft-swing\/","name":"Hu\u015btawka Simi Soft - Siesta Garden","isPartOf":{"@id":"https:\/\/www.siestagarden.com\/#website"},"primaryImageOfPage":{"@id":"https:\/\/www.siestagarden.com\/produkt\/soft-swing\/#primaryimage"},"image":{"@id":"https:\/\/www.siestagarden.com\/produkt\/soft-swing\/#primaryimage"},"thumbnailUrl":"https:\/\/www.siestagarden.com\/wp-content\/uploads\/2025\/02\/IMG_9989-4-1-scaled.jpg","datePublished":"2025-02-25T11:22:19+00:00","dateModified":"2026-03-24T08:38:42+00:00","breadcrumb":{"@id":"https:\/\/www.siestagarden.com\/produkt\/soft-swing\/#breadcrumb"},"inLanguage":"cs","potentialAction":[{"@type":"ReadAction","target":["https:\/\/www.siestagarden.com\/produkt\/soft-swing\/"]}]},{"@type":"ImageObject","inLanguage":"cs","@id":"https:\/\/www.siestagarden.com\/produkt\/soft-swing\/#primaryimage","url":"https:\/\/www.siestagarden.com\/wp-content\/uploads\/2025\/02\/IMG_9989-4-1-scaled.jpg","contentUrl":"https:\/\/www.siestagarden.com\/wp-content\/uploads\/2025\/02\/IMG_9989-4-1-scaled.jpg","width":2560,"height":1707},{"@type":"BreadcrumbList","@id":"https:\/\/www.siestagarden.com\/produkt\/soft-swing\/#breadcrumb","itemListElement":[{"@type":"ListItem","position":1,"name":"Strona g\u0142\u00f3wna","item":"https:\/\/www.siestagarden.com\/"},{"@type":"ListItem","position":2,"name":"Sklep","item":"https:\/\/www.siestagarden.com\/sklep\/"},{"@type":"ListItem","position":3,"name":"Hu\u015btawka Simi Soft"}]},{"@type":"WebSite","@id":"https:\/\/www.siestagarden.com\/#website","url":"https:\/\/www.siestagarden.com\/","name":"Siesta Garden","description":"N\u00e1bytek pro va\u0161i zahradu. Polsk\u00fd v\u00fdrobce d\u0159ev\u011bn\u00e9ho n\u00e1bytku nejvy\u0161\u0161\u00ed kvality.","potentialAction":[{"@type":"SearchAction","target":{"@type":"EntryPoint","urlTemplate":"https:\/\/www.siestagarden.com\/?s={search_term_string}"},"query-input":{"@type":"PropertyValueSpecification","valueRequired":true,"valueName":"search_term_string"}}],"inLanguage":"cs"}]}},"_links":{"self":[{"href":"https:\/\/www.siestagarden.com\/cs\/wp-json\/wp\/v2\/product\/1302","targetHints":{"allow":["GET"]}}],"collection":[{"href":"https:\/\/www.siestagarden.com\/cs\/wp-json\/wp\/v2\/product"}],"about":[{"href":"https:\/\/www.siestagarden.com\/cs\/wp-json\/wp\/v2\/types\/product"}],"wp:featuredmedia":[{"embeddable":true,"href":"https:\/\/www.siestagarden.com\/cs\/wp-json\/wp\/v2\/media\/2370"}],"wp:attachment":[{"href":"https:\/\/www.siestagarden.com\/cs\/wp-json\/wp\/v2\/media?parent=1302"}],"wp:term":[{"taxonomy":"product_brand","embeddable":true,"href":"https:\/\/www.siestagarden.com\/cs\/wp-json\/wp\/v2\/product_brand?post=1302"},{"taxonomy":"product_cat","embeddable":true,"href":"https:\/\/www.siestagarden.com\/cs\/wp-json\/wp\/v2\/product_cat?post=1302"},{"taxonomy":"product_tag","embeddable":true,"href":"https:\/\/www.siestagarden.com\/cs\/wp-json\/wp\/v2\/product_tag?post=1302"}],"curies":[{"name":"wp","href":"https:\/\/api.w.org\/{rel}","templated":true}]}}