{"id":1496,"date":"2025-03-12T11:33:03","date_gmt":"2025-03-12T10:33:03","guid":{"rendered":"https:\/\/www.siestagarden.com\/?post_type=product&#038;p=1496"},"modified":"2026-01-27T13:35:31","modified_gmt":"2026-01-27T12:35:31","slug":"bibione-stol-2","status":"publish","type":"product","link":"https:\/\/www.siestagarden.com\/cs\/produkt\/bibione-stol-2\/","title":{"rendered":"Zahradn\u00ed st\u016fl Bibione 1,9 m ze d\u0159eva"},"content":{"rendered":"<p><strong>Zahradn\u00ed st\u016fl BIBIONE 1,9 m<\/strong> - Stabiln\u00ed z\u00e1kladna pro velk\u00e1 setk\u00e1n\u00ed<\/p>\n<p><strong>St\u016fl Bibione<\/strong> je solidn\u00ed a modern\u00ed n\u00e1vrh pro zahrady, terasy a stravovac\u00ed prostory. Je vyroben z masivn\u00edho skandin\u00e1vsk\u00e9ho d\u0159eva s certifik\u00e1tem FSC\u00ae a vyzna\u010duje se pevnou konstrukc\u00ed a nohami v klasick\u00e9m uspo\u0159\u00e1d\u00e1n\u00ed do X, kter\u00e9 jsou posazeny bl\u00ed\u017ee ke st\u0159edu stolu. Tato \u00faprava mu dod\u00e1v\u00e1 nejen osobit\u00fd vzhled, ale tak\u00e9 v\u011bt\u0161\u00ed stabilitu a pohodl\u00ed.<\/p>\n<p>D\u00e9lka 1,9 m poskytuje p\u0159\u00edle\u017eitostn\u00e9 sezen\u00ed pro 6-8 osob a na v\u00fdb\u011br jsou dv\u011b elegantn\u00ed povrchov\u00e9 \u00fapravy:<\/p>\n<p>- Grey Wash - sv\u011btlej\u0161\u00ed, zv\u00fdraz\u0148uj\u00edc\u00ed kresbu d\u0159eva<\/p>\n<p>- Tmav\u011b \u0161ed\u00e1 - tmav\u011b antracitov\u00fd odst\u00edn, ide\u00e1ln\u00ed pro modern\u00ed prost\u0159ed\u00ed<\/p>\n<p>\ud83e\ude91 Chcete-li vytvo\u0159it kompletn\u00ed sadu bibione, spojte st\u016fl se dv\u011bma lavicemi ze stejn\u00e9 \u0159ady.<\/p>\n<p>\u2714\ufe0f zahradn\u00ed st\u016fl o d\u00e9lce 1,9 m<\/p>\n<p>\u2714\ufe0f pevn\u00e1 konstrukce, modern\u00ed uspo\u0159\u00e1d\u00e1n\u00ed nohou X<\/p>\n<p>\u2714\ufe0f Masivn\u00ed d\u0159evo FSC\u00ae - udr\u017eitelnost a odpov\u011bdnost<\/p>\n<p>\u2714\ufe0f povrchov\u00e9 \u00fapravy: \u0160ed\u00e1 Wash nebo tmav\u011b \u0161ed\u00e1<\/p>\n<p>\u2714\ufe0f pohodln\u00e9 m\u00edsto pro 6-8 osob<\/p>\n<p>\u2714\ufe0f odpov\u00edd\u00e1 lavic\u00edm z kolekce Bibione<\/p>","protected":false},"excerpt":{"rendered":"<p>St\u00f3\u0142 ogrodowy BIBIONE 1,9 m \u2013 Stabilna podstawa do du\u017cych spotka\u0144 St\u00f3\u0142 Bibione to solidna i nowoczesna propozycja dla ogrod\u00f3w, taras\u00f3w i przestrzeni gastronomicznych. Wykonany z litego drewna skandynawskiego z certyfikatem FSC\u00ae, wyr\u00f3\u017cnia si\u0119 masywn\u0105 konstrukcj\u0105 oraz nogami w klasycznym uk\u0142adzie X, osadzonymi bli\u017cej \u015brodka sto\u0142u. Dzi\u0119ki temu zabiegowi zyskuje nie tylko charakterystyczny wygl\u0105d, ale [&hellip;]<\/p>\n","protected":false},"featured_media":1801,"template":"","meta":{"_acf_changed":false},"product_brand":[],"product_cat":[71],"product_tag":[91],"class_list":{"0":"post-1496","1":"product","2":"type-product","3":"status-publish","4":"has-post-thumbnail","6":"product_cat-stoly-i-stoliki","7":"product_tag-kolekcja-bibione","8":"product_shipping_class-podstawowa","10":"first","11":"instock","12":"taxable","13":"shipping-taxable","14":"purchasable","15":"product-type-simple","16":"add-to-wishlist-after_add_to_cart"},"acf":[],"yoast_head":"<!-- This site is optimized with the Yoast SEO plugin v26.6 - https:\/\/yoast.com\/wordpress\/plugins\/seo\/ -->\n<title>St\u00f3\u0142 ogrodowy Bibione 1,9m z drewna - Siesta Garden<\/title>\n<meta name=\"robots\" content=\"index, follow, max-snippet:-1, max-image-preview:large, max-video-preview:-1\" \/>\n<link rel=\"canonical\" href=\"https:\/\/www.siestagarden.com\/cs\/produkt\/bibione-stol-2\/\" \/>\n<meta property=\"og:locale\" content=\"cs_CZ\" \/>\n<meta property=\"og:type\" content=\"article\" \/>\n<meta property=\"og:title\" content=\"St\u00f3\u0142 ogrodowy Bibione 1,9m z drewna - Siesta Garden\" \/>\n<meta property=\"og:description\" content=\"St\u00f3\u0142 ogrodowy BIBIONE 1,9 m \u2013 Stabilna podstawa do du\u017cych spotka\u0144 St\u00f3\u0142 Bibione to solidna i nowoczesna propozycja dla ogrod\u00f3w, taras\u00f3w i przestrzeni gastronomicznych. Wykonany z litego drewna skandynawskiego z certyfikatem FSC\u00ae, wyr\u00f3\u017cnia si\u0119 masywn\u0105 konstrukcj\u0105 oraz nogami w klasycznym uk\u0142adzie X, osadzonymi bli\u017cej \u015brodka sto\u0142u. Dzi\u0119ki temu zabiegowi zyskuje nie tylko charakterystyczny wygl\u0105d, ale [&hellip;]\" \/>\n<meta property=\"og:url\" content=\"https:\/\/www.siestagarden.com\/cs\/produkt\/bibione-stol-2\/\" \/>\n<meta property=\"og:site_name\" content=\"Siesta Garden\" \/>\n<meta property=\"article:modified_time\" content=\"2026-01-27T12:35:31+00:00\" \/>\n<meta property=\"og:image\" content=\"https:\/\/www.siestagarden.com\/wp-content\/uploads\/2025\/03\/IMG_7537.jpg\" \/>\n\t<meta property=\"og:image:width\" content=\"1600\" \/>\n\t<meta property=\"og:image:height\" content=\"1067\" \/>\n\t<meta property=\"og:image:type\" content=\"image\/jpeg\" \/>\n<meta name=\"twitter:card\" content=\"summary_large_image\" \/>\n<meta name=\"twitter:label1\" content=\"Odhadovan\u00e1 doba \u010dten\u00ed\" \/>\n\t<meta name=\"twitter:data1\" content=\"2 minuty\" \/>\n<script type=\"application\/ld+json\" class=\"yoast-schema-graph\">{\"@context\":\"https:\/\/schema.org\",\"@graph\":[{\"@type\":\"WebPage\",\"@id\":\"https:\/\/www.siestagarden.com\/produkt\/bibione-stol-2\/\",\"url\":\"https:\/\/www.siestagarden.com\/produkt\/bibione-stol-2\/\",\"name\":\"St\u00f3\u0142 ogrodowy Bibione 1,9m z drewna - Siesta Garden\",\"isPartOf\":{\"@id\":\"https:\/\/www.siestagarden.com\/#website\"},\"primaryImageOfPage\":{\"@id\":\"https:\/\/www.siestagarden.com\/produkt\/bibione-stol-2\/#primaryimage\"},\"image\":{\"@id\":\"https:\/\/www.siestagarden.com\/produkt\/bibione-stol-2\/#primaryimage\"},\"thumbnailUrl\":\"https:\/\/www.siestagarden.com\/wp-content\/uploads\/2025\/03\/IMG_7537.jpg\",\"datePublished\":\"2025-03-12T10:33:03+00:00\",\"dateModified\":\"2026-01-27T12:35:31+00:00\",\"breadcrumb\":{\"@id\":\"https:\/\/www.siestagarden.com\/produkt\/bibione-stol-2\/#breadcrumb\"},\"inLanguage\":\"cs\",\"potentialAction\":[{\"@type\":\"ReadAction\",\"target\":[\"https:\/\/www.siestagarden.com\/produkt\/bibione-stol-2\/\"]}]},{\"@type\":\"ImageObject\",\"inLanguage\":\"cs\",\"@id\":\"https:\/\/www.siestagarden.com\/produkt\/bibione-stol-2\/#primaryimage\",\"url\":\"https:\/\/www.siestagarden.com\/wp-content\/uploads\/2025\/03\/IMG_7537.jpg\",\"contentUrl\":\"https:\/\/www.siestagarden.com\/wp-content\/uploads\/2025\/03\/IMG_7537.jpg\",\"width\":1600,\"height\":1067},{\"@type\":\"BreadcrumbList\",\"@id\":\"https:\/\/www.siestagarden.com\/produkt\/bibione-stol-2\/#breadcrumb\",\"itemListElement\":[{\"@type\":\"ListItem\",\"position\":1,\"name\":\"Strona g\u0142\u00f3wna\",\"item\":\"https:\/\/www.siestagarden.com\/\"},{\"@type\":\"ListItem\",\"position\":2,\"name\":\"Sklep\",\"item\":\"https:\/\/www.siestagarden.com\/sklep\/\"},{\"@type\":\"ListItem\",\"position\":3,\"name\":\"St\u00f3\u0142 ogrodowy Bibione 1,9m z drewna\"}]},{\"@type\":\"WebSite\",\"@id\":\"https:\/\/www.siestagarden.com\/#website\",\"url\":\"https:\/\/www.siestagarden.com\/\",\"name\":\"Siesta Garden\",\"description\":\"Meble do Twojego ogrodu. Polski producent drewnianych mebli najwy\u017cszej jako\u015bci.\",\"potentialAction\":[{\"@type\":\"SearchAction\",\"target\":{\"@type\":\"EntryPoint\",\"urlTemplate\":\"https:\/\/www.siestagarden.com\/?s={search_term_string}\"},\"query-input\":{\"@type\":\"PropertyValueSpecification\",\"valueRequired\":true,\"valueName\":\"search_term_string\"}}],\"inLanguage\":\"cs\"}]}<\/script>\n<!-- \/ Yoast SEO plugin. -->","yoast_head_json":{"title":"St\u00f3\u0142 ogrodowy Bibione 1,9m z drewna - Siesta Garden","robots":{"index":"index","follow":"follow","max-snippet":"max-snippet:-1","max-image-preview":"max-image-preview:large","max-video-preview":"max-video-preview:-1"},"canonical":"https:\/\/www.siestagarden.com\/cs\/produkt\/bibione-stol-2\/","og_locale":"cs_CZ","og_type":"article","og_title":"St\u00f3\u0142 ogrodowy Bibione 1,9m z drewna - Siesta Garden","og_description":"St\u00f3\u0142 ogrodowy BIBIONE 1,9 m \u2013 Stabilna podstawa do du\u017cych spotka\u0144 St\u00f3\u0142 Bibione to solidna i nowoczesna propozycja dla ogrod\u00f3w, taras\u00f3w i przestrzeni gastronomicznych. Wykonany z litego drewna skandynawskiego z certyfikatem FSC\u00ae, wyr\u00f3\u017cnia si\u0119 masywn\u0105 konstrukcj\u0105 oraz nogami w klasycznym uk\u0142adzie X, osadzonymi bli\u017cej \u015brodka sto\u0142u. Dzi\u0119ki temu zabiegowi zyskuje nie tylko charakterystyczny wygl\u0105d, ale [&hellip;]","og_url":"https:\/\/www.siestagarden.com\/cs\/produkt\/bibione-stol-2\/","og_site_name":"Siesta Garden","article_modified_time":"2026-01-27T12:35:31+00:00","og_image":[{"width":1600,"height":1067,"url":"https:\/\/www.siestagarden.com\/wp-content\/uploads\/2025\/03\/IMG_7537.jpg","type":"image\/jpeg"}],"twitter_card":"summary_large_image","twitter_misc":{"Odhadovan\u00e1 doba \u010dten\u00ed":"2 minuty"},"schema":{"@context":"https:\/\/schema.org","@graph":[{"@type":"WebPage","@id":"https:\/\/www.siestagarden.com\/produkt\/bibione-stol-2\/","url":"https:\/\/www.siestagarden.com\/produkt\/bibione-stol-2\/","name":"St\u00f3\u0142 ogrodowy Bibione 1,9m z drewna - Siesta Garden","isPartOf":{"@id":"https:\/\/www.siestagarden.com\/#website"},"primaryImageOfPage":{"@id":"https:\/\/www.siestagarden.com\/produkt\/bibione-stol-2\/#primaryimage"},"image":{"@id":"https:\/\/www.siestagarden.com\/produkt\/bibione-stol-2\/#primaryimage"},"thumbnailUrl":"https:\/\/www.siestagarden.com\/wp-content\/uploads\/2025\/03\/IMG_7537.jpg","datePublished":"2025-03-12T10:33:03+00:00","dateModified":"2026-01-27T12:35:31+00:00","breadcrumb":{"@id":"https:\/\/www.siestagarden.com\/produkt\/bibione-stol-2\/#breadcrumb"},"inLanguage":"cs","potentialAction":[{"@type":"ReadAction","target":["https:\/\/www.siestagarden.com\/produkt\/bibione-stol-2\/"]}]},{"@type":"ImageObject","inLanguage":"cs","@id":"https:\/\/www.siestagarden.com\/produkt\/bibione-stol-2\/#primaryimage","url":"https:\/\/www.siestagarden.com\/wp-content\/uploads\/2025\/03\/IMG_7537.jpg","contentUrl":"https:\/\/www.siestagarden.com\/wp-content\/uploads\/2025\/03\/IMG_7537.jpg","width":1600,"height":1067},{"@type":"BreadcrumbList","@id":"https:\/\/www.siestagarden.com\/produkt\/bibione-stol-2\/#breadcrumb","itemListElement":[{"@type":"ListItem","position":1,"name":"Strona g\u0142\u00f3wna","item":"https:\/\/www.siestagarden.com\/"},{"@type":"ListItem","position":2,"name":"Sklep","item":"https:\/\/www.siestagarden.com\/sklep\/"},{"@type":"ListItem","position":3,"name":"St\u00f3\u0142 ogrodowy Bibione 1,9m z drewna"}]},{"@type":"WebSite","@id":"https:\/\/www.siestagarden.com\/#website","url":"https:\/\/www.siestagarden.com\/","name":"Siesta Garden","description":"N\u00e1bytek pro va\u0161i zahradu. Polsk\u00fd v\u00fdrobce d\u0159ev\u011bn\u00e9ho n\u00e1bytku nejvy\u0161\u0161\u00ed kvality.","potentialAction":[{"@type":"SearchAction","target":{"@type":"EntryPoint","urlTemplate":"https:\/\/www.siestagarden.com\/?s={search_term_string}"},"query-input":{"@type":"PropertyValueSpecification","valueRequired":true,"valueName":"search_term_string"}}],"inLanguage":"cs"}]}},"_links":{"self":[{"href":"https:\/\/www.siestagarden.com\/cs\/wp-json\/wp\/v2\/product\/1496","targetHints":{"allow":["GET"]}}],"collection":[{"href":"https:\/\/www.siestagarden.com\/cs\/wp-json\/wp\/v2\/product"}],"about":[{"href":"https:\/\/www.siestagarden.com\/cs\/wp-json\/wp\/v2\/types\/product"}],"wp:featuredmedia":[{"embeddable":true,"href":"https:\/\/www.siestagarden.com\/cs\/wp-json\/wp\/v2\/media\/1801"}],"wp:attachment":[{"href":"https:\/\/www.siestagarden.com\/cs\/wp-json\/wp\/v2\/media?parent=1496"}],"wp:term":[{"taxonomy":"product_brand","embeddable":true,"href":"https:\/\/www.siestagarden.com\/cs\/wp-json\/wp\/v2\/product_brand?post=1496"},{"taxonomy":"product_cat","embeddable":true,"href":"https:\/\/www.siestagarden.com\/cs\/wp-json\/wp\/v2\/product_cat?post=1496"},{"taxonomy":"product_tag","embeddable":true,"href":"https:\/\/www.siestagarden.com\/cs\/wp-json\/wp\/v2\/product_tag?post=1496"}],"curies":[{"name":"wp","href":"https:\/\/api.w.org\/{rel}","templated":true}]}}