{"id":1505,"date":"2025-03-12T11:33:04","date_gmt":"2025-03-12T10:33:04","guid":{"rendered":"https:\/\/www.siestagarden.com\/?post_type=product&#038;p=1505"},"modified":"2026-03-03T08:00:11","modified_gmt":"2026-03-03T07:00:11","slug":"lawka-walk-in-14m-z-baldachimem","status":"publish","type":"product","link":"https:\/\/www.siestagarden.com\/cs\/produkt\/lawka-walk-in-14m-z-baldachimem\/","title":{"rendered":"Lavice Walk In 1,4 m se st\u0159\u00ed\u0161kou"},"content":{"rendered":"<p><strong>Piknikov\u00fd st\u016fl Walk In 1,4 m se st\u0159\u00ed\u0161kou<\/strong> - zahradn\u00ed souprava s mo\u017enost\u00ed v\u00fdb\u011bru st\u00ednu<\/p>\n<p><strong>Piknikov\u00fd st\u016fl Walk In 1,4 m<\/strong> je funk\u010dn\u00ed zahradn\u00ed souprava, v n\u00ed\u017e st\u016fl a dv\u011b lavice tvo\u0159\u00ed souvisl\u00fd, integrovan\u00fd celek. D\u00edky otev\u0159en\u00fdm bo\u010dn\u00edm vstup\u016fm (walk-in) se m\u016f\u017eete posadit, ani\u017e byste museli p\u0159eskakovat sed\u00e1ky - pohodln\u00e9 a bezpe\u010dn\u00e9 \u0159e\u0161en\u00ed zejm\u00e9na pro d\u011bti, seniory a rodiny.<\/p>\n<p>Sada je vybavena lehk\u00fdm <strong>st\u0159\u00ed\u0161ka<\/strong> v barv\u011b ecru, kter\u00e1 poskytuje p\u0159\u00edjemn\u00fd st\u00edn ve slune\u010dn\u00fdch dnech, ale lze se bez n\u00ed obej\u00edt, kdy\u017e si chcete u\u017e\u00edvat pln\u00e9ho sv\u011btla. Jedn\u00e1 se o kus n\u00e1bytku, kter\u00fd se p\u0159izp\u016fsob\u00ed po\u010das\u00ed i pot\u0159eb\u00e1m u\u017eivatele.<\/p>\n<p>Cel\u00e1 konstrukce je vyrobena z masivn\u00edho <strong>D\u0159evo FSC\u00ae<\/strong>a intenzivn\u00ed oran\u017eov\u00e9 proveden\u00ed dod\u00e1v\u00e1 energii, sv\u011b\u017eest a modern\u00ed vzhled - ide\u00e1ln\u00ed pro vzd\u011bl\u00e1vac\u00ed, rekrea\u010dn\u00ed a zahradn\u00ed prostory.<\/p>\n<p>\u2714\ufe0f integrovan\u00fd set: st\u016fl + 2 lavice<\/p>\n<p>\u2714\ufe0f vstupy pro p\u011b\u0161\u00ed - pohodl\u00ed a p\u0159\u00edstupnost<\/p>\n<p>\u2714\ufe0f st\u0159\u00ed\u0161ka v barv\u011b ecru - ochrana proti slunci, voliteln\u00e1.<\/p>\n<p>\u2714\ufe0f design v oran\u017eov\u00e9 barv\u011b - \u017eiv\u00fd a vesel\u00fd<\/p>\n<p>\u2714\ufe0f Masivn\u00ed d\u0159evo FSC\u00ae - udr\u017eiteln\u00e9 a ekologick\u00e9<\/p>\n<p>\u2714\ufe0f d\u00e9lka: 1,4 m - ide\u00e1ln\u00ed na zahradu, do \u0161koly, \u0161kolky, na terasu.<\/p>\n<p><strong>Piknikov\u00e1 souprava Walk In se st\u0159\u00ed\u0161kou<\/strong> je praktick\u00e9, pohodln\u00e9 a barevn\u00e9 \u0159e\u0161en\u00ed pro spole\u010dn\u00e9 tr\u00e1ven\u00ed \u010dasu venku.<\/p>","protected":false},"excerpt":{"rendered":"<p>Walk In St\u00f3\u0142 Piknikowy 1,4 m z Baldachimem \u2013 zestaw do ogrodu z mo\u017cliwo\u015bci\u0105 wyboru cienia Walk In St\u00f3\u0142 Piknikowy 1,4 m to funkcjonalny zestaw ogrodowy, w kt\u00f3rym st\u00f3\u0142 i dwie \u0142awki tworz\u0105 sp\u00f3jn\u0105, zintegrowan\u0105 ca\u0142o\u015b\u0107. Dzi\u0119ki otwartym wej\u015bciom bocznym (walk-in) mo\u017cna usi\u0105\u015b\u0107 bez konieczno\u015bci przeskakiwania przez siedziska \u2013 to rozwi\u0105zanie wygodne i bezpieczne, szczeg\u00f3lnie [&hellip;]<\/p>\n","protected":false},"featured_media":4181,"template":"","meta":{"_acf_changed":false},"product_brand":[],"product_cat":[67],"product_tag":[],"class_list":{"0":"post-1505","1":"product","2":"type-product","3":"status-publish","4":"has-post-thumbnail","6":"product_cat-sofy-i-lawki","7":"product_shipping_class-podstawowa","9":"first","10":"onbackorder","11":"taxable","12":"shipping-taxable","13":"purchasable","14":"product-type-simple","15":"add-to-wishlist-after_add_to_cart"},"acf":[],"yoast_head":"<!-- This site is optimized with the Yoast SEO plugin v26.6 - https:\/\/yoast.com\/wordpress\/plugins\/seo\/ -->\n<title>\u0141awka Walk In 1,4m z Baldachimem - Siesta Garden<\/title>\n<meta name=\"robots\" content=\"index, follow, max-snippet:-1, max-image-preview:large, max-video-preview:-1\" \/>\n<link rel=\"canonical\" href=\"https:\/\/www.siestagarden.com\/cs\/produkt\/lawka-walk-in-14m-z-baldachimem\/\" \/>\n<meta property=\"og:locale\" content=\"cs_CZ\" \/>\n<meta property=\"og:type\" content=\"article\" \/>\n<meta property=\"og:title\" content=\"\u0141awka Walk In 1,4m z Baldachimem - Siesta Garden\" \/>\n<meta property=\"og:description\" content=\"Walk In St\u00f3\u0142 Piknikowy 1,4 m z Baldachimem \u2013 zestaw do ogrodu z mo\u017cliwo\u015bci\u0105 wyboru cienia Walk In St\u00f3\u0142 Piknikowy 1,4 m to funkcjonalny zestaw ogrodowy, w kt\u00f3rym st\u00f3\u0142 i dwie \u0142awki tworz\u0105 sp\u00f3jn\u0105, zintegrowan\u0105 ca\u0142o\u015b\u0107. Dzi\u0119ki otwartym wej\u015bciom bocznym (walk-in) mo\u017cna usi\u0105\u015b\u0107 bez konieczno\u015bci przeskakiwania przez siedziska \u2013 to rozwi\u0105zanie wygodne i bezpieczne, szczeg\u00f3lnie [&hellip;]\" \/>\n<meta property=\"og:url\" content=\"https:\/\/www.siestagarden.com\/cs\/produkt\/lawka-walk-in-14m-z-baldachimem\/\" \/>\n<meta property=\"og:site_name\" content=\"Siesta Garden\" \/>\n<meta property=\"article:modified_time\" content=\"2026-03-03T07:00:11+00:00\" \/>\n<meta property=\"og:image\" content=\"https:\/\/www.siestagarden.com\/wp-content\/uploads\/2025\/03\/walk-in-orange-e1770882039980-1024x733.png\" \/>\n\t<meta property=\"og:image:width\" content=\"1024\" \/>\n\t<meta property=\"og:image:height\" content=\"733\" \/>\n\t<meta property=\"og:image:type\" content=\"image\/png\" \/>\n<meta name=\"twitter:card\" content=\"summary_large_image\" \/>\n<meta name=\"twitter:label1\" content=\"Odhadovan\u00e1 doba \u010dten\u00ed\" \/>\n\t<meta name=\"twitter:data1\" content=\"2 minuty\" \/>\n<script type=\"application\/ld+json\" class=\"yoast-schema-graph\">{\"@context\":\"https:\/\/schema.org\",\"@graph\":[{\"@type\":\"WebPage\",\"@id\":\"https:\/\/www.siestagarden.com\/produkt\/lawka-walk-in-14m-z-baldachimem\/\",\"url\":\"https:\/\/www.siestagarden.com\/produkt\/lawka-walk-in-14m-z-baldachimem\/\",\"name\":\"\u0141awka Walk In 1,4m z Baldachimem - Siesta Garden\",\"isPartOf\":{\"@id\":\"https:\/\/www.siestagarden.com\/#website\"},\"primaryImageOfPage\":{\"@id\":\"https:\/\/www.siestagarden.com\/produkt\/lawka-walk-in-14m-z-baldachimem\/#primaryimage\"},\"image\":{\"@id\":\"https:\/\/www.siestagarden.com\/produkt\/lawka-walk-in-14m-z-baldachimem\/#primaryimage\"},\"thumbnailUrl\":\"https:\/\/www.siestagarden.com\/wp-content\/uploads\/2025\/03\/walk-in-orange-e1770882110318.png\",\"datePublished\":\"2025-03-12T10:33:04+00:00\",\"dateModified\":\"2026-03-03T07:00:11+00:00\",\"breadcrumb\":{\"@id\":\"https:\/\/www.siestagarden.com\/produkt\/lawka-walk-in-14m-z-baldachimem\/#breadcrumb\"},\"inLanguage\":\"cs\",\"potentialAction\":[{\"@type\":\"ReadAction\",\"target\":[\"https:\/\/www.siestagarden.com\/produkt\/lawka-walk-in-14m-z-baldachimem\/\"]}]},{\"@type\":\"ImageObject\",\"inLanguage\":\"cs\",\"@id\":\"https:\/\/www.siestagarden.com\/produkt\/lawka-walk-in-14m-z-baldachimem\/#primaryimage\",\"url\":\"https:\/\/www.siestagarden.com\/wp-content\/uploads\/2025\/03\/walk-in-orange-e1770882110318.png\",\"contentUrl\":\"https:\/\/www.siestagarden.com\/wp-content\/uploads\/2025\/03\/walk-in-orange-e1770882110318.png\",\"width\":1024,\"height\":973},{\"@type\":\"BreadcrumbList\",\"@id\":\"https:\/\/www.siestagarden.com\/produkt\/lawka-walk-in-14m-z-baldachimem\/#breadcrumb\",\"itemListElement\":[{\"@type\":\"ListItem\",\"position\":1,\"name\":\"Strona g\u0142\u00f3wna\",\"item\":\"https:\/\/www.siestagarden.com\/\"},{\"@type\":\"ListItem\",\"position\":2,\"name\":\"Sklep\",\"item\":\"https:\/\/www.siestagarden.com\/sklep\/\"},{\"@type\":\"ListItem\",\"position\":3,\"name\":\"\u0141awka Walk In 1,4m z Baldachimem\"}]},{\"@type\":\"WebSite\",\"@id\":\"https:\/\/www.siestagarden.com\/#website\",\"url\":\"https:\/\/www.siestagarden.com\/\",\"name\":\"Siesta Garden\",\"description\":\"Meble do Twojego ogrodu. Polski producent drewnianych mebli najwy\u017cszej jako\u015bci.\",\"potentialAction\":[{\"@type\":\"SearchAction\",\"target\":{\"@type\":\"EntryPoint\",\"urlTemplate\":\"https:\/\/www.siestagarden.com\/?s={search_term_string}\"},\"query-input\":{\"@type\":\"PropertyValueSpecification\",\"valueRequired\":true,\"valueName\":\"search_term_string\"}}],\"inLanguage\":\"cs\"}]}<\/script>\n<!-- \/ Yoast SEO plugin. -->","yoast_head_json":{"title":"\u0141awka Walk In 1,4m z Baldachimem - Siesta Garden","robots":{"index":"index","follow":"follow","max-snippet":"max-snippet:-1","max-image-preview":"max-image-preview:large","max-video-preview":"max-video-preview:-1"},"canonical":"https:\/\/www.siestagarden.com\/cs\/produkt\/lawka-walk-in-14m-z-baldachimem\/","og_locale":"cs_CZ","og_type":"article","og_title":"\u0141awka Walk In 1,4m z Baldachimem - Siesta Garden","og_description":"Walk In St\u00f3\u0142 Piknikowy 1,4 m z Baldachimem \u2013 zestaw do ogrodu z mo\u017cliwo\u015bci\u0105 wyboru cienia Walk In St\u00f3\u0142 Piknikowy 1,4 m to funkcjonalny zestaw ogrodowy, w kt\u00f3rym st\u00f3\u0142 i dwie \u0142awki tworz\u0105 sp\u00f3jn\u0105, zintegrowan\u0105 ca\u0142o\u015b\u0107. Dzi\u0119ki otwartym wej\u015bciom bocznym (walk-in) mo\u017cna usi\u0105\u015b\u0107 bez konieczno\u015bci przeskakiwania przez siedziska \u2013 to rozwi\u0105zanie wygodne i bezpieczne, szczeg\u00f3lnie [&hellip;]","og_url":"https:\/\/www.siestagarden.com\/cs\/produkt\/lawka-walk-in-14m-z-baldachimem\/","og_site_name":"Siesta Garden","article_modified_time":"2026-03-03T07:00:11+00:00","og_image":[{"width":1024,"height":733,"url":"https:\/\/www.siestagarden.com\/wp-content\/uploads\/2025\/03\/walk-in-orange-e1770882039980-1024x733.png","type":"image\/png"}],"twitter_card":"summary_large_image","twitter_misc":{"Odhadovan\u00e1 doba \u010dten\u00ed":"2 minuty"},"schema":{"@context":"https:\/\/schema.org","@graph":[{"@type":"WebPage","@id":"https:\/\/www.siestagarden.com\/produkt\/lawka-walk-in-14m-z-baldachimem\/","url":"https:\/\/www.siestagarden.com\/produkt\/lawka-walk-in-14m-z-baldachimem\/","name":"\u0141awka Walk In 1,4m z Baldachimem - Siesta Garden","isPartOf":{"@id":"https:\/\/www.siestagarden.com\/#website"},"primaryImageOfPage":{"@id":"https:\/\/www.siestagarden.com\/produkt\/lawka-walk-in-14m-z-baldachimem\/#primaryimage"},"image":{"@id":"https:\/\/www.siestagarden.com\/produkt\/lawka-walk-in-14m-z-baldachimem\/#primaryimage"},"thumbnailUrl":"https:\/\/www.siestagarden.com\/wp-content\/uploads\/2025\/03\/walk-in-orange-e1770882110318.png","datePublished":"2025-03-12T10:33:04+00:00","dateModified":"2026-03-03T07:00:11+00:00","breadcrumb":{"@id":"https:\/\/www.siestagarden.com\/produkt\/lawka-walk-in-14m-z-baldachimem\/#breadcrumb"},"inLanguage":"cs","potentialAction":[{"@type":"ReadAction","target":["https:\/\/www.siestagarden.com\/produkt\/lawka-walk-in-14m-z-baldachimem\/"]}]},{"@type":"ImageObject","inLanguage":"cs","@id":"https:\/\/www.siestagarden.com\/produkt\/lawka-walk-in-14m-z-baldachimem\/#primaryimage","url":"https:\/\/www.siestagarden.com\/wp-content\/uploads\/2025\/03\/walk-in-orange-e1770882110318.png","contentUrl":"https:\/\/www.siestagarden.com\/wp-content\/uploads\/2025\/03\/walk-in-orange-e1770882110318.png","width":1024,"height":973},{"@type":"BreadcrumbList","@id":"https:\/\/www.siestagarden.com\/produkt\/lawka-walk-in-14m-z-baldachimem\/#breadcrumb","itemListElement":[{"@type":"ListItem","position":1,"name":"Strona g\u0142\u00f3wna","item":"https:\/\/www.siestagarden.com\/"},{"@type":"ListItem","position":2,"name":"Sklep","item":"https:\/\/www.siestagarden.com\/sklep\/"},{"@type":"ListItem","position":3,"name":"\u0141awka Walk In 1,4m z Baldachimem"}]},{"@type":"WebSite","@id":"https:\/\/www.siestagarden.com\/#website","url":"https:\/\/www.siestagarden.com\/","name":"Siesta Garden","description":"N\u00e1bytek pro va\u0161i zahradu. Polsk\u00fd v\u00fdrobce d\u0159ev\u011bn\u00e9ho n\u00e1bytku nejvy\u0161\u0161\u00ed kvality.","potentialAction":[{"@type":"SearchAction","target":{"@type":"EntryPoint","urlTemplate":"https:\/\/www.siestagarden.com\/?s={search_term_string}"},"query-input":{"@type":"PropertyValueSpecification","valueRequired":true,"valueName":"search_term_string"}}],"inLanguage":"cs"}]}},"_links":{"self":[{"href":"https:\/\/www.siestagarden.com\/cs\/wp-json\/wp\/v2\/product\/1505","targetHints":{"allow":["GET"]}}],"collection":[{"href":"https:\/\/www.siestagarden.com\/cs\/wp-json\/wp\/v2\/product"}],"about":[{"href":"https:\/\/www.siestagarden.com\/cs\/wp-json\/wp\/v2\/types\/product"}],"wp:featuredmedia":[{"embeddable":true,"href":"https:\/\/www.siestagarden.com\/cs\/wp-json\/wp\/v2\/media\/4181"}],"wp:attachment":[{"href":"https:\/\/www.siestagarden.com\/cs\/wp-json\/wp\/v2\/media?parent=1505"}],"wp:term":[{"taxonomy":"product_brand","embeddable":true,"href":"https:\/\/www.siestagarden.com\/cs\/wp-json\/wp\/v2\/product_brand?post=1505"},{"taxonomy":"product_cat","embeddable":true,"href":"https:\/\/www.siestagarden.com\/cs\/wp-json\/wp\/v2\/product_cat?post=1505"},{"taxonomy":"product_tag","embeddable":true,"href":"https:\/\/www.siestagarden.com\/cs\/wp-json\/wp\/v2\/product_tag?post=1505"}],"curies":[{"name":"wp","href":"https:\/\/api.w.org\/{rel}","templated":true}]}}