{"id":1522,"date":"2025-03-12T11:33:12","date_gmt":"2025-03-12T10:33:12","guid":{"rendered":"https:\/\/www.siestagarden.com\/?post_type=product&#038;p=1522"},"modified":"2026-02-12T08:32:59","modified_gmt":"2026-02-12T07:32:59","slug":"zestaw-jadalniany-lerici","status":"publish","type":"product","link":"https:\/\/www.siestagarden.com\/cs\/produkt\/zestaw-jadalniany-lerici\/","title":{"rendered":"Sada zahradn\u00edho n\u00e1bytku Lerici 1,2 m"},"content":{"rendered":"<p><strong>Zahradn\u00ed set LERICI 1,2 m<\/strong> - Minimalismus pro mal\u00e9 prostory<\/p>\n<p><strong>Lerici 1,2 m<\/strong> je kompaktn\u00ed zahradn\u00ed sestava, kter\u00e1 dokazuje, \u017ee i na nejmen\u0161\u00edm prostoru lze vytvo\u0159it funk\u010dn\u00ed a stylov\u00fd prostor pro spole\u010dn\u00fd odpo\u010dinek. Sada obsahuje st\u016fl a dv\u011b lavice bez op\u011bradla, tak\u017ee je ide\u00e1ln\u00ed pro balkon, malou terasu, terasu nebo pozemek.<\/p>\n<p>Sada je vyrobena z masivn\u00edho skandin\u00e1vsk\u00e9ho d\u0159eva s <strong>Certifik\u00e1t FSC\u00ae<\/strong>co\u017e zaru\u010duje trvanlivost a udr\u017eiteln\u00fd p\u016fvod materi\u00e1lu. Celkov\u00e1 povrchov\u00e1 \u00faprava je tmav\u011b \u0161ed\u00e1, odst\u00edn, kter\u00fd odkazuje na modernistick\u00e9 aran\u017em\u00e1 v antracitov\u00fdch a grafitov\u00fdch t\u00f3nech - dokonale lad\u00ed s betonem, cihlami, sklem nebo \u010dern\u00fdm d\u0159evem.<\/p>\n<p>Jednoduch\u00fd tvar a absence op\u011bradel dod\u00e1vaj\u00ed souprav\u011b pohyblivost a lehkost, tak\u017ee se skv\u011ble hod\u00ed tam, kde z\u00e1le\u017e\u00ed na ka\u017ed\u00e9m centimetru.<\/p>\n<p>\u2714\ufe0f minim\u00e1ln\u00ed sada: st\u016fl + 2 lavice bez op\u011bradel<\/p>\n<p>\u2714\ufe0f ide\u00e1ln\u00ed pro mal\u00e9 prostory - balkony, terasy, pozemky.<\/p>\n<p>\u2714\ufe0f Masivn\u00ed d\u0159evo FSC\u00ae - udr\u017eitelnost a odpov\u011bdnost<\/p>\n<p>\u2714\ufe0f Tmav\u011b \u0161ed\u00e1 povrchov\u00e1 \u00faprava - modern\u00ed antracitov\u00fd charakter<\/p>\n<p>\u2714\ufe0f lehk\u00fd tvar, snadn\u00e9 p\u0159en\u00e1\u0161en\u00ed a skladov\u00e1n\u00ed<\/p>\n<p>\u2714\ufe0f p\u0159ipraven pro ka\u017edodenn\u00ed pou\u017eit\u00ed a sch\u016fzky u k\u00e1vy nebo ve\u010de\u0159e.<\/p>\n<p><strong>Lerici 1,2 m<\/strong> je modern\u00ed sada, kter\u00e1 v sob\u011b spojuje estetiku, prakti\u010dnost a \u00fasporu m\u00edsta - ide\u00e1ln\u00ed pro modern\u00ed venkovn\u00ed prostory.<\/p>","protected":false},"excerpt":{"rendered":"<p>Komplet ogrodowy LERICI 1,2m \u2013 minimalizm do ma\u0142ych przestrzeni Lerici 1,2 m to kompaktowy zestaw ogrodowy, kt\u00f3ry udowadnia, \u017ce nawet w najmniejszej przestrzeni mo\u017cna stworzy\u0107 funkcjonaln\u0105 i stylow\u0105 stref\u0119 do wsp\u00f3lnego wypoczynku. W sk\u0142ad kompletu wchodzi st\u00f3\u0142 oraz dwie \u0142awki bez opar\u0107, co czyni go idealnym rozwi\u0105zaniem na balkon, niewielki taras, patio lub dzia\u0142k\u0119. Zestaw [&hellip;]<\/p>\n","protected":false},"featured_media":2363,"template":"","meta":{"_acf_changed":false},"product_brand":[],"product_cat":[80],"product_tag":[94],"class_list":{"0":"post-1522","1":"product","2":"type-product","3":"status-publish","4":"has-post-thumbnail","6":"product_cat-zestawy","7":"product_tag-kolekcja-lerici","8":"product_shipping_class-podstawowa","10":"first","11":"instock","12":"taxable","13":"shipping-taxable","14":"purchasable","15":"product-type-simple","16":"add-to-wishlist-after_add_to_cart"},"acf":[],"yoast_head":"<!-- This site is optimized with the Yoast SEO plugin v26.6 - https:\/\/yoast.com\/wordpress\/plugins\/seo\/ -->\n<title>Komplet mebli ogrodowych Lerici 1,2m - Siesta Garden<\/title>\n<meta name=\"robots\" content=\"index, follow, max-snippet:-1, max-image-preview:large, max-video-preview:-1\" \/>\n<link rel=\"canonical\" href=\"https:\/\/www.siestagarden.com\/cs\/produkt\/zestaw-jadalniany-lerici\/\" \/>\n<meta property=\"og:locale\" content=\"cs_CZ\" \/>\n<meta property=\"og:type\" content=\"article\" \/>\n<meta property=\"og:title\" content=\"Komplet mebli ogrodowych Lerici 1,2m - Siesta Garden\" \/>\n<meta property=\"og:description\" content=\"Komplet ogrodowy LERICI 1,2m \u2013 minimalizm do ma\u0142ych przestrzeni Lerici 1,2 m to kompaktowy zestaw ogrodowy, kt\u00f3ry udowadnia, \u017ce nawet w najmniejszej przestrzeni mo\u017cna stworzy\u0107 funkcjonaln\u0105 i stylow\u0105 stref\u0119 do wsp\u00f3lnego wypoczynku. W sk\u0142ad kompletu wchodzi st\u00f3\u0142 oraz dwie \u0142awki bez opar\u0107, co czyni go idealnym rozwi\u0105zaniem na balkon, niewielki taras, patio lub dzia\u0142k\u0119. Zestaw [&hellip;]\" \/>\n<meta property=\"og:url\" content=\"https:\/\/www.siestagarden.com\/cs\/produkt\/zestaw-jadalniany-lerici\/\" \/>\n<meta property=\"og:site_name\" content=\"Siesta Garden\" \/>\n<meta property=\"article:modified_time\" content=\"2026-02-12T07:32:59+00:00\" \/>\n<meta property=\"og:image\" content=\"https:\/\/www.siestagarden.com\/wp-content\/uploads\/2025\/03\/IMG_8309-e1770881570467.jpg\" \/>\n\t<meta property=\"og:image:width\" content=\"1403\" \/>\n\t<meta property=\"og:image:height\" content=\"1067\" \/>\n\t<meta property=\"og:image:type\" content=\"image\/jpeg\" \/>\n<meta name=\"twitter:card\" content=\"summary_large_image\" \/>\n<meta name=\"twitter:label1\" content=\"Odhadovan\u00e1 doba \u010dten\u00ed\" \/>\n\t<meta name=\"twitter:data1\" content=\"2 minuty\" \/>\n<script type=\"application\/ld+json\" class=\"yoast-schema-graph\">{\"@context\":\"https:\/\/schema.org\",\"@graph\":[{\"@type\":\"WebPage\",\"@id\":\"https:\/\/www.siestagarden.com\/produkt\/zestaw-jadalniany-lerici\/\",\"url\":\"https:\/\/www.siestagarden.com\/produkt\/zestaw-jadalniany-lerici\/\",\"name\":\"Komplet mebli ogrodowych Lerici 1,2m - Siesta Garden\",\"isPartOf\":{\"@id\":\"https:\/\/www.siestagarden.com\/#website\"},\"primaryImageOfPage\":{\"@id\":\"https:\/\/www.siestagarden.com\/produkt\/zestaw-jadalniany-lerici\/#primaryimage\"},\"image\":{\"@id\":\"https:\/\/www.siestagarden.com\/produkt\/zestaw-jadalniany-lerici\/#primaryimage\"},\"thumbnailUrl\":\"https:\/\/www.siestagarden.com\/wp-content\/uploads\/2025\/03\/IMG_8309-e1770881570467.jpg\",\"datePublished\":\"2025-03-12T10:33:12+00:00\",\"dateModified\":\"2026-02-12T07:32:59+00:00\",\"breadcrumb\":{\"@id\":\"https:\/\/www.siestagarden.com\/produkt\/zestaw-jadalniany-lerici\/#breadcrumb\"},\"inLanguage\":\"cs\",\"potentialAction\":[{\"@type\":\"ReadAction\",\"target\":[\"https:\/\/www.siestagarden.com\/produkt\/zestaw-jadalniany-lerici\/\"]}]},{\"@type\":\"ImageObject\",\"inLanguage\":\"cs\",\"@id\":\"https:\/\/www.siestagarden.com\/produkt\/zestaw-jadalniany-lerici\/#primaryimage\",\"url\":\"https:\/\/www.siestagarden.com\/wp-content\/uploads\/2025\/03\/IMG_8309-e1770881570467.jpg\",\"contentUrl\":\"https:\/\/www.siestagarden.com\/wp-content\/uploads\/2025\/03\/IMG_8309-e1770881570467.jpg\",\"width\":1403,\"height\":1067},{\"@type\":\"BreadcrumbList\",\"@id\":\"https:\/\/www.siestagarden.com\/produkt\/zestaw-jadalniany-lerici\/#breadcrumb\",\"itemListElement\":[{\"@type\":\"ListItem\",\"position\":1,\"name\":\"Strona g\u0142\u00f3wna\",\"item\":\"https:\/\/www.siestagarden.com\/\"},{\"@type\":\"ListItem\",\"position\":2,\"name\":\"Sklep\",\"item\":\"https:\/\/www.siestagarden.com\/sklep\/\"},{\"@type\":\"ListItem\",\"position\":3,\"name\":\"Komplet mebli ogrodowych Lerici 1,2m\"}]},{\"@type\":\"WebSite\",\"@id\":\"https:\/\/www.siestagarden.com\/#website\",\"url\":\"https:\/\/www.siestagarden.com\/\",\"name\":\"Siesta Garden\",\"description\":\"Meble do Twojego ogrodu. Polski producent drewnianych mebli najwy\u017cszej jako\u015bci.\",\"potentialAction\":[{\"@type\":\"SearchAction\",\"target\":{\"@type\":\"EntryPoint\",\"urlTemplate\":\"https:\/\/www.siestagarden.com\/?s={search_term_string}\"},\"query-input\":{\"@type\":\"PropertyValueSpecification\",\"valueRequired\":true,\"valueName\":\"search_term_string\"}}],\"inLanguage\":\"cs\"}]}<\/script>\n<!-- \/ Yoast SEO plugin. -->","yoast_head_json":{"title":"Komplet mebli ogrodowych Lerici 1,2m - Siesta Garden","robots":{"index":"index","follow":"follow","max-snippet":"max-snippet:-1","max-image-preview":"max-image-preview:large","max-video-preview":"max-video-preview:-1"},"canonical":"https:\/\/www.siestagarden.com\/cs\/produkt\/zestaw-jadalniany-lerici\/","og_locale":"cs_CZ","og_type":"article","og_title":"Komplet mebli ogrodowych Lerici 1,2m - Siesta Garden","og_description":"Komplet ogrodowy LERICI 1,2m \u2013 minimalizm do ma\u0142ych przestrzeni Lerici 1,2 m to kompaktowy zestaw ogrodowy, kt\u00f3ry udowadnia, \u017ce nawet w najmniejszej przestrzeni mo\u017cna stworzy\u0107 funkcjonaln\u0105 i stylow\u0105 stref\u0119 do wsp\u00f3lnego wypoczynku. W sk\u0142ad kompletu wchodzi st\u00f3\u0142 oraz dwie \u0142awki bez opar\u0107, co czyni go idealnym rozwi\u0105zaniem na balkon, niewielki taras, patio lub dzia\u0142k\u0119. Zestaw [&hellip;]","og_url":"https:\/\/www.siestagarden.com\/cs\/produkt\/zestaw-jadalniany-lerici\/","og_site_name":"Siesta Garden","article_modified_time":"2026-02-12T07:32:59+00:00","og_image":[{"width":1403,"height":1067,"url":"https:\/\/www.siestagarden.com\/wp-content\/uploads\/2025\/03\/IMG_8309-e1770881570467.jpg","type":"image\/jpeg"}],"twitter_card":"summary_large_image","twitter_misc":{"Odhadovan\u00e1 doba \u010dten\u00ed":"2 minuty"},"schema":{"@context":"https:\/\/schema.org","@graph":[{"@type":"WebPage","@id":"https:\/\/www.siestagarden.com\/produkt\/zestaw-jadalniany-lerici\/","url":"https:\/\/www.siestagarden.com\/produkt\/zestaw-jadalniany-lerici\/","name":"Komplet mebli ogrodowych Lerici 1,2m - Siesta Garden","isPartOf":{"@id":"https:\/\/www.siestagarden.com\/#website"},"primaryImageOfPage":{"@id":"https:\/\/www.siestagarden.com\/produkt\/zestaw-jadalniany-lerici\/#primaryimage"},"image":{"@id":"https:\/\/www.siestagarden.com\/produkt\/zestaw-jadalniany-lerici\/#primaryimage"},"thumbnailUrl":"https:\/\/www.siestagarden.com\/wp-content\/uploads\/2025\/03\/IMG_8309-e1770881570467.jpg","datePublished":"2025-03-12T10:33:12+00:00","dateModified":"2026-02-12T07:32:59+00:00","breadcrumb":{"@id":"https:\/\/www.siestagarden.com\/produkt\/zestaw-jadalniany-lerici\/#breadcrumb"},"inLanguage":"cs","potentialAction":[{"@type":"ReadAction","target":["https:\/\/www.siestagarden.com\/produkt\/zestaw-jadalniany-lerici\/"]}]},{"@type":"ImageObject","inLanguage":"cs","@id":"https:\/\/www.siestagarden.com\/produkt\/zestaw-jadalniany-lerici\/#primaryimage","url":"https:\/\/www.siestagarden.com\/wp-content\/uploads\/2025\/03\/IMG_8309-e1770881570467.jpg","contentUrl":"https:\/\/www.siestagarden.com\/wp-content\/uploads\/2025\/03\/IMG_8309-e1770881570467.jpg","width":1403,"height":1067},{"@type":"BreadcrumbList","@id":"https:\/\/www.siestagarden.com\/produkt\/zestaw-jadalniany-lerici\/#breadcrumb","itemListElement":[{"@type":"ListItem","position":1,"name":"Strona g\u0142\u00f3wna","item":"https:\/\/www.siestagarden.com\/"},{"@type":"ListItem","position":2,"name":"Sklep","item":"https:\/\/www.siestagarden.com\/sklep\/"},{"@type":"ListItem","position":3,"name":"Komplet mebli ogrodowych Lerici 1,2m"}]},{"@type":"WebSite","@id":"https:\/\/www.siestagarden.com\/#website","url":"https:\/\/www.siestagarden.com\/","name":"Siesta Garden","description":"N\u00e1bytek pro va\u0161i zahradu. Polsk\u00fd v\u00fdrobce d\u0159ev\u011bn\u00e9ho n\u00e1bytku nejvy\u0161\u0161\u00ed kvality.","potentialAction":[{"@type":"SearchAction","target":{"@type":"EntryPoint","urlTemplate":"https:\/\/www.siestagarden.com\/?s={search_term_string}"},"query-input":{"@type":"PropertyValueSpecification","valueRequired":true,"valueName":"search_term_string"}}],"inLanguage":"cs"}]}},"_links":{"self":[{"href":"https:\/\/www.siestagarden.com\/cs\/wp-json\/wp\/v2\/product\/1522","targetHints":{"allow":["GET"]}}],"collection":[{"href":"https:\/\/www.siestagarden.com\/cs\/wp-json\/wp\/v2\/product"}],"about":[{"href":"https:\/\/www.siestagarden.com\/cs\/wp-json\/wp\/v2\/types\/product"}],"wp:featuredmedia":[{"embeddable":true,"href":"https:\/\/www.siestagarden.com\/cs\/wp-json\/wp\/v2\/media\/2363"}],"wp:attachment":[{"href":"https:\/\/www.siestagarden.com\/cs\/wp-json\/wp\/v2\/media?parent=1522"}],"wp:term":[{"taxonomy":"product_brand","embeddable":true,"href":"https:\/\/www.siestagarden.com\/cs\/wp-json\/wp\/v2\/product_brand?post=1522"},{"taxonomy":"product_cat","embeddable":true,"href":"https:\/\/www.siestagarden.com\/cs\/wp-json\/wp\/v2\/product_cat?post=1522"},{"taxonomy":"product_tag","embeddable":true,"href":"https:\/\/www.siestagarden.com\/cs\/wp-json\/wp\/v2\/product_tag?post=1522"}],"curies":[{"name":"wp","href":"https:\/\/api.w.org\/{rel}","templated":true}]}}