{"id":1533,"date":"2025-03-12T11:33:14","date_gmt":"2025-03-12T10:33:14","guid":{"rendered":"https:\/\/www.siestagarden.com\/?post_type=product&#038;p=1533"},"modified":"2026-02-12T09:20:35","modified_gmt":"2026-02-12T08:20:35","slug":"mini-stol-piknikowy-2","status":"publish","type":"product","link":"https:\/\/www.siestagarden.com\/cs\/produkt\/mini-stol-piknikowy-2\/","title":{"rendered":"D\u0159ev\u011bn\u00fd piknikov\u00fd stolek pro d\u011bti"},"content":{"rendered":"<p><strong>Mini piknikov\u00fd st\u016fl<\/strong> - D\u011btsk\u00e1 outdoorov\u00e1 klasika<\/p>\n<p><strong>Mini piknikov\u00fd st\u016fl<\/strong> je nad\u010dasov\u00fd, kompaktn\u00ed zahradn\u00ed n\u00e1bytek navr\u017een\u00fd s ohledem na nejmen\u0161\u00ed. Je ide\u00e1ln\u00ed na zahradu, terasu, pozemek, do \u0161kolky nebo na d\u011btsk\u00e9 h\u0159i\u0161t\u011b. D\u00edky integrovan\u00fdm lavi\u010dk\u00e1m po obou stran\u00e1ch se d\u011bti mohou pohodln\u011b posadit a kreslit, j\u00edst nebo si hr\u00e1t.<\/p>\n<p>Vyrobeno z masivn\u00edho skandin\u00e1vsk\u00e9ho d\u0159eva s <strong>Certifik\u00e1t FSC\u00ae<\/strong>, st\u016fl byl impregnov\u00e1n na stupe\u0148 ochrany 3, co\u017e zaji\u0161\u0165uje jeho trvanlivost a odolnost v\u016f\u010di m\u011bn\u00edc\u00edm se pov\u011btrnostn\u00edm podm\u00ednk\u00e1m. Bezpe\u010dn\u00fd, estetick\u00fd a p\u0159ipraven\u00fd k pou\u017eit\u00ed po celou sez\u00f3nu.<\/p>\n<p>\u2714\ufe0f classic mini piknikov\u00fd st\u016fl pro d\u011bti<\/p>\n<p>\u2714\ufe0f integrovan\u00e1 sedadla - pohodl\u00ed a stabilita<\/p>\n<p>\u2714\ufe0f kompaktn\u00ed rozm\u011bry - ide\u00e1ln\u00ed pro mal\u00e9 prostory<\/p>\n<p>\u2714\ufe0f z masivn\u00edho d\u0159eva FSC\u00ae<\/p>\n<p>\u2714\ufe0f Iimpregnace do kategorie ochrany 3 - vysok\u00e1 odolnost v\u016f\u010di vn\u011bj\u0161\u00edm podm\u00ednk\u00e1m<\/p>\n<p>\u2714\ufe0f ide\u00e1ln\u00ed na zahradu, do d\u011btsk\u00e9ho pokoje, na terasu nebo na h\u0159i\u0161t\u011b.<\/p>\n<p><strong>Mini piknikov\u00fd st\u016fl<\/strong> je praktickou a odolnou volbou, kter\u00e1 vytvo\u0159\u00ed vlastn\u00ed m\u00edsto pro hran\u00ed a odpo\u010dinek d\u011bt\u00ed.<\/p>","protected":false},"excerpt":{"rendered":"<p>Mini St\u00f3\u0142 Piknikowy \u2013 klasyka dzieci\u0119cego wypoczynku na \u015bwie\u017cym powietrzu Mini St\u00f3\u0142 Piknikowy to ponadczasowy, kompaktowy mebel ogrodowy stworzony z my\u015bl\u0105 o najm\u0142odszych. Doskonale sprawdzi si\u0119 w ogrodzie, na tarasie, dzia\u0142ce, w przedszkolu czy na placu zabaw. Dzi\u0119ki zintegrowanym \u0142aweczkom po obu stronach, dzieci mog\u0105 wygodnie usi\u0105\u015b\u0107 do rysowania, jedzenia lub zabawy. Wykonany z litego [&hellip;]<\/p>\n","protected":false},"featured_media":1721,"template":"","meta":{"_acf_changed":false},"product_brand":[],"product_cat":[66],"product_tag":[78],"class_list":{"0":"post-1533","1":"product","2":"type-product","3":"status-publish","4":"has-post-thumbnail","6":"product_cat-stoly-piknikowe","7":"product_tag-horeca","8":"product_shipping_class-podstawowa","10":"first","11":"instock","12":"taxable","13":"shipping-taxable","14":"purchasable","15":"product-type-simple","16":"add-to-wishlist-after_add_to_cart"},"acf":[],"yoast_head":"<!-- This site is optimized with the Yoast SEO plugin v26.6 - https:\/\/yoast.com\/wordpress\/plugins\/seo\/ -->\n<title>Drewniany Mini st\u00f3\u0142 piknikowy dla dzieci - Siesta Garden<\/title>\n<meta name=\"robots\" content=\"index, follow, max-snippet:-1, max-image-preview:large, max-video-preview:-1\" \/>\n<link rel=\"canonical\" href=\"https:\/\/www.siestagarden.com\/cs\/produkt\/mini-stol-piknikowy-2\/\" \/>\n<meta property=\"og:locale\" content=\"cs_CZ\" \/>\n<meta property=\"og:type\" content=\"article\" \/>\n<meta property=\"og:title\" content=\"Drewniany Mini st\u00f3\u0142 piknikowy dla dzieci - Siesta Garden\" \/>\n<meta property=\"og:description\" content=\"Mini St\u00f3\u0142 Piknikowy \u2013 klasyka dzieci\u0119cego wypoczynku na \u015bwie\u017cym powietrzu Mini St\u00f3\u0142 Piknikowy to ponadczasowy, kompaktowy mebel ogrodowy stworzony z my\u015bl\u0105 o najm\u0142odszych. Doskonale sprawdzi si\u0119 w ogrodzie, na tarasie, dzia\u0142ce, w przedszkolu czy na placu zabaw. Dzi\u0119ki zintegrowanym \u0142aweczkom po obu stronach, dzieci mog\u0105 wygodnie usi\u0105\u015b\u0107 do rysowania, jedzenia lub zabawy. Wykonany z litego [&hellip;]\" \/>\n<meta property=\"og:url\" content=\"https:\/\/www.siestagarden.com\/cs\/produkt\/mini-stol-piknikowy-2\/\" \/>\n<meta property=\"og:site_name\" content=\"Siesta Garden\" \/>\n<meta property=\"article:modified_time\" content=\"2026-02-12T08:20:35+00:00\" \/>\n<meta property=\"og:image\" content=\"https:\/\/www.siestagarden.com\/wp-content\/uploads\/2025\/03\/IMG_6360-scaled-e1770884423874.jpg\" \/>\n\t<meta property=\"og:image:width\" content=\"2560\" \/>\n\t<meta property=\"og:image:height\" content=\"1707\" \/>\n\t<meta property=\"og:image:type\" content=\"image\/jpeg\" \/>\n<meta name=\"twitter:card\" content=\"summary_large_image\" \/>\n<meta name=\"twitter:label1\" content=\"Odhadovan\u00e1 doba \u010dten\u00ed\" \/>\n\t<meta name=\"twitter:data1\" content=\"2 minuty\" \/>\n<script type=\"application\/ld+json\" class=\"yoast-schema-graph\">{\"@context\":\"https:\/\/schema.org\",\"@graph\":[{\"@type\":\"WebPage\",\"@id\":\"https:\/\/www.siestagarden.com\/produkt\/mini-stol-piknikowy-2\/\",\"url\":\"https:\/\/www.siestagarden.com\/produkt\/mini-stol-piknikowy-2\/\",\"name\":\"Drewniany Mini st\u00f3\u0142 piknikowy dla dzieci - Siesta Garden\",\"isPartOf\":{\"@id\":\"https:\/\/www.siestagarden.com\/#website\"},\"primaryImageOfPage\":{\"@id\":\"https:\/\/www.siestagarden.com\/produkt\/mini-stol-piknikowy-2\/#primaryimage\"},\"image\":{\"@id\":\"https:\/\/www.siestagarden.com\/produkt\/mini-stol-piknikowy-2\/#primaryimage\"},\"thumbnailUrl\":\"https:\/\/www.siestagarden.com\/wp-content\/uploads\/2025\/03\/IMG_6360-scaled-e1770884423874.jpg\",\"datePublished\":\"2025-03-12T10:33:14+00:00\",\"dateModified\":\"2026-02-12T08:20:35+00:00\",\"breadcrumb\":{\"@id\":\"https:\/\/www.siestagarden.com\/produkt\/mini-stol-piknikowy-2\/#breadcrumb\"},\"inLanguage\":\"cs\",\"potentialAction\":[{\"@type\":\"ReadAction\",\"target\":[\"https:\/\/www.siestagarden.com\/produkt\/mini-stol-piknikowy-2\/\"]}]},{\"@type\":\"ImageObject\",\"inLanguage\":\"cs\",\"@id\":\"https:\/\/www.siestagarden.com\/produkt\/mini-stol-piknikowy-2\/#primaryimage\",\"url\":\"https:\/\/www.siestagarden.com\/wp-content\/uploads\/2025\/03\/IMG_6360-scaled-e1770884423874.jpg\",\"contentUrl\":\"https:\/\/www.siestagarden.com\/wp-content\/uploads\/2025\/03\/IMG_6360-scaled-e1770884423874.jpg\",\"width\":2560,\"height\":1707},{\"@type\":\"BreadcrumbList\",\"@id\":\"https:\/\/www.siestagarden.com\/produkt\/mini-stol-piknikowy-2\/#breadcrumb\",\"itemListElement\":[{\"@type\":\"ListItem\",\"position\":1,\"name\":\"Strona g\u0142\u00f3wna\",\"item\":\"https:\/\/www.siestagarden.com\/\"},{\"@type\":\"ListItem\",\"position\":2,\"name\":\"Sklep\",\"item\":\"https:\/\/www.siestagarden.com\/sklep\/\"},{\"@type\":\"ListItem\",\"position\":3,\"name\":\"Drewniany Mini st\u00f3\u0142 piknikowy dla dzieci\"}]},{\"@type\":\"WebSite\",\"@id\":\"https:\/\/www.siestagarden.com\/#website\",\"url\":\"https:\/\/www.siestagarden.com\/\",\"name\":\"Siesta Garden\",\"description\":\"Meble do Twojego ogrodu. Polski producent drewnianych mebli najwy\u017cszej jako\u015bci.\",\"potentialAction\":[{\"@type\":\"SearchAction\",\"target\":{\"@type\":\"EntryPoint\",\"urlTemplate\":\"https:\/\/www.siestagarden.com\/?s={search_term_string}\"},\"query-input\":{\"@type\":\"PropertyValueSpecification\",\"valueRequired\":true,\"valueName\":\"search_term_string\"}}],\"inLanguage\":\"cs\"}]}<\/script>\n<!-- \/ Yoast SEO plugin. -->","yoast_head_json":{"title":"Drewniany Mini st\u00f3\u0142 piknikowy dla dzieci - Siesta Garden","robots":{"index":"index","follow":"follow","max-snippet":"max-snippet:-1","max-image-preview":"max-image-preview:large","max-video-preview":"max-video-preview:-1"},"canonical":"https:\/\/www.siestagarden.com\/cs\/produkt\/mini-stol-piknikowy-2\/","og_locale":"cs_CZ","og_type":"article","og_title":"Drewniany Mini st\u00f3\u0142 piknikowy dla dzieci - Siesta Garden","og_description":"Mini St\u00f3\u0142 Piknikowy \u2013 klasyka dzieci\u0119cego wypoczynku na \u015bwie\u017cym powietrzu Mini St\u00f3\u0142 Piknikowy to ponadczasowy, kompaktowy mebel ogrodowy stworzony z my\u015bl\u0105 o najm\u0142odszych. Doskonale sprawdzi si\u0119 w ogrodzie, na tarasie, dzia\u0142ce, w przedszkolu czy na placu zabaw. Dzi\u0119ki zintegrowanym \u0142aweczkom po obu stronach, dzieci mog\u0105 wygodnie usi\u0105\u015b\u0107 do rysowania, jedzenia lub zabawy. Wykonany z litego [&hellip;]","og_url":"https:\/\/www.siestagarden.com\/cs\/produkt\/mini-stol-piknikowy-2\/","og_site_name":"Siesta Garden","article_modified_time":"2026-02-12T08:20:35+00:00","og_image":[{"width":2560,"height":1707,"url":"https:\/\/www.siestagarden.com\/wp-content\/uploads\/2025\/03\/IMG_6360-scaled-e1770884423874.jpg","type":"image\/jpeg"}],"twitter_card":"summary_large_image","twitter_misc":{"Odhadovan\u00e1 doba \u010dten\u00ed":"2 minuty"},"schema":{"@context":"https:\/\/schema.org","@graph":[{"@type":"WebPage","@id":"https:\/\/www.siestagarden.com\/produkt\/mini-stol-piknikowy-2\/","url":"https:\/\/www.siestagarden.com\/produkt\/mini-stol-piknikowy-2\/","name":"Drewniany Mini st\u00f3\u0142 piknikowy dla dzieci - Siesta Garden","isPartOf":{"@id":"https:\/\/www.siestagarden.com\/#website"},"primaryImageOfPage":{"@id":"https:\/\/www.siestagarden.com\/produkt\/mini-stol-piknikowy-2\/#primaryimage"},"image":{"@id":"https:\/\/www.siestagarden.com\/produkt\/mini-stol-piknikowy-2\/#primaryimage"},"thumbnailUrl":"https:\/\/www.siestagarden.com\/wp-content\/uploads\/2025\/03\/IMG_6360-scaled-e1770884423874.jpg","datePublished":"2025-03-12T10:33:14+00:00","dateModified":"2026-02-12T08:20:35+00:00","breadcrumb":{"@id":"https:\/\/www.siestagarden.com\/produkt\/mini-stol-piknikowy-2\/#breadcrumb"},"inLanguage":"cs","potentialAction":[{"@type":"ReadAction","target":["https:\/\/www.siestagarden.com\/produkt\/mini-stol-piknikowy-2\/"]}]},{"@type":"ImageObject","inLanguage":"cs","@id":"https:\/\/www.siestagarden.com\/produkt\/mini-stol-piknikowy-2\/#primaryimage","url":"https:\/\/www.siestagarden.com\/wp-content\/uploads\/2025\/03\/IMG_6360-scaled-e1770884423874.jpg","contentUrl":"https:\/\/www.siestagarden.com\/wp-content\/uploads\/2025\/03\/IMG_6360-scaled-e1770884423874.jpg","width":2560,"height":1707},{"@type":"BreadcrumbList","@id":"https:\/\/www.siestagarden.com\/produkt\/mini-stol-piknikowy-2\/#breadcrumb","itemListElement":[{"@type":"ListItem","position":1,"name":"Strona g\u0142\u00f3wna","item":"https:\/\/www.siestagarden.com\/"},{"@type":"ListItem","position":2,"name":"Sklep","item":"https:\/\/www.siestagarden.com\/sklep\/"},{"@type":"ListItem","position":3,"name":"Drewniany Mini st\u00f3\u0142 piknikowy dla dzieci"}]},{"@type":"WebSite","@id":"https:\/\/www.siestagarden.com\/#website","url":"https:\/\/www.siestagarden.com\/","name":"Siesta Garden","description":"N\u00e1bytek pro va\u0161i zahradu. Polsk\u00fd v\u00fdrobce d\u0159ev\u011bn\u00e9ho n\u00e1bytku nejvy\u0161\u0161\u00ed kvality.","potentialAction":[{"@type":"SearchAction","target":{"@type":"EntryPoint","urlTemplate":"https:\/\/www.siestagarden.com\/?s={search_term_string}"},"query-input":{"@type":"PropertyValueSpecification","valueRequired":true,"valueName":"search_term_string"}}],"inLanguage":"cs"}]}},"_links":{"self":[{"href":"https:\/\/www.siestagarden.com\/cs\/wp-json\/wp\/v2\/product\/1533","targetHints":{"allow":["GET"]}}],"collection":[{"href":"https:\/\/www.siestagarden.com\/cs\/wp-json\/wp\/v2\/product"}],"about":[{"href":"https:\/\/www.siestagarden.com\/cs\/wp-json\/wp\/v2\/types\/product"}],"wp:featuredmedia":[{"embeddable":true,"href":"https:\/\/www.siestagarden.com\/cs\/wp-json\/wp\/v2\/media\/1721"}],"wp:attachment":[{"href":"https:\/\/www.siestagarden.com\/cs\/wp-json\/wp\/v2\/media?parent=1533"}],"wp:term":[{"taxonomy":"product_brand","embeddable":true,"href":"https:\/\/www.siestagarden.com\/cs\/wp-json\/wp\/v2\/product_brand?post=1533"},{"taxonomy":"product_cat","embeddable":true,"href":"https:\/\/www.siestagarden.com\/cs\/wp-json\/wp\/v2\/product_cat?post=1533"},{"taxonomy":"product_tag","embeddable":true,"href":"https:\/\/www.siestagarden.com\/cs\/wp-json\/wp\/v2\/product_tag?post=1533"}],"curies":[{"name":"wp","href":"https:\/\/api.w.org\/{rel}","templated":true}]}}