{"id":1545,"date":"2025-03-12T11:48:26","date_gmt":"2025-03-12T10:48:26","guid":{"rendered":"https:\/\/www.siestagarden.com\/?post_type=product&#038;p=1545"},"modified":"2026-02-12T10:15:13","modified_gmt":"2026-02-12T09:15:13","slug":"lezak-lukka-2","status":"publish","type":"product","link":"https:\/\/www.siestagarden.com\/cs\/produkt\/lezak-lukka-2\/","title":{"rendered":"D\u0159ev\u011bn\u00e9 leh\u00e1tko Lucca s kole\u010dky"},"content":{"rendered":"<p><strong>Leh\u00e1tko LUKKA<\/strong> - pohodl\u00ed a mobilita v p\u0159\u00edrodn\u00edm stylu<\/p>\n<p><strong>Zahradn\u00ed leh\u00e1tko LUKKA<\/strong> je kombinac\u00ed pohodl\u00ed, odolnosti a funk\u010dn\u00edho designu. Vyrobeno z masivn\u00edho d\u0159eva s <strong>Certifik\u00e1t FSC\u00ae<\/strong>, byla impregnov\u00e1na na <strong>3 kategorie ochrany<\/strong> - nejvy\u0161\u0161\u00ed jakost pou\u017e\u00edvan\u00e1 v zahradn\u00edm n\u00e1bytku. D\u00edky tomu je odoln\u00fd v\u016f\u010di pov\u011btrnostn\u00edm vliv\u016fm a ide\u00e1ln\u00ed pro pou\u017eit\u00ed na terase, v zahrad\u011b nebo u baz\u00e9nu.<\/p>\n<p><strong>Leh\u00e1tko m\u00e1 nastaviteln\u00e9 op\u011bradlo.<\/strong>kter\u00e1 umo\u017e\u0148uje nastavit polohu podle individu\u00e1ln\u00edch preferenc\u00ed - od sezen\u00ed a\u017e po pohodln\u00e9 le\u017een\u00ed. Mezi dal\u0161\u00ed funkce pat\u0159\u00ed <strong>kola<\/strong> um\u00edst\u011bn\u00e9 v zadn\u00ed \u010d\u00e1sti konstrukce, co\u017e umo\u017e\u0148uje snadn\u00e9 p\u0159em\u00edst\u011bn\u00ed leh\u00e1tka na libovoln\u00e9 m\u00edsto - tam, kde slunce sv\u00edt\u00ed nejl\u00e9pe.<\/p>\n<p>Pro je\u0161t\u011b v\u011bt\u0161\u00ed pohodl\u00ed si u n\u00e1s m\u016f\u017eete zakoupit matraci z venkovn\u00ed tkaniny odoln\u00e9 proti vyblednut\u00ed, kter\u00e1 dokonale lad\u00ed s tvarem leh\u00e1tka.<\/p>\n<p>\u2714\ufe0f Masivn\u00ed d\u0159evo FSC\u00ae - udr\u017eitelnost a \u0161etrn\u00e1 v\u00fdroba<\/p>\n<p>\u2714\ufe0f impregnace a\u017e do ochrann\u00e9 kategorie 3 - nejvy\u0161\u0161\u00ed pro zahradn\u00ed n\u00e1bytek.<\/p>\n<p>\u2714\ufe0f nastaviteln\u00e9 op\u011bradlo - n\u011bkolik pohodln\u00fdch poloh<\/p>\n<p>\u2714\ufe0f kole\u010dka pro snadnou manipulaci<\/p>\n<p>\u2714\ufe0f mo\u017enost zakoupit matraci z neblednouc\u00ed tkaniny.<\/p>\n<p><strong>LUKKA<\/strong> je ide\u00e1ln\u00ed volbou pro ty, kte\u0159\u00ed na zahrad\u011b ocen\u00ed pohodl\u00ed, p\u0159\u00edrodn\u00ed materi\u00e1ly a volnost pou\u017eit\u00ed.<\/p>","protected":false},"excerpt":{"rendered":"<p>Le\u017cak s\u0142oneczny LUKKA \u2013 komfort i mobilno\u015b\u0107 w naturalnym stylu Le\u017cak ogrodowy LUKKA to po\u0142\u0105czenie wygody, trwa\u0142o\u015bci i funkcjonalnego designu. Wykonany z litego drewna z certyfikatem FSC\u00ae, zosta\u0142 zaimpregnowany do 3 kategorii ochrony \u2013 najwy\u017cszej stosowanej w meblach ogrodowych. Dzi\u0119ki temu jest odporny na dzia\u0142anie warunk\u00f3w atmosferycznych i idealnie sprawdzi si\u0119 na tarasie, w ogrodzie [&hellip;]<\/p>\n","protected":false},"featured_media":1872,"template":"","meta":{"_acf_changed":false},"product_brand":[],"product_cat":[69],"product_tag":[79],"class_list":{"0":"post-1545","1":"product","2":"type-product","3":"status-publish","4":"has-post-thumbnail","6":"product_cat-lezaki-i-lezanki","7":"product_tag-public","8":"product_shipping_class-podstawowa","10":"first","11":"instock","12":"taxable","13":"shipping-taxable","14":"purchasable","15":"product-type-simple","16":"add-to-wishlist-after_add_to_cart"},"acf":[],"yoast_head":"<!-- This site is optimized with the Yoast SEO plugin v26.6 - https:\/\/yoast.com\/wordpress\/plugins\/seo\/ -->\n<title>Le\u017cak s\u0142oneczny drewniany Lukka z k\u00f3\u0142kami - Siesta Garden<\/title>\n<meta name=\"robots\" content=\"index, follow, max-snippet:-1, max-image-preview:large, max-video-preview:-1\" \/>\n<link rel=\"canonical\" href=\"https:\/\/www.siestagarden.com\/cs\/produkt\/lezak-lukka-2\/\" \/>\n<meta property=\"og:locale\" content=\"cs_CZ\" \/>\n<meta property=\"og:type\" content=\"article\" \/>\n<meta property=\"og:title\" content=\"Le\u017cak s\u0142oneczny drewniany Lukka z k\u00f3\u0142kami - Siesta Garden\" \/>\n<meta property=\"og:description\" content=\"Le\u017cak s\u0142oneczny LUKKA \u2013 komfort i mobilno\u015b\u0107 w naturalnym stylu Le\u017cak ogrodowy LUKKA to po\u0142\u0105czenie wygody, trwa\u0142o\u015bci i funkcjonalnego designu. Wykonany z litego drewna z certyfikatem FSC\u00ae, zosta\u0142 zaimpregnowany do 3 kategorii ochrony \u2013 najwy\u017cszej stosowanej w meblach ogrodowych. Dzi\u0119ki temu jest odporny na dzia\u0142anie warunk\u00f3w atmosferycznych i idealnie sprawdzi si\u0119 na tarasie, w ogrodzie [&hellip;]\" \/>\n<meta property=\"og:url\" content=\"https:\/\/www.siestagarden.com\/cs\/produkt\/lezak-lukka-2\/\" \/>\n<meta property=\"og:site_name\" content=\"Siesta Garden\" \/>\n<meta property=\"article:modified_time\" content=\"2026-02-12T09:15:13+00:00\" \/>\n<meta property=\"og:image\" content=\"https:\/\/www.siestagarden.com\/wp-content\/uploads\/2025\/03\/IMG_2905-e1770887696581.jpg\" \/>\n\t<meta property=\"og:image:width\" content=\"1600\" \/>\n\t<meta property=\"og:image:height\" content=\"1067\" \/>\n\t<meta property=\"og:image:type\" content=\"image\/jpeg\" \/>\n<meta name=\"twitter:card\" content=\"summary_large_image\" \/>\n<meta name=\"twitter:label1\" content=\"Odhadovan\u00e1 doba \u010dten\u00ed\" \/>\n\t<meta name=\"twitter:data1\" content=\"2 minuty\" \/>\n<script type=\"application\/ld+json\" class=\"yoast-schema-graph\">{\"@context\":\"https:\/\/schema.org\",\"@graph\":[{\"@type\":\"WebPage\",\"@id\":\"https:\/\/www.siestagarden.com\/produkt\/lezak-lukka-2\/\",\"url\":\"https:\/\/www.siestagarden.com\/produkt\/lezak-lukka-2\/\",\"name\":\"Le\u017cak s\u0142oneczny drewniany Lukka z k\u00f3\u0142kami - Siesta Garden\",\"isPartOf\":{\"@id\":\"https:\/\/www.siestagarden.com\/#website\"},\"primaryImageOfPage\":{\"@id\":\"https:\/\/www.siestagarden.com\/produkt\/lezak-lukka-2\/#primaryimage\"},\"image\":{\"@id\":\"https:\/\/www.siestagarden.com\/produkt\/lezak-lukka-2\/#primaryimage\"},\"thumbnailUrl\":\"https:\/\/www.siestagarden.com\/wp-content\/uploads\/2025\/03\/IMG_2905-e1770887696581.jpg\",\"datePublished\":\"2025-03-12T10:48:26+00:00\",\"dateModified\":\"2026-02-12T09:15:13+00:00\",\"breadcrumb\":{\"@id\":\"https:\/\/www.siestagarden.com\/produkt\/lezak-lukka-2\/#breadcrumb\"},\"inLanguage\":\"cs\",\"potentialAction\":[{\"@type\":\"ReadAction\",\"target\":[\"https:\/\/www.siestagarden.com\/produkt\/lezak-lukka-2\/\"]}]},{\"@type\":\"ImageObject\",\"inLanguage\":\"cs\",\"@id\":\"https:\/\/www.siestagarden.com\/produkt\/lezak-lukka-2\/#primaryimage\",\"url\":\"https:\/\/www.siestagarden.com\/wp-content\/uploads\/2025\/03\/IMG_2905-e1770887696581.jpg\",\"contentUrl\":\"https:\/\/www.siestagarden.com\/wp-content\/uploads\/2025\/03\/IMG_2905-e1770887696581.jpg\",\"width\":1600,\"height\":1067},{\"@type\":\"BreadcrumbList\",\"@id\":\"https:\/\/www.siestagarden.com\/produkt\/lezak-lukka-2\/#breadcrumb\",\"itemListElement\":[{\"@type\":\"ListItem\",\"position\":1,\"name\":\"Strona g\u0142\u00f3wna\",\"item\":\"https:\/\/www.siestagarden.com\/\"},{\"@type\":\"ListItem\",\"position\":2,\"name\":\"Sklep\",\"item\":\"https:\/\/www.siestagarden.com\/sklep\/\"},{\"@type\":\"ListItem\",\"position\":3,\"name\":\"Le\u017cak s\u0142oneczny drewniany Lukka z k\u00f3\u0142kami\"}]},{\"@type\":\"WebSite\",\"@id\":\"https:\/\/www.siestagarden.com\/#website\",\"url\":\"https:\/\/www.siestagarden.com\/\",\"name\":\"Siesta Garden\",\"description\":\"Meble do Twojego ogrodu. Polski producent drewnianych mebli najwy\u017cszej jako\u015bci.\",\"potentialAction\":[{\"@type\":\"SearchAction\",\"target\":{\"@type\":\"EntryPoint\",\"urlTemplate\":\"https:\/\/www.siestagarden.com\/?s={search_term_string}\"},\"query-input\":{\"@type\":\"PropertyValueSpecification\",\"valueRequired\":true,\"valueName\":\"search_term_string\"}}],\"inLanguage\":\"cs\"}]}<\/script>\n<!-- \/ Yoast SEO plugin. -->","yoast_head_json":{"title":"Le\u017cak s\u0142oneczny drewniany Lukka z k\u00f3\u0142kami - Siesta Garden","robots":{"index":"index","follow":"follow","max-snippet":"max-snippet:-1","max-image-preview":"max-image-preview:large","max-video-preview":"max-video-preview:-1"},"canonical":"https:\/\/www.siestagarden.com\/cs\/produkt\/lezak-lukka-2\/","og_locale":"cs_CZ","og_type":"article","og_title":"Le\u017cak s\u0142oneczny drewniany Lukka z k\u00f3\u0142kami - Siesta Garden","og_description":"Le\u017cak s\u0142oneczny LUKKA \u2013 komfort i mobilno\u015b\u0107 w naturalnym stylu Le\u017cak ogrodowy LUKKA to po\u0142\u0105czenie wygody, trwa\u0142o\u015bci i funkcjonalnego designu. Wykonany z litego drewna z certyfikatem FSC\u00ae, zosta\u0142 zaimpregnowany do 3 kategorii ochrony \u2013 najwy\u017cszej stosowanej w meblach ogrodowych. Dzi\u0119ki temu jest odporny na dzia\u0142anie warunk\u00f3w atmosferycznych i idealnie sprawdzi si\u0119 na tarasie, w ogrodzie [&hellip;]","og_url":"https:\/\/www.siestagarden.com\/cs\/produkt\/lezak-lukka-2\/","og_site_name":"Siesta Garden","article_modified_time":"2026-02-12T09:15:13+00:00","og_image":[{"width":1600,"height":1067,"url":"https:\/\/www.siestagarden.com\/wp-content\/uploads\/2025\/03\/IMG_2905-e1770887696581.jpg","type":"image\/jpeg"}],"twitter_card":"summary_large_image","twitter_misc":{"Odhadovan\u00e1 doba \u010dten\u00ed":"2 minuty"},"schema":{"@context":"https:\/\/schema.org","@graph":[{"@type":"WebPage","@id":"https:\/\/www.siestagarden.com\/produkt\/lezak-lukka-2\/","url":"https:\/\/www.siestagarden.com\/produkt\/lezak-lukka-2\/","name":"Le\u017cak s\u0142oneczny drewniany Lukka z k\u00f3\u0142kami - Siesta Garden","isPartOf":{"@id":"https:\/\/www.siestagarden.com\/#website"},"primaryImageOfPage":{"@id":"https:\/\/www.siestagarden.com\/produkt\/lezak-lukka-2\/#primaryimage"},"image":{"@id":"https:\/\/www.siestagarden.com\/produkt\/lezak-lukka-2\/#primaryimage"},"thumbnailUrl":"https:\/\/www.siestagarden.com\/wp-content\/uploads\/2025\/03\/IMG_2905-e1770887696581.jpg","datePublished":"2025-03-12T10:48:26+00:00","dateModified":"2026-02-12T09:15:13+00:00","breadcrumb":{"@id":"https:\/\/www.siestagarden.com\/produkt\/lezak-lukka-2\/#breadcrumb"},"inLanguage":"cs","potentialAction":[{"@type":"ReadAction","target":["https:\/\/www.siestagarden.com\/produkt\/lezak-lukka-2\/"]}]},{"@type":"ImageObject","inLanguage":"cs","@id":"https:\/\/www.siestagarden.com\/produkt\/lezak-lukka-2\/#primaryimage","url":"https:\/\/www.siestagarden.com\/wp-content\/uploads\/2025\/03\/IMG_2905-e1770887696581.jpg","contentUrl":"https:\/\/www.siestagarden.com\/wp-content\/uploads\/2025\/03\/IMG_2905-e1770887696581.jpg","width":1600,"height":1067},{"@type":"BreadcrumbList","@id":"https:\/\/www.siestagarden.com\/produkt\/lezak-lukka-2\/#breadcrumb","itemListElement":[{"@type":"ListItem","position":1,"name":"Strona g\u0142\u00f3wna","item":"https:\/\/www.siestagarden.com\/"},{"@type":"ListItem","position":2,"name":"Sklep","item":"https:\/\/www.siestagarden.com\/sklep\/"},{"@type":"ListItem","position":3,"name":"Le\u017cak s\u0142oneczny drewniany Lukka z k\u00f3\u0142kami"}]},{"@type":"WebSite","@id":"https:\/\/www.siestagarden.com\/#website","url":"https:\/\/www.siestagarden.com\/","name":"Siesta Garden","description":"N\u00e1bytek pro va\u0161i zahradu. Polsk\u00fd v\u00fdrobce d\u0159ev\u011bn\u00e9ho n\u00e1bytku nejvy\u0161\u0161\u00ed kvality.","potentialAction":[{"@type":"SearchAction","target":{"@type":"EntryPoint","urlTemplate":"https:\/\/www.siestagarden.com\/?s={search_term_string}"},"query-input":{"@type":"PropertyValueSpecification","valueRequired":true,"valueName":"search_term_string"}}],"inLanguage":"cs"}]}},"_links":{"self":[{"href":"https:\/\/www.siestagarden.com\/cs\/wp-json\/wp\/v2\/product\/1545","targetHints":{"allow":["GET"]}}],"collection":[{"href":"https:\/\/www.siestagarden.com\/cs\/wp-json\/wp\/v2\/product"}],"about":[{"href":"https:\/\/www.siestagarden.com\/cs\/wp-json\/wp\/v2\/types\/product"}],"wp:featuredmedia":[{"embeddable":true,"href":"https:\/\/www.siestagarden.com\/cs\/wp-json\/wp\/v2\/media\/1872"}],"wp:attachment":[{"href":"https:\/\/www.siestagarden.com\/cs\/wp-json\/wp\/v2\/media?parent=1545"}],"wp:term":[{"taxonomy":"product_brand","embeddable":true,"href":"https:\/\/www.siestagarden.com\/cs\/wp-json\/wp\/v2\/product_brand?post=1545"},{"taxonomy":"product_cat","embeddable":true,"href":"https:\/\/www.siestagarden.com\/cs\/wp-json\/wp\/v2\/product_cat?post=1545"},{"taxonomy":"product_tag","embeddable":true,"href":"https:\/\/www.siestagarden.com\/cs\/wp-json\/wp\/v2\/product_tag?post=1545"}],"curies":[{"name":"wp","href":"https:\/\/api.w.org\/{rel}","templated":true}]}}