{"id":2511,"date":"2025-04-15T10:38:40","date_gmt":"2025-04-15T08:38:40","guid":{"rendered":"https:\/\/www.siestagarden.com\/?post_type=product&#038;p=2511"},"modified":"2026-03-03T07:58:16","modified_gmt":"2026-03-03T06:58:16","slug":"okragly-stol-piknikowy-o-11m-picnic-8os-z-drewna","status":"publish","type":"product","link":"https:\/\/www.siestagarden.com\/cs\/produkt\/okragly-stol-piknikowy-o-11m-picnic-8os-z-drewna\/","title":{"rendered":"Kulat\u00fd piknikov\u00fd st\u016fl \u00d8 1,1 m Picnic pro 8 osob ze d\u0159eva"},"content":{"rendered":"<p><strong>\u00d8 1,1 m Kulat\u00fd piknikov\u00fd st\u016fl<\/strong> - Sch\u016fzky, na kter\u00fdch se lid\u00e9 sejdou u jednoho stolu.<\/p>\n<p>Neexistuje spole\u010densky p\u0159\u00edjemn\u011bj\u0161\u00ed kus n\u00e1bytku, ne\u017e je<strong> kulat\u00fd piknikov\u00fd st\u016fl<\/strong> - je forma, kter\u00e1 p\u0159irozen\u011b <strong>podporuje konverzaci, sd\u00edlen\u00ed a spole\u010dn\u00e9 tr\u00e1ven\u00ed \u010dasu.<\/strong>. Model z kolekce Picnic byl navr\u017een tak, aby bylo mo\u017en\u00e9 jeden st\u016fl. <strong>pohodln\u011b usad\u00ed a\u017e 8 osob<\/strong>, ani\u017e by bylo nutn\u00e9 \u0159adit nebo se \"ma\u010dkat\" v zat\u00e1\u010dk\u00e1ch.<\/p>\n<p>Deska stolu o pr\u016fm\u011bru 110 cm poskytuje dostatek prostoru pro v\u0161echny v\u011bci: <strong>Od rann\u00ed k\u00e1vy a croissant\u016f p\u0159es piknik s d\u011btmi a\u017e po ve\u010de\u0159i na grilu nebo ob\u011bd v zahradn\u00ed hosp\u016fdce.<\/strong><\/p>\n<p>St\u016fl je vyroben z masivn\u00edho borovicov\u00e9ho d\u0159eva a je opat\u0159en<strong> Certifik\u00e1t FSC\u00ae<\/strong>kter\u00e1 poch\u00e1z\u00ed z odpov\u011bdn\u011b obhospoda\u0159ovan\u00fdch les\u016f. Desky <strong>tlou\u0161\u0165ka 32 mm<\/strong> nejen zaru\u010dit<strong> robustnost a stabilitu, ale tak\u00e9 dlouhou \u017eivotnost konstrukce.<\/strong> D\u0159evo bylo impregnov\u00e1no na stupe\u0148 ochrany 3, co\u017e znamen\u00e1 nejvy\u0161\u0161\u00ed stupe\u0148 ochrany proti m\u011bn\u00edc\u00edm se pov\u011btrnostn\u00edm podm\u00ednk\u00e1m -. <strong>m\u016f\u017eete ho nechat venku po cel\u00fd rok<\/strong>.<\/p>\n<p>Ka\u017ed\u00fd kus je opat\u0159en speci\u00e1ln\u00edmi \u0161rouby a kovov\u00fdmi spojkami, kter\u00e9 umo\u017e\u0148uj\u00ed konstrukci \u010dasem dot\u00e1hnout tak, jak d\u0159evo na zahrad\u011b p\u0159irozen\u011b \"pracuje\". Jedn\u00e1 se o chytr\u00e9 \u0159e\u0161en\u00ed, kter\u00e9 zaji\u0161\u0165uje trvanlivost, ani\u017e by bylo nutn\u00e9 n\u00e1bytek vym\u011b\u0148ovat.<\/p>\n<p>St\u016fl se dod\u00e1v\u00e1 v ploch\u00e9m balen\u00ed - snadno jej sestav\u00edte sami, s jasn\u00fdmi pokyny a zna\u010dkami.<\/p>\n<p>\u2714\ufe0f <strong>Prostor pro 8 osob<\/strong> - ide\u00e1ln\u00ed pro rodinn\u00e1 j\u00eddla a setk\u00e1n\u00ed s p\u0159\u00e1teli<\/p>\n<p>\u2714\ufe0f <strong>Deska stolu o pr\u016fm\u011bru 110 cm<\/strong> - pohodln\u00fd centr\u00e1ln\u00ed prostor pro v\u0161echny<\/p>\n<p>\u2714\ufe0f <strong>Borovicov\u00e9 d\u0159evo s certifik\u00e1tem FSC\u00ae<\/strong> - s ohledem na p\u0159\u00edrodu<\/p>\n<p>\u2714\ufe0f <strong>Impregnace a\u017e do kategorie 3<\/strong> - celoro\u010dn\u00ed odolnost proti pov\u011btrnostn\u00edm vliv\u016fm<\/p>\n<p>\u2714\ufe0f <strong>Prkna o tlou\u0161\u0165ce 32 mm<\/strong> - v\u00fdjime\u010dn\u00e1 robustnost a odolnost<\/p>\n<p>\u2714\ufe0f <strong>\u0160rouby a spojky<\/strong> - lze udr\u017eovat a dotahovat v pr\u016fb\u011bhu pou\u017e\u00edv\u00e1n\u00ed.<\/p>\n<p>\u2714\ufe0f <strong>Dod\u00e1v\u00e1 se jako bal\u00ed\u010dek<\/strong> - pro vlastn\u00ed mont\u00e1\u017e<\/p>\n<p>Kulat\u00fd piknikov\u00fd st\u016fl Picnic nen\u00ed jen praktick\u00fdm \u0159e\u0161en\u00edm - je pozv\u00e1nkou ke spole\u010dn\u00e9mu tr\u00e1ven\u00ed \u010dasu v duchu jednoduchosti, pohodl\u00ed a kvality, kter\u00e1 z\u016fst\u00e1v\u00e1 po mnoho let.<\/p>","protected":false},"excerpt":{"rendered":"<p>Okr\u0105g\u0142y st\u00f3\u0142 piknikowy \u00d8 1,1m Picnic \u2013 Spotkania, kt\u00f3re \u0142\u0105cz\u0105 przy jednym stole Nie ma bardziej towarzyskiego mebla ni\u017c okr\u0105g\u0142y st\u00f3\u0142 piknikowy \u2013 to forma, kt\u00f3ra naturalnie sprzyja rozmowie, dzieleniu si\u0119 i sp\u0119dzaniu czasu razem. Model z kolekcji Picnic zosta\u0142 zaprojektowany tak, aby przy jednym stole mog\u0142o wygodnie usi\u0105\u015b\u0107 a\u017c 8 os\u00f3b, bez potrzeby przesiadania [&hellip;]<\/p>\n","protected":false},"featured_media":2512,"template":"","meta":{"_acf_changed":false},"product_brand":[],"product_cat":[66],"product_tag":[88],"class_list":{"0":"post-2511","1":"product","2":"type-product","3":"status-publish","4":"has-post-thumbnail","6":"product_cat-stoly-piknikowe","7":"product_tag-kolekcja-picnic","8":"product_shipping_class-podstawowa","10":"first","11":"onbackorder","12":"taxable","13":"shipping-taxable","14":"purchasable","15":"product-type-simple","16":"add-to-wishlist-after_add_to_cart"},"acf":[],"yoast_head":"<!-- This site is optimized with the Yoast SEO plugin v26.6 - https:\/\/yoast.com\/wordpress\/plugins\/seo\/ -->\n<title>Okr\u0105g\u0142y st\u00f3\u0142 piknikowy \u00d8 1,1m Picnic 8os. z drewna - Siesta Garden<\/title>\n<meta name=\"robots\" content=\"index, follow, max-snippet:-1, max-image-preview:large, max-video-preview:-1\" \/>\n<link rel=\"canonical\" href=\"https:\/\/www.siestagarden.com\/cs\/produkt\/okragly-stol-piknikowy-o-11m-picnic-8os-z-drewna\/\" \/>\n<meta property=\"og:locale\" content=\"cs_CZ\" \/>\n<meta property=\"og:type\" content=\"article\" \/>\n<meta property=\"og:title\" content=\"Okr\u0105g\u0142y st\u00f3\u0142 piknikowy \u00d8 1,1m Picnic 8os. z drewna - Siesta Garden\" \/>\n<meta property=\"og:description\" content=\"Okr\u0105g\u0142y st\u00f3\u0142 piknikowy \u00d8 1,1m Picnic \u2013 Spotkania, kt\u00f3re \u0142\u0105cz\u0105 przy jednym stole Nie ma bardziej towarzyskiego mebla ni\u017c okr\u0105g\u0142y st\u00f3\u0142 piknikowy \u2013 to forma, kt\u00f3ra naturalnie sprzyja rozmowie, dzieleniu si\u0119 i sp\u0119dzaniu czasu razem. Model z kolekcji Picnic zosta\u0142 zaprojektowany tak, aby przy jednym stole mog\u0142o wygodnie usi\u0105\u015b\u0107 a\u017c 8 os\u00f3b, bez potrzeby przesiadania [&hellip;]\" \/>\n<meta property=\"og:url\" content=\"https:\/\/www.siestagarden.com\/cs\/produkt\/okragly-stol-piknikowy-o-11m-picnic-8os-z-drewna\/\" \/>\n<meta property=\"og:site_name\" content=\"Siesta Garden\" \/>\n<meta property=\"article:modified_time\" content=\"2026-03-03T06:58:16+00:00\" \/>\n<meta property=\"og:image\" content=\"https:\/\/www.siestagarden.com\/wp-content\/uploads\/2025\/04\/IMG_3532.jpg\" \/>\n\t<meta property=\"og:image:width\" content=\"567\" \/>\n\t<meta property=\"og:image:height\" content=\"850\" \/>\n\t<meta property=\"og:image:type\" content=\"image\/jpeg\" \/>\n<meta name=\"twitter:card\" content=\"summary_large_image\" \/>\n<meta name=\"twitter:label1\" content=\"Odhadovan\u00e1 doba \u010dten\u00ed\" \/>\n\t<meta name=\"twitter:data1\" content=\"2 minuty\" \/>\n<script type=\"application\/ld+json\" class=\"yoast-schema-graph\">{\"@context\":\"https:\/\/schema.org\",\"@graph\":[{\"@type\":\"WebPage\",\"@id\":\"https:\/\/www.siestagarden.com\/produkt\/okragly-stol-piknikowy-o-11m-picnic-8os-z-drewna\/\",\"url\":\"https:\/\/www.siestagarden.com\/produkt\/okragly-stol-piknikowy-o-11m-picnic-8os-z-drewna\/\",\"name\":\"Okr\u0105g\u0142y st\u00f3\u0142 piknikowy \u00d8 1,1m Picnic 8os. z drewna - Siesta Garden\",\"isPartOf\":{\"@id\":\"https:\/\/www.siestagarden.com\/#website\"},\"primaryImageOfPage\":{\"@id\":\"https:\/\/www.siestagarden.com\/produkt\/okragly-stol-piknikowy-o-11m-picnic-8os-z-drewna\/#primaryimage\"},\"image\":{\"@id\":\"https:\/\/www.siestagarden.com\/produkt\/okragly-stol-piknikowy-o-11m-picnic-8os-z-drewna\/#primaryimage\"},\"thumbnailUrl\":\"https:\/\/www.siestagarden.com\/wp-content\/uploads\/2025\/04\/IMG_3532.jpg\",\"datePublished\":\"2025-04-15T08:38:40+00:00\",\"dateModified\":\"2026-03-03T06:58:16+00:00\",\"breadcrumb\":{\"@id\":\"https:\/\/www.siestagarden.com\/produkt\/okragly-stol-piknikowy-o-11m-picnic-8os-z-drewna\/#breadcrumb\"},\"inLanguage\":\"cs\",\"potentialAction\":[{\"@type\":\"ReadAction\",\"target\":[\"https:\/\/www.siestagarden.com\/produkt\/okragly-stol-piknikowy-o-11m-picnic-8os-z-drewna\/\"]}]},{\"@type\":\"ImageObject\",\"inLanguage\":\"cs\",\"@id\":\"https:\/\/www.siestagarden.com\/produkt\/okragly-stol-piknikowy-o-11m-picnic-8os-z-drewna\/#primaryimage\",\"url\":\"https:\/\/www.siestagarden.com\/wp-content\/uploads\/2025\/04\/IMG_3532.jpg\",\"contentUrl\":\"https:\/\/www.siestagarden.com\/wp-content\/uploads\/2025\/04\/IMG_3532.jpg\",\"width\":567,\"height\":850},{\"@type\":\"BreadcrumbList\",\"@id\":\"https:\/\/www.siestagarden.com\/produkt\/okragly-stol-piknikowy-o-11m-picnic-8os-z-drewna\/#breadcrumb\",\"itemListElement\":[{\"@type\":\"ListItem\",\"position\":1,\"name\":\"Strona g\u0142\u00f3wna\",\"item\":\"https:\/\/www.siestagarden.com\/\"},{\"@type\":\"ListItem\",\"position\":2,\"name\":\"Sklep\",\"item\":\"https:\/\/www.siestagarden.com\/sklep\/\"},{\"@type\":\"ListItem\",\"position\":3,\"name\":\"Okr\u0105g\u0142y st\u00f3\u0142 piknikowy \u00d8 1,1m Picnic 8os. z drewna\"}]},{\"@type\":\"WebSite\",\"@id\":\"https:\/\/www.siestagarden.com\/#website\",\"url\":\"https:\/\/www.siestagarden.com\/\",\"name\":\"Siesta Garden\",\"description\":\"Meble do Twojego ogrodu. Polski producent drewnianych mebli najwy\u017cszej jako\u015bci.\",\"potentialAction\":[{\"@type\":\"SearchAction\",\"target\":{\"@type\":\"EntryPoint\",\"urlTemplate\":\"https:\/\/www.siestagarden.com\/?s={search_term_string}\"},\"query-input\":{\"@type\":\"PropertyValueSpecification\",\"valueRequired\":true,\"valueName\":\"search_term_string\"}}],\"inLanguage\":\"cs\"}]}<\/script>\n<!-- \/ Yoast SEO plugin. -->","yoast_head_json":{"title":"Okr\u0105g\u0142y st\u00f3\u0142 piknikowy \u00d8 1,1m Picnic 8os. z drewna - Siesta Garden","robots":{"index":"index","follow":"follow","max-snippet":"max-snippet:-1","max-image-preview":"max-image-preview:large","max-video-preview":"max-video-preview:-1"},"canonical":"https:\/\/www.siestagarden.com\/cs\/produkt\/okragly-stol-piknikowy-o-11m-picnic-8os-z-drewna\/","og_locale":"cs_CZ","og_type":"article","og_title":"Okr\u0105g\u0142y st\u00f3\u0142 piknikowy \u00d8 1,1m Picnic 8os. z drewna - Siesta Garden","og_description":"Okr\u0105g\u0142y st\u00f3\u0142 piknikowy \u00d8 1,1m Picnic \u2013 Spotkania, kt\u00f3re \u0142\u0105cz\u0105 przy jednym stole Nie ma bardziej towarzyskiego mebla ni\u017c okr\u0105g\u0142y st\u00f3\u0142 piknikowy \u2013 to forma, kt\u00f3ra naturalnie sprzyja rozmowie, dzieleniu si\u0119 i sp\u0119dzaniu czasu razem. Model z kolekcji Picnic zosta\u0142 zaprojektowany tak, aby przy jednym stole mog\u0142o wygodnie usi\u0105\u015b\u0107 a\u017c 8 os\u00f3b, bez potrzeby przesiadania [&hellip;]","og_url":"https:\/\/www.siestagarden.com\/cs\/produkt\/okragly-stol-piknikowy-o-11m-picnic-8os-z-drewna\/","og_site_name":"Siesta Garden","article_modified_time":"2026-03-03T06:58:16+00:00","og_image":[{"width":567,"height":850,"url":"https:\/\/www.siestagarden.com\/wp-content\/uploads\/2025\/04\/IMG_3532.jpg","type":"image\/jpeg"}],"twitter_card":"summary_large_image","twitter_misc":{"Odhadovan\u00e1 doba \u010dten\u00ed":"2 minuty"},"schema":{"@context":"https:\/\/schema.org","@graph":[{"@type":"WebPage","@id":"https:\/\/www.siestagarden.com\/produkt\/okragly-stol-piknikowy-o-11m-picnic-8os-z-drewna\/","url":"https:\/\/www.siestagarden.com\/produkt\/okragly-stol-piknikowy-o-11m-picnic-8os-z-drewna\/","name":"Okr\u0105g\u0142y st\u00f3\u0142 piknikowy \u00d8 1,1m Picnic 8os. z drewna - Siesta Garden","isPartOf":{"@id":"https:\/\/www.siestagarden.com\/#website"},"primaryImageOfPage":{"@id":"https:\/\/www.siestagarden.com\/produkt\/okragly-stol-piknikowy-o-11m-picnic-8os-z-drewna\/#primaryimage"},"image":{"@id":"https:\/\/www.siestagarden.com\/produkt\/okragly-stol-piknikowy-o-11m-picnic-8os-z-drewna\/#primaryimage"},"thumbnailUrl":"https:\/\/www.siestagarden.com\/wp-content\/uploads\/2025\/04\/IMG_3532.jpg","datePublished":"2025-04-15T08:38:40+00:00","dateModified":"2026-03-03T06:58:16+00:00","breadcrumb":{"@id":"https:\/\/www.siestagarden.com\/produkt\/okragly-stol-piknikowy-o-11m-picnic-8os-z-drewna\/#breadcrumb"},"inLanguage":"cs","potentialAction":[{"@type":"ReadAction","target":["https:\/\/www.siestagarden.com\/produkt\/okragly-stol-piknikowy-o-11m-picnic-8os-z-drewna\/"]}]},{"@type":"ImageObject","inLanguage":"cs","@id":"https:\/\/www.siestagarden.com\/produkt\/okragly-stol-piknikowy-o-11m-picnic-8os-z-drewna\/#primaryimage","url":"https:\/\/www.siestagarden.com\/wp-content\/uploads\/2025\/04\/IMG_3532.jpg","contentUrl":"https:\/\/www.siestagarden.com\/wp-content\/uploads\/2025\/04\/IMG_3532.jpg","width":567,"height":850},{"@type":"BreadcrumbList","@id":"https:\/\/www.siestagarden.com\/produkt\/okragly-stol-piknikowy-o-11m-picnic-8os-z-drewna\/#breadcrumb","itemListElement":[{"@type":"ListItem","position":1,"name":"Strona g\u0142\u00f3wna","item":"https:\/\/www.siestagarden.com\/"},{"@type":"ListItem","position":2,"name":"Sklep","item":"https:\/\/www.siestagarden.com\/sklep\/"},{"@type":"ListItem","position":3,"name":"Okr\u0105g\u0142y st\u00f3\u0142 piknikowy \u00d8 1,1m Picnic 8os. z drewna"}]},{"@type":"WebSite","@id":"https:\/\/www.siestagarden.com\/#website","url":"https:\/\/www.siestagarden.com\/","name":"Siesta Garden","description":"N\u00e1bytek pro va\u0161i zahradu. Polsk\u00fd v\u00fdrobce d\u0159ev\u011bn\u00e9ho n\u00e1bytku nejvy\u0161\u0161\u00ed kvality.","potentialAction":[{"@type":"SearchAction","target":{"@type":"EntryPoint","urlTemplate":"https:\/\/www.siestagarden.com\/?s={search_term_string}"},"query-input":{"@type":"PropertyValueSpecification","valueRequired":true,"valueName":"search_term_string"}}],"inLanguage":"cs"}]}},"_links":{"self":[{"href":"https:\/\/www.siestagarden.com\/cs\/wp-json\/wp\/v2\/product\/2511","targetHints":{"allow":["GET"]}}],"collection":[{"href":"https:\/\/www.siestagarden.com\/cs\/wp-json\/wp\/v2\/product"}],"about":[{"href":"https:\/\/www.siestagarden.com\/cs\/wp-json\/wp\/v2\/types\/product"}],"wp:featuredmedia":[{"embeddable":true,"href":"https:\/\/www.siestagarden.com\/cs\/wp-json\/wp\/v2\/media\/2512"}],"wp:attachment":[{"href":"https:\/\/www.siestagarden.com\/cs\/wp-json\/wp\/v2\/media?parent=2511"}],"wp:term":[{"taxonomy":"product_brand","embeddable":true,"href":"https:\/\/www.siestagarden.com\/cs\/wp-json\/wp\/v2\/product_brand?post=2511"},{"taxonomy":"product_cat","embeddable":true,"href":"https:\/\/www.siestagarden.com\/cs\/wp-json\/wp\/v2\/product_cat?post=2511"},{"taxonomy":"product_tag","embeddable":true,"href":"https:\/\/www.siestagarden.com\/cs\/wp-json\/wp\/v2\/product_tag?post=2511"}],"curies":[{"name":"wp","href":"https:\/\/api.w.org\/{rel}","templated":true}]}}