{"id":2527,"date":"2025-04-15T11:35:45","date_gmt":"2025-04-15T09:35:45","guid":{"rendered":"https:\/\/www.siestagarden.com\/?post_type=product&#038;p=2527"},"modified":"2026-03-03T07:57:42","modified_gmt":"2026-03-03T06:57:42","slug":"okragly-stol-piknikowy-o-11-m-picnic-6os-z-drewna","status":"publish","type":"product","link":"https:\/\/www.siestagarden.com\/cs\/produkt\/okragly-stol-piknikowy-o-11-m-picnic-6os-z-drewna\/","title":{"rendered":"\u00d8 1,1 m Piknikov\u00fd kulat\u00fd st\u016fl pro 6 osob ze d\u0159eva"},"content":{"rendered":"<p><strong>Kulat\u00fd piknikov\u00fd st\u016fl \u00d8 1,1 m - Pohodl\u00ed a robustnost v kompaktn\u00edm proveden\u00ed<\/strong><\/p>\n<p>Tento 6m\u00edstn\u00fd kulat\u00fd piknikov\u00fd st\u016fl s <strong>Sb\u00edrka Picnic<\/strong> je dokonalou alternativou pro m\u00edsta, kde je d\u016fle\u017eit\u00e1 ergonomie prostoru, ani\u017e by byla ohro\u017eena odolnost a pohodl\u00ed. D\u00edky<strong> kompaktn\u00ed rozm\u011bry<\/strong> - celkem <strong>pr\u016fm\u011br 206 cm, v\u00fd\u0161ka 81,5 cm a horn\u00ed \u010d\u00e1st o pr\u016fm\u011bru 110 cm.<\/strong> - ide\u00e1ln\u00ed pro <strong>na zahr\u00e1dk\u00e1ch hospod, v kav\u00e1rn\u00e1ch, stravovac\u00edch za\u0159\u00edzen\u00edch, ale tak\u00e9 na ve\u0159ejn\u00fdch prostranstv\u00edch a soukrom\u00fdch zahrad\u00e1ch.<\/strong><\/p>\n<p>St\u016fl je navr\u017een pro n\u00e1ro\u010dn\u00e9 pou\u017eit\u00ed a je vyroben z masivn\u00edho borovicov\u00e9ho d\u0159eva. <strong>Certifik\u00e1t FSC\u00ae<\/strong>a ka\u017ed\u00fd prvek konstrukce byl zhotoven z prken <strong>o tlou\u0161\u0165ce a\u017e 41 mm<\/strong> - co\u017e zaji\u0161\u0165uje maxim\u00e1ln\u00ed stabilitu a odolnost proti ka\u017edodenn\u00edmu opot\u0159eben\u00ed.<\/p>\n<p>V\u0161e bylo zaji\u0161t\u011bno<strong> impregnace do kategorie 3<\/strong> ochranu, kter\u00e1 zaru\u010duje celoro\u010dn\u00ed odolnost proti pov\u011btrnostn\u00edm vliv\u016fm. <strong>bez nutnosti dodate\u010dn\u00e9 ochrany po sez\u00f3n\u011b<\/strong>.<\/p>\n<p>St\u016fl je vybaven kovov\u00fdmi spojkami a \u0161rouby, kter\u00e9 umo\u017e\u0148uj\u00ed systematick\u00e9 utahov\u00e1n\u00ed sou\u010d\u00e1st\u00ed, co\u017e je d\u016fle\u017eit\u00e9 zejm\u00e9na u n\u00e1bytku z p\u0159\u00edrodn\u00edho d\u0159eva pou\u017e\u00edvan\u00e9ho ve venkovn\u00edm prost\u0159ed\u00ed.<\/p>\n<p>Dod\u00e1v\u00e1 se v ploch\u00e9m balen\u00ed, s kompletn\u00ed sadou kov\u00e1n\u00ed a srozumiteln\u00fdm n\u00e1vodem k mont\u00e1\u017ei - je p\u0159ipraven k okam\u017eit\u00e9 mont\u00e1\u017ei.<\/p>\n<p>\u2714\ufe0f <strong>6 m\u00edst<\/strong> - ide\u00e1ln\u00ed pro mal\u00e9 skupiny<\/p>\n<p>\u2714\ufe0f <strong>Celkov\u00fd rozm\u011br:<\/strong> \u00d8 2060 mm | V\u00fd\u0161ka: 815 mm | Horn\u00ed \u00d8 1100 mm<\/p>\n<p>\u2714\ufe0f <strong>desky o tlou\u0161\u0165ce 41 mm<\/strong> - v\u00fdjime\u010dn\u00e1 odolnost a pevnost<\/p>\n<p>\u2714\ufe0f <strong>Borovicov\u00e9 d\u0159evo s certifik\u00e1tem FSC\u00ae<\/strong> - odpov\u011bdn\u00fd p\u016fvod<\/p>\n<p>\u2714\ufe0f<strong> Hydroizolace kategorie 3<\/strong> - odolnost v\u016f\u010di de\u0161ti, slunci a zm\u011bn\u00e1m teplot<\/p>\n<p>\u2714\ufe0f <strong>Ocelov\u00e9 \u0161rouby a spojky<\/strong> - lze udr\u017eovat a zp\u0159\u00eds\u0148ovat<\/p>\n<p>\u2714\ufe0f<strong> Dod\u00e1n\u00ed v bal\u00edku<\/strong> - snadn\u00e1 vlastn\u00ed mont\u00e1\u017e<\/p>\n<p>\u2714\ufe0f <strong>Ide\u00e1ln\u00ed pro: hospody, kav\u00e1rny, letn\u00ed zahr\u00e1dky, \u0161koly a prostory pro voln\u00fd \u010das.<\/strong><\/p>\n<p>Kulat\u00fd piknikov\u00fd st\u016fl o pr\u016fm\u011bru 2 m je \u0159e\u0161en\u00ed ur\u010den\u00e9 pro intenzivn\u00ed pou\u017e\u00edv\u00e1n\u00ed, kter\u00e9 z\u00e1rove\u0148 nab\u00edz\u00ed naprost\u00e9 pohodl\u00ed a p\u0159irozen\u00fd styl. Kompaktn\u00ed, robustn\u00ed a p\u0159ipraven\u00fd na mnoho pohostinn\u00fdch sez\u00f3n.<\/p>","protected":false},"excerpt":{"rendered":"<p>Okr\u0105g\u0142y st\u00f3\u0142 piknikowy \u00d8 1,1 m \u2013 Komfort i solidno\u015b\u0107 w kompaktowej wersji Ten 6-osobowy okr\u0105g\u0142y st\u00f3\u0142 piknikowy z kolekcji Picnic to doskona\u0142a alternatywa dla miejsc, w kt\u00f3rych liczy si\u0119 ergonomia przestrzeni bez kompromisu na trwa\u0142o\u015b\u0107 i wygod\u0119. Dzi\u0119ki kompaktowym wymiarom \u2013 ca\u0142kowita \u015brednica 206 cm, wysoko\u015b\u0107 81,5 cm i blat o \u015brednicy 110 cm [&hellip;]<\/p>\n","protected":false},"featured_media":2532,"template":"","meta":{"_acf_changed":false},"product_brand":[],"product_cat":[66],"product_tag":[88],"class_list":{"0":"post-2527","1":"product","2":"type-product","3":"status-publish","4":"has-post-thumbnail","6":"product_cat-stoly-piknikowe","7":"product_tag-kolekcja-picnic","8":"product_shipping_class-podstawowa","10":"first","11":"onbackorder","12":"taxable","13":"shipping-taxable","14":"purchasable","15":"product-type-simple","16":"add-to-wishlist-after_add_to_cart"},"acf":[],"yoast_head":"<!-- This site is optimized with the Yoast SEO plugin v26.6 - https:\/\/yoast.com\/wordpress\/plugins\/seo\/ -->\n<title>Okr\u0105g\u0142y st\u00f3\u0142 piknikowy \u00d8 1,1 m Picnic 6os. z drewna - Siesta Garden<\/title>\n<meta name=\"robots\" content=\"index, follow, max-snippet:-1, max-image-preview:large, max-video-preview:-1\" \/>\n<link rel=\"canonical\" href=\"https:\/\/www.siestagarden.com\/cs\/produkt\/okragly-stol-piknikowy-o-11-m-picnic-6os-z-drewna\/\" \/>\n<meta property=\"og:locale\" content=\"cs_CZ\" \/>\n<meta property=\"og:type\" content=\"article\" \/>\n<meta property=\"og:title\" content=\"Okr\u0105g\u0142y st\u00f3\u0142 piknikowy \u00d8 1,1 m Picnic 6os. z drewna - Siesta Garden\" \/>\n<meta property=\"og:description\" content=\"Okr\u0105g\u0142y st\u00f3\u0142 piknikowy \u00d8 1,1 m \u2013 Komfort i solidno\u015b\u0107 w kompaktowej wersji Ten 6-osobowy okr\u0105g\u0142y st\u00f3\u0142 piknikowy z kolekcji Picnic to doskona\u0142a alternatywa dla miejsc, w kt\u00f3rych liczy si\u0119 ergonomia przestrzeni bez kompromisu na trwa\u0142o\u015b\u0107 i wygod\u0119. Dzi\u0119ki kompaktowym wymiarom \u2013 ca\u0142kowita \u015brednica 206 cm, wysoko\u015b\u0107 81,5 cm i blat o \u015brednicy 110 cm [&hellip;]\" \/>\n<meta property=\"og:url\" content=\"https:\/\/www.siestagarden.com\/cs\/produkt\/okragly-stol-piknikowy-o-11-m-picnic-6os-z-drewna\/\" \/>\n<meta property=\"og:site_name\" content=\"Siesta Garden\" \/>\n<meta property=\"article:modified_time\" content=\"2026-03-03T06:57:42+00:00\" \/>\n<meta property=\"og:image\" content=\"https:\/\/www.siestagarden.com\/wp-content\/uploads\/2025\/04\/IMG_3467.jpg\" \/>\n\t<meta property=\"og:image:width\" content=\"567\" \/>\n\t<meta property=\"og:image:height\" content=\"850\" \/>\n\t<meta property=\"og:image:type\" content=\"image\/jpeg\" \/>\n<meta name=\"twitter:card\" content=\"summary_large_image\" \/>\n<meta name=\"twitter:label1\" content=\"Odhadovan\u00e1 doba \u010dten\u00ed\" \/>\n\t<meta name=\"twitter:data1\" content=\"2 minuty\" \/>\n<script type=\"application\/ld+json\" class=\"yoast-schema-graph\">{\"@context\":\"https:\/\/schema.org\",\"@graph\":[{\"@type\":\"WebPage\",\"@id\":\"https:\/\/www.siestagarden.com\/produkt\/okragly-stol-piknikowy-o-11-m-picnic-6os-z-drewna\/\",\"url\":\"https:\/\/www.siestagarden.com\/produkt\/okragly-stol-piknikowy-o-11-m-picnic-6os-z-drewna\/\",\"name\":\"Okr\u0105g\u0142y st\u00f3\u0142 piknikowy \u00d8 1,1 m Picnic 6os. z drewna - Siesta Garden\",\"isPartOf\":{\"@id\":\"https:\/\/www.siestagarden.com\/#website\"},\"primaryImageOfPage\":{\"@id\":\"https:\/\/www.siestagarden.com\/produkt\/okragly-stol-piknikowy-o-11-m-picnic-6os-z-drewna\/#primaryimage\"},\"image\":{\"@id\":\"https:\/\/www.siestagarden.com\/produkt\/okragly-stol-piknikowy-o-11-m-picnic-6os-z-drewna\/#primaryimage\"},\"thumbnailUrl\":\"https:\/\/www.siestagarden.com\/wp-content\/uploads\/2025\/04\/IMG_3467.jpg\",\"datePublished\":\"2025-04-15T09:35:45+00:00\",\"dateModified\":\"2026-03-03T06:57:42+00:00\",\"breadcrumb\":{\"@id\":\"https:\/\/www.siestagarden.com\/produkt\/okragly-stol-piknikowy-o-11-m-picnic-6os-z-drewna\/#breadcrumb\"},\"inLanguage\":\"cs\",\"potentialAction\":[{\"@type\":\"ReadAction\",\"target\":[\"https:\/\/www.siestagarden.com\/produkt\/okragly-stol-piknikowy-o-11-m-picnic-6os-z-drewna\/\"]}]},{\"@type\":\"ImageObject\",\"inLanguage\":\"cs\",\"@id\":\"https:\/\/www.siestagarden.com\/produkt\/okragly-stol-piknikowy-o-11-m-picnic-6os-z-drewna\/#primaryimage\",\"url\":\"https:\/\/www.siestagarden.com\/wp-content\/uploads\/2025\/04\/IMG_3467.jpg\",\"contentUrl\":\"https:\/\/www.siestagarden.com\/wp-content\/uploads\/2025\/04\/IMG_3467.jpg\",\"width\":567,\"height\":850},{\"@type\":\"BreadcrumbList\",\"@id\":\"https:\/\/www.siestagarden.com\/produkt\/okragly-stol-piknikowy-o-11-m-picnic-6os-z-drewna\/#breadcrumb\",\"itemListElement\":[{\"@type\":\"ListItem\",\"position\":1,\"name\":\"Strona g\u0142\u00f3wna\",\"item\":\"https:\/\/www.siestagarden.com\/\"},{\"@type\":\"ListItem\",\"position\":2,\"name\":\"Sklep\",\"item\":\"https:\/\/www.siestagarden.com\/sklep\/\"},{\"@type\":\"ListItem\",\"position\":3,\"name\":\"Okr\u0105g\u0142y st\u00f3\u0142 piknikowy \u00d8 1,1 m Picnic 6os. z drewna\"}]},{\"@type\":\"WebSite\",\"@id\":\"https:\/\/www.siestagarden.com\/#website\",\"url\":\"https:\/\/www.siestagarden.com\/\",\"name\":\"Siesta Garden\",\"description\":\"Meble do Twojego ogrodu. Polski producent drewnianych mebli najwy\u017cszej jako\u015bci.\",\"potentialAction\":[{\"@type\":\"SearchAction\",\"target\":{\"@type\":\"EntryPoint\",\"urlTemplate\":\"https:\/\/www.siestagarden.com\/?s={search_term_string}\"},\"query-input\":{\"@type\":\"PropertyValueSpecification\",\"valueRequired\":true,\"valueName\":\"search_term_string\"}}],\"inLanguage\":\"cs\"}]}<\/script>\n<!-- \/ Yoast SEO plugin. -->","yoast_head_json":{"title":"Okr\u0105g\u0142y st\u00f3\u0142 piknikowy \u00d8 1,1 m Picnic 6os. z drewna - Siesta Garden","robots":{"index":"index","follow":"follow","max-snippet":"max-snippet:-1","max-image-preview":"max-image-preview:large","max-video-preview":"max-video-preview:-1"},"canonical":"https:\/\/www.siestagarden.com\/cs\/produkt\/okragly-stol-piknikowy-o-11-m-picnic-6os-z-drewna\/","og_locale":"cs_CZ","og_type":"article","og_title":"Okr\u0105g\u0142y st\u00f3\u0142 piknikowy \u00d8 1,1 m Picnic 6os. z drewna - Siesta Garden","og_description":"Okr\u0105g\u0142y st\u00f3\u0142 piknikowy \u00d8 1,1 m \u2013 Komfort i solidno\u015b\u0107 w kompaktowej wersji Ten 6-osobowy okr\u0105g\u0142y st\u00f3\u0142 piknikowy z kolekcji Picnic to doskona\u0142a alternatywa dla miejsc, w kt\u00f3rych liczy si\u0119 ergonomia przestrzeni bez kompromisu na trwa\u0142o\u015b\u0107 i wygod\u0119. Dzi\u0119ki kompaktowym wymiarom \u2013 ca\u0142kowita \u015brednica 206 cm, wysoko\u015b\u0107 81,5 cm i blat o \u015brednicy 110 cm [&hellip;]","og_url":"https:\/\/www.siestagarden.com\/cs\/produkt\/okragly-stol-piknikowy-o-11-m-picnic-6os-z-drewna\/","og_site_name":"Siesta Garden","article_modified_time":"2026-03-03T06:57:42+00:00","og_image":[{"width":567,"height":850,"url":"https:\/\/www.siestagarden.com\/wp-content\/uploads\/2025\/04\/IMG_3467.jpg","type":"image\/jpeg"}],"twitter_card":"summary_large_image","twitter_misc":{"Odhadovan\u00e1 doba \u010dten\u00ed":"2 minuty"},"schema":{"@context":"https:\/\/schema.org","@graph":[{"@type":"WebPage","@id":"https:\/\/www.siestagarden.com\/produkt\/okragly-stol-piknikowy-o-11-m-picnic-6os-z-drewna\/","url":"https:\/\/www.siestagarden.com\/produkt\/okragly-stol-piknikowy-o-11-m-picnic-6os-z-drewna\/","name":"Okr\u0105g\u0142y st\u00f3\u0142 piknikowy \u00d8 1,1 m Picnic 6os. z drewna - Siesta Garden","isPartOf":{"@id":"https:\/\/www.siestagarden.com\/#website"},"primaryImageOfPage":{"@id":"https:\/\/www.siestagarden.com\/produkt\/okragly-stol-piknikowy-o-11-m-picnic-6os-z-drewna\/#primaryimage"},"image":{"@id":"https:\/\/www.siestagarden.com\/produkt\/okragly-stol-piknikowy-o-11-m-picnic-6os-z-drewna\/#primaryimage"},"thumbnailUrl":"https:\/\/www.siestagarden.com\/wp-content\/uploads\/2025\/04\/IMG_3467.jpg","datePublished":"2025-04-15T09:35:45+00:00","dateModified":"2026-03-03T06:57:42+00:00","breadcrumb":{"@id":"https:\/\/www.siestagarden.com\/produkt\/okragly-stol-piknikowy-o-11-m-picnic-6os-z-drewna\/#breadcrumb"},"inLanguage":"cs","potentialAction":[{"@type":"ReadAction","target":["https:\/\/www.siestagarden.com\/produkt\/okragly-stol-piknikowy-o-11-m-picnic-6os-z-drewna\/"]}]},{"@type":"ImageObject","inLanguage":"cs","@id":"https:\/\/www.siestagarden.com\/produkt\/okragly-stol-piknikowy-o-11-m-picnic-6os-z-drewna\/#primaryimage","url":"https:\/\/www.siestagarden.com\/wp-content\/uploads\/2025\/04\/IMG_3467.jpg","contentUrl":"https:\/\/www.siestagarden.com\/wp-content\/uploads\/2025\/04\/IMG_3467.jpg","width":567,"height":850},{"@type":"BreadcrumbList","@id":"https:\/\/www.siestagarden.com\/produkt\/okragly-stol-piknikowy-o-11-m-picnic-6os-z-drewna\/#breadcrumb","itemListElement":[{"@type":"ListItem","position":1,"name":"Strona g\u0142\u00f3wna","item":"https:\/\/www.siestagarden.com\/"},{"@type":"ListItem","position":2,"name":"Sklep","item":"https:\/\/www.siestagarden.com\/sklep\/"},{"@type":"ListItem","position":3,"name":"Okr\u0105g\u0142y st\u00f3\u0142 piknikowy \u00d8 1,1 m Picnic 6os. z drewna"}]},{"@type":"WebSite","@id":"https:\/\/www.siestagarden.com\/#website","url":"https:\/\/www.siestagarden.com\/","name":"Siesta Garden","description":"N\u00e1bytek pro va\u0161i zahradu. Polsk\u00fd v\u00fdrobce d\u0159ev\u011bn\u00e9ho n\u00e1bytku nejvy\u0161\u0161\u00ed kvality.","potentialAction":[{"@type":"SearchAction","target":{"@type":"EntryPoint","urlTemplate":"https:\/\/www.siestagarden.com\/?s={search_term_string}"},"query-input":{"@type":"PropertyValueSpecification","valueRequired":true,"valueName":"search_term_string"}}],"inLanguage":"cs"}]}},"_links":{"self":[{"href":"https:\/\/www.siestagarden.com\/cs\/wp-json\/wp\/v2\/product\/2527","targetHints":{"allow":["GET"]}}],"collection":[{"href":"https:\/\/www.siestagarden.com\/cs\/wp-json\/wp\/v2\/product"}],"about":[{"href":"https:\/\/www.siestagarden.com\/cs\/wp-json\/wp\/v2\/types\/product"}],"wp:featuredmedia":[{"embeddable":true,"href":"https:\/\/www.siestagarden.com\/cs\/wp-json\/wp\/v2\/media\/2532"}],"wp:attachment":[{"href":"https:\/\/www.siestagarden.com\/cs\/wp-json\/wp\/v2\/media?parent=2527"}],"wp:term":[{"taxonomy":"product_brand","embeddable":true,"href":"https:\/\/www.siestagarden.com\/cs\/wp-json\/wp\/v2\/product_brand?post=2527"},{"taxonomy":"product_cat","embeddable":true,"href":"https:\/\/www.siestagarden.com\/cs\/wp-json\/wp\/v2\/product_cat?post=2527"},{"taxonomy":"product_tag","embeddable":true,"href":"https:\/\/www.siestagarden.com\/cs\/wp-json\/wp\/v2\/product_tag?post=2527"}],"curies":[{"name":"wp","href":"https:\/\/api.w.org\/{rel}","templated":true}]}}