{"id":2584,"date":"2025-04-15T13:58:42","date_gmt":"2025-04-15T11:58:42","guid":{"rendered":"https:\/\/www.siestagarden.com\/?post_type=product&#038;p=2584"},"modified":"2026-03-03T07:57:10","modified_gmt":"2026-03-03T06:57:10","slug":"okragly-stol-orbital-o-11-m-picnic-z-zespolonymi-siedziskami-picnic-8os","status":"publish","type":"product","link":"https:\/\/www.siestagarden.com\/cs\/produkt\/okragly-stol-orbital-o-11-m-picnic-z-zespolonymi-siedziskami-picnic-8os\/","title":{"rendered":"Kulat\u00fd piknikov\u00fd st\u016fl Orbital \u00d8 1,1 m s kombinovan\u00fdm piknikov\u00fdm sezen\u00edm 8os."},"content":{"rendered":"<p><strong>Orbit\u00e1ln\u00ed kulat\u00fd st\u016fl \u00d8 1,1 m<\/strong> - Komfort pro 8 osob s kombinovan\u00fdmi sedadly<\/p>\n<p>Orbit\u00e1ln\u00ed st\u016fl s <strong>Sb\u00edrka Picnic<\/strong> je praktick\u00fdm a promy\u0161len\u00fdm \u0159e\u0161en\u00edm pro ty, kte\u0159\u00ed oce\u0148uj\u00ed <strong>kompaktn\u00ed rozm\u011bry, pln\u00e1 funk\u010dnost a trochu v\u00edce m\u00edsta k sezen\u00ed<\/strong>. D\u00edky kompozitn\u00edmu sezen\u00ed v podob\u011b uzav\u0159en\u00e9ho r\u00e1fku nab\u00edz\u00ed st\u016fl. <strong>maxim\u00e1ln\u00ed vyu\u017eit\u00ed prostoru<\/strong> - ide\u00e1ln\u00ed nejen pro dosp\u011bl\u00e9, ale tak\u00e9 pro <strong>bezpe\u010dn\u00e9 usazen\u00ed d\u011bt\u00ed mezi pe\u010duj\u00edc\u00edmi osobami<\/strong>.<\/p>\n<p><strong>Celkov\u00fd pr\u016fm\u011br konstrukce:<\/strong> \u00d8 1890 mm<\/p>\n<p><strong>Horn\u00ed pr\u016fm\u011br:<\/strong> \u00d8 1100 mm<\/p>\n<p><strong>Kombinovan\u00e9 sezen\u00ed a\u017e pro 8 osob<\/strong><\/p>\n<p><strong>Tlou\u0161\u0165ka desky:<\/strong> 31 mm<\/p>\n<p>Konstrukce stolu je vyrobena z masivn\u00edho <strong>Borovicov\u00e9 d\u0159evo FSC\u00ae<\/strong>kter\u00e9 v kombinaci s deskami s<strong> tlou\u0161\u0165ka 31 mm<\/strong> poskytuje dostate\u010dnou stabilitu a odolnost a z\u00e1rove\u0148 je relativn\u011b lehk\u00fd - ide\u00e1ln\u00ed pro sez\u00f3nn\u00ed pou\u017eit\u00ed. <strong>na zahrad\u00e1ch, ve \u0161kol\u00e1ch, na d\u011btsk\u00fdch h\u0159i\u0161t\u00edch, v centrech voln\u00e9ho \u010dasu nebo ve stravovac\u00edch za\u0159\u00edzen\u00edch.<\/strong><\/p>\n<p>D\u0159evo je chr\u00e1n\u011bno <strong>impregnovan\u00e9 a\u017e do kategorie ochrany 3<\/strong>, tak\u017ee st\u016fl lze bezpe\u010dn\u011b pou\u017e\u00edvat po cel\u00fd rok bez ohledu na po\u010das\u00ed.<\/p>\n<p>Pozinkovan\u00e9 \u0161rouby a kovov\u00e9 spojky umo\u017e\u0148uj\u00ed konstrukci v p\u0159\u00edpad\u011b pot\u0159eby dot\u00e1hnout, co\u017e m\u00e1 pozitivn\u00ed vliv na jej\u00ed trvanlivost a stabilitu po mnoho ro\u010dn\u00edch obdob\u00ed.<\/p>\n<p>Model je dod\u00e1v\u00e1n v syst\u00e9mu flat-pack (pro vlastn\u00ed mont\u00e1\u017e), v\u010detn\u011b kov\u00e1n\u00ed a mont\u00e1\u017en\u00edho n\u00e1vodu.<\/p>\n<p>\u2714\ufe0f <strong>Kompaktn\u00ed kulat\u00fd st\u016fl \u00d8 1,1 m<\/strong> - pohodln\u00e9 a estetick\u00e9<\/p>\n<p>\u2714\ufe0f <strong>Kombinovan\u00e1 sedadla<\/strong> - v\u00edce m\u00edst k sezen\u00ed a pohodln\u00e9 sezen\u00ed pro d\u011bti<\/p>\n<p>\u2714\ufe0f <strong>A\u017e pro 8 osob<\/strong><\/p>\n<p>\u2714\ufe0f <strong>desky o tlou\u0161\u0165ce 31 mm<\/strong> - odoln\u00e9 a lehk\u00e9<\/p>\n<p>\u2714\ufe0f <strong>D\u0159evo FSC\u00ae<\/strong> - certifikovan\u00e9, zodpov\u011bdn\u011b z\u00edskan\u00e9<\/p>\n<p>\u2714\ufe0f <strong>Impregnace a\u017e do kategorie ochrany 3<\/strong> - p\u0159ipraven na ka\u017ed\u00e9 po\u010das\u00ed<\/p>\n<p>\u2714\ufe0f <strong>Pozinkovan\u00e9 \u0161rouby a z\u00e1suvky<\/strong> - odolnost proti korozi, udr\u017eovatelnost<\/p>\n<p>\u2714\ufe0f <strong>Flat-pack<\/strong> - jednoduch\u00e1 a rychl\u00e1 instalace<\/p>\n<p>\u2714\ufe0f <strong>Ide\u00e1ln\u00ed pro: zahrady, \u0161koly, d\u011btsk\u00e1 h\u0159i\u0161t\u011b, kav\u00e1rny, rodinn\u00e9 prostory.<\/strong><\/p>\n<p>St\u016fl Orbital \u00d8 1,1 m s kombinovan\u00fdm sezen\u00edm je kompaktn\u00ed konferen\u010dn\u00ed prostor, kter\u00fd spojuje estetiku s funk\u010dnost\u00ed -.<strong> Skv\u011bl\u00e1 volba pro m\u00edsta, kde je d\u016fle\u017eit\u00e9 pohodl\u00ed a v\u0161estrannost.<\/strong><\/p>","protected":false},"excerpt":{"rendered":"<p>Okr\u0105g\u0142y st\u00f3\u0142 Orbital \u00d8 1,1 m \u2013 8-osobowy komfort z zespolonymi siedziskami St\u00f3\u0142 Orbital z kolekcji Picnic to praktyczne i przemy\u015blane rozwi\u0105zanie dla tych, kt\u00f3rzy ceni\u0105 sobie kompaktowe wymiary, pe\u0142n\u0105 funkcjonalno\u015b\u0107 i nieco wi\u0119cej miejsca do siedzenia. Dzi\u0119ki zespolonym siedziskom w formie zamkni\u0119tej obr\u0119czy, st\u00f3\u0142 oferuje maksymalne wykorzystanie przestrzeni \u2013 idealne nie tylko dla doros\u0142ych, [&hellip;]<\/p>\n","protected":false},"featured_media":2585,"template":"","meta":{"_acf_changed":false},"product_brand":[],"product_cat":[66],"product_tag":[88],"class_list":{"0":"post-2584","1":"product","2":"type-product","3":"status-publish","4":"has-post-thumbnail","6":"product_cat-stoly-piknikowe","7":"product_tag-kolekcja-picnic","8":"product_shipping_class-podstawowa","10":"first","11":"onbackorder","12":"taxable","13":"shipping-taxable","14":"purchasable","15":"product-type-simple","16":"add-to-wishlist-after_add_to_cart"},"acf":[],"yoast_head":"<!-- This site is optimized with the Yoast SEO plugin v26.6 - https:\/\/yoast.com\/wordpress\/plugins\/seo\/ -->\n<title>Okr\u0105g\u0142y st\u00f3\u0142 Orbital \u00d8 1,1 m Picnic z zespolonymi siedziskami Picnic 8os. - Siesta Garden<\/title>\n<meta name=\"robots\" content=\"index, follow, max-snippet:-1, max-image-preview:large, max-video-preview:-1\" \/>\n<link rel=\"canonical\" href=\"https:\/\/www.siestagarden.com\/cs\/produkt\/okragly-stol-orbital-o-11-m-picnic-z-zespolonymi-siedziskami-picnic-8os\/\" \/>\n<meta property=\"og:locale\" content=\"cs_CZ\" \/>\n<meta property=\"og:type\" content=\"article\" \/>\n<meta property=\"og:title\" content=\"Okr\u0105g\u0142y st\u00f3\u0142 Orbital \u00d8 1,1 m Picnic z zespolonymi siedziskami Picnic 8os. - Siesta Garden\" \/>\n<meta property=\"og:description\" content=\"Okr\u0105g\u0142y st\u00f3\u0142 Orbital \u00d8 1,1 m \u2013 8-osobowy komfort z zespolonymi siedziskami St\u00f3\u0142 Orbital z kolekcji Picnic to praktyczne i przemy\u015blane rozwi\u0105zanie dla tych, kt\u00f3rzy ceni\u0105 sobie kompaktowe wymiary, pe\u0142n\u0105 funkcjonalno\u015b\u0107 i nieco wi\u0119cej miejsca do siedzenia. Dzi\u0119ki zespolonym siedziskom w formie zamkni\u0119tej obr\u0119czy, st\u00f3\u0142 oferuje maksymalne wykorzystanie przestrzeni \u2013 idealne nie tylko dla doros\u0142ych, [&hellip;]\" \/>\n<meta property=\"og:url\" content=\"https:\/\/www.siestagarden.com\/cs\/produkt\/okragly-stol-orbital-o-11-m-picnic-z-zespolonymi-siedziskami-picnic-8os\/\" \/>\n<meta property=\"og:site_name\" content=\"Siesta Garden\" \/>\n<meta property=\"article:modified_time\" content=\"2026-03-03T06:57:10+00:00\" \/>\n<meta property=\"og:image\" content=\"https:\/\/www.siestagarden.com\/wp-content\/uploads\/2025\/04\/IMG_0674_CMYK_300dpi.jpg\" \/>\n\t<meta property=\"og:image:width\" content=\"800\" \/>\n\t<meta property=\"og:image:height\" content=\"533\" \/>\n\t<meta property=\"og:image:type\" content=\"image\/jpeg\" \/>\n<meta name=\"twitter:card\" content=\"summary_large_image\" \/>\n<meta name=\"twitter:label1\" content=\"Odhadovan\u00e1 doba \u010dten\u00ed\" \/>\n\t<meta name=\"twitter:data1\" content=\"2 minuty\" \/>\n<script type=\"application\/ld+json\" class=\"yoast-schema-graph\">{\"@context\":\"https:\/\/schema.org\",\"@graph\":[{\"@type\":\"WebPage\",\"@id\":\"https:\/\/www.siestagarden.com\/produkt\/okragly-stol-orbital-o-11-m-picnic-z-zespolonymi-siedziskami-picnic-8os\/\",\"url\":\"https:\/\/www.siestagarden.com\/produkt\/okragly-stol-orbital-o-11-m-picnic-z-zespolonymi-siedziskami-picnic-8os\/\",\"name\":\"Okr\u0105g\u0142y st\u00f3\u0142 Orbital \u00d8 1,1 m Picnic z zespolonymi siedziskami Picnic 8os. - Siesta Garden\",\"isPartOf\":{\"@id\":\"https:\/\/www.siestagarden.com\/#website\"},\"primaryImageOfPage\":{\"@id\":\"https:\/\/www.siestagarden.com\/produkt\/okragly-stol-orbital-o-11-m-picnic-z-zespolonymi-siedziskami-picnic-8os\/#primaryimage\"},\"image\":{\"@id\":\"https:\/\/www.siestagarden.com\/produkt\/okragly-stol-orbital-o-11-m-picnic-z-zespolonymi-siedziskami-picnic-8os\/#primaryimage\"},\"thumbnailUrl\":\"https:\/\/www.siestagarden.com\/wp-content\/uploads\/2025\/04\/IMG_0674_CMYK_300dpi.jpg\",\"datePublished\":\"2025-04-15T11:58:42+00:00\",\"dateModified\":\"2026-03-03T06:57:10+00:00\",\"breadcrumb\":{\"@id\":\"https:\/\/www.siestagarden.com\/produkt\/okragly-stol-orbital-o-11-m-picnic-z-zespolonymi-siedziskami-picnic-8os\/#breadcrumb\"},\"inLanguage\":\"cs\",\"potentialAction\":[{\"@type\":\"ReadAction\",\"target\":[\"https:\/\/www.siestagarden.com\/produkt\/okragly-stol-orbital-o-11-m-picnic-z-zespolonymi-siedziskami-picnic-8os\/\"]}]},{\"@type\":\"ImageObject\",\"inLanguage\":\"cs\",\"@id\":\"https:\/\/www.siestagarden.com\/produkt\/okragly-stol-orbital-o-11-m-picnic-z-zespolonymi-siedziskami-picnic-8os\/#primaryimage\",\"url\":\"https:\/\/www.siestagarden.com\/wp-content\/uploads\/2025\/04\/IMG_0674_CMYK_300dpi.jpg\",\"contentUrl\":\"https:\/\/www.siestagarden.com\/wp-content\/uploads\/2025\/04\/IMG_0674_CMYK_300dpi.jpg\",\"width\":800,\"height\":533},{\"@type\":\"BreadcrumbList\",\"@id\":\"https:\/\/www.siestagarden.com\/produkt\/okragly-stol-orbital-o-11-m-picnic-z-zespolonymi-siedziskami-picnic-8os\/#breadcrumb\",\"itemListElement\":[{\"@type\":\"ListItem\",\"position\":1,\"name\":\"Strona g\u0142\u00f3wna\",\"item\":\"https:\/\/www.siestagarden.com\/\"},{\"@type\":\"ListItem\",\"position\":2,\"name\":\"Sklep\",\"item\":\"https:\/\/www.siestagarden.com\/sklep\/\"},{\"@type\":\"ListItem\",\"position\":3,\"name\":\"Okr\u0105g\u0142y st\u00f3\u0142 Orbital \u00d8 1,1 m Picnic z zespolonymi siedziskami Picnic 8os.\"}]},{\"@type\":\"WebSite\",\"@id\":\"https:\/\/www.siestagarden.com\/#website\",\"url\":\"https:\/\/www.siestagarden.com\/\",\"name\":\"Siesta Garden\",\"description\":\"Meble do Twojego ogrodu. Polski producent drewnianych mebli najwy\u017cszej jako\u015bci.\",\"potentialAction\":[{\"@type\":\"SearchAction\",\"target\":{\"@type\":\"EntryPoint\",\"urlTemplate\":\"https:\/\/www.siestagarden.com\/?s={search_term_string}\"},\"query-input\":{\"@type\":\"PropertyValueSpecification\",\"valueRequired\":true,\"valueName\":\"search_term_string\"}}],\"inLanguage\":\"cs\"}]}<\/script>\n<!-- \/ Yoast SEO plugin. -->","yoast_head_json":{"title":"Okr\u0105g\u0142y st\u00f3\u0142 Orbital \u00d8 1,1 m Picnic z zespolonymi siedziskami Picnic 8os. - Siesta Garden","robots":{"index":"index","follow":"follow","max-snippet":"max-snippet:-1","max-image-preview":"max-image-preview:large","max-video-preview":"max-video-preview:-1"},"canonical":"https:\/\/www.siestagarden.com\/cs\/produkt\/okragly-stol-orbital-o-11-m-picnic-z-zespolonymi-siedziskami-picnic-8os\/","og_locale":"cs_CZ","og_type":"article","og_title":"Okr\u0105g\u0142y st\u00f3\u0142 Orbital \u00d8 1,1 m Picnic z zespolonymi siedziskami Picnic 8os. - Siesta Garden","og_description":"Okr\u0105g\u0142y st\u00f3\u0142 Orbital \u00d8 1,1 m \u2013 8-osobowy komfort z zespolonymi siedziskami St\u00f3\u0142 Orbital z kolekcji Picnic to praktyczne i przemy\u015blane rozwi\u0105zanie dla tych, kt\u00f3rzy ceni\u0105 sobie kompaktowe wymiary, pe\u0142n\u0105 funkcjonalno\u015b\u0107 i nieco wi\u0119cej miejsca do siedzenia. Dzi\u0119ki zespolonym siedziskom w formie zamkni\u0119tej obr\u0119czy, st\u00f3\u0142 oferuje maksymalne wykorzystanie przestrzeni \u2013 idealne nie tylko dla doros\u0142ych, [&hellip;]","og_url":"https:\/\/www.siestagarden.com\/cs\/produkt\/okragly-stol-orbital-o-11-m-picnic-z-zespolonymi-siedziskami-picnic-8os\/","og_site_name":"Siesta Garden","article_modified_time":"2026-03-03T06:57:10+00:00","og_image":[{"width":800,"height":533,"url":"https:\/\/www.siestagarden.com\/wp-content\/uploads\/2025\/04\/IMG_0674_CMYK_300dpi.jpg","type":"image\/jpeg"}],"twitter_card":"summary_large_image","twitter_misc":{"Odhadovan\u00e1 doba \u010dten\u00ed":"2 minuty"},"schema":{"@context":"https:\/\/schema.org","@graph":[{"@type":"WebPage","@id":"https:\/\/www.siestagarden.com\/produkt\/okragly-stol-orbital-o-11-m-picnic-z-zespolonymi-siedziskami-picnic-8os\/","url":"https:\/\/www.siestagarden.com\/produkt\/okragly-stol-orbital-o-11-m-picnic-z-zespolonymi-siedziskami-picnic-8os\/","name":"Okr\u0105g\u0142y st\u00f3\u0142 Orbital \u00d8 1,1 m Picnic z zespolonymi siedziskami Picnic 8os. - Siesta Garden","isPartOf":{"@id":"https:\/\/www.siestagarden.com\/#website"},"primaryImageOfPage":{"@id":"https:\/\/www.siestagarden.com\/produkt\/okragly-stol-orbital-o-11-m-picnic-z-zespolonymi-siedziskami-picnic-8os\/#primaryimage"},"image":{"@id":"https:\/\/www.siestagarden.com\/produkt\/okragly-stol-orbital-o-11-m-picnic-z-zespolonymi-siedziskami-picnic-8os\/#primaryimage"},"thumbnailUrl":"https:\/\/www.siestagarden.com\/wp-content\/uploads\/2025\/04\/IMG_0674_CMYK_300dpi.jpg","datePublished":"2025-04-15T11:58:42+00:00","dateModified":"2026-03-03T06:57:10+00:00","breadcrumb":{"@id":"https:\/\/www.siestagarden.com\/produkt\/okragly-stol-orbital-o-11-m-picnic-z-zespolonymi-siedziskami-picnic-8os\/#breadcrumb"},"inLanguage":"cs","potentialAction":[{"@type":"ReadAction","target":["https:\/\/www.siestagarden.com\/produkt\/okragly-stol-orbital-o-11-m-picnic-z-zespolonymi-siedziskami-picnic-8os\/"]}]},{"@type":"ImageObject","inLanguage":"cs","@id":"https:\/\/www.siestagarden.com\/produkt\/okragly-stol-orbital-o-11-m-picnic-z-zespolonymi-siedziskami-picnic-8os\/#primaryimage","url":"https:\/\/www.siestagarden.com\/wp-content\/uploads\/2025\/04\/IMG_0674_CMYK_300dpi.jpg","contentUrl":"https:\/\/www.siestagarden.com\/wp-content\/uploads\/2025\/04\/IMG_0674_CMYK_300dpi.jpg","width":800,"height":533},{"@type":"BreadcrumbList","@id":"https:\/\/www.siestagarden.com\/produkt\/okragly-stol-orbital-o-11-m-picnic-z-zespolonymi-siedziskami-picnic-8os\/#breadcrumb","itemListElement":[{"@type":"ListItem","position":1,"name":"Strona g\u0142\u00f3wna","item":"https:\/\/www.siestagarden.com\/"},{"@type":"ListItem","position":2,"name":"Sklep","item":"https:\/\/www.siestagarden.com\/sklep\/"},{"@type":"ListItem","position":3,"name":"Okr\u0105g\u0142y st\u00f3\u0142 Orbital \u00d8 1,1 m Picnic z zespolonymi siedziskami Picnic 8os."}]},{"@type":"WebSite","@id":"https:\/\/www.siestagarden.com\/#website","url":"https:\/\/www.siestagarden.com\/","name":"Siesta Garden","description":"N\u00e1bytek pro va\u0161i zahradu. Polsk\u00fd v\u00fdrobce d\u0159ev\u011bn\u00e9ho n\u00e1bytku nejvy\u0161\u0161\u00ed kvality.","potentialAction":[{"@type":"SearchAction","target":{"@type":"EntryPoint","urlTemplate":"https:\/\/www.siestagarden.com\/?s={search_term_string}"},"query-input":{"@type":"PropertyValueSpecification","valueRequired":true,"valueName":"search_term_string"}}],"inLanguage":"cs"}]}},"_links":{"self":[{"href":"https:\/\/www.siestagarden.com\/cs\/wp-json\/wp\/v2\/product\/2584","targetHints":{"allow":["GET"]}}],"collection":[{"href":"https:\/\/www.siestagarden.com\/cs\/wp-json\/wp\/v2\/product"}],"about":[{"href":"https:\/\/www.siestagarden.com\/cs\/wp-json\/wp\/v2\/types\/product"}],"wp:featuredmedia":[{"embeddable":true,"href":"https:\/\/www.siestagarden.com\/cs\/wp-json\/wp\/v2\/media\/2585"}],"wp:attachment":[{"href":"https:\/\/www.siestagarden.com\/cs\/wp-json\/wp\/v2\/media?parent=2584"}],"wp:term":[{"taxonomy":"product_brand","embeddable":true,"href":"https:\/\/www.siestagarden.com\/cs\/wp-json\/wp\/v2\/product_brand?post=2584"},{"taxonomy":"product_cat","embeddable":true,"href":"https:\/\/www.siestagarden.com\/cs\/wp-json\/wp\/v2\/product_cat?post=2584"},{"taxonomy":"product_tag","embeddable":true,"href":"https:\/\/www.siestagarden.com\/cs\/wp-json\/wp\/v2\/product_tag?post=2584"}],"curies":[{"name":"wp","href":"https:\/\/api.w.org\/{rel}","templated":true}]}}