{"id":2598,"date":"2025-04-15T14:49:42","date_gmt":"2025-04-15T12:49:42","guid":{"rendered":"https:\/\/www.siestagarden.com\/?post_type=product&#038;p=2598"},"modified":"2026-03-03T07:56:37","modified_gmt":"2026-03-03T06:56:37","slug":"stol-trojkatny-z-oparciami-picnic-6os-z-drewna","status":"publish","type":"product","link":"https:\/\/www.siestagarden.com\/cs\/produkt\/stol-trojkatny-z-oparciami-picnic-6os-z-drewna\/","title":{"rendered":"Piknikov\u00fd troj\u00faheln\u00edkov\u00fd st\u016fl s op\u011bradly d\u0159evo pro 6 osob"},"content":{"rendered":"<p><strong>Troj\u00faheln\u00edkov\u00fd piknikov\u00fd st\u016fl s op\u011bradly<\/strong> - Komfort pro 6 osob v nov\u00e9 podob\u011b<\/p>\n<p>Pokud hled\u00e1te n\u011bco jin\u00e9ho ne\u017e klasick\u00fd piknikov\u00fd st\u016fl, ale st\u00e1le hled\u00e1te <strong>chcete odolnost, funk\u010dnost a pohodl\u00ed<\/strong> - troj\u00faheln\u00edkov\u00fd piknikov\u00fd st\u016fl s op\u011bradly s<strong> Sb\u00edrka Picnic<\/strong> bude ide\u00e1ln\u00ed volbou. Neobvykl\u00fd tvar, prostor<strong> pro 6 osob a integrovan\u00e1 op\u011bradla<\/strong> je mimo\u0159\u00e1dn\u011b pohodln\u00fdm a stylov\u00fdm prvkem ka\u017ed\u00e9ho prostoru.<\/p>\n<p>Konstrukce stolu je vyrobena z masivn\u00edho<strong> Borovicov\u00e9 d\u0159evo FSC\u00ae<\/strong> s \u00factyhodnou tlou\u0161\u0165kou desky 41 mm, kter\u00e1 zaji\u0161\u0165uje bezkonkuren\u010dn\u00ed odolnost i p\u0159i n\u00e1ro\u010dn\u00e9m pou\u017e\u00edv\u00e1n\u00ed - jak <strong>v soukrom\u00fdch zahrad\u00e1ch i v komer\u010dn\u00edch prostor\u00e1ch: hospod\u00e1ch, restaurac\u00edch, parc\u00edch nebo centrech voln\u00e9ho \u010dasu.<\/strong><\/p>\n<p>D\u00edky op\u011bradl\u016fm na v\u0161ech t\u0159ech stran\u00e1ch z\u00edskaj\u00ed u\u017eivatel\u00e9 v\u011bt\u0161\u00ed pohodl\u00ed a samotn\u00fd n\u00e1bytek z\u00edsk\u00e1 uvoln\u011bn\u011bj\u0161\u00ed charakter.<\/p>\n<p>Celek byl zaji\u0161t\u011bn <strong>impregnovan\u00e9 a\u017e do kategorie ochrany 3<\/strong>co\u017e znamen\u00e1 maxim\u00e1ln\u00ed odolnost proti pov\u011btrnostn\u00edm vliv\u016fm - <strong>m\u016f\u017eete ho nechat venku po cel\u00fd rok<\/strong>bez obav o trvanlivost konstrukce.<\/p>\n<p>Sou\u010d\u00e1st\u00ed dod\u00e1vky jsou ocelov\u00e9 \u0161rouby a kovov\u00e9 spojky, kter\u00e9 umo\u017e\u0148uj\u00ed pravideln\u00e9 utahov\u00e1n\u00ed - d\u016fle\u017eit\u00e9, kdy\u017e d\u0159evo p\u0159irozen\u011b \"pracuje\" se zm\u011bnami teploty a vlhkosti.<\/p>\n<p>St\u016fl se dod\u00e1v\u00e1 v ploch\u00e9m balen\u00ed, v\u010detn\u011b kov\u00e1n\u00ed a jednoduch\u00e9ho n\u00e1vodu k mont\u00e1\u017ei.<\/p>\n<p>\u2714\ufe0f <strong>6 m\u00edst<\/strong> - ergonomick\u00e9 uspo\u0159\u00e1d\u00e1n\u00ed se 3 stranami<\/p>\n<p>\u2714\ufe0f<strong> Integrovan\u00e1 op\u011bradla<\/strong> - pohodl\u00ed a lep\u0161\u00ed opora zad<\/p>\n<p>\u2714\ufe0f <strong>desky o tlou\u0161\u0165ce 41 mm<\/strong> - v\u00fdjime\u010dn\u00e1 robustnost a odolnost<\/p>\n<p>\u2714\ufe0f <strong>Borovicov\u00e9 d\u0159evo FSC\u00ae<\/strong> - odpov\u011bdn\u00e1 volba<\/p>\n<p>\u2714\ufe0f <strong>Impregnace a\u017e do kategorie ochrany 3<\/strong> - Pln\u011b odoln\u00fd proti pov\u011btrnostn\u00edm vliv\u016fm<\/p>\n<p>\u2714\ufe0f <strong>Ocelov\u00e9 spojky a \u0161rouby<\/strong> - stavebn\u00ed p\u0159ipravenost na mnoho let<\/p>\n<p>\u2714\ufe0f<strong> Dod\u00e1v\u00e1 se jako bal\u00ed\u010dek<\/strong> - snadn\u00e1 mont\u00e1\u017e<\/p>\n<p>Piknikov\u00fd st\u016fl s troj\u00faheln\u00edkovou op\u011brkou nen\u00ed jen utilit\u00e1rn\u00edm kusem n\u00e1bytku - je to zp\u016fsob, jak ozvl\u00e1\u0161tnit prostor a poskytnout host\u016fm maxim\u00e1ln\u00ed pohodl\u00ed v jedine\u010dn\u00e9 podob\u011b.<\/p>","protected":false},"excerpt":{"rendered":"<p>Tr\u00f3jk\u0105tny st\u00f3\u0142 piknikowy z oparciami \u2013 6-osobowy komfort w nowej formie Je\u015bli szukasz czego\u015b innego ni\u017c klasyczny st\u00f3\u0142 piknikowy, ale nadal oczekujesz trwa\u0142o\u015bci, funkcjonalno\u015bci i wygody \u2013 tr\u00f3jk\u0105tny st\u00f3\u0142 piknikowy z oparciami z kolekcji Picnic b\u0119dzie idealnym wyborem. Nietuzinkowy kszta\u0142t, miejsce dla 6 os\u00f3b oraz zintegrowane oparcia czyni\u0105 go wyj\u0105tkowo komfortowym i stylowym elementem ka\u017cdej [&hellip;]<\/p>\n","protected":false},"featured_media":2599,"template":"","meta":{"_acf_changed":false},"product_brand":[],"product_cat":[66],"product_tag":[88],"class_list":{"0":"post-2598","1":"product","2":"type-product","3":"status-publish","4":"has-post-thumbnail","6":"product_cat-stoly-piknikowe","7":"product_tag-kolekcja-picnic","8":"product_shipping_class-podstawowa","10":"first","11":"onbackorder","12":"taxable","13":"shipping-taxable","14":"purchasable","15":"product-type-simple","16":"add-to-wishlist-after_add_to_cart"},"acf":[],"yoast_head":"<!-- This site is optimized with the Yoast SEO plugin v26.6 - https:\/\/yoast.com\/wordpress\/plugins\/seo\/ -->\n<title>St\u00f3\u0142 tr\u00f3jk\u0105tny z oparciami Picnic 6os. z drewna - Siesta Garden<\/title>\n<meta name=\"robots\" content=\"index, follow, max-snippet:-1, max-image-preview:large, max-video-preview:-1\" \/>\n<link rel=\"canonical\" href=\"https:\/\/www.siestagarden.com\/cs\/produkt\/stol-trojkatny-z-oparciami-picnic-6os-z-drewna\/\" \/>\n<meta property=\"og:locale\" content=\"cs_CZ\" \/>\n<meta property=\"og:type\" content=\"article\" \/>\n<meta property=\"og:title\" content=\"St\u00f3\u0142 tr\u00f3jk\u0105tny z oparciami Picnic 6os. z drewna - Siesta Garden\" \/>\n<meta property=\"og:description\" content=\"Tr\u00f3jk\u0105tny st\u00f3\u0142 piknikowy z oparciami \u2013 6-osobowy komfort w nowej formie Je\u015bli szukasz czego\u015b innego ni\u017c klasyczny st\u00f3\u0142 piknikowy, ale nadal oczekujesz trwa\u0142o\u015bci, funkcjonalno\u015bci i wygody \u2013 tr\u00f3jk\u0105tny st\u00f3\u0142 piknikowy z oparciami z kolekcji Picnic b\u0119dzie idealnym wyborem. Nietuzinkowy kszta\u0142t, miejsce dla 6 os\u00f3b oraz zintegrowane oparcia czyni\u0105 go wyj\u0105tkowo komfortowym i stylowym elementem ka\u017cdej [&hellip;]\" \/>\n<meta property=\"og:url\" content=\"https:\/\/www.siestagarden.com\/cs\/produkt\/stol-trojkatny-z-oparciami-picnic-6os-z-drewna\/\" \/>\n<meta property=\"og:site_name\" content=\"Siesta Garden\" \/>\n<meta property=\"article:modified_time\" content=\"2026-03-03T06:56:37+00:00\" \/>\n<meta property=\"og:image\" content=\"https:\/\/www.siestagarden.com\/wp-content\/uploads\/2025\/04\/IMG_3130.jpg\" \/>\n\t<meta property=\"og:image:width\" content=\"1275\" \/>\n\t<meta property=\"og:image:height\" content=\"850\" \/>\n\t<meta property=\"og:image:type\" content=\"image\/jpeg\" \/>\n<meta name=\"twitter:card\" content=\"summary_large_image\" \/>\n<meta name=\"twitter:label1\" content=\"Odhadovan\u00e1 doba \u010dten\u00ed\" \/>\n\t<meta name=\"twitter:data1\" content=\"2 minuty\" \/>\n<script type=\"application\/ld+json\" class=\"yoast-schema-graph\">{\"@context\":\"https:\/\/schema.org\",\"@graph\":[{\"@type\":\"WebPage\",\"@id\":\"https:\/\/www.siestagarden.com\/produkt\/stol-trojkatny-z-oparciami-picnic-6os-z-drewna\/\",\"url\":\"https:\/\/www.siestagarden.com\/produkt\/stol-trojkatny-z-oparciami-picnic-6os-z-drewna\/\",\"name\":\"St\u00f3\u0142 tr\u00f3jk\u0105tny z oparciami Picnic 6os. z drewna - Siesta Garden\",\"isPartOf\":{\"@id\":\"https:\/\/www.siestagarden.com\/#website\"},\"primaryImageOfPage\":{\"@id\":\"https:\/\/www.siestagarden.com\/produkt\/stol-trojkatny-z-oparciami-picnic-6os-z-drewna\/#primaryimage\"},\"image\":{\"@id\":\"https:\/\/www.siestagarden.com\/produkt\/stol-trojkatny-z-oparciami-picnic-6os-z-drewna\/#primaryimage\"},\"thumbnailUrl\":\"https:\/\/www.siestagarden.com\/wp-content\/uploads\/2025\/04\/IMG_3130.jpg\",\"datePublished\":\"2025-04-15T12:49:42+00:00\",\"dateModified\":\"2026-03-03T06:56:37+00:00\",\"breadcrumb\":{\"@id\":\"https:\/\/www.siestagarden.com\/produkt\/stol-trojkatny-z-oparciami-picnic-6os-z-drewna\/#breadcrumb\"},\"inLanguage\":\"cs\",\"potentialAction\":[{\"@type\":\"ReadAction\",\"target\":[\"https:\/\/www.siestagarden.com\/produkt\/stol-trojkatny-z-oparciami-picnic-6os-z-drewna\/\"]}]},{\"@type\":\"ImageObject\",\"inLanguage\":\"cs\",\"@id\":\"https:\/\/www.siestagarden.com\/produkt\/stol-trojkatny-z-oparciami-picnic-6os-z-drewna\/#primaryimage\",\"url\":\"https:\/\/www.siestagarden.com\/wp-content\/uploads\/2025\/04\/IMG_3130.jpg\",\"contentUrl\":\"https:\/\/www.siestagarden.com\/wp-content\/uploads\/2025\/04\/IMG_3130.jpg\",\"width\":1275,\"height\":850},{\"@type\":\"BreadcrumbList\",\"@id\":\"https:\/\/www.siestagarden.com\/produkt\/stol-trojkatny-z-oparciami-picnic-6os-z-drewna\/#breadcrumb\",\"itemListElement\":[{\"@type\":\"ListItem\",\"position\":1,\"name\":\"Strona g\u0142\u00f3wna\",\"item\":\"https:\/\/www.siestagarden.com\/\"},{\"@type\":\"ListItem\",\"position\":2,\"name\":\"Sklep\",\"item\":\"https:\/\/www.siestagarden.com\/sklep\/\"},{\"@type\":\"ListItem\",\"position\":3,\"name\":\"St\u00f3\u0142 tr\u00f3jk\u0105tny z oparciami Picnic 6os. z drewna\"}]},{\"@type\":\"WebSite\",\"@id\":\"https:\/\/www.siestagarden.com\/#website\",\"url\":\"https:\/\/www.siestagarden.com\/\",\"name\":\"Siesta Garden\",\"description\":\"Meble do Twojego ogrodu. Polski producent drewnianych mebli najwy\u017cszej jako\u015bci.\",\"potentialAction\":[{\"@type\":\"SearchAction\",\"target\":{\"@type\":\"EntryPoint\",\"urlTemplate\":\"https:\/\/www.siestagarden.com\/?s={search_term_string}\"},\"query-input\":{\"@type\":\"PropertyValueSpecification\",\"valueRequired\":true,\"valueName\":\"search_term_string\"}}],\"inLanguage\":\"cs\"}]}<\/script>\n<!-- \/ Yoast SEO plugin. -->","yoast_head_json":{"title":"St\u00f3\u0142 tr\u00f3jk\u0105tny z oparciami Picnic 6os. z drewna - Siesta Garden","robots":{"index":"index","follow":"follow","max-snippet":"max-snippet:-1","max-image-preview":"max-image-preview:large","max-video-preview":"max-video-preview:-1"},"canonical":"https:\/\/www.siestagarden.com\/cs\/produkt\/stol-trojkatny-z-oparciami-picnic-6os-z-drewna\/","og_locale":"cs_CZ","og_type":"article","og_title":"St\u00f3\u0142 tr\u00f3jk\u0105tny z oparciami Picnic 6os. z drewna - Siesta Garden","og_description":"Tr\u00f3jk\u0105tny st\u00f3\u0142 piknikowy z oparciami \u2013 6-osobowy komfort w nowej formie Je\u015bli szukasz czego\u015b innego ni\u017c klasyczny st\u00f3\u0142 piknikowy, ale nadal oczekujesz trwa\u0142o\u015bci, funkcjonalno\u015bci i wygody \u2013 tr\u00f3jk\u0105tny st\u00f3\u0142 piknikowy z oparciami z kolekcji Picnic b\u0119dzie idealnym wyborem. Nietuzinkowy kszta\u0142t, miejsce dla 6 os\u00f3b oraz zintegrowane oparcia czyni\u0105 go wyj\u0105tkowo komfortowym i stylowym elementem ka\u017cdej [&hellip;]","og_url":"https:\/\/www.siestagarden.com\/cs\/produkt\/stol-trojkatny-z-oparciami-picnic-6os-z-drewna\/","og_site_name":"Siesta Garden","article_modified_time":"2026-03-03T06:56:37+00:00","og_image":[{"width":1275,"height":850,"url":"https:\/\/www.siestagarden.com\/wp-content\/uploads\/2025\/04\/IMG_3130.jpg","type":"image\/jpeg"}],"twitter_card":"summary_large_image","twitter_misc":{"Odhadovan\u00e1 doba \u010dten\u00ed":"2 minuty"},"schema":{"@context":"https:\/\/schema.org","@graph":[{"@type":"WebPage","@id":"https:\/\/www.siestagarden.com\/produkt\/stol-trojkatny-z-oparciami-picnic-6os-z-drewna\/","url":"https:\/\/www.siestagarden.com\/produkt\/stol-trojkatny-z-oparciami-picnic-6os-z-drewna\/","name":"St\u00f3\u0142 tr\u00f3jk\u0105tny z oparciami Picnic 6os. z drewna - Siesta Garden","isPartOf":{"@id":"https:\/\/www.siestagarden.com\/#website"},"primaryImageOfPage":{"@id":"https:\/\/www.siestagarden.com\/produkt\/stol-trojkatny-z-oparciami-picnic-6os-z-drewna\/#primaryimage"},"image":{"@id":"https:\/\/www.siestagarden.com\/produkt\/stol-trojkatny-z-oparciami-picnic-6os-z-drewna\/#primaryimage"},"thumbnailUrl":"https:\/\/www.siestagarden.com\/wp-content\/uploads\/2025\/04\/IMG_3130.jpg","datePublished":"2025-04-15T12:49:42+00:00","dateModified":"2026-03-03T06:56:37+00:00","breadcrumb":{"@id":"https:\/\/www.siestagarden.com\/produkt\/stol-trojkatny-z-oparciami-picnic-6os-z-drewna\/#breadcrumb"},"inLanguage":"cs","potentialAction":[{"@type":"ReadAction","target":["https:\/\/www.siestagarden.com\/produkt\/stol-trojkatny-z-oparciami-picnic-6os-z-drewna\/"]}]},{"@type":"ImageObject","inLanguage":"cs","@id":"https:\/\/www.siestagarden.com\/produkt\/stol-trojkatny-z-oparciami-picnic-6os-z-drewna\/#primaryimage","url":"https:\/\/www.siestagarden.com\/wp-content\/uploads\/2025\/04\/IMG_3130.jpg","contentUrl":"https:\/\/www.siestagarden.com\/wp-content\/uploads\/2025\/04\/IMG_3130.jpg","width":1275,"height":850},{"@type":"BreadcrumbList","@id":"https:\/\/www.siestagarden.com\/produkt\/stol-trojkatny-z-oparciami-picnic-6os-z-drewna\/#breadcrumb","itemListElement":[{"@type":"ListItem","position":1,"name":"Strona g\u0142\u00f3wna","item":"https:\/\/www.siestagarden.com\/"},{"@type":"ListItem","position":2,"name":"Sklep","item":"https:\/\/www.siestagarden.com\/sklep\/"},{"@type":"ListItem","position":3,"name":"St\u00f3\u0142 tr\u00f3jk\u0105tny z oparciami Picnic 6os. z drewna"}]},{"@type":"WebSite","@id":"https:\/\/www.siestagarden.com\/#website","url":"https:\/\/www.siestagarden.com\/","name":"Siesta Garden","description":"N\u00e1bytek pro va\u0161i zahradu. Polsk\u00fd v\u00fdrobce d\u0159ev\u011bn\u00e9ho n\u00e1bytku nejvy\u0161\u0161\u00ed kvality.","potentialAction":[{"@type":"SearchAction","target":{"@type":"EntryPoint","urlTemplate":"https:\/\/www.siestagarden.com\/?s={search_term_string}"},"query-input":{"@type":"PropertyValueSpecification","valueRequired":true,"valueName":"search_term_string"}}],"inLanguage":"cs"}]}},"_links":{"self":[{"href":"https:\/\/www.siestagarden.com\/cs\/wp-json\/wp\/v2\/product\/2598","targetHints":{"allow":["GET"]}}],"collection":[{"href":"https:\/\/www.siestagarden.com\/cs\/wp-json\/wp\/v2\/product"}],"about":[{"href":"https:\/\/www.siestagarden.com\/cs\/wp-json\/wp\/v2\/types\/product"}],"wp:featuredmedia":[{"embeddable":true,"href":"https:\/\/www.siestagarden.com\/cs\/wp-json\/wp\/v2\/media\/2599"}],"wp:attachment":[{"href":"https:\/\/www.siestagarden.com\/cs\/wp-json\/wp\/v2\/media?parent=2598"}],"wp:term":[{"taxonomy":"product_brand","embeddable":true,"href":"https:\/\/www.siestagarden.com\/cs\/wp-json\/wp\/v2\/product_brand?post=2598"},{"taxonomy":"product_cat","embeddable":true,"href":"https:\/\/www.siestagarden.com\/cs\/wp-json\/wp\/v2\/product_cat?post=2598"},{"taxonomy":"product_tag","embeddable":true,"href":"https:\/\/www.siestagarden.com\/cs\/wp-json\/wp\/v2\/product_tag?post=2598"}],"curies":[{"name":"wp","href":"https:\/\/api.w.org\/{rel}","templated":true}]}}