{"id":2822,"date":"2025-04-17T08:05:59","date_gmt":"2025-04-17T06:05:59","guid":{"rendered":"https:\/\/www.siestagarden.com\/?post_type=product&#038;p=2822"},"modified":"2026-02-06T11:44:42","modified_gmt":"2026-02-06T10:44:42","slug":"stol-okragly-o-09-m-brent-6os-picnic-z-drewna","status":"publish","type":"product","link":"https:\/\/www.siestagarden.com\/cs\/produkt\/stol-okragly-o-09-m-brent-6os-picnic-z-drewna\/","title":{"rendered":"Kulat\u00fd st\u016fl \u00d8 0,9 m Brent 6os. D\u0159ev\u011bn\u00fd piknik"},"content":{"rendered":"<p><strong>Kulat\u00fd st\u016fl \u00d8 0,9 m Brent - 6m\u00edstn\u00fd d\u0159ev\u011bn\u00fd piknikov\u00fd set (31 mm)<\/strong><br \/>\n<strong>Kompaktn\u00ed, funk\u010dn\u00ed a p\u0159ipraven\u00e9 pro ka\u017edodenn\u00ed pou\u017eit\u00ed<\/strong> - St\u016fl Brent \u00d8 0,9 m z kolekce Picnic je ide\u00e1ln\u00edm \u0159e\u0161en\u00edm pro mal\u00e9 prostory, jako jsou mal\u00e9 <strong>zahrady, terasy, mate\u0159sk\u00e9 \u0161koly, \u0161kolky nebo kav\u00e1rny pod \u0161ir\u00fdm nebem.<\/strong>. D\u00edky integrovan\u00e9mu sezen\u00ed v kruhov\u00e9m uspo\u0159\u00e1d\u00e1n\u00ed m\u016f\u017ee <strong>pohodln\u011b pojme 6 osob<\/strong>, co\u017e zaji\u0161\u0165uje \u00fasporu m\u00edsta a pohodln\u00e9 pou\u017e\u00edv\u00e1n\u00ed.<\/p>\n<p><strong>Pr\u016fm\u011br stoln\u00ed desky 90 cm<\/strong> poskytuje dostate\u010dn\u00fd prostor pro <strong>spole\u010dn\u00e9 j\u00eddlo, stoln\u00ed hry nebo odpoledn\u00ed \u010daj<\/strong>. D\u00edky pln\u00e9mu obvodu sedadel se tento model dob\u0159e hod\u00ed i do rodinn\u00fdch prostor - d\u011bti mohou pohodln\u011b sed\u011bt mezi dosp\u011bl\u00fdmi.<\/p>\n<p>Vyrobeno z pevn\u00e9ho materi\u00e1lu <strong>Borovicov\u00e9 d\u0159evo FSC\u00ae<\/strong> <strong>tlou\u0161\u0165ka 31 mm<\/strong>, st\u016fl Brent v sob\u011b spojuje stabilitu a estetiku s praktickou lehkost\u00ed, kter\u00e1 umo\u017e\u0148uje snadn\u00e9 sez\u00f3nn\u00ed p\u0159estavov\u00e1n\u00ed n\u00e1bytku.<\/p>\n<p>D\u0159evo bylo chr\u00e1n\u011bno <strong>impregnovan\u00e9 a\u017e do kategorie ochrany 3<\/strong>co\u017e znamen\u00e1. <strong>odolnost v\u016f\u010di de\u0161ti, slunci a prom\u011bnliv\u00fdm pov\u011btrnostn\u00edm podm\u00ednk\u00e1m.<\/strong> po cel\u00fd rok.<\/p>\n<p>Model je dod\u00e1v\u00e1n v ploch\u00e9m balen\u00ed (pro vlastn\u00ed mont\u00e1\u017e) - v\u0161echny pot\u0159ebn\u00e9 mont\u00e1\u017en\u00ed komponenty a n\u00e1vod jsou sou\u010d\u00e1st\u00ed balen\u00ed.<\/p>\n<p>Kl\u00ed\u010dov\u00e9 vlastnosti:<\/p>\n<p>\u2714\ufe0f <strong>Pro 6 osob<\/strong> - pohodln\u00e9, kompaktn\u00ed kruhov\u00e9 uspo\u0159\u00e1d\u00e1n\u00ed<br \/>\n\u2714\ufe0f <strong>Horn\u00ed pr\u016fm\u011br:<\/strong> \u00d8 90 cm<br \/>\n\u2714\ufe0f <strong>desky o tlou\u0161\u0165ce 31 mm<\/strong> - odolnost s lehkou konstrukc\u00ed<br \/>\n\u2714\ufe0f <strong>Borovicov\u00e9 d\u0159evo FSC\u00ae<\/strong> - z certifikovan\u00fdch, odpov\u011bdn\u00fdch zdroj\u016f<br \/>\n\u2714\ufe0f<strong> Impregnace a\u017e do kategorie ochrany 3<\/strong> - celoro\u010dn\u00ed pou\u017eit\u00ed<br \/>\n\u2714\ufe0f<strong> Pozinkovan\u00e9 \u0161rouby a z\u00e1suvky<\/strong> - odolnost proti korozi a t\u011bsnost<br \/>\n\u2714\ufe0f <strong>Flat-pack<\/strong> - pohodln\u00e1 p\u0159eprava, rychl\u00e1 instalace<br \/>\n\u2714\ufe0f <strong>Ide\u00e1ln\u00ed pro: zahrady, \u0161koly, letn\u00ed zahrady, \u0161kolky, terasy.<\/strong><br \/>\nSt\u016fl Brent \u00d8 0,9 m je kompaktn\u00ed, ale pln\u011b funk\u010dn\u00ed \u0159e\u0161en\u00ed, kter\u00e9 se uplatn\u00ed v\u0161ude tam, kde je d\u016fle\u017eit\u00fd spole\u010dn\u00fd prostor a udr\u017eitelnost - v kr\u00e1sn\u00e9m, p\u0159\u00edrodn\u00edm prost\u0159ed\u00ed.<\/p>","protected":false},"excerpt":{"rendered":"<p>St\u00f3\u0142 okr\u0105g\u0142y \u00d8 0,9 m Brent \u2013 6-osobowy zestaw piknikowy z drewna (31 mm) Kompaktowy, funkcjonalny i gotowy do codziennego u\u017cytku \u2013 st\u00f3\u0142 Brent \u00d8 0,9 m z kolekcji Picnic to doskona\u0142e rozwi\u0105zanie do niewielkich przestrzeni, takich jak ma\u0142e ogrody, tarasy, przedszkola, \u015bwietlice czy kawiarnie plenerowe. Dzi\u0119ki zintegrowanym siedziskom w uk\u0142adzie okr\u0119gu, mo\u017ce wygodnie pomie\u015bci\u0107 [&hellip;]<\/p>\n","protected":false},"featured_media":2823,"template":"","meta":{"_acf_changed":false},"product_brand":[],"product_cat":[66],"product_tag":[88],"class_list":{"0":"post-2822","1":"product","2":"type-product","3":"status-publish","4":"has-post-thumbnail","6":"product_cat-stoly-piknikowe","7":"product_tag-kolekcja-picnic","8":"product_shipping_class-podstawowa","10":"first","11":"instock","12":"taxable","13":"shipping-taxable","14":"purchasable","15":"product-type-simple","16":"add-to-wishlist-after_add_to_cart"},"acf":[],"yoast_head":"<!-- This site is optimized with the Yoast SEO plugin v26.6 - https:\/\/yoast.com\/wordpress\/plugins\/seo\/ -->\n<title>St\u00f3\u0142 okr\u0105g\u0142y \u00d8 0,9 m Brent 6os. Picnic z drewna - Siesta Garden<\/title>\n<meta name=\"robots\" content=\"index, follow, max-snippet:-1, max-image-preview:large, max-video-preview:-1\" \/>\n<link rel=\"canonical\" href=\"https:\/\/www.siestagarden.com\/cs\/produkt\/stol-okragly-o-09-m-brent-6os-picnic-z-drewna\/\" \/>\n<meta property=\"og:locale\" content=\"cs_CZ\" \/>\n<meta property=\"og:type\" content=\"article\" \/>\n<meta property=\"og:title\" content=\"St\u00f3\u0142 okr\u0105g\u0142y \u00d8 0,9 m Brent 6os. Picnic z drewna - Siesta Garden\" \/>\n<meta property=\"og:description\" content=\"St\u00f3\u0142 okr\u0105g\u0142y \u00d8 0,9 m Brent \u2013 6-osobowy zestaw piknikowy z drewna (31 mm) Kompaktowy, funkcjonalny i gotowy do codziennego u\u017cytku \u2013 st\u00f3\u0142 Brent \u00d8 0,9 m z kolekcji Picnic to doskona\u0142e rozwi\u0105zanie do niewielkich przestrzeni, takich jak ma\u0142e ogrody, tarasy, przedszkola, \u015bwietlice czy kawiarnie plenerowe. Dzi\u0119ki zintegrowanym siedziskom w uk\u0142adzie okr\u0119gu, mo\u017ce wygodnie pomie\u015bci\u0107 [&hellip;]\" \/>\n<meta property=\"og:url\" content=\"https:\/\/www.siestagarden.com\/cs\/produkt\/stol-okragly-o-09-m-brent-6os-picnic-z-drewna\/\" \/>\n<meta property=\"og:site_name\" content=\"Siesta Garden\" \/>\n<meta property=\"article:modified_time\" content=\"2026-02-06T10:44:42+00:00\" \/>\n<meta property=\"og:image\" content=\"https:\/\/www.siestagarden.com\/wp-content\/uploads\/2025\/04\/IMG_1642.jpg\" \/>\n\t<meta property=\"og:image:width\" content=\"1600\" \/>\n\t<meta property=\"og:image:height\" content=\"1067\" \/>\n\t<meta property=\"og:image:type\" content=\"image\/jpeg\" \/>\n<meta name=\"twitter:card\" content=\"summary_large_image\" \/>\n<meta name=\"twitter:label1\" content=\"Odhadovan\u00e1 doba \u010dten\u00ed\" \/>\n\t<meta name=\"twitter:data1\" content=\"2 minuty\" \/>\n<script type=\"application\/ld+json\" class=\"yoast-schema-graph\">{\"@context\":\"https:\/\/schema.org\",\"@graph\":[{\"@type\":\"WebPage\",\"@id\":\"https:\/\/www.siestagarden.com\/produkt\/stol-okragly-o-09-m-brent-6os-picnic-z-drewna\/\",\"url\":\"https:\/\/www.siestagarden.com\/produkt\/stol-okragly-o-09-m-brent-6os-picnic-z-drewna\/\",\"name\":\"St\u00f3\u0142 okr\u0105g\u0142y \u00d8 0,9 m Brent 6os. Picnic z drewna - Siesta Garden\",\"isPartOf\":{\"@id\":\"https:\/\/www.siestagarden.com\/#website\"},\"primaryImageOfPage\":{\"@id\":\"https:\/\/www.siestagarden.com\/produkt\/stol-okragly-o-09-m-brent-6os-picnic-z-drewna\/#primaryimage\"},\"image\":{\"@id\":\"https:\/\/www.siestagarden.com\/produkt\/stol-okragly-o-09-m-brent-6os-picnic-z-drewna\/#primaryimage\"},\"thumbnailUrl\":\"https:\/\/www.siestagarden.com\/wp-content\/uploads\/2025\/04\/IMG_1642.jpg\",\"datePublished\":\"2025-04-17T06:05:59+00:00\",\"dateModified\":\"2026-02-06T10:44:42+00:00\",\"breadcrumb\":{\"@id\":\"https:\/\/www.siestagarden.com\/produkt\/stol-okragly-o-09-m-brent-6os-picnic-z-drewna\/#breadcrumb\"},\"inLanguage\":\"cs\",\"potentialAction\":[{\"@type\":\"ReadAction\",\"target\":[\"https:\/\/www.siestagarden.com\/produkt\/stol-okragly-o-09-m-brent-6os-picnic-z-drewna\/\"]}]},{\"@type\":\"ImageObject\",\"inLanguage\":\"cs\",\"@id\":\"https:\/\/www.siestagarden.com\/produkt\/stol-okragly-o-09-m-brent-6os-picnic-z-drewna\/#primaryimage\",\"url\":\"https:\/\/www.siestagarden.com\/wp-content\/uploads\/2025\/04\/IMG_1642.jpg\",\"contentUrl\":\"https:\/\/www.siestagarden.com\/wp-content\/uploads\/2025\/04\/IMG_1642.jpg\",\"width\":1600,\"height\":1067},{\"@type\":\"BreadcrumbList\",\"@id\":\"https:\/\/www.siestagarden.com\/produkt\/stol-okragly-o-09-m-brent-6os-picnic-z-drewna\/#breadcrumb\",\"itemListElement\":[{\"@type\":\"ListItem\",\"position\":1,\"name\":\"Strona g\u0142\u00f3wna\",\"item\":\"https:\/\/www.siestagarden.com\/\"},{\"@type\":\"ListItem\",\"position\":2,\"name\":\"Sklep\",\"item\":\"https:\/\/www.siestagarden.com\/sklep\/\"},{\"@type\":\"ListItem\",\"position\":3,\"name\":\"St\u00f3\u0142 okr\u0105g\u0142y \u00d8 0,9 m Brent 6os. Picnic z drewna\"}]},{\"@type\":\"WebSite\",\"@id\":\"https:\/\/www.siestagarden.com\/#website\",\"url\":\"https:\/\/www.siestagarden.com\/\",\"name\":\"Siesta Garden\",\"description\":\"Meble do Twojego ogrodu. Polski producent drewnianych mebli najwy\u017cszej jako\u015bci.\",\"potentialAction\":[{\"@type\":\"SearchAction\",\"target\":{\"@type\":\"EntryPoint\",\"urlTemplate\":\"https:\/\/www.siestagarden.com\/?s={search_term_string}\"},\"query-input\":{\"@type\":\"PropertyValueSpecification\",\"valueRequired\":true,\"valueName\":\"search_term_string\"}}],\"inLanguage\":\"cs\"}]}<\/script>\n<!-- \/ Yoast SEO plugin. -->","yoast_head_json":{"title":"St\u00f3\u0142 okr\u0105g\u0142y \u00d8 0,9 m Brent 6os. Picnic z drewna - Siesta Garden","robots":{"index":"index","follow":"follow","max-snippet":"max-snippet:-1","max-image-preview":"max-image-preview:large","max-video-preview":"max-video-preview:-1"},"canonical":"https:\/\/www.siestagarden.com\/cs\/produkt\/stol-okragly-o-09-m-brent-6os-picnic-z-drewna\/","og_locale":"cs_CZ","og_type":"article","og_title":"St\u00f3\u0142 okr\u0105g\u0142y \u00d8 0,9 m Brent 6os. Picnic z drewna - Siesta Garden","og_description":"St\u00f3\u0142 okr\u0105g\u0142y \u00d8 0,9 m Brent \u2013 6-osobowy zestaw piknikowy z drewna (31 mm) Kompaktowy, funkcjonalny i gotowy do codziennego u\u017cytku \u2013 st\u00f3\u0142 Brent \u00d8 0,9 m z kolekcji Picnic to doskona\u0142e rozwi\u0105zanie do niewielkich przestrzeni, takich jak ma\u0142e ogrody, tarasy, przedszkola, \u015bwietlice czy kawiarnie plenerowe. Dzi\u0119ki zintegrowanym siedziskom w uk\u0142adzie okr\u0119gu, mo\u017ce wygodnie pomie\u015bci\u0107 [&hellip;]","og_url":"https:\/\/www.siestagarden.com\/cs\/produkt\/stol-okragly-o-09-m-brent-6os-picnic-z-drewna\/","og_site_name":"Siesta Garden","article_modified_time":"2026-02-06T10:44:42+00:00","og_image":[{"width":1600,"height":1067,"url":"https:\/\/www.siestagarden.com\/wp-content\/uploads\/2025\/04\/IMG_1642.jpg","type":"image\/jpeg"}],"twitter_card":"summary_large_image","twitter_misc":{"Odhadovan\u00e1 doba \u010dten\u00ed":"2 minuty"},"schema":{"@context":"https:\/\/schema.org","@graph":[{"@type":"WebPage","@id":"https:\/\/www.siestagarden.com\/produkt\/stol-okragly-o-09-m-brent-6os-picnic-z-drewna\/","url":"https:\/\/www.siestagarden.com\/produkt\/stol-okragly-o-09-m-brent-6os-picnic-z-drewna\/","name":"St\u00f3\u0142 okr\u0105g\u0142y \u00d8 0,9 m Brent 6os. Picnic z drewna - Siesta Garden","isPartOf":{"@id":"https:\/\/www.siestagarden.com\/#website"},"primaryImageOfPage":{"@id":"https:\/\/www.siestagarden.com\/produkt\/stol-okragly-o-09-m-brent-6os-picnic-z-drewna\/#primaryimage"},"image":{"@id":"https:\/\/www.siestagarden.com\/produkt\/stol-okragly-o-09-m-brent-6os-picnic-z-drewna\/#primaryimage"},"thumbnailUrl":"https:\/\/www.siestagarden.com\/wp-content\/uploads\/2025\/04\/IMG_1642.jpg","datePublished":"2025-04-17T06:05:59+00:00","dateModified":"2026-02-06T10:44:42+00:00","breadcrumb":{"@id":"https:\/\/www.siestagarden.com\/produkt\/stol-okragly-o-09-m-brent-6os-picnic-z-drewna\/#breadcrumb"},"inLanguage":"cs","potentialAction":[{"@type":"ReadAction","target":["https:\/\/www.siestagarden.com\/produkt\/stol-okragly-o-09-m-brent-6os-picnic-z-drewna\/"]}]},{"@type":"ImageObject","inLanguage":"cs","@id":"https:\/\/www.siestagarden.com\/produkt\/stol-okragly-o-09-m-brent-6os-picnic-z-drewna\/#primaryimage","url":"https:\/\/www.siestagarden.com\/wp-content\/uploads\/2025\/04\/IMG_1642.jpg","contentUrl":"https:\/\/www.siestagarden.com\/wp-content\/uploads\/2025\/04\/IMG_1642.jpg","width":1600,"height":1067},{"@type":"BreadcrumbList","@id":"https:\/\/www.siestagarden.com\/produkt\/stol-okragly-o-09-m-brent-6os-picnic-z-drewna\/#breadcrumb","itemListElement":[{"@type":"ListItem","position":1,"name":"Strona g\u0142\u00f3wna","item":"https:\/\/www.siestagarden.com\/"},{"@type":"ListItem","position":2,"name":"Sklep","item":"https:\/\/www.siestagarden.com\/sklep\/"},{"@type":"ListItem","position":3,"name":"St\u00f3\u0142 okr\u0105g\u0142y \u00d8 0,9 m Brent 6os. Picnic z drewna"}]},{"@type":"WebSite","@id":"https:\/\/www.siestagarden.com\/#website","url":"https:\/\/www.siestagarden.com\/","name":"Siesta Garden","description":"N\u00e1bytek pro va\u0161i zahradu. Polsk\u00fd v\u00fdrobce d\u0159ev\u011bn\u00e9ho n\u00e1bytku nejvy\u0161\u0161\u00ed kvality.","potentialAction":[{"@type":"SearchAction","target":{"@type":"EntryPoint","urlTemplate":"https:\/\/www.siestagarden.com\/?s={search_term_string}"},"query-input":{"@type":"PropertyValueSpecification","valueRequired":true,"valueName":"search_term_string"}}],"inLanguage":"cs"}]}},"_links":{"self":[{"href":"https:\/\/www.siestagarden.com\/cs\/wp-json\/wp\/v2\/product\/2822","targetHints":{"allow":["GET"]}}],"collection":[{"href":"https:\/\/www.siestagarden.com\/cs\/wp-json\/wp\/v2\/product"}],"about":[{"href":"https:\/\/www.siestagarden.com\/cs\/wp-json\/wp\/v2\/types\/product"}],"wp:featuredmedia":[{"embeddable":true,"href":"https:\/\/www.siestagarden.com\/cs\/wp-json\/wp\/v2\/media\/2823"}],"wp:attachment":[{"href":"https:\/\/www.siestagarden.com\/cs\/wp-json\/wp\/v2\/media?parent=2822"}],"wp:term":[{"taxonomy":"product_brand","embeddable":true,"href":"https:\/\/www.siestagarden.com\/cs\/wp-json\/wp\/v2\/product_brand?post=2822"},{"taxonomy":"product_cat","embeddable":true,"href":"https:\/\/www.siestagarden.com\/cs\/wp-json\/wp\/v2\/product_cat?post=2822"},{"taxonomy":"product_tag","embeddable":true,"href":"https:\/\/www.siestagarden.com\/cs\/wp-json\/wp\/v2\/product_tag?post=2822"}],"curies":[{"name":"wp","href":"https:\/\/api.w.org\/{rel}","templated":true}]}}