{"id":2830,"date":"2025-04-17T10:37:13","date_gmt":"2025-04-17T08:37:13","guid":{"rendered":"https:\/\/www.siestagarden.com\/?post_type=product&#038;p=2830"},"modified":"2026-01-27T12:39:21","modified_gmt":"2026-01-27T11:39:21","slug":"stol-okragly-o-09-m-brent-6os-picnic-z-drewna-brazowy","status":"publish","type":"product","link":"https:\/\/www.siestagarden.com\/cs\/produkt\/stol-okragly-o-09-m-brent-6os-picnic-z-drewna-brazowy\/","title":{"rendered":"Kulat\u00fd st\u016fl \u00d8 0,9 m Brent 6os. D\u0159ev\u011bn\u00fd piknikov\u00fd st\u016fl hn\u011bd\u00fd"},"content":{"rendered":"<p><strong>Kulat\u00fd st\u016fl \u00d8 0,9 m Brent - piknikov\u00e1 sada pro 6 osob v hn\u011bd\u00e9 barv\u011b <\/strong><br \/>\n<strong>\u00datuln\u00e9, kompaktn\u00ed a p\u0159ipraven\u00e9 pro ka\u017edodenn\u00ed pou\u017eit\u00ed<\/strong> - St\u016fl Brent \u00d8 0,9 m v hn\u011bd\u00e9m proveden\u00ed je a<strong> ide\u00e1ln\u00ed pro zahrady, terasy, letn\u00ed zahr\u00e1dky, \u0161koly, \u0161kolky nebo volno\u010dasov\u00e9 prostory.<\/strong>. Jeho tepl\u00fd d\u0159ev\u011bn\u00fd odst\u00edn p\u0159edstavuje <strong>p\u0159\u00edv\u011btiv\u00e9, p\u0159\u00edrodn\u00ed klima<\/strong> a dokonale lad\u00ed s okoln\u00ed zelen\u00ed.<\/p>\n<p><strong>Pr\u016fm\u011br stoln\u00ed desky 90 cm<\/strong> v kombinaci s integrovan\u00fdm sezen\u00edm vytv\u00e1\u0159\u00ed <strong>praktick\u00e9 a funk\u010dn\u00ed uspo\u0159\u00e1d\u00e1n\u00ed,<\/strong> kter\u00fd pojme a\u017e 6 osob. D\u00edky uzav\u0159en\u00e9mu tvaru sedadel mohou b\u00fdt d\u011bti pohodln\u011b a bezpe\u010dn\u011b usazeny mezi dosp\u011bl\u00fdmi -. <strong>\u0159e\u0161en\u00ed ide\u00e1ln\u00ed pro rodiny.<\/strong><\/p>\n<p>St\u016fl je vyroben z masivn\u00edho <strong>Borovicov\u00e9 d\u0159evo FSC\u00ae,<\/strong> <strong>a desky o tlou\u0161\u0165ce 31 mm<\/strong> poskytuj\u00ed dostate\u010dnou stabilitu p\u0159i zachov\u00e1n\u00ed lehk\u00e9 konstrukce. Jsou ide\u00e1ln\u00ed volbou pro prostory, kde je zapot\u0159eb\u00ed mobilita, estetika a odolnost.<\/p>\n<p>D\u0159evo bylo chr\u00e1n\u011bno <strong>impregnovan\u00e9 a\u017e do kategorie ochrany 3<\/strong>kter\u00fd zaji\u0161\u0165uje \u00faplnou ochranu proti pov\u011btrnostn\u00edm vliv\u016fm - <strong>od intenzivn\u00edho slune\u010dn\u00edho svitu po podzimn\u00ed de\u0161t\u011b.<\/strong><\/p>\n<p>Mont\u00e1\u017e pomoc\u00ed pozinkovan\u00fdch \u0161roub\u016f a kovov\u00fdch spojek umo\u017e\u0148uje pou\u017eit\u00ed a dota\u017een\u00ed komponent\u016f ve v\u00edce sez\u00f3n\u00e1ch, co\u017e v\u00fdrazn\u011b prodlu\u017euje \u017eivotnost stolu.<\/p>\n<p>Model je dod\u00e1v\u00e1n v ploch\u00e9m balen\u00ed - s n\u00e1vodem a sadou kov\u00e1n\u00ed pro rychlou mont\u00e1\u017e.<\/p>\n<p>Kl\u00ed\u010dov\u00e9 vlastnosti:<\/p>\n<p>\u2714\ufe0f <strong>Pro 6 osob<\/strong> - ide\u00e1ln\u00ed pro men\u0161\u00ed prostory<br \/>\n\u2714\ufe0f <strong>Horn\u00ed pr\u016fm\u011br:<\/strong> \u00d8 90 cm<br \/>\n\u2714\ufe0f <strong>Tlou\u0161\u0165ka desek: 31 mm<\/strong> - robustnost a mobilita<br \/>\n\u2714\ufe0f <strong>Tepl\u00e1 hn\u011bd\u00e1 barva<\/strong> - p\u0159\u00edrodn\u00ed vzhled, kter\u00fd se hod\u00ed do ka\u017ed\u00e9 zahrady<br \/>\n\u2714\ufe0f <strong>Borovicov\u00e9 d\u0159evo FSC\u00ae<\/strong> - z odpov\u011bdn\u00fdch zdroj\u016f<br \/>\n\u2714\ufe0f <strong>Impregnace a\u017e do kategorie ochrany 3<\/strong> - celoro\u010dn\u00ed pou\u017eit\u00ed<br \/>\n\u2714\ufe0f <strong>Pozinkovan\u00e9 \u0161rouby a z\u00e1suvky<\/strong> - trvanlivost, udr\u017eovatelnost<br \/>\n\u2714\ufe0f <strong>Flat-pack<\/strong> - rychl\u00e1 mont\u00e1\u017e a pohodln\u00e9 dod\u00e1n\u00ed<br \/>\n\u2714\ufe0f<strong> Ide\u00e1ln\u00ed pro: zahrady, \u0161koly, \u0161kolky, kav\u00e1rny, zahr\u00e1dky a terasy.<\/strong><br \/>\nSt\u016fl Brent \u00d8 0,9 m v hn\u011bd\u00e9 barv\u011b je dokonalou kombinac\u00ed funk\u010dnosti a p\u0159\u00edrodn\u00edho p\u016fvabu - ide\u00e1ln\u00ed kus n\u00e1bytku pro venkovn\u00ed spole\u010dn\u00e9 aktivity i v omezen\u00e9m prostoru.<\/p>","protected":false},"excerpt":{"rendered":"<p>St\u00f3\u0142 okr\u0105g\u0142y \u00d8 0,9 m Brent \u2013 6-osobowy zestaw piknikowy w kolorze br\u0105zowym Przytulny, kompaktowy i gotowy na codzienne u\u017cytkowanie \u2013 st\u00f3\u0142 Brent \u00d8 0,9 m w br\u0105zowym wyko\u0144czeniu to idealne rozwi\u0105zanie do ogrod\u00f3w, taras\u00f3w, ogr\u00f3dk\u00f3w letnich, szk\u00f3\u0142, przedszkoli czy stref wypoczynkowych. Jego ciep\u0142y odcie\u0144 drewna wprowadza przyjazny, naturalny klimat i doskonale komponuje si\u0119 z [&hellip;]<\/p>\n","protected":false},"featured_media":2831,"template":"","meta":{"_acf_changed":false},"product_brand":[],"product_cat":[66],"product_tag":[88],"class_list":{"0":"post-2830","1":"product","2":"type-product","3":"status-publish","4":"has-post-thumbnail","6":"product_cat-stoly-piknikowe","7":"product_tag-kolekcja-picnic","8":"product_shipping_class-podstawowa","10":"first","11":"instock","12":"taxable","13":"shipping-taxable","14":"purchasable","15":"product-type-simple","16":"add-to-wishlist-after_add_to_cart"},"acf":[],"yoast_head":"<!-- This site is optimized with the Yoast SEO plugin v26.6 - https:\/\/yoast.com\/wordpress\/plugins\/seo\/ -->\n<title>St\u00f3\u0142 okr\u0105g\u0142y \u00d8 0,9 m Brent 6os. Picnic z drewna Br\u0105zowy - Siesta Garden<\/title>\n<meta name=\"robots\" content=\"index, follow, max-snippet:-1, max-image-preview:large, max-video-preview:-1\" \/>\n<link rel=\"canonical\" href=\"https:\/\/www.siestagarden.com\/cs\/produkt\/stol-okragly-o-09-m-brent-6os-picnic-z-drewna-brazowy\/\" \/>\n<meta property=\"og:locale\" content=\"cs_CZ\" \/>\n<meta property=\"og:type\" content=\"article\" \/>\n<meta property=\"og:title\" content=\"St\u00f3\u0142 okr\u0105g\u0142y \u00d8 0,9 m Brent 6os. Picnic z drewna Br\u0105zowy - Siesta Garden\" \/>\n<meta property=\"og:description\" content=\"St\u00f3\u0142 okr\u0105g\u0142y \u00d8 0,9 m Brent \u2013 6-osobowy zestaw piknikowy w kolorze br\u0105zowym Przytulny, kompaktowy i gotowy na codzienne u\u017cytkowanie \u2013 st\u00f3\u0142 Brent \u00d8 0,9 m w br\u0105zowym wyko\u0144czeniu to idealne rozwi\u0105zanie do ogrod\u00f3w, taras\u00f3w, ogr\u00f3dk\u00f3w letnich, szk\u00f3\u0142, przedszkoli czy stref wypoczynkowych. Jego ciep\u0142y odcie\u0144 drewna wprowadza przyjazny, naturalny klimat i doskonale komponuje si\u0119 z [&hellip;]\" \/>\n<meta property=\"og:url\" content=\"https:\/\/www.siestagarden.com\/cs\/produkt\/stol-okragly-o-09-m-brent-6os-picnic-z-drewna-brazowy\/\" \/>\n<meta property=\"og:site_name\" content=\"Siesta Garden\" \/>\n<meta property=\"article:modified_time\" content=\"2026-01-27T11:39:21+00:00\" \/>\n<meta property=\"og:image\" content=\"https:\/\/www.siestagarden.com\/wp-content\/uploads\/2025\/04\/IMG_3284.jpg\" \/>\n\t<meta property=\"og:image:width\" content=\"1600\" \/>\n\t<meta property=\"og:image:height\" content=\"1067\" \/>\n\t<meta property=\"og:image:type\" content=\"image\/jpeg\" \/>\n<meta name=\"twitter:card\" content=\"summary_large_image\" \/>\n<meta name=\"twitter:label1\" content=\"Odhadovan\u00e1 doba \u010dten\u00ed\" \/>\n\t<meta name=\"twitter:data1\" content=\"2 minuty\" \/>\n<script type=\"application\/ld+json\" class=\"yoast-schema-graph\">{\"@context\":\"https:\/\/schema.org\",\"@graph\":[{\"@type\":\"WebPage\",\"@id\":\"https:\/\/www.siestagarden.com\/produkt\/stol-okragly-o-09-m-brent-6os-picnic-z-drewna-brazowy\/\",\"url\":\"https:\/\/www.siestagarden.com\/produkt\/stol-okragly-o-09-m-brent-6os-picnic-z-drewna-brazowy\/\",\"name\":\"St\u00f3\u0142 okr\u0105g\u0142y \u00d8 0,9 m Brent 6os. Picnic z drewna Br\u0105zowy - Siesta Garden\",\"isPartOf\":{\"@id\":\"https:\/\/www.siestagarden.com\/#website\"},\"primaryImageOfPage\":{\"@id\":\"https:\/\/www.siestagarden.com\/produkt\/stol-okragly-o-09-m-brent-6os-picnic-z-drewna-brazowy\/#primaryimage\"},\"image\":{\"@id\":\"https:\/\/www.siestagarden.com\/produkt\/stol-okragly-o-09-m-brent-6os-picnic-z-drewna-brazowy\/#primaryimage\"},\"thumbnailUrl\":\"https:\/\/www.siestagarden.com\/wp-content\/uploads\/2025\/04\/IMG_3284.jpg\",\"datePublished\":\"2025-04-17T08:37:13+00:00\",\"dateModified\":\"2026-01-27T11:39:21+00:00\",\"breadcrumb\":{\"@id\":\"https:\/\/www.siestagarden.com\/produkt\/stol-okragly-o-09-m-brent-6os-picnic-z-drewna-brazowy\/#breadcrumb\"},\"inLanguage\":\"cs\",\"potentialAction\":[{\"@type\":\"ReadAction\",\"target\":[\"https:\/\/www.siestagarden.com\/produkt\/stol-okragly-o-09-m-brent-6os-picnic-z-drewna-brazowy\/\"]}]},{\"@type\":\"ImageObject\",\"inLanguage\":\"cs\",\"@id\":\"https:\/\/www.siestagarden.com\/produkt\/stol-okragly-o-09-m-brent-6os-picnic-z-drewna-brazowy\/#primaryimage\",\"url\":\"https:\/\/www.siestagarden.com\/wp-content\/uploads\/2025\/04\/IMG_3284.jpg\",\"contentUrl\":\"https:\/\/www.siestagarden.com\/wp-content\/uploads\/2025\/04\/IMG_3284.jpg\",\"width\":1600,\"height\":1067},{\"@type\":\"BreadcrumbList\",\"@id\":\"https:\/\/www.siestagarden.com\/produkt\/stol-okragly-o-09-m-brent-6os-picnic-z-drewna-brazowy\/#breadcrumb\",\"itemListElement\":[{\"@type\":\"ListItem\",\"position\":1,\"name\":\"Strona g\u0142\u00f3wna\",\"item\":\"https:\/\/www.siestagarden.com\/\"},{\"@type\":\"ListItem\",\"position\":2,\"name\":\"Sklep\",\"item\":\"https:\/\/www.siestagarden.com\/sklep\/\"},{\"@type\":\"ListItem\",\"position\":3,\"name\":\"St\u00f3\u0142 okr\u0105g\u0142y \u00d8 0,9 m Brent 6os. Picnic z drewna Br\u0105zowy\"}]},{\"@type\":\"WebSite\",\"@id\":\"https:\/\/www.siestagarden.com\/#website\",\"url\":\"https:\/\/www.siestagarden.com\/\",\"name\":\"Siesta Garden\",\"description\":\"Meble do Twojego ogrodu. Polski producent drewnianych mebli najwy\u017cszej jako\u015bci.\",\"potentialAction\":[{\"@type\":\"SearchAction\",\"target\":{\"@type\":\"EntryPoint\",\"urlTemplate\":\"https:\/\/www.siestagarden.com\/?s={search_term_string}\"},\"query-input\":{\"@type\":\"PropertyValueSpecification\",\"valueRequired\":true,\"valueName\":\"search_term_string\"}}],\"inLanguage\":\"cs\"}]}<\/script>\n<!-- \/ Yoast SEO plugin. -->","yoast_head_json":{"title":"St\u00f3\u0142 okr\u0105g\u0142y \u00d8 0,9 m Brent 6os. Picnic z drewna Br\u0105zowy - Siesta Garden","robots":{"index":"index","follow":"follow","max-snippet":"max-snippet:-1","max-image-preview":"max-image-preview:large","max-video-preview":"max-video-preview:-1"},"canonical":"https:\/\/www.siestagarden.com\/cs\/produkt\/stol-okragly-o-09-m-brent-6os-picnic-z-drewna-brazowy\/","og_locale":"cs_CZ","og_type":"article","og_title":"St\u00f3\u0142 okr\u0105g\u0142y \u00d8 0,9 m Brent 6os. Picnic z drewna Br\u0105zowy - Siesta Garden","og_description":"St\u00f3\u0142 okr\u0105g\u0142y \u00d8 0,9 m Brent \u2013 6-osobowy zestaw piknikowy w kolorze br\u0105zowym Przytulny, kompaktowy i gotowy na codzienne u\u017cytkowanie \u2013 st\u00f3\u0142 Brent \u00d8 0,9 m w br\u0105zowym wyko\u0144czeniu to idealne rozwi\u0105zanie do ogrod\u00f3w, taras\u00f3w, ogr\u00f3dk\u00f3w letnich, szk\u00f3\u0142, przedszkoli czy stref wypoczynkowych. Jego ciep\u0142y odcie\u0144 drewna wprowadza przyjazny, naturalny klimat i doskonale komponuje si\u0119 z [&hellip;]","og_url":"https:\/\/www.siestagarden.com\/cs\/produkt\/stol-okragly-o-09-m-brent-6os-picnic-z-drewna-brazowy\/","og_site_name":"Siesta Garden","article_modified_time":"2026-01-27T11:39:21+00:00","og_image":[{"width":1600,"height":1067,"url":"https:\/\/www.siestagarden.com\/wp-content\/uploads\/2025\/04\/IMG_3284.jpg","type":"image\/jpeg"}],"twitter_card":"summary_large_image","twitter_misc":{"Odhadovan\u00e1 doba \u010dten\u00ed":"2 minuty"},"schema":{"@context":"https:\/\/schema.org","@graph":[{"@type":"WebPage","@id":"https:\/\/www.siestagarden.com\/produkt\/stol-okragly-o-09-m-brent-6os-picnic-z-drewna-brazowy\/","url":"https:\/\/www.siestagarden.com\/produkt\/stol-okragly-o-09-m-brent-6os-picnic-z-drewna-brazowy\/","name":"St\u00f3\u0142 okr\u0105g\u0142y \u00d8 0,9 m Brent 6os. Picnic z drewna Br\u0105zowy - Siesta Garden","isPartOf":{"@id":"https:\/\/www.siestagarden.com\/#website"},"primaryImageOfPage":{"@id":"https:\/\/www.siestagarden.com\/produkt\/stol-okragly-o-09-m-brent-6os-picnic-z-drewna-brazowy\/#primaryimage"},"image":{"@id":"https:\/\/www.siestagarden.com\/produkt\/stol-okragly-o-09-m-brent-6os-picnic-z-drewna-brazowy\/#primaryimage"},"thumbnailUrl":"https:\/\/www.siestagarden.com\/wp-content\/uploads\/2025\/04\/IMG_3284.jpg","datePublished":"2025-04-17T08:37:13+00:00","dateModified":"2026-01-27T11:39:21+00:00","breadcrumb":{"@id":"https:\/\/www.siestagarden.com\/produkt\/stol-okragly-o-09-m-brent-6os-picnic-z-drewna-brazowy\/#breadcrumb"},"inLanguage":"cs","potentialAction":[{"@type":"ReadAction","target":["https:\/\/www.siestagarden.com\/produkt\/stol-okragly-o-09-m-brent-6os-picnic-z-drewna-brazowy\/"]}]},{"@type":"ImageObject","inLanguage":"cs","@id":"https:\/\/www.siestagarden.com\/produkt\/stol-okragly-o-09-m-brent-6os-picnic-z-drewna-brazowy\/#primaryimage","url":"https:\/\/www.siestagarden.com\/wp-content\/uploads\/2025\/04\/IMG_3284.jpg","contentUrl":"https:\/\/www.siestagarden.com\/wp-content\/uploads\/2025\/04\/IMG_3284.jpg","width":1600,"height":1067},{"@type":"BreadcrumbList","@id":"https:\/\/www.siestagarden.com\/produkt\/stol-okragly-o-09-m-brent-6os-picnic-z-drewna-brazowy\/#breadcrumb","itemListElement":[{"@type":"ListItem","position":1,"name":"Strona g\u0142\u00f3wna","item":"https:\/\/www.siestagarden.com\/"},{"@type":"ListItem","position":2,"name":"Sklep","item":"https:\/\/www.siestagarden.com\/sklep\/"},{"@type":"ListItem","position":3,"name":"St\u00f3\u0142 okr\u0105g\u0142y \u00d8 0,9 m Brent 6os. Picnic z drewna Br\u0105zowy"}]},{"@type":"WebSite","@id":"https:\/\/www.siestagarden.com\/#website","url":"https:\/\/www.siestagarden.com\/","name":"Siesta Garden","description":"N\u00e1bytek pro va\u0161i zahradu. Polsk\u00fd v\u00fdrobce d\u0159ev\u011bn\u00e9ho n\u00e1bytku nejvy\u0161\u0161\u00ed kvality.","potentialAction":[{"@type":"SearchAction","target":{"@type":"EntryPoint","urlTemplate":"https:\/\/www.siestagarden.com\/?s={search_term_string}"},"query-input":{"@type":"PropertyValueSpecification","valueRequired":true,"valueName":"search_term_string"}}],"inLanguage":"cs"}]}},"_links":{"self":[{"href":"https:\/\/www.siestagarden.com\/cs\/wp-json\/wp\/v2\/product\/2830","targetHints":{"allow":["GET"]}}],"collection":[{"href":"https:\/\/www.siestagarden.com\/cs\/wp-json\/wp\/v2\/product"}],"about":[{"href":"https:\/\/www.siestagarden.com\/cs\/wp-json\/wp\/v2\/types\/product"}],"wp:featuredmedia":[{"embeddable":true,"href":"https:\/\/www.siestagarden.com\/cs\/wp-json\/wp\/v2\/media\/2831"}],"wp:attachment":[{"href":"https:\/\/www.siestagarden.com\/cs\/wp-json\/wp\/v2\/media?parent=2830"}],"wp:term":[{"taxonomy":"product_brand","embeddable":true,"href":"https:\/\/www.siestagarden.com\/cs\/wp-json\/wp\/v2\/product_brand?post=2830"},{"taxonomy":"product_cat","embeddable":true,"href":"https:\/\/www.siestagarden.com\/cs\/wp-json\/wp\/v2\/product_cat?post=2830"},{"taxonomy":"product_tag","embeddable":true,"href":"https:\/\/www.siestagarden.com\/cs\/wp-json\/wp\/v2\/product_tag?post=2830"}],"curies":[{"name":"wp","href":"https:\/\/api.w.org\/{rel}","templated":true}]}}