{"id":2850,"date":"2025-04-17T11:18:41","date_gmt":"2025-04-17T09:18:41","guid":{"rendered":"https:\/\/www.siestagarden.com\/?post_type=product&#038;p=2850"},"modified":"2026-01-27T12:35:35","modified_gmt":"2026-01-27T11:35:35","slug":"stol-a-frame-15m-ches-picnic-z-drewna-brazowy","status":"publish","type":"product","link":"https:\/\/www.siestagarden.com\/cs\/produkt\/stol-a-frame-15m-ches-picnic-z-drewna-brazowy\/","title":{"rendered":"R\u00e1m A 1,5 m Ches Piknikov\u00fd d\u0159ev\u011bn\u00fd st\u016fl hn\u011bd\u00fd"},"content":{"rendered":"<p><strong>Piknikov\u00fd st\u016fl Ches 1,5 m v r\u00e1mu A - 6m\u00edstn\u00fd v hn\u011bd\u00e9 barv\u011b<\/strong><br \/>\n<strong>Klasick\u00fd design, robustn\u00ed konstrukce a \u00fatuln\u00fd charakter<\/strong> - Ches 1,5 m w <strong>tepl\u00fd hn\u011bd\u00fd povrch<\/strong> je ide\u00e1ln\u00ed volbou pro milovn\u00edky <strong>tradi\u010dn\u00ed zahrady, rodinn\u00e1 setk\u00e1n\u00ed a funk\u010dn\u00ed prostory,<\/strong> aby vydr\u017eely roky.<\/p>\n<p>D\u00edky <strong>robustn\u00ed konstrukce A-r\u00e1mu<\/strong>st\u016fl vynik\u00e1 <strong>stabilita a estetika<\/strong>a je ide\u00e1ln\u00ed pro dom\u00e1c\u00ed zahrady, odpo\u010dinkov\u00e9 z\u00f3ny, zahrady stravovac\u00edch za\u0159\u00edzen\u00ed, \u0161koly nebo rekrea\u010dn\u00ed domy.<\/p>\n<p>Vyrobeno z pevn\u00e9ho materi\u00e1lu<strong> Borovicov\u00e9 d\u0159evo FSC\u00ae<\/strong>,<strong> s prkny o tlou\u0161\u0165ce 32 mm<\/strong>, Ches nab\u00edz\u00ed <strong>pohodl\u00ed a trvanlivost<\/strong> i p\u0159i intenzivn\u00edm pou\u017e\u00edv\u00e1n\u00ed. <strong>Stoln\u00ed deska o rozm\u011brech 150 \u00d7 57 cm je vhodn\u00e1 pro 6 dosp\u011bl\u00fdch osob.<\/strong>, a st\u0159edov\u00fd otvor pro slune\u010dn\u00edk (\u00d8 40 mm) poskytuje mo\u017enost zast\u00ednit prostor za slune\u010dn\u00fdch dn\u016f.<\/p>\n<p>Hn\u011bd\u00e1 povrchov\u00e1 \u00faprava dod\u00e1v\u00e1 n\u00e1bytku h\u0159ejiv\u00fd, p\u0159irozen\u00fd dojem, kter\u00fd dob\u0159e lad\u00ed se zelen\u00ed a d\u0159ev\u011bnou zahradn\u00ed architekturou. D\u0159evo bylo chr\u00e1n\u011bno<strong> impregnovan\u00e9 a\u017e do kategorie ochrany 3<\/strong>, co\u017e zaji\u0161\u0165uje plnou odolnost v\u016f\u010di m\u011bn\u00edc\u00edm se pov\u011btrnostn\u00edm podm\u00ednk\u00e1m.<\/p>\n<p>\u2714\ufe0f Rozm\u011bry stolu:<br \/>\nD\u00e9lka: 150 cm<br \/>\n\u0160\u00ed\u0159ka: 127 cm<br \/>\nV\u00fd\u0161ka: 72 cm<br \/>\nHmotnost: 35 kg<br \/>\nPr\u016fm\u011br otvoru pro de\u0161tn\u00edk: 40 mm<\/p>\n<p>Pro\u010d si vybrat st\u016fl Ches v hn\u011bd\u00e9 barv\u011b?<\/p>\n<p>\u2714\ufe0f <strong>Klasick\u00fd tvar r\u00e1mu A<\/strong> - nad\u010dasov\u00e9 a stabiln\u00ed<br \/>\n\u2714\ufe0f <strong>Pro 6 dosp\u011bl\u00fdch osob -<\/strong> pohodln\u00e9 sedadlo a velk\u00e1 stoln\u00ed deska<br \/>\n\u2714\ufe0f <strong>32 mm siln\u00e1 skandin\u00e1vsk\u00e1 borovicov\u00e1 prkna FSC\u00ae<\/strong> - dlouholet\u00e1 \u017eivotnost<br \/>\n\u2714\ufe0f <strong>Impregnace a\u017e do kategorie ochrany 3<\/strong> - celoro\u010dn\u00ed odolnost proti pov\u011btrnostn\u00edm vliv\u016fm<br \/>\n\u2714\ufe0f <strong>Tepl\u00e1 hn\u011bd\u00e1 barva<\/strong> - p\u0159\u00edrodn\u00ed vzhled, kter\u00fd se hod\u00ed do ka\u017ed\u00e9 zahrady<br \/>\n\u2714\ufe0f <strong>Otvor pro de\u0161tn\u00edk \u00d8 40 mm<\/strong> - p\u0159ipraven na hork\u00e9 dny<br \/>\n\u2714\ufe0f <strong>Flat-pack<\/strong> - snadn\u00e1 mont\u00e1\u017e, v\u0161echny sou\u010d\u00e1sti jsou sou\u010d\u00e1st\u00ed dod\u00e1vky<br \/>\n\u2714\ufe0f <strong>Ide\u00e1ln\u00ed pro: zahrady, restaurace, \u0161koly, terasy, pozemky a turistick\u00e1 za\u0159\u00edzen\u00ed.<\/strong><br \/>\nP\u00e9\u010de:<br \/>\nSt\u016fl Ches lze pou\u017e\u00edvat ihned po sestaven\u00ed a nechat ho venku po cel\u00fd rok. Pro lep\u0161\u00ed ochranu a estetiku doporu\u010dujeme jednou ro\u010dn\u011b aplikovat transparentn\u00ed vodoodpudiv\u00fd prost\u0159edek. \u010ci\u0161t\u011bn\u00ed? Posta\u010d\u00ed m\u00fddlov\u00e1 voda. A pokud je to nutn\u00e9 - povrch m\u016f\u017eete osv\u011b\u017eit jemn\u00fdm brou\u0161en\u00edm.<\/p>\n<p>Ches A-r\u00e1m 1,5 m hn\u011bd\u00e9 barvy je <strong>h\u0159ejiv\u00e1 a funk\u010dn\u00ed klasika<\/strong>, p\u0159ipraven\u00e9 slou\u017eit prost\u0159ednictv\u00edm <strong>mnoho ro\u010dn\u00edch obdob\u00ed<\/strong> v jak\u00e9mkoli zahradn\u00edm prost\u0159ed\u00ed.<\/p>","protected":false},"excerpt":{"rendered":"<p>St\u00f3\u0142 piknikowy Ches 1,5 m A-frame \u2013 6-osobowy w kolorze br\u0105zowym Klasyczny wygl\u0105d, solidna konstrukcja i przytulny charakter \u2013 Ches 1,5 m w ciep\u0142ym, br\u0105zowym wyko\u0144czeniu to idealny wyb\u00f3r dla mi\u0142o\u015bnik\u00f3w tradycyjnych ogrod\u00f3w, rodzinnych spotka\u0144 i funkcjonalnych przestrzeni, kt\u00f3re maj\u0105 s\u0142u\u017cy\u0107 przez lata. Dzi\u0119ki solidnej formie typu A-frame, st\u00f3\u0142 wyr\u00f3\u017cnia si\u0119 stabilno\u015bci\u0105 i estetyk\u0105, doskonale [&hellip;]<\/p>\n","protected":false},"featured_media":2846,"template":"","meta":{"_acf_changed":false},"product_brand":[],"product_cat":[66],"product_tag":[88],"class_list":{"0":"post-2850","1":"product","2":"type-product","3":"status-publish","4":"has-post-thumbnail","6":"product_cat-stoly-piknikowe","7":"product_tag-kolekcja-picnic","8":"product_shipping_class-podstawowa","10":"first","11":"instock","12":"taxable","13":"shipping-taxable","14":"purchasable","15":"product-type-simple","16":"add-to-wishlist-after_add_to_cart"},"acf":[],"yoast_head":"<!-- This site is optimized with the Yoast SEO plugin v26.6 - https:\/\/yoast.com\/wordpress\/plugins\/seo\/ -->\n<title>St\u00f3\u0142 A-frame 1,5m Ches Picnic z drewna Br\u0105zowy - Siesta Garden<\/title>\n<meta name=\"robots\" content=\"index, follow, max-snippet:-1, max-image-preview:large, max-video-preview:-1\" \/>\n<link rel=\"canonical\" href=\"https:\/\/www.siestagarden.com\/cs\/produkt\/stol-a-frame-15m-ches-picnic-z-drewna-brazowy\/\" \/>\n<meta property=\"og:locale\" content=\"cs_CZ\" \/>\n<meta property=\"og:type\" content=\"article\" \/>\n<meta property=\"og:title\" content=\"St\u00f3\u0142 A-frame 1,5m Ches Picnic z drewna Br\u0105zowy - Siesta Garden\" \/>\n<meta property=\"og:description\" content=\"St\u00f3\u0142 piknikowy Ches 1,5 m A-frame \u2013 6-osobowy w kolorze br\u0105zowym Klasyczny wygl\u0105d, solidna konstrukcja i przytulny charakter \u2013 Ches 1,5 m w ciep\u0142ym, br\u0105zowym wyko\u0144czeniu to idealny wyb\u00f3r dla mi\u0142o\u015bnik\u00f3w tradycyjnych ogrod\u00f3w, rodzinnych spotka\u0144 i funkcjonalnych przestrzeni, kt\u00f3re maj\u0105 s\u0142u\u017cy\u0107 przez lata. Dzi\u0119ki solidnej formie typu A-frame, st\u00f3\u0142 wyr\u00f3\u017cnia si\u0119 stabilno\u015bci\u0105 i estetyk\u0105, doskonale [&hellip;]\" \/>\n<meta property=\"og:url\" content=\"https:\/\/www.siestagarden.com\/cs\/produkt\/stol-a-frame-15m-ches-picnic-z-drewna-brazowy\/\" \/>\n<meta property=\"og:site_name\" content=\"Siesta Garden\" \/>\n<meta property=\"article:modified_time\" content=\"2026-01-27T11:35:35+00:00\" \/>\n<meta property=\"og:image\" content=\"https:\/\/www.siestagarden.com\/wp-content\/uploads\/2025\/04\/IMG_3232-1.jpg\" \/>\n\t<meta property=\"og:image:width\" content=\"1600\" \/>\n\t<meta property=\"og:image:height\" content=\"1067\" \/>\n\t<meta property=\"og:image:type\" content=\"image\/jpeg\" \/>\n<meta name=\"twitter:card\" content=\"summary_large_image\" \/>\n<meta name=\"twitter:label1\" content=\"Odhadovan\u00e1 doba \u010dten\u00ed\" \/>\n\t<meta name=\"twitter:data1\" content=\"3 minuty\" \/>\n<script type=\"application\/ld+json\" class=\"yoast-schema-graph\">{\"@context\":\"https:\/\/schema.org\",\"@graph\":[{\"@type\":\"WebPage\",\"@id\":\"https:\/\/www.siestagarden.com\/produkt\/stol-a-frame-15m-ches-picnic-z-drewna-brazowy\/\",\"url\":\"https:\/\/www.siestagarden.com\/produkt\/stol-a-frame-15m-ches-picnic-z-drewna-brazowy\/\",\"name\":\"St\u00f3\u0142 A-frame 1,5m Ches Picnic z drewna Br\u0105zowy - Siesta Garden\",\"isPartOf\":{\"@id\":\"https:\/\/www.siestagarden.com\/#website\"},\"primaryImageOfPage\":{\"@id\":\"https:\/\/www.siestagarden.com\/produkt\/stol-a-frame-15m-ches-picnic-z-drewna-brazowy\/#primaryimage\"},\"image\":{\"@id\":\"https:\/\/www.siestagarden.com\/produkt\/stol-a-frame-15m-ches-picnic-z-drewna-brazowy\/#primaryimage\"},\"thumbnailUrl\":\"https:\/\/www.siestagarden.com\/wp-content\/uploads\/2025\/04\/IMG_3232-1.jpg\",\"datePublished\":\"2025-04-17T09:18:41+00:00\",\"dateModified\":\"2026-01-27T11:35:35+00:00\",\"breadcrumb\":{\"@id\":\"https:\/\/www.siestagarden.com\/produkt\/stol-a-frame-15m-ches-picnic-z-drewna-brazowy\/#breadcrumb\"},\"inLanguage\":\"cs\",\"potentialAction\":[{\"@type\":\"ReadAction\",\"target\":[\"https:\/\/www.siestagarden.com\/produkt\/stol-a-frame-15m-ches-picnic-z-drewna-brazowy\/\"]}]},{\"@type\":\"ImageObject\",\"inLanguage\":\"cs\",\"@id\":\"https:\/\/www.siestagarden.com\/produkt\/stol-a-frame-15m-ches-picnic-z-drewna-brazowy\/#primaryimage\",\"url\":\"https:\/\/www.siestagarden.com\/wp-content\/uploads\/2025\/04\/IMG_3232-1.jpg\",\"contentUrl\":\"https:\/\/www.siestagarden.com\/wp-content\/uploads\/2025\/04\/IMG_3232-1.jpg\",\"width\":1600,\"height\":1067},{\"@type\":\"BreadcrumbList\",\"@id\":\"https:\/\/www.siestagarden.com\/produkt\/stol-a-frame-15m-ches-picnic-z-drewna-brazowy\/#breadcrumb\",\"itemListElement\":[{\"@type\":\"ListItem\",\"position\":1,\"name\":\"Strona g\u0142\u00f3wna\",\"item\":\"https:\/\/www.siestagarden.com\/\"},{\"@type\":\"ListItem\",\"position\":2,\"name\":\"Sklep\",\"item\":\"https:\/\/www.siestagarden.com\/sklep\/\"},{\"@type\":\"ListItem\",\"position\":3,\"name\":\"St\u00f3\u0142 A-frame 1,5m Ches Picnic z drewna Br\u0105zowy\"}]},{\"@type\":\"WebSite\",\"@id\":\"https:\/\/www.siestagarden.com\/#website\",\"url\":\"https:\/\/www.siestagarden.com\/\",\"name\":\"Siesta Garden\",\"description\":\"Meble do Twojego ogrodu. Polski producent drewnianych mebli najwy\u017cszej jako\u015bci.\",\"potentialAction\":[{\"@type\":\"SearchAction\",\"target\":{\"@type\":\"EntryPoint\",\"urlTemplate\":\"https:\/\/www.siestagarden.com\/?s={search_term_string}\"},\"query-input\":{\"@type\":\"PropertyValueSpecification\",\"valueRequired\":true,\"valueName\":\"search_term_string\"}}],\"inLanguage\":\"cs\"}]}<\/script>\n<!-- \/ Yoast SEO plugin. -->","yoast_head_json":{"title":"St\u00f3\u0142 A-frame 1,5m Ches Picnic z drewna Br\u0105zowy - Siesta Garden","robots":{"index":"index","follow":"follow","max-snippet":"max-snippet:-1","max-image-preview":"max-image-preview:large","max-video-preview":"max-video-preview:-1"},"canonical":"https:\/\/www.siestagarden.com\/cs\/produkt\/stol-a-frame-15m-ches-picnic-z-drewna-brazowy\/","og_locale":"cs_CZ","og_type":"article","og_title":"St\u00f3\u0142 A-frame 1,5m Ches Picnic z drewna Br\u0105zowy - Siesta Garden","og_description":"St\u00f3\u0142 piknikowy Ches 1,5 m A-frame \u2013 6-osobowy w kolorze br\u0105zowym Klasyczny wygl\u0105d, solidna konstrukcja i przytulny charakter \u2013 Ches 1,5 m w ciep\u0142ym, br\u0105zowym wyko\u0144czeniu to idealny wyb\u00f3r dla mi\u0142o\u015bnik\u00f3w tradycyjnych ogrod\u00f3w, rodzinnych spotka\u0144 i funkcjonalnych przestrzeni, kt\u00f3re maj\u0105 s\u0142u\u017cy\u0107 przez lata. Dzi\u0119ki solidnej formie typu A-frame, st\u00f3\u0142 wyr\u00f3\u017cnia si\u0119 stabilno\u015bci\u0105 i estetyk\u0105, doskonale [&hellip;]","og_url":"https:\/\/www.siestagarden.com\/cs\/produkt\/stol-a-frame-15m-ches-picnic-z-drewna-brazowy\/","og_site_name":"Siesta Garden","article_modified_time":"2026-01-27T11:35:35+00:00","og_image":[{"width":1600,"height":1067,"url":"https:\/\/www.siestagarden.com\/wp-content\/uploads\/2025\/04\/IMG_3232-1.jpg","type":"image\/jpeg"}],"twitter_card":"summary_large_image","twitter_misc":{"Odhadovan\u00e1 doba \u010dten\u00ed":"3 minuty"},"schema":{"@context":"https:\/\/schema.org","@graph":[{"@type":"WebPage","@id":"https:\/\/www.siestagarden.com\/produkt\/stol-a-frame-15m-ches-picnic-z-drewna-brazowy\/","url":"https:\/\/www.siestagarden.com\/produkt\/stol-a-frame-15m-ches-picnic-z-drewna-brazowy\/","name":"St\u00f3\u0142 A-frame 1,5m Ches Picnic z drewna Br\u0105zowy - Siesta Garden","isPartOf":{"@id":"https:\/\/www.siestagarden.com\/#website"},"primaryImageOfPage":{"@id":"https:\/\/www.siestagarden.com\/produkt\/stol-a-frame-15m-ches-picnic-z-drewna-brazowy\/#primaryimage"},"image":{"@id":"https:\/\/www.siestagarden.com\/produkt\/stol-a-frame-15m-ches-picnic-z-drewna-brazowy\/#primaryimage"},"thumbnailUrl":"https:\/\/www.siestagarden.com\/wp-content\/uploads\/2025\/04\/IMG_3232-1.jpg","datePublished":"2025-04-17T09:18:41+00:00","dateModified":"2026-01-27T11:35:35+00:00","breadcrumb":{"@id":"https:\/\/www.siestagarden.com\/produkt\/stol-a-frame-15m-ches-picnic-z-drewna-brazowy\/#breadcrumb"},"inLanguage":"cs","potentialAction":[{"@type":"ReadAction","target":["https:\/\/www.siestagarden.com\/produkt\/stol-a-frame-15m-ches-picnic-z-drewna-brazowy\/"]}]},{"@type":"ImageObject","inLanguage":"cs","@id":"https:\/\/www.siestagarden.com\/produkt\/stol-a-frame-15m-ches-picnic-z-drewna-brazowy\/#primaryimage","url":"https:\/\/www.siestagarden.com\/wp-content\/uploads\/2025\/04\/IMG_3232-1.jpg","contentUrl":"https:\/\/www.siestagarden.com\/wp-content\/uploads\/2025\/04\/IMG_3232-1.jpg","width":1600,"height":1067},{"@type":"BreadcrumbList","@id":"https:\/\/www.siestagarden.com\/produkt\/stol-a-frame-15m-ches-picnic-z-drewna-brazowy\/#breadcrumb","itemListElement":[{"@type":"ListItem","position":1,"name":"Strona g\u0142\u00f3wna","item":"https:\/\/www.siestagarden.com\/"},{"@type":"ListItem","position":2,"name":"Sklep","item":"https:\/\/www.siestagarden.com\/sklep\/"},{"@type":"ListItem","position":3,"name":"St\u00f3\u0142 A-frame 1,5m Ches Picnic z drewna Br\u0105zowy"}]},{"@type":"WebSite","@id":"https:\/\/www.siestagarden.com\/#website","url":"https:\/\/www.siestagarden.com\/","name":"Siesta Garden","description":"N\u00e1bytek pro va\u0161i zahradu. Polsk\u00fd v\u00fdrobce d\u0159ev\u011bn\u00e9ho n\u00e1bytku nejvy\u0161\u0161\u00ed kvality.","potentialAction":[{"@type":"SearchAction","target":{"@type":"EntryPoint","urlTemplate":"https:\/\/www.siestagarden.com\/?s={search_term_string}"},"query-input":{"@type":"PropertyValueSpecification","valueRequired":true,"valueName":"search_term_string"}}],"inLanguage":"cs"}]}},"_links":{"self":[{"href":"https:\/\/www.siestagarden.com\/cs\/wp-json\/wp\/v2\/product\/2850","targetHints":{"allow":["GET"]}}],"collection":[{"href":"https:\/\/www.siestagarden.com\/cs\/wp-json\/wp\/v2\/product"}],"about":[{"href":"https:\/\/www.siestagarden.com\/cs\/wp-json\/wp\/v2\/types\/product"}],"wp:featuredmedia":[{"embeddable":true,"href":"https:\/\/www.siestagarden.com\/cs\/wp-json\/wp\/v2\/media\/2846"}],"wp:attachment":[{"href":"https:\/\/www.siestagarden.com\/cs\/wp-json\/wp\/v2\/media?parent=2850"}],"wp:term":[{"taxonomy":"product_brand","embeddable":true,"href":"https:\/\/www.siestagarden.com\/cs\/wp-json\/wp\/v2\/product_brand?post=2850"},{"taxonomy":"product_cat","embeddable":true,"href":"https:\/\/www.siestagarden.com\/cs\/wp-json\/wp\/v2\/product_cat?post=2850"},{"taxonomy":"product_tag","embeddable":true,"href":"https:\/\/www.siestagarden.com\/cs\/wp-json\/wp\/v2\/product_tag?post=2850"}],"curies":[{"name":"wp","href":"https:\/\/api.w.org\/{rel}","templated":true}]}}