{"id":2876,"date":"2025-04-18T10:47:33","date_gmt":"2025-04-18T08:47:33","guid":{"rendered":"https:\/\/www.siestagarden.com\/?post_type=product&#038;p=2876"},"modified":"2026-01-27T12:32:19","modified_gmt":"2026-01-27T11:32:19","slug":"2876","status":"publish","type":"product","link":"https:\/\/www.siestagarden.com\/cs\/produkt\/2876\/","title":{"rendered":"Zahradn\u00ed set Bibione"},"content":{"rendered":"<p class=\"\" data-start=\"146\" data-end=\"215\"><strong data-start=\"146\" data-end=\"215\">Zahradn\u00ed set Bibione - st\u016fl 1,9 m + 2 lavice v robustn\u00edm proveden\u00ed<\/strong><\/p>\n<p class=\"\" data-start=\"217\" data-end=\"547\">Sada <strong>Bibione je kombinac\u00ed masivn\u00edho stolu a dvou lavic ze stejn\u00e9 kolekce.<\/strong> - vyroben\u00fd v\u00fdhradn\u011b z<strong> Borovicov\u00fd masiv FSC\u00ae<\/strong>ur\u010den\u00e9 pro <strong>odolnost, pohodl\u00ed a modern\u00ed design<\/strong>. V\u00fdrazn\u00e9 nohy ve tvaru p\u00edsmene X, posazen\u00e9 bl\u00ed\u017ee ke st\u0159edu, poskytuj\u00ed v\u011bt\u0161\u00ed pohodl\u00ed p\u0159i sezen\u00ed a dod\u00e1vaj\u00ed celkov\u00e9mu designu modern\u00ed n\u00e1dech.<\/p>\n<p class=\"\" data-start=\"549\" data-end=\"751\">D\u00e9lka stolu 1,9 m umo\u017e\u0148uje, aby sada<strong> snadno pojme 6-8 osob<\/strong> - ide\u00e1ln\u00ed pro<strong> dom\u00e1c\u00ed zahrada, terasa nebo komer\u010dn\u00ed prostor<\/strong>. K dispozici ve dvou barevn\u00fdch proveden\u00edch:<\/p>\n<p class=\"\" data-start=\"753\" data-end=\"786\">- Grey Wash - sv\u011btl\u00fd, jemn\u00fd t\u00f3n<\/p>\n<p class=\"\" data-start=\"788\" data-end=\"827\">- Tmav\u011b \u0161ed\u00e1 - syt\u00fd, elegantn\u00ed odst\u00edn<\/p>\n<p class=\"\" data-start=\"829\" data-end=\"1080\">\u2714\ufe0f set: st\u016fl 1,9 m + 2 lavice Bibione<br data-start=\"869\" data-end=\"872\" \/>\u2714\ufe0f stabiln\u00ed konstrukce s no\u017ei\u010dkami X<br data-start=\"906\" data-end=\"909\" \/>\u2714\ufe0f z masivn\u00edho borovicov\u00e9ho d\u0159eva s certifikac\u00ed FSC\u00ae.<br data-start=\"942\" data-end=\"945\" \/>\u2714\ufe0f povrchov\u00e9 \u00fapravy: \u0160ed\u00e1 Wash nebo tmav\u011b \u0161ed\u00e1<br data-start=\"984\" data-end=\"987\" \/>\u2714\ufe0f pohodln\u00e9 m\u00edsto pro 6-8 osob<br data-start=\"1021\" data-end=\"1024\" \/>\u2714\ufe0f ide\u00e1ln\u00ed pro zahradu, terasu, restauraci nebo hotel<\/p>","protected":false},"excerpt":{"rendered":"<p>Zestaw ogrodowy Bibione \u2013 St\u00f3\u0142 1,9 m + 2 \u0142awki w solidnym wydaniu Zestaw Bibione to po\u0142\u0105czenie masywnego sto\u0142u i dw\u00f3ch \u0142awek z tej samej kolekcji \u2013 wykonany w ca\u0142o\u015bci z FSC\u00ae sosnowego drewna litego, zaprojektowany z my\u015bl\u0105 o trwa\u0142o\u015bci, wygodzie i nowoczesnym wygl\u0105dzie. Charakterystyczne nogi w uk\u0142adzie X, osadzone bli\u017cej \u015brodka, zapewniaj\u0105 wi\u0119kszy komfort [&hellip;]<\/p>\n","protected":false},"featured_media":1804,"template":"","meta":{"_acf_changed":false},"product_brand":[],"product_cat":[80],"product_tag":[91],"class_list":{"0":"post-2876","1":"product","2":"type-product","3":"status-publish","4":"has-post-thumbnail","6":"product_cat-zestawy","7":"product_tag-kolekcja-bibione","8":"product_shipping_class-podstawowa","10":"first","11":"instock","12":"taxable","13":"shipping-taxable","14":"purchasable","15":"product-type-simple","16":"add-to-wishlist-after_add_to_cart"},"acf":[],"yoast_head":"<!-- This site is optimized with the Yoast SEO plugin v26.6 - https:\/\/yoast.com\/wordpress\/plugins\/seo\/ -->\n<title>Zestaw ogrodowy Bibione - Siesta Garden<\/title>\n<meta name=\"robots\" content=\"index, follow, max-snippet:-1, max-image-preview:large, max-video-preview:-1\" \/>\n<link rel=\"canonical\" href=\"https:\/\/www.siestagarden.com\/cs\/produkt\/2876\/\" \/>\n<meta property=\"og:locale\" content=\"cs_CZ\" \/>\n<meta property=\"og:type\" content=\"article\" \/>\n<meta property=\"og:title\" content=\"Zestaw ogrodowy Bibione - Siesta Garden\" \/>\n<meta property=\"og:description\" content=\"Zestaw ogrodowy Bibione \u2013 St\u00f3\u0142 1,9 m + 2 \u0142awki w solidnym wydaniu Zestaw Bibione to po\u0142\u0105czenie masywnego sto\u0142u i dw\u00f3ch \u0142awek z tej samej kolekcji \u2013 wykonany w ca\u0142o\u015bci z FSC\u00ae sosnowego drewna litego, zaprojektowany z my\u015bl\u0105 o trwa\u0142o\u015bci, wygodzie i nowoczesnym wygl\u0105dzie. Charakterystyczne nogi w uk\u0142adzie X, osadzone bli\u017cej \u015brodka, zapewniaj\u0105 wi\u0119kszy komfort [&hellip;]\" \/>\n<meta property=\"og:url\" content=\"https:\/\/www.siestagarden.com\/cs\/produkt\/2876\/\" \/>\n<meta property=\"og:site_name\" content=\"Siesta Garden\" \/>\n<meta property=\"article:modified_time\" content=\"2026-01-27T11:32:19+00:00\" \/>\n<meta property=\"og:image\" content=\"https:\/\/www.siestagarden.com\/wp-content\/uploads\/2025\/03\/IMG_7605.jpg\" \/>\n\t<meta property=\"og:image:width\" content=\"1600\" \/>\n\t<meta property=\"og:image:height\" content=\"1067\" \/>\n\t<meta property=\"og:image:type\" content=\"image\/jpeg\" \/>\n<meta name=\"twitter:card\" content=\"summary_large_image\" \/>\n<meta name=\"twitter:label1\" content=\"Odhadovan\u00e1 doba \u010dten\u00ed\" \/>\n\t<meta name=\"twitter:data1\" content=\"2 minuty\" \/>\n<script type=\"application\/ld+json\" class=\"yoast-schema-graph\">{\"@context\":\"https:\/\/schema.org\",\"@graph\":[{\"@type\":\"WebPage\",\"@id\":\"https:\/\/www.siestagarden.com\/produkt\/2876\/\",\"url\":\"https:\/\/www.siestagarden.com\/produkt\/2876\/\",\"name\":\"Zestaw ogrodowy Bibione - Siesta Garden\",\"isPartOf\":{\"@id\":\"https:\/\/www.siestagarden.com\/#website\"},\"primaryImageOfPage\":{\"@id\":\"https:\/\/www.siestagarden.com\/produkt\/2876\/#primaryimage\"},\"image\":{\"@id\":\"https:\/\/www.siestagarden.com\/produkt\/2876\/#primaryimage\"},\"thumbnailUrl\":\"https:\/\/www.siestagarden.com\/wp-content\/uploads\/2025\/03\/IMG_7605.jpg\",\"datePublished\":\"2025-04-18T08:47:33+00:00\",\"dateModified\":\"2026-01-27T11:32:19+00:00\",\"breadcrumb\":{\"@id\":\"https:\/\/www.siestagarden.com\/produkt\/2876\/#breadcrumb\"},\"inLanguage\":\"cs\",\"potentialAction\":[{\"@type\":\"ReadAction\",\"target\":[\"https:\/\/www.siestagarden.com\/produkt\/2876\/\"]}]},{\"@type\":\"ImageObject\",\"inLanguage\":\"cs\",\"@id\":\"https:\/\/www.siestagarden.com\/produkt\/2876\/#primaryimage\",\"url\":\"https:\/\/www.siestagarden.com\/wp-content\/uploads\/2025\/03\/IMG_7605.jpg\",\"contentUrl\":\"https:\/\/www.siestagarden.com\/wp-content\/uploads\/2025\/03\/IMG_7605.jpg\",\"width\":1600,\"height\":1067},{\"@type\":\"BreadcrumbList\",\"@id\":\"https:\/\/www.siestagarden.com\/produkt\/2876\/#breadcrumb\",\"itemListElement\":[{\"@type\":\"ListItem\",\"position\":1,\"name\":\"Strona g\u0142\u00f3wna\",\"item\":\"https:\/\/www.siestagarden.com\/\"},{\"@type\":\"ListItem\",\"position\":2,\"name\":\"Sklep\",\"item\":\"https:\/\/www.siestagarden.com\/sklep\/\"},{\"@type\":\"ListItem\",\"position\":3,\"name\":\"Zestaw ogrodowy Bibione\"}]},{\"@type\":\"WebSite\",\"@id\":\"https:\/\/www.siestagarden.com\/#website\",\"url\":\"https:\/\/www.siestagarden.com\/\",\"name\":\"Siesta Garden\",\"description\":\"Meble do Twojego ogrodu. Polski producent drewnianych mebli najwy\u017cszej jako\u015bci.\",\"potentialAction\":[{\"@type\":\"SearchAction\",\"target\":{\"@type\":\"EntryPoint\",\"urlTemplate\":\"https:\/\/www.siestagarden.com\/?s={search_term_string}\"},\"query-input\":{\"@type\":\"PropertyValueSpecification\",\"valueRequired\":true,\"valueName\":\"search_term_string\"}}],\"inLanguage\":\"cs\"}]}<\/script>\n<!-- \/ Yoast SEO plugin. -->","yoast_head_json":{"title":"Zestaw ogrodowy Bibione - Siesta Garden","robots":{"index":"index","follow":"follow","max-snippet":"max-snippet:-1","max-image-preview":"max-image-preview:large","max-video-preview":"max-video-preview:-1"},"canonical":"https:\/\/www.siestagarden.com\/cs\/produkt\/2876\/","og_locale":"cs_CZ","og_type":"article","og_title":"Zestaw ogrodowy Bibione - Siesta Garden","og_description":"Zestaw ogrodowy Bibione \u2013 St\u00f3\u0142 1,9 m + 2 \u0142awki w solidnym wydaniu Zestaw Bibione to po\u0142\u0105czenie masywnego sto\u0142u i dw\u00f3ch \u0142awek z tej samej kolekcji \u2013 wykonany w ca\u0142o\u015bci z FSC\u00ae sosnowego drewna litego, zaprojektowany z my\u015bl\u0105 o trwa\u0142o\u015bci, wygodzie i nowoczesnym wygl\u0105dzie. Charakterystyczne nogi w uk\u0142adzie X, osadzone bli\u017cej \u015brodka, zapewniaj\u0105 wi\u0119kszy komfort [&hellip;]","og_url":"https:\/\/www.siestagarden.com\/cs\/produkt\/2876\/","og_site_name":"Siesta Garden","article_modified_time":"2026-01-27T11:32:19+00:00","og_image":[{"width":1600,"height":1067,"url":"https:\/\/www.siestagarden.com\/wp-content\/uploads\/2025\/03\/IMG_7605.jpg","type":"image\/jpeg"}],"twitter_card":"summary_large_image","twitter_misc":{"Odhadovan\u00e1 doba \u010dten\u00ed":"2 minuty"},"schema":{"@context":"https:\/\/schema.org","@graph":[{"@type":"WebPage","@id":"https:\/\/www.siestagarden.com\/produkt\/2876\/","url":"https:\/\/www.siestagarden.com\/produkt\/2876\/","name":"Zestaw ogrodowy Bibione - Siesta Garden","isPartOf":{"@id":"https:\/\/www.siestagarden.com\/#website"},"primaryImageOfPage":{"@id":"https:\/\/www.siestagarden.com\/produkt\/2876\/#primaryimage"},"image":{"@id":"https:\/\/www.siestagarden.com\/produkt\/2876\/#primaryimage"},"thumbnailUrl":"https:\/\/www.siestagarden.com\/wp-content\/uploads\/2025\/03\/IMG_7605.jpg","datePublished":"2025-04-18T08:47:33+00:00","dateModified":"2026-01-27T11:32:19+00:00","breadcrumb":{"@id":"https:\/\/www.siestagarden.com\/produkt\/2876\/#breadcrumb"},"inLanguage":"cs","potentialAction":[{"@type":"ReadAction","target":["https:\/\/www.siestagarden.com\/produkt\/2876\/"]}]},{"@type":"ImageObject","inLanguage":"cs","@id":"https:\/\/www.siestagarden.com\/produkt\/2876\/#primaryimage","url":"https:\/\/www.siestagarden.com\/wp-content\/uploads\/2025\/03\/IMG_7605.jpg","contentUrl":"https:\/\/www.siestagarden.com\/wp-content\/uploads\/2025\/03\/IMG_7605.jpg","width":1600,"height":1067},{"@type":"BreadcrumbList","@id":"https:\/\/www.siestagarden.com\/produkt\/2876\/#breadcrumb","itemListElement":[{"@type":"ListItem","position":1,"name":"Strona g\u0142\u00f3wna","item":"https:\/\/www.siestagarden.com\/"},{"@type":"ListItem","position":2,"name":"Sklep","item":"https:\/\/www.siestagarden.com\/sklep\/"},{"@type":"ListItem","position":3,"name":"Zestaw ogrodowy Bibione"}]},{"@type":"WebSite","@id":"https:\/\/www.siestagarden.com\/#website","url":"https:\/\/www.siestagarden.com\/","name":"Siesta Garden","description":"N\u00e1bytek pro va\u0161i zahradu. Polsk\u00fd v\u00fdrobce d\u0159ev\u011bn\u00e9ho n\u00e1bytku nejvy\u0161\u0161\u00ed kvality.","potentialAction":[{"@type":"SearchAction","target":{"@type":"EntryPoint","urlTemplate":"https:\/\/www.siestagarden.com\/?s={search_term_string}"},"query-input":{"@type":"PropertyValueSpecification","valueRequired":true,"valueName":"search_term_string"}}],"inLanguage":"cs"}]}},"_links":{"self":[{"href":"https:\/\/www.siestagarden.com\/cs\/wp-json\/wp\/v2\/product\/2876","targetHints":{"allow":["GET"]}}],"collection":[{"href":"https:\/\/www.siestagarden.com\/cs\/wp-json\/wp\/v2\/product"}],"about":[{"href":"https:\/\/www.siestagarden.com\/cs\/wp-json\/wp\/v2\/types\/product"}],"wp:featuredmedia":[{"embeddable":true,"href":"https:\/\/www.siestagarden.com\/cs\/wp-json\/wp\/v2\/media\/1804"}],"wp:attachment":[{"href":"https:\/\/www.siestagarden.com\/cs\/wp-json\/wp\/v2\/media?parent=2876"}],"wp:term":[{"taxonomy":"product_brand","embeddable":true,"href":"https:\/\/www.siestagarden.com\/cs\/wp-json\/wp\/v2\/product_brand?post=2876"},{"taxonomy":"product_cat","embeddable":true,"href":"https:\/\/www.siestagarden.com\/cs\/wp-json\/wp\/v2\/product_cat?post=2876"},{"taxonomy":"product_tag","embeddable":true,"href":"https:\/\/www.siestagarden.com\/cs\/wp-json\/wp\/v2\/product_tag?post=2876"}],"curies":[{"name":"wp","href":"https:\/\/api.w.org\/{rel}","templated":true}]}}