{"id":2963,"date":"2025-05-20T13:11:54","date_gmt":"2025-05-20T11:11:54","guid":{"rendered":"https:\/\/www.siestagarden.com\/?post_type=product&#038;p=2963"},"modified":"2026-02-04T16:48:10","modified_gmt":"2026-02-04T15:48:10","slug":"ryby-z-lasu-chudini","status":"publish","type":"product","link":"https:\/\/www.siestagarden.com\/cs\/produkt\/ryby-z-lasu-chudini\/","title":{"rendered":"Ryby z lesa - Chudini"},"content":{"rendered":"<p>U\u017eijte si rybi\u010dky, rozlu\u010dte se s nudou a p\u0159iv\u00edtejte z\u00e1bavn\u00e9 dobrodru\u017estv\u00ed, kter\u00e9 v\u00e1m doma zpest\u0159\u00ed \u010das!<\/p>\n<p>Objevte na\u0161i sadu <strong>t\u0159i rozko\u0161n\u00e9 figurky ryb<\/strong> z certifikovan\u00fdch <strong>Borovicov\u00e9 d\u0159evo FSC<\/strong>, z nich\u017e ka\u017ed\u00fd \u010dek\u00e1 na p\u0159em\u011bnu na <strong>jedine\u010dn\u00e9 um\u011bleck\u00e9 d\u00edlo<\/strong>. Navr\u017eeno pro navozen\u00ed atmosf\u00e9ry va\u0161eho domova <strong>radost, tvo\u0159ivost a m\u00edr<\/strong>, tato okouzluj\u00edc\u00ed sada vyb\u00edz\u00ed hosty, aby si dop\u0159\u00e1li<strong> intuitivn\u00ed z\u00e1\u017eitek z malov\u00e1n\u00ed<\/strong>kter\u00e9 dosud neznali.<\/p>\n<p>U\u017eijte si dovolenou <strong>kreativn\u011b<\/strong> a zapojte sv\u00e9 d\u00edt\u011b do n\u011b\u010deho z\u00e1bavn\u00e9ho <strong>poskytnout host\u016fm v\u0161ech v\u011bkov\u00fdch kategori\u00ed relaxa\u010dn\u00ed a p\u0159\u00edjemnou aktivitu.<\/strong> A\u0165 u\u017e m\u00e1te jak\u00e9koli zku\u0161enosti, na\u0161e sada v\u00e1m poskytne v\u0161e, co pot\u0159ebujete k vytvo\u0159en\u00ed <strong>um\u011bleck\u00e1 d\u00edla v uvoln\u011bn\u00e9 atmosf\u00e9\u0159e<\/strong>.<\/p>\n<p>V na\u0161em <strong>fantastick\u00fd bal\u00ed\u010dek<\/strong> najdete v\u0161e, co pot\u0159ebujete k tomu, abyste v sob\u011b uvolnili um\u011blce: <strong>t\u0159i vesel\u00e9 rybky, barvy, \u0161t\u011btec a ochrann\u00e1 podlo\u017eka<\/strong> s jednoduch\u00fdmi pokyny.<\/p>\n<p>Zde se dozv\u00edte, jak se do t\u00e9to z\u00e1bavy pono\u0159it:<\/p>\n<p>Pohodln\u011b se usa\u010fte<strong> hotelov\u00fd pokoj<\/strong> nebo restaura\u010dn\u00ed st\u00e1nek, rozlo\u017ete si <strong>n\u00e1\u010din\u00ed<\/strong> a b\u00fdt p\u0159ipraven <strong>tvorba kouzel<\/strong>. Vyberte si rybu a<strong> pono\u0159te se do barvy<\/strong> - Neexistuj\u00ed \u017e\u00e1dn\u00e1 pravidla, prost\u011b se do toho pus\u0165te a <strong>malovat podle sv\u00e9ho p\u0159\u00e1n\u00ed<\/strong>. Pokra\u010dujte a sm\u00edchejte <strong>barvy<\/strong>, p\u0159idat <strong>t\u0159pytky<\/strong> nebo dokonce <strong>samolepky<\/strong> pro v\u011bt\u0161\u00ed efekt. Jakmile vytvo\u0159\u00edte sv\u00e9 mistrovsk\u00e9 d\u00edlo, vyfo\u0165te ho a vyfotografujte. <strong>sd\u00edlet ji se sv\u011btem<\/strong>! A\u0165 u\u017e jste zku\u0161en\u00fd um\u011blec, nebo se jen chcete pobavit, na\u0161e Z<strong>Sada pro malov\u00e1n\u00ed lesn\u00edch ryb<\/strong> je skv\u011bl\u00fd zp\u016fsob, jak relaxovat a b\u00fdt kreativn\u00ed. <strong>Vezm\u011bte \u0161t\u011btec a poj\u010fme si rybu barevn\u011b namalovat.<\/strong><\/p>\n<p><strong><a href=\"https:\/\/www.siestagarden.com\/wp-content\/uploads\/2025\/05\/video-output-DA3FF488-8EA3-4E03-92D2-F6AF6420AD12.mov\">Pod\u00edvejte se na video a zjist\u011bte, co v\u0161echno se d\u00e1 s na\u0161imi rybami d\u011blat.<\/a><\/strong><\/p>\n<p>Pro\u010d je dobr\u00e9 m\u00edt lesn\u00ed ryby?<\/p>\n<ul>\n<li><strong>podporujete evropsk\u00e9 hospod\u00e1\u0159stv\u00ed<\/strong><\/li>\n<li><strong>Aktivn\u011b se zapojte do ob\u011bhov\u00e9ho hospod\u00e1\u0159stv\u00ed<\/strong><\/li>\n<li><strong>Minimalizujete svou uhl\u00edkovou stopu<\/strong><\/li>\n<li><strong>Vytv\u00e1\u0159\u00edte jedine\u010dn\u00e1 um\u011bleck\u00e1 d\u00edla z vysoce kvalitn\u00edho, ekologicky \u0161etrn\u00e9ho d\u0159eva.<\/strong><\/li>\n<li><strong>Rozhodn\u011bte se informovan\u011b a z\u00edskejte z toho z\u00e1bavu!<\/strong><\/li>\n<\/ul>\n<p>&nbsp;<\/p>","protected":false},"excerpt":{"rendered":"<p>Ciesz si\u0119 swoj\u0105 ryb\u0105 po\u017cegnaj si\u0119 z nud\u0105 i powitaj zabawn\u0105 przygod\u0119, kt\u00f3ra rozja\u015bni czas sp\u0119dzony w twoim domu! Odkryj nasz zestaw trzech uroczych figurek ryb wykonanych z certyfikowanego drewna sosnowego FSC, ka\u017cda czekaj\u0105ca, by zosta\u0107 przekszta\u0142con\u0105 w unikatowe dzie\u0142o sztuki. Zaprojektowane, by wnie\u015b\u0107 do twojego domu atmosfer\u0119 rado\u015bci, kreatywno\u015bci i spokoju, ten czaruj\u0105cy zestaw [&hellip;]<\/p>\n","protected":false},"featured_media":2964,"template":"","meta":{"_acf_changed":false},"product_brand":[],"product_cat":[76,114,87],"product_tag":[],"class_list":{"0":"post-2963","1":"product","2":"type-product","3":"status-publish","4":"has-post-thumbnail","6":"product_cat-akcesoria-ogrodowe","7":"product_cat-dla-dzieci","8":"product_cat-promocje","9":"product_shipping_class-podstawowa","11":"first","12":"instock","13":"sale","14":"taxable","15":"shipping-taxable","16":"purchasable","17":"product-type-simple","18":"add-to-wishlist-after_add_to_cart"},"acf":[],"yoast_head":"<!-- This site is optimized with the Yoast SEO plugin v26.6 - https:\/\/yoast.com\/wordpress\/plugins\/seo\/ -->\n<title>Ryby z lasu - Chudini - Siesta Garden<\/title>\n<meta name=\"robots\" content=\"index, follow, max-snippet:-1, max-image-preview:large, max-video-preview:-1\" \/>\n<link rel=\"canonical\" href=\"https:\/\/www.siestagarden.com\/cs\/produkt\/ryby-z-lasu-chudini\/\" \/>\n<meta property=\"og:locale\" content=\"cs_CZ\" \/>\n<meta property=\"og:type\" content=\"article\" \/>\n<meta property=\"og:title\" content=\"Ryby z lasu - Chudini - Siesta Garden\" \/>\n<meta property=\"og:description\" content=\"Ciesz si\u0119 swoj\u0105 ryb\u0105 po\u017cegnaj si\u0119 z nud\u0105 i powitaj zabawn\u0105 przygod\u0119, kt\u00f3ra rozja\u015bni czas sp\u0119dzony w twoim domu! Odkryj nasz zestaw trzech uroczych figurek ryb wykonanych z certyfikowanego drewna sosnowego FSC, ka\u017cda czekaj\u0105ca, by zosta\u0107 przekszta\u0142con\u0105 w unikatowe dzie\u0142o sztuki. Zaprojektowane, by wnie\u015b\u0107 do twojego domu atmosfer\u0119 rado\u015bci, kreatywno\u015bci i spokoju, ten czaruj\u0105cy zestaw [&hellip;]\" \/>\n<meta property=\"og:url\" content=\"https:\/\/www.siestagarden.com\/cs\/produkt\/ryby-z-lasu-chudini\/\" \/>\n<meta property=\"og:site_name\" content=\"Siesta Garden\" \/>\n<meta property=\"article:modified_time\" content=\"2026-02-04T15:48:10+00:00\" \/>\n<meta property=\"og:image\" content=\"https:\/\/www.siestagarden.com\/wp-content\/uploads\/2025\/05\/5I3A8000-scaled.jpg\" \/>\n\t<meta property=\"og:image:width\" content=\"1707\" \/>\n\t<meta property=\"og:image:height\" content=\"2560\" \/>\n\t<meta property=\"og:image:type\" content=\"image\/jpeg\" \/>\n<meta name=\"twitter:card\" content=\"summary_large_image\" \/>\n<meta name=\"twitter:label1\" content=\"Odhadovan\u00e1 doba \u010dten\u00ed\" \/>\n\t<meta name=\"twitter:data1\" content=\"2 minuty\" \/>\n<script type=\"application\/ld+json\" class=\"yoast-schema-graph\">{\"@context\":\"https:\/\/schema.org\",\"@graph\":[{\"@type\":\"WebPage\",\"@id\":\"https:\/\/www.siestagarden.com\/produkt\/ryby-z-lasu-chudini\/\",\"url\":\"https:\/\/www.siestagarden.com\/produkt\/ryby-z-lasu-chudini\/\",\"name\":\"Ryby z lasu - Chudini - Siesta Garden\",\"isPartOf\":{\"@id\":\"https:\/\/www.siestagarden.com\/#website\"},\"primaryImageOfPage\":{\"@id\":\"https:\/\/www.siestagarden.com\/produkt\/ryby-z-lasu-chudini\/#primaryimage\"},\"image\":{\"@id\":\"https:\/\/www.siestagarden.com\/produkt\/ryby-z-lasu-chudini\/#primaryimage\"},\"thumbnailUrl\":\"https:\/\/www.siestagarden.com\/wp-content\/uploads\/2025\/05\/5I3A8000-scaled.jpg\",\"datePublished\":\"2025-05-20T11:11:54+00:00\",\"dateModified\":\"2026-02-04T15:48:10+00:00\",\"breadcrumb\":{\"@id\":\"https:\/\/www.siestagarden.com\/produkt\/ryby-z-lasu-chudini\/#breadcrumb\"},\"inLanguage\":\"cs\",\"potentialAction\":[{\"@type\":\"ReadAction\",\"target\":[\"https:\/\/www.siestagarden.com\/produkt\/ryby-z-lasu-chudini\/\"]}]},{\"@type\":\"ImageObject\",\"inLanguage\":\"cs\",\"@id\":\"https:\/\/www.siestagarden.com\/produkt\/ryby-z-lasu-chudini\/#primaryimage\",\"url\":\"https:\/\/www.siestagarden.com\/wp-content\/uploads\/2025\/05\/5I3A8000-scaled.jpg\",\"contentUrl\":\"https:\/\/www.siestagarden.com\/wp-content\/uploads\/2025\/05\/5I3A8000-scaled.jpg\",\"width\":1707,\"height\":2560},{\"@type\":\"BreadcrumbList\",\"@id\":\"https:\/\/www.siestagarden.com\/produkt\/ryby-z-lasu-chudini\/#breadcrumb\",\"itemListElement\":[{\"@type\":\"ListItem\",\"position\":1,\"name\":\"Strona g\u0142\u00f3wna\",\"item\":\"https:\/\/www.siestagarden.com\/\"},{\"@type\":\"ListItem\",\"position\":2,\"name\":\"Sklep\",\"item\":\"https:\/\/www.siestagarden.com\/sklep\/\"},{\"@type\":\"ListItem\",\"position\":3,\"name\":\"Ryby z lasu &#8211; Chudini\"}]},{\"@type\":\"WebSite\",\"@id\":\"https:\/\/www.siestagarden.com\/#website\",\"url\":\"https:\/\/www.siestagarden.com\/\",\"name\":\"Siesta Garden\",\"description\":\"Meble do Twojego ogrodu. Polski producent drewnianych mebli najwy\u017cszej jako\u015bci.\",\"potentialAction\":[{\"@type\":\"SearchAction\",\"target\":{\"@type\":\"EntryPoint\",\"urlTemplate\":\"https:\/\/www.siestagarden.com\/?s={search_term_string}\"},\"query-input\":{\"@type\":\"PropertyValueSpecification\",\"valueRequired\":true,\"valueName\":\"search_term_string\"}}],\"inLanguage\":\"cs\"}]}<\/script>\n<!-- \/ Yoast SEO plugin. -->","yoast_head_json":{"title":"Ryby z lasu - Chudini - Siesta Garden","robots":{"index":"index","follow":"follow","max-snippet":"max-snippet:-1","max-image-preview":"max-image-preview:large","max-video-preview":"max-video-preview:-1"},"canonical":"https:\/\/www.siestagarden.com\/cs\/produkt\/ryby-z-lasu-chudini\/","og_locale":"cs_CZ","og_type":"article","og_title":"Ryby z lasu - Chudini - Siesta Garden","og_description":"Ciesz si\u0119 swoj\u0105 ryb\u0105 po\u017cegnaj si\u0119 z nud\u0105 i powitaj zabawn\u0105 przygod\u0119, kt\u00f3ra rozja\u015bni czas sp\u0119dzony w twoim domu! Odkryj nasz zestaw trzech uroczych figurek ryb wykonanych z certyfikowanego drewna sosnowego FSC, ka\u017cda czekaj\u0105ca, by zosta\u0107 przekszta\u0142con\u0105 w unikatowe dzie\u0142o sztuki. Zaprojektowane, by wnie\u015b\u0107 do twojego domu atmosfer\u0119 rado\u015bci, kreatywno\u015bci i spokoju, ten czaruj\u0105cy zestaw [&hellip;]","og_url":"https:\/\/www.siestagarden.com\/cs\/produkt\/ryby-z-lasu-chudini\/","og_site_name":"Siesta Garden","article_modified_time":"2026-02-04T15:48:10+00:00","og_image":[{"width":1707,"height":2560,"url":"https:\/\/www.siestagarden.com\/wp-content\/uploads\/2025\/05\/5I3A8000-scaled.jpg","type":"image\/jpeg"}],"twitter_card":"summary_large_image","twitter_misc":{"Odhadovan\u00e1 doba \u010dten\u00ed":"2 minuty"},"schema":{"@context":"https:\/\/schema.org","@graph":[{"@type":"WebPage","@id":"https:\/\/www.siestagarden.com\/produkt\/ryby-z-lasu-chudini\/","url":"https:\/\/www.siestagarden.com\/produkt\/ryby-z-lasu-chudini\/","name":"Ryby z lasu - Chudini - Siesta Garden","isPartOf":{"@id":"https:\/\/www.siestagarden.com\/#website"},"primaryImageOfPage":{"@id":"https:\/\/www.siestagarden.com\/produkt\/ryby-z-lasu-chudini\/#primaryimage"},"image":{"@id":"https:\/\/www.siestagarden.com\/produkt\/ryby-z-lasu-chudini\/#primaryimage"},"thumbnailUrl":"https:\/\/www.siestagarden.com\/wp-content\/uploads\/2025\/05\/5I3A8000-scaled.jpg","datePublished":"2025-05-20T11:11:54+00:00","dateModified":"2026-02-04T15:48:10+00:00","breadcrumb":{"@id":"https:\/\/www.siestagarden.com\/produkt\/ryby-z-lasu-chudini\/#breadcrumb"},"inLanguage":"cs","potentialAction":[{"@type":"ReadAction","target":["https:\/\/www.siestagarden.com\/produkt\/ryby-z-lasu-chudini\/"]}]},{"@type":"ImageObject","inLanguage":"cs","@id":"https:\/\/www.siestagarden.com\/produkt\/ryby-z-lasu-chudini\/#primaryimage","url":"https:\/\/www.siestagarden.com\/wp-content\/uploads\/2025\/05\/5I3A8000-scaled.jpg","contentUrl":"https:\/\/www.siestagarden.com\/wp-content\/uploads\/2025\/05\/5I3A8000-scaled.jpg","width":1707,"height":2560},{"@type":"BreadcrumbList","@id":"https:\/\/www.siestagarden.com\/produkt\/ryby-z-lasu-chudini\/#breadcrumb","itemListElement":[{"@type":"ListItem","position":1,"name":"Strona g\u0142\u00f3wna","item":"https:\/\/www.siestagarden.com\/"},{"@type":"ListItem","position":2,"name":"Sklep","item":"https:\/\/www.siestagarden.com\/sklep\/"},{"@type":"ListItem","position":3,"name":"Ryby z lasu &#8211; Chudini"}]},{"@type":"WebSite","@id":"https:\/\/www.siestagarden.com\/#website","url":"https:\/\/www.siestagarden.com\/","name":"Siesta Garden","description":"N\u00e1bytek pro va\u0161i zahradu. Polsk\u00fd v\u00fdrobce d\u0159ev\u011bn\u00e9ho n\u00e1bytku nejvy\u0161\u0161\u00ed kvality.","potentialAction":[{"@type":"SearchAction","target":{"@type":"EntryPoint","urlTemplate":"https:\/\/www.siestagarden.com\/?s={search_term_string}"},"query-input":{"@type":"PropertyValueSpecification","valueRequired":true,"valueName":"search_term_string"}}],"inLanguage":"cs"}]}},"_links":{"self":[{"href":"https:\/\/www.siestagarden.com\/cs\/wp-json\/wp\/v2\/product\/2963","targetHints":{"allow":["GET"]}}],"collection":[{"href":"https:\/\/www.siestagarden.com\/cs\/wp-json\/wp\/v2\/product"}],"about":[{"href":"https:\/\/www.siestagarden.com\/cs\/wp-json\/wp\/v2\/types\/product"}],"wp:featuredmedia":[{"embeddable":true,"href":"https:\/\/www.siestagarden.com\/cs\/wp-json\/wp\/v2\/media\/2964"}],"wp:attachment":[{"href":"https:\/\/www.siestagarden.com\/cs\/wp-json\/wp\/v2\/media?parent=2963"}],"wp:term":[{"taxonomy":"product_brand","embeddable":true,"href":"https:\/\/www.siestagarden.com\/cs\/wp-json\/wp\/v2\/product_brand?post=2963"},{"taxonomy":"product_cat","embeddable":true,"href":"https:\/\/www.siestagarden.com\/cs\/wp-json\/wp\/v2\/product_cat?post=2963"},{"taxonomy":"product_tag","embeddable":true,"href":"https:\/\/www.siestagarden.com\/cs\/wp-json\/wp\/v2\/product_tag?post=2963"}],"curies":[{"name":"wp","href":"https:\/\/api.w.org\/{rel}","templated":true}]}}