{"id":3364,"date":"2025-09-25T09:51:58","date_gmt":"2025-09-25T07:51:58","guid":{"rendered":"https:\/\/www.siestagarden.com\/?post_type=product&#038;p=3364"},"modified":"2026-02-23T13:12:13","modified_gmt":"2026-02-23T12:12:13","slug":"stol-piknikowy-walk-in-bench-17m-z-dachem-z-drewna","status":"publish","type":"product","link":"https:\/\/www.siestagarden.com\/cs\/produkt\/stol-piknikowy-walk-in-bench-17m-z-dachem-z-drewna\/","title":{"rendered":"Piknikov\u00fd st\u016fl Walk In Bench 1,7 m s d\u0159ev\u011bnou st\u0159echou"},"content":{"rendered":"<p><strong>Piknikov\u00fd st\u016fl Walk In Bench s d\u0159ev\u011bnou st\u0159echou<\/strong> - pohodl\u00ed s ochranou p\u0159ed sluncem a de\u0161t\u011bm<\/p>\n<p>Verze Walk In Bench s d\u0159ev\u011bnou st\u0159echou je promy\u0161lenou odpov\u011bd\u00ed na pot\u0159eby u\u017eivatel\u016f, kte\u0159\u00ed hledaj\u00ed nejen pohodl\u00ed a p\u0159\u00edstupnost, ale tak\u00e9 ochranu p\u0159ed sluncem a m\u00edrn\u00fdm de\u0161t\u011bm. V t\u00e9to verzi je klasick\u00fd piknikov\u00fd st\u016fl s bo\u010dn\u00edm vstupem obohacen o odolnou a estetickou st\u0159e\u0161n\u00ed konstrukci ze d\u0159eva FSC\u00ae.<\/p>\n<p>D\u0159ev\u011bn\u00e1 st\u0159echa vytv\u00e1\u0159\u00ed \u00fatulnou a chr\u00e1n\u011bnou z\u00f3nu, kter\u00e1 je ide\u00e1ln\u00ed pro pou\u017e\u00edv\u00e1n\u00ed n\u00e1bytku za ka\u017ed\u00e9ho po\u010das\u00ed - v letn\u00edch vedrech i za m\u00edrn\u00e9ho mrholen\u00ed. Celkov\u00fd design se hod\u00ed jak do soukrom\u00fdch zahrad, tak do komer\u010dn\u00edch prostor: penzion\u016f, venkovn\u00edch restaurac\u00ed, mate\u0159sk\u00fdch \u0161kol nebo rekrea\u010dn\u00edch oblast\u00ed.<\/p>\n<p><strong>1,7 m - prostorn\u00e1 sada pro zahrady, \u0161koly, stravov\u00e1n\u00ed<\/strong><\/p>\n<p><strong>Dostupn\u00e9 velikosti v jin\u00fdch aukc\u00edch:<\/strong><\/p>\n<p>1,4 m - univerz\u00e1ln\u00ed rodinn\u00fd model<\/p>\n<p>1,1 m - kompaktn\u00ed a funk\u010dn\u00ed pro men\u0161\u00ed prostory<\/p>\n<p>V\u0161echny modely jsou vyrobeny z masivn\u00edho <strong>D\u0159evo FSC\u00ae<\/strong> a chr\u00e1n\u011bn\u00e9 a\u017e do kategorie ochrany 3, aby byla zaji\u0161t\u011bna odolnost v\u016f\u010di r\u016fzn\u00fdm pov\u011btrnostn\u00edm podm\u00ednk\u00e1m.<\/p>\n<p>\u2714\ufe0f integrovan\u00e1 d\u0159ev\u011bn\u00e1 st\u0159echa - p\u0159irozen\u00e1 ochrana p\u0159ed sluncem a de\u0161t\u011bm<\/p>\n<p>\u2714\ufe0f walk-in vstup - snadn\u00e9 a pohodln\u00e9 pou\u017e\u00edv\u00e1n\u00ed<\/p>\n<p>\u2714\ufe0f 3 d\u00e9lky na v\u00fdb\u011br - ide\u00e1ln\u00ed pro v\u00e1\u0161 prostor<\/p>\n<p>\u2714\ufe0f D\u0159evo FSC\u00ae - udr\u017eitelnost a ekologick\u00fd p\u016fvod<\/p>\n<p>\u2714\ufe0f impregnace a\u017e do kategorie ochrany 3 - nejvy\u0161\u0161\u00ed odolnost v\u016f\u010di vn\u011bj\u0161\u00edm podm\u00ednk\u00e1m<\/p>\n<p>\u2714\ufe0f bezpe\u010dn\u00e9, zaoblen\u00e9 hrany<\/p>\n<p>\u2714\ufe0f ide\u00e1ln\u00ed pro zahrady, rekrea\u010dn\u00ed oblasti, \u0161koly a stravovac\u00ed za\u0159\u00edzen\u00ed.<\/p>\n<p><strong>Lavice Walk In se st\u0159echou<\/strong> je v\u00edc ne\u017e jen kus n\u00e1bytku - je to mini alt\u00e1n p\u0159ipraven\u00fd ke ka\u017edodenn\u00edmu pou\u017e\u00edv\u00e1n\u00ed po celou sez\u00f3nu.<\/p>","protected":false},"excerpt":{"rendered":"<p>St\u00f3\u0142 Piknikowy Walk In Bench z Drewnianym Dachem \u2013 komfort z ochron\u0105 przed s\u0142o\u0144cem i deszczem Wersja Walk In Bench z drewnianym dachem to przemy\u015blana odpowied\u017a na potrzeby u\u017cytkownik\u00f3w szukaj\u0105cych nie tylko wygody i dost\u0119pno\u015bci, ale r\u00f3wnie\u017c ochrony przed s\u0142o\u0144cem i lekkim deszczem. W tej wersji klasyczny st\u00f3\u0142 piknikowy z bocznym wej\u015bciem zosta\u0142 wzbogacony o [&hellip;]<\/p>\n","protected":false},"featured_media":3365,"template":"","meta":{"_acf_changed":false},"product_brand":[],"product_cat":[66,80],"product_tag":[78],"class_list":{"0":"post-3364","1":"product","2":"type-product","3":"status-publish","4":"has-post-thumbnail","6":"product_cat-stoly-piknikowe","7":"product_cat-zestawy","8":"product_tag-horeca","9":"product_shipping_class-podstawowa","11":"first","12":"instock","13":"taxable","14":"shipping-taxable","15":"purchasable","16":"product-type-simple","17":"add-to-wishlist-after_add_to_cart"},"acf":[],"yoast_head":"<!-- This site is optimized with the Yoast SEO plugin v26.6 - https:\/\/yoast.com\/wordpress\/plugins\/seo\/ -->\n<title>St\u00f3\u0142 Piknikowy Walk In Bench 1,7m z dachem z drewna - Siesta Garden<\/title>\n<meta name=\"robots\" content=\"index, follow, max-snippet:-1, max-image-preview:large, max-video-preview:-1\" \/>\n<link rel=\"canonical\" href=\"https:\/\/www.siestagarden.com\/cs\/produkt\/stol-piknikowy-walk-in-bench-17m-z-dachem-z-drewna\/\" \/>\n<meta property=\"og:locale\" content=\"cs_CZ\" \/>\n<meta property=\"og:type\" content=\"article\" \/>\n<meta property=\"og:title\" content=\"St\u00f3\u0142 Piknikowy Walk In Bench 1,7m z dachem z drewna - Siesta Garden\" \/>\n<meta property=\"og:description\" content=\"St\u00f3\u0142 Piknikowy Walk In Bench z Drewnianym Dachem \u2013 komfort z ochron\u0105 przed s\u0142o\u0144cem i deszczem Wersja Walk In Bench z drewnianym dachem to przemy\u015blana odpowied\u017a na potrzeby u\u017cytkownik\u00f3w szukaj\u0105cych nie tylko wygody i dost\u0119pno\u015bci, ale r\u00f3wnie\u017c ochrony przed s\u0142o\u0144cem i lekkim deszczem. W tej wersji klasyczny st\u00f3\u0142 piknikowy z bocznym wej\u015bciem zosta\u0142 wzbogacony o [&hellip;]\" \/>\n<meta property=\"og:url\" content=\"https:\/\/www.siestagarden.com\/cs\/produkt\/stol-piknikowy-walk-in-bench-17m-z-dachem-z-drewna\/\" \/>\n<meta property=\"og:site_name\" content=\"Siesta Garden\" \/>\n<meta property=\"article:modified_time\" content=\"2026-02-23T12:12:13+00:00\" \/>\n<meta property=\"og:image\" content=\"https:\/\/www.siestagarden.com\/wp-content\/uploads\/2025\/09\/IMG_6601-e1770628611675.jpg\" \/>\n\t<meta property=\"og:image:width\" content=\"1600\" \/>\n\t<meta property=\"og:image:height\" content=\"1067\" \/>\n\t<meta property=\"og:image:type\" content=\"image\/jpeg\" \/>\n<meta name=\"twitter:card\" content=\"summary_large_image\" \/>\n<meta name=\"twitter:label1\" content=\"Odhadovan\u00e1 doba \u010dten\u00ed\" \/>\n\t<meta name=\"twitter:data1\" content=\"2 minuty\" \/>\n<script type=\"application\/ld+json\" class=\"yoast-schema-graph\">{\"@context\":\"https:\/\/schema.org\",\"@graph\":[{\"@type\":\"WebPage\",\"@id\":\"https:\/\/www.siestagarden.com\/produkt\/stol-piknikowy-walk-in-bench-17m-z-dachem-z-drewna\/\",\"url\":\"https:\/\/www.siestagarden.com\/produkt\/stol-piknikowy-walk-in-bench-17m-z-dachem-z-drewna\/\",\"name\":\"St\u00f3\u0142 Piknikowy Walk In Bench 1,7m z dachem z drewna - Siesta Garden\",\"isPartOf\":{\"@id\":\"https:\/\/www.siestagarden.com\/#website\"},\"primaryImageOfPage\":{\"@id\":\"https:\/\/www.siestagarden.com\/produkt\/stol-piknikowy-walk-in-bench-17m-z-dachem-z-drewna\/#primaryimage\"},\"image\":{\"@id\":\"https:\/\/www.siestagarden.com\/produkt\/stol-piknikowy-walk-in-bench-17m-z-dachem-z-drewna\/#primaryimage\"},\"thumbnailUrl\":\"https:\/\/www.siestagarden.com\/wp-content\/uploads\/2025\/09\/IMG_6601-e1770628611675.jpg\",\"datePublished\":\"2025-09-25T07:51:58+00:00\",\"dateModified\":\"2026-02-23T12:12:13+00:00\",\"breadcrumb\":{\"@id\":\"https:\/\/www.siestagarden.com\/produkt\/stol-piknikowy-walk-in-bench-17m-z-dachem-z-drewna\/#breadcrumb\"},\"inLanguage\":\"cs\",\"potentialAction\":[{\"@type\":\"ReadAction\",\"target\":[\"https:\/\/www.siestagarden.com\/produkt\/stol-piknikowy-walk-in-bench-17m-z-dachem-z-drewna\/\"]}]},{\"@type\":\"ImageObject\",\"inLanguage\":\"cs\",\"@id\":\"https:\/\/www.siestagarden.com\/produkt\/stol-piknikowy-walk-in-bench-17m-z-dachem-z-drewna\/#primaryimage\",\"url\":\"https:\/\/www.siestagarden.com\/wp-content\/uploads\/2025\/09\/IMG_6601-e1770628611675.jpg\",\"contentUrl\":\"https:\/\/www.siestagarden.com\/wp-content\/uploads\/2025\/09\/IMG_6601-e1770628611675.jpg\",\"width\":1600,\"height\":1067},{\"@type\":\"BreadcrumbList\",\"@id\":\"https:\/\/www.siestagarden.com\/produkt\/stol-piknikowy-walk-in-bench-17m-z-dachem-z-drewna\/#breadcrumb\",\"itemListElement\":[{\"@type\":\"ListItem\",\"position\":1,\"name\":\"Strona g\u0142\u00f3wna\",\"item\":\"https:\/\/www.siestagarden.com\/\"},{\"@type\":\"ListItem\",\"position\":2,\"name\":\"Sklep\",\"item\":\"https:\/\/www.siestagarden.com\/sklep\/\"},{\"@type\":\"ListItem\",\"position\":3,\"name\":\"St\u00f3\u0142 Piknikowy Walk In Bench 1,7m z dachem z drewna\"}]},{\"@type\":\"WebSite\",\"@id\":\"https:\/\/www.siestagarden.com\/#website\",\"url\":\"https:\/\/www.siestagarden.com\/\",\"name\":\"Siesta Garden\",\"description\":\"Meble do Twojego ogrodu. Polski producent drewnianych mebli najwy\u017cszej jako\u015bci.\",\"potentialAction\":[{\"@type\":\"SearchAction\",\"target\":{\"@type\":\"EntryPoint\",\"urlTemplate\":\"https:\/\/www.siestagarden.com\/?s={search_term_string}\"},\"query-input\":{\"@type\":\"PropertyValueSpecification\",\"valueRequired\":true,\"valueName\":\"search_term_string\"}}],\"inLanguage\":\"cs\"}]}<\/script>\n<!-- \/ Yoast SEO plugin. -->","yoast_head_json":{"title":"St\u00f3\u0142 Piknikowy Walk In Bench 1,7m z dachem z drewna - Siesta Garden","robots":{"index":"index","follow":"follow","max-snippet":"max-snippet:-1","max-image-preview":"max-image-preview:large","max-video-preview":"max-video-preview:-1"},"canonical":"https:\/\/www.siestagarden.com\/cs\/produkt\/stol-piknikowy-walk-in-bench-17m-z-dachem-z-drewna\/","og_locale":"cs_CZ","og_type":"article","og_title":"St\u00f3\u0142 Piknikowy Walk In Bench 1,7m z dachem z drewna - Siesta Garden","og_description":"St\u00f3\u0142 Piknikowy Walk In Bench z Drewnianym Dachem \u2013 komfort z ochron\u0105 przed s\u0142o\u0144cem i deszczem Wersja Walk In Bench z drewnianym dachem to przemy\u015blana odpowied\u017a na potrzeby u\u017cytkownik\u00f3w szukaj\u0105cych nie tylko wygody i dost\u0119pno\u015bci, ale r\u00f3wnie\u017c ochrony przed s\u0142o\u0144cem i lekkim deszczem. W tej wersji klasyczny st\u00f3\u0142 piknikowy z bocznym wej\u015bciem zosta\u0142 wzbogacony o [&hellip;]","og_url":"https:\/\/www.siestagarden.com\/cs\/produkt\/stol-piknikowy-walk-in-bench-17m-z-dachem-z-drewna\/","og_site_name":"Siesta Garden","article_modified_time":"2026-02-23T12:12:13+00:00","og_image":[{"width":1600,"height":1067,"url":"https:\/\/www.siestagarden.com\/wp-content\/uploads\/2025\/09\/IMG_6601-e1770628611675.jpg","type":"image\/jpeg"}],"twitter_card":"summary_large_image","twitter_misc":{"Odhadovan\u00e1 doba \u010dten\u00ed":"2 minuty"},"schema":{"@context":"https:\/\/schema.org","@graph":[{"@type":"WebPage","@id":"https:\/\/www.siestagarden.com\/produkt\/stol-piknikowy-walk-in-bench-17m-z-dachem-z-drewna\/","url":"https:\/\/www.siestagarden.com\/produkt\/stol-piknikowy-walk-in-bench-17m-z-dachem-z-drewna\/","name":"St\u00f3\u0142 Piknikowy Walk In Bench 1,7m z dachem z drewna - Siesta Garden","isPartOf":{"@id":"https:\/\/www.siestagarden.com\/#website"},"primaryImageOfPage":{"@id":"https:\/\/www.siestagarden.com\/produkt\/stol-piknikowy-walk-in-bench-17m-z-dachem-z-drewna\/#primaryimage"},"image":{"@id":"https:\/\/www.siestagarden.com\/produkt\/stol-piknikowy-walk-in-bench-17m-z-dachem-z-drewna\/#primaryimage"},"thumbnailUrl":"https:\/\/www.siestagarden.com\/wp-content\/uploads\/2025\/09\/IMG_6601-e1770628611675.jpg","datePublished":"2025-09-25T07:51:58+00:00","dateModified":"2026-02-23T12:12:13+00:00","breadcrumb":{"@id":"https:\/\/www.siestagarden.com\/produkt\/stol-piknikowy-walk-in-bench-17m-z-dachem-z-drewna\/#breadcrumb"},"inLanguage":"cs","potentialAction":[{"@type":"ReadAction","target":["https:\/\/www.siestagarden.com\/produkt\/stol-piknikowy-walk-in-bench-17m-z-dachem-z-drewna\/"]}]},{"@type":"ImageObject","inLanguage":"cs","@id":"https:\/\/www.siestagarden.com\/produkt\/stol-piknikowy-walk-in-bench-17m-z-dachem-z-drewna\/#primaryimage","url":"https:\/\/www.siestagarden.com\/wp-content\/uploads\/2025\/09\/IMG_6601-e1770628611675.jpg","contentUrl":"https:\/\/www.siestagarden.com\/wp-content\/uploads\/2025\/09\/IMG_6601-e1770628611675.jpg","width":1600,"height":1067},{"@type":"BreadcrumbList","@id":"https:\/\/www.siestagarden.com\/produkt\/stol-piknikowy-walk-in-bench-17m-z-dachem-z-drewna\/#breadcrumb","itemListElement":[{"@type":"ListItem","position":1,"name":"Strona g\u0142\u00f3wna","item":"https:\/\/www.siestagarden.com\/"},{"@type":"ListItem","position":2,"name":"Sklep","item":"https:\/\/www.siestagarden.com\/sklep\/"},{"@type":"ListItem","position":3,"name":"St\u00f3\u0142 Piknikowy Walk In Bench 1,7m z dachem z drewna"}]},{"@type":"WebSite","@id":"https:\/\/www.siestagarden.com\/#website","url":"https:\/\/www.siestagarden.com\/","name":"Siesta Garden","description":"N\u00e1bytek pro va\u0161i zahradu. Polsk\u00fd v\u00fdrobce d\u0159ev\u011bn\u00e9ho n\u00e1bytku nejvy\u0161\u0161\u00ed kvality.","potentialAction":[{"@type":"SearchAction","target":{"@type":"EntryPoint","urlTemplate":"https:\/\/www.siestagarden.com\/?s={search_term_string}"},"query-input":{"@type":"PropertyValueSpecification","valueRequired":true,"valueName":"search_term_string"}}],"inLanguage":"cs"}]}},"_links":{"self":[{"href":"https:\/\/www.siestagarden.com\/cs\/wp-json\/wp\/v2\/product\/3364","targetHints":{"allow":["GET"]}}],"collection":[{"href":"https:\/\/www.siestagarden.com\/cs\/wp-json\/wp\/v2\/product"}],"about":[{"href":"https:\/\/www.siestagarden.com\/cs\/wp-json\/wp\/v2\/types\/product"}],"wp:featuredmedia":[{"embeddable":true,"href":"https:\/\/www.siestagarden.com\/cs\/wp-json\/wp\/v2\/media\/3365"}],"wp:attachment":[{"href":"https:\/\/www.siestagarden.com\/cs\/wp-json\/wp\/v2\/media?parent=3364"}],"wp:term":[{"taxonomy":"product_brand","embeddable":true,"href":"https:\/\/www.siestagarden.com\/cs\/wp-json\/wp\/v2\/product_brand?post=3364"},{"taxonomy":"product_cat","embeddable":true,"href":"https:\/\/www.siestagarden.com\/cs\/wp-json\/wp\/v2\/product_cat?post=3364"},{"taxonomy":"product_tag","embeddable":true,"href":"https:\/\/www.siestagarden.com\/cs\/wp-json\/wp\/v2\/product_tag?post=3364"}],"curies":[{"name":"wp","href":"https:\/\/api.w.org\/{rel}","templated":true}]}}