{"id":3409,"date":"2025-10-20T12:08:47","date_gmt":"2025-10-20T10:08:47","guid":{"rendered":"https:\/\/www.siestagarden.com\/?post_type=product&#038;p=3409"},"modified":"2026-02-26T07:18:20","modified_gmt":"2026-02-26T06:18:20","slug":"paczkobox-ze-schowkiem","status":"publish","type":"product","link":"https:\/\/www.siestagarden.com\/cs\/produkt\/paczkobox-ze-schowkiem\/","title":{"rendered":"PaczkoBox Loft s \u00falo\u017en\u00fdm prostorem"},"content":{"rendered":"<p data-start=\"91\" data-end=\"162\"><strong data-start=\"91\" data-end=\"162\">Krabice na bal\u00edky s \u00falo\u017en\u00fdm prostorem - D\u0159ev\u011bn\u00e1 krabice na bal\u00edky a z\u00e1silky<\/strong><\/p>\n<p data-start=\"164\" data-end=\"222\">Chod\u00ed kur\u00fdr \u010dasto, kdy\u017e nejste doma?<\/p>\n<p data-start=\"224\" data-end=\"310\">Nebo u\u017e v\u00e1s nebav\u00ed, \u017ee bal\u00edky z\u016fst\u00e1vaj\u00ed na de\u0161ti nebo na nejist\u00fdch m\u00edstech?<\/p>\n<p data-start=\"312\" data-end=\"606\">Schr\u00e1nka na bal\u00edky je praktick\u00e9 a elegantn\u00ed \u0159e\u0161en\u00ed, kter\u00e9 v\u00e1m umo\u017en\u00ed vyzvednout si z\u00e1silky bez stresu - bez ohledu na po\u010das\u00ed nebo va\u0161i p\u0159\u00edtomnost doma.<br data-start=\"458\" data-end=\"461\" \/>D\u00edky chytr\u00e9mu designu m\u016f\u017ee kur\u00fdr z\u00e1silku snadno um\u00edstit dovnit\u0159 a p\u0159\u00edstup k n\u00ed m\u00e1 pouze majitel p\u0159es uzamykatelnou p\u0159edn\u00ed klapku.<\/p>\n<p data-start=\"608\" data-end=\"908\">Schr\u00e1nka na bal\u00edky je vyrobena z p\u0159\u00edrodn\u00edho borovicov\u00e9ho d\u0159eva a dokonale lad\u00ed se vstupem do domu, na terasu nebo do zahrady.<br data-start=\"718\" data-end=\"721\" \/><strong data-start=\"721\" data-end=\"908\">Krom\u011b toho je vybaven praktick\u00fdm \u00falo\u017en\u00fdm prostorem pro ulo\u017een\u00ed praktick\u00e9ho zahradn\u00edho p\u0159\u00edslu\u0161enstv\u00ed, jako jsou rukavice, zahradnick\u00e9 n\u016f\u017eky nebo n\u00e1stroje pro p\u00e9\u010di o rostliny.<\/strong><\/p>\n<p data-start=\"608\" data-end=\"908\"><strong data-start=\"721\" data-end=\"908\">Klady:<\/strong><\/p>\n<p data-start=\"928\" data-end=\"1305\"><img decoding=\"async\" class=\"emoji\" role=\"img\" draggable=\"false\" src=\"https:\/\/s.w.org\/images\/core\/emoji\/16.0.1\/svg\/2714.svg\" alt=\"\u2714\ufe0f\" \/>\u00a0Vyzved\u00e1v\u00e1n\u00ed z\u00e1silek 24 hodin denn\u011b, 7 dn\u00ed v t\u00fddnu - i kdy\u017e nejste doma<br data-start=\"988\" data-end=\"991\" \/><img decoding=\"async\" class=\"emoji\" role=\"img\" draggable=\"false\" src=\"https:\/\/s.w.org\/images\/core\/emoji\/16.0.1\/svg\/2714.svg\" alt=\"\u2714\ufe0f\" \/>\u00a0Odolnost proti pov\u011btrnostn\u00edm vliv\u016fm - chr\u00e1n\u00ed p\u0159ed de\u0161t\u011bm, sn\u011bhem a vlhkost\u00ed<br data-start=\"1065\" data-end=\"1068\" \/><img decoding=\"async\" class=\"emoji\" role=\"img\" draggable=\"false\" src=\"https:\/\/s.w.org\/images\/core\/emoji\/16.0.1\/svg\/2714.svg\" alt=\"\u2714\ufe0f\" \/>\u00a0Bezpe\u010dn\u00e9 proveden\u00ed - lze uzamknout visac\u00edm z\u00e1mkem<br data-start=\"1125\" data-end=\"1128\" \/><img decoding=\"async\" class=\"emoji\" role=\"img\" draggable=\"false\" src=\"https:\/\/s.w.org\/images\/core\/emoji\/16.0.1\/svg\/2714.svg\" alt=\"\u2714\ufe0f\" \/>\u00a0P\u0159irozen\u00fd vzhled - estetick\u00fd prvek domu a zahrady<br data-start=\"1181\" data-end=\"1184\" \/><img decoding=\"async\" class=\"emoji\" role=\"img\" draggable=\"false\" src=\"https:\/\/s.w.org\/images\/core\/emoji\/16.0.1\/svg\/2714.svg\" alt=\"\u2714\ufe0f\" \/>\u00a0Dal\u0161\u00ed \u00falo\u017en\u00fd prostor pro nezbytn\u00e9 zahradn\u00ed p\u0159\u00edslu\u0161enstv\u00ed<br data-start=\"1235\" data-end=\"1238\" \/><img decoding=\"async\" class=\"emoji\" role=\"img\" draggable=\"false\" src=\"https:\/\/s.w.org\/images\/core\/emoji\/16.0.1\/svg\/2714.svg\" alt=\"\u2714\ufe0f\" \/>\u00a0Univerz\u00e1ln\u00ed pou\u017eit\u00ed - ide\u00e1ln\u00ed pro bal\u00edky a men\u0161\u00ed z\u00e1silky<\/p>\n<p data-start=\"1312\" data-end=\"1329\"><strong data-start=\"1312\" data-end=\"1329\">Pou\u017eit\u00ed:<\/strong><\/p>\n<p data-start=\"1331\" data-end=\"1481\">- U vchodu do domu nebo na terase<br data-start=\"1368\" data-end=\"1371\" \/>- Pod k\u016flnou, v gar\u00e1\u017ei nebo na p\u0159\u00edjezdov\u00e9 cest\u011b.<br data-start=\"1410\" data-end=\"1413\" \/>- Pro rekrea\u010dn\u00ed domy, pronaj\u00edman\u00e9 nemovitosti nebo kancel\u00e1\u0159e<\/p>\n<p data-start=\"1488\" data-end=\"1721\">Bal\u00edkov\u00fd box s \u00falo\u017en\u00fdm prostorem zaru\u010duje, \u017ee va\u0161e z\u00e1silky budou v\u017edy v suchu, bezpe\u010d\u00ed a ulo\u017eeny p\u0159esn\u011b tam, kde maj\u00ed b\u00fdt.<br data-start=\"1600\" data-end=\"1603\" \/>Praktick\u00e9, odoln\u00e9 a stylov\u00e9 \u0159e\u0161en\u00ed pro lidi, kte\u0159\u00ed si cen\u00ed po\u0159\u00e1dku, pohodl\u00ed a komfortu. <strong data-start=\"1686\" data-end=\"1720\">a r\u00e1di m\u00e1te v\u0161e po ruce<\/strong>.<\/p>","protected":false},"excerpt":{"rendered":"<p>Paczkobox ze schowkiem \u2013 Drewniana skrzynia na paczki i przesy\u0142ki Czy kurier cz\u0119sto przychodzi wtedy, gdy nie ma Ci\u0119 w domu? A mo\u017ce masz do\u015b\u0107 tego, \u017ce paczki zostawiane s\u0105 na deszczu albo w niepewnych miejscach? Paczkobox to praktyczne i eleganckie rozwi\u0105zanie, dzi\u0119ki kt\u00f3remu odbierzesz przesy\u0142ki bez stresu \u2013 niezale\u017cnie od pogody i swojej obecno\u015bci [&hellip;]<\/p>\n","protected":false},"featured_media":3410,"template":"","meta":{"_acf_changed":false},"product_brand":[],"product_cat":[98],"product_tag":[104],"class_list":{"0":"post-3409","1":"product","2":"type-product","3":"status-publish","4":"has-post-thumbnail","6":"product_cat-paczkobox","7":"product_tag-na-zamowienie","9":"first","10":"instock","11":"taxable","12":"shipping-taxable","13":"purchasable","14":"product-type-simple","15":"add-to-wishlist-after_add_to_cart"},"acf":[],"yoast_head":"<!-- This site is optimized with the Yoast SEO plugin v26.6 - https:\/\/yoast.com\/wordpress\/plugins\/seo\/ -->\n<title>PaczkoBox Loft ze schowkiem - Siesta Garden<\/title>\n<meta name=\"robots\" content=\"index, follow, max-snippet:-1, max-image-preview:large, max-video-preview:-1\" \/>\n<link rel=\"canonical\" href=\"https:\/\/www.siestagarden.com\/cs\/produkt\/paczkobox-ze-schowkiem\/\" \/>\n<meta property=\"og:locale\" content=\"cs_CZ\" \/>\n<meta property=\"og:type\" content=\"article\" \/>\n<meta property=\"og:title\" content=\"PaczkoBox Loft ze schowkiem - Siesta Garden\" \/>\n<meta property=\"og:description\" content=\"Paczkobox ze schowkiem \u2013 Drewniana skrzynia na paczki i przesy\u0142ki Czy kurier cz\u0119sto przychodzi wtedy, gdy nie ma Ci\u0119 w domu? A mo\u017ce masz do\u015b\u0107 tego, \u017ce paczki zostawiane s\u0105 na deszczu albo w niepewnych miejscach? Paczkobox to praktyczne i eleganckie rozwi\u0105zanie, dzi\u0119ki kt\u00f3remu odbierzesz przesy\u0142ki bez stresu \u2013 niezale\u017cnie od pogody i swojej obecno\u015bci [&hellip;]\" \/>\n<meta property=\"og:url\" content=\"https:\/\/www.siestagarden.com\/cs\/produkt\/paczkobox-ze-schowkiem\/\" \/>\n<meta property=\"og:site_name\" content=\"Siesta Garden\" \/>\n<meta property=\"article:modified_time\" content=\"2026-02-26T06:18:20+00:00\" \/>\n<meta property=\"og:image\" content=\"https:\/\/www.siestagarden.com\/wp-content\/uploads\/2025\/10\/IMG_0053-scaled-e1770628535202.jpg\" \/>\n\t<meta property=\"og:image:width\" content=\"1707\" \/>\n\t<meta property=\"og:image:height\" content=\"2560\" \/>\n\t<meta property=\"og:image:type\" content=\"image\/jpeg\" \/>\n<meta name=\"twitter:card\" content=\"summary_large_image\" \/>\n<meta name=\"twitter:label1\" content=\"Odhadovan\u00e1 doba \u010dten\u00ed\" \/>\n\t<meta name=\"twitter:data1\" content=\"3 minuty\" \/>\n<script type=\"application\/ld+json\" class=\"yoast-schema-graph\">{\"@context\":\"https:\/\/schema.org\",\"@graph\":[{\"@type\":\"WebPage\",\"@id\":\"https:\/\/www.siestagarden.com\/produkt\/paczkobox-ze-schowkiem\/\",\"url\":\"https:\/\/www.siestagarden.com\/produkt\/paczkobox-ze-schowkiem\/\",\"name\":\"PaczkoBox Loft ze schowkiem - Siesta Garden\",\"isPartOf\":{\"@id\":\"https:\/\/www.siestagarden.com\/#website\"},\"primaryImageOfPage\":{\"@id\":\"https:\/\/www.siestagarden.com\/produkt\/paczkobox-ze-schowkiem\/#primaryimage\"},\"image\":{\"@id\":\"https:\/\/www.siestagarden.com\/produkt\/paczkobox-ze-schowkiem\/#primaryimage\"},\"thumbnailUrl\":\"https:\/\/www.siestagarden.com\/wp-content\/uploads\/2025\/10\/IMG_0053-scaled-e1770628535202.jpg\",\"datePublished\":\"2025-10-20T10:08:47+00:00\",\"dateModified\":\"2026-02-26T06:18:20+00:00\",\"breadcrumb\":{\"@id\":\"https:\/\/www.siestagarden.com\/produkt\/paczkobox-ze-schowkiem\/#breadcrumb\"},\"inLanguage\":\"cs\",\"potentialAction\":[{\"@type\":\"ReadAction\",\"target\":[\"https:\/\/www.siestagarden.com\/produkt\/paczkobox-ze-schowkiem\/\"]}]},{\"@type\":\"ImageObject\",\"inLanguage\":\"cs\",\"@id\":\"https:\/\/www.siestagarden.com\/produkt\/paczkobox-ze-schowkiem\/#primaryimage\",\"url\":\"https:\/\/www.siestagarden.com\/wp-content\/uploads\/2025\/10\/IMG_0053-scaled-e1770628535202.jpg\",\"contentUrl\":\"https:\/\/www.siestagarden.com\/wp-content\/uploads\/2025\/10\/IMG_0053-scaled-e1770628535202.jpg\",\"width\":1707,\"height\":2560},{\"@type\":\"BreadcrumbList\",\"@id\":\"https:\/\/www.siestagarden.com\/produkt\/paczkobox-ze-schowkiem\/#breadcrumb\",\"itemListElement\":[{\"@type\":\"ListItem\",\"position\":1,\"name\":\"Strona g\u0142\u00f3wna\",\"item\":\"https:\/\/www.siestagarden.com\/\"},{\"@type\":\"ListItem\",\"position\":2,\"name\":\"Sklep\",\"item\":\"https:\/\/www.siestagarden.com\/sklep\/\"},{\"@type\":\"ListItem\",\"position\":3,\"name\":\"PaczkoBox Loft ze schowkiem\"}]},{\"@type\":\"WebSite\",\"@id\":\"https:\/\/www.siestagarden.com\/#website\",\"url\":\"https:\/\/www.siestagarden.com\/\",\"name\":\"Siesta Garden\",\"description\":\"Meble do Twojego ogrodu. Polski producent drewnianych mebli najwy\u017cszej jako\u015bci.\",\"potentialAction\":[{\"@type\":\"SearchAction\",\"target\":{\"@type\":\"EntryPoint\",\"urlTemplate\":\"https:\/\/www.siestagarden.com\/?s={search_term_string}\"},\"query-input\":{\"@type\":\"PropertyValueSpecification\",\"valueRequired\":true,\"valueName\":\"search_term_string\"}}],\"inLanguage\":\"cs\"}]}<\/script>\n<!-- \/ Yoast SEO plugin. -->","yoast_head_json":{"title":"PaczkoBox Loft ze schowkiem - Siesta Garden","robots":{"index":"index","follow":"follow","max-snippet":"max-snippet:-1","max-image-preview":"max-image-preview:large","max-video-preview":"max-video-preview:-1"},"canonical":"https:\/\/www.siestagarden.com\/cs\/produkt\/paczkobox-ze-schowkiem\/","og_locale":"cs_CZ","og_type":"article","og_title":"PaczkoBox Loft ze schowkiem - Siesta Garden","og_description":"Paczkobox ze schowkiem \u2013 Drewniana skrzynia na paczki i przesy\u0142ki Czy kurier cz\u0119sto przychodzi wtedy, gdy nie ma Ci\u0119 w domu? A mo\u017ce masz do\u015b\u0107 tego, \u017ce paczki zostawiane s\u0105 na deszczu albo w niepewnych miejscach? Paczkobox to praktyczne i eleganckie rozwi\u0105zanie, dzi\u0119ki kt\u00f3remu odbierzesz przesy\u0142ki bez stresu \u2013 niezale\u017cnie od pogody i swojej obecno\u015bci [&hellip;]","og_url":"https:\/\/www.siestagarden.com\/cs\/produkt\/paczkobox-ze-schowkiem\/","og_site_name":"Siesta Garden","article_modified_time":"2026-02-26T06:18:20+00:00","og_image":[{"width":1707,"height":2560,"url":"https:\/\/www.siestagarden.com\/wp-content\/uploads\/2025\/10\/IMG_0053-scaled-e1770628535202.jpg","type":"image\/jpeg"}],"twitter_card":"summary_large_image","twitter_misc":{"Odhadovan\u00e1 doba \u010dten\u00ed":"3 minuty"},"schema":{"@context":"https:\/\/schema.org","@graph":[{"@type":"WebPage","@id":"https:\/\/www.siestagarden.com\/produkt\/paczkobox-ze-schowkiem\/","url":"https:\/\/www.siestagarden.com\/produkt\/paczkobox-ze-schowkiem\/","name":"PaczkoBox Loft ze schowkiem - Siesta Garden","isPartOf":{"@id":"https:\/\/www.siestagarden.com\/#website"},"primaryImageOfPage":{"@id":"https:\/\/www.siestagarden.com\/produkt\/paczkobox-ze-schowkiem\/#primaryimage"},"image":{"@id":"https:\/\/www.siestagarden.com\/produkt\/paczkobox-ze-schowkiem\/#primaryimage"},"thumbnailUrl":"https:\/\/www.siestagarden.com\/wp-content\/uploads\/2025\/10\/IMG_0053-scaled-e1770628535202.jpg","datePublished":"2025-10-20T10:08:47+00:00","dateModified":"2026-02-26T06:18:20+00:00","breadcrumb":{"@id":"https:\/\/www.siestagarden.com\/produkt\/paczkobox-ze-schowkiem\/#breadcrumb"},"inLanguage":"cs","potentialAction":[{"@type":"ReadAction","target":["https:\/\/www.siestagarden.com\/produkt\/paczkobox-ze-schowkiem\/"]}]},{"@type":"ImageObject","inLanguage":"cs","@id":"https:\/\/www.siestagarden.com\/produkt\/paczkobox-ze-schowkiem\/#primaryimage","url":"https:\/\/www.siestagarden.com\/wp-content\/uploads\/2025\/10\/IMG_0053-scaled-e1770628535202.jpg","contentUrl":"https:\/\/www.siestagarden.com\/wp-content\/uploads\/2025\/10\/IMG_0053-scaled-e1770628535202.jpg","width":1707,"height":2560},{"@type":"BreadcrumbList","@id":"https:\/\/www.siestagarden.com\/produkt\/paczkobox-ze-schowkiem\/#breadcrumb","itemListElement":[{"@type":"ListItem","position":1,"name":"Strona g\u0142\u00f3wna","item":"https:\/\/www.siestagarden.com\/"},{"@type":"ListItem","position":2,"name":"Sklep","item":"https:\/\/www.siestagarden.com\/sklep\/"},{"@type":"ListItem","position":3,"name":"PaczkoBox Loft ze schowkiem"}]},{"@type":"WebSite","@id":"https:\/\/www.siestagarden.com\/#website","url":"https:\/\/www.siestagarden.com\/","name":"Siesta Garden","description":"N\u00e1bytek pro va\u0161i zahradu. Polsk\u00fd v\u00fdrobce d\u0159ev\u011bn\u00e9ho n\u00e1bytku nejvy\u0161\u0161\u00ed kvality.","potentialAction":[{"@type":"SearchAction","target":{"@type":"EntryPoint","urlTemplate":"https:\/\/www.siestagarden.com\/?s={search_term_string}"},"query-input":{"@type":"PropertyValueSpecification","valueRequired":true,"valueName":"search_term_string"}}],"inLanguage":"cs"}]}},"_links":{"self":[{"href":"https:\/\/www.siestagarden.com\/cs\/wp-json\/wp\/v2\/product\/3409","targetHints":{"allow":["GET"]}}],"collection":[{"href":"https:\/\/www.siestagarden.com\/cs\/wp-json\/wp\/v2\/product"}],"about":[{"href":"https:\/\/www.siestagarden.com\/cs\/wp-json\/wp\/v2\/types\/product"}],"wp:featuredmedia":[{"embeddable":true,"href":"https:\/\/www.siestagarden.com\/cs\/wp-json\/wp\/v2\/media\/3410"}],"wp:attachment":[{"href":"https:\/\/www.siestagarden.com\/cs\/wp-json\/wp\/v2\/media?parent=3409"}],"wp:term":[{"taxonomy":"product_brand","embeddable":true,"href":"https:\/\/www.siestagarden.com\/cs\/wp-json\/wp\/v2\/product_brand?post=3409"},{"taxonomy":"product_cat","embeddable":true,"href":"https:\/\/www.siestagarden.com\/cs\/wp-json\/wp\/v2\/product_cat?post=3409"},{"taxonomy":"product_tag","embeddable":true,"href":"https:\/\/www.siestagarden.com\/cs\/wp-json\/wp\/v2\/product_tag?post=3409"}],"curies":[{"name":"wp","href":"https:\/\/api.w.org\/{rel}","templated":true}]}}