{"id":3420,"date":"2025-10-23T14:17:09","date_gmt":"2025-10-23T12:17:09","guid":{"rendered":"https:\/\/www.siestagarden.com\/?post_type=product&#038;p=3420"},"modified":"2026-02-11T11:18:10","modified_gmt":"2026-02-11T10:18:10","slug":"paczkobox-z-donica-jasnoszary","status":"publish","type":"product","link":"https:\/\/www.siestagarden.com\/cs\/produkt\/paczkobox-z-donica-jasnoszary\/","title":{"rendered":"ParcelBox Scandi s kv\u011btin\u00e1\u010dem sv\u011btle \u0161ed\u00fd"},"content":{"rendered":"<h3 data-start=\"119\" data-end=\"201\"><strong data-start=\"123\" data-end=\"201\">Scandi box na bal\u00edky s kv\u011btin\u00e1\u010dem - stylov\u00fd \u00falo\u017en\u00fd prostor na bal\u00edky s m\u00edstem pro rostliny<\/strong><\/h3>\n<p data-start=\"203\" data-end=\"521\">U\u017e v\u00e1s nebav\u00ed, \u017ee v\u00e1m bal\u00edky z\u016fst\u00e1vaj\u00ed p\u0159ede dve\u0159mi, promoknou v de\u0161ti nebo zmiz\u00ed, ne\u017e se vr\u00e1t\u00edte dom\u016f?<br data-start=\"320\" data-end=\"323\" \/>Na\u0161e <strong data-start=\"328\" data-end=\"376\">Scandi krabice na bal\u00edky s kv\u011btin\u00e1\u010dem <\/strong>je praktick\u00fdm a elegantn\u00edm \u0159e\u0161en\u00edm, kter\u00e9 \u0159e\u0161\u00ed oba probl\u00e9my - a nav\u00edc vypad\u00e1 skv\u011ble na ka\u017ed\u00e9 zahrad\u011b nebo terase.<\/p>\n<p data-start=\"203\" data-end=\"521\">Pod\u00edvejte se, jak je to snadn\u00e9<\/p>\n<p data-start=\"523\" data-end=\"826\">V doln\u00ed \u010d\u00e1sti je prostorn\u00e1. <strong data-start=\"560\" data-end=\"572\">kv\u011btin\u00e1\u010d<\/strong>do kter\u00e9ho m\u016f\u017eete zasadit sv\u00e9 obl\u00edben\u00e9 rostliny, a nad n\u00edm je um\u00edst\u011bn<strong data-start=\"650\" data-end=\"680\">\u00a0sk\u0159\u00ed\u0148ka na bal\u00edky<\/strong>. Kur\u00fdr tak m\u016f\u017ee z\u00e1silku bezpe\u010dn\u011b zanechat ve va\u0161\u00ed nep\u0159\u00edtomnosti a bal\u00edk z\u016fstane such\u00fd a skryt\u00fd p\u0159ed zraky.<\/p>\n<p data-start=\"828\" data-end=\"1031\">Krabice na bal\u00edky je vyrobena z <strong data-start=\"854\" data-end=\"871\">masivn\u00ed d\u0159evo<\/strong>co\u017e zaru\u010duje trvanlivost, stabilitu a p\u0159irozen\u00fd vzhled. Celek je navr\u017een s ohledem na funk\u010dnost, estetiku a bezpe\u010dnost va\u0161ich z\u00e1silek.<\/p>\n<p data-start=\"1033\" data-end=\"1158\">Ide\u00e1ln\u00ed pro rodinn\u00e9 domy, penziony nebo mal\u00e9 podniky - kombinuje <strong data-start=\"1103\" data-end=\"1157\">praktick\u00e9 pou\u017eit\u00ed s dekorativn\u00edm n\u00e1dechem<\/strong>.<\/p>","protected":false},"excerpt":{"rendered":"<p>Paczkobox Scandi z doniczk\u0105 \u2013 stylowe przechowywanie paczek z miejscem na ro\u015bliny Masz do\u015b\u0107 paczek zostawianych przed drzwiami, przemakaj\u0105cych na deszczu lub znikaj\u0105cych przed Twoim powrotem do domu?Nasz Paczkobox Scandi z doniczk\u0105 to praktyczne i eleganckie rozwi\u0105zanie, kt\u00f3re rozwi\u0105zuje oba te problemy \u2013 a do tego \u015bwietnie prezentuje si\u0119 w ka\u017cdym ogrodzie lub na tarasie. [&hellip;]<\/p>\n","protected":false},"featured_media":3380,"template":"","meta":{"_acf_changed":false},"product_brand":[],"product_cat":[98],"product_tag":[],"class_list":{"0":"post-3420","1":"product","2":"type-product","3":"status-publish","4":"has-post-thumbnail","6":"product_cat-paczkobox","8":"first","9":"instock","10":"taxable","11":"shipping-taxable","12":"purchasable","13":"product-type-simple","14":"add-to-wishlist-after_add_to_cart"},"acf":[],"yoast_head":"<!-- This site is optimized with the Yoast SEO plugin v26.6 - https:\/\/yoast.com\/wordpress\/plugins\/seo\/ -->\n<title>PaczkoBox Scandi z donic\u0105 jasnoszary - Siesta Garden<\/title>\n<meta name=\"robots\" content=\"index, follow, max-snippet:-1, max-image-preview:large, max-video-preview:-1\" \/>\n<link rel=\"canonical\" href=\"https:\/\/www.siestagarden.com\/cs\/produkt\/paczkobox-z-donica-jasnoszary\/\" \/>\n<meta property=\"og:locale\" content=\"cs_CZ\" \/>\n<meta property=\"og:type\" content=\"article\" \/>\n<meta property=\"og:title\" content=\"PaczkoBox Scandi z donic\u0105 jasnoszary - Siesta Garden\" \/>\n<meta property=\"og:description\" content=\"Paczkobox Scandi z doniczk\u0105 \u2013 stylowe przechowywanie paczek z miejscem na ro\u015bliny Masz do\u015b\u0107 paczek zostawianych przed drzwiami, przemakaj\u0105cych na deszczu lub znikaj\u0105cych przed Twoim powrotem do domu?Nasz Paczkobox Scandi z doniczk\u0105 to praktyczne i eleganckie rozwi\u0105zanie, kt\u00f3re rozwi\u0105zuje oba te problemy \u2013 a do tego \u015bwietnie prezentuje si\u0119 w ka\u017cdym ogrodzie lub na tarasie. [&hellip;]\" \/>\n<meta property=\"og:url\" content=\"https:\/\/www.siestagarden.com\/cs\/produkt\/paczkobox-z-donica-jasnoszary\/\" \/>\n<meta property=\"og:site_name\" content=\"Siesta Garden\" \/>\n<meta property=\"article:modified_time\" content=\"2026-02-11T10:18:10+00:00\" \/>\n<meta property=\"og:image\" content=\"https:\/\/www.siestagarden.com\/wp-content\/uploads\/2025\/09\/IMG_9192-scaled-e1770805079781.jpg\" \/>\n\t<meta property=\"og:image:width\" content=\"1647\" \/>\n\t<meta property=\"og:image:height\" content=\"1707\" \/>\n\t<meta property=\"og:image:type\" content=\"image\/jpeg\" \/>\n<meta name=\"twitter:card\" content=\"summary_large_image\" \/>\n<meta name=\"twitter:label1\" content=\"Odhadovan\u00e1 doba \u010dten\u00ed\" \/>\n\t<meta name=\"twitter:data1\" content=\"2 minuty\" \/>\n<script type=\"application\/ld+json\" class=\"yoast-schema-graph\">{\"@context\":\"https:\/\/schema.org\",\"@graph\":[{\"@type\":\"WebPage\",\"@id\":\"https:\/\/www.siestagarden.com\/produkt\/paczkobox-z-donica-jasnoszary\/\",\"url\":\"https:\/\/www.siestagarden.com\/produkt\/paczkobox-z-donica-jasnoszary\/\",\"name\":\"PaczkoBox Scandi z donic\u0105 jasnoszary - Siesta Garden\",\"isPartOf\":{\"@id\":\"https:\/\/www.siestagarden.com\/#website\"},\"primaryImageOfPage\":{\"@id\":\"https:\/\/www.siestagarden.com\/produkt\/paczkobox-z-donica-jasnoszary\/#primaryimage\"},\"image\":{\"@id\":\"https:\/\/www.siestagarden.com\/produkt\/paczkobox-z-donica-jasnoszary\/#primaryimage\"},\"thumbnailUrl\":\"https:\/\/www.siestagarden.com\/wp-content\/uploads\/2025\/09\/IMG_9192-scaled-e1770805079781.jpg\",\"datePublished\":\"2025-10-23T12:17:09+00:00\",\"dateModified\":\"2026-02-11T10:18:10+00:00\",\"breadcrumb\":{\"@id\":\"https:\/\/www.siestagarden.com\/produkt\/paczkobox-z-donica-jasnoszary\/#breadcrumb\"},\"inLanguage\":\"cs\",\"potentialAction\":[{\"@type\":\"ReadAction\",\"target\":[\"https:\/\/www.siestagarden.com\/produkt\/paczkobox-z-donica-jasnoszary\/\"]}]},{\"@type\":\"ImageObject\",\"inLanguage\":\"cs\",\"@id\":\"https:\/\/www.siestagarden.com\/produkt\/paczkobox-z-donica-jasnoszary\/#primaryimage\",\"url\":\"https:\/\/www.siestagarden.com\/wp-content\/uploads\/2025\/09\/IMG_9192-scaled-e1770805079781.jpg\",\"contentUrl\":\"https:\/\/www.siestagarden.com\/wp-content\/uploads\/2025\/09\/IMG_9192-scaled-e1770805079781.jpg\",\"width\":1647,\"height\":1707},{\"@type\":\"BreadcrumbList\",\"@id\":\"https:\/\/www.siestagarden.com\/produkt\/paczkobox-z-donica-jasnoszary\/#breadcrumb\",\"itemListElement\":[{\"@type\":\"ListItem\",\"position\":1,\"name\":\"Strona g\u0142\u00f3wna\",\"item\":\"https:\/\/www.siestagarden.com\/\"},{\"@type\":\"ListItem\",\"position\":2,\"name\":\"Sklep\",\"item\":\"https:\/\/www.siestagarden.com\/sklep\/\"},{\"@type\":\"ListItem\",\"position\":3,\"name\":\"PaczkoBox Scandi z donic\u0105 jasnoszary\"}]},{\"@type\":\"WebSite\",\"@id\":\"https:\/\/www.siestagarden.com\/#website\",\"url\":\"https:\/\/www.siestagarden.com\/\",\"name\":\"Siesta Garden\",\"description\":\"Meble do Twojego ogrodu. Polski producent drewnianych mebli najwy\u017cszej jako\u015bci.\",\"potentialAction\":[{\"@type\":\"SearchAction\",\"target\":{\"@type\":\"EntryPoint\",\"urlTemplate\":\"https:\/\/www.siestagarden.com\/?s={search_term_string}\"},\"query-input\":{\"@type\":\"PropertyValueSpecification\",\"valueRequired\":true,\"valueName\":\"search_term_string\"}}],\"inLanguage\":\"cs\"}]}<\/script>\n<!-- \/ Yoast SEO plugin. -->","yoast_head_json":{"title":"PaczkoBox Scandi z donic\u0105 jasnoszary - Siesta Garden","robots":{"index":"index","follow":"follow","max-snippet":"max-snippet:-1","max-image-preview":"max-image-preview:large","max-video-preview":"max-video-preview:-1"},"canonical":"https:\/\/www.siestagarden.com\/cs\/produkt\/paczkobox-z-donica-jasnoszary\/","og_locale":"cs_CZ","og_type":"article","og_title":"PaczkoBox Scandi z donic\u0105 jasnoszary - Siesta Garden","og_description":"Paczkobox Scandi z doniczk\u0105 \u2013 stylowe przechowywanie paczek z miejscem na ro\u015bliny Masz do\u015b\u0107 paczek zostawianych przed drzwiami, przemakaj\u0105cych na deszczu lub znikaj\u0105cych przed Twoim powrotem do domu?Nasz Paczkobox Scandi z doniczk\u0105 to praktyczne i eleganckie rozwi\u0105zanie, kt\u00f3re rozwi\u0105zuje oba te problemy \u2013 a do tego \u015bwietnie prezentuje si\u0119 w ka\u017cdym ogrodzie lub na tarasie. [&hellip;]","og_url":"https:\/\/www.siestagarden.com\/cs\/produkt\/paczkobox-z-donica-jasnoszary\/","og_site_name":"Siesta Garden","article_modified_time":"2026-02-11T10:18:10+00:00","og_image":[{"width":1647,"height":1707,"url":"https:\/\/www.siestagarden.com\/wp-content\/uploads\/2025\/09\/IMG_9192-scaled-e1770805079781.jpg","type":"image\/jpeg"}],"twitter_card":"summary_large_image","twitter_misc":{"Odhadovan\u00e1 doba \u010dten\u00ed":"2 minuty"},"schema":{"@context":"https:\/\/schema.org","@graph":[{"@type":"WebPage","@id":"https:\/\/www.siestagarden.com\/produkt\/paczkobox-z-donica-jasnoszary\/","url":"https:\/\/www.siestagarden.com\/produkt\/paczkobox-z-donica-jasnoszary\/","name":"PaczkoBox Scandi z donic\u0105 jasnoszary - Siesta Garden","isPartOf":{"@id":"https:\/\/www.siestagarden.com\/#website"},"primaryImageOfPage":{"@id":"https:\/\/www.siestagarden.com\/produkt\/paczkobox-z-donica-jasnoszary\/#primaryimage"},"image":{"@id":"https:\/\/www.siestagarden.com\/produkt\/paczkobox-z-donica-jasnoszary\/#primaryimage"},"thumbnailUrl":"https:\/\/www.siestagarden.com\/wp-content\/uploads\/2025\/09\/IMG_9192-scaled-e1770805079781.jpg","datePublished":"2025-10-23T12:17:09+00:00","dateModified":"2026-02-11T10:18:10+00:00","breadcrumb":{"@id":"https:\/\/www.siestagarden.com\/produkt\/paczkobox-z-donica-jasnoszary\/#breadcrumb"},"inLanguage":"cs","potentialAction":[{"@type":"ReadAction","target":["https:\/\/www.siestagarden.com\/produkt\/paczkobox-z-donica-jasnoszary\/"]}]},{"@type":"ImageObject","inLanguage":"cs","@id":"https:\/\/www.siestagarden.com\/produkt\/paczkobox-z-donica-jasnoszary\/#primaryimage","url":"https:\/\/www.siestagarden.com\/wp-content\/uploads\/2025\/09\/IMG_9192-scaled-e1770805079781.jpg","contentUrl":"https:\/\/www.siestagarden.com\/wp-content\/uploads\/2025\/09\/IMG_9192-scaled-e1770805079781.jpg","width":1647,"height":1707},{"@type":"BreadcrumbList","@id":"https:\/\/www.siestagarden.com\/produkt\/paczkobox-z-donica-jasnoszary\/#breadcrumb","itemListElement":[{"@type":"ListItem","position":1,"name":"Strona g\u0142\u00f3wna","item":"https:\/\/www.siestagarden.com\/"},{"@type":"ListItem","position":2,"name":"Sklep","item":"https:\/\/www.siestagarden.com\/sklep\/"},{"@type":"ListItem","position":3,"name":"PaczkoBox Scandi z donic\u0105 jasnoszary"}]},{"@type":"WebSite","@id":"https:\/\/www.siestagarden.com\/#website","url":"https:\/\/www.siestagarden.com\/","name":"Siesta Garden","description":"N\u00e1bytek pro va\u0161i zahradu. Polsk\u00fd v\u00fdrobce d\u0159ev\u011bn\u00e9ho n\u00e1bytku nejvy\u0161\u0161\u00ed kvality.","potentialAction":[{"@type":"SearchAction","target":{"@type":"EntryPoint","urlTemplate":"https:\/\/www.siestagarden.com\/?s={search_term_string}"},"query-input":{"@type":"PropertyValueSpecification","valueRequired":true,"valueName":"search_term_string"}}],"inLanguage":"cs"}]}},"_links":{"self":[{"href":"https:\/\/www.siestagarden.com\/cs\/wp-json\/wp\/v2\/product\/3420","targetHints":{"allow":["GET"]}}],"collection":[{"href":"https:\/\/www.siestagarden.com\/cs\/wp-json\/wp\/v2\/product"}],"about":[{"href":"https:\/\/www.siestagarden.com\/cs\/wp-json\/wp\/v2\/types\/product"}],"wp:featuredmedia":[{"embeddable":true,"href":"https:\/\/www.siestagarden.com\/cs\/wp-json\/wp\/v2\/media\/3380"}],"wp:attachment":[{"href":"https:\/\/www.siestagarden.com\/cs\/wp-json\/wp\/v2\/media?parent=3420"}],"wp:term":[{"taxonomy":"product_brand","embeddable":true,"href":"https:\/\/www.siestagarden.com\/cs\/wp-json\/wp\/v2\/product_brand?post=3420"},{"taxonomy":"product_cat","embeddable":true,"href":"https:\/\/www.siestagarden.com\/cs\/wp-json\/wp\/v2\/product_cat?post=3420"},{"taxonomy":"product_tag","embeddable":true,"href":"https:\/\/www.siestagarden.com\/cs\/wp-json\/wp\/v2\/product_tag?post=3420"}],"curies":[{"name":"wp","href":"https:\/\/api.w.org\/{rel}","templated":true}]}}