{"id":3733,"date":"2026-01-02T10:17:45","date_gmt":"2026-01-02T09:17:45","guid":{"rendered":"https:\/\/www.siestagarden.com\/?post_type=product&#038;p=3733"},"modified":"2026-01-02T10:17:45","modified_gmt":"2026-01-02T09:17:45","slug":"krzeslo-adirondack-personlizowany","status":"publish","type":"product","link":"https:\/\/www.siestagarden.com\/cs\/produkt\/krzeslo-adirondack-personlizowany\/","title":{"rendered":"\u017didle Adirondack - Personalizovan\u00e9"},"content":{"rendered":"<p class=\"p1\">\u017didle Adirondack v zelen\u00e9 barv\u011b, model SG591126, je klasick\u00fd kus zahradn\u00edho n\u00e1bytku vyroben\u00fd z odoln\u00e9ho \u010derven\u00e9ho d\u0159eva o\u0161et\u0159en\u00e9ho impregnac\u00ed na vodn\u00ed b\u00e1zi. P\u0159\u00edrodn\u00ed materi\u00e1ly, robustn\u00ed konstrukce a pohodln\u00fd tvar z n\u011bj d\u011blaj\u00ed k\u0159eslo, kter\u00e9 v\u00e1m vydr\u017e\u00ed dlouh\u00e1 l\u00e9ta - nejen jako m\u00edsto k sezen\u00ed, ale i jako sou\u010d\u00e1st va\u0161ich ka\u017edodenn\u00edch ritu\u00e1l\u016f na zahrad\u011b nebo na terase. K\u0159eslo m\u011b\u0159\u00ed 69 cm na \u0161\u00ed\u0159ku, 88 cm do hloubky a 92 cm na v\u00fd\u0161ku, p\u0159i\u010dem\u017e hmotnost 8 kg zaji\u0161\u0165uje stabilitu a pohodl\u00ed. \u010c\u00edm tento kus n\u00e1bytku vynik\u00e1, je n\u00e1sleduj\u00edc\u00ed. <span class=\"s1\"><b>Mo\u017enost personalizace pomoc\u00ed laserov\u00e9ho grav\u00edrov\u00e1n\u00ed<\/b><\/span>. Jemn\u00e9 le\u0161t\u011bn\u00ed d\u0159eva pom\u00e1h\u00e1 dodat k\u0159eslu osobn\u00ed n\u00e1dech a \u010din\u00ed z n\u011bj v\u00edce ne\u017e jen b\u011b\u017en\u00fd kus n\u00e1bytku. M\u016f\u017ee p\u0159ipom\u00ednat jednotliv\u00e9 osoby, d\u016fle\u017eit\u00e9 okam\u017eiky nebo konkr\u00e9tn\u00ed p\u0159\u00edle\u017eitosti:<\/p>\n<ul>\n<li class=\"p1\">\"K\u0159eslo babi\u010dky Zosie\"<\/li>\n<li class=\"p1\">\"K\u0159eslo d\u011bdy Johnnyho\"<\/li>\n<li class=\"p1\">\"Pro babi\u010dku a d\u011bde\u010dka - 2026\".<\/li>\n<li class=\"p1\">\"Kov\u00e1\u0159sk\u00e1 terasa\"<\/li>\n<li class=\"p1\">\"Na\u0161e m\u00edsto\"<\/li>\n<\/ul>\n<p>&nbsp;<\/p>\n<p class=\"p1\">Personalizovan\u00e9 k\u0159eslo Adirondack se hod\u00ed jako d\u00e1rek k mnoha p\u0159\u00edle\u017eitostem - k v\u00fdro\u010d\u00ed, narozenin\u00e1m, kolaudaci, svatb\u011b, jubileu, ale i jako d\u00e1rek k jin\u00e9 p\u0159\u00edle\u017eitosti. <span class=\"s1\"><b>Den prarodi\u010d\u016f<\/b><\/span>kter\u00e1 je ze v\u0161ech nejbl\u00ed\u017ee. To je pro ty, kte\u0159\u00ed hledaj\u00ed d\u00e1rek, kter\u00fd bude m\u00edt dlouhou \u017eivotnost, bude u\u017eite\u010dn\u00fd a skute\u010dn\u011b osobn\u00ed - takov\u00fd, kter\u00fd z\u016fstane na zahrad\u011b po mnoho let, m\u00edsto aby skon\u010dil v \u0161upl\u00edku.<\/p>\n<p class=\"p1\"><em><strong>Personalizace je jednoduch\u00e1 a je k dispozici p\u0159\u00edmo p\u0159i n\u00e1kupu:<\/strong> Sta\u010d\u00ed si vybrat k\u0159eslo Adirondack (jednoduch\u00e9 nebo dvojit\u00e9) a zadat text grav\u00edrov\u00e1n\u00ed do pole \"Pozn\u00e1mky k objedn\u00e1vce\" v n\u00e1kupn\u00edm ko\u0161\u00edku. Maxim\u00e1ln\u011b 20 znak\u016f, jeden kr\u00e1tk\u00fd text - o zbytek se postar\u00e1 n\u00e1\u0161 t\u00fdm.<\/em><\/p>","protected":false},"excerpt":{"rendered":"<p>Krzes\u0142o Adirondack w kolorze Green, model SG591126, to klasyczny mebel ogrodowy wykonany z trwa\u0142ego drewna Redwood, zabezpieczonego impregnatem na bazie wody. Naturalne materia\u0142y, solidna konstrukcja i wygodna forma sprawiaj\u0105, \u017ce jest to fotel, kt\u00f3ry s\u0142u\u017cy przez lata \u2014 nie tylko jako miejsce do siedzenia, ale jako cz\u0119\u015b\u0107 codziennych rytua\u0142\u00f3w w ogrodzie czy na tarasie. Wymiary [&hellip;]<\/p>\n","protected":false},"featured_media":3734,"template":"","meta":{"_acf_changed":false},"product_brand":[],"product_cat":[68,101],"product_tag":[],"class_list":{"0":"post-3733","1":"product","2":"type-product","3":"status-publish","4":"has-post-thumbnail","6":"product_cat-fotele-i-krzesla","7":"product_cat-personalizowane","8":"product_shipping_class-podstawowa","10":"first","11":"instock","12":"taxable","13":"shipping-taxable","14":"purchasable","15":"product-type-simple","16":"add-to-wishlist-after_add_to_cart"},"acf":[],"yoast_head":"<!-- This site is optimized with the Yoast SEO plugin v26.6 - https:\/\/yoast.com\/wordpress\/plugins\/seo\/ -->\n<title>Krzes\u0142o Adirondack - Personalizowane - Siesta Garden<\/title>\n<meta name=\"robots\" content=\"index, follow, max-snippet:-1, max-image-preview:large, max-video-preview:-1\" \/>\n<link rel=\"canonical\" href=\"https:\/\/www.siestagarden.com\/cs\/produkt\/krzeslo-adirondack-personlizowany\/\" \/>\n<meta property=\"og:locale\" content=\"cs_CZ\" \/>\n<meta property=\"og:type\" content=\"article\" \/>\n<meta property=\"og:title\" content=\"Krzes\u0142o Adirondack - Personalizowane - Siesta Garden\" \/>\n<meta property=\"og:description\" content=\"Krzes\u0142o Adirondack w kolorze Green, model SG591126, to klasyczny mebel ogrodowy wykonany z trwa\u0142ego drewna Redwood, zabezpieczonego impregnatem na bazie wody. Naturalne materia\u0142y, solidna konstrukcja i wygodna forma sprawiaj\u0105, \u017ce jest to fotel, kt\u00f3ry s\u0142u\u017cy przez lata \u2014 nie tylko jako miejsce do siedzenia, ale jako cz\u0119\u015b\u0107 codziennych rytua\u0142\u00f3w w ogrodzie czy na tarasie. Wymiary [&hellip;]\" \/>\n<meta property=\"og:url\" content=\"https:\/\/www.siestagarden.com\/cs\/produkt\/krzeslo-adirondack-personlizowany\/\" \/>\n<meta property=\"og:site_name\" content=\"Siesta Garden\" \/>\n<meta property=\"og:image\" content=\"https:\/\/www.siestagarden.com\/wp-content\/uploads\/2025\/12\/fotel-per3.jpg\" \/>\n\t<meta property=\"og:image:width\" content=\"1536\" \/>\n\t<meta property=\"og:image:height\" content=\"1024\" \/>\n\t<meta property=\"og:image:type\" content=\"image\/jpeg\" \/>\n<meta name=\"twitter:card\" content=\"summary_large_image\" \/>\n<meta name=\"twitter:label1\" content=\"Odhadovan\u00e1 doba \u010dten\u00ed\" \/>\n\t<meta name=\"twitter:data1\" content=\"2 minuty\" \/>\n<script type=\"application\/ld+json\" class=\"yoast-schema-graph\">{\"@context\":\"https:\/\/schema.org\",\"@graph\":[{\"@type\":\"WebPage\",\"@id\":\"https:\/\/www.siestagarden.com\/produkt\/krzeslo-adirondack-personlizowany\/\",\"url\":\"https:\/\/www.siestagarden.com\/produkt\/krzeslo-adirondack-personlizowany\/\",\"name\":\"Krzes\u0142o Adirondack - Personalizowane - Siesta Garden\",\"isPartOf\":{\"@id\":\"https:\/\/www.siestagarden.com\/#website\"},\"primaryImageOfPage\":{\"@id\":\"https:\/\/www.siestagarden.com\/produkt\/krzeslo-adirondack-personlizowany\/#primaryimage\"},\"image\":{\"@id\":\"https:\/\/www.siestagarden.com\/produkt\/krzeslo-adirondack-personlizowany\/#primaryimage\"},\"thumbnailUrl\":\"https:\/\/www.siestagarden.com\/wp-content\/uploads\/2025\/12\/fotel-per3.jpg\",\"datePublished\":\"2026-01-02T09:17:45+00:00\",\"breadcrumb\":{\"@id\":\"https:\/\/www.siestagarden.com\/produkt\/krzeslo-adirondack-personlizowany\/#breadcrumb\"},\"inLanguage\":\"cs\",\"potentialAction\":[{\"@type\":\"ReadAction\",\"target\":[\"https:\/\/www.siestagarden.com\/produkt\/krzeslo-adirondack-personlizowany\/\"]}]},{\"@type\":\"ImageObject\",\"inLanguage\":\"cs\",\"@id\":\"https:\/\/www.siestagarden.com\/produkt\/krzeslo-adirondack-personlizowany\/#primaryimage\",\"url\":\"https:\/\/www.siestagarden.com\/wp-content\/uploads\/2025\/12\/fotel-per3.jpg\",\"contentUrl\":\"https:\/\/www.siestagarden.com\/wp-content\/uploads\/2025\/12\/fotel-per3.jpg\",\"width\":1536,\"height\":1024},{\"@type\":\"BreadcrumbList\",\"@id\":\"https:\/\/www.siestagarden.com\/produkt\/krzeslo-adirondack-personlizowany\/#breadcrumb\",\"itemListElement\":[{\"@type\":\"ListItem\",\"position\":1,\"name\":\"Strona g\u0142\u00f3wna\",\"item\":\"https:\/\/www.siestagarden.com\/\"},{\"@type\":\"ListItem\",\"position\":2,\"name\":\"Sklep\",\"item\":\"https:\/\/www.siestagarden.com\/sklep\/\"},{\"@type\":\"ListItem\",\"position\":3,\"name\":\"Krzes\u0142o Adirondack &#8211; Personalizowane\"}]},{\"@type\":\"WebSite\",\"@id\":\"https:\/\/www.siestagarden.com\/#website\",\"url\":\"https:\/\/www.siestagarden.com\/\",\"name\":\"Siesta Garden\",\"description\":\"Meble do Twojego ogrodu. Polski producent drewnianych mebli najwy\u017cszej jako\u015bci.\",\"potentialAction\":[{\"@type\":\"SearchAction\",\"target\":{\"@type\":\"EntryPoint\",\"urlTemplate\":\"https:\/\/www.siestagarden.com\/?s={search_term_string}\"},\"query-input\":{\"@type\":\"PropertyValueSpecification\",\"valueRequired\":true,\"valueName\":\"search_term_string\"}}],\"inLanguage\":\"cs\"}]}<\/script>\n<!-- \/ Yoast SEO plugin. -->","yoast_head_json":{"title":"Krzes\u0142o Adirondack - Personalizowane - Siesta Garden","robots":{"index":"index","follow":"follow","max-snippet":"max-snippet:-1","max-image-preview":"max-image-preview:large","max-video-preview":"max-video-preview:-1"},"canonical":"https:\/\/www.siestagarden.com\/cs\/produkt\/krzeslo-adirondack-personlizowany\/","og_locale":"cs_CZ","og_type":"article","og_title":"Krzes\u0142o Adirondack - Personalizowane - Siesta Garden","og_description":"Krzes\u0142o Adirondack w kolorze Green, model SG591126, to klasyczny mebel ogrodowy wykonany z trwa\u0142ego drewna Redwood, zabezpieczonego impregnatem na bazie wody. Naturalne materia\u0142y, solidna konstrukcja i wygodna forma sprawiaj\u0105, \u017ce jest to fotel, kt\u00f3ry s\u0142u\u017cy przez lata \u2014 nie tylko jako miejsce do siedzenia, ale jako cz\u0119\u015b\u0107 codziennych rytua\u0142\u00f3w w ogrodzie czy na tarasie. Wymiary [&hellip;]","og_url":"https:\/\/www.siestagarden.com\/cs\/produkt\/krzeslo-adirondack-personlizowany\/","og_site_name":"Siesta Garden","og_image":[{"width":1536,"height":1024,"url":"https:\/\/www.siestagarden.com\/wp-content\/uploads\/2025\/12\/fotel-per3.jpg","type":"image\/jpeg"}],"twitter_card":"summary_large_image","twitter_misc":{"Odhadovan\u00e1 doba \u010dten\u00ed":"2 minuty"},"schema":{"@context":"https:\/\/schema.org","@graph":[{"@type":"WebPage","@id":"https:\/\/www.siestagarden.com\/produkt\/krzeslo-adirondack-personlizowany\/","url":"https:\/\/www.siestagarden.com\/produkt\/krzeslo-adirondack-personlizowany\/","name":"Krzes\u0142o Adirondack - Personalizowane - Siesta Garden","isPartOf":{"@id":"https:\/\/www.siestagarden.com\/#website"},"primaryImageOfPage":{"@id":"https:\/\/www.siestagarden.com\/produkt\/krzeslo-adirondack-personlizowany\/#primaryimage"},"image":{"@id":"https:\/\/www.siestagarden.com\/produkt\/krzeslo-adirondack-personlizowany\/#primaryimage"},"thumbnailUrl":"https:\/\/www.siestagarden.com\/wp-content\/uploads\/2025\/12\/fotel-per3.jpg","datePublished":"2026-01-02T09:17:45+00:00","breadcrumb":{"@id":"https:\/\/www.siestagarden.com\/produkt\/krzeslo-adirondack-personlizowany\/#breadcrumb"},"inLanguage":"cs","potentialAction":[{"@type":"ReadAction","target":["https:\/\/www.siestagarden.com\/produkt\/krzeslo-adirondack-personlizowany\/"]}]},{"@type":"ImageObject","inLanguage":"cs","@id":"https:\/\/www.siestagarden.com\/produkt\/krzeslo-adirondack-personlizowany\/#primaryimage","url":"https:\/\/www.siestagarden.com\/wp-content\/uploads\/2025\/12\/fotel-per3.jpg","contentUrl":"https:\/\/www.siestagarden.com\/wp-content\/uploads\/2025\/12\/fotel-per3.jpg","width":1536,"height":1024},{"@type":"BreadcrumbList","@id":"https:\/\/www.siestagarden.com\/produkt\/krzeslo-adirondack-personlizowany\/#breadcrumb","itemListElement":[{"@type":"ListItem","position":1,"name":"Strona g\u0142\u00f3wna","item":"https:\/\/www.siestagarden.com\/"},{"@type":"ListItem","position":2,"name":"Sklep","item":"https:\/\/www.siestagarden.com\/sklep\/"},{"@type":"ListItem","position":3,"name":"Krzes\u0142o Adirondack &#8211; Personalizowane"}]},{"@type":"WebSite","@id":"https:\/\/www.siestagarden.com\/#website","url":"https:\/\/www.siestagarden.com\/","name":"Siesta Garden","description":"N\u00e1bytek pro va\u0161i zahradu. Polsk\u00fd v\u00fdrobce d\u0159ev\u011bn\u00e9ho n\u00e1bytku nejvy\u0161\u0161\u00ed kvality.","potentialAction":[{"@type":"SearchAction","target":{"@type":"EntryPoint","urlTemplate":"https:\/\/www.siestagarden.com\/?s={search_term_string}"},"query-input":{"@type":"PropertyValueSpecification","valueRequired":true,"valueName":"search_term_string"}}],"inLanguage":"cs"}]}},"_links":{"self":[{"href":"https:\/\/www.siestagarden.com\/cs\/wp-json\/wp\/v2\/product\/3733","targetHints":{"allow":["GET"]}}],"collection":[{"href":"https:\/\/www.siestagarden.com\/cs\/wp-json\/wp\/v2\/product"}],"about":[{"href":"https:\/\/www.siestagarden.com\/cs\/wp-json\/wp\/v2\/types\/product"}],"wp:featuredmedia":[{"embeddable":true,"href":"https:\/\/www.siestagarden.com\/cs\/wp-json\/wp\/v2\/media\/3734"}],"wp:attachment":[{"href":"https:\/\/www.siestagarden.com\/cs\/wp-json\/wp\/v2\/media?parent=3733"}],"wp:term":[{"taxonomy":"product_brand","embeddable":true,"href":"https:\/\/www.siestagarden.com\/cs\/wp-json\/wp\/v2\/product_brand?post=3733"},{"taxonomy":"product_cat","embeddable":true,"href":"https:\/\/www.siestagarden.com\/cs\/wp-json\/wp\/v2\/product_cat?post=3733"},{"taxonomy":"product_tag","embeddable":true,"href":"https:\/\/www.siestagarden.com\/cs\/wp-json\/wp\/v2\/product_tag?post=3733"}],"curies":[{"name":"wp","href":"https:\/\/api.w.org\/{rel}","templated":true}]}}