{"id":3973,"date":"2026-02-04T12:49:25","date_gmt":"2026-02-04T11:49:25","guid":{"rendered":"https:\/\/www.siestagarden.com\/?post_type=product&#038;p=3973"},"modified":"2026-04-15T14:40:53","modified_gmt":"2026-04-15T12:40:53","slug":"krzeslo-adirondack","status":"publish","type":"product","link":"https:\/\/www.siestagarden.com\/cs\/produkt\/krzeslo-adirondack\/","title":{"rendered":"\u017didle Adirondack"},"content":{"rendered":"<p data-start=\"0\" data-end=\"228\">Krzes\u0142o Adirondack to klasyczny mebel ogrodowy, kt\u00f3ry \u0142\u0105czy ponadczasowy design z wyj\u0105tkowym komfortem u\u017cytkowania. Idealnie sprawdzi si\u0119 na tarasie, w ogrodzie, na dzia\u0142ce czy w strefach relaksu przy obiektach gastronomicznych.<\/p>\n<p data-start=\"230\" data-end=\"489\">Wykonane z litego drewna, cechuje si\u0119 solidn\u0105 i stabiln\u0105 konstrukcj\u0105, odporn\u0105 na codzienne u\u017cytkowanie. Charakterystyczne, profilowane oparcie oraz szerokie pod\u0142okietniki zapewniaj\u0105 wygodn\u0105, ergonomiczn\u0105 pozycj\u0119, sprzyjaj\u0105c\u0105 wypoczynkowi na \u015bwie\u017cym powietrzu.<\/p>\n<p data-start=\"491\" data-end=\"653\">Krzes\u0142o zosta\u0142o zabezpieczone impregnacj\u0105 w kolorze br\u0105zowym, kt\u00f3ra chroni drewno przed dzia\u0142aniem warunk\u00f3w atmosferycznych oraz podkre\u015bla jego estetyczny wygl\u0105d.<\/p>\n<p data-start=\"655\" data-end=\"675\">Kl\u00ed\u010dov\u00e9 vlastnosti:<\/p>\n<ul data-start=\"676\" data-end=\"942\">\n<li data-section-id=\"14qxq88\" data-start=\"676\" data-end=\"726\">klasyczny model Adirondack \u2013 ponadczasowy styl<\/li>\n<li data-section-id=\"1atjcqh\" data-start=\"727\" data-end=\"779\">wykonanie z litego drewna \u2013 trwa\u0142o\u015b\u0107 i solidno\u015b\u0107<\/li>\n<li data-section-id=\"9txjqu\" data-start=\"780\" data-end=\"833\">ergonomiczne oparcie \u2013 wysoki komfort u\u017cytkowania<\/li>\n<li data-section-id=\"11mxeeh\" data-start=\"834\" data-end=\"886\">szerokie pod\u0142okietniki \u2013 wygoda i funkcjonalno\u015b\u0107<\/li>\n<li data-section-id=\"wubnkp\" data-start=\"887\" data-end=\"942\">impregnacja w kolorze br\u0105zowym \u2013 ochrona i estetyka<\/li>\n<\/ul>\n<p data-start=\"944\" data-end=\"1042\" data-is-last-node=\"\" data-is-only-node=\"\">To doskona\u0142y wyb\u00f3r dla os\u00f3b ceni\u0105cych wygod\u0119, jako\u015b\u0107 i elegancki wygl\u0105d w przestrzeni zewn\u0119trznej.<\/p>","protected":false},"excerpt":{"rendered":"<p>Krzes\u0142o Adirondack to klasyczny mebel ogrodowy, kt\u00f3ry \u0142\u0105czy ponadczasowy design z wyj\u0105tkowym komfortem u\u017cytkowania. Idealnie sprawdzi si\u0119 na tarasie, w ogrodzie, na dzia\u0142ce czy w strefach relaksu przy obiektach gastronomicznych. Wykonane z litego drewna, cechuje si\u0119 solidn\u0105 i stabiln\u0105 konstrukcj\u0105, odporn\u0105 na codzienne u\u017cytkowanie. Charakterystyczne, profilowane oparcie oraz szerokie pod\u0142okietniki zapewniaj\u0105 wygodn\u0105, ergonomiczn\u0105 pozycj\u0119, sprzyjaj\u0105c\u0105 [&hellip;]<\/p>\n","protected":false},"featured_media":3976,"template":"","meta":{"_acf_changed":false},"product_brand":[],"product_cat":[68],"product_tag":[],"class_list":{"0":"post-3973","1":"product","2":"type-product","3":"status-publish","4":"has-post-thumbnail","6":"product_cat-fotele-i-krzesla","7":"product_shipping_class-podstawowa","9":"first","10":"instock","11":"taxable","12":"shipping-taxable","13":"purchasable","14":"product-type-simple","15":"add-to-wishlist-after_add_to_cart"},"acf":[],"yoast_head":"<!-- This site is optimized with the Yoast SEO plugin v26.6 - https:\/\/yoast.com\/wordpress\/plugins\/seo\/ -->\n<title>Krzes\u0142o Adirondack - Siesta Garden<\/title>\n<meta name=\"robots\" content=\"index, follow, max-snippet:-1, max-image-preview:large, max-video-preview:-1\" \/>\n<link rel=\"canonical\" href=\"https:\/\/www.siestagarden.com\/cs\/produkt\/krzeslo-adirondack\/\" \/>\n<meta property=\"og:locale\" content=\"cs_CZ\" \/>\n<meta property=\"og:type\" content=\"article\" \/>\n<meta property=\"og:title\" content=\"Krzes\u0142o Adirondack - Siesta Garden\" \/>\n<meta property=\"og:description\" content=\"Krzes\u0142o Adirondack to klasyczny mebel ogrodowy, kt\u00f3ry \u0142\u0105czy ponadczasowy design z wyj\u0105tkowym komfortem u\u017cytkowania. Idealnie sprawdzi si\u0119 na tarasie, w ogrodzie, na dzia\u0142ce czy w strefach relaksu przy obiektach gastronomicznych. Wykonane z litego drewna, cechuje si\u0119 solidn\u0105 i stabiln\u0105 konstrukcj\u0105, odporn\u0105 na codzienne u\u017cytkowanie. Charakterystyczne, profilowane oparcie oraz szerokie pod\u0142okietniki zapewniaj\u0105 wygodn\u0105, ergonomiczn\u0105 pozycj\u0119, sprzyjaj\u0105c\u0105 [&hellip;]\" \/>\n<meta property=\"og:url\" content=\"https:\/\/www.siestagarden.com\/cs\/produkt\/krzeslo-adirondack\/\" \/>\n<meta property=\"og:site_name\" content=\"Siesta Garden\" \/>\n<meta property=\"article:modified_time\" content=\"2026-04-15T12:40:53+00:00\" \/>\n<meta property=\"og:image\" content=\"https:\/\/www.siestagarden.com\/wp-content\/uploads\/2026\/02\/C47F17BB-E656-43F2-A91F-35BA1802831C-1024x683.png\" \/>\n\t<meta property=\"og:image:width\" content=\"1024\" \/>\n\t<meta property=\"og:image:height\" content=\"683\" \/>\n\t<meta property=\"og:image:type\" content=\"image\/png\" \/>\n<meta name=\"twitter:card\" content=\"summary_large_image\" \/>\n<meta name=\"twitter:label1\" content=\"Odhadovan\u00e1 doba \u010dten\u00ed\" \/>\n\t<meta name=\"twitter:data1\" content=\"1 minuta\" \/>\n<script type=\"application\/ld+json\" class=\"yoast-schema-graph\">{\"@context\":\"https:\/\/schema.org\",\"@graph\":[{\"@type\":\"WebPage\",\"@id\":\"https:\/\/www.siestagarden.com\/produkt\/krzeslo-adirondack\/\",\"url\":\"https:\/\/www.siestagarden.com\/produkt\/krzeslo-adirondack\/\",\"name\":\"Krzes\u0142o Adirondack - Siesta Garden\",\"isPartOf\":{\"@id\":\"https:\/\/www.siestagarden.com\/#website\"},\"primaryImageOfPage\":{\"@id\":\"https:\/\/www.siestagarden.com\/produkt\/krzeslo-adirondack\/#primaryimage\"},\"image\":{\"@id\":\"https:\/\/www.siestagarden.com\/produkt\/krzeslo-adirondack\/#primaryimage\"},\"thumbnailUrl\":\"https:\/\/www.siestagarden.com\/wp-content\/uploads\/2026\/02\/C47F17BB-E656-43F2-A91F-35BA1802831C.png\",\"datePublished\":\"2026-02-04T11:49:25+00:00\",\"dateModified\":\"2026-04-15T12:40:53+00:00\",\"breadcrumb\":{\"@id\":\"https:\/\/www.siestagarden.com\/produkt\/krzeslo-adirondack\/#breadcrumb\"},\"inLanguage\":\"cs\",\"potentialAction\":[{\"@type\":\"ReadAction\",\"target\":[\"https:\/\/www.siestagarden.com\/produkt\/krzeslo-adirondack\/\"]}]},{\"@type\":\"ImageObject\",\"inLanguage\":\"cs\",\"@id\":\"https:\/\/www.siestagarden.com\/produkt\/krzeslo-adirondack\/#primaryimage\",\"url\":\"https:\/\/www.siestagarden.com\/wp-content\/uploads\/2026\/02\/C47F17BB-E656-43F2-A91F-35BA1802831C.png\",\"contentUrl\":\"https:\/\/www.siestagarden.com\/wp-content\/uploads\/2026\/02\/C47F17BB-E656-43F2-A91F-35BA1802831C.png\",\"width\":1536,\"height\":1024},{\"@type\":\"BreadcrumbList\",\"@id\":\"https:\/\/www.siestagarden.com\/produkt\/krzeslo-adirondack\/#breadcrumb\",\"itemListElement\":[{\"@type\":\"ListItem\",\"position\":1,\"name\":\"Strona g\u0142\u00f3wna\",\"item\":\"https:\/\/www.siestagarden.com\/\"},{\"@type\":\"ListItem\",\"position\":2,\"name\":\"Sklep\",\"item\":\"https:\/\/www.siestagarden.com\/sklep\/\"},{\"@type\":\"ListItem\",\"position\":3,\"name\":\"Krzes\u0142o Adirondack\"}]},{\"@type\":\"WebSite\",\"@id\":\"https:\/\/www.siestagarden.com\/#website\",\"url\":\"https:\/\/www.siestagarden.com\/\",\"name\":\"Siesta Garden\",\"description\":\"Meble do Twojego ogrodu. Polski producent drewnianych mebli najwy\u017cszej jako\u015bci.\",\"potentialAction\":[{\"@type\":\"SearchAction\",\"target\":{\"@type\":\"EntryPoint\",\"urlTemplate\":\"https:\/\/www.siestagarden.com\/?s={search_term_string}\"},\"query-input\":{\"@type\":\"PropertyValueSpecification\",\"valueRequired\":true,\"valueName\":\"search_term_string\"}}],\"inLanguage\":\"cs\"}]}<\/script>\n<!-- \/ Yoast SEO plugin. -->","yoast_head_json":{"title":"Krzes\u0142o Adirondack - Siesta Garden","robots":{"index":"index","follow":"follow","max-snippet":"max-snippet:-1","max-image-preview":"max-image-preview:large","max-video-preview":"max-video-preview:-1"},"canonical":"https:\/\/www.siestagarden.com\/cs\/produkt\/krzeslo-adirondack\/","og_locale":"cs_CZ","og_type":"article","og_title":"Krzes\u0142o Adirondack - Siesta Garden","og_description":"Krzes\u0142o Adirondack to klasyczny mebel ogrodowy, kt\u00f3ry \u0142\u0105czy ponadczasowy design z wyj\u0105tkowym komfortem u\u017cytkowania. Idealnie sprawdzi si\u0119 na tarasie, w ogrodzie, na dzia\u0142ce czy w strefach relaksu przy obiektach gastronomicznych. Wykonane z litego drewna, cechuje si\u0119 solidn\u0105 i stabiln\u0105 konstrukcj\u0105, odporn\u0105 na codzienne u\u017cytkowanie. Charakterystyczne, profilowane oparcie oraz szerokie pod\u0142okietniki zapewniaj\u0105 wygodn\u0105, ergonomiczn\u0105 pozycj\u0119, sprzyjaj\u0105c\u0105 [&hellip;]","og_url":"https:\/\/www.siestagarden.com\/cs\/produkt\/krzeslo-adirondack\/","og_site_name":"Siesta Garden","article_modified_time":"2026-04-15T12:40:53+00:00","og_image":[{"width":1024,"height":683,"url":"https:\/\/www.siestagarden.com\/wp-content\/uploads\/2026\/02\/C47F17BB-E656-43F2-A91F-35BA1802831C-1024x683.png","type":"image\/png"}],"twitter_card":"summary_large_image","twitter_misc":{"Odhadovan\u00e1 doba \u010dten\u00ed":"1 minuta"},"schema":{"@context":"https:\/\/schema.org","@graph":[{"@type":"WebPage","@id":"https:\/\/www.siestagarden.com\/produkt\/krzeslo-adirondack\/","url":"https:\/\/www.siestagarden.com\/produkt\/krzeslo-adirondack\/","name":"Krzes\u0142o Adirondack - Siesta Garden","isPartOf":{"@id":"https:\/\/www.siestagarden.com\/#website"},"primaryImageOfPage":{"@id":"https:\/\/www.siestagarden.com\/produkt\/krzeslo-adirondack\/#primaryimage"},"image":{"@id":"https:\/\/www.siestagarden.com\/produkt\/krzeslo-adirondack\/#primaryimage"},"thumbnailUrl":"https:\/\/www.siestagarden.com\/wp-content\/uploads\/2026\/02\/C47F17BB-E656-43F2-A91F-35BA1802831C.png","datePublished":"2026-02-04T11:49:25+00:00","dateModified":"2026-04-15T12:40:53+00:00","breadcrumb":{"@id":"https:\/\/www.siestagarden.com\/produkt\/krzeslo-adirondack\/#breadcrumb"},"inLanguage":"cs","potentialAction":[{"@type":"ReadAction","target":["https:\/\/www.siestagarden.com\/produkt\/krzeslo-adirondack\/"]}]},{"@type":"ImageObject","inLanguage":"cs","@id":"https:\/\/www.siestagarden.com\/produkt\/krzeslo-adirondack\/#primaryimage","url":"https:\/\/www.siestagarden.com\/wp-content\/uploads\/2026\/02\/C47F17BB-E656-43F2-A91F-35BA1802831C.png","contentUrl":"https:\/\/www.siestagarden.com\/wp-content\/uploads\/2026\/02\/C47F17BB-E656-43F2-A91F-35BA1802831C.png","width":1536,"height":1024},{"@type":"BreadcrumbList","@id":"https:\/\/www.siestagarden.com\/produkt\/krzeslo-adirondack\/#breadcrumb","itemListElement":[{"@type":"ListItem","position":1,"name":"Strona g\u0142\u00f3wna","item":"https:\/\/www.siestagarden.com\/"},{"@type":"ListItem","position":2,"name":"Sklep","item":"https:\/\/www.siestagarden.com\/sklep\/"},{"@type":"ListItem","position":3,"name":"Krzes\u0142o Adirondack"}]},{"@type":"WebSite","@id":"https:\/\/www.siestagarden.com\/#website","url":"https:\/\/www.siestagarden.com\/","name":"Siesta Garden","description":"N\u00e1bytek pro va\u0161i zahradu. Polsk\u00fd v\u00fdrobce d\u0159ev\u011bn\u00e9ho n\u00e1bytku nejvy\u0161\u0161\u00ed kvality.","potentialAction":[{"@type":"SearchAction","target":{"@type":"EntryPoint","urlTemplate":"https:\/\/www.siestagarden.com\/?s={search_term_string}"},"query-input":{"@type":"PropertyValueSpecification","valueRequired":true,"valueName":"search_term_string"}}],"inLanguage":"cs"}]}},"_links":{"self":[{"href":"https:\/\/www.siestagarden.com\/cs\/wp-json\/wp\/v2\/product\/3973","targetHints":{"allow":["GET"]}}],"collection":[{"href":"https:\/\/www.siestagarden.com\/cs\/wp-json\/wp\/v2\/product"}],"about":[{"href":"https:\/\/www.siestagarden.com\/cs\/wp-json\/wp\/v2\/types\/product"}],"wp:featuredmedia":[{"embeddable":true,"href":"https:\/\/www.siestagarden.com\/cs\/wp-json\/wp\/v2\/media\/3976"}],"wp:attachment":[{"href":"https:\/\/www.siestagarden.com\/cs\/wp-json\/wp\/v2\/media?parent=3973"}],"wp:term":[{"taxonomy":"product_brand","embeddable":true,"href":"https:\/\/www.siestagarden.com\/cs\/wp-json\/wp\/v2\/product_brand?post=3973"},{"taxonomy":"product_cat","embeddable":true,"href":"https:\/\/www.siestagarden.com\/cs\/wp-json\/wp\/v2\/product_cat?post=3973"},{"taxonomy":"product_tag","embeddable":true,"href":"https:\/\/www.siestagarden.com\/cs\/wp-json\/wp\/v2\/product_tag?post=3973"}],"curies":[{"name":"wp","href":"https:\/\/api.w.org\/{rel}","templated":true}]}}