{"id":4097,"date":"2026-02-09T12:10:13","date_gmt":"2026-02-09T11:10:13","guid":{"rendered":"https:\/\/www.siestagarden.com\/?post_type=product&#038;p=4097"},"modified":"2026-02-11T09:30:11","modified_gmt":"2026-02-11T08:30:11","slug":"darwin-companion-set","status":"publish","type":"product","link":"https:\/\/www.siestagarden.com\/cs\/produkt\/darwin-companion-set\/","title":{"rendered":"Darwin Companion Set"},"content":{"rendered":"<p data-start=\"90\" data-end=\"446\">Souprava Darwin Companion je pohodln\u00e1 a estetick\u00e1 lounge souprava ur\u010den\u00e1 pro spole\u010dn\u00e9 chv\u00edle v p\u0159\u00edrod\u011b. Dv\u011b pohodln\u00e1 k\u0159esla spojen\u00e1 st\u0159edov\u00fdm stolkem tvo\u0159\u00ed soudr\u017enou, stabiln\u00ed konstrukci, kter\u00e1 p\u0159irozen\u011b vyb\u00edz\u00ed k bl\u00edzkosti - neusp\u011bchan\u00fdm rozhovor\u016fm, rann\u00ed k\u00e1v\u011b na slunci nebo dlouh\u00fdm ve\u010der\u016fm str\u00e1ven\u00fdm s milovanou osobou.<\/p>\n<p data-start=\"448\" data-end=\"850\">St\u0159edov\u00fd stolek slou\u017e\u00ed nejen jako praktick\u00e1 deska na knihu, \u0161\u00e1lek k\u00e1vy nebo obl\u00edben\u00e9 n\u00e1poje, ale je vybaven tak\u00e9 otvorem pro slune\u010dn\u00edk. D\u00edky tomu si m\u016f\u017eete vytvo\u0159it p\u0159\u00edjemn\u00fd, zast\u00edn\u011bn\u00fd prostor pro spole\u010dn\u00fd odpo\u010dinek i v t\u011bch nejslune\u010dn\u011bj\u0161\u00edch dnech. Je to detail, d\u00edky n\u011bmu\u017e relaxace trv\u00e1 d\u00e9le - bez nutnosti m\u011bnit m\u00edsto nebo p\u0159eru\u0161ovat chv\u00edle.<\/p>\n<p data-start=\"852\" data-end=\"1230\">Sada je vyrobena z masivn\u00edho borovicov\u00e9ho d\u0159eva, kter\u00e9 poch\u00e1z\u00ed z odpov\u011bdn\u011b obhospoda\u0159ovan\u00fdch les\u016f a m\u00e1 certifik\u00e1t FSC. P\u0159\u00edrodn\u00ed d\u0159evo zaji\u0161\u0165uje odolnost, stabilitu a povrchovou \u00fapravu p\u0159\u00edjemnou na dotek, zat\u00edmco d\u00edky klasick\u00e9mu tvaru je sada Darwin Companion ide\u00e1ln\u00ed jak pro modern\u00ed, tak pro tradi\u010dn\u011bj\u0161\u00ed prost\u0159ed\u00ed zahrady, terasy nebo terasy.<\/p>\n<p data-start=\"1232\" data-end=\"1484\">Sada Darwin Companion nen\u00ed jen kus zahradn\u00edho n\u00e1bytku, ale spole\u010dn\u00fd prostor - m\u00edsto, kde m\u016f\u017eete sed\u011bt vedle sebe, schovat se ve st\u00ednu slune\u010dn\u00edku a u\u017e\u00edvat si klidu, konverzace a spole\u010dn\u011b str\u00e1ven\u00fdch chvil tak, jak to m\u00e1te nejrad\u011bji.<\/p>\n<p data-start=\"1486\" data-end=\"1846\">Kl\u00ed\u010dov\u00e9 vlastnosti:<br \/>\n\u2714\ufe0f dv\u011b pohodln\u00e1 k\u0159esla spojen\u00e1 spole\u010dn\u00fdm stolem.<br data-start=\"1557\" data-end=\"1560\" \/>\u2714\ufe0f st\u0159edov\u00fd st\u016fl s otvorem pro slune\u010dn\u00edk<br data-start=\"1600\" data-end=\"1603\" \/>\u2714\ufe0f z masivn\u00edho borovicov\u00e9ho d\u0159eva<br data-start=\"1640\" data-end=\"1643\" \/>\u2714\ufe0f d\u0159evo s certifik\u00e1tem FSC<br data-start=\"1671\" data-end=\"1674\" \/>\u2714\ufe0f stabiln\u00ed, jednotn\u00e1 konstrukce<br data-start=\"1708\" data-end=\"1711\" \/>\u2714\ufe0f praktick\u00e1 horn\u00ed \u010d\u00e1st na drobn\u00e9 p\u0159edm\u011bty<br data-start=\"1750\" data-end=\"1753\" \/>\u2714\ufe0f ur\u010den\u00e9 pro vn\u011bj\u0161\u00ed pou\u017eit\u00ed<br data-start=\"1791\" data-end=\"1794\" \/>\u2714\ufe0f nad\u010dasov\u00fd design, kter\u00fd se hod\u00ed do mnoha prost\u0159ed\u00ed<\/p>","protected":false},"excerpt":{"rendered":"<p>Darwin Companion Set to wygodny i estetyczny zestaw wypoczynkowy zaprojektowany z my\u015bl\u0105 o wsp\u00f3lnych chwilach na \u015bwie\u017cym powietrzu. Dwa komfortowe fotele po\u0142\u0105czone centralnym stolikiem tworz\u0105 sp\u00f3jn\u0105, stabiln\u0105 konstrukcj\u0119, kt\u00f3ra naturalnie sprzyja blisko\u015bci \u2013 rozmowom bez po\u015bpiechu, porannej kawie w s\u0142o\u0144cu czy d\u0142ugim wieczorom sp\u0119dzanym z najbli\u017csz\u0105 osob\u0105. Centralny stolik pe\u0142ni nie tylko funkcj\u0119 praktycznego blatu [&hellip;]<\/p>\n","protected":false},"featured_media":4099,"template":"","meta":{"_acf_changed":false},"product_brand":[],"product_cat":[68],"product_tag":[],"class_list":{"0":"post-4097","1":"product","2":"type-product","3":"status-publish","4":"has-post-thumbnail","6":"product_cat-fotele-i-krzesla","7":"product_shipping_class-podstawowa","9":"first","10":"instock","11":"taxable","12":"shipping-taxable","13":"purchasable","14":"product-type-simple","15":"add-to-wishlist-after_add_to_cart"},"acf":[],"yoast_head":"<!-- This site is optimized with the Yoast SEO plugin v26.6 - https:\/\/yoast.com\/wordpress\/plugins\/seo\/ -->\n<title>Darwin Companion Set - Siesta Garden<\/title>\n<meta name=\"robots\" content=\"index, follow, max-snippet:-1, max-image-preview:large, max-video-preview:-1\" \/>\n<link rel=\"canonical\" href=\"https:\/\/www.siestagarden.com\/cs\/produkt\/darwin-companion-set\/\" \/>\n<meta property=\"og:locale\" content=\"cs_CZ\" \/>\n<meta property=\"og:type\" content=\"article\" \/>\n<meta property=\"og:title\" content=\"Darwin Companion Set - Siesta Garden\" \/>\n<meta property=\"og:description\" content=\"Darwin Companion Set to wygodny i estetyczny zestaw wypoczynkowy zaprojektowany z my\u015bl\u0105 o wsp\u00f3lnych chwilach na \u015bwie\u017cym powietrzu. Dwa komfortowe fotele po\u0142\u0105czone centralnym stolikiem tworz\u0105 sp\u00f3jn\u0105, stabiln\u0105 konstrukcj\u0119, kt\u00f3ra naturalnie sprzyja blisko\u015bci \u2013 rozmowom bez po\u015bpiechu, porannej kawie w s\u0142o\u0144cu czy d\u0142ugim wieczorom sp\u0119dzanym z najbli\u017csz\u0105 osob\u0105. Centralny stolik pe\u0142ni nie tylko funkcj\u0119 praktycznego blatu [&hellip;]\" \/>\n<meta property=\"og:url\" content=\"https:\/\/www.siestagarden.com\/cs\/produkt\/darwin-companion-set\/\" \/>\n<meta property=\"og:site_name\" content=\"Siesta Garden\" \/>\n<meta property=\"article:modified_time\" content=\"2026-02-11T08:30:11+00:00\" \/>\n<meta property=\"og:image\" content=\"https:\/\/www.siestagarden.com\/wp-content\/uploads\/2026\/02\/IMG_8830-scaled.jpg\" \/>\n\t<meta property=\"og:image:width\" content=\"1707\" \/>\n\t<meta property=\"og:image:height\" content=\"2560\" \/>\n\t<meta property=\"og:image:type\" content=\"image\/jpeg\" \/>\n<meta name=\"twitter:card\" content=\"summary_large_image\" \/>\n<meta name=\"twitter:label1\" content=\"Odhadovan\u00e1 doba \u010dten\u00ed\" \/>\n\t<meta name=\"twitter:data1\" content=\"2 minuty\" \/>\n<script type=\"application\/ld+json\" class=\"yoast-schema-graph\">{\"@context\":\"https:\/\/schema.org\",\"@graph\":[{\"@type\":\"WebPage\",\"@id\":\"https:\/\/www.siestagarden.com\/produkt\/darwin-companion-set\/\",\"url\":\"https:\/\/www.siestagarden.com\/produkt\/darwin-companion-set\/\",\"name\":\"Darwin Companion Set - Siesta Garden\",\"isPartOf\":{\"@id\":\"https:\/\/www.siestagarden.com\/#website\"},\"primaryImageOfPage\":{\"@id\":\"https:\/\/www.siestagarden.com\/produkt\/darwin-companion-set\/#primaryimage\"},\"image\":{\"@id\":\"https:\/\/www.siestagarden.com\/produkt\/darwin-companion-set\/#primaryimage\"},\"thumbnailUrl\":\"https:\/\/www.siestagarden.com\/wp-content\/uploads\/2026\/02\/IMG_8830-scaled.jpg\",\"datePublished\":\"2026-02-09T11:10:13+00:00\",\"dateModified\":\"2026-02-11T08:30:11+00:00\",\"breadcrumb\":{\"@id\":\"https:\/\/www.siestagarden.com\/produkt\/darwin-companion-set\/#breadcrumb\"},\"inLanguage\":\"cs\",\"potentialAction\":[{\"@type\":\"ReadAction\",\"target\":[\"https:\/\/www.siestagarden.com\/produkt\/darwin-companion-set\/\"]}]},{\"@type\":\"ImageObject\",\"inLanguage\":\"cs\",\"@id\":\"https:\/\/www.siestagarden.com\/produkt\/darwin-companion-set\/#primaryimage\",\"url\":\"https:\/\/www.siestagarden.com\/wp-content\/uploads\/2026\/02\/IMG_8830-scaled.jpg\",\"contentUrl\":\"https:\/\/www.siestagarden.com\/wp-content\/uploads\/2026\/02\/IMG_8830-scaled.jpg\",\"width\":1707,\"height\":2560},{\"@type\":\"BreadcrumbList\",\"@id\":\"https:\/\/www.siestagarden.com\/produkt\/darwin-companion-set\/#breadcrumb\",\"itemListElement\":[{\"@type\":\"ListItem\",\"position\":1,\"name\":\"Strona g\u0142\u00f3wna\",\"item\":\"https:\/\/www.siestagarden.com\/\"},{\"@type\":\"ListItem\",\"position\":2,\"name\":\"Sklep\",\"item\":\"https:\/\/www.siestagarden.com\/sklep\/\"},{\"@type\":\"ListItem\",\"position\":3,\"name\":\"Darwin Companion Set\"}]},{\"@type\":\"WebSite\",\"@id\":\"https:\/\/www.siestagarden.com\/#website\",\"url\":\"https:\/\/www.siestagarden.com\/\",\"name\":\"Siesta Garden\",\"description\":\"Meble do Twojego ogrodu. Polski producent drewnianych mebli najwy\u017cszej jako\u015bci.\",\"potentialAction\":[{\"@type\":\"SearchAction\",\"target\":{\"@type\":\"EntryPoint\",\"urlTemplate\":\"https:\/\/www.siestagarden.com\/?s={search_term_string}\"},\"query-input\":{\"@type\":\"PropertyValueSpecification\",\"valueRequired\":true,\"valueName\":\"search_term_string\"}}],\"inLanguage\":\"cs\"}]}<\/script>\n<!-- \/ Yoast SEO plugin. -->","yoast_head_json":{"title":"Darwin Companion Set - Siesta Garden","robots":{"index":"index","follow":"follow","max-snippet":"max-snippet:-1","max-image-preview":"max-image-preview:large","max-video-preview":"max-video-preview:-1"},"canonical":"https:\/\/www.siestagarden.com\/cs\/produkt\/darwin-companion-set\/","og_locale":"cs_CZ","og_type":"article","og_title":"Darwin Companion Set - Siesta Garden","og_description":"Darwin Companion Set to wygodny i estetyczny zestaw wypoczynkowy zaprojektowany z my\u015bl\u0105 o wsp\u00f3lnych chwilach na \u015bwie\u017cym powietrzu. Dwa komfortowe fotele po\u0142\u0105czone centralnym stolikiem tworz\u0105 sp\u00f3jn\u0105, stabiln\u0105 konstrukcj\u0119, kt\u00f3ra naturalnie sprzyja blisko\u015bci \u2013 rozmowom bez po\u015bpiechu, porannej kawie w s\u0142o\u0144cu czy d\u0142ugim wieczorom sp\u0119dzanym z najbli\u017csz\u0105 osob\u0105. Centralny stolik pe\u0142ni nie tylko funkcj\u0119 praktycznego blatu [&hellip;]","og_url":"https:\/\/www.siestagarden.com\/cs\/produkt\/darwin-companion-set\/","og_site_name":"Siesta Garden","article_modified_time":"2026-02-11T08:30:11+00:00","og_image":[{"width":1707,"height":2560,"url":"https:\/\/www.siestagarden.com\/wp-content\/uploads\/2026\/02\/IMG_8830-scaled.jpg","type":"image\/jpeg"}],"twitter_card":"summary_large_image","twitter_misc":{"Odhadovan\u00e1 doba \u010dten\u00ed":"2 minuty"},"schema":{"@context":"https:\/\/schema.org","@graph":[{"@type":"WebPage","@id":"https:\/\/www.siestagarden.com\/produkt\/darwin-companion-set\/","url":"https:\/\/www.siestagarden.com\/produkt\/darwin-companion-set\/","name":"Darwin Companion Set - Siesta Garden","isPartOf":{"@id":"https:\/\/www.siestagarden.com\/#website"},"primaryImageOfPage":{"@id":"https:\/\/www.siestagarden.com\/produkt\/darwin-companion-set\/#primaryimage"},"image":{"@id":"https:\/\/www.siestagarden.com\/produkt\/darwin-companion-set\/#primaryimage"},"thumbnailUrl":"https:\/\/www.siestagarden.com\/wp-content\/uploads\/2026\/02\/IMG_8830-scaled.jpg","datePublished":"2026-02-09T11:10:13+00:00","dateModified":"2026-02-11T08:30:11+00:00","breadcrumb":{"@id":"https:\/\/www.siestagarden.com\/produkt\/darwin-companion-set\/#breadcrumb"},"inLanguage":"cs","potentialAction":[{"@type":"ReadAction","target":["https:\/\/www.siestagarden.com\/produkt\/darwin-companion-set\/"]}]},{"@type":"ImageObject","inLanguage":"cs","@id":"https:\/\/www.siestagarden.com\/produkt\/darwin-companion-set\/#primaryimage","url":"https:\/\/www.siestagarden.com\/wp-content\/uploads\/2026\/02\/IMG_8830-scaled.jpg","contentUrl":"https:\/\/www.siestagarden.com\/wp-content\/uploads\/2026\/02\/IMG_8830-scaled.jpg","width":1707,"height":2560},{"@type":"BreadcrumbList","@id":"https:\/\/www.siestagarden.com\/produkt\/darwin-companion-set\/#breadcrumb","itemListElement":[{"@type":"ListItem","position":1,"name":"Strona g\u0142\u00f3wna","item":"https:\/\/www.siestagarden.com\/"},{"@type":"ListItem","position":2,"name":"Sklep","item":"https:\/\/www.siestagarden.com\/sklep\/"},{"@type":"ListItem","position":3,"name":"Darwin Companion Set"}]},{"@type":"WebSite","@id":"https:\/\/www.siestagarden.com\/#website","url":"https:\/\/www.siestagarden.com\/","name":"Siesta Garden","description":"N\u00e1bytek pro va\u0161i zahradu. Polsk\u00fd v\u00fdrobce d\u0159ev\u011bn\u00e9ho n\u00e1bytku nejvy\u0161\u0161\u00ed kvality.","potentialAction":[{"@type":"SearchAction","target":{"@type":"EntryPoint","urlTemplate":"https:\/\/www.siestagarden.com\/?s={search_term_string}"},"query-input":{"@type":"PropertyValueSpecification","valueRequired":true,"valueName":"search_term_string"}}],"inLanguage":"cs"}]}},"_links":{"self":[{"href":"https:\/\/www.siestagarden.com\/cs\/wp-json\/wp\/v2\/product\/4097","targetHints":{"allow":["GET"]}}],"collection":[{"href":"https:\/\/www.siestagarden.com\/cs\/wp-json\/wp\/v2\/product"}],"about":[{"href":"https:\/\/www.siestagarden.com\/cs\/wp-json\/wp\/v2\/types\/product"}],"wp:featuredmedia":[{"embeddable":true,"href":"https:\/\/www.siestagarden.com\/cs\/wp-json\/wp\/v2\/media\/4099"}],"wp:attachment":[{"href":"https:\/\/www.siestagarden.com\/cs\/wp-json\/wp\/v2\/media?parent=4097"}],"wp:term":[{"taxonomy":"product_brand","embeddable":true,"href":"https:\/\/www.siestagarden.com\/cs\/wp-json\/wp\/v2\/product_brand?post=4097"},{"taxonomy":"product_cat","embeddable":true,"href":"https:\/\/www.siestagarden.com\/cs\/wp-json\/wp\/v2\/product_cat?post=4097"},{"taxonomy":"product_tag","embeddable":true,"href":"https:\/\/www.siestagarden.com\/cs\/wp-json\/wp\/v2\/product_tag?post=4097"}],"curies":[{"name":"wp","href":"https:\/\/api.w.org\/{rel}","templated":true}]}}