{"id":4144,"date":"2026-02-09T14:57:05","date_gmt":"2026-02-09T13:57:05","guid":{"rendered":"https:\/\/www.siestagarden.com\/?post_type=product&#038;p=4144"},"modified":"2026-02-11T09:27:36","modified_gmt":"2026-02-11T08:27:36","slug":"stol-a-frame-15m-ches-picnic-z-drewna-cacao","status":"publish","type":"product","link":"https:\/\/www.siestagarden.com\/cs\/produkt\/stol-a-frame-15m-ches-picnic-z-drewna-cacao\/","title":{"rendered":"Piknikov\u00fd st\u016fl ve tvaru p\u00edsmene A o d\u00e9lce 1,5 m ze d\u0159eva Cacao"},"content":{"rendered":"<p data-start=\"243\" data-end=\"316\"><strong data-start=\"243\" data-end=\"316\">Piknikov\u00fd st\u016fl Ches s r\u00e1mem A - kompaktn\u00ed model pro venkovn\u00ed pou\u017eit\u00ed<\/strong><\/p>\n<p data-start=\"318\" data-end=\"644\">Piknikov\u00fd st\u016fl Ches v r\u00e1mu A je klasick\u00fd model v r\u00e1mu A ur\u010den\u00fd pro ka\u017edodenn\u00ed pou\u017eit\u00ed ve venkovn\u00edch prostor\u00e1ch. Jednoduch\u00fd, osv\u011bd\u010den\u00fd design a ergonomick\u00e9 proporce p\u0159edur\u010duj\u00ed st\u016fl k pou\u017eit\u00ed jak na soukrom\u00fdch zahrad\u00e1ch, tak v rekrea\u010dn\u00edch nebo polokomer\u010dn\u00edch prostor\u00e1ch.<\/p>\n<p data-start=\"646\" data-end=\"943\">Model s rozm\u011bry <strong data-start=\"664\" data-end=\"685\">150 \u00d7 126 \u00d7 71 cm<\/strong> nab\u00edz\u00ed p\u0159\u00edjemn\u00e9 m\u00edsto pro stolov\u00e1n\u00ed a venkovn\u00ed posezen\u00ed. D\u00edky hmotnosti <strong data-start=\"778\" data-end=\"787\">37 kg<\/strong> st\u016fl je na svou t\u0159\u00eddu pom\u011brn\u011b lehk\u00fd, tak\u017ee se snadno sestavuje a p\u0159\u00edpadn\u011b p\u0159emis\u0165uje, p\u0159i\u010dem\u017e si zachov\u00e1v\u00e1 konstruk\u010dn\u00ed stabilitu.<\/p>\n<p data-start=\"945\" data-end=\"1253\">St\u016fl byl vyroben ze d\u0159eva pro venkovn\u00ed pou\u017eit\u00ed a dokon\u010den v barv\u011b <strong data-start=\"1036\" data-end=\"1045\">Kakao<\/strong>kter\u00fd zd\u016fraz\u0148uje p\u0159\u00edrodn\u00ed charakter materi\u00e1lu a dob\u0159e lad\u00ed s okoln\u00ed zelen\u00ed a zahradn\u00ed architekturou. Konstrukce ve tvaru p\u00edsmene A zaji\u0161\u0165uje dobrou tuhost a odolnost p\u0159i ka\u017edodenn\u00edm pou\u017e\u00edv\u00e1n\u00ed.<\/p>\n<h3 data-start=\"1255\" data-end=\"1274\">Rozm\u011bry a hmotnost:<\/h3>\n<ul data-start=\"1275\" data-end=\"1368\">\n<li data-start=\"1275\" data-end=\"1298\">\n<p data-start=\"1277\" data-end=\"1298\">D\u00e9lka: <strong data-start=\"1286\" data-end=\"1296\">150 cm<\/strong><\/p>\n<\/li>\n<li data-start=\"1299\" data-end=\"1324\">\n<p data-start=\"1301\" data-end=\"1324\">\u0160\u00ed\u0159ka: <strong data-start=\"1312\" data-end=\"1322\">126 cm<\/strong><\/p>\n<\/li>\n<li data-start=\"1325\" data-end=\"1348\">\n<p data-start=\"1327\" data-end=\"1348\">V\u00fd\u0161ka: <strong data-start=\"1337\" data-end=\"1346\">71 cm<\/strong><\/p>\n<\/li>\n<li data-start=\"1349\" data-end=\"1368\">\n<p data-start=\"1351\" data-end=\"1368\">Hmotnost: <strong data-start=\"1357\" data-end=\"1366\">37 kg<\/strong><\/p>\n<\/li>\n<\/ul>\n<h3 data-start=\"1370\" data-end=\"1415\">Pro\u010d zvolit model A-Frame Ches?<\/h3>\n<p data-start=\"1417\" data-end=\"1748\">\u2714\ufe0f Klasick\u00e1 konstrukce A-r\u00e1mu zaji\u0161\u0165uj\u00edc\u00ed stabilitu<br data-start=\"1473\" data-end=\"1476\" \/>\u2714\ufe0f Kompaktn\u00ed rozm\u011bry vhodn\u00e9 do r\u016fzn\u00fdch prostor<br data-start=\"1532\" data-end=\"1535\" \/>\u2714\ufe0f Lehk\u00fd pro snadnou p\u0159epravu a nastaven\u00ed<br data-start=\"1587\" data-end=\"1590\" \/>\u2714\ufe0f P\u0159\u00edrodn\u00ed barevn\u00e9 proveden\u00ed <strong data-start=\"1625\" data-end=\"1634\">Kakao<\/strong><br data-start=\"1634\" data-end=\"1637\" \/>\u2714\ufe0f Ur\u010deno pro venkovn\u00ed pou\u017eit\u00ed<br data-start=\"1675\" data-end=\"1678\" \/>\u2714\ufe0f Univerz\u00e1ln\u00ed vyu\u017eit\u00ed - zahrada, terasa, odpo\u010dinkov\u00e9 z\u00f3ny<\/p>\n<p data-start=\"1750\" data-end=\"1948\"><strong data-start=\"1750\" data-end=\"1766\">Piknikov\u00fd st\u016fl Ches<\/strong> je praktick\u00fd piknikov\u00fd st\u016fl, kter\u00fd kombinuje klasick\u00fd tvar s funk\u010dnost\u00ed a estetickou povrchovou \u00fapravou, a p\u0159edstavuje tak solidn\u00ed vybaven\u00ed pro ka\u017ed\u00e9 venkovn\u00ed posezen\u00ed.<\/p>","protected":false},"excerpt":{"rendered":"<p>St\u00f3\u0142 piknikowy A-Frame Ches \u2013 kompaktowy model do u\u017cytku zewn\u0119trznego St\u00f3\u0142 piknikowy A-Frame Ches to klasyczny model typu A-frame, zaprojektowany z my\u015bl\u0105 o codziennym u\u017cytkowaniu w przestrzeniach zewn\u0119trznych. Prosta, sprawdzona konstrukcja oraz ergonomiczne proporcje sprawiaj\u0105, \u017ce st\u00f3\u0142 dobrze sprawdza si\u0119 zar\u00f3wno w ogrodach prywatnych, jak i w przestrzeniach rekreacyjnych czy p\u00f3\u0142komercyjnych. Model o wymiarach 150 [&hellip;]<\/p>\n","protected":false},"featured_media":4152,"template":"","meta":{"_acf_changed":false},"product_brand":[],"product_cat":[66],"product_tag":[],"class_list":{"0":"post-4144","1":"product","2":"type-product","3":"status-publish","4":"has-post-thumbnail","6":"product_cat-stoly-piknikowe","7":"product_shipping_class-podstawowa","9":"first","10":"instock","11":"taxable","12":"shipping-taxable","13":"purchasable","14":"product-type-simple","15":"add-to-wishlist-after_add_to_cart"},"acf":[],"yoast_head":"<!-- This site is optimized with the Yoast SEO plugin v26.6 - https:\/\/yoast.com\/wordpress\/plugins\/seo\/ -->\n<title>St\u00f3\u0142 A-frame 1,5m Ches Picnic z drewna Cacao - Siesta Garden<\/title>\n<meta name=\"robots\" content=\"index, follow, max-snippet:-1, max-image-preview:large, max-video-preview:-1\" \/>\n<link rel=\"canonical\" href=\"https:\/\/www.siestagarden.com\/cs\/produkt\/stol-a-frame-15m-ches-picnic-z-drewna-cacao\/\" \/>\n<meta property=\"og:locale\" content=\"cs_CZ\" \/>\n<meta property=\"og:type\" content=\"article\" \/>\n<meta property=\"og:title\" content=\"St\u00f3\u0142 A-frame 1,5m Ches Picnic z drewna Cacao - Siesta Garden\" \/>\n<meta property=\"og:description\" content=\"St\u00f3\u0142 piknikowy A-Frame Ches \u2013 kompaktowy model do u\u017cytku zewn\u0119trznego St\u00f3\u0142 piknikowy A-Frame Ches to klasyczny model typu A-frame, zaprojektowany z my\u015bl\u0105 o codziennym u\u017cytkowaniu w przestrzeniach zewn\u0119trznych. Prosta, sprawdzona konstrukcja oraz ergonomiczne proporcje sprawiaj\u0105, \u017ce st\u00f3\u0142 dobrze sprawdza si\u0119 zar\u00f3wno w ogrodach prywatnych, jak i w przestrzeniach rekreacyjnych czy p\u00f3\u0142komercyjnych. Model o wymiarach 150 [&hellip;]\" \/>\n<meta property=\"og:url\" content=\"https:\/\/www.siestagarden.com\/cs\/produkt\/stol-a-frame-15m-ches-picnic-z-drewna-cacao\/\" \/>\n<meta property=\"og:site_name\" content=\"Siesta Garden\" \/>\n<meta property=\"article:modified_time\" content=\"2026-02-11T08:27:36+00:00\" \/>\n<meta property=\"og:image\" content=\"https:\/\/www.siestagarden.com\/wp-content\/uploads\/2026\/02\/IMG_9374-scaled.jpg\" \/>\n\t<meta property=\"og:image:width\" content=\"1707\" \/>\n\t<meta property=\"og:image:height\" content=\"2560\" \/>\n\t<meta property=\"og:image:type\" content=\"image\/jpeg\" \/>\n<meta name=\"twitter:card\" content=\"summary_large_image\" \/>\n<meta name=\"twitter:label1\" content=\"Odhadovan\u00e1 doba \u010dten\u00ed\" \/>\n\t<meta name=\"twitter:data1\" content=\"2 minuty\" \/>\n<script type=\"application\/ld+json\" class=\"yoast-schema-graph\">{\"@context\":\"https:\/\/schema.org\",\"@graph\":[{\"@type\":\"WebPage\",\"@id\":\"https:\/\/www.siestagarden.com\/produkt\/stol-a-frame-15m-ches-picnic-z-drewna-cacao\/\",\"url\":\"https:\/\/www.siestagarden.com\/produkt\/stol-a-frame-15m-ches-picnic-z-drewna-cacao\/\",\"name\":\"St\u00f3\u0142 A-frame 1,5m Ches Picnic z drewna Cacao - Siesta Garden\",\"isPartOf\":{\"@id\":\"https:\/\/www.siestagarden.com\/#website\"},\"primaryImageOfPage\":{\"@id\":\"https:\/\/www.siestagarden.com\/produkt\/stol-a-frame-15m-ches-picnic-z-drewna-cacao\/#primaryimage\"},\"image\":{\"@id\":\"https:\/\/www.siestagarden.com\/produkt\/stol-a-frame-15m-ches-picnic-z-drewna-cacao\/#primaryimage\"},\"thumbnailUrl\":\"https:\/\/www.siestagarden.com\/wp-content\/uploads\/2026\/02\/IMG_9374-scaled.jpg\",\"datePublished\":\"2026-02-09T13:57:05+00:00\",\"dateModified\":\"2026-02-11T08:27:36+00:00\",\"breadcrumb\":{\"@id\":\"https:\/\/www.siestagarden.com\/produkt\/stol-a-frame-15m-ches-picnic-z-drewna-cacao\/#breadcrumb\"},\"inLanguage\":\"cs\",\"potentialAction\":[{\"@type\":\"ReadAction\",\"target\":[\"https:\/\/www.siestagarden.com\/produkt\/stol-a-frame-15m-ches-picnic-z-drewna-cacao\/\"]}]},{\"@type\":\"ImageObject\",\"inLanguage\":\"cs\",\"@id\":\"https:\/\/www.siestagarden.com\/produkt\/stol-a-frame-15m-ches-picnic-z-drewna-cacao\/#primaryimage\",\"url\":\"https:\/\/www.siestagarden.com\/wp-content\/uploads\/2026\/02\/IMG_9374-scaled.jpg\",\"contentUrl\":\"https:\/\/www.siestagarden.com\/wp-content\/uploads\/2026\/02\/IMG_9374-scaled.jpg\",\"width\":1707,\"height\":2560},{\"@type\":\"BreadcrumbList\",\"@id\":\"https:\/\/www.siestagarden.com\/produkt\/stol-a-frame-15m-ches-picnic-z-drewna-cacao\/#breadcrumb\",\"itemListElement\":[{\"@type\":\"ListItem\",\"position\":1,\"name\":\"Strona g\u0142\u00f3wna\",\"item\":\"https:\/\/www.siestagarden.com\/\"},{\"@type\":\"ListItem\",\"position\":2,\"name\":\"Sklep\",\"item\":\"https:\/\/www.siestagarden.com\/sklep\/\"},{\"@type\":\"ListItem\",\"position\":3,\"name\":\"St\u00f3\u0142 A-frame 1,5m Ches Picnic z drewna Cacao\"}]},{\"@type\":\"WebSite\",\"@id\":\"https:\/\/www.siestagarden.com\/#website\",\"url\":\"https:\/\/www.siestagarden.com\/\",\"name\":\"Siesta Garden\",\"description\":\"Meble do Twojego ogrodu. Polski producent drewnianych mebli najwy\u017cszej jako\u015bci.\",\"potentialAction\":[{\"@type\":\"SearchAction\",\"target\":{\"@type\":\"EntryPoint\",\"urlTemplate\":\"https:\/\/www.siestagarden.com\/?s={search_term_string}\"},\"query-input\":{\"@type\":\"PropertyValueSpecification\",\"valueRequired\":true,\"valueName\":\"search_term_string\"}}],\"inLanguage\":\"cs\"}]}<\/script>\n<!-- \/ Yoast SEO plugin. -->","yoast_head_json":{"title":"St\u00f3\u0142 A-frame 1,5m Ches Picnic z drewna Cacao - Siesta Garden","robots":{"index":"index","follow":"follow","max-snippet":"max-snippet:-1","max-image-preview":"max-image-preview:large","max-video-preview":"max-video-preview:-1"},"canonical":"https:\/\/www.siestagarden.com\/cs\/produkt\/stol-a-frame-15m-ches-picnic-z-drewna-cacao\/","og_locale":"cs_CZ","og_type":"article","og_title":"St\u00f3\u0142 A-frame 1,5m Ches Picnic z drewna Cacao - Siesta Garden","og_description":"St\u00f3\u0142 piknikowy A-Frame Ches \u2013 kompaktowy model do u\u017cytku zewn\u0119trznego St\u00f3\u0142 piknikowy A-Frame Ches to klasyczny model typu A-frame, zaprojektowany z my\u015bl\u0105 o codziennym u\u017cytkowaniu w przestrzeniach zewn\u0119trznych. Prosta, sprawdzona konstrukcja oraz ergonomiczne proporcje sprawiaj\u0105, \u017ce st\u00f3\u0142 dobrze sprawdza si\u0119 zar\u00f3wno w ogrodach prywatnych, jak i w przestrzeniach rekreacyjnych czy p\u00f3\u0142komercyjnych. Model o wymiarach 150 [&hellip;]","og_url":"https:\/\/www.siestagarden.com\/cs\/produkt\/stol-a-frame-15m-ches-picnic-z-drewna-cacao\/","og_site_name":"Siesta Garden","article_modified_time":"2026-02-11T08:27:36+00:00","og_image":[{"width":1707,"height":2560,"url":"https:\/\/www.siestagarden.com\/wp-content\/uploads\/2026\/02\/IMG_9374-scaled.jpg","type":"image\/jpeg"}],"twitter_card":"summary_large_image","twitter_misc":{"Odhadovan\u00e1 doba \u010dten\u00ed":"2 minuty"},"schema":{"@context":"https:\/\/schema.org","@graph":[{"@type":"WebPage","@id":"https:\/\/www.siestagarden.com\/produkt\/stol-a-frame-15m-ches-picnic-z-drewna-cacao\/","url":"https:\/\/www.siestagarden.com\/produkt\/stol-a-frame-15m-ches-picnic-z-drewna-cacao\/","name":"St\u00f3\u0142 A-frame 1,5m Ches Picnic z drewna Cacao - Siesta Garden","isPartOf":{"@id":"https:\/\/www.siestagarden.com\/#website"},"primaryImageOfPage":{"@id":"https:\/\/www.siestagarden.com\/produkt\/stol-a-frame-15m-ches-picnic-z-drewna-cacao\/#primaryimage"},"image":{"@id":"https:\/\/www.siestagarden.com\/produkt\/stol-a-frame-15m-ches-picnic-z-drewna-cacao\/#primaryimage"},"thumbnailUrl":"https:\/\/www.siestagarden.com\/wp-content\/uploads\/2026\/02\/IMG_9374-scaled.jpg","datePublished":"2026-02-09T13:57:05+00:00","dateModified":"2026-02-11T08:27:36+00:00","breadcrumb":{"@id":"https:\/\/www.siestagarden.com\/produkt\/stol-a-frame-15m-ches-picnic-z-drewna-cacao\/#breadcrumb"},"inLanguage":"cs","potentialAction":[{"@type":"ReadAction","target":["https:\/\/www.siestagarden.com\/produkt\/stol-a-frame-15m-ches-picnic-z-drewna-cacao\/"]}]},{"@type":"ImageObject","inLanguage":"cs","@id":"https:\/\/www.siestagarden.com\/produkt\/stol-a-frame-15m-ches-picnic-z-drewna-cacao\/#primaryimage","url":"https:\/\/www.siestagarden.com\/wp-content\/uploads\/2026\/02\/IMG_9374-scaled.jpg","contentUrl":"https:\/\/www.siestagarden.com\/wp-content\/uploads\/2026\/02\/IMG_9374-scaled.jpg","width":1707,"height":2560},{"@type":"BreadcrumbList","@id":"https:\/\/www.siestagarden.com\/produkt\/stol-a-frame-15m-ches-picnic-z-drewna-cacao\/#breadcrumb","itemListElement":[{"@type":"ListItem","position":1,"name":"Strona g\u0142\u00f3wna","item":"https:\/\/www.siestagarden.com\/"},{"@type":"ListItem","position":2,"name":"Sklep","item":"https:\/\/www.siestagarden.com\/sklep\/"},{"@type":"ListItem","position":3,"name":"St\u00f3\u0142 A-frame 1,5m Ches Picnic z drewna Cacao"}]},{"@type":"WebSite","@id":"https:\/\/www.siestagarden.com\/#website","url":"https:\/\/www.siestagarden.com\/","name":"Siesta Garden","description":"N\u00e1bytek pro va\u0161i zahradu. Polsk\u00fd v\u00fdrobce d\u0159ev\u011bn\u00e9ho n\u00e1bytku nejvy\u0161\u0161\u00ed kvality.","potentialAction":[{"@type":"SearchAction","target":{"@type":"EntryPoint","urlTemplate":"https:\/\/www.siestagarden.com\/?s={search_term_string}"},"query-input":{"@type":"PropertyValueSpecification","valueRequired":true,"valueName":"search_term_string"}}],"inLanguage":"cs"}]}},"_links":{"self":[{"href":"https:\/\/www.siestagarden.com\/cs\/wp-json\/wp\/v2\/product\/4144","targetHints":{"allow":["GET"]}}],"collection":[{"href":"https:\/\/www.siestagarden.com\/cs\/wp-json\/wp\/v2\/product"}],"about":[{"href":"https:\/\/www.siestagarden.com\/cs\/wp-json\/wp\/v2\/types\/product"}],"wp:featuredmedia":[{"embeddable":true,"href":"https:\/\/www.siestagarden.com\/cs\/wp-json\/wp\/v2\/media\/4152"}],"wp:attachment":[{"href":"https:\/\/www.siestagarden.com\/cs\/wp-json\/wp\/v2\/media?parent=4144"}],"wp:term":[{"taxonomy":"product_brand","embeddable":true,"href":"https:\/\/www.siestagarden.com\/cs\/wp-json\/wp\/v2\/product_brand?post=4144"},{"taxonomy":"product_cat","embeddable":true,"href":"https:\/\/www.siestagarden.com\/cs\/wp-json\/wp\/v2\/product_cat?post=4144"},{"taxonomy":"product_tag","embeddable":true,"href":"https:\/\/www.siestagarden.com\/cs\/wp-json\/wp\/v2\/product_tag?post=4144"}],"curies":[{"name":"wp","href":"https:\/\/api.w.org\/{rel}","templated":true}]}}