{"id":4303,"date":"2026-03-11T15:06:26","date_gmt":"2026-03-11T14:06:26","guid":{"rendered":"https:\/\/www.siestagarden.com\/?post_type=product&#038;p=4303"},"modified":"2026-03-18T13:32:59","modified_gmt":"2026-03-18T12:32:59","slug":"lezak-podwojny-z-baldachimem","status":"publish","type":"product","link":"https:\/\/www.siestagarden.com\/cs\/produkt\/lezak-podwojny-z-baldachimem\/","title":{"rendered":"Dvoul\u016f\u017eko s baldach\u00fdnem"},"content":{"rendered":"<h3 data-start=\"188\" data-end=\"268\">Dvojit\u00e9 leh\u00e1tko s baldach\u00fdnem \u2013 Komfort a ochrana na zahrad\u011b<\/h3>\n<p data-start=\"270\" data-end=\"565\">Vytvo\u0159te si ve sv\u00e9 zahrad\u011b ide\u00e1ln\u00ed m\u00edsto k odpo\u010dinku \u2013 <strong data-start=\"323\" data-end=\"355\">dvojit\u00e1 leh\u00e1tko se st\u0159\u00ed\u0161kou<\/strong> spojuje dva samostatn\u00e9, ergonomick\u00e9 leh\u00e1tka do jedn\u00e9 harmonick\u00e9 konstrukce, nab\u00edzej\u00edc\u00ed pohodl\u00ed a funk\u010dnost pro dv\u011b osoby. Jedn\u00e1 se o \u0159e\u0161en\u00ed pro ty, kte\u0159\u00ed oce\u0148uj\u00ed komfort, soukrom\u00fd prostor a elegantn\u00ed vzhled.<\/p>\n<p data-start=\"567\" data-end=\"588\"><strong data-start=\"567\" data-end=\"586\">Vlastnosti produktu:<\/strong><\/p>\n<ul data-start=\"589\" data-end=\"1238\">\n<li data-start=\"589\" data-end=\"752\">\n<p data-start=\"591\" data-end=\"752\"><strong data-start=\"591\" data-end=\"625\">Dv\u011b nez\u00e1visl\u00e1 leh\u00e1tka v jednom<\/strong> \u2013 ka\u017ed\u00fd s vlastn\u00edm op\u011bradlem a mo\u017enost\u00ed nastaven\u00ed, co\u017e umo\u017e\u0148uje pohodln\u00fd odpo\u010dinek jak jednotliv\u011b, tak ve dvou.<\/p>\n<\/li>\n<li data-start=\"753\" data-end=\"884\">\n<p data-start=\"755\" data-end=\"884\"><strong data-start=\"755\" data-end=\"779\">Nastaviteln\u00e1 st\u0159\u00ed\u0161ka<\/strong> \u2013 zaji\u0161\u0165uje ochranu p\u0159ed sluncem a UV z\u00e1\u0159en\u00edm a vytv\u00e1\u0159\u00ed p\u0159\u00edjemn\u00fd st\u00edn v ka\u017ed\u00fd slune\u010dn\u00fd den.<\/p>\n<\/li>\n<li data-start=\"885\" data-end=\"1049\">\n<p data-start=\"887\" data-end=\"1049\"><strong data-start=\"887\" data-end=\"910\">Robustn\u00ed konstrukce<\/strong> \u2013 vysoce kvalitn\u00ed materi\u00e1ly zaru\u010duj\u00ed stabilitu a odolnost v\u016f\u010di pov\u011btrnostn\u00edm vliv\u016fm, d\u00edky \u010demu\u017e leh\u00e1tko vydr\u017e\u00ed po mnoho sez\u00f3n.<\/p>\n<\/li>\n<li data-start=\"1050\" data-end=\"1238\">\n<p data-start=\"1052\" data-end=\"1238\"><strong data-start=\"1052\" data-end=\"1072\">Elegantn\u00ed design<\/strong> \u2013 modern\u00ed forma a tlumen\u00e9 barvy zaji\u0161\u0165uj\u00ed, \u017ee leh\u00e1tko dokonale lad\u00ed s jak\u00fdmkoli prostorem \u2013 od zahrady p\u0159es terasu a\u017e po aran\u017em\u00e1 u baz\u00e9nu.<\/p>\n<\/li>\n<\/ul>\n<p data-start=\"1240\" data-end=\"1477\">Nen\u00ed to jen m\u00edsto k odpo\u010dinku \u2013 je to prostor k relaxaci, kde se ka\u017ed\u00fd okam\u017eik st\u00e1v\u00e1 pot\u011b\u0161en\u00edm. Vyberte <strong data-start=\"1355\" data-end=\"1387\">dvojit\u00e1 leh\u00e1tko se st\u0159\u00ed\u0161kou<\/strong> a zajist\u011bte si maxim\u00e1ln\u00ed pohodl\u00ed bez kompromis\u016f v soukrom\u00ed a komfortu.<\/p>","protected":false},"excerpt":{"rendered":"<p>Podw\u00f3jny Le\u017cak z Baldachimem\u00a0 \u2013 Komfort i Ochrona w Ogrodzie Stw\u00f3rz w swoim ogrodzie idealne miejsce do relaksu \u2013 podw\u00f3jny le\u017cak z baldachimem \u0142\u0105czy dwa osobne, ergonomiczne le\u017caki w jednej harmonijnej konstrukcji, oferuj\u0105c komfort i funkcjonalno\u015b\u0107 dla dw\u00f3ch os\u00f3b. To rozwi\u0105zanie dla tych, kt\u00f3rzy ceni\u0105 wygod\u0119, prywatn\u0105 przestrze\u0144 i elegancki wygl\u0105d. Cechy produktu: Dwa niezale\u017cne [&hellip;]<\/p>\n","protected":false},"featured_media":4314,"template":"","meta":{"_acf_changed":false},"product_brand":[],"product_cat":[69],"product_tag":[],"class_list":{"0":"post-4303","1":"product","2":"type-product","3":"status-publish","4":"has-post-thumbnail","6":"product_cat-lezaki-i-lezanki","8":"first","9":"onbackorder","10":"taxable","11":"shipping-taxable","12":"purchasable","13":"product-type-simple","14":"add-to-wishlist-after_add_to_cart"},"acf":[],"yoast_head":"<!-- This site is optimized with the Yoast SEO plugin v26.6 - https:\/\/yoast.com\/wordpress\/plugins\/seo\/ -->\n<title>Le\u017cak podw\u00f3jny z baldachimem - Siesta Garden<\/title>\n<meta name=\"robots\" content=\"index, follow, max-snippet:-1, max-image-preview:large, max-video-preview:-1\" \/>\n<link rel=\"canonical\" href=\"https:\/\/www.siestagarden.com\/cs\/produkt\/lezak-podwojny-z-baldachimem\/\" \/>\n<meta property=\"og:locale\" content=\"cs_CZ\" \/>\n<meta property=\"og:type\" content=\"article\" \/>\n<meta property=\"og:title\" content=\"Le\u017cak podw\u00f3jny z baldachimem - Siesta Garden\" \/>\n<meta property=\"og:description\" content=\"Podw\u00f3jny Le\u017cak z Baldachimem\u00a0 \u2013 Komfort i Ochrona w Ogrodzie Stw\u00f3rz w swoim ogrodzie idealne miejsce do relaksu \u2013 podw\u00f3jny le\u017cak z baldachimem \u0142\u0105czy dwa osobne, ergonomiczne le\u017caki w jednej harmonijnej konstrukcji, oferuj\u0105c komfort i funkcjonalno\u015b\u0107 dla dw\u00f3ch os\u00f3b. To rozwi\u0105zanie dla tych, kt\u00f3rzy ceni\u0105 wygod\u0119, prywatn\u0105 przestrze\u0144 i elegancki wygl\u0105d. Cechy produktu: Dwa niezale\u017cne [&hellip;]\" \/>\n<meta property=\"og:url\" content=\"https:\/\/www.siestagarden.com\/cs\/produkt\/lezak-podwojny-z-baldachimem\/\" \/>\n<meta property=\"og:site_name\" content=\"Siesta Garden\" \/>\n<meta property=\"article:modified_time\" content=\"2026-03-18T12:32:59+00:00\" \/>\n<meta property=\"og:image\" content=\"https:\/\/www.siestagarden.com\/wp-content\/uploads\/2026\/03\/IMG_0095-scaled-e1773232268867.jpg\" \/>\n\t<meta property=\"og:image:width\" content=\"2048\" \/>\n\t<meta property=\"og:image:height\" content=\"2560\" \/>\n\t<meta property=\"og:image:type\" content=\"image\/jpeg\" \/>\n<meta name=\"twitter:card\" content=\"summary_large_image\" \/>\n<meta name=\"twitter:label1\" content=\"Odhadovan\u00e1 doba \u010dten\u00ed\" \/>\n\t<meta name=\"twitter:data1\" content=\"2 minuty\" \/>\n<script type=\"application\/ld+json\" class=\"yoast-schema-graph\">{\"@context\":\"https:\/\/schema.org\",\"@graph\":[{\"@type\":\"WebPage\",\"@id\":\"https:\/\/www.siestagarden.com\/produkt\/lezak-podwojny-z-baldachimem\/\",\"url\":\"https:\/\/www.siestagarden.com\/produkt\/lezak-podwojny-z-baldachimem\/\",\"name\":\"Le\u017cak podw\u00f3jny z baldachimem - Siesta Garden\",\"isPartOf\":{\"@id\":\"https:\/\/www.siestagarden.com\/#website\"},\"primaryImageOfPage\":{\"@id\":\"https:\/\/www.siestagarden.com\/produkt\/lezak-podwojny-z-baldachimem\/#primaryimage\"},\"image\":{\"@id\":\"https:\/\/www.siestagarden.com\/produkt\/lezak-podwojny-z-baldachimem\/#primaryimage\"},\"thumbnailUrl\":\"https:\/\/www.siestagarden.com\/wp-content\/uploads\/2026\/03\/IMG_0095-scaled-e1773232268867.jpg\",\"datePublished\":\"2026-03-11T14:06:26+00:00\",\"dateModified\":\"2026-03-18T12:32:59+00:00\",\"breadcrumb\":{\"@id\":\"https:\/\/www.siestagarden.com\/produkt\/lezak-podwojny-z-baldachimem\/#breadcrumb\"},\"inLanguage\":\"cs\",\"potentialAction\":[{\"@type\":\"ReadAction\",\"target\":[\"https:\/\/www.siestagarden.com\/produkt\/lezak-podwojny-z-baldachimem\/\"]}]},{\"@type\":\"ImageObject\",\"inLanguage\":\"cs\",\"@id\":\"https:\/\/www.siestagarden.com\/produkt\/lezak-podwojny-z-baldachimem\/#primaryimage\",\"url\":\"https:\/\/www.siestagarden.com\/wp-content\/uploads\/2026\/03\/IMG_0095-scaled-e1773232268867.jpg\",\"contentUrl\":\"https:\/\/www.siestagarden.com\/wp-content\/uploads\/2026\/03\/IMG_0095-scaled-e1773232268867.jpg\",\"width\":2048,\"height\":2560},{\"@type\":\"BreadcrumbList\",\"@id\":\"https:\/\/www.siestagarden.com\/produkt\/lezak-podwojny-z-baldachimem\/#breadcrumb\",\"itemListElement\":[{\"@type\":\"ListItem\",\"position\":1,\"name\":\"Strona g\u0142\u00f3wna\",\"item\":\"https:\/\/www.siestagarden.com\/\"},{\"@type\":\"ListItem\",\"position\":2,\"name\":\"Sklep\",\"item\":\"https:\/\/www.siestagarden.com\/sklep\/\"},{\"@type\":\"ListItem\",\"position\":3,\"name\":\"Le\u017cak podw\u00f3jny z baldachimem\"}]},{\"@type\":\"WebSite\",\"@id\":\"https:\/\/www.siestagarden.com\/#website\",\"url\":\"https:\/\/www.siestagarden.com\/\",\"name\":\"Siesta Garden\",\"description\":\"Meble do Twojego ogrodu. Polski producent drewnianych mebli najwy\u017cszej jako\u015bci.\",\"potentialAction\":[{\"@type\":\"SearchAction\",\"target\":{\"@type\":\"EntryPoint\",\"urlTemplate\":\"https:\/\/www.siestagarden.com\/?s={search_term_string}\"},\"query-input\":{\"@type\":\"PropertyValueSpecification\",\"valueRequired\":true,\"valueName\":\"search_term_string\"}}],\"inLanguage\":\"cs\"}]}<\/script>\n<!-- \/ Yoast SEO plugin. -->","yoast_head_json":{"title":"Le\u017cak podw\u00f3jny z baldachimem - Siesta Garden","robots":{"index":"index","follow":"follow","max-snippet":"max-snippet:-1","max-image-preview":"max-image-preview:large","max-video-preview":"max-video-preview:-1"},"canonical":"https:\/\/www.siestagarden.com\/cs\/produkt\/lezak-podwojny-z-baldachimem\/","og_locale":"cs_CZ","og_type":"article","og_title":"Le\u017cak podw\u00f3jny z baldachimem - Siesta Garden","og_description":"Podw\u00f3jny Le\u017cak z Baldachimem\u00a0 \u2013 Komfort i Ochrona w Ogrodzie Stw\u00f3rz w swoim ogrodzie idealne miejsce do relaksu \u2013 podw\u00f3jny le\u017cak z baldachimem \u0142\u0105czy dwa osobne, ergonomiczne le\u017caki w jednej harmonijnej konstrukcji, oferuj\u0105c komfort i funkcjonalno\u015b\u0107 dla dw\u00f3ch os\u00f3b. To rozwi\u0105zanie dla tych, kt\u00f3rzy ceni\u0105 wygod\u0119, prywatn\u0105 przestrze\u0144 i elegancki wygl\u0105d. Cechy produktu: Dwa niezale\u017cne [&hellip;]","og_url":"https:\/\/www.siestagarden.com\/cs\/produkt\/lezak-podwojny-z-baldachimem\/","og_site_name":"Siesta Garden","article_modified_time":"2026-03-18T12:32:59+00:00","og_image":[{"width":2048,"height":2560,"url":"https:\/\/www.siestagarden.com\/wp-content\/uploads\/2026\/03\/IMG_0095-scaled-e1773232268867.jpg","type":"image\/jpeg"}],"twitter_card":"summary_large_image","twitter_misc":{"Odhadovan\u00e1 doba \u010dten\u00ed":"2 minuty"},"schema":{"@context":"https:\/\/schema.org","@graph":[{"@type":"WebPage","@id":"https:\/\/www.siestagarden.com\/produkt\/lezak-podwojny-z-baldachimem\/","url":"https:\/\/www.siestagarden.com\/produkt\/lezak-podwojny-z-baldachimem\/","name":"Le\u017cak podw\u00f3jny z baldachimem - Siesta Garden","isPartOf":{"@id":"https:\/\/www.siestagarden.com\/#website"},"primaryImageOfPage":{"@id":"https:\/\/www.siestagarden.com\/produkt\/lezak-podwojny-z-baldachimem\/#primaryimage"},"image":{"@id":"https:\/\/www.siestagarden.com\/produkt\/lezak-podwojny-z-baldachimem\/#primaryimage"},"thumbnailUrl":"https:\/\/www.siestagarden.com\/wp-content\/uploads\/2026\/03\/IMG_0095-scaled-e1773232268867.jpg","datePublished":"2026-03-11T14:06:26+00:00","dateModified":"2026-03-18T12:32:59+00:00","breadcrumb":{"@id":"https:\/\/www.siestagarden.com\/produkt\/lezak-podwojny-z-baldachimem\/#breadcrumb"},"inLanguage":"cs","potentialAction":[{"@type":"ReadAction","target":["https:\/\/www.siestagarden.com\/produkt\/lezak-podwojny-z-baldachimem\/"]}]},{"@type":"ImageObject","inLanguage":"cs","@id":"https:\/\/www.siestagarden.com\/produkt\/lezak-podwojny-z-baldachimem\/#primaryimage","url":"https:\/\/www.siestagarden.com\/wp-content\/uploads\/2026\/03\/IMG_0095-scaled-e1773232268867.jpg","contentUrl":"https:\/\/www.siestagarden.com\/wp-content\/uploads\/2026\/03\/IMG_0095-scaled-e1773232268867.jpg","width":2048,"height":2560},{"@type":"BreadcrumbList","@id":"https:\/\/www.siestagarden.com\/produkt\/lezak-podwojny-z-baldachimem\/#breadcrumb","itemListElement":[{"@type":"ListItem","position":1,"name":"Strona g\u0142\u00f3wna","item":"https:\/\/www.siestagarden.com\/"},{"@type":"ListItem","position":2,"name":"Sklep","item":"https:\/\/www.siestagarden.com\/sklep\/"},{"@type":"ListItem","position":3,"name":"Le\u017cak podw\u00f3jny z baldachimem"}]},{"@type":"WebSite","@id":"https:\/\/www.siestagarden.com\/#website","url":"https:\/\/www.siestagarden.com\/","name":"Siesta Garden","description":"N\u00e1bytek pro va\u0161i zahradu. Polsk\u00fd v\u00fdrobce d\u0159ev\u011bn\u00e9ho n\u00e1bytku nejvy\u0161\u0161\u00ed kvality.","potentialAction":[{"@type":"SearchAction","target":{"@type":"EntryPoint","urlTemplate":"https:\/\/www.siestagarden.com\/?s={search_term_string}"},"query-input":{"@type":"PropertyValueSpecification","valueRequired":true,"valueName":"search_term_string"}}],"inLanguage":"cs"}]}},"_links":{"self":[{"href":"https:\/\/www.siestagarden.com\/cs\/wp-json\/wp\/v2\/product\/4303","targetHints":{"allow":["GET"]}}],"collection":[{"href":"https:\/\/www.siestagarden.com\/cs\/wp-json\/wp\/v2\/product"}],"about":[{"href":"https:\/\/www.siestagarden.com\/cs\/wp-json\/wp\/v2\/types\/product"}],"wp:featuredmedia":[{"embeddable":true,"href":"https:\/\/www.siestagarden.com\/cs\/wp-json\/wp\/v2\/media\/4314"}],"wp:attachment":[{"href":"https:\/\/www.siestagarden.com\/cs\/wp-json\/wp\/v2\/media?parent=4303"}],"wp:term":[{"taxonomy":"product_brand","embeddable":true,"href":"https:\/\/www.siestagarden.com\/cs\/wp-json\/wp\/v2\/product_brand?post=4303"},{"taxonomy":"product_cat","embeddable":true,"href":"https:\/\/www.siestagarden.com\/cs\/wp-json\/wp\/v2\/product_cat?post=4303"},{"taxonomy":"product_tag","embeddable":true,"href":"https:\/\/www.siestagarden.com\/cs\/wp-json\/wp\/v2\/product_tag?post=4303"}],"curies":[{"name":"wp","href":"https:\/\/api.w.org\/{rel}","templated":true}]}}