{"id":4320,"date":"2026-03-11T14:01:42","date_gmt":"2026-03-11T13:01:42","guid":{"rendered":"https:\/\/www.siestagarden.com\/?post_type=product&#038;p=4320"},"modified":"2026-03-25T09:26:05","modified_gmt":"2026-03-25T08:26:05","slug":"drewniany-zestaw-ogrodowy-cannes-z-litej-sosny-sofa-2-fotele-i-stolik","status":"publish","type":"product","link":"https:\/\/www.siestagarden.com\/cs\/produkt\/drewniany-zestaw-ogrodowy-cannes-z-litej-sosny-sofa-2-fotele-i-stolik\/","title":{"rendered":"Modul\u00e1rn\u00ed zahradn\u00ed sestava Cannes 2 k\u0159esla, pohovka, stolek, d\u0159evo, s pol\u0161t\u00e1\u0159i, na terasu i zahradu"},"content":{"rendered":"<p><strong>Zestaw mebli ogrodowych Cannes z drewna dla 4 os\u00f3b \u2013 sofa, 2 fotele i stolik z poduszkami, na taras i do ogrodu<\/strong><\/p>\n<p>Wyobra\u017a sobie poranek, w kt\u00f3rym nie musisz si\u0119 spieszy\u0107.<br \/>\nKawa smakuje inaczej, gdy masz gdzie wygodnie usi\u0105\u015b\u0107.<\/p>\n<p><strong>Problem w tym,<\/strong> \u017ce wi\u0119kszo\u015b\u0107 ogrod\u00f3w i taras\u00f3w nie daje prawdziwego komfortu \u2013 s\u0105 przypadkowe, niewygodne, nie tworz\u0105 miejsca, do kt\u00f3rego chce si\u0119 wraca\u0107.<\/p>\n<p>Brakuje w nich przestrzeni, kt\u00f3ra zatrzymuje.<\/p>\n<p><strong>Rozwi\u0105zanie:\u00a0 modu\u0142owy zestaw ogrodowy Cannes<\/strong><\/p>\n<p>Zestaw\u00a0Cannes\u00a0zosta\u0142 zaprojektowany po to, aby stworzy\u0107 sp\u00f3jn\u0105, komfortow\u0105 stref\u0119 wypoczynku \u2013 miejsce, w kt\u00f3rym naprawd\u0119 odpoczywasz, a nie tylko \u201esiedzisz na chwil\u0119\u201d.<\/p>\n<p>To gotowa przestrze\u0144 do:<\/p>\n<ul>\n<li>spokojnych porank\u00f3w<\/li>\n<li>rozm\u00f3w przy kawie<\/li>\n<li>letnich wieczor\u00f3w z bliskimi.<\/li>\n<\/ul>\n<p>&nbsp;<\/p>\n<p><strong>Co zyskujesz \u2013 realne korzy\u015bci<\/strong><\/p>\n<ul>\n<li><strong>Prawdziwy komfort odpoczynku<\/strong><br \/>\nG\u0142\u0119bokie, stabilne siedziska pozwalaj\u0105 Ci si\u0119 zatrzyma\u0107 i zrelaksowa\u0107<\/li>\n<li><strong>Trwa\u0142o\u015b\u0107 na lata, nie na sezon<\/strong><br \/>\nLite drewno gwarantuje solidno\u015b\u0107 i odporno\u015b\u0107 na codzienne u\u017cytkowanie<\/li>\n<li><strong>Gotow\u0105 aran\u017cacj\u0119 przestrzeni<\/strong><br \/>\nSofa, fotele i stolik tworz\u0105 sp\u00f3jny zestaw \u2013 bez przypadkowych element\u00f3w<\/li>\n<li><strong>Naturalno\u015b\u0107, kt\u00f3r\u0105 czujesz<\/strong><br \/>\nDrewno wprowadza ciep\u0142o i harmoni\u0119, kt\u00f3rych nie daje plastik ani metal<\/li>\n<li><strong>Univerz\u00e1ln\u00ed design<\/strong><br \/>\nPasuje zar\u00f3wno do nowoczesnych taras\u00f3w, jak i klasycznych ogrod\u00f3w<\/li>\n<\/ul>\n<p>&nbsp;<\/p>\n<p><strong>To wi\u0119cej ni\u017c meble \u2013 to spos\u00f3b sp\u0119dzania czasu. <\/strong>To miejsce, w kt\u00f3rym:<\/p>\n<ul>\n<li>zaczynasz dzie\u0144 spokojnie, zamiast w biegu<\/li>\n<li>prowadzisz rozmowy, kt\u00f3re maj\u0105 znaczenie<\/li>\n<li>sp\u0119dzasz czas offline \u2013 naprawd\u0119 obecnie<\/li>\n<\/ul>\n<p>&nbsp;<\/p>\n<p><strong>Opis produktu<\/strong><\/p>\n<p>Zestaw ogrodowy\u00a0<strong>Cannes<\/strong> wykonany jest z litego drewna sosnowego, co zapewnia trwa\u0142o\u015b\u0107, stabilno\u015b\u0107 oraz naturalny wygl\u0105d.<\/p>\n<p>Sada obsahuje:<\/p>\n<ul>\n<li>sofa (\u0142awka) 2-osobowa o wymiarach 130x71x77 cm<\/li>\n<li>2 wygodne fotele o wymiarach 70x71x77 cm<\/li>\n<li>stolik o wymiarach 61x61x31 cm<\/li>\n<li>komplet poduszek<\/li>\n<\/ul>\n<p>&nbsp;<\/p>\n<p>Ca\u0142o\u015b\u0107 tworzy funkcjonalny uk\u0142ad wypoczynkowy, idealny do ogrodu, na taras lub patio.<\/p>\n<p data-path-to-node=\"4\">Drewno u\u017cyte do produkcji posiada certyfikaty\u00a0 <b data-path-to-node=\"4\" data-index-in-node=\"121\">FSC<\/b> lub <b data-path-to-node=\"4\" data-index-in-node=\"158\">PEFC\u00a0<\/b>potwierdzaj\u0105ce pochodzenie surowca.<\/p>\n<p data-path-to-node=\"5\"><b data-path-to-node=\"5\" data-index-in-node=\"0\">Co to oznacza w praktyce?<\/b><\/p>\n<ul data-path-to-node=\"6\">\n<li>\n<p data-path-to-node=\"6,0,0\"><b data-path-to-node=\"6,0,0\" data-index-in-node=\"0\">Gwarancja pochodzenia:<\/b> Masz pewno\u015b\u0107, \u017ce surowiec pochodzi z las\u00f3w zarz\u0105dzanych w spos\u00f3b zr\u00f3wnowa\u017cony, a nie z rabunkowej wycinki.<\/p>\n<\/li>\n<li>\n<p data-path-to-node=\"6,1,0\"><b data-path-to-node=\"6,1,0\" data-index-in-node=\"0\">Ochrona przyrody:<\/b> Gospodarka le\u015bna prowadzona zgodnie z tymi standardami chroni lokaln\u0105 flor\u0119 i faun\u0119 oraz dba o odnawianie zasob\u00f3w le\u015bnych.<\/p>\n<\/li>\n<li>\n<p data-path-to-node=\"6,2,0\"><b data-path-to-node=\"6,2,0\" data-index-in-node=\"0\">Wsparcie etyki:<\/b> Certyfikaty te potwierdzaj\u0105, \u017ce drewno pochodzi z legalnych \u017ar\u00f3de\u0142, gdzie prowadzona jest zr\u00f3wnowa\u017cona gospodarka le\u015bna.<\/p>\n<\/li>\n<\/ul>\n<p><strong>Dlaczego warto wybra\u0107 zestaw Cannes?<\/strong><\/p>\n<ul>\n<li>Tworzysz realn\u0105 stref\u0119 relaksu, nie tylko \u201e\u0142adny ogr\u00f3d\u201d<\/li>\n<li>Inwestujesz w trwa\u0142o\u015b\u0107 \u2013 lite drewno zamiast sezonowych rozwi\u0105za\u0144<\/li>\n<li>Otrzymujesz gotowy zestaw \u2013 bez potrzeby kompletowania element\u00f3w<\/li>\n<li>Zyskujesz komfort dla siebie i swoich go\u015bci<\/li>\n<li>Wybierasz naturalny materia\u0142, kt\u00f3ry dobrze si\u0119 starzeje<\/li>\n<\/ul>\n<p><strong>Dane techniczne<\/strong><\/p>\n<ul>\n<li>konstrukcja mebli wykonana z drewna skandynawskiego (PEFC lub FSC)<\/li>\n<li>impregnacja na bazie impregnat\u00f3w wodnych (bez szkodliwych substancji &#8211; chrom i bor)<\/li>\n<li>monta\u017c: zgodnie z do\u0142\u0105czona instrukcj\u0105 monta\u017cu<\/li>\n<li>gwarancja producenta (24 miesi\u0105ce)<\/li>\n<li>tkaniny obiciowe: wysokogatunkowy materia\u0142 outdoorowy<\/li>\n<li>wype\u0142nienie poduszek: pianka wysokoelastyczna<\/li>\n<\/ul>\n<p data-path-to-node=\"2\"><strong>Pol\u0161t\u00e1\u0159e Premium Cannes: Technologie a Trvanlivost<\/strong><\/p>\n<p data-path-to-node=\"3\">Dopln\u011bn\u00edm kolekce Cannes jsou speci\u00e1ln\u00ed pol\u0161t\u00e1\u0159e, kter\u00e9 kombinuj\u00ed minimalistickou estetiku s pokro\u010dil\u00fdmi technick\u00fdmi parametry. Byly navr\u017eeny tak, aby vydr\u017eely intenzivn\u00ed venkovn\u00ed pou\u017eit\u00ed, p\u0159i\u010dem\u017e si zachov\u00e1vaj\u00ed sv\u016fj tvar a vlastnosti po mnoho sez\u00f3n.<\/p>\n<p data-path-to-node=\"5\"><strong>Pro\u010d jsou tyto pol\u0161t\u00e1\u0159e v\u00fdjime\u010dn\u00e9 kvalitou?<\/strong><\/p>\n<p data-path-to-node=\"6\">1<strong>. Wyj\u0105tkowa odporno\u015b\u0107 na \u015bcieranie<\/strong><\/p>\n<p data-path-to-node=\"7\">Tkanina pro\u0161la testem <b data-path-to-node=\"7\" data-index-in-node=\"22\">60 000 cykl\u016f Martindale<\/b>. Ve standardech pro dom\u00e1cnosti je ji\u017e 20-30 tis\u00edc cykl\u016f pova\u017eov\u00e1no za velmi odoln\u00fd materi\u00e1l. V\u00fdsledek 60 000 znamen\u00e1, \u017ee materi\u00e1l je p\u0159ipraven na extr\u00e9mn\u011b \u010dast\u00e9 pou\u017e\u00edv\u00e1n\u00ed a je prakticky nezni\u010diteln\u00fd v norm\u00e1ln\u00edch podm\u00ednk\u00e1ch terasy.<\/p>\n<p data-path-to-node=\"8\"><strong>2. Odolnost proti blednut\u00ed a sv\u011bteln\u00fdm podm\u00ednk\u00e1m<\/strong><\/p>\n<p data-path-to-node=\"9\">S v\u00fdsledkem odolnosti v\u016f\u010di sv\u011btlu <b data-path-to-node=\"9\" data-index-in-node=\"33\">\u22656<\/b>, pol\u0161t\u00e1\u0159e vykazuj\u00ed velmi vysokou st\u00e1lobarevnost. To znamen\u00e1, \u017ee materi\u00e1l \u00fa\u010dinn\u011b odol\u00e1v\u00e1 p\u016fsoben\u00ed slune\u010dn\u00edho z\u00e1\u0159en\u00ed, co\u017e je kl\u00ed\u010dov\u00e9 pro zachov\u00e1n\u00ed estetiky n\u00e1bytku um\u00edst\u011bn\u00e9ho na otev\u0159en\u00fdch teras\u00e1ch.<\/p>\n<p data-path-to-node=\"10\"><strong>3. Stabilita struktury a \u017e\u00e1dn\u00e9 \u017emolkov\u00e1n\u00ed<\/strong><\/p>\n<p data-path-to-node=\"11\">Materi\u00e1l m\u00e1 nejvy\u0161\u0161\u00ed odolnost proti \u017emolkov\u00e1n\u00ed a pilov\u00e1n\u00ed (<b data-path-to-node=\"11\" data-index-in-node=\"62\">stupe\u0148 4<\/b>. D\u00edky tomu povrch pol\u0161t\u00e1\u0159\u016f z\u016fst\u00e1v\u00e1 hladk\u00fd a estetick\u00fd, bez nevzhledn\u00fdch \u201edroblink\u016f\u201d vznikaj\u00edc\u00edch t\u0159en\u00edm. Nav\u00edc vysok\u00e1 pevnost v tahu a roztr\u017een\u00ed (a\u017e do <b data-path-to-node=\"11\" data-index-in-node=\"270\">800 N<\/b> na vl\u00e1kn\u011b) zaru\u010duje, \u017ee \u0161vy a opleten\u00ed z\u016fstanou neporu\u0161en\u00e9 pod vlivem zat\u00ed\u017een\u00ed.<\/p>\n<p data-path-to-node=\"17\">D\u00edky vysok\u00e9 odolnosti proti t\u0159en\u00ed za mokra i za sucha se pol\u0161t\u00e1\u0159e snadno udr\u017euj\u00ed a nevy\u017eaduj\u00ed slo\u017eitou p\u00e9\u010di. Jejich sv\u011btl\u00e9 barevn\u00e9 proveden\u00ed v kombinaci s hustou vazbou o gram\u00e1\u017ei <b data-path-to-node=\"17\" data-index-in-node=\"206\">380 g\/m\u00b2<\/b> vytv\u00e1\u0159\u00ed \u010dist\u00fd, technick\u00fd vzhled, kter\u00fd zd\u016fraz\u0148uje u\u0161lechtilou barvu d\u0159eva cacao v s\u00e9rii Cannes.<\/p>","protected":false},"excerpt":{"rendered":"<p>Zestaw mebli ogrodowych Cannes z drewna dla 4 os\u00f3b \u2013 sofa, 2 fotele i stolik z poduszkami, na taras i do ogrodu Wyobra\u017a sobie poranek, w kt\u00f3rym nie musisz si\u0119 spieszy\u0107. Kawa smakuje inaczej, gdy masz gdzie wygodnie usi\u0105\u015b\u0107. Problem w tym, \u017ce wi\u0119kszo\u015b\u0107 ogrod\u00f3w i taras\u00f3w nie daje prawdziwego komfortu \u2013 s\u0105 przypadkowe, niewygodne, [&hellip;]<\/p>\n","protected":false},"featured_media":4500,"template":"","meta":{"_acf_changed":false},"product_brand":[],"product_cat":[67,80],"product_tag":[],"class_list":{"0":"post-4320","1":"product","2":"type-product","3":"status-publish","4":"has-post-thumbnail","6":"product_cat-sofy-i-lawki","7":"product_cat-zestawy","9":"first","10":"onbackorder","11":"taxable","12":"shipping-taxable","13":"purchasable","14":"product-type-simple","15":"add-to-wishlist-after_add_to_cart"},"acf":[],"yoast_head":"<!-- This site is optimized with the Yoast SEO plugin v26.6 - https:\/\/yoast.com\/wordpress\/plugins\/seo\/ -->\n<title>Modu\u0142owy zestaw ogrodowy Cannes 2 fotele, sofa, stolik, z drewna, z poduszkami, na taras i do ogrodu - Siesta Garden<\/title>\n<meta name=\"robots\" content=\"index, follow, max-snippet:-1, max-image-preview:large, max-video-preview:-1\" \/>\n<link rel=\"canonical\" href=\"https:\/\/www.siestagarden.com\/cs\/produkt\/drewniany-zestaw-ogrodowy-cannes-z-litej-sosny-sofa-2-fotele-i-stolik\/\" \/>\n<meta property=\"og:locale\" content=\"cs_CZ\" \/>\n<meta property=\"og:type\" content=\"article\" \/>\n<meta property=\"og:title\" content=\"Modu\u0142owy zestaw ogrodowy Cannes 2 fotele, sofa, stolik, z drewna, z poduszkami, na taras i do ogrodu - Siesta Garden\" \/>\n<meta property=\"og:description\" content=\"Zestaw mebli ogrodowych Cannes z drewna dla 4 os\u00f3b \u2013 sofa, 2 fotele i stolik z poduszkami, na taras i do ogrodu Wyobra\u017a sobie poranek, w kt\u00f3rym nie musisz si\u0119 spieszy\u0107. Kawa smakuje inaczej, gdy masz gdzie wygodnie usi\u0105\u015b\u0107. Problem w tym, \u017ce wi\u0119kszo\u015b\u0107 ogrod\u00f3w i taras\u00f3w nie daje prawdziwego komfortu \u2013 s\u0105 przypadkowe, niewygodne, [&hellip;]\" \/>\n<meta property=\"og:url\" content=\"https:\/\/www.siestagarden.com\/cs\/produkt\/drewniany-zestaw-ogrodowy-cannes-z-litej-sosny-sofa-2-fotele-i-stolik\/\" \/>\n<meta property=\"og:site_name\" content=\"Siesta Garden\" \/>\n<meta property=\"article:modified_time\" content=\"2026-03-25T08:26:05+00:00\" \/>\n<meta property=\"og:image\" content=\"https:\/\/www.siestagarden.com\/wp-content\/uploads\/2026\/03\/Cannes-taras-1-724x1024.png\" \/>\n\t<meta property=\"og:image:width\" content=\"724\" \/>\n\t<meta property=\"og:image:height\" content=\"1024\" \/>\n\t<meta property=\"og:image:type\" content=\"image\/png\" \/>\n<meta name=\"twitter:card\" content=\"summary_large_image\" \/>\n<meta name=\"twitter:label1\" content=\"Odhadovan\u00e1 doba \u010dten\u00ed\" \/>\n\t<meta name=\"twitter:data1\" content=\"5 minut\" \/>\n<script type=\"application\/ld+json\" class=\"yoast-schema-graph\">{\"@context\":\"https:\/\/schema.org\",\"@graph\":[{\"@type\":\"WebPage\",\"@id\":\"https:\/\/www.siestagarden.com\/produkt\/drewniany-zestaw-ogrodowy-cannes-z-litej-sosny-sofa-2-fotele-i-stolik\/\",\"url\":\"https:\/\/www.siestagarden.com\/produkt\/drewniany-zestaw-ogrodowy-cannes-z-litej-sosny-sofa-2-fotele-i-stolik\/\",\"name\":\"Modu\u0142owy zestaw ogrodowy Cannes 2 fotele, sofa, stolik, z drewna, z poduszkami, na taras i do ogrodu - Siesta Garden\",\"isPartOf\":{\"@id\":\"https:\/\/www.siestagarden.com\/#website\"},\"primaryImageOfPage\":{\"@id\":\"https:\/\/www.siestagarden.com\/produkt\/drewniany-zestaw-ogrodowy-cannes-z-litej-sosny-sofa-2-fotele-i-stolik\/#primaryimage\"},\"image\":{\"@id\":\"https:\/\/www.siestagarden.com\/produkt\/drewniany-zestaw-ogrodowy-cannes-z-litej-sosny-sofa-2-fotele-i-stolik\/#primaryimage\"},\"thumbnailUrl\":\"https:\/\/www.siestagarden.com\/wp-content\/uploads\/2026\/03\/Cannes-taras-1.png\",\"datePublished\":\"2026-03-11T13:01:42+00:00\",\"dateModified\":\"2026-03-25T08:26:05+00:00\",\"breadcrumb\":{\"@id\":\"https:\/\/www.siestagarden.com\/produkt\/drewniany-zestaw-ogrodowy-cannes-z-litej-sosny-sofa-2-fotele-i-stolik\/#breadcrumb\"},\"inLanguage\":\"cs\",\"potentialAction\":[{\"@type\":\"ReadAction\",\"target\":[\"https:\/\/www.siestagarden.com\/produkt\/drewniany-zestaw-ogrodowy-cannes-z-litej-sosny-sofa-2-fotele-i-stolik\/\"]}]},{\"@type\":\"ImageObject\",\"inLanguage\":\"cs\",\"@id\":\"https:\/\/www.siestagarden.com\/produkt\/drewniany-zestaw-ogrodowy-cannes-z-litej-sosny-sofa-2-fotele-i-stolik\/#primaryimage\",\"url\":\"https:\/\/www.siestagarden.com\/wp-content\/uploads\/2026\/03\/Cannes-taras-1.png\",\"contentUrl\":\"https:\/\/www.siestagarden.com\/wp-content\/uploads\/2026\/03\/Cannes-taras-1.png\",\"width\":1414,\"height\":2000},{\"@type\":\"BreadcrumbList\",\"@id\":\"https:\/\/www.siestagarden.com\/produkt\/drewniany-zestaw-ogrodowy-cannes-z-litej-sosny-sofa-2-fotele-i-stolik\/#breadcrumb\",\"itemListElement\":[{\"@type\":\"ListItem\",\"position\":1,\"name\":\"Strona g\u0142\u00f3wna\",\"item\":\"https:\/\/www.siestagarden.com\/\"},{\"@type\":\"ListItem\",\"position\":2,\"name\":\"Sklep\",\"item\":\"https:\/\/www.siestagarden.com\/sklep\/\"},{\"@type\":\"ListItem\",\"position\":3,\"name\":\"Modu\u0142owy zestaw ogrodowy Cannes 2 fotele, sofa, stolik, z drewna, z poduszkami, na taras i do ogrodu\"}]},{\"@type\":\"WebSite\",\"@id\":\"https:\/\/www.siestagarden.com\/#website\",\"url\":\"https:\/\/www.siestagarden.com\/\",\"name\":\"Siesta Garden\",\"description\":\"Meble do Twojego ogrodu. Polski producent drewnianych mebli najwy\u017cszej jako\u015bci.\",\"potentialAction\":[{\"@type\":\"SearchAction\",\"target\":{\"@type\":\"EntryPoint\",\"urlTemplate\":\"https:\/\/www.siestagarden.com\/?s={search_term_string}\"},\"query-input\":{\"@type\":\"PropertyValueSpecification\",\"valueRequired\":true,\"valueName\":\"search_term_string\"}}],\"inLanguage\":\"cs\"}]}<\/script>\n<!-- \/ Yoast SEO plugin. -->","yoast_head_json":{"title":"Modu\u0142owy zestaw ogrodowy Cannes 2 fotele, sofa, stolik, z drewna, z poduszkami, na taras i do ogrodu - Siesta Garden","robots":{"index":"index","follow":"follow","max-snippet":"max-snippet:-1","max-image-preview":"max-image-preview:large","max-video-preview":"max-video-preview:-1"},"canonical":"https:\/\/www.siestagarden.com\/cs\/produkt\/drewniany-zestaw-ogrodowy-cannes-z-litej-sosny-sofa-2-fotele-i-stolik\/","og_locale":"cs_CZ","og_type":"article","og_title":"Modu\u0142owy zestaw ogrodowy Cannes 2 fotele, sofa, stolik, z drewna, z poduszkami, na taras i do ogrodu - Siesta Garden","og_description":"Zestaw mebli ogrodowych Cannes z drewna dla 4 os\u00f3b \u2013 sofa, 2 fotele i stolik z poduszkami, na taras i do ogrodu Wyobra\u017a sobie poranek, w kt\u00f3rym nie musisz si\u0119 spieszy\u0107. Kawa smakuje inaczej, gdy masz gdzie wygodnie usi\u0105\u015b\u0107. Problem w tym, \u017ce wi\u0119kszo\u015b\u0107 ogrod\u00f3w i taras\u00f3w nie daje prawdziwego komfortu \u2013 s\u0105 przypadkowe, niewygodne, [&hellip;]","og_url":"https:\/\/www.siestagarden.com\/cs\/produkt\/drewniany-zestaw-ogrodowy-cannes-z-litej-sosny-sofa-2-fotele-i-stolik\/","og_site_name":"Siesta Garden","article_modified_time":"2026-03-25T08:26:05+00:00","og_image":[{"width":724,"height":1024,"url":"https:\/\/www.siestagarden.com\/wp-content\/uploads\/2026\/03\/Cannes-taras-1-724x1024.png","type":"image\/png"}],"twitter_card":"summary_large_image","twitter_misc":{"Odhadovan\u00e1 doba \u010dten\u00ed":"5 minut"},"schema":{"@context":"https:\/\/schema.org","@graph":[{"@type":"WebPage","@id":"https:\/\/www.siestagarden.com\/produkt\/drewniany-zestaw-ogrodowy-cannes-z-litej-sosny-sofa-2-fotele-i-stolik\/","url":"https:\/\/www.siestagarden.com\/produkt\/drewniany-zestaw-ogrodowy-cannes-z-litej-sosny-sofa-2-fotele-i-stolik\/","name":"Modu\u0142owy zestaw ogrodowy Cannes 2 fotele, sofa, stolik, z drewna, z poduszkami, na taras i do ogrodu - Siesta Garden","isPartOf":{"@id":"https:\/\/www.siestagarden.com\/#website"},"primaryImageOfPage":{"@id":"https:\/\/www.siestagarden.com\/produkt\/drewniany-zestaw-ogrodowy-cannes-z-litej-sosny-sofa-2-fotele-i-stolik\/#primaryimage"},"image":{"@id":"https:\/\/www.siestagarden.com\/produkt\/drewniany-zestaw-ogrodowy-cannes-z-litej-sosny-sofa-2-fotele-i-stolik\/#primaryimage"},"thumbnailUrl":"https:\/\/www.siestagarden.com\/wp-content\/uploads\/2026\/03\/Cannes-taras-1.png","datePublished":"2026-03-11T13:01:42+00:00","dateModified":"2026-03-25T08:26:05+00:00","breadcrumb":{"@id":"https:\/\/www.siestagarden.com\/produkt\/drewniany-zestaw-ogrodowy-cannes-z-litej-sosny-sofa-2-fotele-i-stolik\/#breadcrumb"},"inLanguage":"cs","potentialAction":[{"@type":"ReadAction","target":["https:\/\/www.siestagarden.com\/produkt\/drewniany-zestaw-ogrodowy-cannes-z-litej-sosny-sofa-2-fotele-i-stolik\/"]}]},{"@type":"ImageObject","inLanguage":"cs","@id":"https:\/\/www.siestagarden.com\/produkt\/drewniany-zestaw-ogrodowy-cannes-z-litej-sosny-sofa-2-fotele-i-stolik\/#primaryimage","url":"https:\/\/www.siestagarden.com\/wp-content\/uploads\/2026\/03\/Cannes-taras-1.png","contentUrl":"https:\/\/www.siestagarden.com\/wp-content\/uploads\/2026\/03\/Cannes-taras-1.png","width":1414,"height":2000},{"@type":"BreadcrumbList","@id":"https:\/\/www.siestagarden.com\/produkt\/drewniany-zestaw-ogrodowy-cannes-z-litej-sosny-sofa-2-fotele-i-stolik\/#breadcrumb","itemListElement":[{"@type":"ListItem","position":1,"name":"Strona g\u0142\u00f3wna","item":"https:\/\/www.siestagarden.com\/"},{"@type":"ListItem","position":2,"name":"Sklep","item":"https:\/\/www.siestagarden.com\/sklep\/"},{"@type":"ListItem","position":3,"name":"Modu\u0142owy zestaw ogrodowy Cannes 2 fotele, sofa, stolik, z drewna, z poduszkami, na taras i do ogrodu"}]},{"@type":"WebSite","@id":"https:\/\/www.siestagarden.com\/#website","url":"https:\/\/www.siestagarden.com\/","name":"Siesta Garden","description":"N\u00e1bytek pro va\u0161i zahradu. Polsk\u00fd v\u00fdrobce d\u0159ev\u011bn\u00e9ho n\u00e1bytku nejvy\u0161\u0161\u00ed kvality.","potentialAction":[{"@type":"SearchAction","target":{"@type":"EntryPoint","urlTemplate":"https:\/\/www.siestagarden.com\/?s={search_term_string}"},"query-input":{"@type":"PropertyValueSpecification","valueRequired":true,"valueName":"search_term_string"}}],"inLanguage":"cs"}]}},"_links":{"self":[{"href":"https:\/\/www.siestagarden.com\/cs\/wp-json\/wp\/v2\/product\/4320","targetHints":{"allow":["GET"]}}],"collection":[{"href":"https:\/\/www.siestagarden.com\/cs\/wp-json\/wp\/v2\/product"}],"about":[{"href":"https:\/\/www.siestagarden.com\/cs\/wp-json\/wp\/v2\/types\/product"}],"wp:featuredmedia":[{"embeddable":true,"href":"https:\/\/www.siestagarden.com\/cs\/wp-json\/wp\/v2\/media\/4500"}],"wp:attachment":[{"href":"https:\/\/www.siestagarden.com\/cs\/wp-json\/wp\/v2\/media?parent=4320"}],"wp:term":[{"taxonomy":"product_brand","embeddable":true,"href":"https:\/\/www.siestagarden.com\/cs\/wp-json\/wp\/v2\/product_brand?post=4320"},{"taxonomy":"product_cat","embeddable":true,"href":"https:\/\/www.siestagarden.com\/cs\/wp-json\/wp\/v2\/product_cat?post=4320"},{"taxonomy":"product_tag","embeddable":true,"href":"https:\/\/www.siestagarden.com\/cs\/wp-json\/wp\/v2\/product_tag?post=4320"}],"curies":[{"name":"wp","href":"https:\/\/api.w.org\/{rel}","templated":true}]}}