{"id":4389,"date":"2026-03-20T12:16:27","date_gmt":"2026-03-20T11:16:27","guid":{"rendered":"https:\/\/www.siestagarden.com\/?post_type=product&#038;p=4389"},"modified":"2026-04-01T08:15:52","modified_gmt":"2026-04-01T06:15:52","slug":"drewniany-fotel-ogrodowy-cannes","status":"publish","type":"product","link":"https:\/\/www.siestagarden.com\/cs\/produkt\/drewniany-fotel-ogrodowy-cannes\/","title":{"rendered":"D\u0159ev\u011bn\u00e9 zahradn\u00ed k\u0159eslo Cannes"},"content":{"rendered":"<p data-path-to-node=\"2\"><strong>Fotel ogrodowy Cannes \u2013 komfort i solidno\u015b\u0107 litego drewna w kolorze kakao<\/strong><\/p>\n<p data-path-to-node=\"3\"><span data-path-to-node=\"3,1\"><span class=\"citation-722\">Wyobra\u017a sobie popo\u0142udnie, w kt\u00f3rym czas zwalnia bieg<\/span><\/span><span data-path-to-node=\"3,3\">. <\/span><span data-path-to-node=\"3,5\"><span class=\"citation-721\">Ulubiona kawa smakuje inaczej, gdy masz gdzie wygodnie usi\u0105\u015b\u0107 i poczu\u0107 prawdziw\u0105 stabilno\u015b\u0107<\/span><\/span><span data-path-to-node=\"3,7\">.<\/span><\/p>\n<p data-path-to-node=\"4\"><span data-path-to-node=\"4,1\"><span class=\"citation-720\">Problem w tym, \u017ce wiele mebli ogrodowych jest lekkich i niestabilnych \u2013 poddaj\u0105 si\u0119 podmuchom wiatru i nie daj\u0105 poczucia bezpiecze\u0144stwa<\/span><\/span><span data-path-to-node=\"4,3\">. <\/span><span data-path-to-node=\"4,5\"><span class=\"citation-719\">Brakuje w nich masywno\u015bci, kt\u00f3ra sprawia, \u017ce strefa relaksu staje si\u0119 sta\u0142ym, pewnym punktem Twojego ogrodu<\/span><\/span><span data-path-to-node=\"4,7\">.<\/span><\/p>\n<p data-path-to-node=\"5\">\n<p data-path-to-node=\"6\"><span data-path-to-node=\"6,0\"><b data-path-to-node=\"6,0\" data-index-in-node=\"0\"><span class=\"citation-718\">Rozwi\u0105zanie: niezale\u017cny modu\u0142 wypoczynkowy Cannes<\/span><\/b> <\/span><\/p>\n<div class=\"source-inline-chip-container ng-star-inserted\"><\/div>\n<p data-path-to-node=\"7\"><span data-path-to-node=\"7,1\"><span class=\"citation-717\">Fotel Cannes zosta\u0142 zaprojektowany jako solidny, samodzielny element, kt\u00f3ry wnosi rzemie\u015blnicz\u0105 jako\u015b\u0107 do Twojej przestrzeni<\/span><\/span><span data-path-to-node=\"7,3\">. <\/span><span data-path-to-node=\"7,5\"><span class=\"citation-716\">Wykonany w ca\u0142o\u015bci z litej sosny, stanowi fundament strefy wypoczynku \u2013 miejsca, w kt\u00f3rym naprawd\u0119 odpoczywasz<\/span><\/span><span data-path-to-node=\"7,7\">. To gotowa przestrze\u0144 do:<\/span><\/p>\n<div class=\"source-inline-chip-container ng-star-inserted\"><\/div>\n<ul data-path-to-node=\"8\">\n<li>\n<p data-path-to-node=\"8,0,0\"><span data-path-to-node=\"8,0,0,1\"><span class=\"citation-715\">spokojnych chwil z ksi\u0105\u017ck\u0105<\/span><\/span><span data-path-to-node=\"8,0,0,3\">,<\/span><\/p>\n<\/li>\n<li>\n<p data-path-to-node=\"8,1,0\"><span data-path-to-node=\"8,1,0,1\"><span class=\"citation-714\">d\u0142ugich rozm\u00f3w przy kawie<\/span><\/span><span data-path-to-node=\"8,1,0,3\">,<\/span><\/p>\n<\/li>\n<li>\n<p data-path-to-node=\"8,2,0\"><span data-path-to-node=\"8,2,0,1\"><span class=\"citation-713\">elastycznego aran\u017cowania tarasu wed\u0142ug w\u0142asnych potrzeb<\/span><\/span><span data-path-to-node=\"8,2,0,3\">.<\/span><\/p>\n<div class=\"source-inline-chip-container ng-star-inserted\"><\/div>\n<\/li>\n<\/ul>\n<p>&nbsp;<\/p>\n<p data-path-to-node=\"10\"><strong>Co zyskujesz \u2013 realne korzy\u015bci<\/strong><\/p>\n<ul data-path-to-node=\"11\">\n<li>\n<p data-path-to-node=\"11,0,0\"><b data-path-to-node=\"11,0,0\" data-index-in-node=\"0\">Wyj\u0105tkow\u0105 stabilno\u015b\u0107:<\/b> Masywne profile z litego drewna sprawiaj\u0105, \u017ce fotel ma odpowiedni ci\u0119\u017car i nie poddaje si\u0119 podmuchom wiatru.<\/p>\n<\/li>\n<li>\n<p data-path-to-node=\"11,1,1\"><span data-path-to-node=\"11,1,1,0\"><b data-path-to-node=\"11,1,1,0\" data-index-in-node=\"0\"><span class=\"citation-712\">Trwa\u0142o\u015b\u0107 na lata:<\/span><\/b><span class=\"citation-712\"> Solidna konstrukcja z litej sosny gwarantuje odporno\u015b\u0107 na intensywne, codzienne u\u017cytkowanie<\/span><\/span><span class=\"button-label gds-label-m hide-from-message-actions ng-star-inserted\">.<\/span><\/p>\n<\/li>\n<li>\n<p data-path-to-node=\"11,2,0\"><b data-path-to-node=\"11,2,0\" data-index-in-node=\"0\">Nowoczesn\u0105 estetyk\u0119:<\/b> G\u0142\u0119boki kolor kakao nadaje meblowi zdecydowany charakter, jednocze\u015bnie w pe\u0142ni eksponuj\u0105c naturalny rysunek s\u0142oj\u00f3w.<\/p>\n<\/li>\n<li>\n<p data-path-to-node=\"11,3,1\"><span data-path-to-node=\"11,3,1,0\"><b data-path-to-node=\"11,3,1,0\" data-index-in-node=\"0\"><span class=\"citation-711\">Pe\u0142n\u0105 modu\u0142owo\u015b\u0107:<\/span><\/b><span class=\"citation-711\"> Fotel idealnie komponuje si\u0119 z sof\u0105 i stolikiem z serii Cannes, pozwalaj\u0105c na tworzenie sp\u00f3jnych wizualnie uk\u0142ad\u00f3w<\/span><\/span><span data-path-to-node=\"11,3,1,2\">.<\/span><\/p>\n<\/li>\n<li>\n<p data-path-to-node=\"11,4,1\"><span data-path-to-node=\"11,4,1,0\"><b data-path-to-node=\"11,4,1,0\" data-index-in-node=\"0\"><span class=\"citation-710\">Indywidualny komfort:<\/span><\/b><span class=\"citation-710\"> Szerokie siedzisko i ergonomiczne oparcie daj\u0105 Ci swobod\u0119 w doborze w\u0142asnych tekstyli\u00f3w<\/span><\/span><span data-path-to-node=\"11,4,1,2\">.<\/span><\/p>\n<\/li>\n<\/ul>\n<p>&nbsp;<\/p>\n<p>&nbsp;<\/p>\n<p data-path-to-node=\"13\"><strong>To wi\u0119cej ni\u017c mebel \u2013 to fundament Twojego odpoczynku. To miejsce, w kt\u00f3rym:<\/strong><\/p>\n<ul data-path-to-node=\"14\">\n<li>\n<p data-path-to-node=\"14,0,0\"><span data-path-to-node=\"14,0,0,1\"><span class=\"citation-709\">czujesz solidno\u015b\u0107 naturalnego materia\u0142u pod r\u0119k\u0105<\/span><\/span><span data-path-to-node=\"14,0,0,3\">,<\/span><\/p>\n<\/li>\n<li>\n<p data-path-to-node=\"14,1,0\"><span data-path-to-node=\"14,1,0,1\"><span class=\"citation-708\">tworzysz autentyczny klimat, kt\u00f3ry nie poddaje si\u0119 sezonowym modom<\/span><\/span><span data-path-to-node=\"14,1,0,3\">,<\/span><\/p>\n<\/li>\n<li>\n<p data-path-to-node=\"14,2,0\"><span data-path-to-node=\"14,2,0,1\"><span class=\"citation-707\">odnajdujesz spok\u00f3j dzi\u0119ki harmonii z natur\u0105<\/span><\/span><span data-path-to-node=\"14,2,0,3\">.<\/span><\/p>\n<div class=\"source-inline-chip-container ng-star-inserted\"><\/div>\n<\/li>\n<\/ul>\n<p>&nbsp;<\/p>\n<p>&nbsp;<\/p>\n<p data-path-to-node=\"16\"><strong>Opis produktu<\/strong><\/p>\n<p data-path-to-node=\"17\"><span data-path-to-node=\"17,1\"><span class=\"citation-706\">Fotel ogrodowy <\/span><b data-path-to-node=\"17,1\" data-index-in-node=\"15\"><span class=\"citation-706\">Cannes<\/span><\/b><span class=\"citation-706\"> wykonany jest z litego drewna sosnowego, co zapewnia mu nie tylko naturalny wygl\u0105d, ale przede wszystkim niezwyk\u0142\u0105 trwa\u0142o\u015b\u0107 i stabilno\u015b\u0107<\/span><\/span><span data-path-to-node=\"17,3\">. Zastosowana technika barwienia w kolorze kakao wnikliwie zabezpiecza struktur\u0119 drewna.<\/span><\/p>\n<div class=\"source-inline-chip-container ng-star-inserted\"><\/div>\n<p data-path-to-node=\"18\"><b data-path-to-node=\"18\" data-index-in-node=\"0\">Wymiary i detale:<\/b><\/p>\n<ul data-path-to-node=\"19\">\n<li>\n<p data-path-to-node=\"19,0,1\"><span data-path-to-node=\"19,0,1,0\"><b data-path-to-node=\"19,0,1,0\" data-index-in-node=\"0\"><span class=\"citation-705\">Wymiary fotela:<\/span><\/b><span class=\"citation-705\"> 70 x 71 x 77 cm<\/span><\/span><span data-path-to-node=\"19,0,1,2\">.<\/span><\/p>\n<\/li>\n<li>\n<p data-path-to-node=\"19,1,1\"><span data-path-to-node=\"19,1,1,0\"><b data-path-to-node=\"19,1,1,0\" data-index-in-node=\"0\"><span class=\"citation-704\">Materi\u00e1l:<\/span><\/b><span class=\"citation-704\"> lite drewno skandynawskie z certyfikatem FSC lub PEFC<\/span><\/span><span data-path-to-node=\"19,1,1,2\">.<\/span><\/p>\n<\/li>\n<li>\n<p data-path-to-node=\"19,2,1\"><span data-path-to-node=\"19,2,1,0\"><b data-path-to-node=\"19,2,1,0\" data-index-in-node=\"0\"><span class=\"citation-703\">Wyko\u0144czenie:<\/span><\/b><span class=\"citation-703\">\u00a0 kakao<\/span><\/span><span data-path-to-node=\"19,2,1,2\">.<\/span><\/p>\n<div class=\"source-inline-chip-container ng-star-inserted\"><\/div>\n<\/li>\n<\/ul>\n<p data-path-to-node=\"20\"><span data-path-to-node=\"20,1\"><span class=\"citation-702\">Fotel mo\u017ce funkcjonowa\u0107 jako niezale\u017cne siedzisko lub sta\u0107 si\u0119 cz\u0119\u015bci\u0105 rozbudowanej strefy relaksu wraz z innymi meblami z kolekcji Cannes<\/span><\/span><span data-path-to-node=\"20,3\">.<\/span><\/p>\n<div class=\"source-inline-chip-container ng-star-inserted\"><\/div>\n<div><\/div>\n<div><\/div>\n<p data-path-to-node=\"21\"><strong>Dlaczego warto wybra\u0107 fotel Cannes?<\/strong><\/p>\n<ul data-path-to-node=\"22\">\n<li>\n<p data-path-to-node=\"22,0,1\"><span data-path-to-node=\"22,0,1,0\"><b data-path-to-node=\"22,0,1,0\" data-index-in-node=\"0\"><span class=\"citation-701\">Inwestujesz w rzemie\u015blnicz\u0105 jako\u015b\u0107<\/span><\/b><span class=\"citation-701\"> \u2013 lite drewno zamiast nietrwa\u0142ych, sezonowych rozwi\u0105za\u0144<\/span><\/span><span data-path-to-node=\"22,0,1,2\">.<\/span><\/p>\n<\/li>\n<li>\n<p data-path-to-node=\"22,1,1\"><span data-path-to-node=\"22,1,1,0\"><b data-path-to-node=\"22,1,1,0\" data-index-in-node=\"0\"><span class=\"citation-700\">Zyskujesz mebel odporny na wiatr<\/span><\/b><span class=\"citation-700\"> \u2013 odpowiedni ci\u0119\u017car sprawia, \u017ce fotel jest idealny do otwartych przestrzeni<\/span><\/span><span data-path-to-node=\"22,1,1,2\">.<\/span><\/p>\n<\/li>\n<li>\n<p data-path-to-node=\"22,2,1\"><span data-path-to-node=\"22,2,1,0\"><b data-path-to-node=\"22,2,1,0\" data-index-in-node=\"0\"><span class=\"citation-699\">Cieszysz si\u0119 unikalno\u015bci\u0105<\/span><\/b><span class=\"citation-699\"> \u2013 ka\u017cdy egzemplarz posiada w\u0142asny, niepowtarzalny uk\u0142ad linii drewna<\/span><\/span><span data-path-to-node=\"22,2,1,2\">.<\/span><\/p>\n<\/li>\n<li>\n<p data-path-to-node=\"22,3,1\"><span data-path-to-node=\"22,3,1,0\"><b data-path-to-node=\"22,3,1,0\" data-index-in-node=\"0\"><span class=\"citation-698\">Wybierasz produkt zr\u00f3wnowa\u017cony<\/span><\/b><span class=\"citation-698\"> \u2013 drewno pochodzi z las\u00f3w zarz\u0105dzanych w spos\u00f3b etyczny<\/span><\/span><span data-path-to-node=\"22,3,1,2\">.<\/span><\/p>\n<\/li>\n<li>\n<p data-path-to-node=\"22,4,1\"><span data-path-to-node=\"22,4,1,0\"><b data-path-to-node=\"22,4,1,0\" data-index-in-node=\"0\"><span class=\"citation-697\">Stawiasz na gotowe rozwi\u0105zanie<\/span><\/b><span class=\"citation-697\"> \u2013 produkt jest zaimpregnowany bezpiecznymi \u015brodkami wodnymi i gotowy do monta\u017cu<\/span><\/span><span data-path-to-node=\"22,4,1,2\">.<\/span><\/p>\n<div class=\"source-inline-chip-container ng-star-inserted\"><\/div>\n<\/li>\n<\/ul>\n<p>&nbsp;<\/p>\n<p><strong>Dane techniczne<\/strong><\/p>\n<ul>\n<li>konstrukcja mebli wykonana z drewna skandynawskiego (PEFC lub FSC)<\/li>\n<li>impregnacja na bazie impregnat\u00f3w wodnych (bez szkodliwych substancji &#8211; chrom i bor)<\/li>\n<li>monta\u017c: zgodnie z do\u0142\u0105czona instrukcj\u0105 monta\u017cu<\/li>\n<li>gwarancja producenta (24 miesi\u0105ce)<\/li>\n<li>tkaniny obiciowe: wysokogatunkowy materia\u0142 outdoorowy<\/li>\n<li>wype\u0142nienie poduszek: pianka wysokoelastyczna<\/li>\n<\/ul>\n<p>&nbsp;<\/p>\n<p data-path-to-node=\"2\"><strong>Pol\u0161t\u00e1\u0159e Premium Cannes: Technologie a Trvanlivost<\/strong><\/p>\n<p data-path-to-node=\"3\">Dopln\u011bn\u00edm kolekce Cannes jsou speci\u00e1ln\u00ed pol\u0161t\u00e1\u0159e, kter\u00e9 kombinuj\u00ed minimalistickou estetiku s pokro\u010dil\u00fdmi technick\u00fdmi parametry. Byly navr\u017eeny tak, aby vydr\u017eely intenzivn\u00ed venkovn\u00ed pou\u017eit\u00ed, p\u0159i\u010dem\u017e si zachov\u00e1vaj\u00ed sv\u016fj tvar a vlastnosti po mnoho sez\u00f3n.<\/p>\n<p data-path-to-node=\"5\"><strong>Pro\u010d jsou tyto pol\u0161t\u00e1\u0159e v\u00fdjime\u010dn\u00e9 kvalitou?<\/strong><\/p>\n<p data-path-to-node=\"6\">1<strong>. Wyj\u0105tkowa odporno\u015b\u0107 na \u015bcieranie<\/strong><\/p>\n<p data-path-to-node=\"7\">Tkanina pro\u0161la testem <b data-path-to-node=\"7\" data-index-in-node=\"22\">60 000 cykl\u016f Martindale<\/b>. Ve standardech pro dom\u00e1cnosti je ji\u017e 20-30 tis\u00edc cykl\u016f pova\u017eov\u00e1no za velmi odoln\u00fd materi\u00e1l. V\u00fdsledek 60 000 znamen\u00e1, \u017ee materi\u00e1l je p\u0159ipraven na extr\u00e9mn\u011b \u010dast\u00e9 pou\u017e\u00edv\u00e1n\u00ed a je prakticky nezni\u010diteln\u00fd v norm\u00e1ln\u00edch podm\u00ednk\u00e1ch terasy.<\/p>\n<p data-path-to-node=\"8\"><strong>2. Odolnost proti blednut\u00ed a sv\u011bteln\u00fdm podm\u00ednk\u00e1m<\/strong><\/p>\n<p data-path-to-node=\"9\">S v\u00fdsledkem odolnosti v\u016f\u010di sv\u011btlu <b data-path-to-node=\"9\" data-index-in-node=\"33\">\u22656<\/b>, pol\u0161t\u00e1\u0159e vykazuj\u00ed velmi vysokou st\u00e1lobarevnost. To znamen\u00e1, \u017ee materi\u00e1l \u00fa\u010dinn\u011b odol\u00e1v\u00e1 p\u016fsoben\u00ed slune\u010dn\u00edho z\u00e1\u0159en\u00ed, co\u017e je kl\u00ed\u010dov\u00e9 pro zachov\u00e1n\u00ed estetiky n\u00e1bytku um\u00edst\u011bn\u00e9ho na otev\u0159en\u00fdch teras\u00e1ch.<\/p>\n<p data-path-to-node=\"10\"><strong>3. Stabilita struktury a \u017e\u00e1dn\u00e9 \u017emolkov\u00e1n\u00ed<\/strong><\/p>\n<p data-path-to-node=\"11\">Materi\u00e1l m\u00e1 nejvy\u0161\u0161\u00ed odolnost proti \u017emolkov\u00e1n\u00ed a pilov\u00e1n\u00ed (<b data-path-to-node=\"11\" data-index-in-node=\"62\">stupe\u0148 4<\/b>. D\u00edky tomu povrch pol\u0161t\u00e1\u0159\u016f z\u016fst\u00e1v\u00e1 hladk\u00fd a estetick\u00fd, bez nevzhledn\u00fdch \u201edroblink\u016f\u201d vznikaj\u00edc\u00edch t\u0159en\u00edm. Nav\u00edc vysok\u00e1 pevnost v tahu a roztr\u017een\u00ed (a\u017e do <b data-path-to-node=\"11\" data-index-in-node=\"270\">800 N<\/b> na vl\u00e1kn\u011b) zaru\u010duje, \u017ee \u0161vy a opleten\u00ed z\u016fstanou neporu\u0161en\u00e9 pod vlivem zat\u00ed\u017een\u00ed.<\/p>\n<p data-path-to-node=\"17\">D\u00edky vysok\u00e9 odolnosti proti t\u0159en\u00ed za mokra i za sucha se pol\u0161t\u00e1\u0159e snadno udr\u017euj\u00ed a nevy\u017eaduj\u00ed slo\u017eitou p\u00e9\u010di. Jejich sv\u011btl\u00e9 barevn\u00e9 proveden\u00ed v kombinaci s hustou vazbou o gram\u00e1\u017ei <b data-path-to-node=\"17\" data-index-in-node=\"206\">380 g\/m\u00b2<\/b> vytv\u00e1\u0159\u00ed \u010dist\u00fd, technick\u00fd vzhled, kter\u00fd zd\u016fraz\u0148uje u\u0161lechtilou barvu d\u0159eva cacao v s\u00e9rii Cannes.<\/p>\n<div class=\"source-inline-chip-container ng-star-inserted\"><\/div>","protected":false},"excerpt":{"rendered":"<p>Fotel ogrodowy Cannes \u2013 komfort i solidno\u015b\u0107 litego drewna w kolorze kakao Wyobra\u017a sobie popo\u0142udnie, w kt\u00f3rym czas zwalnia bieg. Ulubiona kawa smakuje inaczej, gdy masz gdzie wygodnie usi\u0105\u015b\u0107 i poczu\u0107 prawdziw\u0105 stabilno\u015b\u0107. Problem w tym, \u017ce wiele mebli ogrodowych jest lekkich i niestabilnych \u2013 poddaj\u0105 si\u0119 podmuchom wiatru i nie daj\u0105 poczucia bezpiecze\u0144stwa. Brakuje [&hellip;]<\/p>\n","protected":false},"featured_media":4396,"template":"","meta":{"_acf_changed":false},"product_brand":[],"product_cat":[68],"product_tag":[],"class_list":{"0":"post-4389","1":"product","2":"type-product","3":"status-publish","4":"has-post-thumbnail","6":"product_cat-fotele-i-krzesla","7":"product_shipping_class-podstawowa","9":"first","10":"onbackorder","11":"taxable","12":"shipping-taxable","13":"purchasable","14":"product-type-simple","15":"add-to-wishlist-after_add_to_cart"},"acf":[],"yoast_head":"<!-- This site is optimized with the Yoast SEO plugin v26.6 - https:\/\/yoast.com\/wordpress\/plugins\/seo\/ -->\n<title>Drewniany fotel ogrodowy Cannes - Siesta Garden<\/title>\n<meta name=\"robots\" content=\"index, follow, max-snippet:-1, max-image-preview:large, max-video-preview:-1\" \/>\n<link rel=\"canonical\" href=\"https:\/\/www.siestagarden.com\/cs\/produkt\/drewniany-fotel-ogrodowy-cannes\/\" \/>\n<meta property=\"og:locale\" content=\"cs_CZ\" \/>\n<meta property=\"og:type\" content=\"article\" \/>\n<meta property=\"og:title\" content=\"Drewniany fotel ogrodowy Cannes - Siesta Garden\" \/>\n<meta property=\"og:description\" content=\"Fotel ogrodowy Cannes \u2013 komfort i solidno\u015b\u0107 litego drewna w kolorze kakao Wyobra\u017a sobie popo\u0142udnie, w kt\u00f3rym czas zwalnia bieg. Ulubiona kawa smakuje inaczej, gdy masz gdzie wygodnie usi\u0105\u015b\u0107 i poczu\u0107 prawdziw\u0105 stabilno\u015b\u0107. Problem w tym, \u017ce wiele mebli ogrodowych jest lekkich i niestabilnych \u2013 poddaj\u0105 si\u0119 podmuchom wiatru i nie daj\u0105 poczucia bezpiecze\u0144stwa. Brakuje [&hellip;]\" \/>\n<meta property=\"og:url\" content=\"https:\/\/www.siestagarden.com\/cs\/produkt\/drewniany-fotel-ogrodowy-cannes\/\" \/>\n<meta property=\"og:site_name\" content=\"Siesta Garden\" \/>\n<meta property=\"article:modified_time\" content=\"2026-04-01T06:15:52+00:00\" \/>\n<meta property=\"og:image\" content=\"https:\/\/www.siestagarden.com\/wp-content\/uploads\/2026\/03\/Gemini_Generated_Image_tim0o1tim0o1tim0-e1773822810471-932x1024.png\" \/>\n\t<meta property=\"og:image:width\" content=\"932\" \/>\n\t<meta property=\"og:image:height\" content=\"1024\" \/>\n\t<meta property=\"og:image:type\" content=\"image\/png\" \/>\n<meta name=\"twitter:card\" content=\"summary_large_image\" \/>\n<meta name=\"twitter:label1\" content=\"Odhadovan\u00e1 doba \u010dten\u00ed\" \/>\n\t<meta name=\"twitter:data1\" content=\"5 minut\" \/>\n<script type=\"application\/ld+json\" class=\"yoast-schema-graph\">{\"@context\":\"https:\/\/schema.org\",\"@graph\":[{\"@type\":\"WebPage\",\"@id\":\"https:\/\/www.siestagarden.com\/produkt\/drewniany-fotel-ogrodowy-cannes\/\",\"url\":\"https:\/\/www.siestagarden.com\/produkt\/drewniany-fotel-ogrodowy-cannes\/\",\"name\":\"Drewniany fotel ogrodowy Cannes - Siesta Garden\",\"isPartOf\":{\"@id\":\"https:\/\/www.siestagarden.com\/#website\"},\"primaryImageOfPage\":{\"@id\":\"https:\/\/www.siestagarden.com\/produkt\/drewniany-fotel-ogrodowy-cannes\/#primaryimage\"},\"image\":{\"@id\":\"https:\/\/www.siestagarden.com\/produkt\/drewniany-fotel-ogrodowy-cannes\/#primaryimage\"},\"thumbnailUrl\":\"https:\/\/www.siestagarden.com\/wp-content\/uploads\/2026\/03\/Gemini_Generated_Image_tim0o1tim0o1tim0-e1773822810471.png\",\"datePublished\":\"2026-03-20T11:16:27+00:00\",\"dateModified\":\"2026-04-01T06:15:52+00:00\",\"breadcrumb\":{\"@id\":\"https:\/\/www.siestagarden.com\/produkt\/drewniany-fotel-ogrodowy-cannes\/#breadcrumb\"},\"inLanguage\":\"cs\",\"potentialAction\":[{\"@type\":\"ReadAction\",\"target\":[\"https:\/\/www.siestagarden.com\/produkt\/drewniany-fotel-ogrodowy-cannes\/\"]}]},{\"@type\":\"ImageObject\",\"inLanguage\":\"cs\",\"@id\":\"https:\/\/www.siestagarden.com\/produkt\/drewniany-fotel-ogrodowy-cannes\/#primaryimage\",\"url\":\"https:\/\/www.siestagarden.com\/wp-content\/uploads\/2026\/03\/Gemini_Generated_Image_tim0o1tim0o1tim0-e1773822810471.png\",\"contentUrl\":\"https:\/\/www.siestagarden.com\/wp-content\/uploads\/2026\/03\/Gemini_Generated_Image_tim0o1tim0o1tim0-e1773822810471.png\",\"width\":1792,\"height\":1968},{\"@type\":\"BreadcrumbList\",\"@id\":\"https:\/\/www.siestagarden.com\/produkt\/drewniany-fotel-ogrodowy-cannes\/#breadcrumb\",\"itemListElement\":[{\"@type\":\"ListItem\",\"position\":1,\"name\":\"Strona g\u0142\u00f3wna\",\"item\":\"https:\/\/www.siestagarden.com\/\"},{\"@type\":\"ListItem\",\"position\":2,\"name\":\"Sklep\",\"item\":\"https:\/\/www.siestagarden.com\/sklep\/\"},{\"@type\":\"ListItem\",\"position\":3,\"name\":\"Drewniany fotel ogrodowy Cannes\"}]},{\"@type\":\"WebSite\",\"@id\":\"https:\/\/www.siestagarden.com\/#website\",\"url\":\"https:\/\/www.siestagarden.com\/\",\"name\":\"Siesta Garden\",\"description\":\"Meble do Twojego ogrodu. Polski producent drewnianych mebli najwy\u017cszej jako\u015bci.\",\"potentialAction\":[{\"@type\":\"SearchAction\",\"target\":{\"@type\":\"EntryPoint\",\"urlTemplate\":\"https:\/\/www.siestagarden.com\/?s={search_term_string}\"},\"query-input\":{\"@type\":\"PropertyValueSpecification\",\"valueRequired\":true,\"valueName\":\"search_term_string\"}}],\"inLanguage\":\"cs\"}]}<\/script>\n<!-- \/ Yoast SEO plugin. -->","yoast_head_json":{"title":"Drewniany fotel ogrodowy Cannes - Siesta Garden","robots":{"index":"index","follow":"follow","max-snippet":"max-snippet:-1","max-image-preview":"max-image-preview:large","max-video-preview":"max-video-preview:-1"},"canonical":"https:\/\/www.siestagarden.com\/cs\/produkt\/drewniany-fotel-ogrodowy-cannes\/","og_locale":"cs_CZ","og_type":"article","og_title":"Drewniany fotel ogrodowy Cannes - Siesta Garden","og_description":"Fotel ogrodowy Cannes \u2013 komfort i solidno\u015b\u0107 litego drewna w kolorze kakao Wyobra\u017a sobie popo\u0142udnie, w kt\u00f3rym czas zwalnia bieg. Ulubiona kawa smakuje inaczej, gdy masz gdzie wygodnie usi\u0105\u015b\u0107 i poczu\u0107 prawdziw\u0105 stabilno\u015b\u0107. Problem w tym, \u017ce wiele mebli ogrodowych jest lekkich i niestabilnych \u2013 poddaj\u0105 si\u0119 podmuchom wiatru i nie daj\u0105 poczucia bezpiecze\u0144stwa. Brakuje [&hellip;]","og_url":"https:\/\/www.siestagarden.com\/cs\/produkt\/drewniany-fotel-ogrodowy-cannes\/","og_site_name":"Siesta Garden","article_modified_time":"2026-04-01T06:15:52+00:00","og_image":[{"width":932,"height":1024,"url":"https:\/\/www.siestagarden.com\/wp-content\/uploads\/2026\/03\/Gemini_Generated_Image_tim0o1tim0o1tim0-e1773822810471-932x1024.png","type":"image\/png"}],"twitter_card":"summary_large_image","twitter_misc":{"Odhadovan\u00e1 doba \u010dten\u00ed":"5 minut"},"schema":{"@context":"https:\/\/schema.org","@graph":[{"@type":"WebPage","@id":"https:\/\/www.siestagarden.com\/produkt\/drewniany-fotel-ogrodowy-cannes\/","url":"https:\/\/www.siestagarden.com\/produkt\/drewniany-fotel-ogrodowy-cannes\/","name":"Drewniany fotel ogrodowy Cannes - Siesta Garden","isPartOf":{"@id":"https:\/\/www.siestagarden.com\/#website"},"primaryImageOfPage":{"@id":"https:\/\/www.siestagarden.com\/produkt\/drewniany-fotel-ogrodowy-cannes\/#primaryimage"},"image":{"@id":"https:\/\/www.siestagarden.com\/produkt\/drewniany-fotel-ogrodowy-cannes\/#primaryimage"},"thumbnailUrl":"https:\/\/www.siestagarden.com\/wp-content\/uploads\/2026\/03\/Gemini_Generated_Image_tim0o1tim0o1tim0-e1773822810471.png","datePublished":"2026-03-20T11:16:27+00:00","dateModified":"2026-04-01T06:15:52+00:00","breadcrumb":{"@id":"https:\/\/www.siestagarden.com\/produkt\/drewniany-fotel-ogrodowy-cannes\/#breadcrumb"},"inLanguage":"cs","potentialAction":[{"@type":"ReadAction","target":["https:\/\/www.siestagarden.com\/produkt\/drewniany-fotel-ogrodowy-cannes\/"]}]},{"@type":"ImageObject","inLanguage":"cs","@id":"https:\/\/www.siestagarden.com\/produkt\/drewniany-fotel-ogrodowy-cannes\/#primaryimage","url":"https:\/\/www.siestagarden.com\/wp-content\/uploads\/2026\/03\/Gemini_Generated_Image_tim0o1tim0o1tim0-e1773822810471.png","contentUrl":"https:\/\/www.siestagarden.com\/wp-content\/uploads\/2026\/03\/Gemini_Generated_Image_tim0o1tim0o1tim0-e1773822810471.png","width":1792,"height":1968},{"@type":"BreadcrumbList","@id":"https:\/\/www.siestagarden.com\/produkt\/drewniany-fotel-ogrodowy-cannes\/#breadcrumb","itemListElement":[{"@type":"ListItem","position":1,"name":"Strona g\u0142\u00f3wna","item":"https:\/\/www.siestagarden.com\/"},{"@type":"ListItem","position":2,"name":"Sklep","item":"https:\/\/www.siestagarden.com\/sklep\/"},{"@type":"ListItem","position":3,"name":"Drewniany fotel ogrodowy Cannes"}]},{"@type":"WebSite","@id":"https:\/\/www.siestagarden.com\/#website","url":"https:\/\/www.siestagarden.com\/","name":"Siesta Garden","description":"N\u00e1bytek pro va\u0161i zahradu. Polsk\u00fd v\u00fdrobce d\u0159ev\u011bn\u00e9ho n\u00e1bytku nejvy\u0161\u0161\u00ed kvality.","potentialAction":[{"@type":"SearchAction","target":{"@type":"EntryPoint","urlTemplate":"https:\/\/www.siestagarden.com\/?s={search_term_string}"},"query-input":{"@type":"PropertyValueSpecification","valueRequired":true,"valueName":"search_term_string"}}],"inLanguage":"cs"}]}},"_links":{"self":[{"href":"https:\/\/www.siestagarden.com\/cs\/wp-json\/wp\/v2\/product\/4389","targetHints":{"allow":["GET"]}}],"collection":[{"href":"https:\/\/www.siestagarden.com\/cs\/wp-json\/wp\/v2\/product"}],"about":[{"href":"https:\/\/www.siestagarden.com\/cs\/wp-json\/wp\/v2\/types\/product"}],"wp:featuredmedia":[{"embeddable":true,"href":"https:\/\/www.siestagarden.com\/cs\/wp-json\/wp\/v2\/media\/4396"}],"wp:attachment":[{"href":"https:\/\/www.siestagarden.com\/cs\/wp-json\/wp\/v2\/media?parent=4389"}],"wp:term":[{"taxonomy":"product_brand","embeddable":true,"href":"https:\/\/www.siestagarden.com\/cs\/wp-json\/wp\/v2\/product_brand?post=4389"},{"taxonomy":"product_cat","embeddable":true,"href":"https:\/\/www.siestagarden.com\/cs\/wp-json\/wp\/v2\/product_cat?post=4389"},{"taxonomy":"product_tag","embeddable":true,"href":"https:\/\/www.siestagarden.com\/cs\/wp-json\/wp\/v2\/product_tag?post=4389"}],"curies":[{"name":"wp","href":"https:\/\/api.w.org\/{rel}","templated":true}]}}