{"id":4575,"date":"2026-04-07T13:09:48","date_gmt":"2026-04-07T11:09:48","guid":{"rendered":"https:\/\/www.siestagarden.com\/?post_type=product&#038;p=4575"},"modified":"2026-04-09T10:55:24","modified_gmt":"2026-04-09T08:55:24","slug":"olej-lniany-do-drewna-tradycyjna-ochrona-i-wydobycie-glebi-slojow","status":"publish","type":"product","link":"https:\/\/www.siestagarden.com\/cs\/produkt\/olej-lniany-do-drewna-tradycyjna-ochrona-i-wydobycie-glebi-slojow\/","title":{"rendered":"Olej Lniany do Drewna \u2013 Tradycyjna Ochrona i Wydobycie G\u0142\u0119bi S\u0142oj\u00f3w"},"content":{"rendered":"<p data-path-to-node=\"0\"><strong>Olej lniany \u2013 naturalny impregnat do drewna, tradycyjna ochrona w czystej postaci<\/strong><\/p>\n<p data-path-to-node=\"1\">Wyobra\u017a sobie moment, w kt\u00f3rym surowe drewno o\u017cywa pod Twoimi d\u0142o\u0144mi. Jego barwa staje si\u0119 g\u0142\u0119bsza, a dotyk \u2013 aksamitny i naturalnie ciep\u0142y.<\/p>\n<p data-path-to-node=\"2\">Problem w tym, \u017ce wiele nowoczesnych \u015brodk\u00f3w do konserwacji zawiera agresywn\u0105 chemi\u0119, kt\u00f3ra tworzy sztuczn\u0105, plastikow\u0105 pow\u0142ok\u0119. Brakuje w nich autentyczno\u015bci i bezpiecze\u0144stwa, kt\u00f3re pozwala\u0142oby cieszy\u0107 si\u0119 natur\u0105 bez obaw o zdrowie domownik\u00f3w.<\/p>\n<p data-path-to-node=\"3\"><b data-path-to-node=\"3\" data-index-in-node=\"0\">Rozwi\u0105zanie: czysty olej lniany do impregnacji<\/b><\/p>\n<p data-path-to-node=\"4\"><span data-path-to-node=\"4,1\"><span class=\"citation-2444\">Ten w 100% naturalny olej lniany zosta\u0142 stworzony, aby piel\u0119gnowa\u0107 i chroni\u0107 drewno w spos\u00f3b zgodny z jego natur\u0105<\/span><\/span><span data-path-to-node=\"4,3\">. To tradycyjna i bezpieczna metoda na:<\/span><\/p>\n<ul data-path-to-node=\"5\">\n<li>\n<p data-path-to-node=\"5,0,1\"><span data-path-to-node=\"5,0,1,0\"><b data-path-to-node=\"5,0,1,0\" data-index-in-node=\"0\"><span class=\"citation-2443\">Wydobycie g\u0142\u0119bi rysunku s\u0142oj\u00f3w<\/span><\/b><span class=\"citation-2443\"> i uwidocznienie naturalnego koloru drewna<\/span><\/span><span data-path-to-node=\"5,0,1,2\">.<\/span><\/p>\n<\/li>\n<li>\n<p data-path-to-node=\"5,1,1\"><span data-path-to-node=\"5,1,1,0\"><b data-path-to-node=\"5,1,1,0\" data-index-in-node=\"0\"><span class=\"citation-2442\">Skuteczn\u0105 konserwacj\u0119<\/span><\/b><span class=\"citation-2442\"> mebli i konstrukcji wykonanych z ka\u017cdego gatunku drewna, w tym egzotycznego i impregnowanego ci\u015bnieniowo<\/span><\/span><span data-path-to-node=\"5,1,1,2\">.<\/span><\/p>\n<\/li>\n<li>\n<p data-path-to-node=\"5,2,1\"><span data-path-to-node=\"5,2,1,0\"><b data-path-to-node=\"5,2,1,0\" data-index-in-node=\"0\"><span class=\"citation-2441\">Stworzenie przyjaznego, zdrowego otoczenia<\/span><\/b><span class=\"citation-2441\"> w Twoim domu \u2013 produkt jest bezpieczny dla ludzi, zwierz\u0105t oraz ro\u015blin<\/span><\/span><span data-path-to-node=\"5,2,1,2\">.<\/span><\/p>\n<div class=\"source-inline-chip-container ng-star-inserted\"><\/div>\n<\/li>\n<\/ul>\n<p data-path-to-node=\"7\"><strong>Co zyskujesz \u2013 realne korzy\u015bci<\/strong><\/p>\n<ul data-path-to-node=\"8\">\n<li>\n<p data-path-to-node=\"8,0,1\"><span data-path-to-node=\"8,0,1,0\"><b data-path-to-node=\"8,0,1,0\" data-index-in-node=\"0\"><span class=\"citation-2440\">Pe\u0142ne bezpiecze\u0144stwo:<\/span><\/b><span class=\"citation-2440\"> Substancja nie jest klasyfikowana jako stwarzaj\u0105ca zagro\u017cenie dla zdrowia ani \u015brodowiska<\/span><\/span><span data-path-to-node=\"8,0,1,2\">. <\/span><\/p>\n<\/li>\n<li>\n<p data-path-to-node=\"8,1,1\"><span data-path-to-node=\"8,1,1,0\"><b data-path-to-node=\"8,1,1,0\" data-index-in-node=\"0\"><span class=\"citation-2438\">Naturaln\u0105 estetyk\u0119:<\/span><\/b><span class=\"citation-2438\"> Olej akcentuje subtelny po\u0142ysk, nadaj\u0105c powierzchni matowe, szlachetne wyko\u0144czenie<\/span><\/span><span data-path-to-node=\"8,1,1,2\">.<\/span><\/p>\n<\/li>\n<li>\n<p data-path-to-node=\"8,2,1\"><span data-path-to-node=\"8,2,1,0\"><b data-path-to-node=\"8,2,1,0\" data-index-in-node=\"0\"><span class=\"citation-2437\">G\u0142\u0119bok\u0105 ochron\u0119:<\/span><\/b><span class=\"citation-2437\"> Bardzo dobrze wch\u0142ania si\u0119 w struktur\u0119 drewna, zabezpieczaj\u0105c je przed wilgoci\u0105 i narastaniem ple\u015bni<\/span><\/span><span data-path-to-node=\"8,2,1,2\">.<\/span><\/p>\n<\/li>\n<li>\n<p data-path-to-node=\"8,3,1\"><span data-path-to-node=\"8,3,1,0\"><b data-path-to-node=\"8,3,1,0\" data-index-in-node=\"0\"><span class=\"citation-2436\">Ekologiczny sk\u0142ad:<\/span><\/b><span class=\"citation-2436\"> Produkt to w 100% czysty olej lniany, bez zb\u0119dnych dodatk\u00f3w i szkodliwej chemii<\/span><\/span><span data-path-to-node=\"8,3,1,2\">.<\/span><\/p>\n<\/li>\n<li>\n<p data-path-to-node=\"8,4,1\"><span data-path-to-node=\"8,4,1,0\"><b data-path-to-node=\"8,4,1,0\" data-index-in-node=\"0\"><span class=\"citation-2435\">Wyj\u0105tkowy klimat:<\/span><\/b><span class=\"citation-2435\"> Procesowi olejowania towarzyszy przyjemny, naturalny zapach przypominaj\u0105cy wo\u0144 lasu<\/span><\/span><span data-path-to-node=\"8,4,1,2\">.<\/span><\/p>\n<div class=\"source-inline-chip-container ng-star-inserted\"><\/div>\n<\/li>\n<\/ul>\n<p>&nbsp;<\/p>\n<p data-path-to-node=\"10\"><strong>Spos\u00f3b u\u017cycia\u00a0<\/strong><\/p>\n<p data-path-to-node=\"11\">Aby uzyska\u0107 najlepsze efekty i trwa\u0142\u0105 ochron\u0119, post\u0119puj zgodnie z poni\u017cszymi krokami:<\/p>\n<ol start=\"1\" data-path-to-node=\"12\">\n<li>\n<p data-path-to-node=\"12,0,1\"><span data-path-to-node=\"12,0,1,0\"><b data-path-to-node=\"12,0,1,0\" data-index-in-node=\"0\"><span class=\"citation-2434\">Przygotowanie:<\/span><\/b><span class=\"citation-2434\"> Upewnij si\u0119, \u017ce drewno przed przyst\u0105pieniem do pracy jest czyste, suche i dok\u0142adnie oczyszczone<\/span><\/span><span data-path-to-node=\"12,0,1,2\">.<\/span><\/p>\n<\/li>\n<li>\n<p data-path-to-node=\"12,1,1\"><span data-path-to-node=\"12,1,1,0\"><b data-path-to-node=\"12,1,1,0\" data-index-in-node=\"0\"><span class=\"citation-2433\">Nak\u0142adanie:<\/span><\/b><span class=\"citation-2433\"> Na\u0142\u00f3\u017c r\u00f3wnomiernie pierwsz\u0105 warstw\u0119 oleju, prowadz\u0105c narz\u0119dzie zgodnie z kierunkiem s\u0142oj\u00f3w<\/span><\/span><span data-path-to-node=\"12,1,1,2\">.<\/span><\/p>\n<\/li>\n<li>\n<p data-path-to-node=\"12,2,1\"><span data-path-to-node=\"12,2,1,0\"><b data-path-to-node=\"12,2,1,0\" data-index-in-node=\"0\"><span class=\"citation-2432\">Czas na wch\u0142anianie:<\/span><\/b><span class=\"citation-2432\"> Odczekaj oko\u0142o 20 minut, aby drewno mog\u0142o przyj\u0105\u0107 impregnat<\/span><\/span><span data-path-to-node=\"12,2,1,2\">.<\/span><\/p>\n<\/li>\n<li>\n<p data-path-to-node=\"12,3,1\"><span data-path-to-node=\"12,3,1,0\"><b data-path-to-node=\"12,3,1,0\" data-index-in-node=\"0\"><span class=\"citation-2431\">Usuni\u0119cie nadmiaru:<\/span><\/b><span class=\"citation-2431\"> Po up\u0142ywie tego czasu zbierz nadmiar oleju, kt\u00f3rego drewno nie zdo\u0142a\u0142o wch\u0142on\u0105\u0107<\/span><\/span><span data-path-to-node=\"12,3,1,2\">.<\/span><\/p>\n<\/li>\n<li>\n<p data-path-to-node=\"12,4,1\"><span data-path-to-node=\"12,4,1,0\"><b data-path-to-node=\"12,4,1,0\" data-index-in-node=\"0\"><span class=\"citation-2430\">Druga warstwa:<\/span><\/b><span class=\"citation-2430\"> Na\u0142\u00f3\u017c drug\u0105, cienk\u0105 warstw\u0119 produktu, pami\u0119taj\u0105c, by unika\u0107 pozostawiania nadmiaru oleju na powierzchni<\/span><\/span><span data-path-to-node=\"12,4,1,2\">.<\/span><\/p>\n<div class=\"source-inline-chip-container ng-star-inserted\"><\/div>\n<\/li>\n<\/ol>\n<p data-path-to-node=\"14\"><span data-path-to-node=\"14,0\"><b data-path-to-node=\"14,0\" data-index-in-node=\"0\"><span class=\"citation-2429\">Spos\u00f3b aplikacji:<\/span><\/b><span class=\"citation-2429\"> Olej mo\u017cesz nak\u0142ada\u0107 za pomoc\u0105 \u015bciereczki, p\u0119dzla, wa\u0142ka lub pistoletu natryskowego<\/span><\/span><span data-path-to-node=\"14,2\">.<\/span><\/p>\n<p data-path-to-node=\"16\"><strong>Opis produktu<\/strong><\/p>\n<p data-path-to-node=\"17\"><span data-path-to-node=\"17,1\"><span class=\"citation-2428\">Olej lniany to wysokiej jako\u015bci naturalny impregnat przeznaczony do profesjonalnej konserwacji i odnawiania naturalnej barwy wszystkich gatunk\u00f3w drewna<\/span><\/span><span data-path-to-node=\"17,3\">. <\/span><span data-path-to-node=\"17,5\"><span class=\"citation-2427\">Dzi\u0119ki swojej strukturze idealnie zabezpiecza powierzchni\u0119, czyni\u0105c j\u0105 \u0142atw\u0105 do czyszczenia i odporn\u0105 na czynniki zewn\u0119trzne<\/span><\/span><span data-path-to-node=\"17,7\">.<\/span><\/p>\n<p data-path-to-node=\"18\"><b data-path-to-node=\"18\" data-index-in-node=\"0\">Kluczowe cechy:<\/b><\/p>\n<ul data-path-to-node=\"19\">\n<li>\n<p data-path-to-node=\"19,0,1\"><span data-path-to-node=\"19,0,1,0\"><b data-path-to-node=\"19,0,1,0\" data-index-in-node=\"0\"><span class=\"citation-2426\">Sk\u0142ad:<\/span><\/b><span class=\"citation-2426\"> 100% olej lniany<\/span><\/span><span data-path-to-node=\"19,0,1,2\">.<\/span><\/p>\n<\/li>\n<li>\n<p data-path-to-node=\"19,1,1\"><span data-path-to-node=\"19,1,1,0\"><b data-path-to-node=\"19,1,1,0\" data-index-in-node=\"0\"><span class=\"citation-2425\">Posta\u0107:<\/span><\/b><span class=\"citation-2425\"> lepka ciecz\u00a0<\/span><\/span><span data-path-to-node=\"7,0,1,0\"><span class=\"citation-2487\">o charakterystycznym, naturalnym zapachu lasu<\/span><\/span><span data-path-to-node=\"7,0,1,2\">.<\/span><\/p>\n<\/li>\n<li>\n<p data-path-to-node=\"19,2,1\"><span data-path-to-node=\"19,2,1,0\"><b data-path-to-node=\"19,2,1,0\" data-index-in-node=\"0\"><span class=\"citation-2424\">Pou\u017eit\u00ed:<\/span><\/b><span class=\"citation-2424\"> produkt dedykowany do ochrony drewna wewn\u0105trz i na zewn\u0105trz pomieszcze\u0144<\/span><\/span><span data-path-to-node=\"19,2,1,2\">.<\/span><\/p>\n<div class=\"source-inline-chip-container ng-star-inserted\"><\/div>\n<\/li>\n<\/ul>\n<p data-path-to-node=\"20\"><span data-path-to-node=\"20,1\"><span class=\"citation-2423\">Produkt jest bezpieczny w u\u017cytkowaniu i nie wymaga specjalistycznych \u015brodk\u00f3w ochrony dr\u00f3g oddechowych przy zapewnieniu odpowiedniej wentylacji pomieszczenia<\/span><\/span><span data-path-to-node=\"20,3\">.<\/span><\/p>\n<div class=\"source-inline-chip-container ng-star-inserted\"><\/div>\n<p data-path-to-node=\"22\"><strong>Dane techniczne<\/strong><\/p>\n<ul data-path-to-node=\"23\">\n<li>\n<p data-path-to-node=\"23,0,1\"><span data-path-to-node=\"23,0,1,0\"><b data-path-to-node=\"23,0,1,0\" data-index-in-node=\"0\"><span class=\"citation-2422\">Sk\u0142ad:<\/span><\/b><span class=\"citation-2422\"> olej lniany 100% (CAS: 8001-26-1)<\/span><\/span><span data-path-to-node=\"23,0,1,2\">.<\/span><\/p>\n<\/li>\n<li>\n<p data-path-to-node=\"23,1,1\"><span data-path-to-node=\"23,1,1,0\"><b data-path-to-node=\"23,1,1,0\" data-index-in-node=\"0\"><span class=\"citation-2421\">Temperatura magazynowania:<\/span><\/b><span class=\"citation-2421\"> 15\u201325\u00b0C<\/span><\/span><span data-path-to-node=\"23,1,1,2\">.<\/span><\/p>\n<\/li>\n<li>\n<p data-path-to-node=\"23,2,1\"><span data-path-to-node=\"23,2,1,0\"><b data-path-to-node=\"23,2,1,0\" data-index-in-node=\"0\"><span class=\"citation-2420\">Lepko\u015b\u0107 kinematyczna:<\/span><\/b><span class=\"citation-2420\"> 64.45 <\/span><span class=\"math-inline\" data-math=\"mm^2\/s\" data-index-in-node=\"28\"><span class=\"katex\"><span class=\"katex-html\" aria-hidden=\"true\"><span class=\"base\"><span class=\"mord mathnormal\"><span class=\"citation-2420\">m<\/span><\/span><span class=\"mord\"><span class=\"mord mathnormal\"><span class=\"citation-2420\">m<\/span><\/span><span class=\"msupsub\"><span class=\"vlist-t\"><span class=\"vlist-r\"><span class=\"vlist\"><span class=\"\"><span class=\"sizing reset-size6 size3 mtight\"><span class=\"mord mtight\"><span class=\"citation-2420\">2<\/span><\/span><\/span><\/span><\/span><\/span><\/span><\/span><\/span><span class=\"mord\"><span class=\"citation-2420\">\/<\/span><\/span><span class=\"mord mathnormal\"><span class=\"citation-2420\">s<\/span><\/span><\/span><\/span><\/span><\/span><span class=\"citation-2420\"> (w 20\u00b0C)<\/span><\/span><span data-path-to-node=\"23,2,1,2\">.<\/span><\/p>\n<\/li>\n<li>\n<p data-path-to-node=\"23,3,1\"><span data-path-to-node=\"23,3,1,0\"><b data-path-to-node=\"23,3,1,0\" data-index-in-node=\"0\"><span class=\"citation-2419\">G\u0119sto\u015b\u0107:<\/span><\/b><span class=\"citation-2419\"> 0,931 <\/span><span class=\"math-inline\" data-math=\"g\/cm^3\" data-index-in-node=\"15\"><span class=\"katex\"><span class=\"katex-html\" aria-hidden=\"true\"><span class=\"base\"><span class=\"mord mathnormal\"><span class=\"citation-2419\">g<\/span><\/span><span class=\"mord\"><span class=\"citation-2419\">\/<\/span><\/span><span class=\"mord mathnormal\"><span class=\"citation-2419\">c<\/span><\/span><span class=\"mord\"><span class=\"mord mathnormal\"><span class=\"citation-2419\">m<\/span><\/span><span class=\"msupsub\"><span class=\"vlist-t\"><span class=\"vlist-r\"><span class=\"vlist\"><span class=\"\"><span class=\"sizing reset-size6 size3 mtight\"><span class=\"mord mtight\"><span class=\"citation-2419\">3<\/span><\/span><\/span><\/span><\/span><\/span><\/span><\/span><\/span><\/span><\/span><\/span><\/span><\/span><span data-path-to-node=\"23,3,1,2\">.<\/span><\/p>\n<\/li>\n<li>\n<p id=\"p-rc_3ffb32d42c933cd6-1187\" data-path-to-node=\"23,4,1\"><span data-path-to-node=\"23,4,1,0\"><b data-path-to-node=\"23,4,1,0\" data-index-in-node=\"0\"><span class=\"citation-2418\">Wa\u017cne ostrze\u017cenie:<\/span><\/b><span class=\"citation-2418\"> Materia\u0142y nasi\u0105kni\u0119te produktem (np. tkaniny, papier) mog\u0105 ulec samozap\u0142onowi w wyniku utleniania<\/span><\/span><span data-path-to-node=\"23,4,1,2\">. <\/span><span data-path-to-node=\"23,4,1,4\"><span class=\"citation-2417\">Po u\u017cyciu zanieczyszczone szmatki nale\u017cy przechowywa\u0107 zanurzone w wodzie lub roz\u0142o\u017cy\u0107 do ca\u0142kowitego wyschni\u0119cia w bezpiecznym miejscu, z dala od \u017ar\u00f3de\u0142 ciep\u0142a<\/span><\/span><span data-path-to-node=\"23,4,1,6\">.<\/span><\/p>\n<\/li>\n<\/ul>","protected":false},"excerpt":{"rendered":"<p>Olej lniany \u2013 naturalny impregnat do drewna, tradycyjna ochrona w czystej postaci Wyobra\u017a sobie moment, w kt\u00f3rym surowe drewno o\u017cywa pod Twoimi d\u0142o\u0144mi. Jego barwa staje si\u0119 g\u0142\u0119bsza, a dotyk \u2013 aksamitny i naturalnie ciep\u0142y. Problem w tym, \u017ce wiele nowoczesnych \u015brodk\u00f3w do konserwacji zawiera agresywn\u0105 chemi\u0119, kt\u00f3ra tworzy sztuczn\u0105, plastikow\u0105 pow\u0142ok\u0119. Brakuje w nich [&hellip;]<\/p>\n","protected":false},"featured_media":4576,"template":"","meta":{"_acf_changed":false},"product_brand":[],"product_cat":[99],"product_tag":[],"class_list":{"0":"post-4575","1":"product","2":"type-product","3":"status-publish","4":"has-post-thumbnail","6":"product_cat-kolekcja-oso","7":"product_shipping_class-podstawowa","9":"first","10":"onbackorder","11":"taxable","12":"shipping-taxable","13":"purchasable","14":"product-type-simple","15":"add-to-wishlist-after_add_to_cart"},"acf":[],"yoast_head":"<!-- This site is optimized with the Yoast SEO plugin v26.6 - https:\/\/yoast.com\/wordpress\/plugins\/seo\/ -->\n<title>Olej Lniany do Drewna \u2013 Tradycyjna Ochrona i Wydobycie G\u0142\u0119bi S\u0142oj\u00f3w - Siesta Garden<\/title>\n<meta name=\"robots\" content=\"index, follow, max-snippet:-1, max-image-preview:large, max-video-preview:-1\" \/>\n<link rel=\"canonical\" href=\"https:\/\/www.siestagarden.com\/cs\/produkt\/olej-lniany-do-drewna-tradycyjna-ochrona-i-wydobycie-glebi-slojow\/\" \/>\n<meta property=\"og:locale\" content=\"cs_CZ\" \/>\n<meta property=\"og:type\" content=\"article\" \/>\n<meta property=\"og:title\" content=\"Olej Lniany do Drewna \u2013 Tradycyjna Ochrona i Wydobycie G\u0142\u0119bi S\u0142oj\u00f3w - Siesta Garden\" \/>\n<meta property=\"og:description\" content=\"Olej lniany \u2013 naturalny impregnat do drewna, tradycyjna ochrona w czystej postaci Wyobra\u017a sobie moment, w kt\u00f3rym surowe drewno o\u017cywa pod Twoimi d\u0142o\u0144mi. Jego barwa staje si\u0119 g\u0142\u0119bsza, a dotyk \u2013 aksamitny i naturalnie ciep\u0142y. Problem w tym, \u017ce wiele nowoczesnych \u015brodk\u00f3w do konserwacji zawiera agresywn\u0105 chemi\u0119, kt\u00f3ra tworzy sztuczn\u0105, plastikow\u0105 pow\u0142ok\u0119. Brakuje w nich [&hellip;]\" \/>\n<meta property=\"og:url\" content=\"https:\/\/www.siestagarden.com\/cs\/produkt\/olej-lniany-do-drewna-tradycyjna-ochrona-i-wydobycie-glebi-slojow\/\" \/>\n<meta property=\"og:site_name\" content=\"Siesta Garden\" \/>\n<meta property=\"article:modified_time\" content=\"2026-04-09T08:55:24+00:00\" \/>\n<meta property=\"og:image\" content=\"https:\/\/www.siestagarden.com\/wp-content\/uploads\/2026\/03\/olej-1-768x1024.png\" \/>\n\t<meta property=\"og:image:width\" content=\"768\" \/>\n\t<meta property=\"og:image:height\" content=\"1024\" \/>\n\t<meta property=\"og:image:type\" content=\"image\/png\" \/>\n<meta name=\"twitter:card\" content=\"summary_large_image\" \/>\n<meta name=\"twitter:label1\" content=\"Odhadovan\u00e1 doba \u010dten\u00ed\" \/>\n\t<meta name=\"twitter:data1\" content=\"3 minuty\" \/>\n<script type=\"application\/ld+json\" class=\"yoast-schema-graph\">{\"@context\":\"https:\/\/schema.org\",\"@graph\":[{\"@type\":\"WebPage\",\"@id\":\"https:\/\/www.siestagarden.com\/produkt\/olej-lniany-do-drewna-tradycyjna-ochrona-i-wydobycie-glebi-slojow\/\",\"url\":\"https:\/\/www.siestagarden.com\/produkt\/olej-lniany-do-drewna-tradycyjna-ochrona-i-wydobycie-glebi-slojow\/\",\"name\":\"Olej Lniany do Drewna \u2013 Tradycyjna Ochrona i Wydobycie G\u0142\u0119bi S\u0142oj\u00f3w - Siesta Garden\",\"isPartOf\":{\"@id\":\"https:\/\/www.siestagarden.com\/#website\"},\"primaryImageOfPage\":{\"@id\":\"https:\/\/www.siestagarden.com\/produkt\/olej-lniany-do-drewna-tradycyjna-ochrona-i-wydobycie-glebi-slojow\/#primaryimage\"},\"image\":{\"@id\":\"https:\/\/www.siestagarden.com\/produkt\/olej-lniany-do-drewna-tradycyjna-ochrona-i-wydobycie-glebi-slojow\/#primaryimage\"},\"thumbnailUrl\":\"https:\/\/www.siestagarden.com\/wp-content\/uploads\/2026\/03\/olej-1.png\",\"datePublished\":\"2026-04-07T11:09:48+00:00\",\"dateModified\":\"2026-04-09T08:55:24+00:00\",\"breadcrumb\":{\"@id\":\"https:\/\/www.siestagarden.com\/produkt\/olej-lniany-do-drewna-tradycyjna-ochrona-i-wydobycie-glebi-slojow\/#breadcrumb\"},\"inLanguage\":\"cs\",\"potentialAction\":[{\"@type\":\"ReadAction\",\"target\":[\"https:\/\/www.siestagarden.com\/produkt\/olej-lniany-do-drewna-tradycyjna-ochrona-i-wydobycie-glebi-slojow\/\"]}]},{\"@type\":\"ImageObject\",\"inLanguage\":\"cs\",\"@id\":\"https:\/\/www.siestagarden.com\/produkt\/olej-lniany-do-drewna-tradycyjna-ochrona-i-wydobycie-glebi-slojow\/#primaryimage\",\"url\":\"https:\/\/www.siestagarden.com\/wp-content\/uploads\/2026\/03\/olej-1.png\",\"contentUrl\":\"https:\/\/www.siestagarden.com\/wp-content\/uploads\/2026\/03\/olej-1.png\",\"width\":1536,\"height\":2048},{\"@type\":\"BreadcrumbList\",\"@id\":\"https:\/\/www.siestagarden.com\/produkt\/olej-lniany-do-drewna-tradycyjna-ochrona-i-wydobycie-glebi-slojow\/#breadcrumb\",\"itemListElement\":[{\"@type\":\"ListItem\",\"position\":1,\"name\":\"Strona g\u0142\u00f3wna\",\"item\":\"https:\/\/www.siestagarden.com\/\"},{\"@type\":\"ListItem\",\"position\":2,\"name\":\"Sklep\",\"item\":\"https:\/\/www.siestagarden.com\/sklep\/\"},{\"@type\":\"ListItem\",\"position\":3,\"name\":\"Olej Lniany do Drewna \u2013 Tradycyjna Ochrona i Wydobycie G\u0142\u0119bi S\u0142oj\u00f3w\"}]},{\"@type\":\"WebSite\",\"@id\":\"https:\/\/www.siestagarden.com\/#website\",\"url\":\"https:\/\/www.siestagarden.com\/\",\"name\":\"Siesta Garden\",\"description\":\"Meble do Twojego ogrodu. Polski producent drewnianych mebli najwy\u017cszej jako\u015bci.\",\"potentialAction\":[{\"@type\":\"SearchAction\",\"target\":{\"@type\":\"EntryPoint\",\"urlTemplate\":\"https:\/\/www.siestagarden.com\/?s={search_term_string}\"},\"query-input\":{\"@type\":\"PropertyValueSpecification\",\"valueRequired\":true,\"valueName\":\"search_term_string\"}}],\"inLanguage\":\"cs\"}]}<\/script>\n<!-- \/ Yoast SEO plugin. -->","yoast_head_json":{"title":"Olej Lniany do Drewna \u2013 Tradycyjna Ochrona i Wydobycie G\u0142\u0119bi S\u0142oj\u00f3w - Siesta Garden","robots":{"index":"index","follow":"follow","max-snippet":"max-snippet:-1","max-image-preview":"max-image-preview:large","max-video-preview":"max-video-preview:-1"},"canonical":"https:\/\/www.siestagarden.com\/cs\/produkt\/olej-lniany-do-drewna-tradycyjna-ochrona-i-wydobycie-glebi-slojow\/","og_locale":"cs_CZ","og_type":"article","og_title":"Olej Lniany do Drewna \u2013 Tradycyjna Ochrona i Wydobycie G\u0142\u0119bi S\u0142oj\u00f3w - Siesta Garden","og_description":"Olej lniany \u2013 naturalny impregnat do drewna, tradycyjna ochrona w czystej postaci Wyobra\u017a sobie moment, w kt\u00f3rym surowe drewno o\u017cywa pod Twoimi d\u0142o\u0144mi. Jego barwa staje si\u0119 g\u0142\u0119bsza, a dotyk \u2013 aksamitny i naturalnie ciep\u0142y. Problem w tym, \u017ce wiele nowoczesnych \u015brodk\u00f3w do konserwacji zawiera agresywn\u0105 chemi\u0119, kt\u00f3ra tworzy sztuczn\u0105, plastikow\u0105 pow\u0142ok\u0119. Brakuje w nich [&hellip;]","og_url":"https:\/\/www.siestagarden.com\/cs\/produkt\/olej-lniany-do-drewna-tradycyjna-ochrona-i-wydobycie-glebi-slojow\/","og_site_name":"Siesta Garden","article_modified_time":"2026-04-09T08:55:24+00:00","og_image":[{"width":768,"height":1024,"url":"https:\/\/www.siestagarden.com\/wp-content\/uploads\/2026\/03\/olej-1-768x1024.png","type":"image\/png"}],"twitter_card":"summary_large_image","twitter_misc":{"Odhadovan\u00e1 doba \u010dten\u00ed":"3 minuty"},"schema":{"@context":"https:\/\/schema.org","@graph":[{"@type":"WebPage","@id":"https:\/\/www.siestagarden.com\/produkt\/olej-lniany-do-drewna-tradycyjna-ochrona-i-wydobycie-glebi-slojow\/","url":"https:\/\/www.siestagarden.com\/produkt\/olej-lniany-do-drewna-tradycyjna-ochrona-i-wydobycie-glebi-slojow\/","name":"Olej Lniany do Drewna \u2013 Tradycyjna Ochrona i Wydobycie G\u0142\u0119bi S\u0142oj\u00f3w - Siesta Garden","isPartOf":{"@id":"https:\/\/www.siestagarden.com\/#website"},"primaryImageOfPage":{"@id":"https:\/\/www.siestagarden.com\/produkt\/olej-lniany-do-drewna-tradycyjna-ochrona-i-wydobycie-glebi-slojow\/#primaryimage"},"image":{"@id":"https:\/\/www.siestagarden.com\/produkt\/olej-lniany-do-drewna-tradycyjna-ochrona-i-wydobycie-glebi-slojow\/#primaryimage"},"thumbnailUrl":"https:\/\/www.siestagarden.com\/wp-content\/uploads\/2026\/03\/olej-1.png","datePublished":"2026-04-07T11:09:48+00:00","dateModified":"2026-04-09T08:55:24+00:00","breadcrumb":{"@id":"https:\/\/www.siestagarden.com\/produkt\/olej-lniany-do-drewna-tradycyjna-ochrona-i-wydobycie-glebi-slojow\/#breadcrumb"},"inLanguage":"cs","potentialAction":[{"@type":"ReadAction","target":["https:\/\/www.siestagarden.com\/produkt\/olej-lniany-do-drewna-tradycyjna-ochrona-i-wydobycie-glebi-slojow\/"]}]},{"@type":"ImageObject","inLanguage":"cs","@id":"https:\/\/www.siestagarden.com\/produkt\/olej-lniany-do-drewna-tradycyjna-ochrona-i-wydobycie-glebi-slojow\/#primaryimage","url":"https:\/\/www.siestagarden.com\/wp-content\/uploads\/2026\/03\/olej-1.png","contentUrl":"https:\/\/www.siestagarden.com\/wp-content\/uploads\/2026\/03\/olej-1.png","width":1536,"height":2048},{"@type":"BreadcrumbList","@id":"https:\/\/www.siestagarden.com\/produkt\/olej-lniany-do-drewna-tradycyjna-ochrona-i-wydobycie-glebi-slojow\/#breadcrumb","itemListElement":[{"@type":"ListItem","position":1,"name":"Strona g\u0142\u00f3wna","item":"https:\/\/www.siestagarden.com\/"},{"@type":"ListItem","position":2,"name":"Sklep","item":"https:\/\/www.siestagarden.com\/sklep\/"},{"@type":"ListItem","position":3,"name":"Olej Lniany do Drewna \u2013 Tradycyjna Ochrona i Wydobycie G\u0142\u0119bi S\u0142oj\u00f3w"}]},{"@type":"WebSite","@id":"https:\/\/www.siestagarden.com\/#website","url":"https:\/\/www.siestagarden.com\/","name":"Siesta Garden","description":"N\u00e1bytek pro va\u0161i zahradu. Polsk\u00fd v\u00fdrobce d\u0159ev\u011bn\u00e9ho n\u00e1bytku nejvy\u0161\u0161\u00ed kvality.","potentialAction":[{"@type":"SearchAction","target":{"@type":"EntryPoint","urlTemplate":"https:\/\/www.siestagarden.com\/?s={search_term_string}"},"query-input":{"@type":"PropertyValueSpecification","valueRequired":true,"valueName":"search_term_string"}}],"inLanguage":"cs"}]}},"_links":{"self":[{"href":"https:\/\/www.siestagarden.com\/cs\/wp-json\/wp\/v2\/product\/4575","targetHints":{"allow":["GET"]}}],"collection":[{"href":"https:\/\/www.siestagarden.com\/cs\/wp-json\/wp\/v2\/product"}],"about":[{"href":"https:\/\/www.siestagarden.com\/cs\/wp-json\/wp\/v2\/types\/product"}],"wp:featuredmedia":[{"embeddable":true,"href":"https:\/\/www.siestagarden.com\/cs\/wp-json\/wp\/v2\/media\/4576"}],"wp:attachment":[{"href":"https:\/\/www.siestagarden.com\/cs\/wp-json\/wp\/v2\/media?parent=4575"}],"wp:term":[{"taxonomy":"product_brand","embeddable":true,"href":"https:\/\/www.siestagarden.com\/cs\/wp-json\/wp\/v2\/product_brand?post=4575"},{"taxonomy":"product_cat","embeddable":true,"href":"https:\/\/www.siestagarden.com\/cs\/wp-json\/wp\/v2\/product_cat?post=4575"},{"taxonomy":"product_tag","embeddable":true,"href":"https:\/\/www.siestagarden.com\/cs\/wp-json\/wp\/v2\/product_tag?post=4575"}],"curies":[{"name":"wp","href":"https:\/\/api.w.org\/{rel}","templated":true}]}}