{"id":1292,"date":"2025-02-25T12:22:18","date_gmt":"2025-02-25T11:22:18","guid":{"rendered":"https:\/\/www.siestagarden.com\/?post_type=product&#038;p=1292"},"modified":"2026-02-05T09:00:40","modified_gmt":"2026-02-05T08:00:40","slug":"darwin-12m","status":"publish","type":"product","link":"https:\/\/www.siestagarden.com\/de\/produkt\/darwin-12m\/","title":{"rendered":"Darwin 1,2 m Gartenbank aus Holz mit R\u00fcckenlehne und Armlehnen"},"content":{"rendered":"<p><strong>Darwin 1.2m Massivholz-Gartenbank<\/strong> - Zweisitzige, kompakte und robuste Bank f\u00fcr kleine R\u00e4ume<\/p>\n<p><strong>Darwin-Bank 1,2 m<\/strong> ist ein stilvoller und \u00e4u\u00dferst praktischer Zweisitzer, der f\u00fcr kleinere Au\u00dfenbereiche konzipiert wurde. Er ist aus massivem skandinavischem Holz gefertigt und wurde sorgf\u00e4ltig getrocknet und nach Kategorie 3 impr\u00e4gniert, damit er \u00fcber 10 Jahre h\u00e4lt und das ganze Jahr \u00fcber wechselnden Wetterbedingungen standh\u00e4lt.<\/p>\n<p>Die Bank ist in zwei zeitlosen Farbvarianten erh\u00e4ltlich: <strong>braun und dunkelgrau<\/strong>die sich sowohl in die nat\u00fcrliche als auch in die st\u00e4dtische Umgebung gut einf\u00fcgen.<\/p>\n<p>Dank der stabilen Konstruktion und der kompakten Abmessungen eignet sich das 1,2-m-Modell ideal f\u00fcr Balkone, schmale Terrassen, Hauseing\u00e4nge, aber auch f\u00fcr st\u00e4dtische \u00f6ffentliche R\u00e4ume wie Parkalleen, Bushaltestellen oder Ruhezonen in Gewerbegebieten.<\/p>\n<p>\u2714\ufe0f aus massivem, getrocknetem skandinavischem Holz<\/p>\n<p>\u2714\ufe0f impr\u00e4gniert nach Kategorie 3 - Haltbarkeit \u00fcber 10 Jahre<\/p>\n<p>\u2714\ufe0f erh\u00e4ltlich in Braun oder Dunkelgrau<\/p>\n<p>\u2714\ufe0f ganzj\u00e4hrig wetterfest<\/p>\n<p>\u2714\ufe0f stabil und kompakt - ideal f\u00fcr kleinere R\u00e4ume<\/p>\n<p>\u2714\ufe0f geeignet f\u00fcr private und \u00f6ffentliche Nutzung<\/p>\n<p>\u2714\ufe0f nat\u00fcrliche Risse beeintr\u00e4chtigen die Festigkeit des Bauwerks nicht<\/p>\n<p>Im Laufe der Zeit k\u00f6nnen nat\u00fcrliche Risse im Holz entstehen, die Teil des Alterungsprozesses sind und die Haltbarkeit und Funktionalit\u00e4t der Bank nicht beeintr\u00e4chtigen. Um die Lebensdauer der Bank zu verl\u00e4ngern, wird empfohlen, sie j\u00e4hrlich mit einer Schutzimpr\u00e4gnierung zu versehen.<\/p>\n<p><strong>Darwin Holzbank 1.2m<\/strong> ist die ideale Zweipersonenbank f\u00fcr Orte, an denen jeder Zentimeter z\u00e4hlt - elegant, langlebig und auch auf engstem Raum voll funktionsf\u00e4hig.<\/p>","protected":false},"excerpt":{"rendered":"<p>Drewniana \u0142awka ogrodowa Darwin 1,2m z litego drewna \u2013 dwuosobowa, kompaktowa i trwa\u0142a \u0142awka do ma\u0142ych przestrzeni \u0141awka Darwin 1,2m to dwuosobowe, stylowe i wyj\u0105tkowo praktyczne siedzisko stworzone z my\u015bl\u0105 o mniejszych przestrzeniach zewn\u0119trznych. Wykonana z litego drewna skandynawskiego, zosta\u0142a starannie wysuszona i zaimpregnowana do 3 kategorii, co zapewnia jej ponad 10 lat trwa\u0142o\u015bci oraz [&hellip;]<\/p>\n","protected":false},"featured_media":4021,"template":"","meta":{"_acf_changed":false},"product_brand":[],"product_cat":[67],"product_tag":[82],"class_list":{"0":"post-1292","1":"product","2":"type-product","3":"status-publish","4":"has-post-thumbnail","6":"product_cat-sofy-i-lawki","7":"product_tag-kolekcja-darwin","8":"product_shipping_class-podstawowa","10":"first","11":"instock","12":"taxable","13":"shipping-taxable","14":"purchasable","15":"product-type-simple","16":"add-to-wishlist-after_add_to_cart"},"acf":[],"yoast_head":"<!-- This site is optimized with the Yoast SEO plugin v26.6 - https:\/\/yoast.com\/wordpress\/plugins\/seo\/ -->\n<title>Drewniana \u0142awka ogrodowa Darwin 1,2m z oparciem i pod\u0142okietnikami - Siesta Garden<\/title>\n<meta name=\"robots\" content=\"index, follow, max-snippet:-1, max-image-preview:large, max-video-preview:-1\" \/>\n<link rel=\"canonical\" href=\"https:\/\/www.siestagarden.com\/de\/produkt\/darwin-12m\/\" \/>\n<meta property=\"og:locale\" content=\"de_DE\" \/>\n<meta property=\"og:type\" content=\"article\" \/>\n<meta property=\"og:title\" content=\"Drewniana \u0142awka ogrodowa Darwin 1,2m z oparciem i pod\u0142okietnikami - Siesta Garden\" \/>\n<meta property=\"og:description\" content=\"Drewniana \u0142awka ogrodowa Darwin 1,2m z litego drewna \u2013 dwuosobowa, kompaktowa i trwa\u0142a \u0142awka do ma\u0142ych przestrzeni \u0141awka Darwin 1,2m to dwuosobowe, stylowe i wyj\u0105tkowo praktyczne siedzisko stworzone z my\u015bl\u0105 o mniejszych przestrzeniach zewn\u0119trznych. Wykonana z litego drewna skandynawskiego, zosta\u0142a starannie wysuszona i zaimpregnowana do 3 kategorii, co zapewnia jej ponad 10 lat trwa\u0142o\u015bci oraz [&hellip;]\" \/>\n<meta property=\"og:url\" content=\"https:\/\/www.siestagarden.com\/de\/produkt\/darwin-12m\/\" \/>\n<meta property=\"og:site_name\" content=\"Siesta Garden\" \/>\n<meta property=\"article:modified_time\" content=\"2026-02-05T08:00:40+00:00\" \/>\n<meta property=\"og:image\" content=\"https:\/\/www.siestagarden.com\/wp-content\/uploads\/2025\/02\/unnamed-file-e1770278431153.jpg\" \/>\n\t<meta property=\"og:image:width\" content=\"1645\" \/>\n\t<meta property=\"og:image:height\" content=\"1236\" \/>\n\t<meta property=\"og:image:type\" content=\"image\/jpeg\" \/>\n<meta name=\"twitter:card\" content=\"summary_large_image\" \/>\n<meta name=\"twitter:label1\" content=\"Gesch\u00e4tzte Lesezeit\" \/>\n\t<meta name=\"twitter:data1\" content=\"2\u00a0Minuten\" \/>\n<script type=\"application\/ld+json\" class=\"yoast-schema-graph\">{\"@context\":\"https:\/\/schema.org\",\"@graph\":[{\"@type\":\"WebPage\",\"@id\":\"https:\/\/www.siestagarden.com\/produkt\/darwin-12m\/\",\"url\":\"https:\/\/www.siestagarden.com\/produkt\/darwin-12m\/\",\"name\":\"Drewniana \u0142awka ogrodowa Darwin 1,2m z oparciem i pod\u0142okietnikami - Siesta Garden\",\"isPartOf\":{\"@id\":\"https:\/\/www.siestagarden.com\/#website\"},\"primaryImageOfPage\":{\"@id\":\"https:\/\/www.siestagarden.com\/produkt\/darwin-12m\/#primaryimage\"},\"image\":{\"@id\":\"https:\/\/www.siestagarden.com\/produkt\/darwin-12m\/#primaryimage\"},\"thumbnailUrl\":\"https:\/\/www.siestagarden.com\/wp-content\/uploads\/2025\/02\/unnamed-file-e1770278431153.jpg\",\"datePublished\":\"2025-02-25T11:22:18+00:00\",\"dateModified\":\"2026-02-05T08:00:40+00:00\",\"breadcrumb\":{\"@id\":\"https:\/\/www.siestagarden.com\/produkt\/darwin-12m\/#breadcrumb\"},\"inLanguage\":\"de\",\"potentialAction\":[{\"@type\":\"ReadAction\",\"target\":[\"https:\/\/www.siestagarden.com\/produkt\/darwin-12m\/\"]}]},{\"@type\":\"ImageObject\",\"inLanguage\":\"de\",\"@id\":\"https:\/\/www.siestagarden.com\/produkt\/darwin-12m\/#primaryimage\",\"url\":\"https:\/\/www.siestagarden.com\/wp-content\/uploads\/2025\/02\/unnamed-file-e1770278431153.jpg\",\"contentUrl\":\"https:\/\/www.siestagarden.com\/wp-content\/uploads\/2025\/02\/unnamed-file-e1770278431153.jpg\",\"width\":1645,\"height\":1236},{\"@type\":\"BreadcrumbList\",\"@id\":\"https:\/\/www.siestagarden.com\/produkt\/darwin-12m\/#breadcrumb\",\"itemListElement\":[{\"@type\":\"ListItem\",\"position\":1,\"name\":\"Strona g\u0142\u00f3wna\",\"item\":\"https:\/\/www.siestagarden.com\/\"},{\"@type\":\"ListItem\",\"position\":2,\"name\":\"Sklep\",\"item\":\"https:\/\/www.siestagarden.com\/sklep\/\"},{\"@type\":\"ListItem\",\"position\":3,\"name\":\"Drewniana \u0142awka ogrodowa Darwin 1,2m z oparciem i pod\u0142okietnikami\"}]},{\"@type\":\"WebSite\",\"@id\":\"https:\/\/www.siestagarden.com\/#website\",\"url\":\"https:\/\/www.siestagarden.com\/\",\"name\":\"Siesta Garden\",\"description\":\"Meble do Twojego ogrodu. Polski producent drewnianych mebli najwy\u017cszej jako\u015bci.\",\"potentialAction\":[{\"@type\":\"SearchAction\",\"target\":{\"@type\":\"EntryPoint\",\"urlTemplate\":\"https:\/\/www.siestagarden.com\/?s={search_term_string}\"},\"query-input\":{\"@type\":\"PropertyValueSpecification\",\"valueRequired\":true,\"valueName\":\"search_term_string\"}}],\"inLanguage\":\"de\"}]}<\/script>\n<!-- \/ Yoast SEO plugin. -->","yoast_head_json":{"title":"Drewniana \u0142awka ogrodowa Darwin 1,2m z oparciem i pod\u0142okietnikami - Siesta Garden","robots":{"index":"index","follow":"follow","max-snippet":"max-snippet:-1","max-image-preview":"max-image-preview:large","max-video-preview":"max-video-preview:-1"},"canonical":"https:\/\/www.siestagarden.com\/de\/produkt\/darwin-12m\/","og_locale":"de_DE","og_type":"article","og_title":"Drewniana \u0142awka ogrodowa Darwin 1,2m z oparciem i pod\u0142okietnikami - Siesta Garden","og_description":"Drewniana \u0142awka ogrodowa Darwin 1,2m z litego drewna \u2013 dwuosobowa, kompaktowa i trwa\u0142a \u0142awka do ma\u0142ych przestrzeni \u0141awka Darwin 1,2m to dwuosobowe, stylowe i wyj\u0105tkowo praktyczne siedzisko stworzone z my\u015bl\u0105 o mniejszych przestrzeniach zewn\u0119trznych. Wykonana z litego drewna skandynawskiego, zosta\u0142a starannie wysuszona i zaimpregnowana do 3 kategorii, co zapewnia jej ponad 10 lat trwa\u0142o\u015bci oraz [&hellip;]","og_url":"https:\/\/www.siestagarden.com\/de\/produkt\/darwin-12m\/","og_site_name":"Siesta Garden","article_modified_time":"2026-02-05T08:00:40+00:00","og_image":[{"width":1645,"height":1236,"url":"https:\/\/www.siestagarden.com\/wp-content\/uploads\/2025\/02\/unnamed-file-e1770278431153.jpg","type":"image\/jpeg"}],"twitter_card":"summary_large_image","twitter_misc":{"Gesch\u00e4tzte Lesezeit":"2\u00a0Minuten"},"schema":{"@context":"https:\/\/schema.org","@graph":[{"@type":"WebPage","@id":"https:\/\/www.siestagarden.com\/produkt\/darwin-12m\/","url":"https:\/\/www.siestagarden.com\/produkt\/darwin-12m\/","name":"Drewniana \u0142awka ogrodowa Darwin 1,2m z oparciem i pod\u0142okietnikami - Siesta Garden","isPartOf":{"@id":"https:\/\/www.siestagarden.com\/#website"},"primaryImageOfPage":{"@id":"https:\/\/www.siestagarden.com\/produkt\/darwin-12m\/#primaryimage"},"image":{"@id":"https:\/\/www.siestagarden.com\/produkt\/darwin-12m\/#primaryimage"},"thumbnailUrl":"https:\/\/www.siestagarden.com\/wp-content\/uploads\/2025\/02\/unnamed-file-e1770278431153.jpg","datePublished":"2025-02-25T11:22:18+00:00","dateModified":"2026-02-05T08:00:40+00:00","breadcrumb":{"@id":"https:\/\/www.siestagarden.com\/produkt\/darwin-12m\/#breadcrumb"},"inLanguage":"de","potentialAction":[{"@type":"ReadAction","target":["https:\/\/www.siestagarden.com\/produkt\/darwin-12m\/"]}]},{"@type":"ImageObject","inLanguage":"de","@id":"https:\/\/www.siestagarden.com\/produkt\/darwin-12m\/#primaryimage","url":"https:\/\/www.siestagarden.com\/wp-content\/uploads\/2025\/02\/unnamed-file-e1770278431153.jpg","contentUrl":"https:\/\/www.siestagarden.com\/wp-content\/uploads\/2025\/02\/unnamed-file-e1770278431153.jpg","width":1645,"height":1236},{"@type":"BreadcrumbList","@id":"https:\/\/www.siestagarden.com\/produkt\/darwin-12m\/#breadcrumb","itemListElement":[{"@type":"ListItem","position":1,"name":"Strona g\u0142\u00f3wna","item":"https:\/\/www.siestagarden.com\/"},{"@type":"ListItem","position":2,"name":"Sklep","item":"https:\/\/www.siestagarden.com\/sklep\/"},{"@type":"ListItem","position":3,"name":"Drewniana \u0142awka ogrodowa Darwin 1,2m z oparciem i pod\u0142okietnikami"}]},{"@type":"WebSite","@id":"https:\/\/www.siestagarden.com\/#website","url":"https:\/\/www.siestagarden.com\/","name":"Siesta Garten","description":"M\u00f6bel f\u00fcr Ihren Garten. Polnischen Hersteller von Holzm\u00f6beln von h\u00f6chster Qualit\u00e4t.","potentialAction":[{"@type":"SearchAction","target":{"@type":"EntryPoint","urlTemplate":"https:\/\/www.siestagarden.com\/?s={search_term_string}"},"query-input":{"@type":"PropertyValueSpecification","valueRequired":true,"valueName":"search_term_string"}}],"inLanguage":"de"}]}},"_links":{"self":[{"href":"https:\/\/www.siestagarden.com\/de\/wp-json\/wp\/v2\/product\/1292","targetHints":{"allow":["GET"]}}],"collection":[{"href":"https:\/\/www.siestagarden.com\/de\/wp-json\/wp\/v2\/product"}],"about":[{"href":"https:\/\/www.siestagarden.com\/de\/wp-json\/wp\/v2\/types\/product"}],"wp:featuredmedia":[{"embeddable":true,"href":"https:\/\/www.siestagarden.com\/de\/wp-json\/wp\/v2\/media\/4021"}],"wp:attachment":[{"href":"https:\/\/www.siestagarden.com\/de\/wp-json\/wp\/v2\/media?parent=1292"}],"wp:term":[{"taxonomy":"product_brand","embeddable":true,"href":"https:\/\/www.siestagarden.com\/de\/wp-json\/wp\/v2\/product_brand?post=1292"},{"taxonomy":"product_cat","embeddable":true,"href":"https:\/\/www.siestagarden.com\/de\/wp-json\/wp\/v2\/product_cat?post=1292"},{"taxonomy":"product_tag","embeddable":true,"href":"https:\/\/www.siestagarden.com\/de\/wp-json\/wp\/v2\/product_tag?post=1292"}],"curies":[{"name":"wp","href":"https:\/\/api.w.org\/{rel}","templated":true}]}}