{"id":1295,"date":"2025-02-25T12:22:18","date_gmt":"2025-02-25T11:22:18","guid":{"rendered":"https:\/\/www.siestagarden.com\/?post_type=product&#038;p=1295"},"modified":"2026-01-27T13:51:16","modified_gmt":"2026-01-27T12:51:16","slug":"darwin-15m","status":"publish","type":"product","link":"https:\/\/www.siestagarden.com\/de\/produkt\/darwin-15m\/","title":{"rendered":"Darwin 1,5 m Gartenbank aus Holz mit R\u00fcckenlehne und Armlehnen"},"content":{"rendered":"<p class=\"p1\">Gartenbank <span class=\"s1\"><b>Darwin 1,5 m<\/b><\/span> Hergestellt aus Massivholz. Eine solide Bank f\u00fcr den Garten und den \u00f6ffentlichen Raum. Bereichern Sie Ihren Au\u00dfenbereich mit der Darwin 1,5 m Holzbank aus hochwertigem skandinavischem Holz. Mit ihren massiven Beinen und ihrer robusten Konstruktion ist die Bank perfekt f\u00fcr \u00f6ffentliche Pl\u00e4tze, aber auch f\u00fcr private G\u00e4rten und Terrassen.<\/p>\n<p>Er ist die ideale L\u00f6sung f\u00fcr Schulen, Krankenh\u00e4user, Stadtparks sowie f\u00fcr Privatgrundst\u00fccke - \u00fcberall dort, wo Komfort, Langlebigkeit und \u00c4sthetik wichtig sind.<\/p>\n<ul>\n<li>aus kammergetrocknetem skandinavischem Holz<\/li>\n<li>\u00f6kologische Impr\u00e4gnierung<\/li>\n<li>ideal f\u00fcr Schulen, G\u00e4rten, Parks, \u00f6ffentliche Einrichtungen<\/li>\n<li>witterungsbest\u00e4ndig - j\u00e4hrliche Wartung empfohlen<\/li>\n<li>Nat\u00fcrliche Risse beeintr\u00e4chtigen die Festigkeit des Bauwerks nicht<\/li>\n<\/ul>\n<p>Die Holzbank Darwin wurde im Werk mit einem umweltfreundlichen Schutzmittel in der Farbe Dunkelgrau impr\u00e4gniert. Um die Lebensdauer der Bank zu verl\u00e4ngern, wird empfohlen, sie j\u00e4hrlich mit einer Schutzimpr\u00e4gnierung oder einem \u00d6l zu behandeln. Risse im Holz, die im Laufe der Zeit entstehen, sind ein nat\u00fcrlicher Effekt der Alterung und beeintr\u00e4chtigen die Stabilit\u00e4t und Funktionalit\u00e4t der Bank nicht.<\/p>\n<p>Ideal f\u00fcr G\u00e4rten, Parks, Schulen, \u00f6ffentliche Einrichtungen und \u00fcberall dort, wo eine robuste und langlebige Bank ben\u00f6tigt wird.<\/p>","protected":false},"excerpt":{"rendered":"<p>\u0141awka ogrodowa Darwin 1,5m z litego drewna. Solidna \u0142awka do ogrodu i przestrzeni publicznych. Wzboga\u0107 swoj\u0105 przestrze\u0144 zewn\u0119trzn\u0105 dzi\u0119ki \u0142awce Drewnianej Darwin 1,5 m, wykonanej z wysokiej jako\u015bci drewna skandynawskiego. Dzi\u0119ki masywnym nogom i wytrzyma\u0142ej konstrukcji, \u0142awka doskonale sprawdzi si\u0119 zar\u00f3wno w miejscach publicznych, jak i w prywatnych ogrodach, tarasach. To idealne rozwiazanie dla szk\u00f3\u0142, [&hellip;]<\/p>\n","protected":false},"featured_media":678,"template":"","meta":{"_acf_changed":false},"product_brand":[],"product_cat":[67],"product_tag":[82],"class_list":{"0":"post-1295","1":"product","2":"type-product","3":"status-publish","4":"has-post-thumbnail","6":"product_cat-sofy-i-lawki","7":"product_tag-kolekcja-darwin","8":"product_shipping_class-podstawowa","10":"first","11":"instock","12":"taxable","13":"shipping-taxable","14":"purchasable","15":"product-type-simple","16":"add-to-wishlist-after_add_to_cart"},"acf":[],"yoast_head":"<!-- This site is optimized with the Yoast SEO plugin v26.6 - https:\/\/yoast.com\/wordpress\/plugins\/seo\/ -->\n<title>Drewniana \u0142awka ogrodowa Darwin 1,5m z oparciem i pod\u0142okietnikami - Siesta Garden<\/title>\n<meta name=\"robots\" content=\"index, follow, max-snippet:-1, max-image-preview:large, max-video-preview:-1\" \/>\n<link rel=\"canonical\" href=\"https:\/\/www.siestagarden.com\/de\/produkt\/darwin-15m\/\" \/>\n<meta property=\"og:locale\" content=\"de_DE\" \/>\n<meta property=\"og:type\" content=\"article\" \/>\n<meta property=\"og:title\" content=\"Drewniana \u0142awka ogrodowa Darwin 1,5m z oparciem i pod\u0142okietnikami - Siesta Garden\" \/>\n<meta property=\"og:description\" content=\"\u0141awka ogrodowa Darwin 1,5m z litego drewna. Solidna \u0142awka do ogrodu i przestrzeni publicznych. Wzboga\u0107 swoj\u0105 przestrze\u0144 zewn\u0119trzn\u0105 dzi\u0119ki \u0142awce Drewnianej Darwin 1,5 m, wykonanej z wysokiej jako\u015bci drewna skandynawskiego. Dzi\u0119ki masywnym nogom i wytrzyma\u0142ej konstrukcji, \u0142awka doskonale sprawdzi si\u0119 zar\u00f3wno w miejscach publicznych, jak i w prywatnych ogrodach, tarasach. To idealne rozwiazanie dla szk\u00f3\u0142, [&hellip;]\" \/>\n<meta property=\"og:url\" content=\"https:\/\/www.siestagarden.com\/de\/produkt\/darwin-15m\/\" \/>\n<meta property=\"og:site_name\" content=\"Siesta Garden\" \/>\n<meta property=\"article:modified_time\" content=\"2026-01-27T12:51:16+00:00\" \/>\n<meta property=\"og:image\" content=\"https:\/\/www.siestagarden.com\/wp-content\/uploads\/2024\/09\/78b24af19a88b6b93d4e13d3642a7c0e.jpg\" \/>\n\t<meta property=\"og:image:width\" content=\"672\" \/>\n\t<meta property=\"og:image:height\" content=\"448\" \/>\n\t<meta property=\"og:image:type\" content=\"image\/jpeg\" \/>\n<meta name=\"twitter:card\" content=\"summary_large_image\" \/>\n<meta name=\"twitter:label1\" content=\"Gesch\u00e4tzte Lesezeit\" \/>\n\t<meta name=\"twitter:data1\" content=\"2\u00a0Minuten\" \/>\n<script type=\"application\/ld+json\" class=\"yoast-schema-graph\">{\"@context\":\"https:\/\/schema.org\",\"@graph\":[{\"@type\":\"WebPage\",\"@id\":\"https:\/\/www.siestagarden.com\/produkt\/darwin-15m\/\",\"url\":\"https:\/\/www.siestagarden.com\/produkt\/darwin-15m\/\",\"name\":\"Drewniana \u0142awka ogrodowa Darwin 1,5m z oparciem i pod\u0142okietnikami - Siesta Garden\",\"isPartOf\":{\"@id\":\"https:\/\/www.siestagarden.com\/#website\"},\"primaryImageOfPage\":{\"@id\":\"https:\/\/www.siestagarden.com\/produkt\/darwin-15m\/#primaryimage\"},\"image\":{\"@id\":\"https:\/\/www.siestagarden.com\/produkt\/darwin-15m\/#primaryimage\"},\"thumbnailUrl\":\"https:\/\/www.siestagarden.com\/wp-content\/uploads\/2024\/09\/78b24af19a88b6b93d4e13d3642a7c0e.jpg\",\"datePublished\":\"2025-02-25T11:22:18+00:00\",\"dateModified\":\"2026-01-27T12:51:16+00:00\",\"breadcrumb\":{\"@id\":\"https:\/\/www.siestagarden.com\/produkt\/darwin-15m\/#breadcrumb\"},\"inLanguage\":\"de\",\"potentialAction\":[{\"@type\":\"ReadAction\",\"target\":[\"https:\/\/www.siestagarden.com\/produkt\/darwin-15m\/\"]}]},{\"@type\":\"ImageObject\",\"inLanguage\":\"de\",\"@id\":\"https:\/\/www.siestagarden.com\/produkt\/darwin-15m\/#primaryimage\",\"url\":\"https:\/\/www.siestagarden.com\/wp-content\/uploads\/2024\/09\/78b24af19a88b6b93d4e13d3642a7c0e.jpg\",\"contentUrl\":\"https:\/\/www.siestagarden.com\/wp-content\/uploads\/2024\/09\/78b24af19a88b6b93d4e13d3642a7c0e.jpg\",\"width\":672,\"height\":448},{\"@type\":\"BreadcrumbList\",\"@id\":\"https:\/\/www.siestagarden.com\/produkt\/darwin-15m\/#breadcrumb\",\"itemListElement\":[{\"@type\":\"ListItem\",\"position\":1,\"name\":\"Strona g\u0142\u00f3wna\",\"item\":\"https:\/\/www.siestagarden.com\/\"},{\"@type\":\"ListItem\",\"position\":2,\"name\":\"Sklep\",\"item\":\"https:\/\/www.siestagarden.com\/sklep\/\"},{\"@type\":\"ListItem\",\"position\":3,\"name\":\"Drewniana \u0142awka ogrodowa Darwin 1,5m z oparciem i pod\u0142okietnikami\"}]},{\"@type\":\"WebSite\",\"@id\":\"https:\/\/www.siestagarden.com\/#website\",\"url\":\"https:\/\/www.siestagarden.com\/\",\"name\":\"Siesta Garden\",\"description\":\"Meble do Twojego ogrodu. Polski producent drewnianych mebli najwy\u017cszej jako\u015bci.\",\"potentialAction\":[{\"@type\":\"SearchAction\",\"target\":{\"@type\":\"EntryPoint\",\"urlTemplate\":\"https:\/\/www.siestagarden.com\/?s={search_term_string}\"},\"query-input\":{\"@type\":\"PropertyValueSpecification\",\"valueRequired\":true,\"valueName\":\"search_term_string\"}}],\"inLanguage\":\"de\"}]}<\/script>\n<!-- \/ Yoast SEO plugin. -->","yoast_head_json":{"title":"Drewniana \u0142awka ogrodowa Darwin 1,5m z oparciem i pod\u0142okietnikami - Siesta Garden","robots":{"index":"index","follow":"follow","max-snippet":"max-snippet:-1","max-image-preview":"max-image-preview:large","max-video-preview":"max-video-preview:-1"},"canonical":"https:\/\/www.siestagarden.com\/de\/produkt\/darwin-15m\/","og_locale":"de_DE","og_type":"article","og_title":"Drewniana \u0142awka ogrodowa Darwin 1,5m z oparciem i pod\u0142okietnikami - Siesta Garden","og_description":"\u0141awka ogrodowa Darwin 1,5m z litego drewna. Solidna \u0142awka do ogrodu i przestrzeni publicznych. Wzboga\u0107 swoj\u0105 przestrze\u0144 zewn\u0119trzn\u0105 dzi\u0119ki \u0142awce Drewnianej Darwin 1,5 m, wykonanej z wysokiej jako\u015bci drewna skandynawskiego. Dzi\u0119ki masywnym nogom i wytrzyma\u0142ej konstrukcji, \u0142awka doskonale sprawdzi si\u0119 zar\u00f3wno w miejscach publicznych, jak i w prywatnych ogrodach, tarasach. To idealne rozwiazanie dla szk\u00f3\u0142, [&hellip;]","og_url":"https:\/\/www.siestagarden.com\/de\/produkt\/darwin-15m\/","og_site_name":"Siesta Garden","article_modified_time":"2026-01-27T12:51:16+00:00","og_image":[{"width":672,"height":448,"url":"https:\/\/www.siestagarden.com\/wp-content\/uploads\/2024\/09\/78b24af19a88b6b93d4e13d3642a7c0e.jpg","type":"image\/jpeg"}],"twitter_card":"summary_large_image","twitter_misc":{"Gesch\u00e4tzte Lesezeit":"2\u00a0Minuten"},"schema":{"@context":"https:\/\/schema.org","@graph":[{"@type":"WebPage","@id":"https:\/\/www.siestagarden.com\/produkt\/darwin-15m\/","url":"https:\/\/www.siestagarden.com\/produkt\/darwin-15m\/","name":"Drewniana \u0142awka ogrodowa Darwin 1,5m z oparciem i pod\u0142okietnikami - Siesta Garden","isPartOf":{"@id":"https:\/\/www.siestagarden.com\/#website"},"primaryImageOfPage":{"@id":"https:\/\/www.siestagarden.com\/produkt\/darwin-15m\/#primaryimage"},"image":{"@id":"https:\/\/www.siestagarden.com\/produkt\/darwin-15m\/#primaryimage"},"thumbnailUrl":"https:\/\/www.siestagarden.com\/wp-content\/uploads\/2024\/09\/78b24af19a88b6b93d4e13d3642a7c0e.jpg","datePublished":"2025-02-25T11:22:18+00:00","dateModified":"2026-01-27T12:51:16+00:00","breadcrumb":{"@id":"https:\/\/www.siestagarden.com\/produkt\/darwin-15m\/#breadcrumb"},"inLanguage":"de","potentialAction":[{"@type":"ReadAction","target":["https:\/\/www.siestagarden.com\/produkt\/darwin-15m\/"]}]},{"@type":"ImageObject","inLanguage":"de","@id":"https:\/\/www.siestagarden.com\/produkt\/darwin-15m\/#primaryimage","url":"https:\/\/www.siestagarden.com\/wp-content\/uploads\/2024\/09\/78b24af19a88b6b93d4e13d3642a7c0e.jpg","contentUrl":"https:\/\/www.siestagarden.com\/wp-content\/uploads\/2024\/09\/78b24af19a88b6b93d4e13d3642a7c0e.jpg","width":672,"height":448},{"@type":"BreadcrumbList","@id":"https:\/\/www.siestagarden.com\/produkt\/darwin-15m\/#breadcrumb","itemListElement":[{"@type":"ListItem","position":1,"name":"Strona g\u0142\u00f3wna","item":"https:\/\/www.siestagarden.com\/"},{"@type":"ListItem","position":2,"name":"Sklep","item":"https:\/\/www.siestagarden.com\/sklep\/"},{"@type":"ListItem","position":3,"name":"Drewniana \u0142awka ogrodowa Darwin 1,5m z oparciem i pod\u0142okietnikami"}]},{"@type":"WebSite","@id":"https:\/\/www.siestagarden.com\/#website","url":"https:\/\/www.siestagarden.com\/","name":"Siesta Garten","description":"M\u00f6bel f\u00fcr Ihren Garten. Polnischen Hersteller von Holzm\u00f6beln von h\u00f6chster Qualit\u00e4t.","potentialAction":[{"@type":"SearchAction","target":{"@type":"EntryPoint","urlTemplate":"https:\/\/www.siestagarden.com\/?s={search_term_string}"},"query-input":{"@type":"PropertyValueSpecification","valueRequired":true,"valueName":"search_term_string"}}],"inLanguage":"de"}]}},"_links":{"self":[{"href":"https:\/\/www.siestagarden.com\/de\/wp-json\/wp\/v2\/product\/1295","targetHints":{"allow":["GET"]}}],"collection":[{"href":"https:\/\/www.siestagarden.com\/de\/wp-json\/wp\/v2\/product"}],"about":[{"href":"https:\/\/www.siestagarden.com\/de\/wp-json\/wp\/v2\/types\/product"}],"wp:featuredmedia":[{"embeddable":true,"href":"https:\/\/www.siestagarden.com\/de\/wp-json\/wp\/v2\/media\/678"}],"wp:attachment":[{"href":"https:\/\/www.siestagarden.com\/de\/wp-json\/wp\/v2\/media?parent=1295"}],"wp:term":[{"taxonomy":"product_brand","embeddable":true,"href":"https:\/\/www.siestagarden.com\/de\/wp-json\/wp\/v2\/product_brand?post=1295"},{"taxonomy":"product_cat","embeddable":true,"href":"https:\/\/www.siestagarden.com\/de\/wp-json\/wp\/v2\/product_cat?post=1295"},{"taxonomy":"product_tag","embeddable":true,"href":"https:\/\/www.siestagarden.com\/de\/wp-json\/wp\/v2\/product_tag?post=1295"}],"curies":[{"name":"wp","href":"https:\/\/api.w.org\/{rel}","templated":true}]}}