{"id":1301,"date":"2025-02-25T12:22:19","date_gmt":"2025-02-25T11:22:19","guid":{"rendered":"https:\/\/www.siestagarden.com\/?post_type=product&#038;p=1301"},"modified":"2026-02-06T12:31:56","modified_gmt":"2026-02-06T11:31:56","slug":"insta-beach-12m","status":"publish","type":"product","link":"https:\/\/www.siestagarden.com\/de\/produkt\/insta-beach-12m\/","title":{"rendered":"Insta Beach Bank 2m"},"content":{"rendered":"<p><strong>Insta-Bank<\/strong> - Designansicht Bank 2M | FSC\u00ae Holz | Wei\u00df und Schwarz<\/p>\n<p><strong>Insta-Bank<\/strong> ist mehr als eine Bank - sie <strong>ein Aussichtspunkt, ein St\u00fcck Landschaftsgestaltung und ein echter Magnet f\u00fcr das Auge (und die Kamera!)<\/strong>. Mit einer H\u00f6he von 2 Metern zieht er die Aufmerksamkeit auf sich <strong>au\u00dfergew\u00f6hnliches Design<\/strong> und er\u00f6ffnet v\u00f6llig neue M\u00f6glichkeiten f\u00fcr den Einsatz in \u00f6ffentlichen und gewerblichen R\u00e4umen.<\/p>\n<p>Dieses einzigartige Design wurde entwickelt <strong>f\u00fcr Hotels, Freizeiteinrichtungen, Pensionen und Restaurants<\/strong>wo er als eindrucksvoller Instagram-Sitz mit der Skyline im Hintergrund fungieren kann. Der perfekte Ort f\u00fcr Fotos mit Aussicht - <strong>Die G\u00e4ste werden sie vom ersten Schuss an lieben.<\/strong><\/p>\n<p>Es eignet sich auch gut als <strong>Beobachtungspunkt an Sportpl\u00e4tzen,<\/strong> so dass das Spiel aus einer v\u00f6llig anderen Perspektive verfolgt werden kann.<\/p>\n<p>Aber das ist noch nicht alles - Insta Bench wird sich auch in der <strong>Schaug\u00e4rten, Freilichtmuseen, Aussichtsplattformen oder st\u00e4dtische Plazas<\/strong>wo sie zu einem funktionalen Kunstwerk werden kann.<\/p>\n<p>\u2714\ufe0f<strong> Beeindruckende H\u00f6he<\/strong> - bis zu 2 Meter<\/p>\n<p>\u2714\ufe0f <strong>Hergestellt aus FSC\u00ae-zertifiziertem Holz<\/strong><\/p>\n<p>\u2714\ufe0f <strong>Erh\u00e4ltlich in den Farben Schwarz und Wei\u00df<\/strong> - beschichtet mit einer hochwertigen azurblauen Impr\u00e4gnierung, die das Holz sch\u00fctzt und seine Struktur hervorhebt<\/p>\n<p>\u2714\ufe0f <strong>Ideal als Aussichtsbank, Fotopunkt, Sitzgelegenheit f\u00fcr Sportler oder f\u00fcr das Stadtbild<\/strong><\/p>\n<p>\u2714\ufe0f<strong> Eine Gestaltungsform, die Neugierde weckt und zur Interaktion anregt<\/strong><\/p>\n<p>\u2714\ufe0f<strong> Stabil, langlebig und widerstandsf\u00e4hig gegen \u00e4u\u00dfere Einfl\u00fcsse<\/strong><\/p>\n<p>Die Insta Bench ist eine Bank, die Eindruck macht - sie kombiniert eine n\u00fctzliche Funktion mit einer auff\u00e4lligen Form und bietet gleichzeitig gro\u00dfe Gestaltungsm\u00f6glichkeiten. Wo immer sie auftaucht, wird sie zum Mittelpunkt eines Raumes und... zur Kulisse f\u00fcr viele tolle Fotos.<\/p>\n<p>Geschaffen mit Blick auf \u00c4sthetik, Aussicht und Erfahrung -.<strong>Die Insta Bench ist ein Muss f\u00fcr den modernen Au\u00dfenbereich.<\/strong><\/p>","protected":false},"excerpt":{"rendered":"<p>\u0141awka Insta &#8211; designerska \u0142awka widokowa 2M | FSC\u00ae Drewno | Bia\u0142o-czarna Insta Bench to co\u015b wi\u0119cej ni\u017c \u0142awka \u2013 to punkt widokowy, element architektury krajobrazu i prawdziwy magnes dla wzroku (i aparatu!). Wysoka na a\u017c 2 metry, przyci\u0105ga uwag\u0119 nietuzinkowym designem i otwiera zupe\u0142nie nowe mo\u017cliwo\u015bci wykorzystania w przestrzeni publicznej i komercyjnej. Ta wyj\u0105tkowa [&hellip;]<\/p>\n","protected":false},"featured_media":2326,"template":"","meta":{"_acf_changed":false},"product_brand":[],"product_cat":[67],"product_tag":[],"class_list":{"0":"post-1301","1":"product","2":"type-product","3":"status-publish","4":"has-post-thumbnail","6":"product_cat-sofy-i-lawki","7":"product_shipping_class-podstawowa","9":"first","10":"instock","11":"taxable","12":"shipping-taxable","13":"purchasable","14":"product-type-simple","15":"add-to-wishlist-after_add_to_cart"},"acf":[],"yoast_head":"<!-- This site is optimized with the Yoast SEO plugin v26.6 - https:\/\/yoast.com\/wordpress\/plugins\/seo\/ -->\n<title>\u0141awka Insta Beach 2m - Siesta Garden<\/title>\n<meta name=\"robots\" content=\"index, follow, max-snippet:-1, max-image-preview:large, max-video-preview:-1\" \/>\n<link rel=\"canonical\" href=\"https:\/\/www.siestagarden.com\/de\/produkt\/insta-beach-12m\/\" \/>\n<meta property=\"og:locale\" content=\"de_DE\" \/>\n<meta property=\"og:type\" content=\"article\" \/>\n<meta property=\"og:title\" content=\"\u0141awka Insta Beach 2m - Siesta Garden\" \/>\n<meta property=\"og:description\" content=\"\u0141awka Insta &#8211; designerska \u0142awka widokowa 2M | FSC\u00ae Drewno | Bia\u0142o-czarna Insta Bench to co\u015b wi\u0119cej ni\u017c \u0142awka \u2013 to punkt widokowy, element architektury krajobrazu i prawdziwy magnes dla wzroku (i aparatu!). Wysoka na a\u017c 2 metry, przyci\u0105ga uwag\u0119 nietuzinkowym designem i otwiera zupe\u0142nie nowe mo\u017cliwo\u015bci wykorzystania w przestrzeni publicznej i komercyjnej. Ta wyj\u0105tkowa [&hellip;]\" \/>\n<meta property=\"og:url\" content=\"https:\/\/www.siestagarden.com\/de\/produkt\/insta-beach-12m\/\" \/>\n<meta property=\"og:site_name\" content=\"Siesta Garden\" \/>\n<meta property=\"article:modified_time\" content=\"2026-02-06T11:31:56+00:00\" \/>\n<meta property=\"og:image\" content=\"https:\/\/www.siestagarden.com\/wp-content\/uploads\/2025\/02\/IMG_9534-scaled-e1769084862622.jpg\" \/>\n\t<meta property=\"og:image:width\" content=\"1430\" \/>\n\t<meta property=\"og:image:height\" content=\"1707\" \/>\n\t<meta property=\"og:image:type\" content=\"image\/jpeg\" \/>\n<meta name=\"twitter:card\" content=\"summary_large_image\" \/>\n<meta name=\"twitter:label1\" content=\"Gesch\u00e4tzte Lesezeit\" \/>\n\t<meta name=\"twitter:data1\" content=\"2\u00a0Minuten\" \/>\n<script type=\"application\/ld+json\" class=\"yoast-schema-graph\">{\"@context\":\"https:\/\/schema.org\",\"@graph\":[{\"@type\":\"WebPage\",\"@id\":\"https:\/\/www.siestagarden.com\/produkt\/insta-beach-12m\/\",\"url\":\"https:\/\/www.siestagarden.com\/produkt\/insta-beach-12m\/\",\"name\":\"\u0141awka Insta Beach 2m - Siesta Garden\",\"isPartOf\":{\"@id\":\"https:\/\/www.siestagarden.com\/#website\"},\"primaryImageOfPage\":{\"@id\":\"https:\/\/www.siestagarden.com\/produkt\/insta-beach-12m\/#primaryimage\"},\"image\":{\"@id\":\"https:\/\/www.siestagarden.com\/produkt\/insta-beach-12m\/#primaryimage\"},\"thumbnailUrl\":\"https:\/\/www.siestagarden.com\/wp-content\/uploads\/2025\/02\/IMG_9534-scaled-e1769084862622.jpg\",\"datePublished\":\"2025-02-25T11:22:19+00:00\",\"dateModified\":\"2026-02-06T11:31:56+00:00\",\"breadcrumb\":{\"@id\":\"https:\/\/www.siestagarden.com\/produkt\/insta-beach-12m\/#breadcrumb\"},\"inLanguage\":\"de\",\"potentialAction\":[{\"@type\":\"ReadAction\",\"target\":[\"https:\/\/www.siestagarden.com\/produkt\/insta-beach-12m\/\"]}]},{\"@type\":\"ImageObject\",\"inLanguage\":\"de\",\"@id\":\"https:\/\/www.siestagarden.com\/produkt\/insta-beach-12m\/#primaryimage\",\"url\":\"https:\/\/www.siestagarden.com\/wp-content\/uploads\/2025\/02\/IMG_9534-scaled-e1769084862622.jpg\",\"contentUrl\":\"https:\/\/www.siestagarden.com\/wp-content\/uploads\/2025\/02\/IMG_9534-scaled-e1769084862622.jpg\",\"width\":1430,\"height\":1707},{\"@type\":\"BreadcrumbList\",\"@id\":\"https:\/\/www.siestagarden.com\/produkt\/insta-beach-12m\/#breadcrumb\",\"itemListElement\":[{\"@type\":\"ListItem\",\"position\":1,\"name\":\"Strona g\u0142\u00f3wna\",\"item\":\"https:\/\/www.siestagarden.com\/\"},{\"@type\":\"ListItem\",\"position\":2,\"name\":\"Sklep\",\"item\":\"https:\/\/www.siestagarden.com\/sklep\/\"},{\"@type\":\"ListItem\",\"position\":3,\"name\":\"\u0141awka Insta Beach 2m\"}]},{\"@type\":\"WebSite\",\"@id\":\"https:\/\/www.siestagarden.com\/#website\",\"url\":\"https:\/\/www.siestagarden.com\/\",\"name\":\"Siesta Garden\",\"description\":\"Meble do Twojego ogrodu. Polski producent drewnianych mebli najwy\u017cszej jako\u015bci.\",\"potentialAction\":[{\"@type\":\"SearchAction\",\"target\":{\"@type\":\"EntryPoint\",\"urlTemplate\":\"https:\/\/www.siestagarden.com\/?s={search_term_string}\"},\"query-input\":{\"@type\":\"PropertyValueSpecification\",\"valueRequired\":true,\"valueName\":\"search_term_string\"}}],\"inLanguage\":\"de\"}]}<\/script>\n<!-- \/ Yoast SEO plugin. -->","yoast_head_json":{"title":"\u0141awka Insta Beach 2m - Siesta Garden","robots":{"index":"index","follow":"follow","max-snippet":"max-snippet:-1","max-image-preview":"max-image-preview:large","max-video-preview":"max-video-preview:-1"},"canonical":"https:\/\/www.siestagarden.com\/de\/produkt\/insta-beach-12m\/","og_locale":"de_DE","og_type":"article","og_title":"\u0141awka Insta Beach 2m - Siesta Garden","og_description":"\u0141awka Insta &#8211; designerska \u0142awka widokowa 2M | FSC\u00ae Drewno | Bia\u0142o-czarna Insta Bench to co\u015b wi\u0119cej ni\u017c \u0142awka \u2013 to punkt widokowy, element architektury krajobrazu i prawdziwy magnes dla wzroku (i aparatu!). Wysoka na a\u017c 2 metry, przyci\u0105ga uwag\u0119 nietuzinkowym designem i otwiera zupe\u0142nie nowe mo\u017cliwo\u015bci wykorzystania w przestrzeni publicznej i komercyjnej. Ta wyj\u0105tkowa [&hellip;]","og_url":"https:\/\/www.siestagarden.com\/de\/produkt\/insta-beach-12m\/","og_site_name":"Siesta Garden","article_modified_time":"2026-02-06T11:31:56+00:00","og_image":[{"width":1430,"height":1707,"url":"https:\/\/www.siestagarden.com\/wp-content\/uploads\/2025\/02\/IMG_9534-scaled-e1769084862622.jpg","type":"image\/jpeg"}],"twitter_card":"summary_large_image","twitter_misc":{"Gesch\u00e4tzte Lesezeit":"2\u00a0Minuten"},"schema":{"@context":"https:\/\/schema.org","@graph":[{"@type":"WebPage","@id":"https:\/\/www.siestagarden.com\/produkt\/insta-beach-12m\/","url":"https:\/\/www.siestagarden.com\/produkt\/insta-beach-12m\/","name":"\u0141awka Insta Beach 2m - Siesta Garden","isPartOf":{"@id":"https:\/\/www.siestagarden.com\/#website"},"primaryImageOfPage":{"@id":"https:\/\/www.siestagarden.com\/produkt\/insta-beach-12m\/#primaryimage"},"image":{"@id":"https:\/\/www.siestagarden.com\/produkt\/insta-beach-12m\/#primaryimage"},"thumbnailUrl":"https:\/\/www.siestagarden.com\/wp-content\/uploads\/2025\/02\/IMG_9534-scaled-e1769084862622.jpg","datePublished":"2025-02-25T11:22:19+00:00","dateModified":"2026-02-06T11:31:56+00:00","breadcrumb":{"@id":"https:\/\/www.siestagarden.com\/produkt\/insta-beach-12m\/#breadcrumb"},"inLanguage":"de","potentialAction":[{"@type":"ReadAction","target":["https:\/\/www.siestagarden.com\/produkt\/insta-beach-12m\/"]}]},{"@type":"ImageObject","inLanguage":"de","@id":"https:\/\/www.siestagarden.com\/produkt\/insta-beach-12m\/#primaryimage","url":"https:\/\/www.siestagarden.com\/wp-content\/uploads\/2025\/02\/IMG_9534-scaled-e1769084862622.jpg","contentUrl":"https:\/\/www.siestagarden.com\/wp-content\/uploads\/2025\/02\/IMG_9534-scaled-e1769084862622.jpg","width":1430,"height":1707},{"@type":"BreadcrumbList","@id":"https:\/\/www.siestagarden.com\/produkt\/insta-beach-12m\/#breadcrumb","itemListElement":[{"@type":"ListItem","position":1,"name":"Strona g\u0142\u00f3wna","item":"https:\/\/www.siestagarden.com\/"},{"@type":"ListItem","position":2,"name":"Sklep","item":"https:\/\/www.siestagarden.com\/sklep\/"},{"@type":"ListItem","position":3,"name":"\u0141awka Insta Beach 2m"}]},{"@type":"WebSite","@id":"https:\/\/www.siestagarden.com\/#website","url":"https:\/\/www.siestagarden.com\/","name":"Siesta Garten","description":"M\u00f6bel f\u00fcr Ihren Garten. Polnischen Hersteller von Holzm\u00f6beln von h\u00f6chster Qualit\u00e4t.","potentialAction":[{"@type":"SearchAction","target":{"@type":"EntryPoint","urlTemplate":"https:\/\/www.siestagarden.com\/?s={search_term_string}"},"query-input":{"@type":"PropertyValueSpecification","valueRequired":true,"valueName":"search_term_string"}}],"inLanguage":"de"}]}},"_links":{"self":[{"href":"https:\/\/www.siestagarden.com\/de\/wp-json\/wp\/v2\/product\/1301","targetHints":{"allow":["GET"]}}],"collection":[{"href":"https:\/\/www.siestagarden.com\/de\/wp-json\/wp\/v2\/product"}],"about":[{"href":"https:\/\/www.siestagarden.com\/de\/wp-json\/wp\/v2\/types\/product"}],"wp:featuredmedia":[{"embeddable":true,"href":"https:\/\/www.siestagarden.com\/de\/wp-json\/wp\/v2\/media\/2326"}],"wp:attachment":[{"href":"https:\/\/www.siestagarden.com\/de\/wp-json\/wp\/v2\/media?parent=1301"}],"wp:term":[{"taxonomy":"product_brand","embeddable":true,"href":"https:\/\/www.siestagarden.com\/de\/wp-json\/wp\/v2\/product_brand?post=1301"},{"taxonomy":"product_cat","embeddable":true,"href":"https:\/\/www.siestagarden.com\/de\/wp-json\/wp\/v2\/product_cat?post=1301"},{"taxonomy":"product_tag","embeddable":true,"href":"https:\/\/www.siestagarden.com\/de\/wp-json\/wp\/v2\/product_tag?post=1301"}],"curies":[{"name":"wp","href":"https:\/\/api.w.org\/{rel}","templated":true}]}}