{"id":1302,"date":"2025-02-25T12:22:19","date_gmt":"2025-02-25T11:22:19","guid":{"rendered":"https:\/\/www.siestagarden.com\/?post_type=product&#038;p=1302"},"modified":"2026-03-24T09:38:42","modified_gmt":"2026-03-24T08:38:42","slug":"soft-swing","status":"publish","type":"product","link":"https:\/\/www.siestagarden.com\/de\/produkt\/soft-swing\/","title":{"rendered":"Simi Soft Schaukel"},"content":{"rendered":"<p><strong>SIMI Soft swing<\/strong> - Stilvolle Entspannung mit einem rockigen Rhythmus<\/p>\n<p><strong>SIMI Soft swing<\/strong> ist eine einzigartige Kombination aus Komfort, \u00c4sthetik und moderner Form. Die Sitzfl\u00e4che ist aus gebogenem, wasserfestem Sperrholz gefertigt, was ihr Leichtigkeit, Flie\u00dff\u00e4higkeit und einen einzigartigen Charakter verleiht. Diese Konstruktion gew\u00e4hrleistet nicht nur Langlebigkeit, sondern auch eine nat\u00fcrliche Anpassung an den K\u00f6rper - perfekt f\u00fcr entspanntes Schaukeln.<\/p>\n<p>Die gesamte Einheit ist mit hochwertigem, wasserdichtem Stoff bezogen, der sich weich anf\u00fchlt, leicht zu reinigen ist und den wechselnden Witterungsverh\u00e4ltnissen standh\u00e4lt. Das macht <strong>SIMI Weich<\/strong> eignet sich sowohl f\u00fcr den Au\u00dfenbereich - im Garten, auf der Terrasse oder dem Balkon - als auch f\u00fcr den Innenbereich: im Wohnzimmer, in der Chillout-Area, in der Hotellobby oder im Home Office.<\/p>\n<p>\u2714\ufe0f Designersitz aus gebogenem wasserfestem Sperrholz<\/p>\n<p>\u2714\ufe0f Weiche, wasserdichte Stoffpolsterung - Genuss und Funktionalit\u00e4t<\/p>\n<p>\u2714\ufe0f Ideal zur Entspannung im Haus, im Garten, im Hotel oder im gewerblichen Bereich<\/p>\n<p>\u2714\ufe0f Leichte Form, dennoch robuste und langlebige Konstruktion<\/p>\n<p>\u2714\ufe0f Kann an Haken oder Rahmen aufgeh\u00e4ngt werden - freie Gestaltung<\/p>\n<p>F\u00fcr Architekten, Designer und Bauherren ist auch eine Vertragsversion erh\u00e4ltlich - mit der M\u00f6glichkeit, Farben, Materialien und Installation an die individuellen Projektanforderungen anzupassen.<\/p>\n<p><strong>SIMI Soft ist mehr als nur eine Schaukel<\/strong> - ist ein mobiler Entspannungsbereich, der durch seine Form besticht und zum Entspannen im Rhythmus des sanften Schaukelns einl\u00e4dt.<\/p>","protected":false},"excerpt":{"rendered":"<p>Hu\u015btawka SIMI Soft \u2013 Stylowy relaks w rytmie bujania Hu\u015btawka SIMI Soft to wyj\u0105tkowe po\u0142\u0105czenie wygody, estetyki i nowoczesnej formy. Jej siedzisko wykonane zosta\u0142o z gi\u0119tej wodoodpornej sklejki, kt\u00f3ra nadaje jej lekko\u015bci, p\u0142ynno\u015bci i unikalnego charakteru. Taka konstrukcja zapewnia nie tylko trwa\u0142o\u015b\u0107, ale tak\u017ce naturalne dopasowanie do sylwetki \u2013 idealne do relaksuj\u0105cego bujania. Ca\u0142o\u015b\u0107 zosta\u0142a [&hellip;]<\/p>\n","protected":false},"featured_media":2370,"template":"","meta":{"_acf_changed":false},"product_brand":[],"product_cat":[72],"product_tag":[],"class_list":{"0":"post-1302","1":"product","2":"type-product","3":"status-publish","4":"has-post-thumbnail","6":"product_cat-hustawki-i-hamaki","7":"product_shipping_class-podstawowa","9":"first","10":"instock","11":"taxable","12":"shipping-taxable","13":"purchasable","14":"product-type-simple","15":"add-to-wishlist-after_add_to_cart"},"acf":[],"yoast_head":"<!-- This site is optimized with the Yoast SEO plugin v26.6 - https:\/\/yoast.com\/wordpress\/plugins\/seo\/ -->\n<title>Hu\u015btawka Simi Soft - Siesta Garden<\/title>\n<meta name=\"robots\" content=\"index, follow, max-snippet:-1, max-image-preview:large, max-video-preview:-1\" \/>\n<link rel=\"canonical\" href=\"https:\/\/www.siestagarden.com\/de\/produkt\/soft-swing\/\" \/>\n<meta property=\"og:locale\" content=\"de_DE\" \/>\n<meta property=\"og:type\" content=\"article\" \/>\n<meta property=\"og:title\" content=\"Hu\u015btawka Simi Soft - Siesta Garden\" \/>\n<meta property=\"og:description\" content=\"Hu\u015btawka SIMI Soft \u2013 Stylowy relaks w rytmie bujania Hu\u015btawka SIMI Soft to wyj\u0105tkowe po\u0142\u0105czenie wygody, estetyki i nowoczesnej formy. Jej siedzisko wykonane zosta\u0142o z gi\u0119tej wodoodpornej sklejki, kt\u00f3ra nadaje jej lekko\u015bci, p\u0142ynno\u015bci i unikalnego charakteru. Taka konstrukcja zapewnia nie tylko trwa\u0142o\u015b\u0107, ale tak\u017ce naturalne dopasowanie do sylwetki \u2013 idealne do relaksuj\u0105cego bujania. Ca\u0142o\u015b\u0107 zosta\u0142a [&hellip;]\" \/>\n<meta property=\"og:url\" content=\"https:\/\/www.siestagarden.com\/de\/produkt\/soft-swing\/\" \/>\n<meta property=\"og:site_name\" content=\"Siesta Garden\" \/>\n<meta property=\"article:modified_time\" content=\"2026-03-24T08:38:42+00:00\" \/>\n<meta property=\"og:image\" content=\"https:\/\/www.siestagarden.com\/wp-content\/uploads\/2025\/02\/IMG_9989-4-1-scaled.jpg\" \/>\n\t<meta property=\"og:image:width\" content=\"2560\" \/>\n\t<meta property=\"og:image:height\" content=\"1707\" \/>\n\t<meta property=\"og:image:type\" content=\"image\/jpeg\" \/>\n<meta name=\"twitter:card\" content=\"summary_large_image\" \/>\n<meta name=\"twitter:label1\" content=\"Gesch\u00e4tzte Lesezeit\" \/>\n\t<meta name=\"twitter:data1\" content=\"2\u00a0Minuten\" \/>\n<script type=\"application\/ld+json\" class=\"yoast-schema-graph\">{\"@context\":\"https:\/\/schema.org\",\"@graph\":[{\"@type\":\"WebPage\",\"@id\":\"https:\/\/www.siestagarden.com\/produkt\/soft-swing\/\",\"url\":\"https:\/\/www.siestagarden.com\/produkt\/soft-swing\/\",\"name\":\"Hu\u015btawka Simi Soft - Siesta Garden\",\"isPartOf\":{\"@id\":\"https:\/\/www.siestagarden.com\/#website\"},\"primaryImageOfPage\":{\"@id\":\"https:\/\/www.siestagarden.com\/produkt\/soft-swing\/#primaryimage\"},\"image\":{\"@id\":\"https:\/\/www.siestagarden.com\/produkt\/soft-swing\/#primaryimage\"},\"thumbnailUrl\":\"https:\/\/www.siestagarden.com\/wp-content\/uploads\/2025\/02\/IMG_9989-4-1-scaled.jpg\",\"datePublished\":\"2025-02-25T11:22:19+00:00\",\"dateModified\":\"2026-03-24T08:38:42+00:00\",\"breadcrumb\":{\"@id\":\"https:\/\/www.siestagarden.com\/produkt\/soft-swing\/#breadcrumb\"},\"inLanguage\":\"de\",\"potentialAction\":[{\"@type\":\"ReadAction\",\"target\":[\"https:\/\/www.siestagarden.com\/produkt\/soft-swing\/\"]}]},{\"@type\":\"ImageObject\",\"inLanguage\":\"de\",\"@id\":\"https:\/\/www.siestagarden.com\/produkt\/soft-swing\/#primaryimage\",\"url\":\"https:\/\/www.siestagarden.com\/wp-content\/uploads\/2025\/02\/IMG_9989-4-1-scaled.jpg\",\"contentUrl\":\"https:\/\/www.siestagarden.com\/wp-content\/uploads\/2025\/02\/IMG_9989-4-1-scaled.jpg\",\"width\":2560,\"height\":1707},{\"@type\":\"BreadcrumbList\",\"@id\":\"https:\/\/www.siestagarden.com\/produkt\/soft-swing\/#breadcrumb\",\"itemListElement\":[{\"@type\":\"ListItem\",\"position\":1,\"name\":\"Strona g\u0142\u00f3wna\",\"item\":\"https:\/\/www.siestagarden.com\/\"},{\"@type\":\"ListItem\",\"position\":2,\"name\":\"Sklep\",\"item\":\"https:\/\/www.siestagarden.com\/sklep\/\"},{\"@type\":\"ListItem\",\"position\":3,\"name\":\"Hu\u015btawka Simi Soft\"}]},{\"@type\":\"WebSite\",\"@id\":\"https:\/\/www.siestagarden.com\/#website\",\"url\":\"https:\/\/www.siestagarden.com\/\",\"name\":\"Siesta Garden\",\"description\":\"Meble do Twojego ogrodu. Polski producent drewnianych mebli najwy\u017cszej jako\u015bci.\",\"potentialAction\":[{\"@type\":\"SearchAction\",\"target\":{\"@type\":\"EntryPoint\",\"urlTemplate\":\"https:\/\/www.siestagarden.com\/?s={search_term_string}\"},\"query-input\":{\"@type\":\"PropertyValueSpecification\",\"valueRequired\":true,\"valueName\":\"search_term_string\"}}],\"inLanguage\":\"de\"}]}<\/script>\n<!-- \/ Yoast SEO plugin. -->","yoast_head_json":{"title":"Hu\u015btawka Simi Soft - Siesta Garden","robots":{"index":"index","follow":"follow","max-snippet":"max-snippet:-1","max-image-preview":"max-image-preview:large","max-video-preview":"max-video-preview:-1"},"canonical":"https:\/\/www.siestagarden.com\/de\/produkt\/soft-swing\/","og_locale":"de_DE","og_type":"article","og_title":"Hu\u015btawka Simi Soft - Siesta Garden","og_description":"Hu\u015btawka SIMI Soft \u2013 Stylowy relaks w rytmie bujania Hu\u015btawka SIMI Soft to wyj\u0105tkowe po\u0142\u0105czenie wygody, estetyki i nowoczesnej formy. Jej siedzisko wykonane zosta\u0142o z gi\u0119tej wodoodpornej sklejki, kt\u00f3ra nadaje jej lekko\u015bci, p\u0142ynno\u015bci i unikalnego charakteru. Taka konstrukcja zapewnia nie tylko trwa\u0142o\u015b\u0107, ale tak\u017ce naturalne dopasowanie do sylwetki \u2013 idealne do relaksuj\u0105cego bujania. Ca\u0142o\u015b\u0107 zosta\u0142a [&hellip;]","og_url":"https:\/\/www.siestagarden.com\/de\/produkt\/soft-swing\/","og_site_name":"Siesta Garden","article_modified_time":"2026-03-24T08:38:42+00:00","og_image":[{"width":2560,"height":1707,"url":"https:\/\/www.siestagarden.com\/wp-content\/uploads\/2025\/02\/IMG_9989-4-1-scaled.jpg","type":"image\/jpeg"}],"twitter_card":"summary_large_image","twitter_misc":{"Gesch\u00e4tzte Lesezeit":"2\u00a0Minuten"},"schema":{"@context":"https:\/\/schema.org","@graph":[{"@type":"WebPage","@id":"https:\/\/www.siestagarden.com\/produkt\/soft-swing\/","url":"https:\/\/www.siestagarden.com\/produkt\/soft-swing\/","name":"Hu\u015btawka Simi Soft - Siesta Garden","isPartOf":{"@id":"https:\/\/www.siestagarden.com\/#website"},"primaryImageOfPage":{"@id":"https:\/\/www.siestagarden.com\/produkt\/soft-swing\/#primaryimage"},"image":{"@id":"https:\/\/www.siestagarden.com\/produkt\/soft-swing\/#primaryimage"},"thumbnailUrl":"https:\/\/www.siestagarden.com\/wp-content\/uploads\/2025\/02\/IMG_9989-4-1-scaled.jpg","datePublished":"2025-02-25T11:22:19+00:00","dateModified":"2026-03-24T08:38:42+00:00","breadcrumb":{"@id":"https:\/\/www.siestagarden.com\/produkt\/soft-swing\/#breadcrumb"},"inLanguage":"de","potentialAction":[{"@type":"ReadAction","target":["https:\/\/www.siestagarden.com\/produkt\/soft-swing\/"]}]},{"@type":"ImageObject","inLanguage":"de","@id":"https:\/\/www.siestagarden.com\/produkt\/soft-swing\/#primaryimage","url":"https:\/\/www.siestagarden.com\/wp-content\/uploads\/2025\/02\/IMG_9989-4-1-scaled.jpg","contentUrl":"https:\/\/www.siestagarden.com\/wp-content\/uploads\/2025\/02\/IMG_9989-4-1-scaled.jpg","width":2560,"height":1707},{"@type":"BreadcrumbList","@id":"https:\/\/www.siestagarden.com\/produkt\/soft-swing\/#breadcrumb","itemListElement":[{"@type":"ListItem","position":1,"name":"Strona g\u0142\u00f3wna","item":"https:\/\/www.siestagarden.com\/"},{"@type":"ListItem","position":2,"name":"Sklep","item":"https:\/\/www.siestagarden.com\/sklep\/"},{"@type":"ListItem","position":3,"name":"Hu\u015btawka Simi Soft"}]},{"@type":"WebSite","@id":"https:\/\/www.siestagarden.com\/#website","url":"https:\/\/www.siestagarden.com\/","name":"Siesta Garten","description":"M\u00f6bel f\u00fcr Ihren Garten. Polnischen Hersteller von Holzm\u00f6beln von h\u00f6chster Qualit\u00e4t.","potentialAction":[{"@type":"SearchAction","target":{"@type":"EntryPoint","urlTemplate":"https:\/\/www.siestagarden.com\/?s={search_term_string}"},"query-input":{"@type":"PropertyValueSpecification","valueRequired":true,"valueName":"search_term_string"}}],"inLanguage":"de"}]}},"_links":{"self":[{"href":"https:\/\/www.siestagarden.com\/de\/wp-json\/wp\/v2\/product\/1302","targetHints":{"allow":["GET"]}}],"collection":[{"href":"https:\/\/www.siestagarden.com\/de\/wp-json\/wp\/v2\/product"}],"about":[{"href":"https:\/\/www.siestagarden.com\/de\/wp-json\/wp\/v2\/types\/product"}],"wp:featuredmedia":[{"embeddable":true,"href":"https:\/\/www.siestagarden.com\/de\/wp-json\/wp\/v2\/media\/2370"}],"wp:attachment":[{"href":"https:\/\/www.siestagarden.com\/de\/wp-json\/wp\/v2\/media?parent=1302"}],"wp:term":[{"taxonomy":"product_brand","embeddable":true,"href":"https:\/\/www.siestagarden.com\/de\/wp-json\/wp\/v2\/product_brand?post=1302"},{"taxonomy":"product_cat","embeddable":true,"href":"https:\/\/www.siestagarden.com\/de\/wp-json\/wp\/v2\/product_cat?post=1302"},{"taxonomy":"product_tag","embeddable":true,"href":"https:\/\/www.siestagarden.com\/de\/wp-json\/wp\/v2\/product_tag?post=1302"}],"curies":[{"name":"wp","href":"https:\/\/api.w.org\/{rel}","templated":true}]}}