{"id":1304,"date":"2025-02-25T12:22:20","date_gmt":"2025-02-25T11:22:20","guid":{"rendered":"https:\/\/www.siestagarden.com\/?post_type=product&#038;p=1304"},"modified":"2026-02-12T10:13:47","modified_gmt":"2026-02-12T09:13:47","slug":"swing-wisniowy","status":"publish","type":"product","link":"https:\/\/www.siestagarden.com\/de\/produkt\/swing-wisniowy\/","title":{"rendered":"Simi-Schaukel aus ger\u00e4uchertem Kirschenholz"},"content":{"rendered":"<p><strong>SIMI aus ger\u00e4uchertem Kirschenholz<\/strong> - Edler Schwung im Rhythmus der Natur<\/p>\n<p><strong>SIMI-Schaukel aus ger\u00e4uchertem Kirschenholz<\/strong> ist f\u00fcr alle, die Design mit Seele, nat\u00fcrliche Sch\u00f6nheit und zeitlose Eleganz sch\u00e4tzen. Gefertigt aus massivem Kirschbaumholz, das in einem thermischen Verfahren ger\u00e4uchert wurde, erh\u00e4lt die Schaukel einen tiefen, warmen Farbton und eine einzigartige Textur.<\/p>\n<p>Dar\u00fcber hinaus wurde das Holz mit einem Schutzlack behandelt, der nicht nur die Widerstandsf\u00e4higkeit gegen den t\u00e4glichen Gebrauch und gegen Feuchtigkeit erh\u00f6ht, sondern auch der Oberfl\u00e4che ein angenehm glattes und elegantes Aussehen verleiht.<\/p>\n<p>Design auf der Grundlage einer bekannten und gesch\u00e4tzten Form <strong>SIMI<\/strong> besticht durch seine harmonische Linienf\u00fchrung und seinen ergonomischen Komfort. Im Zentrum der Schaukel steht ein weicher, gepolsterter Sitz, der f\u00fcr au\u00dfergew\u00f6hnlichen Komfort und Freude beim Schaukeln sorgt - sowohl im privaten als auch im gewerblichen Bereich.<\/p>\n<p>\u2714\ufe0f Aus massivem, ger\u00e4uchertem Kirschbaumholz - edle Optik und Langlebigkeit<\/p>\n<p>\u2714\ufe0f Nat\u00fcrlicher Schutz und tiefe Farbe durch R\u00e4ucherverfahren<\/p>\n<p>\u2714\ufe0f Zus\u00e4tzlicher Lackschutz - verbesserte Widerstandsf\u00e4higkeit und samtweiche Oberfl\u00e4che<\/p>\n<p>\u2714\ufe0f Weicher, gepolsterter Sitz, der in die Struktur integriert ist<\/p>\n<p>\u2714\ufe0f Ideal f\u00fcr den Garten, die elegante Terrasse, die Innenr\u00e4ume von Boutique-Hotels oder Entspannungsbereiche<\/p>\n<p>\u2714\ufe0f Eine klassische und doch moderne Form - ein Blickfang und ein reizvolles Detail.<\/p>\n<p><strong>SIMI aus Kirschholz ist nicht nur eine Schaukel<\/strong> - ist ein kleines architektonisches Schmuckst\u00fcck, das W\u00e4rme, Harmonie und einen Hauch von Luxus in jeden Raum bringt.<\/p>\n<p>\ud83e\udea2 SIMI - wenn Design auf die sch\u00f6nste Natur trifft.<\/p>","protected":false},"excerpt":{"rendered":"<p>SIMI z drewna wi\u015bniowego w\u0119dzonego \u2013 szlachetna hu\u015btawka w rytmie natury Hu\u015btawka SIMI z drewna wi\u015bniowego w\u0119dzonego to propozycja dla tych, kt\u00f3rzy ceni\u0105 design z dusz\u0105, naturalne pi\u0119kno i ponadczasow\u0105 elegancj\u0119. Wykonana z litego drewna wi\u015bniowego, kt\u00f3re zosta\u0142o w\u0119dzone w procesie termicznym, hu\u015btawka zyskuje g\u0142\u0119boki, ciep\u0142y odcie\u0144 i niepowtarzaln\u0105 struktur\u0119. Dodatkowo drewno zosta\u0142o zabezpieczone ochronnym [&hellip;]<\/p>\n","protected":false},"featured_media":1406,"template":"","meta":{"_acf_changed":false},"product_brand":[],"product_cat":[72],"product_tag":[],"class_list":{"0":"post-1304","1":"product","2":"type-product","3":"status-publish","4":"has-post-thumbnail","6":"product_cat-hustawki-i-hamaki","7":"product_shipping_class-podstawowa","9":"first","10":"instock","11":"taxable","12":"shipping-taxable","13":"purchasable","14":"product-type-simple","15":"add-to-wishlist-after_add_to_cart"},"acf":[],"yoast_head":"<!-- This site is optimized with the Yoast SEO plugin v26.6 - https:\/\/yoast.com\/wordpress\/plugins\/seo\/ -->\n<title>Hu\u015btawka Simi z drewna wi\u015bniowego w\u0119dzonego - Siesta Garden<\/title>\n<meta name=\"robots\" content=\"index, follow, max-snippet:-1, max-image-preview:large, max-video-preview:-1\" \/>\n<link rel=\"canonical\" href=\"https:\/\/www.siestagarden.com\/de\/produkt\/swing-wisniowy\/\" \/>\n<meta property=\"og:locale\" content=\"de_DE\" \/>\n<meta property=\"og:type\" content=\"article\" \/>\n<meta property=\"og:title\" content=\"Hu\u015btawka Simi z drewna wi\u015bniowego w\u0119dzonego - Siesta Garden\" \/>\n<meta property=\"og:description\" content=\"SIMI z drewna wi\u015bniowego w\u0119dzonego \u2013 szlachetna hu\u015btawka w rytmie natury Hu\u015btawka SIMI z drewna wi\u015bniowego w\u0119dzonego to propozycja dla tych, kt\u00f3rzy ceni\u0105 design z dusz\u0105, naturalne pi\u0119kno i ponadczasow\u0105 elegancj\u0119. Wykonana z litego drewna wi\u015bniowego, kt\u00f3re zosta\u0142o w\u0119dzone w procesie termicznym, hu\u015btawka zyskuje g\u0142\u0119boki, ciep\u0142y odcie\u0144 i niepowtarzaln\u0105 struktur\u0119. Dodatkowo drewno zosta\u0142o zabezpieczone ochronnym [&hellip;]\" \/>\n<meta property=\"og:url\" content=\"https:\/\/www.siestagarden.com\/de\/produkt\/swing-wisniowy\/\" \/>\n<meta property=\"og:site_name\" content=\"Siesta Garden\" \/>\n<meta property=\"article:modified_time\" content=\"2026-02-12T09:13:47+00:00\" \/>\n<meta property=\"og:image\" content=\"https:\/\/www.siestagarden.com\/wp-content\/uploads\/2025\/02\/IMG_1013-scaled-e1770887618438.jpg\" \/>\n\t<meta property=\"og:image:width\" content=\"2560\" \/>\n\t<meta property=\"og:image:height\" content=\"1707\" \/>\n\t<meta property=\"og:image:type\" content=\"image\/jpeg\" \/>\n<meta name=\"twitter:card\" content=\"summary_large_image\" \/>\n<meta name=\"twitter:label1\" content=\"Gesch\u00e4tzte Lesezeit\" \/>\n\t<meta name=\"twitter:data1\" content=\"2\u00a0Minuten\" \/>\n<script type=\"application\/ld+json\" class=\"yoast-schema-graph\">{\"@context\":\"https:\/\/schema.org\",\"@graph\":[{\"@type\":\"WebPage\",\"@id\":\"https:\/\/www.siestagarden.com\/produkt\/swing-wisniowy\/\",\"url\":\"https:\/\/www.siestagarden.com\/produkt\/swing-wisniowy\/\",\"name\":\"Hu\u015btawka Simi z drewna wi\u015bniowego w\u0119dzonego - Siesta Garden\",\"isPartOf\":{\"@id\":\"https:\/\/www.siestagarden.com\/#website\"},\"primaryImageOfPage\":{\"@id\":\"https:\/\/www.siestagarden.com\/produkt\/swing-wisniowy\/#primaryimage\"},\"image\":{\"@id\":\"https:\/\/www.siestagarden.com\/produkt\/swing-wisniowy\/#primaryimage\"},\"thumbnailUrl\":\"https:\/\/www.siestagarden.com\/wp-content\/uploads\/2025\/02\/IMG_1013-scaled-e1770887618438.jpg\",\"datePublished\":\"2025-02-25T11:22:20+00:00\",\"dateModified\":\"2026-02-12T09:13:47+00:00\",\"breadcrumb\":{\"@id\":\"https:\/\/www.siestagarden.com\/produkt\/swing-wisniowy\/#breadcrumb\"},\"inLanguage\":\"de\",\"potentialAction\":[{\"@type\":\"ReadAction\",\"target\":[\"https:\/\/www.siestagarden.com\/produkt\/swing-wisniowy\/\"]}]},{\"@type\":\"ImageObject\",\"inLanguage\":\"de\",\"@id\":\"https:\/\/www.siestagarden.com\/produkt\/swing-wisniowy\/#primaryimage\",\"url\":\"https:\/\/www.siestagarden.com\/wp-content\/uploads\/2025\/02\/IMG_1013-scaled-e1770887618438.jpg\",\"contentUrl\":\"https:\/\/www.siestagarden.com\/wp-content\/uploads\/2025\/02\/IMG_1013-scaled-e1770887618438.jpg\",\"width\":2560,\"height\":1707},{\"@type\":\"BreadcrumbList\",\"@id\":\"https:\/\/www.siestagarden.com\/produkt\/swing-wisniowy\/#breadcrumb\",\"itemListElement\":[{\"@type\":\"ListItem\",\"position\":1,\"name\":\"Strona g\u0142\u00f3wna\",\"item\":\"https:\/\/www.siestagarden.com\/\"},{\"@type\":\"ListItem\",\"position\":2,\"name\":\"Sklep\",\"item\":\"https:\/\/www.siestagarden.com\/sklep\/\"},{\"@type\":\"ListItem\",\"position\":3,\"name\":\"Hu\u015btawka Simi z drewna wi\u015bniowego w\u0119dzonego\"}]},{\"@type\":\"WebSite\",\"@id\":\"https:\/\/www.siestagarden.com\/#website\",\"url\":\"https:\/\/www.siestagarden.com\/\",\"name\":\"Siesta Garden\",\"description\":\"Meble do Twojego ogrodu. Polski producent drewnianych mebli najwy\u017cszej jako\u015bci.\",\"potentialAction\":[{\"@type\":\"SearchAction\",\"target\":{\"@type\":\"EntryPoint\",\"urlTemplate\":\"https:\/\/www.siestagarden.com\/?s={search_term_string}\"},\"query-input\":{\"@type\":\"PropertyValueSpecification\",\"valueRequired\":true,\"valueName\":\"search_term_string\"}}],\"inLanguage\":\"de\"}]}<\/script>\n<!-- \/ Yoast SEO plugin. -->","yoast_head_json":{"title":"Hu\u015btawka Simi z drewna wi\u015bniowego w\u0119dzonego - Siesta Garden","robots":{"index":"index","follow":"follow","max-snippet":"max-snippet:-1","max-image-preview":"max-image-preview:large","max-video-preview":"max-video-preview:-1"},"canonical":"https:\/\/www.siestagarden.com\/de\/produkt\/swing-wisniowy\/","og_locale":"de_DE","og_type":"article","og_title":"Hu\u015btawka Simi z drewna wi\u015bniowego w\u0119dzonego - Siesta Garden","og_description":"SIMI z drewna wi\u015bniowego w\u0119dzonego \u2013 szlachetna hu\u015btawka w rytmie natury Hu\u015btawka SIMI z drewna wi\u015bniowego w\u0119dzonego to propozycja dla tych, kt\u00f3rzy ceni\u0105 design z dusz\u0105, naturalne pi\u0119kno i ponadczasow\u0105 elegancj\u0119. Wykonana z litego drewna wi\u015bniowego, kt\u00f3re zosta\u0142o w\u0119dzone w procesie termicznym, hu\u015btawka zyskuje g\u0142\u0119boki, ciep\u0142y odcie\u0144 i niepowtarzaln\u0105 struktur\u0119. Dodatkowo drewno zosta\u0142o zabezpieczone ochronnym [&hellip;]","og_url":"https:\/\/www.siestagarden.com\/de\/produkt\/swing-wisniowy\/","og_site_name":"Siesta Garden","article_modified_time":"2026-02-12T09:13:47+00:00","og_image":[{"width":2560,"height":1707,"url":"https:\/\/www.siestagarden.com\/wp-content\/uploads\/2025\/02\/IMG_1013-scaled-e1770887618438.jpg","type":"image\/jpeg"}],"twitter_card":"summary_large_image","twitter_misc":{"Gesch\u00e4tzte Lesezeit":"2\u00a0Minuten"},"schema":{"@context":"https:\/\/schema.org","@graph":[{"@type":"WebPage","@id":"https:\/\/www.siestagarden.com\/produkt\/swing-wisniowy\/","url":"https:\/\/www.siestagarden.com\/produkt\/swing-wisniowy\/","name":"Hu\u015btawka Simi z drewna wi\u015bniowego w\u0119dzonego - Siesta Garden","isPartOf":{"@id":"https:\/\/www.siestagarden.com\/#website"},"primaryImageOfPage":{"@id":"https:\/\/www.siestagarden.com\/produkt\/swing-wisniowy\/#primaryimage"},"image":{"@id":"https:\/\/www.siestagarden.com\/produkt\/swing-wisniowy\/#primaryimage"},"thumbnailUrl":"https:\/\/www.siestagarden.com\/wp-content\/uploads\/2025\/02\/IMG_1013-scaled-e1770887618438.jpg","datePublished":"2025-02-25T11:22:20+00:00","dateModified":"2026-02-12T09:13:47+00:00","breadcrumb":{"@id":"https:\/\/www.siestagarden.com\/produkt\/swing-wisniowy\/#breadcrumb"},"inLanguage":"de","potentialAction":[{"@type":"ReadAction","target":["https:\/\/www.siestagarden.com\/produkt\/swing-wisniowy\/"]}]},{"@type":"ImageObject","inLanguage":"de","@id":"https:\/\/www.siestagarden.com\/produkt\/swing-wisniowy\/#primaryimage","url":"https:\/\/www.siestagarden.com\/wp-content\/uploads\/2025\/02\/IMG_1013-scaled-e1770887618438.jpg","contentUrl":"https:\/\/www.siestagarden.com\/wp-content\/uploads\/2025\/02\/IMG_1013-scaled-e1770887618438.jpg","width":2560,"height":1707},{"@type":"BreadcrumbList","@id":"https:\/\/www.siestagarden.com\/produkt\/swing-wisniowy\/#breadcrumb","itemListElement":[{"@type":"ListItem","position":1,"name":"Strona g\u0142\u00f3wna","item":"https:\/\/www.siestagarden.com\/"},{"@type":"ListItem","position":2,"name":"Sklep","item":"https:\/\/www.siestagarden.com\/sklep\/"},{"@type":"ListItem","position":3,"name":"Hu\u015btawka Simi z drewna wi\u015bniowego w\u0119dzonego"}]},{"@type":"WebSite","@id":"https:\/\/www.siestagarden.com\/#website","url":"https:\/\/www.siestagarden.com\/","name":"Siesta Garten","description":"M\u00f6bel f\u00fcr Ihren Garten. Polnischen Hersteller von Holzm\u00f6beln von h\u00f6chster Qualit\u00e4t.","potentialAction":[{"@type":"SearchAction","target":{"@type":"EntryPoint","urlTemplate":"https:\/\/www.siestagarden.com\/?s={search_term_string}"},"query-input":{"@type":"PropertyValueSpecification","valueRequired":true,"valueName":"search_term_string"}}],"inLanguage":"de"}]}},"_links":{"self":[{"href":"https:\/\/www.siestagarden.com\/de\/wp-json\/wp\/v2\/product\/1304","targetHints":{"allow":["GET"]}}],"collection":[{"href":"https:\/\/www.siestagarden.com\/de\/wp-json\/wp\/v2\/product"}],"about":[{"href":"https:\/\/www.siestagarden.com\/de\/wp-json\/wp\/v2\/types\/product"}],"wp:featuredmedia":[{"embeddable":true,"href":"https:\/\/www.siestagarden.com\/de\/wp-json\/wp\/v2\/media\/1406"}],"wp:attachment":[{"href":"https:\/\/www.siestagarden.com\/de\/wp-json\/wp\/v2\/media?parent=1304"}],"wp:term":[{"taxonomy":"product_brand","embeddable":true,"href":"https:\/\/www.siestagarden.com\/de\/wp-json\/wp\/v2\/product_brand?post=1304"},{"taxonomy":"product_cat","embeddable":true,"href":"https:\/\/www.siestagarden.com\/de\/wp-json\/wp\/v2\/product_cat?post=1304"},{"taxonomy":"product_tag","embeddable":true,"href":"https:\/\/www.siestagarden.com\/de\/wp-json\/wp\/v2\/product_tag?post=1304"}],"curies":[{"name":"wp","href":"https:\/\/api.w.org\/{rel}","templated":true}]}}