{"id":1308,"date":"2025-02-25T12:22:20","date_gmt":"2025-02-25T11:22:20","guid":{"rendered":"https:\/\/www.siestagarden.com\/?post_type=product&#038;p=1308"},"modified":"2026-04-10T15:05:46","modified_gmt":"2026-04-10T13:05:46","slug":"lawka-plazowa-z-baldachimem-2m","status":"publish","type":"product","link":"https:\/\/www.siestagarden.com\/de\/produkt\/lawka-plazowa-z-baldachimem-2m\/","title":{"rendered":"Arki 2m Strandbank mit Baldachin, Matratze und Kissen"},"content":{"rendered":"<p><strong>Arche Strandbank mit Baldachin, Matratze und Kissen | Ihre Entspannungszone im Garten und am Strand<\/strong><\/p>\n<p>Die 2 m lange Strandbank mit Baldachin, Matratze und Kissen ist ein fertiges Set, um eine <strong>eine gem\u00fctliche Sitzecke im Garten, am Strand, auf der Terrasse oder im Entspannungsbereich des Hotels<\/strong>. Es ist mehr als ein M\u00f6belst\u00fcck - es ist eine komplette Einladung zum Entspannen in sch\u00f6ner Form.<\/p>\n<p>Die 2 Meter lange Konstruktion bietet bequemen Sitzplatz f\u00fcr mehrere Personen und eignet sich auch perfekt als Gartenbeet f\u00fcr <strong>Nickerchen, Lesen oder Meditieren an der frischen Luft<\/strong>. Es wird mit einer weichen Matratze und einer Reihe von Kissen f\u00fcr ultimativen Komfort geliefert.<\/p>\n<p>Stabiler Rahmen aus skandinavischem Massivholz mit<strong> FSC\u00ae-zertifiziert<\/strong> wurde mit einem Impr\u00e4gniermittel behandelt, um <strong>3. Schutzkategorie<\/strong> - den h\u00f6chsten Standard f\u00fcr Au\u00dfenm\u00f6bel. Das bedeutet volle <strong>resistent gegen Feuchtigkeit, UV-Strahlen und wechselnde Wetterbedingungen.<\/strong><\/p>\n<p>Das integrierte Vordach schafft einen <strong>angenehmer Schatten und eine intime Atmosph\u00e4re<\/strong>Durch die moderne, geometrische Form der Bank passt das M\u00f6belst\u00fcck sowohl in die <strong>sowohl minimalistische als auch rustikale Gartenarrangements.<\/strong><\/p>\n<p>Wesentliche Merkmale:<\/p>\n<p>\u2714\ufe0f<strong> Komplett mit:<\/strong> Baldachin, Matratze und Kopfkissen-Set<\/p>\n<p>\u2714\ufe0f <strong>L\u00e4nge 2 m<\/strong> - ideal zum Sitzen und Liegen<\/p>\n<p>\u2714\ufe0f <strong>FSC\u00ae-Massivholz<\/strong>gesch\u00fctzt bis zur Sicherheitskategorie 3<\/p>\n<p>\u2714\ufe0f<strong> Moderne Form<\/strong> mit einem funktionellen Vordach<\/p>\n<p>\u2714\ufe0f <strong>Perfekt f\u00fcr:<\/strong> Garten, Strand, Terrasse, Hotel, Spa, Chillout-Bereiche<\/p>\n<p>\u2714\ufe0f Fertige Freizeitl\u00f6sung -<strong> keine zus\u00e4tzlichen K\u00e4ufe erforderlich<\/strong><\/p>\n<p>Die 2 m lange Strandbank mit Baldachin, Matratze und Kissen ist eine komplette Oase der Entspannung - stellen Sie sie einfach an Ihrem Lieblingsplatz auf und genie\u00dfen Sie Ruhe, Komfort und Kontakt mit der Natur.<\/p>","protected":false},"excerpt":{"rendered":"<p>\u0141awka pla\u017cowa Arki z baldachimem, materacem i poduszkami | Twoja strefa relaksu w ogrodzie i na pla\u017cy \u0141awka pla\u017cowa 2 m z baldachimem, materacem i poduszkami to gotowy zestaw do stworzenia komfortowej przestrzeni wypoczynkowej w ogrodzie, na pla\u017cy, tarasie czy w hotelowej strefie relaksu. To co\u015b wi\u0119cej ni\u017c mebel \u2013 to kompletne zaproszenie do odpoczynku [&hellip;]<\/p>\n","protected":false},"featured_media":1738,"template":"","meta":{"_acf_changed":false},"product_brand":[],"product_cat":[70,67],"product_tag":[104],"class_list":{"0":"post-1308","1":"product","2":"type-product","3":"status-publish","4":"has-post-thumbnail","6":"product_cat-lozka-ogrodowe","7":"product_cat-sofy-i-lawki","8":"product_tag-na-zamowienie","9":"product_shipping_class-podstawowa","11":"first","12":"instock","13":"taxable","14":"shipping-taxable","15":"purchasable","16":"product-type-simple","17":"add-to-wishlist-after_add_to_cart"},"acf":[],"yoast_head":"<!-- This site is optimized with the Yoast SEO plugin v26.6 - https:\/\/yoast.com\/wordpress\/plugins\/seo\/ -->\n<title>\u0141awka pla\u017cowa 2m Arki z baldachimem, materacem i poduszkami - Siesta Garden<\/title>\n<meta name=\"robots\" content=\"index, follow, max-snippet:-1, max-image-preview:large, max-video-preview:-1\" \/>\n<link rel=\"canonical\" href=\"https:\/\/www.siestagarden.com\/de\/produkt\/lawka-plazowa-z-baldachimem-2m\/\" \/>\n<meta property=\"og:locale\" content=\"de_DE\" \/>\n<meta property=\"og:type\" content=\"article\" \/>\n<meta property=\"og:title\" content=\"\u0141awka pla\u017cowa 2m Arki z baldachimem, materacem i poduszkami - Siesta Garden\" \/>\n<meta property=\"og:description\" content=\"\u0141awka pla\u017cowa Arki z baldachimem, materacem i poduszkami | Twoja strefa relaksu w ogrodzie i na pla\u017cy \u0141awka pla\u017cowa 2 m z baldachimem, materacem i poduszkami to gotowy zestaw do stworzenia komfortowej przestrzeni wypoczynkowej w ogrodzie, na pla\u017cy, tarasie czy w hotelowej strefie relaksu. To co\u015b wi\u0119cej ni\u017c mebel \u2013 to kompletne zaproszenie do odpoczynku [&hellip;]\" \/>\n<meta property=\"og:url\" content=\"https:\/\/www.siestagarden.com\/de\/produkt\/lawka-plazowa-z-baldachimem-2m\/\" \/>\n<meta property=\"og:site_name\" content=\"Siesta Garden\" \/>\n<meta property=\"article:modified_time\" content=\"2026-04-10T13:05:46+00:00\" \/>\n<meta property=\"og:image\" content=\"https:\/\/www.siestagarden.com\/wp-content\/uploads\/2025\/02\/IMG_0440-scaled.jpg\" \/>\n\t<meta property=\"og:image:width\" content=\"2560\" \/>\n\t<meta property=\"og:image:height\" content=\"1707\" \/>\n\t<meta property=\"og:image:type\" content=\"image\/jpeg\" \/>\n<meta name=\"twitter:card\" content=\"summary_large_image\" \/>\n<meta name=\"twitter:label1\" content=\"Gesch\u00e4tzte Lesezeit\" \/>\n\t<meta name=\"twitter:data1\" content=\"2\u00a0Minuten\" \/>\n<script type=\"application\/ld+json\" class=\"yoast-schema-graph\">{\"@context\":\"https:\/\/schema.org\",\"@graph\":[{\"@type\":\"WebPage\",\"@id\":\"https:\/\/www.siestagarden.com\/produkt\/lawka-plazowa-z-baldachimem-2m\/\",\"url\":\"https:\/\/www.siestagarden.com\/produkt\/lawka-plazowa-z-baldachimem-2m\/\",\"name\":\"\u0141awka pla\u017cowa 2m Arki z baldachimem, materacem i poduszkami - Siesta Garden\",\"isPartOf\":{\"@id\":\"https:\/\/www.siestagarden.com\/#website\"},\"primaryImageOfPage\":{\"@id\":\"https:\/\/www.siestagarden.com\/produkt\/lawka-plazowa-z-baldachimem-2m\/#primaryimage\"},\"image\":{\"@id\":\"https:\/\/www.siestagarden.com\/produkt\/lawka-plazowa-z-baldachimem-2m\/#primaryimage\"},\"thumbnailUrl\":\"https:\/\/www.siestagarden.com\/wp-content\/uploads\/2025\/02\/IMG_0440-scaled.jpg\",\"datePublished\":\"2025-02-25T11:22:20+00:00\",\"dateModified\":\"2026-04-10T13:05:46+00:00\",\"breadcrumb\":{\"@id\":\"https:\/\/www.siestagarden.com\/produkt\/lawka-plazowa-z-baldachimem-2m\/#breadcrumb\"},\"inLanguage\":\"de\",\"potentialAction\":[{\"@type\":\"ReadAction\",\"target\":[\"https:\/\/www.siestagarden.com\/produkt\/lawka-plazowa-z-baldachimem-2m\/\"]}]},{\"@type\":\"ImageObject\",\"inLanguage\":\"de\",\"@id\":\"https:\/\/www.siestagarden.com\/produkt\/lawka-plazowa-z-baldachimem-2m\/#primaryimage\",\"url\":\"https:\/\/www.siestagarden.com\/wp-content\/uploads\/2025\/02\/IMG_0440-scaled.jpg\",\"contentUrl\":\"https:\/\/www.siestagarden.com\/wp-content\/uploads\/2025\/02\/IMG_0440-scaled.jpg\",\"width\":2560,\"height\":1707},{\"@type\":\"BreadcrumbList\",\"@id\":\"https:\/\/www.siestagarden.com\/produkt\/lawka-plazowa-z-baldachimem-2m\/#breadcrumb\",\"itemListElement\":[{\"@type\":\"ListItem\",\"position\":1,\"name\":\"Strona g\u0142\u00f3wna\",\"item\":\"https:\/\/www.siestagarden.com\/\"},{\"@type\":\"ListItem\",\"position\":2,\"name\":\"Sklep\",\"item\":\"https:\/\/www.siestagarden.com\/sklep\/\"},{\"@type\":\"ListItem\",\"position\":3,\"name\":\"\u0141awka pla\u017cowa 2m Arki z baldachimem, materacem i poduszkami\"}]},{\"@type\":\"WebSite\",\"@id\":\"https:\/\/www.siestagarden.com\/#website\",\"url\":\"https:\/\/www.siestagarden.com\/\",\"name\":\"Siesta Garden\",\"description\":\"Meble do Twojego ogrodu. Polski producent drewnianych mebli najwy\u017cszej jako\u015bci.\",\"potentialAction\":[{\"@type\":\"SearchAction\",\"target\":{\"@type\":\"EntryPoint\",\"urlTemplate\":\"https:\/\/www.siestagarden.com\/?s={search_term_string}\"},\"query-input\":{\"@type\":\"PropertyValueSpecification\",\"valueRequired\":true,\"valueName\":\"search_term_string\"}}],\"inLanguage\":\"de\"}]}<\/script>\n<!-- \/ Yoast SEO plugin. -->","yoast_head_json":{"title":"\u0141awka pla\u017cowa 2m Arki z baldachimem, materacem i poduszkami - Siesta Garden","robots":{"index":"index","follow":"follow","max-snippet":"max-snippet:-1","max-image-preview":"max-image-preview:large","max-video-preview":"max-video-preview:-1"},"canonical":"https:\/\/www.siestagarden.com\/de\/produkt\/lawka-plazowa-z-baldachimem-2m\/","og_locale":"de_DE","og_type":"article","og_title":"\u0141awka pla\u017cowa 2m Arki z baldachimem, materacem i poduszkami - Siesta Garden","og_description":"\u0141awka pla\u017cowa Arki z baldachimem, materacem i poduszkami | Twoja strefa relaksu w ogrodzie i na pla\u017cy \u0141awka pla\u017cowa 2 m z baldachimem, materacem i poduszkami to gotowy zestaw do stworzenia komfortowej przestrzeni wypoczynkowej w ogrodzie, na pla\u017cy, tarasie czy w hotelowej strefie relaksu. To co\u015b wi\u0119cej ni\u017c mebel \u2013 to kompletne zaproszenie do odpoczynku [&hellip;]","og_url":"https:\/\/www.siestagarden.com\/de\/produkt\/lawka-plazowa-z-baldachimem-2m\/","og_site_name":"Siesta Garden","article_modified_time":"2026-04-10T13:05:46+00:00","og_image":[{"width":2560,"height":1707,"url":"https:\/\/www.siestagarden.com\/wp-content\/uploads\/2025\/02\/IMG_0440-scaled.jpg","type":"image\/jpeg"}],"twitter_card":"summary_large_image","twitter_misc":{"Gesch\u00e4tzte Lesezeit":"2\u00a0Minuten"},"schema":{"@context":"https:\/\/schema.org","@graph":[{"@type":"WebPage","@id":"https:\/\/www.siestagarden.com\/produkt\/lawka-plazowa-z-baldachimem-2m\/","url":"https:\/\/www.siestagarden.com\/produkt\/lawka-plazowa-z-baldachimem-2m\/","name":"\u0141awka pla\u017cowa 2m Arki z baldachimem, materacem i poduszkami - Siesta Garden","isPartOf":{"@id":"https:\/\/www.siestagarden.com\/#website"},"primaryImageOfPage":{"@id":"https:\/\/www.siestagarden.com\/produkt\/lawka-plazowa-z-baldachimem-2m\/#primaryimage"},"image":{"@id":"https:\/\/www.siestagarden.com\/produkt\/lawka-plazowa-z-baldachimem-2m\/#primaryimage"},"thumbnailUrl":"https:\/\/www.siestagarden.com\/wp-content\/uploads\/2025\/02\/IMG_0440-scaled.jpg","datePublished":"2025-02-25T11:22:20+00:00","dateModified":"2026-04-10T13:05:46+00:00","breadcrumb":{"@id":"https:\/\/www.siestagarden.com\/produkt\/lawka-plazowa-z-baldachimem-2m\/#breadcrumb"},"inLanguage":"de","potentialAction":[{"@type":"ReadAction","target":["https:\/\/www.siestagarden.com\/produkt\/lawka-plazowa-z-baldachimem-2m\/"]}]},{"@type":"ImageObject","inLanguage":"de","@id":"https:\/\/www.siestagarden.com\/produkt\/lawka-plazowa-z-baldachimem-2m\/#primaryimage","url":"https:\/\/www.siestagarden.com\/wp-content\/uploads\/2025\/02\/IMG_0440-scaled.jpg","contentUrl":"https:\/\/www.siestagarden.com\/wp-content\/uploads\/2025\/02\/IMG_0440-scaled.jpg","width":2560,"height":1707},{"@type":"BreadcrumbList","@id":"https:\/\/www.siestagarden.com\/produkt\/lawka-plazowa-z-baldachimem-2m\/#breadcrumb","itemListElement":[{"@type":"ListItem","position":1,"name":"Strona g\u0142\u00f3wna","item":"https:\/\/www.siestagarden.com\/"},{"@type":"ListItem","position":2,"name":"Sklep","item":"https:\/\/www.siestagarden.com\/sklep\/"},{"@type":"ListItem","position":3,"name":"\u0141awka pla\u017cowa 2m Arki z baldachimem, materacem i poduszkami"}]},{"@type":"WebSite","@id":"https:\/\/www.siestagarden.com\/#website","url":"https:\/\/www.siestagarden.com\/","name":"Siesta Garten","description":"M\u00f6bel f\u00fcr Ihren Garten. Polnischen Hersteller von Holzm\u00f6beln von h\u00f6chster Qualit\u00e4t.","potentialAction":[{"@type":"SearchAction","target":{"@type":"EntryPoint","urlTemplate":"https:\/\/www.siestagarden.com\/?s={search_term_string}"},"query-input":{"@type":"PropertyValueSpecification","valueRequired":true,"valueName":"search_term_string"}}],"inLanguage":"de"}]}},"_links":{"self":[{"href":"https:\/\/www.siestagarden.com\/de\/wp-json\/wp\/v2\/product\/1308","targetHints":{"allow":["GET"]}}],"collection":[{"href":"https:\/\/www.siestagarden.com\/de\/wp-json\/wp\/v2\/product"}],"about":[{"href":"https:\/\/www.siestagarden.com\/de\/wp-json\/wp\/v2\/types\/product"}],"wp:featuredmedia":[{"embeddable":true,"href":"https:\/\/www.siestagarden.com\/de\/wp-json\/wp\/v2\/media\/1738"}],"wp:attachment":[{"href":"https:\/\/www.siestagarden.com\/de\/wp-json\/wp\/v2\/media?parent=1308"}],"wp:term":[{"taxonomy":"product_brand","embeddable":true,"href":"https:\/\/www.siestagarden.com\/de\/wp-json\/wp\/v2\/product_brand?post=1308"},{"taxonomy":"product_cat","embeddable":true,"href":"https:\/\/www.siestagarden.com\/de\/wp-json\/wp\/v2\/product_cat?post=1308"},{"taxonomy":"product_tag","embeddable":true,"href":"https:\/\/www.siestagarden.com\/de\/wp-json\/wp\/v2\/product_tag?post=1308"}],"curies":[{"name":"wp","href":"https:\/\/api.w.org\/{rel}","templated":true}]}}