{"id":1329,"date":"2025-02-25T12:22:30","date_gmt":"2025-02-25T11:22:30","guid":{"rendered":"https:\/\/www.siestagarden.com\/?post_type=product&#038;p=1329"},"modified":"2026-03-03T08:00:30","modified_gmt":"2026-03-03T07:00:30","slug":"lilly","status":"publish","type":"product","link":"https:\/\/www.siestagarden.com\/de\/produkt\/lilly\/","title":{"rendered":"Lilly Holzstuhl"},"content":{"rendered":"<p><strong>Eleganter und stilvoller Stuhl Lilly<\/strong> ist eine Kombination aus minimalistischem Design und Komfort. Seine subtilen, abgerundeten Formen erinnern an die Bl\u00fctenbl\u00e4tter einer Blume und verleihen dem Interieur Sanftheit und nat\u00fcrlichen Charme. Er ist aus hochwertigen Materialien gefertigt und bietet eine bequeme Sitzgelegenheit, die sich sowohl in moderne als auch in klassische Umgebungen perfekt einf\u00fcgt.<\/p>\n<p>Merkmale:<\/p>\n<p>\u2714 von der Natur inspiriertes Design - organische Formen, die an die Lilienbl\u00fcte erinnern,<\/p>\n<p>\u2714 vielseitig einsetzbar - f\u00fcr das Esszimmer, das Wohnzimmer oder ein Caf\u00e9,<\/p>\n<p>\u2714 Haltbarkeit und Komfort - robuste Konstruktion und ergonomische R\u00fcckenlehne,<\/p>\n<p>\u2714 in verschiedenen Farbausf\u00fchrungen erh\u00e4ltlich - kann an den Stil der Inneneinrichtung angepasst werden.<\/p>\n<p><strong>Stuhl Lilly<\/strong> ist die perfekte Wahl f\u00fcr alle, die zeitlose Eleganz und Liebe zum Detail sch\u00e4tzen.<\/p>","protected":false},"excerpt":{"rendered":"<p>Eleganckie i stylowe krzes\u0142o Lilly to po\u0142\u0105czenie minimalistycznego designu z wygod\u0105. Jego subtelne, zaokr\u0105glone kszta\u0142ty nawi\u0105zuj\u0105 do p\u0142atk\u00f3w kwiatu, dodaj\u0105c wn\u0119trzu delikatno\u015bci i naturalnego uroku. Wykonane z wysokiej jako\u015bci materia\u0142\u00f3w, zapewnia komfort siedzenia, idealnie komponuj\u0105c si\u0119 zar\u00f3wno w nowoczesnych, jak i klasycznych aran\u017cacjach. Cechy charakterystyczne: \u2714 design inspirowany natur\u0105 \u2013 organiczne formy przypominaj\u0105ce kwiat lilii, [&hellip;]<\/p>\n","protected":false},"featured_media":1668,"template":"","meta":{"_acf_changed":false},"product_brand":[],"product_cat":[68],"product_tag":[83],"class_list":{"0":"post-1329","1":"product","2":"type-product","3":"status-publish","4":"has-post-thumbnail","6":"product_cat-fotele-i-krzesla","7":"product_tag-kolekcja-lilly","8":"product_shipping_class-podstawowa","10":"first","11":"onbackorder","12":"taxable","13":"shipping-taxable","14":"purchasable","15":"product-type-simple","16":"add-to-wishlist-after_add_to_cart"},"acf":[],"yoast_head":"<!-- This site is optimized with the Yoast SEO plugin v26.6 - https:\/\/yoast.com\/wordpress\/plugins\/seo\/ -->\n<title>Drewniane krzes\u0142o Lilly - Siesta Garden<\/title>\n<meta name=\"robots\" content=\"index, follow, max-snippet:-1, max-image-preview:large, max-video-preview:-1\" \/>\n<link rel=\"canonical\" href=\"https:\/\/www.siestagarden.com\/de\/produkt\/lilly\/\" \/>\n<meta property=\"og:locale\" content=\"de_DE\" \/>\n<meta property=\"og:type\" content=\"article\" \/>\n<meta property=\"og:title\" content=\"Drewniane krzes\u0142o Lilly - Siesta Garden\" \/>\n<meta property=\"og:description\" content=\"Eleganckie i stylowe krzes\u0142o Lilly to po\u0142\u0105czenie minimalistycznego designu z wygod\u0105. Jego subtelne, zaokr\u0105glone kszta\u0142ty nawi\u0105zuj\u0105 do p\u0142atk\u00f3w kwiatu, dodaj\u0105c wn\u0119trzu delikatno\u015bci i naturalnego uroku. Wykonane z wysokiej jako\u015bci materia\u0142\u00f3w, zapewnia komfort siedzenia, idealnie komponuj\u0105c si\u0119 zar\u00f3wno w nowoczesnych, jak i klasycznych aran\u017cacjach. Cechy charakterystyczne: \u2714 design inspirowany natur\u0105 \u2013 organiczne formy przypominaj\u0105ce kwiat lilii, [&hellip;]\" \/>\n<meta property=\"og:url\" content=\"https:\/\/www.siestagarden.com\/de\/produkt\/lilly\/\" \/>\n<meta property=\"og:site_name\" content=\"Siesta Garden\" \/>\n<meta property=\"article:modified_time\" content=\"2026-03-03T07:00:30+00:00\" \/>\n<meta property=\"og:image\" content=\"https:\/\/www.siestagarden.com\/wp-content\/uploads\/2025\/02\/IMG_6383.jpg\" \/>\n\t<meta property=\"og:image:width\" content=\"1600\" \/>\n\t<meta property=\"og:image:height\" content=\"1067\" \/>\n\t<meta property=\"og:image:type\" content=\"image\/jpeg\" \/>\n<meta name=\"twitter:card\" content=\"summary_large_image\" \/>\n<meta name=\"twitter:label1\" content=\"Gesch\u00e4tzte Lesezeit\" \/>\n\t<meta name=\"twitter:data1\" content=\"1\u00a0Minute\" \/>\n<script type=\"application\/ld+json\" class=\"yoast-schema-graph\">{\"@context\":\"https:\/\/schema.org\",\"@graph\":[{\"@type\":\"WebPage\",\"@id\":\"https:\/\/www.siestagarden.com\/produkt\/lilly\/\",\"url\":\"https:\/\/www.siestagarden.com\/produkt\/lilly\/\",\"name\":\"Drewniane krzes\u0142o Lilly - Siesta Garden\",\"isPartOf\":{\"@id\":\"https:\/\/www.siestagarden.com\/#website\"},\"primaryImageOfPage\":{\"@id\":\"https:\/\/www.siestagarden.com\/produkt\/lilly\/#primaryimage\"},\"image\":{\"@id\":\"https:\/\/www.siestagarden.com\/produkt\/lilly\/#primaryimage\"},\"thumbnailUrl\":\"https:\/\/www.siestagarden.com\/wp-content\/uploads\/2025\/02\/IMG_6383.jpg\",\"datePublished\":\"2025-02-25T11:22:30+00:00\",\"dateModified\":\"2026-03-03T07:00:30+00:00\",\"breadcrumb\":{\"@id\":\"https:\/\/www.siestagarden.com\/produkt\/lilly\/#breadcrumb\"},\"inLanguage\":\"de\",\"potentialAction\":[{\"@type\":\"ReadAction\",\"target\":[\"https:\/\/www.siestagarden.com\/produkt\/lilly\/\"]}]},{\"@type\":\"ImageObject\",\"inLanguage\":\"de\",\"@id\":\"https:\/\/www.siestagarden.com\/produkt\/lilly\/#primaryimage\",\"url\":\"https:\/\/www.siestagarden.com\/wp-content\/uploads\/2025\/02\/IMG_6383.jpg\",\"contentUrl\":\"https:\/\/www.siestagarden.com\/wp-content\/uploads\/2025\/02\/IMG_6383.jpg\",\"width\":1600,\"height\":1067},{\"@type\":\"BreadcrumbList\",\"@id\":\"https:\/\/www.siestagarden.com\/produkt\/lilly\/#breadcrumb\",\"itemListElement\":[{\"@type\":\"ListItem\",\"position\":1,\"name\":\"Strona g\u0142\u00f3wna\",\"item\":\"https:\/\/www.siestagarden.com\/\"},{\"@type\":\"ListItem\",\"position\":2,\"name\":\"Sklep\",\"item\":\"https:\/\/www.siestagarden.com\/sklep\/\"},{\"@type\":\"ListItem\",\"position\":3,\"name\":\"Drewniane krzes\u0142o Lilly\"}]},{\"@type\":\"WebSite\",\"@id\":\"https:\/\/www.siestagarden.com\/#website\",\"url\":\"https:\/\/www.siestagarden.com\/\",\"name\":\"Siesta Garden\",\"description\":\"Meble do Twojego ogrodu. Polski producent drewnianych mebli najwy\u017cszej jako\u015bci.\",\"potentialAction\":[{\"@type\":\"SearchAction\",\"target\":{\"@type\":\"EntryPoint\",\"urlTemplate\":\"https:\/\/www.siestagarden.com\/?s={search_term_string}\"},\"query-input\":{\"@type\":\"PropertyValueSpecification\",\"valueRequired\":true,\"valueName\":\"search_term_string\"}}],\"inLanguage\":\"de\"}]}<\/script>\n<!-- \/ Yoast SEO plugin. -->","yoast_head_json":{"title":"Drewniane krzes\u0142o Lilly - Siesta Garden","robots":{"index":"index","follow":"follow","max-snippet":"max-snippet:-1","max-image-preview":"max-image-preview:large","max-video-preview":"max-video-preview:-1"},"canonical":"https:\/\/www.siestagarden.com\/de\/produkt\/lilly\/","og_locale":"de_DE","og_type":"article","og_title":"Drewniane krzes\u0142o Lilly - Siesta Garden","og_description":"Eleganckie i stylowe krzes\u0142o Lilly to po\u0142\u0105czenie minimalistycznego designu z wygod\u0105. Jego subtelne, zaokr\u0105glone kszta\u0142ty nawi\u0105zuj\u0105 do p\u0142atk\u00f3w kwiatu, dodaj\u0105c wn\u0119trzu delikatno\u015bci i naturalnego uroku. Wykonane z wysokiej jako\u015bci materia\u0142\u00f3w, zapewnia komfort siedzenia, idealnie komponuj\u0105c si\u0119 zar\u00f3wno w nowoczesnych, jak i klasycznych aran\u017cacjach. Cechy charakterystyczne: \u2714 design inspirowany natur\u0105 \u2013 organiczne formy przypominaj\u0105ce kwiat lilii, [&hellip;]","og_url":"https:\/\/www.siestagarden.com\/de\/produkt\/lilly\/","og_site_name":"Siesta Garden","article_modified_time":"2026-03-03T07:00:30+00:00","og_image":[{"width":1600,"height":1067,"url":"https:\/\/www.siestagarden.com\/wp-content\/uploads\/2025\/02\/IMG_6383.jpg","type":"image\/jpeg"}],"twitter_card":"summary_large_image","twitter_misc":{"Gesch\u00e4tzte Lesezeit":"1\u00a0Minute"},"schema":{"@context":"https:\/\/schema.org","@graph":[{"@type":"WebPage","@id":"https:\/\/www.siestagarden.com\/produkt\/lilly\/","url":"https:\/\/www.siestagarden.com\/produkt\/lilly\/","name":"Drewniane krzes\u0142o Lilly - Siesta Garden","isPartOf":{"@id":"https:\/\/www.siestagarden.com\/#website"},"primaryImageOfPage":{"@id":"https:\/\/www.siestagarden.com\/produkt\/lilly\/#primaryimage"},"image":{"@id":"https:\/\/www.siestagarden.com\/produkt\/lilly\/#primaryimage"},"thumbnailUrl":"https:\/\/www.siestagarden.com\/wp-content\/uploads\/2025\/02\/IMG_6383.jpg","datePublished":"2025-02-25T11:22:30+00:00","dateModified":"2026-03-03T07:00:30+00:00","breadcrumb":{"@id":"https:\/\/www.siestagarden.com\/produkt\/lilly\/#breadcrumb"},"inLanguage":"de","potentialAction":[{"@type":"ReadAction","target":["https:\/\/www.siestagarden.com\/produkt\/lilly\/"]}]},{"@type":"ImageObject","inLanguage":"de","@id":"https:\/\/www.siestagarden.com\/produkt\/lilly\/#primaryimage","url":"https:\/\/www.siestagarden.com\/wp-content\/uploads\/2025\/02\/IMG_6383.jpg","contentUrl":"https:\/\/www.siestagarden.com\/wp-content\/uploads\/2025\/02\/IMG_6383.jpg","width":1600,"height":1067},{"@type":"BreadcrumbList","@id":"https:\/\/www.siestagarden.com\/produkt\/lilly\/#breadcrumb","itemListElement":[{"@type":"ListItem","position":1,"name":"Strona g\u0142\u00f3wna","item":"https:\/\/www.siestagarden.com\/"},{"@type":"ListItem","position":2,"name":"Sklep","item":"https:\/\/www.siestagarden.com\/sklep\/"},{"@type":"ListItem","position":3,"name":"Drewniane krzes\u0142o Lilly"}]},{"@type":"WebSite","@id":"https:\/\/www.siestagarden.com\/#website","url":"https:\/\/www.siestagarden.com\/","name":"Siesta Garten","description":"M\u00f6bel f\u00fcr Ihren Garten. Polnischen Hersteller von Holzm\u00f6beln von h\u00f6chster Qualit\u00e4t.","potentialAction":[{"@type":"SearchAction","target":{"@type":"EntryPoint","urlTemplate":"https:\/\/www.siestagarden.com\/?s={search_term_string}"},"query-input":{"@type":"PropertyValueSpecification","valueRequired":true,"valueName":"search_term_string"}}],"inLanguage":"de"}]}},"_links":{"self":[{"href":"https:\/\/www.siestagarden.com\/de\/wp-json\/wp\/v2\/product\/1329","targetHints":{"allow":["GET"]}}],"collection":[{"href":"https:\/\/www.siestagarden.com\/de\/wp-json\/wp\/v2\/product"}],"about":[{"href":"https:\/\/www.siestagarden.com\/de\/wp-json\/wp\/v2\/types\/product"}],"wp:featuredmedia":[{"embeddable":true,"href":"https:\/\/www.siestagarden.com\/de\/wp-json\/wp\/v2\/media\/1668"}],"wp:attachment":[{"href":"https:\/\/www.siestagarden.com\/de\/wp-json\/wp\/v2\/media?parent=1329"}],"wp:term":[{"taxonomy":"product_brand","embeddable":true,"href":"https:\/\/www.siestagarden.com\/de\/wp-json\/wp\/v2\/product_brand?post=1329"},{"taxonomy":"product_cat","embeddable":true,"href":"https:\/\/www.siestagarden.com\/de\/wp-json\/wp\/v2\/product_cat?post=1329"},{"taxonomy":"product_tag","embeddable":true,"href":"https:\/\/www.siestagarden.com\/de\/wp-json\/wp\/v2\/product_tag?post=1329"}],"curies":[{"name":"wp","href":"https:\/\/api.w.org\/{rel}","templated":true}]}}