{"id":1491,"date":"2025-03-12T11:33:02","date_gmt":"2025-03-12T10:33:02","guid":{"rendered":"https:\/\/www.siestagarden.com\/?post_type=product&#038;p=1491"},"modified":"2026-02-12T08:28:13","modified_gmt":"2026-02-12T07:28:13","slug":"scandinavian-veranda-stol","status":"publish","type":"product","link":"https:\/\/www.siestagarden.com\/de\/produkt\/scandinavian-veranda-stol\/","title":{"rendered":"Skandinavischer Verandatisch 1,8m aus Holz"},"content":{"rendered":"<p><strong>Skandinavisches Weranda<\/strong> - ruhige, leichte und funktionale Eleganz<\/p>\n<p>Manchmal braucht man nur eine Terrasse und ein einfaches M\u00f6belst\u00fcck, um das Gef\u00fchl zu haben, dass man genau dort ist, wo man sein m\u00f6chte. Die skandinavische Weranda-Kollektion wurde f\u00fcr alle geschaffen, die klare Formen, helle R\u00e4ume und Komfort im Alltag sch\u00e4tzen.<\/p>\n<p>Sein Markenzeichen ist eine hellgraue, azurblaue Oberfl\u00e4che, die das Holz dezent aufhellt, seine Struktur hervorhebt und ihm ein satiniertes Finish verleiht. Eine Farbe, die perfekt mit der Natur, dem Licht und der modernen Architektur harmoniert und so einen stimmigen, ruhigen Lebensraum im Freien schafft.<\/p>\n<p>Die Sammlung umfasst:<\/p>\n<p>Tisch 1,8 m lang<\/p>\n<p>B\u00e4nke ohne R\u00fcckenlehne 1,8 m<\/p>\n<p>\ud83d\udc49 Sie k\u00f6nnen jedes Element einzeln kaufen und das Set nach Ihrem Bedarf und Platzangebot zusammenstellen.<\/p>\n<p>Die M\u00f6bel wurden aus massivem <strong>FSC\u00ae-Holz<\/strong>und ihre Oberfl\u00e4che durch eine dekorative Impr\u00e4gnierung gesch\u00fctzt, die \u00c4sthetik mit Witterungsschutz verbindet.<\/p>\n<p>\u2714\ufe0f Ausf\u00fchrung: Hellgrau-Azure - elegant und leicht im Erscheinungsbild<\/p>\n<p>\u2714\ufe0f L\u00e4nge: 1,8 m - ideal f\u00fcr Familienessen und Versammlungen<\/p>\n<p>\u2714\ufe0f Schlichte Form - ein skandinavischer Klassiker mit modernem Einschlag<\/p>\n<p>\u2714\ufe0f FSC\u00ae-Holz - eine bewusste und nachhaltige Entscheidung<\/p>\n<p>\u2714\ufe0f M\u00f6bel werden separat verkauft - Gestaltungsfreiheit<\/p>\n<p><strong>Skandinavisches Weranda<\/strong> ist ein Raum, in dem Natur, Licht und Alltag in perfekter Harmonie zusammenkommen.<\/p>","protected":false},"excerpt":{"rendered":"<p>Skandynawska Weranda \u2013 spok\u00f3j, \u015bwiat\u0142o i funkcjonalna elegancja Czasem wystarczy taras i prosty mebel, by poczu\u0107, \u017ce jeste\u015b dok\u0142adnie tam, gdzie chcesz by\u0107. Kolekcja Skandynawska Weranda powsta\u0142a z my\u015bl\u0105 o tych, kt\u00f3rzy ceni\u0105 czysto\u015b\u0107 formy, jasne przestrzenie i codzienny komfort. Jej znak rozpoznawczy to wyko\u0144czenie w jasnoszarym lazurowym odcieniu, kt\u00f3re subtelnie rozja\u015bnia drewno, podkre\u015blaj\u0105c jego [&hellip;]<\/p>\n","protected":false},"featured_media":1700,"template":"","meta":{"_acf_changed":false},"product_brand":[],"product_cat":[71],"product_tag":[],"class_list":{"0":"post-1491","1":"product","2":"type-product","3":"status-publish","4":"has-post-thumbnail","6":"product_cat-stoly-i-stoliki","7":"product_shipping_class-podstawowa","9":"first","10":"instock","11":"taxable","12":"shipping-taxable","13":"purchasable","14":"product-type-simple","15":"add-to-wishlist-after_add_to_cart"},"acf":[],"yoast_head":"<!-- This site is optimized with the Yoast SEO plugin v26.6 - https:\/\/yoast.com\/wordpress\/plugins\/seo\/ -->\n<title>Skandynawska Weranda st\u00f3\u0142 1,8m z drewna - Siesta Garden<\/title>\n<meta name=\"robots\" content=\"index, follow, max-snippet:-1, max-image-preview:large, max-video-preview:-1\" \/>\n<link rel=\"canonical\" href=\"https:\/\/www.siestagarden.com\/de\/produkt\/scandinavian-veranda-stol\/\" \/>\n<meta property=\"og:locale\" content=\"de_DE\" \/>\n<meta property=\"og:type\" content=\"article\" \/>\n<meta property=\"og:title\" content=\"Skandynawska Weranda st\u00f3\u0142 1,8m z drewna - Siesta Garden\" \/>\n<meta property=\"og:description\" content=\"Skandynawska Weranda \u2013 spok\u00f3j, \u015bwiat\u0142o i funkcjonalna elegancja Czasem wystarczy taras i prosty mebel, by poczu\u0107, \u017ce jeste\u015b dok\u0142adnie tam, gdzie chcesz by\u0107. Kolekcja Skandynawska Weranda powsta\u0142a z my\u015bl\u0105 o tych, kt\u00f3rzy ceni\u0105 czysto\u015b\u0107 formy, jasne przestrzenie i codzienny komfort. Jej znak rozpoznawczy to wyko\u0144czenie w jasnoszarym lazurowym odcieniu, kt\u00f3re subtelnie rozja\u015bnia drewno, podkre\u015blaj\u0105c jego [&hellip;]\" \/>\n<meta property=\"og:url\" content=\"https:\/\/www.siestagarden.com\/de\/produkt\/scandinavian-veranda-stol\/\" \/>\n<meta property=\"og:site_name\" content=\"Siesta Garden\" \/>\n<meta property=\"article:modified_time\" content=\"2026-02-12T07:28:13+00:00\" \/>\n<meta property=\"og:image\" content=\"https:\/\/www.siestagarden.com\/wp-content\/uploads\/2025\/03\/11-rotated-e1770881281508.jpeg\" \/>\n\t<meta property=\"og:image:width\" content=\"960\" \/>\n\t<meta property=\"og:image:height\" content=\"806\" \/>\n\t<meta property=\"og:image:type\" content=\"image\/jpeg\" \/>\n<meta name=\"twitter:card\" content=\"summary_large_image\" \/>\n<meta name=\"twitter:label1\" content=\"Gesch\u00e4tzte Lesezeit\" \/>\n\t<meta name=\"twitter:data1\" content=\"2\u00a0Minuten\" \/>\n<script type=\"application\/ld+json\" class=\"yoast-schema-graph\">{\"@context\":\"https:\/\/schema.org\",\"@graph\":[{\"@type\":\"WebPage\",\"@id\":\"https:\/\/www.siestagarden.com\/produkt\/scandinavian-veranda-stol\/\",\"url\":\"https:\/\/www.siestagarden.com\/produkt\/scandinavian-veranda-stol\/\",\"name\":\"Skandynawska Weranda st\u00f3\u0142 1,8m z drewna - Siesta Garden\",\"isPartOf\":{\"@id\":\"https:\/\/www.siestagarden.com\/#website\"},\"primaryImageOfPage\":{\"@id\":\"https:\/\/www.siestagarden.com\/produkt\/scandinavian-veranda-stol\/#primaryimage\"},\"image\":{\"@id\":\"https:\/\/www.siestagarden.com\/produkt\/scandinavian-veranda-stol\/#primaryimage\"},\"thumbnailUrl\":\"https:\/\/www.siestagarden.com\/wp-content\/uploads\/2025\/03\/11-rotated-e1770881281508.jpeg\",\"datePublished\":\"2025-03-12T10:33:02+00:00\",\"dateModified\":\"2026-02-12T07:28:13+00:00\",\"breadcrumb\":{\"@id\":\"https:\/\/www.siestagarden.com\/produkt\/scandinavian-veranda-stol\/#breadcrumb\"},\"inLanguage\":\"de\",\"potentialAction\":[{\"@type\":\"ReadAction\",\"target\":[\"https:\/\/www.siestagarden.com\/produkt\/scandinavian-veranda-stol\/\"]}]},{\"@type\":\"ImageObject\",\"inLanguage\":\"de\",\"@id\":\"https:\/\/www.siestagarden.com\/produkt\/scandinavian-veranda-stol\/#primaryimage\",\"url\":\"https:\/\/www.siestagarden.com\/wp-content\/uploads\/2025\/03\/11-rotated-e1770881281508.jpeg\",\"contentUrl\":\"https:\/\/www.siestagarden.com\/wp-content\/uploads\/2025\/03\/11-rotated-e1770881281508.jpeg\",\"width\":960,\"height\":806},{\"@type\":\"BreadcrumbList\",\"@id\":\"https:\/\/www.siestagarden.com\/produkt\/scandinavian-veranda-stol\/#breadcrumb\",\"itemListElement\":[{\"@type\":\"ListItem\",\"position\":1,\"name\":\"Strona g\u0142\u00f3wna\",\"item\":\"https:\/\/www.siestagarden.com\/\"},{\"@type\":\"ListItem\",\"position\":2,\"name\":\"Sklep\",\"item\":\"https:\/\/www.siestagarden.com\/sklep\/\"},{\"@type\":\"ListItem\",\"position\":3,\"name\":\"Skandynawska Weranda st\u00f3\u0142 1,8m z drewna\"}]},{\"@type\":\"WebSite\",\"@id\":\"https:\/\/www.siestagarden.com\/#website\",\"url\":\"https:\/\/www.siestagarden.com\/\",\"name\":\"Siesta Garden\",\"description\":\"Meble do Twojego ogrodu. Polski producent drewnianych mebli najwy\u017cszej jako\u015bci.\",\"potentialAction\":[{\"@type\":\"SearchAction\",\"target\":{\"@type\":\"EntryPoint\",\"urlTemplate\":\"https:\/\/www.siestagarden.com\/?s={search_term_string}\"},\"query-input\":{\"@type\":\"PropertyValueSpecification\",\"valueRequired\":true,\"valueName\":\"search_term_string\"}}],\"inLanguage\":\"de\"}]}<\/script>\n<!-- \/ Yoast SEO plugin. -->","yoast_head_json":{"title":"Skandynawska Weranda st\u00f3\u0142 1,8m z drewna - Siesta Garden","robots":{"index":"index","follow":"follow","max-snippet":"max-snippet:-1","max-image-preview":"max-image-preview:large","max-video-preview":"max-video-preview:-1"},"canonical":"https:\/\/www.siestagarden.com\/de\/produkt\/scandinavian-veranda-stol\/","og_locale":"de_DE","og_type":"article","og_title":"Skandynawska Weranda st\u00f3\u0142 1,8m z drewna - Siesta Garden","og_description":"Skandynawska Weranda \u2013 spok\u00f3j, \u015bwiat\u0142o i funkcjonalna elegancja Czasem wystarczy taras i prosty mebel, by poczu\u0107, \u017ce jeste\u015b dok\u0142adnie tam, gdzie chcesz by\u0107. Kolekcja Skandynawska Weranda powsta\u0142a z my\u015bl\u0105 o tych, kt\u00f3rzy ceni\u0105 czysto\u015b\u0107 formy, jasne przestrzenie i codzienny komfort. Jej znak rozpoznawczy to wyko\u0144czenie w jasnoszarym lazurowym odcieniu, kt\u00f3re subtelnie rozja\u015bnia drewno, podkre\u015blaj\u0105c jego [&hellip;]","og_url":"https:\/\/www.siestagarden.com\/de\/produkt\/scandinavian-veranda-stol\/","og_site_name":"Siesta Garden","article_modified_time":"2026-02-12T07:28:13+00:00","og_image":[{"width":960,"height":806,"url":"https:\/\/www.siestagarden.com\/wp-content\/uploads\/2025\/03\/11-rotated-e1770881281508.jpeg","type":"image\/jpeg"}],"twitter_card":"summary_large_image","twitter_misc":{"Gesch\u00e4tzte Lesezeit":"2\u00a0Minuten"},"schema":{"@context":"https:\/\/schema.org","@graph":[{"@type":"WebPage","@id":"https:\/\/www.siestagarden.com\/produkt\/scandinavian-veranda-stol\/","url":"https:\/\/www.siestagarden.com\/produkt\/scandinavian-veranda-stol\/","name":"Skandynawska Weranda st\u00f3\u0142 1,8m z drewna - Siesta Garden","isPartOf":{"@id":"https:\/\/www.siestagarden.com\/#website"},"primaryImageOfPage":{"@id":"https:\/\/www.siestagarden.com\/produkt\/scandinavian-veranda-stol\/#primaryimage"},"image":{"@id":"https:\/\/www.siestagarden.com\/produkt\/scandinavian-veranda-stol\/#primaryimage"},"thumbnailUrl":"https:\/\/www.siestagarden.com\/wp-content\/uploads\/2025\/03\/11-rotated-e1770881281508.jpeg","datePublished":"2025-03-12T10:33:02+00:00","dateModified":"2026-02-12T07:28:13+00:00","breadcrumb":{"@id":"https:\/\/www.siestagarden.com\/produkt\/scandinavian-veranda-stol\/#breadcrumb"},"inLanguage":"de","potentialAction":[{"@type":"ReadAction","target":["https:\/\/www.siestagarden.com\/produkt\/scandinavian-veranda-stol\/"]}]},{"@type":"ImageObject","inLanguage":"de","@id":"https:\/\/www.siestagarden.com\/produkt\/scandinavian-veranda-stol\/#primaryimage","url":"https:\/\/www.siestagarden.com\/wp-content\/uploads\/2025\/03\/11-rotated-e1770881281508.jpeg","contentUrl":"https:\/\/www.siestagarden.com\/wp-content\/uploads\/2025\/03\/11-rotated-e1770881281508.jpeg","width":960,"height":806},{"@type":"BreadcrumbList","@id":"https:\/\/www.siestagarden.com\/produkt\/scandinavian-veranda-stol\/#breadcrumb","itemListElement":[{"@type":"ListItem","position":1,"name":"Strona g\u0142\u00f3wna","item":"https:\/\/www.siestagarden.com\/"},{"@type":"ListItem","position":2,"name":"Sklep","item":"https:\/\/www.siestagarden.com\/sklep\/"},{"@type":"ListItem","position":3,"name":"Skandynawska Weranda st\u00f3\u0142 1,8m z drewna"}]},{"@type":"WebSite","@id":"https:\/\/www.siestagarden.com\/#website","url":"https:\/\/www.siestagarden.com\/","name":"Siesta Garten","description":"M\u00f6bel f\u00fcr Ihren Garten. Polnischen Hersteller von Holzm\u00f6beln von h\u00f6chster Qualit\u00e4t.","potentialAction":[{"@type":"SearchAction","target":{"@type":"EntryPoint","urlTemplate":"https:\/\/www.siestagarden.com\/?s={search_term_string}"},"query-input":{"@type":"PropertyValueSpecification","valueRequired":true,"valueName":"search_term_string"}}],"inLanguage":"de"}]}},"_links":{"self":[{"href":"https:\/\/www.siestagarden.com\/de\/wp-json\/wp\/v2\/product\/1491","targetHints":{"allow":["GET"]}}],"collection":[{"href":"https:\/\/www.siestagarden.com\/de\/wp-json\/wp\/v2\/product"}],"about":[{"href":"https:\/\/www.siestagarden.com\/de\/wp-json\/wp\/v2\/types\/product"}],"wp:featuredmedia":[{"embeddable":true,"href":"https:\/\/www.siestagarden.com\/de\/wp-json\/wp\/v2\/media\/1700"}],"wp:attachment":[{"href":"https:\/\/www.siestagarden.com\/de\/wp-json\/wp\/v2\/media?parent=1491"}],"wp:term":[{"taxonomy":"product_brand","embeddable":true,"href":"https:\/\/www.siestagarden.com\/de\/wp-json\/wp\/v2\/product_brand?post=1491"},{"taxonomy":"product_cat","embeddable":true,"href":"https:\/\/www.siestagarden.com\/de\/wp-json\/wp\/v2\/product_cat?post=1491"},{"taxonomy":"product_tag","embeddable":true,"href":"https:\/\/www.siestagarden.com\/de\/wp-json\/wp\/v2\/product_tag?post=1491"}],"curies":[{"name":"wp","href":"https:\/\/api.w.org\/{rel}","templated":true}]}}