{"id":1497,"date":"2025-03-12T11:33:03","date_gmt":"2025-03-12T10:33:03","guid":{"rendered":"https:\/\/www.siestagarden.com\/?post_type=product&#038;p=1497"},"modified":"2026-01-27T13:36:01","modified_gmt":"2026-01-27T12:36:01","slug":"bibione-lawka-2","status":"publish","type":"product","link":"https:\/\/www.siestagarden.com\/de\/produkt\/bibione-lawka-2\/","title":{"rendered":"Bibione Bank aus Holz 1,9m"},"content":{"rendered":"<p><strong>Gartenbank Bibione<\/strong> - Ein solider Sitz mit einem modernen Touch<\/p>\n<p><strong>Bibione-Bank<\/strong> ist die perfekte Erg\u00e4nzung zu einem Tisch aus der gleichen Kollektion. Sie ist aus massivem FSC\u00ae-Holz gefertigt und wurde mit Blick auf Stabilit\u00e4t, Funktionalit\u00e4t und zeitlose Form entworfen. Ihr gr\u00f6\u00dftes Merkmal sind die X-f\u00f6rmigen Beine, die n\u00e4her an der Mitte der Bank platziert sind und f\u00fcr mehr Komfort am Tisch und einen modernen Look sorgen.<\/p>\n<p>Dank ihrer soliden Konstruktion ist die Bank \u00e4u\u00dferst widerstandsf\u00e4hig gegen intensive Nutzung und eignet sich sowohl f\u00fcr private G\u00e4rten als auch f\u00fcr gewerbliche R\u00e4ume. Erh\u00e4ltlich in zwei Ausf\u00fchrungen:<\/p>\n<p>- Grey Wash - ein subtiler, heller Ton<\/p>\n<p>- Dunkelgrau - ein tiefer, eleganter Farbton<\/p>\n<p>\ud83e\ude91 So erstellen Sie eine vollst\u00e4ndige <strong>Bausatz Bibione<\/strong>Zwei B\u00e4nke und ein 1,9 m langer Tisch aus der gleichen Serie sollten aufeinander abgestimmt sein.<\/p>\n<p>\u2714\ufe0f stabile Bank ohne R\u00fcckenlehne<\/p>\n<p>\u2714\ufe0f Design mit X-Beinen in einem neuen Layout<\/p>\n<p>\u2714\ufe0f aus FSC\u00ae-Massivholz<\/p>\n<p>\u2714\ufe0f Oberfl\u00e4chen: Grey Wash oder Dunkelgrau<\/p>\n<p>\u2714\ufe0f perfekt f\u00fcr Garten, Terrasse, Restaurant oder Hotel<\/p>\n<p>\u2714\ufe0f entworfen, um mit dem Tisch Bibione kombiniert zu werden<\/p>","protected":false},"excerpt":{"rendered":"<p>\u0141awka ogrodowa Bibione \u2013 Ssolidne siedzisko w nowoczesnym wydaniu \u0141awka Bibione to idealne uzupe\u0142nienie sto\u0142u z tej samej kolekcji \u2013 stworzona z litego drewna FSC\u00ae, zaprojektowana z my\u015bl\u0105 o stabilno\u015bci, funkcjonalno\u015bci i ponadczasowej formie. Jej najwi\u0119kszym wyr\u00f3\u017cnikiem s\u0105 nogi w uk\u0142adzie X, osadzone bli\u017cej \u015brodka \u0142awki, co daje wi\u0119kszy komfort przy stole i nowoczesny wygl\u0105d. [&hellip;]<\/p>\n","protected":false},"featured_media":1805,"template":"","meta":{"_acf_changed":false},"product_brand":[],"product_cat":[67],"product_tag":[91],"class_list":{"0":"post-1497","1":"product","2":"type-product","3":"status-publish","4":"has-post-thumbnail","6":"product_cat-sofy-i-lawki","7":"product_tag-kolekcja-bibione","8":"product_shipping_class-podstawowa","10":"first","11":"instock","12":"taxable","13":"shipping-taxable","14":"purchasable","15":"product-type-simple","16":"add-to-wishlist-after_add_to_cart"},"acf":[],"yoast_head":"<!-- This site is optimized with the Yoast SEO plugin v26.6 - https:\/\/yoast.com\/wordpress\/plugins\/seo\/ -->\n<title>\u0141awka Bibione 1,9m z drewna - Siesta Garden<\/title>\n<meta name=\"robots\" content=\"index, follow, max-snippet:-1, max-image-preview:large, max-video-preview:-1\" \/>\n<link rel=\"canonical\" href=\"https:\/\/www.siestagarden.com\/de\/produkt\/bibione-lawka-2\/\" \/>\n<meta property=\"og:locale\" content=\"de_DE\" \/>\n<meta property=\"og:type\" content=\"article\" \/>\n<meta property=\"og:title\" content=\"\u0141awka Bibione 1,9m z drewna - Siesta Garden\" \/>\n<meta property=\"og:description\" content=\"\u0141awka ogrodowa Bibione \u2013 Ssolidne siedzisko w nowoczesnym wydaniu \u0141awka Bibione to idealne uzupe\u0142nienie sto\u0142u z tej samej kolekcji \u2013 stworzona z litego drewna FSC\u00ae, zaprojektowana z my\u015bl\u0105 o stabilno\u015bci, funkcjonalno\u015bci i ponadczasowej formie. Jej najwi\u0119kszym wyr\u00f3\u017cnikiem s\u0105 nogi w uk\u0142adzie X, osadzone bli\u017cej \u015brodka \u0142awki, co daje wi\u0119kszy komfort przy stole i nowoczesny wygl\u0105d. [&hellip;]\" \/>\n<meta property=\"og:url\" content=\"https:\/\/www.siestagarden.com\/de\/produkt\/bibione-lawka-2\/\" \/>\n<meta property=\"og:site_name\" content=\"Siesta Garden\" \/>\n<meta property=\"article:modified_time\" content=\"2026-01-27T12:36:01+00:00\" \/>\n<meta property=\"og:image\" content=\"https:\/\/www.siestagarden.com\/wp-content\/uploads\/2025\/03\/IMG_7630.jpg\" \/>\n\t<meta property=\"og:image:width\" content=\"1600\" \/>\n\t<meta property=\"og:image:height\" content=\"1067\" \/>\n\t<meta property=\"og:image:type\" content=\"image\/jpeg\" \/>\n<meta name=\"twitter:card\" content=\"summary_large_image\" \/>\n<meta name=\"twitter:label1\" content=\"Gesch\u00e4tzte Lesezeit\" \/>\n\t<meta name=\"twitter:data1\" content=\"2\u00a0Minuten\" \/>\n<script type=\"application\/ld+json\" class=\"yoast-schema-graph\">{\"@context\":\"https:\/\/schema.org\",\"@graph\":[{\"@type\":\"WebPage\",\"@id\":\"https:\/\/www.siestagarden.com\/produkt\/bibione-lawka-2\/\",\"url\":\"https:\/\/www.siestagarden.com\/produkt\/bibione-lawka-2\/\",\"name\":\"\u0141awka Bibione 1,9m z drewna - Siesta Garden\",\"isPartOf\":{\"@id\":\"https:\/\/www.siestagarden.com\/#website\"},\"primaryImageOfPage\":{\"@id\":\"https:\/\/www.siestagarden.com\/produkt\/bibione-lawka-2\/#primaryimage\"},\"image\":{\"@id\":\"https:\/\/www.siestagarden.com\/produkt\/bibione-lawka-2\/#primaryimage\"},\"thumbnailUrl\":\"https:\/\/www.siestagarden.com\/wp-content\/uploads\/2025\/03\/IMG_7630.jpg\",\"datePublished\":\"2025-03-12T10:33:03+00:00\",\"dateModified\":\"2026-01-27T12:36:01+00:00\",\"breadcrumb\":{\"@id\":\"https:\/\/www.siestagarden.com\/produkt\/bibione-lawka-2\/#breadcrumb\"},\"inLanguage\":\"de\",\"potentialAction\":[{\"@type\":\"ReadAction\",\"target\":[\"https:\/\/www.siestagarden.com\/produkt\/bibione-lawka-2\/\"]}]},{\"@type\":\"ImageObject\",\"inLanguage\":\"de\",\"@id\":\"https:\/\/www.siestagarden.com\/produkt\/bibione-lawka-2\/#primaryimage\",\"url\":\"https:\/\/www.siestagarden.com\/wp-content\/uploads\/2025\/03\/IMG_7630.jpg\",\"contentUrl\":\"https:\/\/www.siestagarden.com\/wp-content\/uploads\/2025\/03\/IMG_7630.jpg\",\"width\":1600,\"height\":1067},{\"@type\":\"BreadcrumbList\",\"@id\":\"https:\/\/www.siestagarden.com\/produkt\/bibione-lawka-2\/#breadcrumb\",\"itemListElement\":[{\"@type\":\"ListItem\",\"position\":1,\"name\":\"Strona g\u0142\u00f3wna\",\"item\":\"https:\/\/www.siestagarden.com\/\"},{\"@type\":\"ListItem\",\"position\":2,\"name\":\"Sklep\",\"item\":\"https:\/\/www.siestagarden.com\/sklep\/\"},{\"@type\":\"ListItem\",\"position\":3,\"name\":\"\u0141awka Bibione 1,9m z drewna\"}]},{\"@type\":\"WebSite\",\"@id\":\"https:\/\/www.siestagarden.com\/#website\",\"url\":\"https:\/\/www.siestagarden.com\/\",\"name\":\"Siesta Garden\",\"description\":\"Meble do Twojego ogrodu. Polski producent drewnianych mebli najwy\u017cszej jako\u015bci.\",\"potentialAction\":[{\"@type\":\"SearchAction\",\"target\":{\"@type\":\"EntryPoint\",\"urlTemplate\":\"https:\/\/www.siestagarden.com\/?s={search_term_string}\"},\"query-input\":{\"@type\":\"PropertyValueSpecification\",\"valueRequired\":true,\"valueName\":\"search_term_string\"}}],\"inLanguage\":\"de\"}]}<\/script>\n<!-- \/ Yoast SEO plugin. -->","yoast_head_json":{"title":"\u0141awka Bibione 1,9m z drewna - Siesta Garden","robots":{"index":"index","follow":"follow","max-snippet":"max-snippet:-1","max-image-preview":"max-image-preview:large","max-video-preview":"max-video-preview:-1"},"canonical":"https:\/\/www.siestagarden.com\/de\/produkt\/bibione-lawka-2\/","og_locale":"de_DE","og_type":"article","og_title":"\u0141awka Bibione 1,9m z drewna - Siesta Garden","og_description":"\u0141awka ogrodowa Bibione \u2013 Ssolidne siedzisko w nowoczesnym wydaniu \u0141awka Bibione to idealne uzupe\u0142nienie sto\u0142u z tej samej kolekcji \u2013 stworzona z litego drewna FSC\u00ae, zaprojektowana z my\u015bl\u0105 o stabilno\u015bci, funkcjonalno\u015bci i ponadczasowej formie. Jej najwi\u0119kszym wyr\u00f3\u017cnikiem s\u0105 nogi w uk\u0142adzie X, osadzone bli\u017cej \u015brodka \u0142awki, co daje wi\u0119kszy komfort przy stole i nowoczesny wygl\u0105d. [&hellip;]","og_url":"https:\/\/www.siestagarden.com\/de\/produkt\/bibione-lawka-2\/","og_site_name":"Siesta Garden","article_modified_time":"2026-01-27T12:36:01+00:00","og_image":[{"width":1600,"height":1067,"url":"https:\/\/www.siestagarden.com\/wp-content\/uploads\/2025\/03\/IMG_7630.jpg","type":"image\/jpeg"}],"twitter_card":"summary_large_image","twitter_misc":{"Gesch\u00e4tzte Lesezeit":"2\u00a0Minuten"},"schema":{"@context":"https:\/\/schema.org","@graph":[{"@type":"WebPage","@id":"https:\/\/www.siestagarden.com\/produkt\/bibione-lawka-2\/","url":"https:\/\/www.siestagarden.com\/produkt\/bibione-lawka-2\/","name":"\u0141awka Bibione 1,9m z drewna - Siesta Garden","isPartOf":{"@id":"https:\/\/www.siestagarden.com\/#website"},"primaryImageOfPage":{"@id":"https:\/\/www.siestagarden.com\/produkt\/bibione-lawka-2\/#primaryimage"},"image":{"@id":"https:\/\/www.siestagarden.com\/produkt\/bibione-lawka-2\/#primaryimage"},"thumbnailUrl":"https:\/\/www.siestagarden.com\/wp-content\/uploads\/2025\/03\/IMG_7630.jpg","datePublished":"2025-03-12T10:33:03+00:00","dateModified":"2026-01-27T12:36:01+00:00","breadcrumb":{"@id":"https:\/\/www.siestagarden.com\/produkt\/bibione-lawka-2\/#breadcrumb"},"inLanguage":"de","potentialAction":[{"@type":"ReadAction","target":["https:\/\/www.siestagarden.com\/produkt\/bibione-lawka-2\/"]}]},{"@type":"ImageObject","inLanguage":"de","@id":"https:\/\/www.siestagarden.com\/produkt\/bibione-lawka-2\/#primaryimage","url":"https:\/\/www.siestagarden.com\/wp-content\/uploads\/2025\/03\/IMG_7630.jpg","contentUrl":"https:\/\/www.siestagarden.com\/wp-content\/uploads\/2025\/03\/IMG_7630.jpg","width":1600,"height":1067},{"@type":"BreadcrumbList","@id":"https:\/\/www.siestagarden.com\/produkt\/bibione-lawka-2\/#breadcrumb","itemListElement":[{"@type":"ListItem","position":1,"name":"Strona g\u0142\u00f3wna","item":"https:\/\/www.siestagarden.com\/"},{"@type":"ListItem","position":2,"name":"Sklep","item":"https:\/\/www.siestagarden.com\/sklep\/"},{"@type":"ListItem","position":3,"name":"\u0141awka Bibione 1,9m z drewna"}]},{"@type":"WebSite","@id":"https:\/\/www.siestagarden.com\/#website","url":"https:\/\/www.siestagarden.com\/","name":"Siesta Garten","description":"M\u00f6bel f\u00fcr Ihren Garten. Polnischen Hersteller von Holzm\u00f6beln von h\u00f6chster Qualit\u00e4t.","potentialAction":[{"@type":"SearchAction","target":{"@type":"EntryPoint","urlTemplate":"https:\/\/www.siestagarden.com\/?s={search_term_string}"},"query-input":{"@type":"PropertyValueSpecification","valueRequired":true,"valueName":"search_term_string"}}],"inLanguage":"de"}]}},"_links":{"self":[{"href":"https:\/\/www.siestagarden.com\/de\/wp-json\/wp\/v2\/product\/1497","targetHints":{"allow":["GET"]}}],"collection":[{"href":"https:\/\/www.siestagarden.com\/de\/wp-json\/wp\/v2\/product"}],"about":[{"href":"https:\/\/www.siestagarden.com\/de\/wp-json\/wp\/v2\/types\/product"}],"wp:featuredmedia":[{"embeddable":true,"href":"https:\/\/www.siestagarden.com\/de\/wp-json\/wp\/v2\/media\/1805"}],"wp:attachment":[{"href":"https:\/\/www.siestagarden.com\/de\/wp-json\/wp\/v2\/media?parent=1497"}],"wp:term":[{"taxonomy":"product_brand","embeddable":true,"href":"https:\/\/www.siestagarden.com\/de\/wp-json\/wp\/v2\/product_brand?post=1497"},{"taxonomy":"product_cat","embeddable":true,"href":"https:\/\/www.siestagarden.com\/de\/wp-json\/wp\/v2\/product_cat?post=1497"},{"taxonomy":"product_tag","embeddable":true,"href":"https:\/\/www.siestagarden.com\/de\/wp-json\/wp\/v2\/product_tag?post=1497"}],"curies":[{"name":"wp","href":"https:\/\/api.w.org\/{rel}","templated":true}]}}