{"id":1498,"date":"2025-03-12T11:33:03","date_gmt":"2025-03-12T10:33:03","guid":{"rendered":"https:\/\/www.siestagarden.com\/?post_type=product&#038;p=1498"},"modified":"2026-02-12T08:30:07","modified_gmt":"2026-02-12T07:30:07","slug":"elegancki-taras-stol-12m","status":"publish","type":"product","link":"https:\/\/www.siestagarden.com\/de\/produkt\/elegancki-taras-stol-12m\/","title":{"rendered":"Eleganter Terrassentisch\/ Gartentisch aus Holz 1,2m"},"content":{"rendered":"<p><strong>Elegante Terrasse<\/strong> - heller Wohn- und Entspannungsraum<\/p>\n<p>Die Terrasse ist ein Ort, an dem der Alltag entschleunigt wird und einfache Momente an Bedeutung gewinnen. <strong>Elegante Terrassen-Kollektion<\/strong> wurde entworfen, um einen hellen, harmonischen und komfortablen Au\u00dfenbereich zu schaffen, in dem die Einfachheit der Form und die \u00c4sthetik der Details wichtig sind.<\/p>\n<p>Die M\u00f6bel sind aus massivem <strong>FSC\u00ae-Holz<\/strong>Sie sind mit einer azurblauen Impr\u00e4gnierung versehen, die die Struktur des Holzes hervorhebt und gleichzeitig das Gesamtbild aufhellt. Dieser wei\u00df get\u00fcnchte Effekt ist perfekt f\u00fcr mediterrane, skandinavische oder moderne Einrichtungen.<\/p>\n<p><strong>Die Sammlung umfasst:<\/strong><\/p>\n<p>Tische in zwei L\u00e4ngen: 1,2 m und 2,0 m (in einer anderen Auktion erh\u00e4ltlich)<\/p>\n<p>B\u00e4nke ohne R\u00fcckenlehne, auch in zwei L\u00e4ngen: 1,2 m und 2,0 m<\/p>\n<p>\ud83d\udc49 Sie kaufen die Produkte einzeln - Sie k\u00f6nnen sich das perfekte Layout f\u00fcr Ihren Raum selbst zusammenstellen.<\/p>\n<p>Jedes St\u00fcck der Kollektion ist dekorativ impr\u00e4gniert, wetterfest und f\u00fcr den Einsatz im Freien geeignet.<\/p>\n<p>\u2714\ufe0f wei\u00dfes Azur - hellt den Raum auf und vergr\u00f6\u00dfert ihn optisch<\/p>\n<p>\u2714\ufe0f Gerade Linien und geometrische Formen - Eleganz mit modernem Touch<\/p>\n<p>\u2714\ufe0f FSC\u00ae-Holz - nat\u00fcrlich, nachhaltig, verantwortungsvoll<\/p>\n<p>\u2714\ufe0f zwei Gr\u00f6\u00dfen von Tischen und B\u00e4nken - flexible Anpassung<\/p>\n<p>\u2714\ufe0f Produkte separat erh\u00e4ltlich - v\u00f6llige Gestaltungsfreiheit<\/p>\n<p>Sie brauchen keine gro\u00dfe Terrasse, um einen sch\u00f6nen Raum zu schaffen. Alles, was Sie brauchen, sind Licht, Natur und gut gew\u00e4hlte M\u00f6bel.<\/p>","protected":false},"excerpt":{"rendered":"<p>Elegancki Taras \u2013 jasna przestrze\u0144 do \u017cycia i odpoczynku Taras to miejsce, gdzie codzienno\u015b\u0107 zwalnia, a proste chwile nabieraj\u0105 znaczenia. Kolekcja Elegancki Taras zosta\u0142a zaprojektowana z my\u015bl\u0105 o stworzeniu lekkiej, harmonijnej i wygodnej przestrzeni na \u015bwie\u017cym powietrzu, w kt\u00f3rej liczy si\u0119 prostota formy i estetyka detalu. Meble wykonano z litego drewna FSC\u00ae, a ich powierzchni\u0119 [&hellip;]<\/p>\n","protected":false},"featured_media":2408,"template":"","meta":{"_acf_changed":false},"product_brand":[],"product_cat":[71],"product_tag":[92],"class_list":{"0":"post-1498","1":"product","2":"type-product","3":"status-publish","4":"has-post-thumbnail","6":"product_cat-stoly-i-stoliki","7":"product_tag-kolekcja-elegancki-taras","8":"product_shipping_class-podstawowa","10":"first","11":"instock","12":"taxable","13":"shipping-taxable","14":"purchasable","15":"product-type-simple","16":"add-to-wishlist-after_add_to_cart"},"acf":[],"yoast_head":"<!-- This site is optimized with the Yoast SEO plugin v26.6 - https:\/\/yoast.com\/wordpress\/plugins\/seo\/ -->\n<title>St\u00f3\u0142 Elegancki Taras 1,2m z drewna, ogrodowy - Siesta Garden<\/title>\n<meta name=\"robots\" content=\"index, follow, max-snippet:-1, max-image-preview:large, max-video-preview:-1\" \/>\n<link rel=\"canonical\" href=\"https:\/\/www.siestagarden.com\/de\/produkt\/elegancki-taras-stol-12m\/\" \/>\n<meta property=\"og:locale\" content=\"de_DE\" \/>\n<meta property=\"og:type\" content=\"article\" \/>\n<meta property=\"og:title\" content=\"St\u00f3\u0142 Elegancki Taras 1,2m z drewna, ogrodowy - Siesta Garden\" \/>\n<meta property=\"og:description\" content=\"Elegancki Taras \u2013 jasna przestrze\u0144 do \u017cycia i odpoczynku Taras to miejsce, gdzie codzienno\u015b\u0107 zwalnia, a proste chwile nabieraj\u0105 znaczenia. Kolekcja Elegancki Taras zosta\u0142a zaprojektowana z my\u015bl\u0105 o stworzeniu lekkiej, harmonijnej i wygodnej przestrzeni na \u015bwie\u017cym powietrzu, w kt\u00f3rej liczy si\u0119 prostota formy i estetyka detalu. Meble wykonano z litego drewna FSC\u00ae, a ich powierzchni\u0119 [&hellip;]\" \/>\n<meta property=\"og:url\" content=\"https:\/\/www.siestagarden.com\/de\/produkt\/elegancki-taras-stol-12m\/\" \/>\n<meta property=\"og:site_name\" content=\"Siesta Garden\" \/>\n<meta property=\"article:modified_time\" content=\"2026-02-12T07:30:07+00:00\" \/>\n<meta property=\"og:image\" content=\"https:\/\/www.siestagarden.com\/wp-content\/uploads\/2025\/03\/IMG_0452-2-scaled-e1770881395587.jpg\" \/>\n\t<meta property=\"og:image:width\" content=\"1707\" \/>\n\t<meta property=\"og:image:height\" content=\"1668\" \/>\n\t<meta property=\"og:image:type\" content=\"image\/jpeg\" \/>\n<meta name=\"twitter:card\" content=\"summary_large_image\" \/>\n<meta name=\"twitter:label1\" content=\"Gesch\u00e4tzte Lesezeit\" \/>\n\t<meta name=\"twitter:data1\" content=\"2\u00a0Minuten\" \/>\n<script type=\"application\/ld+json\" class=\"yoast-schema-graph\">{\"@context\":\"https:\/\/schema.org\",\"@graph\":[{\"@type\":\"WebPage\",\"@id\":\"https:\/\/www.siestagarden.com\/produkt\/elegancki-taras-stol-12m\/\",\"url\":\"https:\/\/www.siestagarden.com\/produkt\/elegancki-taras-stol-12m\/\",\"name\":\"St\u00f3\u0142 Elegancki Taras 1,2m z drewna, ogrodowy - Siesta Garden\",\"isPartOf\":{\"@id\":\"https:\/\/www.siestagarden.com\/#website\"},\"primaryImageOfPage\":{\"@id\":\"https:\/\/www.siestagarden.com\/produkt\/elegancki-taras-stol-12m\/#primaryimage\"},\"image\":{\"@id\":\"https:\/\/www.siestagarden.com\/produkt\/elegancki-taras-stol-12m\/#primaryimage\"},\"thumbnailUrl\":\"https:\/\/www.siestagarden.com\/wp-content\/uploads\/2025\/03\/IMG_0452-2-scaled-e1770881395587.jpg\",\"datePublished\":\"2025-03-12T10:33:03+00:00\",\"dateModified\":\"2026-02-12T07:30:07+00:00\",\"breadcrumb\":{\"@id\":\"https:\/\/www.siestagarden.com\/produkt\/elegancki-taras-stol-12m\/#breadcrumb\"},\"inLanguage\":\"de\",\"potentialAction\":[{\"@type\":\"ReadAction\",\"target\":[\"https:\/\/www.siestagarden.com\/produkt\/elegancki-taras-stol-12m\/\"]}]},{\"@type\":\"ImageObject\",\"inLanguage\":\"de\",\"@id\":\"https:\/\/www.siestagarden.com\/produkt\/elegancki-taras-stol-12m\/#primaryimage\",\"url\":\"https:\/\/www.siestagarden.com\/wp-content\/uploads\/2025\/03\/IMG_0452-2-scaled-e1770881395587.jpg\",\"contentUrl\":\"https:\/\/www.siestagarden.com\/wp-content\/uploads\/2025\/03\/IMG_0452-2-scaled-e1770881395587.jpg\",\"width\":1707,\"height\":1668},{\"@type\":\"BreadcrumbList\",\"@id\":\"https:\/\/www.siestagarden.com\/produkt\/elegancki-taras-stol-12m\/#breadcrumb\",\"itemListElement\":[{\"@type\":\"ListItem\",\"position\":1,\"name\":\"Strona g\u0142\u00f3wna\",\"item\":\"https:\/\/www.siestagarden.com\/\"},{\"@type\":\"ListItem\",\"position\":2,\"name\":\"Sklep\",\"item\":\"https:\/\/www.siestagarden.com\/sklep\/\"},{\"@type\":\"ListItem\",\"position\":3,\"name\":\"St\u00f3\u0142 Elegancki Taras 1,2m z drewna, ogrodowy\"}]},{\"@type\":\"WebSite\",\"@id\":\"https:\/\/www.siestagarden.com\/#website\",\"url\":\"https:\/\/www.siestagarden.com\/\",\"name\":\"Siesta Garden\",\"description\":\"Meble do Twojego ogrodu. Polski producent drewnianych mebli najwy\u017cszej jako\u015bci.\",\"potentialAction\":[{\"@type\":\"SearchAction\",\"target\":{\"@type\":\"EntryPoint\",\"urlTemplate\":\"https:\/\/www.siestagarden.com\/?s={search_term_string}\"},\"query-input\":{\"@type\":\"PropertyValueSpecification\",\"valueRequired\":true,\"valueName\":\"search_term_string\"}}],\"inLanguage\":\"de\"}]}<\/script>\n<!-- \/ Yoast SEO plugin. -->","yoast_head_json":{"title":"St\u00f3\u0142 Elegancki Taras 1,2m z drewna, ogrodowy - Siesta Garden","robots":{"index":"index","follow":"follow","max-snippet":"max-snippet:-1","max-image-preview":"max-image-preview:large","max-video-preview":"max-video-preview:-1"},"canonical":"https:\/\/www.siestagarden.com\/de\/produkt\/elegancki-taras-stol-12m\/","og_locale":"de_DE","og_type":"article","og_title":"St\u00f3\u0142 Elegancki Taras 1,2m z drewna, ogrodowy - Siesta Garden","og_description":"Elegancki Taras \u2013 jasna przestrze\u0144 do \u017cycia i odpoczynku Taras to miejsce, gdzie codzienno\u015b\u0107 zwalnia, a proste chwile nabieraj\u0105 znaczenia. Kolekcja Elegancki Taras zosta\u0142a zaprojektowana z my\u015bl\u0105 o stworzeniu lekkiej, harmonijnej i wygodnej przestrzeni na \u015bwie\u017cym powietrzu, w kt\u00f3rej liczy si\u0119 prostota formy i estetyka detalu. Meble wykonano z litego drewna FSC\u00ae, a ich powierzchni\u0119 [&hellip;]","og_url":"https:\/\/www.siestagarden.com\/de\/produkt\/elegancki-taras-stol-12m\/","og_site_name":"Siesta Garden","article_modified_time":"2026-02-12T07:30:07+00:00","og_image":[{"width":1707,"height":1668,"url":"https:\/\/www.siestagarden.com\/wp-content\/uploads\/2025\/03\/IMG_0452-2-scaled-e1770881395587.jpg","type":"image\/jpeg"}],"twitter_card":"summary_large_image","twitter_misc":{"Gesch\u00e4tzte Lesezeit":"2\u00a0Minuten"},"schema":{"@context":"https:\/\/schema.org","@graph":[{"@type":"WebPage","@id":"https:\/\/www.siestagarden.com\/produkt\/elegancki-taras-stol-12m\/","url":"https:\/\/www.siestagarden.com\/produkt\/elegancki-taras-stol-12m\/","name":"St\u00f3\u0142 Elegancki Taras 1,2m z drewna, ogrodowy - Siesta Garden","isPartOf":{"@id":"https:\/\/www.siestagarden.com\/#website"},"primaryImageOfPage":{"@id":"https:\/\/www.siestagarden.com\/produkt\/elegancki-taras-stol-12m\/#primaryimage"},"image":{"@id":"https:\/\/www.siestagarden.com\/produkt\/elegancki-taras-stol-12m\/#primaryimage"},"thumbnailUrl":"https:\/\/www.siestagarden.com\/wp-content\/uploads\/2025\/03\/IMG_0452-2-scaled-e1770881395587.jpg","datePublished":"2025-03-12T10:33:03+00:00","dateModified":"2026-02-12T07:30:07+00:00","breadcrumb":{"@id":"https:\/\/www.siestagarden.com\/produkt\/elegancki-taras-stol-12m\/#breadcrumb"},"inLanguage":"de","potentialAction":[{"@type":"ReadAction","target":["https:\/\/www.siestagarden.com\/produkt\/elegancki-taras-stol-12m\/"]}]},{"@type":"ImageObject","inLanguage":"de","@id":"https:\/\/www.siestagarden.com\/produkt\/elegancki-taras-stol-12m\/#primaryimage","url":"https:\/\/www.siestagarden.com\/wp-content\/uploads\/2025\/03\/IMG_0452-2-scaled-e1770881395587.jpg","contentUrl":"https:\/\/www.siestagarden.com\/wp-content\/uploads\/2025\/03\/IMG_0452-2-scaled-e1770881395587.jpg","width":1707,"height":1668},{"@type":"BreadcrumbList","@id":"https:\/\/www.siestagarden.com\/produkt\/elegancki-taras-stol-12m\/#breadcrumb","itemListElement":[{"@type":"ListItem","position":1,"name":"Strona g\u0142\u00f3wna","item":"https:\/\/www.siestagarden.com\/"},{"@type":"ListItem","position":2,"name":"Sklep","item":"https:\/\/www.siestagarden.com\/sklep\/"},{"@type":"ListItem","position":3,"name":"St\u00f3\u0142 Elegancki Taras 1,2m z drewna, ogrodowy"}]},{"@type":"WebSite","@id":"https:\/\/www.siestagarden.com\/#website","url":"https:\/\/www.siestagarden.com\/","name":"Siesta Garten","description":"M\u00f6bel f\u00fcr Ihren Garten. Polnischen Hersteller von Holzm\u00f6beln von h\u00f6chster Qualit\u00e4t.","potentialAction":[{"@type":"SearchAction","target":{"@type":"EntryPoint","urlTemplate":"https:\/\/www.siestagarden.com\/?s={search_term_string}"},"query-input":{"@type":"PropertyValueSpecification","valueRequired":true,"valueName":"search_term_string"}}],"inLanguage":"de"}]}},"_links":{"self":[{"href":"https:\/\/www.siestagarden.com\/de\/wp-json\/wp\/v2\/product\/1498","targetHints":{"allow":["GET"]}}],"collection":[{"href":"https:\/\/www.siestagarden.com\/de\/wp-json\/wp\/v2\/product"}],"about":[{"href":"https:\/\/www.siestagarden.com\/de\/wp-json\/wp\/v2\/types\/product"}],"wp:featuredmedia":[{"embeddable":true,"href":"https:\/\/www.siestagarden.com\/de\/wp-json\/wp\/v2\/media\/2408"}],"wp:attachment":[{"href":"https:\/\/www.siestagarden.com\/de\/wp-json\/wp\/v2\/media?parent=1498"}],"wp:term":[{"taxonomy":"product_brand","embeddable":true,"href":"https:\/\/www.siestagarden.com\/de\/wp-json\/wp\/v2\/product_brand?post=1498"},{"taxonomy":"product_cat","embeddable":true,"href":"https:\/\/www.siestagarden.com\/de\/wp-json\/wp\/v2\/product_cat?post=1498"},{"taxonomy":"product_tag","embeddable":true,"href":"https:\/\/www.siestagarden.com\/de\/wp-json\/wp\/v2\/product_tag?post=1498"}],"curies":[{"name":"wp","href":"https:\/\/api.w.org\/{rel}","templated":true}]}}