{"id":1505,"date":"2025-03-12T11:33:04","date_gmt":"2025-03-12T10:33:04","guid":{"rendered":"https:\/\/www.siestagarden.com\/?post_type=product&#038;p=1505"},"modified":"2026-03-03T08:00:11","modified_gmt":"2026-03-03T07:00:11","slug":"lawka-walk-in-14m-z-baldachimem","status":"publish","type":"product","link":"https:\/\/www.siestagarden.com\/de\/produkt\/lawka-walk-in-14m-z-baldachimem\/","title":{"rendered":"Picknicktisch mit \u00dcberdachung 1,4m"},"content":{"rendered":"<p><strong>Begehbarer Picknicktisch 1,4 m mit Vordach<\/strong> - Gartenset mit Schirmwahl<\/p>\n<p><strong>Begehbarer Picknicktisch 1,4 m<\/strong> ist eine funktionale Gartengarnitur, bei der ein Tisch und zwei B\u00e4nke ein zusammenh\u00e4ngendes Ganzes bilden. Dank der offenen Seiteneing\u00e4nge (begehbar) kann man sich hinsetzen, ohne \u00fcber die Sitze springen zu m\u00fcssen - eine bequeme und sichere L\u00f6sung, insbesondere f\u00fcr Kinder, Senioren und Familien.<\/p>\n<p>Der Bausatz ist mit einem leichten <strong>Vordach<\/strong> in Ecru, die an sonnigen Tagen angenehmen Schatten spendet, auf die man aber verzichten kann, wenn man das volle Licht genie\u00dfen m\u00f6chte. Es ist ein M\u00f6belst\u00fcck, das sich dem Wetter und den Bed\u00fcrfnissen des Nutzers anpasst.<\/p>\n<p>Die gesamte Struktur ist aus massivem <strong>FSC\u00ae-Holz<\/strong>Die intensive orangefarbene Oberfl\u00e4che verleiht Energie, Frische und ein modernes Aussehen - ideal f\u00fcr Bildungs-, Freizeit- und Gartenr\u00e4ume.<\/p>\n<p>\u2714\ufe0f integriertes Set: Tisch + 2 B\u00e4nke<\/p>\n<p>\u2714\ufe0f Begehbare Eing\u00e4nge - Komfort und Barrierefreiheit<\/p>\n<p>\u2714\ufe0f ecrufarbenes Verdeck - Sonnenschutz, optional<\/p>\n<p>\u2714\ufe0f Design in Orange - lebendig und fr\u00f6hlich<\/p>\n<p>\u2714\ufe0f FSC\u00ae-Massivholz - nachhaltig und \u00f6kologisch<\/p>\n<p>\u2714\ufe0f L\u00e4nge: 1,4 m - ideal f\u00fcr Garten, Schule, Kindergarten, Terrasse<\/p>\n<p><strong>Begehbares Picknick-Set mit Vordach<\/strong> ist eine praktische, bequeme und farbenfrohe L\u00f6sung, um gemeinsam Zeit im Freien zu verbringen.<\/p>","protected":false},"excerpt":{"rendered":"<p>Walk In St\u00f3\u0142 Piknikowy 1,4 m z Baldachimem \u2013 zestaw do ogrodu z mo\u017cliwo\u015bci\u0105 wyboru cienia Walk In St\u00f3\u0142 Piknikowy 1,4 m to funkcjonalny zestaw ogrodowy, w kt\u00f3rym st\u00f3\u0142 i dwie \u0142awki tworz\u0105 sp\u00f3jn\u0105, zintegrowan\u0105 ca\u0142o\u015b\u0107. Dzi\u0119ki otwartym wej\u015bciom bocznym (walk-in) mo\u017cna usi\u0105\u015b\u0107 bez konieczno\u015bci przeskakiwania przez siedziska \u2013 to rozwi\u0105zanie wygodne i bezpieczne, szczeg\u00f3lnie [&hellip;]<\/p>\n","protected":false},"featured_media":4181,"template":"","meta":{"_acf_changed":false},"product_brand":[],"product_cat":[67],"product_tag":[],"class_list":{"0":"post-1505","1":"product","2":"type-product","3":"status-publish","4":"has-post-thumbnail","6":"product_cat-sofy-i-lawki","7":"product_shipping_class-podstawowa","9":"first","10":"onbackorder","11":"taxable","12":"shipping-taxable","13":"purchasable","14":"product-type-simple","15":"add-to-wishlist-after_add_to_cart"},"acf":[],"yoast_head":"<!-- This site is optimized with the Yoast SEO plugin v26.6 - https:\/\/yoast.com\/wordpress\/plugins\/seo\/ -->\n<title>\u0141awka Walk In 1,4m z Baldachimem - Siesta Garden<\/title>\n<meta name=\"robots\" content=\"index, follow, max-snippet:-1, max-image-preview:large, max-video-preview:-1\" \/>\n<link rel=\"canonical\" href=\"https:\/\/www.siestagarden.com\/de\/produkt\/lawka-walk-in-14m-z-baldachimem\/\" \/>\n<meta property=\"og:locale\" content=\"de_DE\" \/>\n<meta property=\"og:type\" content=\"article\" \/>\n<meta property=\"og:title\" content=\"\u0141awka Walk In 1,4m z Baldachimem - Siesta Garden\" \/>\n<meta property=\"og:description\" content=\"Walk In St\u00f3\u0142 Piknikowy 1,4 m z Baldachimem \u2013 zestaw do ogrodu z mo\u017cliwo\u015bci\u0105 wyboru cienia Walk In St\u00f3\u0142 Piknikowy 1,4 m to funkcjonalny zestaw ogrodowy, w kt\u00f3rym st\u00f3\u0142 i dwie \u0142awki tworz\u0105 sp\u00f3jn\u0105, zintegrowan\u0105 ca\u0142o\u015b\u0107. Dzi\u0119ki otwartym wej\u015bciom bocznym (walk-in) mo\u017cna usi\u0105\u015b\u0107 bez konieczno\u015bci przeskakiwania przez siedziska \u2013 to rozwi\u0105zanie wygodne i bezpieczne, szczeg\u00f3lnie [&hellip;]\" \/>\n<meta property=\"og:url\" content=\"https:\/\/www.siestagarden.com\/de\/produkt\/lawka-walk-in-14m-z-baldachimem\/\" \/>\n<meta property=\"og:site_name\" content=\"Siesta Garden\" \/>\n<meta property=\"article:modified_time\" content=\"2026-03-03T07:00:11+00:00\" \/>\n<meta property=\"og:image\" content=\"https:\/\/www.siestagarden.com\/wp-content\/uploads\/2025\/03\/walk-in-orange-e1770882039980-1024x733.png\" \/>\n\t<meta property=\"og:image:width\" content=\"1024\" \/>\n\t<meta property=\"og:image:height\" content=\"733\" \/>\n\t<meta property=\"og:image:type\" content=\"image\/png\" \/>\n<meta name=\"twitter:card\" content=\"summary_large_image\" \/>\n<meta name=\"twitter:label1\" content=\"Gesch\u00e4tzte Lesezeit\" \/>\n\t<meta name=\"twitter:data1\" content=\"2\u00a0Minuten\" \/>\n<script type=\"application\/ld+json\" class=\"yoast-schema-graph\">{\"@context\":\"https:\/\/schema.org\",\"@graph\":[{\"@type\":\"WebPage\",\"@id\":\"https:\/\/www.siestagarden.com\/produkt\/lawka-walk-in-14m-z-baldachimem\/\",\"url\":\"https:\/\/www.siestagarden.com\/produkt\/lawka-walk-in-14m-z-baldachimem\/\",\"name\":\"\u0141awka Walk In 1,4m z Baldachimem - Siesta Garden\",\"isPartOf\":{\"@id\":\"https:\/\/www.siestagarden.com\/#website\"},\"primaryImageOfPage\":{\"@id\":\"https:\/\/www.siestagarden.com\/produkt\/lawka-walk-in-14m-z-baldachimem\/#primaryimage\"},\"image\":{\"@id\":\"https:\/\/www.siestagarden.com\/produkt\/lawka-walk-in-14m-z-baldachimem\/#primaryimage\"},\"thumbnailUrl\":\"https:\/\/www.siestagarden.com\/wp-content\/uploads\/2025\/03\/walk-in-orange-e1770882110318.png\",\"datePublished\":\"2025-03-12T10:33:04+00:00\",\"dateModified\":\"2026-03-03T07:00:11+00:00\",\"breadcrumb\":{\"@id\":\"https:\/\/www.siestagarden.com\/produkt\/lawka-walk-in-14m-z-baldachimem\/#breadcrumb\"},\"inLanguage\":\"de\",\"potentialAction\":[{\"@type\":\"ReadAction\",\"target\":[\"https:\/\/www.siestagarden.com\/produkt\/lawka-walk-in-14m-z-baldachimem\/\"]}]},{\"@type\":\"ImageObject\",\"inLanguage\":\"de\",\"@id\":\"https:\/\/www.siestagarden.com\/produkt\/lawka-walk-in-14m-z-baldachimem\/#primaryimage\",\"url\":\"https:\/\/www.siestagarden.com\/wp-content\/uploads\/2025\/03\/walk-in-orange-e1770882110318.png\",\"contentUrl\":\"https:\/\/www.siestagarden.com\/wp-content\/uploads\/2025\/03\/walk-in-orange-e1770882110318.png\",\"width\":1024,\"height\":973},{\"@type\":\"BreadcrumbList\",\"@id\":\"https:\/\/www.siestagarden.com\/produkt\/lawka-walk-in-14m-z-baldachimem\/#breadcrumb\",\"itemListElement\":[{\"@type\":\"ListItem\",\"position\":1,\"name\":\"Strona g\u0142\u00f3wna\",\"item\":\"https:\/\/www.siestagarden.com\/\"},{\"@type\":\"ListItem\",\"position\":2,\"name\":\"Sklep\",\"item\":\"https:\/\/www.siestagarden.com\/sklep\/\"},{\"@type\":\"ListItem\",\"position\":3,\"name\":\"\u0141awka Walk In 1,4m z Baldachimem\"}]},{\"@type\":\"WebSite\",\"@id\":\"https:\/\/www.siestagarden.com\/#website\",\"url\":\"https:\/\/www.siestagarden.com\/\",\"name\":\"Siesta Garden\",\"description\":\"Meble do Twojego ogrodu. Polski producent drewnianych mebli najwy\u017cszej jako\u015bci.\",\"potentialAction\":[{\"@type\":\"SearchAction\",\"target\":{\"@type\":\"EntryPoint\",\"urlTemplate\":\"https:\/\/www.siestagarden.com\/?s={search_term_string}\"},\"query-input\":{\"@type\":\"PropertyValueSpecification\",\"valueRequired\":true,\"valueName\":\"search_term_string\"}}],\"inLanguage\":\"de\"}]}<\/script>\n<!-- \/ Yoast SEO plugin. -->","yoast_head_json":{"title":"\u0141awka Walk In 1,4m z Baldachimem - Siesta Garden","robots":{"index":"index","follow":"follow","max-snippet":"max-snippet:-1","max-image-preview":"max-image-preview:large","max-video-preview":"max-video-preview:-1"},"canonical":"https:\/\/www.siestagarden.com\/de\/produkt\/lawka-walk-in-14m-z-baldachimem\/","og_locale":"de_DE","og_type":"article","og_title":"\u0141awka Walk In 1,4m z Baldachimem - Siesta Garden","og_description":"Walk In St\u00f3\u0142 Piknikowy 1,4 m z Baldachimem \u2013 zestaw do ogrodu z mo\u017cliwo\u015bci\u0105 wyboru cienia Walk In St\u00f3\u0142 Piknikowy 1,4 m to funkcjonalny zestaw ogrodowy, w kt\u00f3rym st\u00f3\u0142 i dwie \u0142awki tworz\u0105 sp\u00f3jn\u0105, zintegrowan\u0105 ca\u0142o\u015b\u0107. Dzi\u0119ki otwartym wej\u015bciom bocznym (walk-in) mo\u017cna usi\u0105\u015b\u0107 bez konieczno\u015bci przeskakiwania przez siedziska \u2013 to rozwi\u0105zanie wygodne i bezpieczne, szczeg\u00f3lnie [&hellip;]","og_url":"https:\/\/www.siestagarden.com\/de\/produkt\/lawka-walk-in-14m-z-baldachimem\/","og_site_name":"Siesta Garden","article_modified_time":"2026-03-03T07:00:11+00:00","og_image":[{"width":1024,"height":733,"url":"https:\/\/www.siestagarden.com\/wp-content\/uploads\/2025\/03\/walk-in-orange-e1770882039980-1024x733.png","type":"image\/png"}],"twitter_card":"summary_large_image","twitter_misc":{"Gesch\u00e4tzte Lesezeit":"2\u00a0Minuten"},"schema":{"@context":"https:\/\/schema.org","@graph":[{"@type":"WebPage","@id":"https:\/\/www.siestagarden.com\/produkt\/lawka-walk-in-14m-z-baldachimem\/","url":"https:\/\/www.siestagarden.com\/produkt\/lawka-walk-in-14m-z-baldachimem\/","name":"\u0141awka Walk In 1,4m z Baldachimem - Siesta Garden","isPartOf":{"@id":"https:\/\/www.siestagarden.com\/#website"},"primaryImageOfPage":{"@id":"https:\/\/www.siestagarden.com\/produkt\/lawka-walk-in-14m-z-baldachimem\/#primaryimage"},"image":{"@id":"https:\/\/www.siestagarden.com\/produkt\/lawka-walk-in-14m-z-baldachimem\/#primaryimage"},"thumbnailUrl":"https:\/\/www.siestagarden.com\/wp-content\/uploads\/2025\/03\/walk-in-orange-e1770882110318.png","datePublished":"2025-03-12T10:33:04+00:00","dateModified":"2026-03-03T07:00:11+00:00","breadcrumb":{"@id":"https:\/\/www.siestagarden.com\/produkt\/lawka-walk-in-14m-z-baldachimem\/#breadcrumb"},"inLanguage":"de","potentialAction":[{"@type":"ReadAction","target":["https:\/\/www.siestagarden.com\/produkt\/lawka-walk-in-14m-z-baldachimem\/"]}]},{"@type":"ImageObject","inLanguage":"de","@id":"https:\/\/www.siestagarden.com\/produkt\/lawka-walk-in-14m-z-baldachimem\/#primaryimage","url":"https:\/\/www.siestagarden.com\/wp-content\/uploads\/2025\/03\/walk-in-orange-e1770882110318.png","contentUrl":"https:\/\/www.siestagarden.com\/wp-content\/uploads\/2025\/03\/walk-in-orange-e1770882110318.png","width":1024,"height":973},{"@type":"BreadcrumbList","@id":"https:\/\/www.siestagarden.com\/produkt\/lawka-walk-in-14m-z-baldachimem\/#breadcrumb","itemListElement":[{"@type":"ListItem","position":1,"name":"Strona g\u0142\u00f3wna","item":"https:\/\/www.siestagarden.com\/"},{"@type":"ListItem","position":2,"name":"Sklep","item":"https:\/\/www.siestagarden.com\/sklep\/"},{"@type":"ListItem","position":3,"name":"\u0141awka Walk In 1,4m z Baldachimem"}]},{"@type":"WebSite","@id":"https:\/\/www.siestagarden.com\/#website","url":"https:\/\/www.siestagarden.com\/","name":"Siesta Garten","description":"M\u00f6bel f\u00fcr Ihren Garten. Polnischen Hersteller von Holzm\u00f6beln von h\u00f6chster Qualit\u00e4t.","potentialAction":[{"@type":"SearchAction","target":{"@type":"EntryPoint","urlTemplate":"https:\/\/www.siestagarden.com\/?s={search_term_string}"},"query-input":{"@type":"PropertyValueSpecification","valueRequired":true,"valueName":"search_term_string"}}],"inLanguage":"de"}]}},"_links":{"self":[{"href":"https:\/\/www.siestagarden.com\/de\/wp-json\/wp\/v2\/product\/1505","targetHints":{"allow":["GET"]}}],"collection":[{"href":"https:\/\/www.siestagarden.com\/de\/wp-json\/wp\/v2\/product"}],"about":[{"href":"https:\/\/www.siestagarden.com\/de\/wp-json\/wp\/v2\/types\/product"}],"wp:featuredmedia":[{"embeddable":true,"href":"https:\/\/www.siestagarden.com\/de\/wp-json\/wp\/v2\/media\/4181"}],"wp:attachment":[{"href":"https:\/\/www.siestagarden.com\/de\/wp-json\/wp\/v2\/media?parent=1505"}],"wp:term":[{"taxonomy":"product_brand","embeddable":true,"href":"https:\/\/www.siestagarden.com\/de\/wp-json\/wp\/v2\/product_brand?post=1505"},{"taxonomy":"product_cat","embeddable":true,"href":"https:\/\/www.siestagarden.com\/de\/wp-json\/wp\/v2\/product_cat?post=1505"},{"taxonomy":"product_tag","embeddable":true,"href":"https:\/\/www.siestagarden.com\/de\/wp-json\/wp\/v2\/product_tag?post=1505"}],"curies":[{"name":"wp","href":"https:\/\/api.w.org\/{rel}","templated":true}]}}