{"id":1508,"date":"2025-03-12T11:33:05","date_gmt":"2025-03-12T10:33:05","guid":{"rendered":"https:\/\/www.siestagarden.com\/?post_type=product&#038;p=1508"},"modified":"2026-03-03T07:59:54","modified_gmt":"2026-03-03T06:59:54","slug":"mini-stol-piknikowy","status":"publish","type":"product","link":"https:\/\/www.siestagarden.com\/de\/produkt\/mini-stol-piknikowy\/","title":{"rendered":"Chalki achteckiger Picknicktisch"},"content":{"rendered":"<p><strong>Achteckiger Picknicktisch<\/strong> - Ein bunter Raum f\u00fcr die J\u00fcngsten<\/p>\n<p>Dieser Mini-Picknicktisch aus Holz ist ideal f\u00fcr Kinder - f\u00fcr den Garten, den Spielplatz, das Kinderzimmer oder das Gartenhaus. Seine achteckige Platte ist von integrierten Sitzgelegenheiten umgeben, die bequem Platz f\u00fcr bis zu 8 Kinder bieten - zum gemeinsamen Malen, Spielen, Essen oder Plaudern im Freien.<\/p>\n<p>Hergestellt aus Massivholz mit <strong>FSC\u00ae-zertifiziert<\/strong>Der Tisch wurde mit einer t\u00fcrkisfarbenen Schutzimpr\u00e4gnierung behandelt, die ihm ein fr\u00f6hliches Aussehen verleiht und die Oberfl\u00e4che vor Witterungseinfl\u00fcssen sch\u00fctzt.<\/p>\n<p>\u2714\ufe0f Achteckige Form - ideal f\u00fcr gemeinsame Aktivit\u00e4ten<\/p>\n<p>\u2714\ufe0f integrierte Sitze - bequem und sicher<\/p>\n<p>\u2714\ufe0f bietet Platz f\u00fcr bis zu 8 Kinder<\/p>\n<p>\u2714\ufe0f FSC\u00ae-Holz - nachhaltig und \u00f6kologisch<\/p>\n<p>\u2714\ufe0f t\u00fcrkisfarbenes Finish - lebendig und angenehm anzufassen<\/p>\n<p>\u2714\ufe0f ideal f\u00fcr Garten, Spielplatz, Kinderzimmer oder Terrasse<\/p>\n<p><strong>Mini-Picknicktisch achteckig<\/strong> ist ein Zentrum f\u00fcr die Kreativit\u00e4t der Kinder und das gemeinsame Spiel in der Gartenversion.<\/p>\n<p>&nbsp;<\/p>","protected":false},"excerpt":{"rendered":"<p>O\u015bmiok\u0105tny st\u00f3\u0142 piknikowy \u2013 Kolorowa przestrze\u0144 dla najm\u0142odszych Ten drewniany mini st\u00f3\u0142 piknikowy to idealna propozycja dla dzieci \u2013 do ogrodu, na plac zabaw, do przedszkola lub domku letniskowego. Jego o\u015bmiok\u0105tny blat otoczony jest zintegrowanymi siedziskami, kt\u00f3re wygodnie pomieszcz\u0105 a\u017c 8 dzieci \u2013 do wsp\u00f3lnego rysowania, zabawy, jedzenia lub rozm\u00f3w na \u015bwie\u017cym powietrzu. Wykonany z [&hellip;]<\/p>\n","protected":false},"featured_media":1828,"template":"","meta":{"_acf_changed":false},"product_brand":[],"product_cat":[66],"product_tag":[],"class_list":{"0":"post-1508","1":"product","2":"type-product","3":"status-publish","4":"has-post-thumbnail","6":"product_cat-stoly-piknikowe","7":"product_shipping_class-podstawowa","9":"first","10":"onbackorder","11":"taxable","12":"shipping-taxable","13":"purchasable","14":"product-type-simple","15":"add-to-wishlist-after_add_to_cart"},"acf":[],"yoast_head":"<!-- This site is optimized with the Yoast SEO plugin v26.6 - https:\/\/yoast.com\/wordpress\/plugins\/seo\/ -->\n<title>St\u00f3\u0142 o\u015bmiok\u0105tny Chalki piknikowy - Siesta Garden<\/title>\n<meta name=\"robots\" content=\"index, follow, max-snippet:-1, max-image-preview:large, max-video-preview:-1\" \/>\n<link rel=\"canonical\" href=\"https:\/\/www.siestagarden.com\/de\/produkt\/mini-stol-piknikowy\/\" \/>\n<meta property=\"og:locale\" content=\"de_DE\" \/>\n<meta property=\"og:type\" content=\"article\" \/>\n<meta property=\"og:title\" content=\"St\u00f3\u0142 o\u015bmiok\u0105tny Chalki piknikowy - Siesta Garden\" \/>\n<meta property=\"og:description\" content=\"O\u015bmiok\u0105tny st\u00f3\u0142 piknikowy \u2013 Kolorowa przestrze\u0144 dla najm\u0142odszych Ten drewniany mini st\u00f3\u0142 piknikowy to idealna propozycja dla dzieci \u2013 do ogrodu, na plac zabaw, do przedszkola lub domku letniskowego. Jego o\u015bmiok\u0105tny blat otoczony jest zintegrowanymi siedziskami, kt\u00f3re wygodnie pomieszcz\u0105 a\u017c 8 dzieci \u2013 do wsp\u00f3lnego rysowania, zabawy, jedzenia lub rozm\u00f3w na \u015bwie\u017cym powietrzu. Wykonany z [&hellip;]\" \/>\n<meta property=\"og:url\" content=\"https:\/\/www.siestagarden.com\/de\/produkt\/mini-stol-piknikowy\/\" \/>\n<meta property=\"og:site_name\" content=\"Siesta Garden\" \/>\n<meta property=\"article:modified_time\" content=\"2026-03-03T06:59:54+00:00\" \/>\n<meta property=\"og:image\" content=\"https:\/\/www.siestagarden.com\/wp-content\/uploads\/2025\/03\/IMG_7208-scaled.jpg\" \/>\n\t<meta property=\"og:image:width\" content=\"1707\" \/>\n\t<meta property=\"og:image:height\" content=\"2560\" \/>\n\t<meta property=\"og:image:type\" content=\"image\/jpeg\" \/>\n<meta name=\"twitter:card\" content=\"summary_large_image\" \/>\n<meta name=\"twitter:label1\" content=\"Gesch\u00e4tzte Lesezeit\" \/>\n\t<meta name=\"twitter:data1\" content=\"1\u00a0Minute\" \/>\n<script type=\"application\/ld+json\" class=\"yoast-schema-graph\">{\"@context\":\"https:\/\/schema.org\",\"@graph\":[{\"@type\":\"WebPage\",\"@id\":\"https:\/\/www.siestagarden.com\/produkt\/mini-stol-piknikowy\/\",\"url\":\"https:\/\/www.siestagarden.com\/produkt\/mini-stol-piknikowy\/\",\"name\":\"St\u00f3\u0142 o\u015bmiok\u0105tny Chalki piknikowy - Siesta Garden\",\"isPartOf\":{\"@id\":\"https:\/\/www.siestagarden.com\/#website\"},\"primaryImageOfPage\":{\"@id\":\"https:\/\/www.siestagarden.com\/produkt\/mini-stol-piknikowy\/#primaryimage\"},\"image\":{\"@id\":\"https:\/\/www.siestagarden.com\/produkt\/mini-stol-piknikowy\/#primaryimage\"},\"thumbnailUrl\":\"https:\/\/www.siestagarden.com\/wp-content\/uploads\/2025\/03\/IMG_7208-scaled.jpg\",\"datePublished\":\"2025-03-12T10:33:05+00:00\",\"dateModified\":\"2026-03-03T06:59:54+00:00\",\"breadcrumb\":{\"@id\":\"https:\/\/www.siestagarden.com\/produkt\/mini-stol-piknikowy\/#breadcrumb\"},\"inLanguage\":\"de\",\"potentialAction\":[{\"@type\":\"ReadAction\",\"target\":[\"https:\/\/www.siestagarden.com\/produkt\/mini-stol-piknikowy\/\"]}]},{\"@type\":\"ImageObject\",\"inLanguage\":\"de\",\"@id\":\"https:\/\/www.siestagarden.com\/produkt\/mini-stol-piknikowy\/#primaryimage\",\"url\":\"https:\/\/www.siestagarden.com\/wp-content\/uploads\/2025\/03\/IMG_7208-scaled.jpg\",\"contentUrl\":\"https:\/\/www.siestagarden.com\/wp-content\/uploads\/2025\/03\/IMG_7208-scaled.jpg\",\"width\":1707,\"height\":2560},{\"@type\":\"BreadcrumbList\",\"@id\":\"https:\/\/www.siestagarden.com\/produkt\/mini-stol-piknikowy\/#breadcrumb\",\"itemListElement\":[{\"@type\":\"ListItem\",\"position\":1,\"name\":\"Strona g\u0142\u00f3wna\",\"item\":\"https:\/\/www.siestagarden.com\/\"},{\"@type\":\"ListItem\",\"position\":2,\"name\":\"Sklep\",\"item\":\"https:\/\/www.siestagarden.com\/sklep\/\"},{\"@type\":\"ListItem\",\"position\":3,\"name\":\"St\u00f3\u0142 o\u015bmiok\u0105tny Chalki piknikowy\"}]},{\"@type\":\"WebSite\",\"@id\":\"https:\/\/www.siestagarden.com\/#website\",\"url\":\"https:\/\/www.siestagarden.com\/\",\"name\":\"Siesta Garden\",\"description\":\"Meble do Twojego ogrodu. Polski producent drewnianych mebli najwy\u017cszej jako\u015bci.\",\"potentialAction\":[{\"@type\":\"SearchAction\",\"target\":{\"@type\":\"EntryPoint\",\"urlTemplate\":\"https:\/\/www.siestagarden.com\/?s={search_term_string}\"},\"query-input\":{\"@type\":\"PropertyValueSpecification\",\"valueRequired\":true,\"valueName\":\"search_term_string\"}}],\"inLanguage\":\"de\"}]}<\/script>\n<!-- \/ Yoast SEO plugin. -->","yoast_head_json":{"title":"St\u00f3\u0142 o\u015bmiok\u0105tny Chalki piknikowy - Siesta Garden","robots":{"index":"index","follow":"follow","max-snippet":"max-snippet:-1","max-image-preview":"max-image-preview:large","max-video-preview":"max-video-preview:-1"},"canonical":"https:\/\/www.siestagarden.com\/de\/produkt\/mini-stol-piknikowy\/","og_locale":"de_DE","og_type":"article","og_title":"St\u00f3\u0142 o\u015bmiok\u0105tny Chalki piknikowy - Siesta Garden","og_description":"O\u015bmiok\u0105tny st\u00f3\u0142 piknikowy \u2013 Kolorowa przestrze\u0144 dla najm\u0142odszych Ten drewniany mini st\u00f3\u0142 piknikowy to idealna propozycja dla dzieci \u2013 do ogrodu, na plac zabaw, do przedszkola lub domku letniskowego. Jego o\u015bmiok\u0105tny blat otoczony jest zintegrowanymi siedziskami, kt\u00f3re wygodnie pomieszcz\u0105 a\u017c 8 dzieci \u2013 do wsp\u00f3lnego rysowania, zabawy, jedzenia lub rozm\u00f3w na \u015bwie\u017cym powietrzu. Wykonany z [&hellip;]","og_url":"https:\/\/www.siestagarden.com\/de\/produkt\/mini-stol-piknikowy\/","og_site_name":"Siesta Garden","article_modified_time":"2026-03-03T06:59:54+00:00","og_image":[{"width":1707,"height":2560,"url":"https:\/\/www.siestagarden.com\/wp-content\/uploads\/2025\/03\/IMG_7208-scaled.jpg","type":"image\/jpeg"}],"twitter_card":"summary_large_image","twitter_misc":{"Gesch\u00e4tzte Lesezeit":"1\u00a0Minute"},"schema":{"@context":"https:\/\/schema.org","@graph":[{"@type":"WebPage","@id":"https:\/\/www.siestagarden.com\/produkt\/mini-stol-piknikowy\/","url":"https:\/\/www.siestagarden.com\/produkt\/mini-stol-piknikowy\/","name":"St\u00f3\u0142 o\u015bmiok\u0105tny Chalki piknikowy - Siesta Garden","isPartOf":{"@id":"https:\/\/www.siestagarden.com\/#website"},"primaryImageOfPage":{"@id":"https:\/\/www.siestagarden.com\/produkt\/mini-stol-piknikowy\/#primaryimage"},"image":{"@id":"https:\/\/www.siestagarden.com\/produkt\/mini-stol-piknikowy\/#primaryimage"},"thumbnailUrl":"https:\/\/www.siestagarden.com\/wp-content\/uploads\/2025\/03\/IMG_7208-scaled.jpg","datePublished":"2025-03-12T10:33:05+00:00","dateModified":"2026-03-03T06:59:54+00:00","breadcrumb":{"@id":"https:\/\/www.siestagarden.com\/produkt\/mini-stol-piknikowy\/#breadcrumb"},"inLanguage":"de","potentialAction":[{"@type":"ReadAction","target":["https:\/\/www.siestagarden.com\/produkt\/mini-stol-piknikowy\/"]}]},{"@type":"ImageObject","inLanguage":"de","@id":"https:\/\/www.siestagarden.com\/produkt\/mini-stol-piknikowy\/#primaryimage","url":"https:\/\/www.siestagarden.com\/wp-content\/uploads\/2025\/03\/IMG_7208-scaled.jpg","contentUrl":"https:\/\/www.siestagarden.com\/wp-content\/uploads\/2025\/03\/IMG_7208-scaled.jpg","width":1707,"height":2560},{"@type":"BreadcrumbList","@id":"https:\/\/www.siestagarden.com\/produkt\/mini-stol-piknikowy\/#breadcrumb","itemListElement":[{"@type":"ListItem","position":1,"name":"Strona g\u0142\u00f3wna","item":"https:\/\/www.siestagarden.com\/"},{"@type":"ListItem","position":2,"name":"Sklep","item":"https:\/\/www.siestagarden.com\/sklep\/"},{"@type":"ListItem","position":3,"name":"St\u00f3\u0142 o\u015bmiok\u0105tny Chalki piknikowy"}]},{"@type":"WebSite","@id":"https:\/\/www.siestagarden.com\/#website","url":"https:\/\/www.siestagarden.com\/","name":"Siesta Garten","description":"M\u00f6bel f\u00fcr Ihren Garten. Polnischen Hersteller von Holzm\u00f6beln von h\u00f6chster Qualit\u00e4t.","potentialAction":[{"@type":"SearchAction","target":{"@type":"EntryPoint","urlTemplate":"https:\/\/www.siestagarden.com\/?s={search_term_string}"},"query-input":{"@type":"PropertyValueSpecification","valueRequired":true,"valueName":"search_term_string"}}],"inLanguage":"de"}]}},"_links":{"self":[{"href":"https:\/\/www.siestagarden.com\/de\/wp-json\/wp\/v2\/product\/1508","targetHints":{"allow":["GET"]}}],"collection":[{"href":"https:\/\/www.siestagarden.com\/de\/wp-json\/wp\/v2\/product"}],"about":[{"href":"https:\/\/www.siestagarden.com\/de\/wp-json\/wp\/v2\/types\/product"}],"wp:featuredmedia":[{"embeddable":true,"href":"https:\/\/www.siestagarden.com\/de\/wp-json\/wp\/v2\/media\/1828"}],"wp:attachment":[{"href":"https:\/\/www.siestagarden.com\/de\/wp-json\/wp\/v2\/media?parent=1508"}],"wp:term":[{"taxonomy":"product_brand","embeddable":true,"href":"https:\/\/www.siestagarden.com\/de\/wp-json\/wp\/v2\/product_brand?post=1508"},{"taxonomy":"product_cat","embeddable":true,"href":"https:\/\/www.siestagarden.com\/de\/wp-json\/wp\/v2\/product_cat?post=1508"},{"taxonomy":"product_tag","embeddable":true,"href":"https:\/\/www.siestagarden.com\/de\/wp-json\/wp\/v2\/product_tag?post=1508"}],"curies":[{"name":"wp","href":"https:\/\/api.w.org\/{rel}","templated":true}]}}