{"id":1533,"date":"2025-03-12T11:33:14","date_gmt":"2025-03-12T10:33:14","guid":{"rendered":"https:\/\/www.siestagarden.com\/?post_type=product&#038;p=1533"},"modified":"2026-02-12T09:20:35","modified_gmt":"2026-02-12T08:20:35","slug":"mini-stol-piknikowy-2","status":"publish","type":"product","link":"https:\/\/www.siestagarden.com\/de\/produkt\/mini-stol-piknikowy-2\/","title":{"rendered":"Mini-Picknicktisch aus Holz f\u00fcr Kinder"},"content":{"rendered":"<p><strong>Mini-Picknick-Tisch<\/strong> - Ein Outdoor-Klassiker f\u00fcr Kinder<\/p>\n<p><strong>Mini-Picknick-Tisch<\/strong> ist ein zeitloses, kompaktes Gartenm\u00f6belst\u00fcck, das speziell f\u00fcr die Kleinen entworfen wurde. Es ist perfekt f\u00fcr den Garten, die Terrasse, den Schrebergarten, das Kinderzimmer oder den Spielplatz. Mit integrierten B\u00e4nken auf beiden Seiten k\u00f6nnen Kinder bequem sitzen, um zu zeichnen, zu essen oder zu spielen.<\/p>\n<p>Hergestellt aus massivem skandinavischem Holz mit <strong>FSC\u00ae-zertifiziert<\/strong>Der Tisch wurde mit einer Impr\u00e4gnierung der Schutzklasse 3 versehen, die Langlebigkeit und Widerstandsf\u00e4higkeit gegen wechselnde Witterungsbedingungen gew\u00e4hrleistet. Sicher, \u00e4sthetisch ansprechend und f\u00fcr die ganze Saison einsatzbereit.<\/p>\n<p>\u2714\ufe0f classic Mini-Picknicktisch f\u00fcr Kinder<\/p>\n<p>\u2714\ufe0f integrierte Sitze - Komfort und Stabilit\u00e4t<\/p>\n<p>\u2714\ufe0f kompakte Gr\u00f6\u00dfe - ideal f\u00fcr kleine R\u00e4ume<\/p>\n<p>\u2714\ufe0f aus FSC\u00ae-Massivholz<\/p>\n<p>\u2714\ufe0f IImpr\u00e4gnierung bis Schutzklasse 3 - hohe Best\u00e4ndigkeit gegen \u00e4u\u00dfere Einfl\u00fcsse<\/p>\n<p>\u2714\ufe0f perfekt f\u00fcr den Garten, das Kinderzimmer, die Terrasse oder den Spielbereich<\/p>\n<p><strong>Mini-Picknick-Tisch<\/strong> ist eine praktische und dauerhafte Wahl, die einen eigenen Platz f\u00fcr Kinder zum Spielen und Entspannen schafft.<\/p>","protected":false},"excerpt":{"rendered":"<p>Mini St\u00f3\u0142 Piknikowy \u2013 klasyka dzieci\u0119cego wypoczynku na \u015bwie\u017cym powietrzu Mini St\u00f3\u0142 Piknikowy to ponadczasowy, kompaktowy mebel ogrodowy stworzony z my\u015bl\u0105 o najm\u0142odszych. Doskonale sprawdzi si\u0119 w ogrodzie, na tarasie, dzia\u0142ce, w przedszkolu czy na placu zabaw. Dzi\u0119ki zintegrowanym \u0142aweczkom po obu stronach, dzieci mog\u0105 wygodnie usi\u0105\u015b\u0107 do rysowania, jedzenia lub zabawy. Wykonany z litego [&hellip;]<\/p>\n","protected":false},"featured_media":1721,"template":"","meta":{"_acf_changed":false},"product_brand":[],"product_cat":[66],"product_tag":[78],"class_list":{"0":"post-1533","1":"product","2":"type-product","3":"status-publish","4":"has-post-thumbnail","6":"product_cat-stoly-piknikowe","7":"product_tag-horeca","8":"product_shipping_class-podstawowa","10":"first","11":"instock","12":"taxable","13":"shipping-taxable","14":"purchasable","15":"product-type-simple","16":"add-to-wishlist-after_add_to_cart"},"acf":[],"yoast_head":"<!-- This site is optimized with the Yoast SEO plugin v26.6 - https:\/\/yoast.com\/wordpress\/plugins\/seo\/ -->\n<title>Drewniany Mini st\u00f3\u0142 piknikowy dla dzieci - Siesta Garden<\/title>\n<meta name=\"robots\" content=\"index, follow, max-snippet:-1, max-image-preview:large, max-video-preview:-1\" \/>\n<link rel=\"canonical\" href=\"https:\/\/www.siestagarden.com\/de\/produkt\/mini-stol-piknikowy-2\/\" \/>\n<meta property=\"og:locale\" content=\"de_DE\" \/>\n<meta property=\"og:type\" content=\"article\" \/>\n<meta property=\"og:title\" content=\"Drewniany Mini st\u00f3\u0142 piknikowy dla dzieci - Siesta Garden\" \/>\n<meta property=\"og:description\" content=\"Mini St\u00f3\u0142 Piknikowy \u2013 klasyka dzieci\u0119cego wypoczynku na \u015bwie\u017cym powietrzu Mini St\u00f3\u0142 Piknikowy to ponadczasowy, kompaktowy mebel ogrodowy stworzony z my\u015bl\u0105 o najm\u0142odszych. Doskonale sprawdzi si\u0119 w ogrodzie, na tarasie, dzia\u0142ce, w przedszkolu czy na placu zabaw. Dzi\u0119ki zintegrowanym \u0142aweczkom po obu stronach, dzieci mog\u0105 wygodnie usi\u0105\u015b\u0107 do rysowania, jedzenia lub zabawy. Wykonany z litego [&hellip;]\" \/>\n<meta property=\"og:url\" content=\"https:\/\/www.siestagarden.com\/de\/produkt\/mini-stol-piknikowy-2\/\" \/>\n<meta property=\"og:site_name\" content=\"Siesta Garden\" \/>\n<meta property=\"article:modified_time\" content=\"2026-02-12T08:20:35+00:00\" \/>\n<meta property=\"og:image\" content=\"https:\/\/www.siestagarden.com\/wp-content\/uploads\/2025\/03\/IMG_6360-scaled-e1770884423874.jpg\" \/>\n\t<meta property=\"og:image:width\" content=\"2560\" \/>\n\t<meta property=\"og:image:height\" content=\"1707\" \/>\n\t<meta property=\"og:image:type\" content=\"image\/jpeg\" \/>\n<meta name=\"twitter:card\" content=\"summary_large_image\" \/>\n<meta name=\"twitter:label1\" content=\"Gesch\u00e4tzte Lesezeit\" \/>\n\t<meta name=\"twitter:data1\" content=\"2\u00a0Minuten\" \/>\n<script type=\"application\/ld+json\" class=\"yoast-schema-graph\">{\"@context\":\"https:\/\/schema.org\",\"@graph\":[{\"@type\":\"WebPage\",\"@id\":\"https:\/\/www.siestagarden.com\/produkt\/mini-stol-piknikowy-2\/\",\"url\":\"https:\/\/www.siestagarden.com\/produkt\/mini-stol-piknikowy-2\/\",\"name\":\"Drewniany Mini st\u00f3\u0142 piknikowy dla dzieci - Siesta Garden\",\"isPartOf\":{\"@id\":\"https:\/\/www.siestagarden.com\/#website\"},\"primaryImageOfPage\":{\"@id\":\"https:\/\/www.siestagarden.com\/produkt\/mini-stol-piknikowy-2\/#primaryimage\"},\"image\":{\"@id\":\"https:\/\/www.siestagarden.com\/produkt\/mini-stol-piknikowy-2\/#primaryimage\"},\"thumbnailUrl\":\"https:\/\/www.siestagarden.com\/wp-content\/uploads\/2025\/03\/IMG_6360-scaled-e1770884423874.jpg\",\"datePublished\":\"2025-03-12T10:33:14+00:00\",\"dateModified\":\"2026-02-12T08:20:35+00:00\",\"breadcrumb\":{\"@id\":\"https:\/\/www.siestagarden.com\/produkt\/mini-stol-piknikowy-2\/#breadcrumb\"},\"inLanguage\":\"de\",\"potentialAction\":[{\"@type\":\"ReadAction\",\"target\":[\"https:\/\/www.siestagarden.com\/produkt\/mini-stol-piknikowy-2\/\"]}]},{\"@type\":\"ImageObject\",\"inLanguage\":\"de\",\"@id\":\"https:\/\/www.siestagarden.com\/produkt\/mini-stol-piknikowy-2\/#primaryimage\",\"url\":\"https:\/\/www.siestagarden.com\/wp-content\/uploads\/2025\/03\/IMG_6360-scaled-e1770884423874.jpg\",\"contentUrl\":\"https:\/\/www.siestagarden.com\/wp-content\/uploads\/2025\/03\/IMG_6360-scaled-e1770884423874.jpg\",\"width\":2560,\"height\":1707},{\"@type\":\"BreadcrumbList\",\"@id\":\"https:\/\/www.siestagarden.com\/produkt\/mini-stol-piknikowy-2\/#breadcrumb\",\"itemListElement\":[{\"@type\":\"ListItem\",\"position\":1,\"name\":\"Strona g\u0142\u00f3wna\",\"item\":\"https:\/\/www.siestagarden.com\/\"},{\"@type\":\"ListItem\",\"position\":2,\"name\":\"Sklep\",\"item\":\"https:\/\/www.siestagarden.com\/sklep\/\"},{\"@type\":\"ListItem\",\"position\":3,\"name\":\"Drewniany Mini st\u00f3\u0142 piknikowy dla dzieci\"}]},{\"@type\":\"WebSite\",\"@id\":\"https:\/\/www.siestagarden.com\/#website\",\"url\":\"https:\/\/www.siestagarden.com\/\",\"name\":\"Siesta Garden\",\"description\":\"Meble do Twojego ogrodu. Polski producent drewnianych mebli najwy\u017cszej jako\u015bci.\",\"potentialAction\":[{\"@type\":\"SearchAction\",\"target\":{\"@type\":\"EntryPoint\",\"urlTemplate\":\"https:\/\/www.siestagarden.com\/?s={search_term_string}\"},\"query-input\":{\"@type\":\"PropertyValueSpecification\",\"valueRequired\":true,\"valueName\":\"search_term_string\"}}],\"inLanguage\":\"de\"}]}<\/script>\n<!-- \/ Yoast SEO plugin. -->","yoast_head_json":{"title":"Drewniany Mini st\u00f3\u0142 piknikowy dla dzieci - Siesta Garden","robots":{"index":"index","follow":"follow","max-snippet":"max-snippet:-1","max-image-preview":"max-image-preview:large","max-video-preview":"max-video-preview:-1"},"canonical":"https:\/\/www.siestagarden.com\/de\/produkt\/mini-stol-piknikowy-2\/","og_locale":"de_DE","og_type":"article","og_title":"Drewniany Mini st\u00f3\u0142 piknikowy dla dzieci - Siesta Garden","og_description":"Mini St\u00f3\u0142 Piknikowy \u2013 klasyka dzieci\u0119cego wypoczynku na \u015bwie\u017cym powietrzu Mini St\u00f3\u0142 Piknikowy to ponadczasowy, kompaktowy mebel ogrodowy stworzony z my\u015bl\u0105 o najm\u0142odszych. Doskonale sprawdzi si\u0119 w ogrodzie, na tarasie, dzia\u0142ce, w przedszkolu czy na placu zabaw. Dzi\u0119ki zintegrowanym \u0142aweczkom po obu stronach, dzieci mog\u0105 wygodnie usi\u0105\u015b\u0107 do rysowania, jedzenia lub zabawy. Wykonany z litego [&hellip;]","og_url":"https:\/\/www.siestagarden.com\/de\/produkt\/mini-stol-piknikowy-2\/","og_site_name":"Siesta Garden","article_modified_time":"2026-02-12T08:20:35+00:00","og_image":[{"width":2560,"height":1707,"url":"https:\/\/www.siestagarden.com\/wp-content\/uploads\/2025\/03\/IMG_6360-scaled-e1770884423874.jpg","type":"image\/jpeg"}],"twitter_card":"summary_large_image","twitter_misc":{"Gesch\u00e4tzte Lesezeit":"2\u00a0Minuten"},"schema":{"@context":"https:\/\/schema.org","@graph":[{"@type":"WebPage","@id":"https:\/\/www.siestagarden.com\/produkt\/mini-stol-piknikowy-2\/","url":"https:\/\/www.siestagarden.com\/produkt\/mini-stol-piknikowy-2\/","name":"Drewniany Mini st\u00f3\u0142 piknikowy dla dzieci - Siesta Garden","isPartOf":{"@id":"https:\/\/www.siestagarden.com\/#website"},"primaryImageOfPage":{"@id":"https:\/\/www.siestagarden.com\/produkt\/mini-stol-piknikowy-2\/#primaryimage"},"image":{"@id":"https:\/\/www.siestagarden.com\/produkt\/mini-stol-piknikowy-2\/#primaryimage"},"thumbnailUrl":"https:\/\/www.siestagarden.com\/wp-content\/uploads\/2025\/03\/IMG_6360-scaled-e1770884423874.jpg","datePublished":"2025-03-12T10:33:14+00:00","dateModified":"2026-02-12T08:20:35+00:00","breadcrumb":{"@id":"https:\/\/www.siestagarden.com\/produkt\/mini-stol-piknikowy-2\/#breadcrumb"},"inLanguage":"de","potentialAction":[{"@type":"ReadAction","target":["https:\/\/www.siestagarden.com\/produkt\/mini-stol-piknikowy-2\/"]}]},{"@type":"ImageObject","inLanguage":"de","@id":"https:\/\/www.siestagarden.com\/produkt\/mini-stol-piknikowy-2\/#primaryimage","url":"https:\/\/www.siestagarden.com\/wp-content\/uploads\/2025\/03\/IMG_6360-scaled-e1770884423874.jpg","contentUrl":"https:\/\/www.siestagarden.com\/wp-content\/uploads\/2025\/03\/IMG_6360-scaled-e1770884423874.jpg","width":2560,"height":1707},{"@type":"BreadcrumbList","@id":"https:\/\/www.siestagarden.com\/produkt\/mini-stol-piknikowy-2\/#breadcrumb","itemListElement":[{"@type":"ListItem","position":1,"name":"Strona g\u0142\u00f3wna","item":"https:\/\/www.siestagarden.com\/"},{"@type":"ListItem","position":2,"name":"Sklep","item":"https:\/\/www.siestagarden.com\/sklep\/"},{"@type":"ListItem","position":3,"name":"Drewniany Mini st\u00f3\u0142 piknikowy dla dzieci"}]},{"@type":"WebSite","@id":"https:\/\/www.siestagarden.com\/#website","url":"https:\/\/www.siestagarden.com\/","name":"Siesta Garten","description":"M\u00f6bel f\u00fcr Ihren Garten. Polnischen Hersteller von Holzm\u00f6beln von h\u00f6chster Qualit\u00e4t.","potentialAction":[{"@type":"SearchAction","target":{"@type":"EntryPoint","urlTemplate":"https:\/\/www.siestagarden.com\/?s={search_term_string}"},"query-input":{"@type":"PropertyValueSpecification","valueRequired":true,"valueName":"search_term_string"}}],"inLanguage":"de"}]}},"_links":{"self":[{"href":"https:\/\/www.siestagarden.com\/de\/wp-json\/wp\/v2\/product\/1533","targetHints":{"allow":["GET"]}}],"collection":[{"href":"https:\/\/www.siestagarden.com\/de\/wp-json\/wp\/v2\/product"}],"about":[{"href":"https:\/\/www.siestagarden.com\/de\/wp-json\/wp\/v2\/types\/product"}],"wp:featuredmedia":[{"embeddable":true,"href":"https:\/\/www.siestagarden.com\/de\/wp-json\/wp\/v2\/media\/1721"}],"wp:attachment":[{"href":"https:\/\/www.siestagarden.com\/de\/wp-json\/wp\/v2\/media?parent=1533"}],"wp:term":[{"taxonomy":"product_brand","embeddable":true,"href":"https:\/\/www.siestagarden.com\/de\/wp-json\/wp\/v2\/product_brand?post=1533"},{"taxonomy":"product_cat","embeddable":true,"href":"https:\/\/www.siestagarden.com\/de\/wp-json\/wp\/v2\/product_cat?post=1533"},{"taxonomy":"product_tag","embeddable":true,"href":"https:\/\/www.siestagarden.com\/de\/wp-json\/wp\/v2\/product_tag?post=1533"}],"curies":[{"name":"wp","href":"https:\/\/api.w.org\/{rel}","templated":true}]}}