{"id":1539,"date":"2025-03-12T11:48:25","date_gmt":"2025-03-12T10:48:25","guid":{"rendered":"https:\/\/www.siestagarden.com\/?post_type=product&#038;p=1539"},"modified":"2026-04-10T11:25:04","modified_gmt":"2026-04-10T09:25:04","slug":"krzeslo-plazowe","status":"publish","type":"product","link":"https:\/\/www.siestagarden.com\/de\/produkt\/krzeslo-plazowe\/","title":{"rendered":"Patmos Surfstuhl blau"},"content":{"rendered":"<p><strong>PATMOS<\/strong> - Surferstuhl mit Meerescharakter<\/p>\n<p><strong>Patmos ist ein Stuhl<\/strong>die durch ihre schlichte, schlanke, von einem Surfbrett inspirierte Silhouette auff\u00e4llt. Seine konturierte Form f\u00e4ngt den Geist der K\u00fcste und das sorglose Leben der Wellen ein und bringt Leichtigkeit und Originalit\u00e4t in jeden Au\u00dfenbereich.<\/p>\n<p>Ein charakteristisches Element des Stuhls ist das dekorative Schwert - ein subtiler Verweis auf den Ballast des Brettes, das nicht nur eine \u00e4sthetische, sondern vor allem eine praktische Funktion hat: Es kann als Haken zum Aufh\u00e4ngen von Hut, Handtuch oder Strandtasche verwendet werden.<\/p>\n<p>Die Struktur ist aus FSC\u00ae-zertifiziertem Massivholz gefertigt und mit einer ozeanblauen Impr\u00e4gnierung versehen, die die Oberfl\u00e4che sch\u00fctzt und ihr eine seidige Gl\u00e4tte verleiht.<\/p>\n<p>Es ist die ideale Wahl f\u00fcr Yachth\u00e4fen, H\u00e4fen, Hotels und Ferienanlagen, die auf der Suche nach unkonventionellen Formen und Details sind, um ihren einzigartigen Stil zu unterstreichen.<\/p>\n<p>\u2714\ufe0f inspiriert von einem Surfbrett - einfache, markante Form<\/p>\n<p>\u2714\ufe0f Element des \"Schwertes\", das eine dekorative und n\u00fctzliche Funktion hat<\/p>\n<p>\u2714\ufe0f aus FSC\u00ae-Massivholz<\/p>\n<p>\u2714\ufe0f mit einer blauen Impr\u00e4gnierung zur Gl\u00e4ttung der Oberfl\u00e4che versehen<\/p>\n<p>\u2714\ufe0f ideal f\u00fcr Jachth\u00e4fen, H\u00e4fen, Hotels, Strand- und Freizeitbereiche<\/p>\n<p><strong>Patmos<\/strong> ist mehr als nur ein Sitzm\u00f6bel - er ist ein stilvoller Akzent in einem Raum, der Atmosph\u00e4re schafft und eine Geschichte erz\u00e4hlt.<\/p>","protected":false},"excerpt":{"rendered":"<p>PATMOS \u2013 surfingowe krzes\u0142o z charakterem oceanu Patmos to krzes\u0142o, kt\u00f3re przyci\u0105ga spojrzenia swoj\u0105 prost\u0105, smuk\u0142\u0105 sylwetk\u0105 inspirowan\u0105 desk\u0105 surfingow\u0105. Jego wyprofilowana forma oddaje ducha wybrze\u017ca i beztroskiego \u017cycia w rytmie fal, a przy tym wnosi lekko\u015b\u0107 i oryginalno\u015b\u0107 do ka\u017cdej przestrzeni zewn\u0119trznej. Charakterystycznym elementem krzes\u0142a jest dekoracyjny miecz \u2013 subtelne nawi\u0105zanie do statecznika deski, [&hellip;]<\/p>\n","protected":false},"featured_media":1650,"template":"","meta":{"_acf_changed":false},"product_brand":[],"product_cat":[68],"product_tag":[79],"class_list":{"0":"post-1539","1":"product","2":"type-product","3":"status-publish","4":"has-post-thumbnail","6":"product_cat-fotele-i-krzesla","7":"product_tag-public","8":"product_shipping_class-podstawowa","10":"first","11":"instock","12":"taxable","13":"shipping-taxable","14":"purchasable","15":"product-type-simple","16":"add-to-wishlist-after_add_to_cart"},"acf":[],"yoast_head":"<!-- This site is optimized with the Yoast SEO plugin v26.6 - https:\/\/yoast.com\/wordpress\/plugins\/seo\/ -->\n<title>Krzes\u0142o surfingowe Patmos niebieskie - Siesta Garden<\/title>\n<meta name=\"robots\" content=\"index, follow, max-snippet:-1, max-image-preview:large, max-video-preview:-1\" \/>\n<link rel=\"canonical\" href=\"https:\/\/www.siestagarden.com\/de\/produkt\/krzeslo-plazowe\/\" \/>\n<meta property=\"og:locale\" content=\"de_DE\" \/>\n<meta property=\"og:type\" content=\"article\" \/>\n<meta property=\"og:title\" content=\"Krzes\u0142o surfingowe Patmos niebieskie - Siesta Garden\" \/>\n<meta property=\"og:description\" content=\"PATMOS \u2013 surfingowe krzes\u0142o z charakterem oceanu Patmos to krzes\u0142o, kt\u00f3re przyci\u0105ga spojrzenia swoj\u0105 prost\u0105, smuk\u0142\u0105 sylwetk\u0105 inspirowan\u0105 desk\u0105 surfingow\u0105. Jego wyprofilowana forma oddaje ducha wybrze\u017ca i beztroskiego \u017cycia w rytmie fal, a przy tym wnosi lekko\u015b\u0107 i oryginalno\u015b\u0107 do ka\u017cdej przestrzeni zewn\u0119trznej. Charakterystycznym elementem krzes\u0142a jest dekoracyjny miecz \u2013 subtelne nawi\u0105zanie do statecznika deski, [&hellip;]\" \/>\n<meta property=\"og:url\" content=\"https:\/\/www.siestagarden.com\/de\/produkt\/krzeslo-plazowe\/\" \/>\n<meta property=\"og:site_name\" content=\"Siesta Garden\" \/>\n<meta property=\"article:modified_time\" content=\"2026-04-10T09:25:04+00:00\" \/>\n<meta property=\"og:image\" content=\"https:\/\/www.siestagarden.com\/wp-content\/uploads\/2025\/03\/IMG_8314-scaled-e1770629123245.jpg\" \/>\n\t<meta property=\"og:image:width\" content=\"1707\" \/>\n\t<meta property=\"og:image:height\" content=\"2560\" \/>\n\t<meta property=\"og:image:type\" content=\"image\/jpeg\" \/>\n<meta name=\"twitter:card\" content=\"summary_large_image\" \/>\n<meta name=\"twitter:label1\" content=\"Gesch\u00e4tzte Lesezeit\" \/>\n\t<meta name=\"twitter:data1\" content=\"2\u00a0Minuten\" \/>\n<script type=\"application\/ld+json\" class=\"yoast-schema-graph\">{\"@context\":\"https:\/\/schema.org\",\"@graph\":[{\"@type\":\"WebPage\",\"@id\":\"https:\/\/www.siestagarden.com\/produkt\/krzeslo-plazowe\/\",\"url\":\"https:\/\/www.siestagarden.com\/produkt\/krzeslo-plazowe\/\",\"name\":\"Krzes\u0142o surfingowe Patmos niebieskie - Siesta Garden\",\"isPartOf\":{\"@id\":\"https:\/\/www.siestagarden.com\/#website\"},\"primaryImageOfPage\":{\"@id\":\"https:\/\/www.siestagarden.com\/produkt\/krzeslo-plazowe\/#primaryimage\"},\"image\":{\"@id\":\"https:\/\/www.siestagarden.com\/produkt\/krzeslo-plazowe\/#primaryimage\"},\"thumbnailUrl\":\"https:\/\/www.siestagarden.com\/wp-content\/uploads\/2025\/03\/IMG_8314-scaled-e1770629123245.jpg\",\"datePublished\":\"2025-03-12T10:48:25+00:00\",\"dateModified\":\"2026-04-10T09:25:04+00:00\",\"breadcrumb\":{\"@id\":\"https:\/\/www.siestagarden.com\/produkt\/krzeslo-plazowe\/#breadcrumb\"},\"inLanguage\":\"de\",\"potentialAction\":[{\"@type\":\"ReadAction\",\"target\":[\"https:\/\/www.siestagarden.com\/produkt\/krzeslo-plazowe\/\"]}]},{\"@type\":\"ImageObject\",\"inLanguage\":\"de\",\"@id\":\"https:\/\/www.siestagarden.com\/produkt\/krzeslo-plazowe\/#primaryimage\",\"url\":\"https:\/\/www.siestagarden.com\/wp-content\/uploads\/2025\/03\/IMG_8314-scaled-e1770629123245.jpg\",\"contentUrl\":\"https:\/\/www.siestagarden.com\/wp-content\/uploads\/2025\/03\/IMG_8314-scaled-e1770629123245.jpg\",\"width\":1707,\"height\":2560},{\"@type\":\"BreadcrumbList\",\"@id\":\"https:\/\/www.siestagarden.com\/produkt\/krzeslo-plazowe\/#breadcrumb\",\"itemListElement\":[{\"@type\":\"ListItem\",\"position\":1,\"name\":\"Strona g\u0142\u00f3wna\",\"item\":\"https:\/\/www.siestagarden.com\/\"},{\"@type\":\"ListItem\",\"position\":2,\"name\":\"Sklep\",\"item\":\"https:\/\/www.siestagarden.com\/sklep\/\"},{\"@type\":\"ListItem\",\"position\":3,\"name\":\"Krzes\u0142o surfingowe Patmos niebieskie\"}]},{\"@type\":\"WebSite\",\"@id\":\"https:\/\/www.siestagarden.com\/#website\",\"url\":\"https:\/\/www.siestagarden.com\/\",\"name\":\"Siesta Garden\",\"description\":\"Meble do Twojego ogrodu. Polski producent drewnianych mebli najwy\u017cszej jako\u015bci.\",\"potentialAction\":[{\"@type\":\"SearchAction\",\"target\":{\"@type\":\"EntryPoint\",\"urlTemplate\":\"https:\/\/www.siestagarden.com\/?s={search_term_string}\"},\"query-input\":{\"@type\":\"PropertyValueSpecification\",\"valueRequired\":true,\"valueName\":\"search_term_string\"}}],\"inLanguage\":\"de\"}]}<\/script>\n<!-- \/ Yoast SEO plugin. -->","yoast_head_json":{"title":"Krzes\u0142o surfingowe Patmos niebieskie - Siesta Garden","robots":{"index":"index","follow":"follow","max-snippet":"max-snippet:-1","max-image-preview":"max-image-preview:large","max-video-preview":"max-video-preview:-1"},"canonical":"https:\/\/www.siestagarden.com\/de\/produkt\/krzeslo-plazowe\/","og_locale":"de_DE","og_type":"article","og_title":"Krzes\u0142o surfingowe Patmos niebieskie - Siesta Garden","og_description":"PATMOS \u2013 surfingowe krzes\u0142o z charakterem oceanu Patmos to krzes\u0142o, kt\u00f3re przyci\u0105ga spojrzenia swoj\u0105 prost\u0105, smuk\u0142\u0105 sylwetk\u0105 inspirowan\u0105 desk\u0105 surfingow\u0105. Jego wyprofilowana forma oddaje ducha wybrze\u017ca i beztroskiego \u017cycia w rytmie fal, a przy tym wnosi lekko\u015b\u0107 i oryginalno\u015b\u0107 do ka\u017cdej przestrzeni zewn\u0119trznej. Charakterystycznym elementem krzes\u0142a jest dekoracyjny miecz \u2013 subtelne nawi\u0105zanie do statecznika deski, [&hellip;]","og_url":"https:\/\/www.siestagarden.com\/de\/produkt\/krzeslo-plazowe\/","og_site_name":"Siesta Garden","article_modified_time":"2026-04-10T09:25:04+00:00","og_image":[{"width":1707,"height":2560,"url":"https:\/\/www.siestagarden.com\/wp-content\/uploads\/2025\/03\/IMG_8314-scaled-e1770629123245.jpg","type":"image\/jpeg"}],"twitter_card":"summary_large_image","twitter_misc":{"Gesch\u00e4tzte Lesezeit":"2\u00a0Minuten"},"schema":{"@context":"https:\/\/schema.org","@graph":[{"@type":"WebPage","@id":"https:\/\/www.siestagarden.com\/produkt\/krzeslo-plazowe\/","url":"https:\/\/www.siestagarden.com\/produkt\/krzeslo-plazowe\/","name":"Krzes\u0142o surfingowe Patmos niebieskie - Siesta Garden","isPartOf":{"@id":"https:\/\/www.siestagarden.com\/#website"},"primaryImageOfPage":{"@id":"https:\/\/www.siestagarden.com\/produkt\/krzeslo-plazowe\/#primaryimage"},"image":{"@id":"https:\/\/www.siestagarden.com\/produkt\/krzeslo-plazowe\/#primaryimage"},"thumbnailUrl":"https:\/\/www.siestagarden.com\/wp-content\/uploads\/2025\/03\/IMG_8314-scaled-e1770629123245.jpg","datePublished":"2025-03-12T10:48:25+00:00","dateModified":"2026-04-10T09:25:04+00:00","breadcrumb":{"@id":"https:\/\/www.siestagarden.com\/produkt\/krzeslo-plazowe\/#breadcrumb"},"inLanguage":"de","potentialAction":[{"@type":"ReadAction","target":["https:\/\/www.siestagarden.com\/produkt\/krzeslo-plazowe\/"]}]},{"@type":"ImageObject","inLanguage":"de","@id":"https:\/\/www.siestagarden.com\/produkt\/krzeslo-plazowe\/#primaryimage","url":"https:\/\/www.siestagarden.com\/wp-content\/uploads\/2025\/03\/IMG_8314-scaled-e1770629123245.jpg","contentUrl":"https:\/\/www.siestagarden.com\/wp-content\/uploads\/2025\/03\/IMG_8314-scaled-e1770629123245.jpg","width":1707,"height":2560},{"@type":"BreadcrumbList","@id":"https:\/\/www.siestagarden.com\/produkt\/krzeslo-plazowe\/#breadcrumb","itemListElement":[{"@type":"ListItem","position":1,"name":"Strona g\u0142\u00f3wna","item":"https:\/\/www.siestagarden.com\/"},{"@type":"ListItem","position":2,"name":"Sklep","item":"https:\/\/www.siestagarden.com\/sklep\/"},{"@type":"ListItem","position":3,"name":"Krzes\u0142o surfingowe Patmos niebieskie"}]},{"@type":"WebSite","@id":"https:\/\/www.siestagarden.com\/#website","url":"https:\/\/www.siestagarden.com\/","name":"Siesta Garten","description":"M\u00f6bel f\u00fcr Ihren Garten. Polnischen Hersteller von Holzm\u00f6beln von h\u00f6chster Qualit\u00e4t.","potentialAction":[{"@type":"SearchAction","target":{"@type":"EntryPoint","urlTemplate":"https:\/\/www.siestagarden.com\/?s={search_term_string}"},"query-input":{"@type":"PropertyValueSpecification","valueRequired":true,"valueName":"search_term_string"}}],"inLanguage":"de"}]}},"_links":{"self":[{"href":"https:\/\/www.siestagarden.com\/de\/wp-json\/wp\/v2\/product\/1539","targetHints":{"allow":["GET"]}}],"collection":[{"href":"https:\/\/www.siestagarden.com\/de\/wp-json\/wp\/v2\/product"}],"about":[{"href":"https:\/\/www.siestagarden.com\/de\/wp-json\/wp\/v2\/types\/product"}],"wp:featuredmedia":[{"embeddable":true,"href":"https:\/\/www.siestagarden.com\/de\/wp-json\/wp\/v2\/media\/1650"}],"wp:attachment":[{"href":"https:\/\/www.siestagarden.com\/de\/wp-json\/wp\/v2\/media?parent=1539"}],"wp:term":[{"taxonomy":"product_brand","embeddable":true,"href":"https:\/\/www.siestagarden.com\/de\/wp-json\/wp\/v2\/product_brand?post=1539"},{"taxonomy":"product_cat","embeddable":true,"href":"https:\/\/www.siestagarden.com\/de\/wp-json\/wp\/v2\/product_cat?post=1539"},{"taxonomy":"product_tag","embeddable":true,"href":"https:\/\/www.siestagarden.com\/de\/wp-json\/wp\/v2\/product_tag?post=1539"}],"curies":[{"name":"wp","href":"https:\/\/api.w.org\/{rel}","templated":true}]}}