{"id":1544,"date":"2025-03-12T11:48:26","date_gmt":"2025-03-12T10:48:26","guid":{"rendered":"https:\/\/www.siestagarden.com\/?post_type=product&#038;p=1544"},"modified":"2026-04-10T10:58:05","modified_gmt":"2026-04-10T08:58:05","slug":"lezak-lukka","status":"publish","type":"product","link":"https:\/\/www.siestagarden.com\/de\/produkt\/lezak-lukka\/","title":{"rendered":"Lucca Buche Strandliege faltbar"},"content":{"rendered":"<p><strong>Strandkorb, Buche LUKKA <\/strong>- Komfort-Klassiker in leichter Ausf\u00fchrung<\/p>\n<p><strong>LUKKA<\/strong> ist ein klassischer klappbarer Strandkorb aus nat\u00fcrlichem Buchenholz, der f\u00fcr seine Langlebigkeit und sein elegantes Aussehen bekannt ist. Der Sitz ist aus Baumwolle gefertigt <strong>ecrufarbene Stoffe<\/strong>Diese harmoniert perfekt mit dem warmen Farbton des Holzes und bildet so ein harmonisches, nat\u00fcrliches Ensemble.<\/p>\n<p>Die Liege ist leicht, handlich und einfach zu verstauen - Sie k\u00f6nnen sie schnell zusammenklappen und mit an den Strand, in den Garten, auf den Balkon oder die Terrasse nehmen. Die R\u00fcckenlehne l\u00e4sst sich in mehreren Stufen verstellen, so dass Sie die Sitzposition Ihren W\u00fcnschen entsprechend anpassen k\u00f6nnen - vom Sitzen bis hin zum Anlehnen.<\/p>\n<p>\u2714\ufe0f leichte und faltbare Konstruktion aus Buchenholz<\/p>\n<p>\u2714\ufe0f Baumwollgewebe in Ecru - nat\u00fcrlich und angenehm im Griff<\/p>\n<p>\u2714\ufe0f R\u00fcckenlehnenverstellung - mehrere Positionen zur Auswahl<\/p>\n<p>\u2714\ufe0f kompakt zusammengeklappt - ideal f\u00fcr die Lagerung<\/p>\n<p>\u2714\ufe0f perfekt f\u00fcr Strand, Garten, Balkon oder Terrasse<\/p>\n<p><strong>LUKKA Liege<\/strong> ist ein klassischer Liegestuhl in einem frischen, eleganten Design - praktisch und bereit f\u00fcr jeden Sommertag.<\/p>","protected":false},"excerpt":{"rendered":"<p>Le\u017cak pla\u017cowy, bukowy LUKKA \u2013 klasyka komfortu w lekkim wydaniu LUKKA to klasyczny, sk\u0142adany le\u017cak pla\u017cowy wykonany z naturalnego drewna bukowego, znanego ze swojej wytrzyma\u0142o\u015bci i eleganckiego wygl\u0105du. Siedzisko wykonane zosta\u0142o z bawe\u0142nianej tkaniny w kolorze ecru, kt\u00f3ra doskonale komponuje si\u0119 z ciep\u0142ym odcieniem drewna, tworz\u0105c harmonijny, naturalny zestaw. Le\u017cak jest lekki, por\u0119czny i \u0142atwy [&hellip;]<\/p>\n","protected":false},"featured_media":2371,"template":"","meta":{"_acf_changed":false},"product_brand":[],"product_cat":[69],"product_tag":[79],"class_list":{"0":"post-1544","1":"product","2":"type-product","3":"status-publish","4":"has-post-thumbnail","6":"product_cat-lezaki-i-lezanki","7":"product_tag-public","8":"product_shipping_class-podstawowa","10":"first","11":"instock","12":"taxable","13":"shipping-taxable","14":"purchasable","15":"product-type-simple","16":"add-to-wishlist-after_add_to_cart"},"acf":[],"yoast_head":"<!-- This site is optimized with the Yoast SEO plugin v26.6 - https:\/\/yoast.com\/wordpress\/plugins\/seo\/ -->\n<title>Le\u017cak pla\u017cowy bukowy Lukka sk\u0142adany Ecru - Siesta Garden<\/title>\n<meta name=\"robots\" content=\"index, follow, max-snippet:-1, max-image-preview:large, max-video-preview:-1\" \/>\n<link rel=\"canonical\" href=\"https:\/\/www.siestagarden.com\/de\/produkt\/lezak-lukka\/\" \/>\n<meta property=\"og:locale\" content=\"de_DE\" \/>\n<meta property=\"og:type\" content=\"article\" \/>\n<meta property=\"og:title\" content=\"Le\u017cak pla\u017cowy bukowy Lukka sk\u0142adany Ecru - Siesta Garden\" \/>\n<meta property=\"og:description\" content=\"Le\u017cak pla\u017cowy, bukowy LUKKA \u2013 klasyka komfortu w lekkim wydaniu LUKKA to klasyczny, sk\u0142adany le\u017cak pla\u017cowy wykonany z naturalnego drewna bukowego, znanego ze swojej wytrzyma\u0142o\u015bci i eleganckiego wygl\u0105du. Siedzisko wykonane zosta\u0142o z bawe\u0142nianej tkaniny w kolorze ecru, kt\u00f3ra doskonale komponuje si\u0119 z ciep\u0142ym odcieniem drewna, tworz\u0105c harmonijny, naturalny zestaw. Le\u017cak jest lekki, por\u0119czny i \u0142atwy [&hellip;]\" \/>\n<meta property=\"og:url\" content=\"https:\/\/www.siestagarden.com\/de\/produkt\/lezak-lukka\/\" \/>\n<meta property=\"og:site_name\" content=\"Siesta Garden\" \/>\n<meta property=\"article:modified_time\" content=\"2026-04-10T08:58:05+00:00\" \/>\n<meta property=\"og:image\" content=\"https:\/\/www.siestagarden.com\/wp-content\/uploads\/2025\/03\/IMG_6036.jpg\" \/>\n\t<meta property=\"og:image:width\" content=\"1600\" \/>\n\t<meta property=\"og:image:height\" content=\"1067\" \/>\n\t<meta property=\"og:image:type\" content=\"image\/jpeg\" \/>\n<meta name=\"twitter:card\" content=\"summary_large_image\" \/>\n<meta name=\"twitter:label1\" content=\"Gesch\u00e4tzte Lesezeit\" \/>\n\t<meta name=\"twitter:data1\" content=\"2\u00a0Minuten\" \/>\n<script type=\"application\/ld+json\" class=\"yoast-schema-graph\">{\"@context\":\"https:\/\/schema.org\",\"@graph\":[{\"@type\":\"WebPage\",\"@id\":\"https:\/\/www.siestagarden.com\/produkt\/lezak-lukka\/\",\"url\":\"https:\/\/www.siestagarden.com\/produkt\/lezak-lukka\/\",\"name\":\"Le\u017cak pla\u017cowy bukowy Lukka sk\u0142adany Ecru - Siesta Garden\",\"isPartOf\":{\"@id\":\"https:\/\/www.siestagarden.com\/#website\"},\"primaryImageOfPage\":{\"@id\":\"https:\/\/www.siestagarden.com\/produkt\/lezak-lukka\/#primaryimage\"},\"image\":{\"@id\":\"https:\/\/www.siestagarden.com\/produkt\/lezak-lukka\/#primaryimage\"},\"thumbnailUrl\":\"https:\/\/www.siestagarden.com\/wp-content\/uploads\/2025\/03\/IMG_6036.jpg\",\"datePublished\":\"2025-03-12T10:48:26+00:00\",\"dateModified\":\"2026-04-10T08:58:05+00:00\",\"breadcrumb\":{\"@id\":\"https:\/\/www.siestagarden.com\/produkt\/lezak-lukka\/#breadcrumb\"},\"inLanguage\":\"de\",\"potentialAction\":[{\"@type\":\"ReadAction\",\"target\":[\"https:\/\/www.siestagarden.com\/produkt\/lezak-lukka\/\"]}]},{\"@type\":\"ImageObject\",\"inLanguage\":\"de\",\"@id\":\"https:\/\/www.siestagarden.com\/produkt\/lezak-lukka\/#primaryimage\",\"url\":\"https:\/\/www.siestagarden.com\/wp-content\/uploads\/2025\/03\/IMG_6036.jpg\",\"contentUrl\":\"https:\/\/www.siestagarden.com\/wp-content\/uploads\/2025\/03\/IMG_6036.jpg\",\"width\":1600,\"height\":1067},{\"@type\":\"BreadcrumbList\",\"@id\":\"https:\/\/www.siestagarden.com\/produkt\/lezak-lukka\/#breadcrumb\",\"itemListElement\":[{\"@type\":\"ListItem\",\"position\":1,\"name\":\"Strona g\u0142\u00f3wna\",\"item\":\"https:\/\/www.siestagarden.com\/\"},{\"@type\":\"ListItem\",\"position\":2,\"name\":\"Sklep\",\"item\":\"https:\/\/www.siestagarden.com\/sklep\/\"},{\"@type\":\"ListItem\",\"position\":3,\"name\":\"Le\u017cak pla\u017cowy bukowy Lukka sk\u0142adany Ecru\"}]},{\"@type\":\"WebSite\",\"@id\":\"https:\/\/www.siestagarden.com\/#website\",\"url\":\"https:\/\/www.siestagarden.com\/\",\"name\":\"Siesta Garden\",\"description\":\"Meble do Twojego ogrodu. Polski producent drewnianych mebli najwy\u017cszej jako\u015bci.\",\"potentialAction\":[{\"@type\":\"SearchAction\",\"target\":{\"@type\":\"EntryPoint\",\"urlTemplate\":\"https:\/\/www.siestagarden.com\/?s={search_term_string}\"},\"query-input\":{\"@type\":\"PropertyValueSpecification\",\"valueRequired\":true,\"valueName\":\"search_term_string\"}}],\"inLanguage\":\"de\"}]}<\/script>\n<!-- \/ Yoast SEO plugin. -->","yoast_head_json":{"title":"Le\u017cak pla\u017cowy bukowy Lukka sk\u0142adany Ecru - Siesta Garden","robots":{"index":"index","follow":"follow","max-snippet":"max-snippet:-1","max-image-preview":"max-image-preview:large","max-video-preview":"max-video-preview:-1"},"canonical":"https:\/\/www.siestagarden.com\/de\/produkt\/lezak-lukka\/","og_locale":"de_DE","og_type":"article","og_title":"Le\u017cak pla\u017cowy bukowy Lukka sk\u0142adany Ecru - Siesta Garden","og_description":"Le\u017cak pla\u017cowy, bukowy LUKKA \u2013 klasyka komfortu w lekkim wydaniu LUKKA to klasyczny, sk\u0142adany le\u017cak pla\u017cowy wykonany z naturalnego drewna bukowego, znanego ze swojej wytrzyma\u0142o\u015bci i eleganckiego wygl\u0105du. Siedzisko wykonane zosta\u0142o z bawe\u0142nianej tkaniny w kolorze ecru, kt\u00f3ra doskonale komponuje si\u0119 z ciep\u0142ym odcieniem drewna, tworz\u0105c harmonijny, naturalny zestaw. Le\u017cak jest lekki, por\u0119czny i \u0142atwy [&hellip;]","og_url":"https:\/\/www.siestagarden.com\/de\/produkt\/lezak-lukka\/","og_site_name":"Siesta Garden","article_modified_time":"2026-04-10T08:58:05+00:00","og_image":[{"width":1600,"height":1067,"url":"https:\/\/www.siestagarden.com\/wp-content\/uploads\/2025\/03\/IMG_6036.jpg","type":"image\/jpeg"}],"twitter_card":"summary_large_image","twitter_misc":{"Gesch\u00e4tzte Lesezeit":"2\u00a0Minuten"},"schema":{"@context":"https:\/\/schema.org","@graph":[{"@type":"WebPage","@id":"https:\/\/www.siestagarden.com\/produkt\/lezak-lukka\/","url":"https:\/\/www.siestagarden.com\/produkt\/lezak-lukka\/","name":"Le\u017cak pla\u017cowy bukowy Lukka sk\u0142adany Ecru - Siesta Garden","isPartOf":{"@id":"https:\/\/www.siestagarden.com\/#website"},"primaryImageOfPage":{"@id":"https:\/\/www.siestagarden.com\/produkt\/lezak-lukka\/#primaryimage"},"image":{"@id":"https:\/\/www.siestagarden.com\/produkt\/lezak-lukka\/#primaryimage"},"thumbnailUrl":"https:\/\/www.siestagarden.com\/wp-content\/uploads\/2025\/03\/IMG_6036.jpg","datePublished":"2025-03-12T10:48:26+00:00","dateModified":"2026-04-10T08:58:05+00:00","breadcrumb":{"@id":"https:\/\/www.siestagarden.com\/produkt\/lezak-lukka\/#breadcrumb"},"inLanguage":"de","potentialAction":[{"@type":"ReadAction","target":["https:\/\/www.siestagarden.com\/produkt\/lezak-lukka\/"]}]},{"@type":"ImageObject","inLanguage":"de","@id":"https:\/\/www.siestagarden.com\/produkt\/lezak-lukka\/#primaryimage","url":"https:\/\/www.siestagarden.com\/wp-content\/uploads\/2025\/03\/IMG_6036.jpg","contentUrl":"https:\/\/www.siestagarden.com\/wp-content\/uploads\/2025\/03\/IMG_6036.jpg","width":1600,"height":1067},{"@type":"BreadcrumbList","@id":"https:\/\/www.siestagarden.com\/produkt\/lezak-lukka\/#breadcrumb","itemListElement":[{"@type":"ListItem","position":1,"name":"Strona g\u0142\u00f3wna","item":"https:\/\/www.siestagarden.com\/"},{"@type":"ListItem","position":2,"name":"Sklep","item":"https:\/\/www.siestagarden.com\/sklep\/"},{"@type":"ListItem","position":3,"name":"Le\u017cak pla\u017cowy bukowy Lukka sk\u0142adany Ecru"}]},{"@type":"WebSite","@id":"https:\/\/www.siestagarden.com\/#website","url":"https:\/\/www.siestagarden.com\/","name":"Siesta Garten","description":"M\u00f6bel f\u00fcr Ihren Garten. Polnischen Hersteller von Holzm\u00f6beln von h\u00f6chster Qualit\u00e4t.","potentialAction":[{"@type":"SearchAction","target":{"@type":"EntryPoint","urlTemplate":"https:\/\/www.siestagarden.com\/?s={search_term_string}"},"query-input":{"@type":"PropertyValueSpecification","valueRequired":true,"valueName":"search_term_string"}}],"inLanguage":"de"}]}},"_links":{"self":[{"href":"https:\/\/www.siestagarden.com\/de\/wp-json\/wp\/v2\/product\/1544","targetHints":{"allow":["GET"]}}],"collection":[{"href":"https:\/\/www.siestagarden.com\/de\/wp-json\/wp\/v2\/product"}],"about":[{"href":"https:\/\/www.siestagarden.com\/de\/wp-json\/wp\/v2\/types\/product"}],"wp:featuredmedia":[{"embeddable":true,"href":"https:\/\/www.siestagarden.com\/de\/wp-json\/wp\/v2\/media\/2371"}],"wp:attachment":[{"href":"https:\/\/www.siestagarden.com\/de\/wp-json\/wp\/v2\/media?parent=1544"}],"wp:term":[{"taxonomy":"product_brand","embeddable":true,"href":"https:\/\/www.siestagarden.com\/de\/wp-json\/wp\/v2\/product_brand?post=1544"},{"taxonomy":"product_cat","embeddable":true,"href":"https:\/\/www.siestagarden.com\/de\/wp-json\/wp\/v2\/product_cat?post=1544"},{"taxonomy":"product_tag","embeddable":true,"href":"https:\/\/www.siestagarden.com\/de\/wp-json\/wp\/v2\/product_tag?post=1544"}],"curies":[{"name":"wp","href":"https:\/\/api.w.org\/{rel}","templated":true}]}}