{"id":1553,"date":"2025-03-12T12:05:50","date_gmt":"2025-03-12T11:05:50","guid":{"rendered":"https:\/\/www.siestagarden.com\/?post_type=product&#038;p=1553"},"modified":"2026-04-21T09:34:33","modified_gmt":"2026-04-21T07:34:33","slug":"donica-hampton-duza-2","status":"publish","type":"product","link":"https:\/\/www.siestagarden.com\/de\/produkt\/donica-hampton-duza-2\/","title":{"rendered":"Hampton gro\u00dfer Blumenbeet 100\u00d750 cm rechteckig"},"content":{"rendered":"<p><span data-path-to-node=\"0,1\"><span class=\"citation-652\"><strong>Kolekcja donic drewnianych Hampton \u2013 Tw\u00f3j ogr\u00f3d w pe\u0142nej harmonii<\/strong> <\/span><\/span><\/p>\n<div class=\"source-inline-chip-container ng-star-inserted\"><\/div>\n<p data-path-to-node=\"1\"><span data-path-to-node=\"1,0\">Wyobra\u017a sobie przestrze\u0144, kt\u00f3ra zmienia si\u0119 razem z Twoimi potrzebami. <\/span><span data-path-to-node=\"1,2\"><span class=\"citation-651\">Miejsce, gdzie ziele\u0144 jest uporz\u0105dkowana, a ka\u017cda ro\u015blina ma swoj\u0105 godn\u0105 opraw\u0119<\/span><\/span><span data-path-to-node=\"1,4\">.<\/span><\/p>\n<div class=\"source-inline-chip-container ng-star-inserted\"><\/div>\n<p data-path-to-node=\"2\"><span data-path-to-node=\"2,1\"><span class=\"citation-650\">Problem w tym, \u017ce wi\u0119kszo\u015b\u0107 ogrod\u00f3w i taras\u00f3w nie daje prawdziwego komfortu \u2013 s\u0105 przypadkowe i nie tworz\u0105 miejsca, do kt\u00f3rego chce si\u0119 wraca\u0107<\/span><\/span><span data-path-to-node=\"2,3\">. <\/span><span data-path-to-node=\"2,5\"><span class=\"citation-649\">Brakuje w nich sp\u00f3jnej estetyki i funkcjonalno\u015bci, kt\u00f3ra pozwoli\u0142aby na swobodne kszta\u0142towanie otoczenia<\/span><\/span><span data-path-to-node=\"2,7\">.<\/span><\/p>\n<div class=\"source-inline-chip-container ng-star-inserted\"><\/div>\n<p data-path-to-node=\"4\"><span data-path-to-node=\"4,0\"><b data-path-to-node=\"4,0\" data-index-in-node=\"0\"><span class=\"citation-648\">Rozwi\u0105zanie: Modu\u0142owa kolekcja donic Hampton<\/span><\/b> <\/span><\/p>\n<div class=\"source-inline-chip-container ng-star-inserted\"><\/div>\n<p data-path-to-node=\"5\"><span data-path-to-node=\"5,1\"><span class=\"citation-647\">Kolekcja Hampton zosta\u0142a zaprojektowana po to, aby stworzy\u0107 sp\u00f3jn\u0105 i estetyczn\u0105 przestrze\u0144 \u2013 miejsce, w kt\u00f3rym to Ty decydujesz o uk\u0142adzie swojej zielonej strefy<\/span><\/span><span data-path-to-node=\"5,3\">.<\/span><\/p>\n<div class=\"source-inline-chip-container ng-star-inserted\"><\/div>\n<p data-path-to-node=\"6\">To gotowa przestrze\u0144 do:<\/p>\n<ul data-path-to-node=\"7\">\n<li>\n<p data-path-to-node=\"7,0,0\"><span data-path-to-node=\"7,0,0,1\"><span class=\"citation-646\">tworzenia samodzielnych rabat kwiatowych <\/span><\/span><\/p>\n<\/li>\n<li>\n<p data-path-to-node=\"7,1,0\"><span data-path-to-node=\"7,1,0,1\"><span class=\"citation-645\">budowania naturalnych podzia\u0142\u00f3w i zielonych ogrodze\u0144 na tarasie <\/span><\/span><\/p>\n<\/li>\n<li>\n<p data-path-to-node=\"7,2,0\"><span data-path-to-node=\"7,2,0,1\"><span class=\"citation-644\">aran\u017cowania ogrod\u00f3w warzywnych i zielnik\u00f3w w skrzyniach <\/span><\/span><\/p>\n<\/li>\n<li>\n<p data-path-to-node=\"7,3,0\"><span data-path-to-node=\"7,3,0,1\"><span class=\"citation-643\">kreatywnego zagospodarowania balkon\u00f3w i patio <\/span><\/span><\/p>\n<div class=\"source-inline-chip-container ng-star-inserted\"><\/div>\n<\/li>\n<\/ul>\n<p><span data-path-to-node=\"9,1\"><span class=\"citation-642\"><strong>Co zyskujesz \u2013 realne korzy\u015bci<\/strong> <\/span><\/span><\/p>\n<div class=\"source-inline-chip-container ng-star-inserted\"><\/div>\n<ul data-path-to-node=\"10\">\n<li>\n<p data-path-to-node=\"10,0,1\"><span data-path-to-node=\"10,0,1,0\"><b data-path-to-node=\"10,0,1,0\" data-index-in-node=\"0\"><span class=\"citation-641\">Pe\u0142n\u0105 kontrol\u0119 nad aran\u017cacj\u0105<\/span><\/b><span class=\"citation-641\"> \u2013 modu\u0142owy charakter pozwala budowa\u0107 ogr\u00f3d element po elemencie, tworz\u0105c w\u0142asne rabaty i ogrody kontenerowe<\/span><\/span><span data-path-to-node=\"10,0,1,2\">.<\/span><\/p>\n<\/li>\n<li>\n<p data-path-to-node=\"10,1,1\"><span data-path-to-node=\"10,1,1,0\"><b data-path-to-node=\"10,1,1,0\" data-index-in-node=\"0\"><span class=\"citation-640\">Langlebigkeit f\u00fcr viele Jahreszeiten<\/span><\/b><span class=\"citation-640\"> \u2013 lite drewno sosnowe zabezpieczone impregnatem ochronnym gwarantuje odporno\u015b\u0107 na zmienne warunki pogodowe<\/span><\/span><span data-path-to-node=\"10,1,1,2\">.<\/span><\/p>\n<\/li>\n<li>\n<p data-path-to-node=\"10,2,1\"><span data-path-to-node=\"10,2,1,0\"><b data-path-to-node=\"10,2,1,0\" data-index-in-node=\"0\"><span class=\"citation-639\">Naturaln\u0105 estetyk\u0119<\/span><\/b><span class=\"citation-639\"> \u2013 drewno wprowadza harmoni\u0119 i ciep\u0142o, kt\u00f3rych nie daje plastik ani metal<\/span><\/span><span data-path-to-node=\"10,2,1,2\">.<\/span><\/p>\n<\/li>\n<li>\n<p data-path-to-node=\"10,3,1\"><span data-path-to-node=\"10,3,1,0\"><b data-path-to-node=\"10,3,1,0\" data-index-in-node=\"0\"><span class=\"citation-638\">Wyb\u00f3r dopasowany do stylu<\/span><\/b><span class=\"citation-638\"> \u2013 wariant Brown w klasycznym, ciep\u0142ym odcieniu idealnie komponuje si\u0119 z naturalnym otoczeniem<\/span><\/span><span data-path-to-node=\"10,3,1,2\">.<\/span><\/p>\n<\/li>\n<li>\n<p data-path-to-node=\"10,4,1\"><span data-path-to-node=\"10,4,1,0\"><b data-path-to-node=\"10,4,1,0\" data-index-in-node=\"0\"><span class=\"citation-637\">Du\u017c\u0105 powierzchni\u0119 sadzenia<\/span><\/b><span class=\"citation-637\"> \u2013 wymiary donicy pozwalaj\u0105 na tworzenie efektownych aran\u017cacji z krzew\u00f3w, traw ozdobnych czy zi\u00f3\u0142<\/span><\/span><span data-path-to-node=\"10,4,1,2\">.<\/span><\/p>\n<div class=\"source-inline-chip-container ng-star-inserted\"><\/div>\n<\/li>\n<\/ul>\n<p data-path-to-node=\"12\">\n<p data-path-to-node=\"12,0\"><strong>To wi\u0119cej ni\u017c donice \u2013 to system budowania Twojej oazy.<\/strong><\/p>\n<p>&nbsp;<\/p>\n<p><span data-path-to-node=\"12,2\"><span class=\"citation-636\">To miejsce, w kt\u00f3rym: <\/span><\/span><\/p>\n<ul data-path-to-node=\"13\">\n<li>\n<p data-path-to-node=\"13,0,0\"><span data-path-to-node=\"13,0,0,1\"><span class=\"citation-635\">organizujesz przestrze\u0144 wok\u00f3\u0142 siebie w spos\u00f3b przemy\u015blany i trwa\u0142y <\/span><\/span><\/p>\n<\/li>\n<li>\n<p data-path-to-node=\"13,1,0\"><span data-path-to-node=\"13,1,0,1\"><span class=\"citation-634\">cieszysz si\u0119 upraw\u0105 ro\u015blin nawet tam, gdzie nie ma gruntu <\/span><\/span><\/p>\n<\/li>\n<li>\n<p data-path-to-node=\"13,2,0\"><span data-path-to-node=\"13,2,0,1\"><span class=\"citation-633\">sp\u0119dzasz czas offline, dbaj\u0105c o swoj\u0105 prywatn\u0105 ziele\u0144 <\/span><\/span><\/p>\n<div class=\"source-inline-chip-container ng-star-inserted\"><\/div>\n<\/li>\n<\/ul>\n<p>&nbsp;<\/p>\n<p data-path-to-node=\"15\"><span data-path-to-node=\"15,1\"><span class=\"citation-632\"><strong>Opis produktu<\/strong> <\/span><\/span><\/p>\n<div class=\"source-inline-chip-container ng-star-inserted\"><\/div>\n<p data-path-to-node=\"16\"><span data-path-to-node=\"16,1\"><span class=\"citation-631\">Donice Hampton wykonane s\u0105 z litego drewna sosnowego, co zapewnia im solidno\u015b\u0107, stabilno\u015b\u0107 oraz naturalny wygl\u0105d<\/span><\/span><span data-path-to-node=\"16,3\">. <\/span><span data-path-to-node=\"16,5\"><span class=\"citation-630\">Starannie wyko\u0144czona powierzchnia jest fabrycznie przygotowana do d\u0142ugotrwa\u0142ego u\u017cytkowania na zewn\u0105trz<\/span><\/span><span data-path-to-node=\"16,7\">.<\/span><\/p>\n<div class=\"source-inline-chip-container ng-star-inserted\"><\/div>\n<p data-path-to-node=\"17\"><b data-path-to-node=\"17\" data-index-in-node=\"0\">W sk\u0142ad prezentowanej oferty wchodzi:<\/b><\/p>\n<ul data-path-to-node=\"18\">\n<li>\n<p data-path-to-node=\"18,0,1\"><span data-path-to-node=\"18,0,1,0\"><b data-path-to-node=\"18,0,1,0\" data-index-in-node=\"0\"><span class=\"citation-629\">Hampton-Topf 100 \u00d7 50 \u00d7 40 cm<\/span><\/b><span class=\"citation-629\"> \u2013 wi\u0119kszy wariant, idealny jako centralny punkt kompozycji lub element dziel\u0105cy przestrze\u0144<\/span><\/span><span data-path-to-node=\"18,0,1,2\">.<\/span><\/p>\n<\/li>\n<li>\n<p data-path-to-node=\"18,1,1\"><span data-path-to-node=\"18,1,1,0\"><b data-path-to-node=\"18,1,1,0\" data-index-in-node=\"0\"><span class=\"citation-628\">Kolor Brown<\/span><\/b><span class=\"citation-628\"> \u2013 klasyczny, ciep\u0142y odcie\u0144 drewna (inne kolory: Dark Grey, Green dost\u0119pne w ofercie)<\/span><\/span><span data-path-to-node=\"18,1,1,2\">.<\/span><\/p>\n<\/li>\n<li>\n<p data-path-to-node=\"18,2,1\"><span data-path-to-node=\"18,2,1,0\"><b data-path-to-node=\"18,2,1,0\" data-index-in-node=\"0\"><span class=\"citation-627\">Zastosowanie<\/span><\/b><span class=\"citation-627\"> \u2013 donica mo\u017ce pe\u0142ni\u0107 funkcj\u0119 niskiego parawanu lub \u201ezielonej \u015bciany\u201d<\/span><\/span><span data-path-to-node=\"18,2,1,2\">.<\/span><\/p>\n<div class=\"source-inline-chip-container ng-star-inserted\"><\/div>\n<\/li>\n<\/ul>\n<p data-path-to-node=\"19\"><span data-path-to-node=\"19,1\"><span class=\"citation-626\">Drewno u\u017cyte do produkcji posiada <\/span><b data-path-to-node=\"19,1\" data-index-in-node=\"34\"><span class=\"citation-626\">certyfikat FSC\u00ae<\/span><\/b><span class=\"citation-626\">, co potwierdza odpowiedzialne pochodzenie surowca<\/span><\/span><span data-path-to-node=\"19,3\">.<\/span><\/p>\n<div class=\"source-inline-chip-container ng-star-inserted\"><\/div>\n<p data-path-to-node=\"20\">\n<p data-path-to-node=\"21\"><span data-path-to-node=\"21,0\"><b data-path-to-node=\"21,0\" data-index-in-node=\"0\"><span class=\"citation-625\">Co to oznacza w praktyce?<\/span><\/b> <\/span><\/p>\n<div class=\"source-inline-chip-container ng-star-inserted\"><\/div>\n<ul data-path-to-node=\"22\">\n<li>\n<p data-path-to-node=\"22,0,1\"><span data-path-to-node=\"22,0,1,0\"><b data-path-to-node=\"22,0,1,0\" data-index-in-node=\"0\"><span class=\"citation-624\">Gwarancja pochodzenia:<\/span><\/b><span class=\"citation-624\"> Masz pewno\u015b\u0107, \u017ce surowiec pochodzi z las\u00f3w zarz\u0105dzanych w spos\u00f3b zr\u00f3wnowa\u017cony<\/span><\/span><span data-path-to-node=\"22,0,1,2\">.<\/span><\/p>\n<\/li>\n<li>\n<p data-path-to-node=\"22,1,1\"><span data-path-to-node=\"22,1,1,0\"><b data-path-to-node=\"22,1,1,0\" data-index-in-node=\"0\"><span class=\"citation-623\">Ochrona przyrody:<\/span><\/b><span class=\"citation-623\"> Gospodarka le\u015bna prowadzona zgodnie z tymi standardami dba o odnawianie zasob\u00f3w le\u015bnych<\/span><\/span><span data-path-to-node=\"22,1,1,2\">.<\/span><\/p>\n<\/li>\n<li>\n<p data-path-to-node=\"22,2,1\"><span data-path-to-node=\"22,2,1,0\"><b data-path-to-node=\"22,2,1,0\" data-index-in-node=\"0\"><span class=\"citation-622\">Wsparcie etyki:<\/span><\/b><span class=\"citation-622\"> Certyfikat potwierdza, \u017ce drewno pochodzi z legalnych \u017ar\u00f3de\u0142<\/span><\/span><span data-path-to-node=\"22,2,1,2\">.<\/span><\/p>\n<div class=\"source-inline-chip-container ng-star-inserted\"><\/div>\n<\/li>\n<\/ul>\n<p data-path-to-node=\"24\"><span data-path-to-node=\"24,1\"><span class=\"citation-621\">Dlaczego warto wybra\u0107 donice Hampton? <\/span><\/span><\/p>\n<div class=\"source-inline-chip-container ng-star-inserted\"><\/div>\n<ul data-path-to-node=\"25\">\n<li>\n<p data-path-to-node=\"25,0,0\"><span data-path-to-node=\"25,0,0,1\"><span class=\"citation-620\">Tworzysz realn\u0105 stref\u0119 relaksu i estetyczny ogr\u00f3d kontenerowy <\/span><\/span><\/p>\n<\/li>\n<li>\n<p data-path-to-node=\"25,1,0\"><span data-path-to-node=\"25,1,0,1\"><span class=\"citation-619\">Inwestujesz w trwa\u0142o\u015b\u0107 \u2013 lite drewno zamiast nietrwa\u0142ych, sezonowych rozwi\u0105za\u0144 <\/span><\/span><\/p>\n<\/li>\n<li>\n<p data-path-to-node=\"25,2,0\"><span data-path-to-node=\"25,2,0,1\"><span class=\"citation-618\">Zyskujesz element, kt\u00f3ry \u015bwietnie prezentuje si\u0119 solo lub w linii kilku donic <\/span><\/span><\/p>\n<\/li>\n<li>\n<p data-path-to-node=\"25,3,0\"><span data-path-to-node=\"25,3,0,1\"><span class=\"citation-617\">Wybierasz naturalny materia\u0142, kt\u00f3ry dobrze si\u0119 starzeje i harmonizuje z natur\u0105 <\/span><\/span><\/p>\n<div class=\"source-inline-chip-container ng-star-inserted\"><\/div>\n<\/li>\n<\/ul>\n<div class=\"source-inline-chip-container ng-star-inserted\"><\/div>\n<p data-path-to-node=\"27\"><span data-path-to-node=\"27,1\"><span class=\"citation-616\"><strong>Dane techniczne<\/strong> <\/span><\/span><\/p>\n<ul data-path-to-node=\"28\">\n<li>\n<p data-path-to-node=\"28,0,1\"><span data-path-to-node=\"28,0,1,0\"><b data-path-to-node=\"28,0,1,0\" data-index-in-node=\"0\"><span class=\"citation-615\">Material:<\/span><\/b><span class=\"citation-615\"> lite drewno sosnowe (certyfikat FSC\u00ae) <\/span><\/span><\/p>\n<\/li>\n<li>\n<p data-path-to-node=\"28,1,1\"><span data-path-to-node=\"28,1,1,0\"><b data-path-to-node=\"28,1,1,0\" data-index-in-node=\"0\"><span class=\"citation-614\">Zabezpieczenie:<\/span><\/b><span class=\"citation-614\"> impregnacja ochronna odporna na warunki atmosferyczne <\/span><\/span><\/p>\n<\/li>\n<li>\n<p data-path-to-node=\"28,2,1\"><span data-path-to-node=\"28,2,1,0\"><b data-path-to-node=\"28,2,1,0\" data-index-in-node=\"0\"><span class=\"citation-613\">Abmessungen:<\/span><\/b><span class=\"citation-613\"> 100 \u00d7 50 \u00d7 40 cm <\/span><\/span><\/p>\n<\/li>\n<li>\n<p data-path-to-node=\"28,3,1\"><span data-path-to-node=\"28,3,1,0\"><b data-path-to-node=\"28,3,1,0\" data-index-in-node=\"0\"><span class=\"citation-612\">Farbe:<\/span><\/b><span class=\"citation-612\"> Brown (br\u0105zowy) <\/span><\/span><\/p>\n<\/li>\n<li>\n<p data-path-to-node=\"28,4,1\"><span data-path-to-node=\"28,4,1,0\"><b data-path-to-node=\"28,4,1,0\" data-index-in-node=\"0\"><span class=\"citation-611\">Anwendung:<\/span><\/b><span class=\"citation-611\"> ogrody, tarasy, balkony, \u015bcie\u017cki <\/span><\/span><\/p>\n<\/li>\n<li>\n<p id=\"p-rc_525a18d53de81b49-408\" data-path-to-node=\"28,5,1\"><span data-path-to-node=\"28,5,1,0\"><b data-path-to-node=\"28,5,1,0\" data-index-in-node=\"0\"><span class=\"citation-610\">Gwarancja:<\/span><\/b><span class=\"citation-610\"> 24 miesi\u0105ce<\/span><\/span><\/p>\n<\/li>\n<\/ul>","protected":false},"excerpt":{"rendered":"<p>Kolekcja donic drewnianych Hampton \u2013 Tw\u00f3j ogr\u00f3d w pe\u0142nej harmonii Wyobra\u017a sobie przestrze\u0144, kt\u00f3ra zmienia si\u0119 razem z Twoimi potrzebami. Miejsce, gdzie ziele\u0144 jest uporz\u0105dkowana, a ka\u017cda ro\u015blina ma swoj\u0105 godn\u0105 opraw\u0119. Problem w tym, \u017ce wi\u0119kszo\u015b\u0107 ogrod\u00f3w i taras\u00f3w nie daje prawdziwego komfortu \u2013 s\u0105 przypadkowe i nie tworz\u0105 miejsca, do kt\u00f3rego chce si\u0119 [&hellip;]<\/p>\n","protected":false},"featured_media":3837,"template":"","meta":{"_acf_changed":false},"product_brand":[],"product_cat":[75],"product_tag":[81],"class_list":{"0":"post-1553","1":"product","2":"type-product","3":"status-publish","4":"has-post-thumbnail","6":"product_cat-donice-i-warzywniki","7":"product_tag-ukryty-na-stronie-glownej","8":"product_shipping_class-podstawowa","10":"first","11":"instock","12":"taxable","13":"shipping-taxable","14":"purchasable","15":"product-type-simple","16":"add-to-wishlist-after_add_to_cart"},"acf":[],"yoast_head":"<!-- This site is optimized with the Yoast SEO plugin v26.6 - https:\/\/yoast.com\/wordpress\/plugins\/seo\/ -->\n<title>Donica du\u017ca 100x50 cm Hampton br\u0105zowa prostok\u0105tna - Siesta Garden<\/title>\n<meta name=\"robots\" content=\"index, follow, max-snippet:-1, max-image-preview:large, max-video-preview:-1\" \/>\n<link rel=\"canonical\" href=\"https:\/\/www.siestagarden.com\/de\/produkt\/donica-hampton-duza-2\/\" \/>\n<meta property=\"og:locale\" content=\"de_DE\" \/>\n<meta property=\"og:type\" content=\"article\" \/>\n<meta property=\"og:title\" content=\"Donica du\u017ca 100x50 cm Hampton br\u0105zowa prostok\u0105tna - Siesta Garden\" \/>\n<meta property=\"og:description\" content=\"Kolekcja donic drewnianych Hampton \u2013 Tw\u00f3j ogr\u00f3d w pe\u0142nej harmonii Wyobra\u017a sobie przestrze\u0144, kt\u00f3ra zmienia si\u0119 razem z Twoimi potrzebami. Miejsce, gdzie ziele\u0144 jest uporz\u0105dkowana, a ka\u017cda ro\u015blina ma swoj\u0105 godn\u0105 opraw\u0119. Problem w tym, \u017ce wi\u0119kszo\u015b\u0107 ogrod\u00f3w i taras\u00f3w nie daje prawdziwego komfortu \u2013 s\u0105 przypadkowe i nie tworz\u0105 miejsca, do kt\u00f3rego chce si\u0119 [&hellip;]\" \/>\n<meta property=\"og:url\" content=\"https:\/\/www.siestagarden.com\/de\/produkt\/donica-hampton-duza-2\/\" \/>\n<meta property=\"og:site_name\" content=\"Siesta Garden\" \/>\n<meta property=\"article:modified_time\" content=\"2026-04-21T07:34:33+00:00\" \/>\n<meta property=\"og:image\" content=\"https:\/\/www.siestagarden.com\/wp-content\/uploads\/2025\/03\/Gemini_Generated_Image_b4jso1b4jso1b4js-e1769510836904.png\" \/>\n\t<meta property=\"og:image:width\" content=\"800\" \/>\n\t<meta property=\"og:image:height\" content=\"736\" \/>\n\t<meta property=\"og:image:type\" content=\"image\/png\" \/>\n<meta name=\"twitter:card\" content=\"summary_large_image\" \/>\n<meta name=\"twitter:label1\" content=\"Gesch\u00e4tzte Lesezeit\" \/>\n\t<meta name=\"twitter:data1\" content=\"3\u00a0Minuten\" \/>\n<script type=\"application\/ld+json\" class=\"yoast-schema-graph\">{\"@context\":\"https:\/\/schema.org\",\"@graph\":[{\"@type\":\"WebPage\",\"@id\":\"https:\/\/www.siestagarden.com\/produkt\/donica-hampton-duza-2\/\",\"url\":\"https:\/\/www.siestagarden.com\/produkt\/donica-hampton-duza-2\/\",\"name\":\"Donica du\u017ca 100x50 cm Hampton br\u0105zowa prostok\u0105tna - Siesta Garden\",\"isPartOf\":{\"@id\":\"https:\/\/www.siestagarden.com\/#website\"},\"primaryImageOfPage\":{\"@id\":\"https:\/\/www.siestagarden.com\/produkt\/donica-hampton-duza-2\/#primaryimage\"},\"image\":{\"@id\":\"https:\/\/www.siestagarden.com\/produkt\/donica-hampton-duza-2\/#primaryimage\"},\"thumbnailUrl\":\"https:\/\/www.siestagarden.com\/wp-content\/uploads\/2025\/03\/Gemini_Generated_Image_b4jso1b4jso1b4js-e1769510836904.png\",\"datePublished\":\"2025-03-12T11:05:50+00:00\",\"dateModified\":\"2026-04-21T07:34:33+00:00\",\"breadcrumb\":{\"@id\":\"https:\/\/www.siestagarden.com\/produkt\/donica-hampton-duza-2\/#breadcrumb\"},\"inLanguage\":\"de\",\"potentialAction\":[{\"@type\":\"ReadAction\",\"target\":[\"https:\/\/www.siestagarden.com\/produkt\/donica-hampton-duza-2\/\"]}]},{\"@type\":\"ImageObject\",\"inLanguage\":\"de\",\"@id\":\"https:\/\/www.siestagarden.com\/produkt\/donica-hampton-duza-2\/#primaryimage\",\"url\":\"https:\/\/www.siestagarden.com\/wp-content\/uploads\/2025\/03\/Gemini_Generated_Image_b4jso1b4jso1b4js-e1769510836904.png\",\"contentUrl\":\"https:\/\/www.siestagarden.com\/wp-content\/uploads\/2025\/03\/Gemini_Generated_Image_b4jso1b4jso1b4js-e1769510836904.png\",\"width\":1022,\"height\":940},{\"@type\":\"BreadcrumbList\",\"@id\":\"https:\/\/www.siestagarden.com\/produkt\/donica-hampton-duza-2\/#breadcrumb\",\"itemListElement\":[{\"@type\":\"ListItem\",\"position\":1,\"name\":\"Strona g\u0142\u00f3wna\",\"item\":\"https:\/\/www.siestagarden.com\/\"},{\"@type\":\"ListItem\",\"position\":2,\"name\":\"Sklep\",\"item\":\"https:\/\/www.siestagarden.com\/sklep\/\"},{\"@type\":\"ListItem\",\"position\":3,\"name\":\"Donica du\u017ca 100&#215;50 cm Hampton br\u0105zowa prostok\u0105tna\"}]},{\"@type\":\"WebSite\",\"@id\":\"https:\/\/www.siestagarden.com\/#website\",\"url\":\"https:\/\/www.siestagarden.com\/\",\"name\":\"Siesta Garden\",\"description\":\"Meble do Twojego ogrodu. Polski producent drewnianych mebli najwy\u017cszej jako\u015bci.\",\"potentialAction\":[{\"@type\":\"SearchAction\",\"target\":{\"@type\":\"EntryPoint\",\"urlTemplate\":\"https:\/\/www.siestagarden.com\/?s={search_term_string}\"},\"query-input\":{\"@type\":\"PropertyValueSpecification\",\"valueRequired\":true,\"valueName\":\"search_term_string\"}}],\"inLanguage\":\"de\"}]}<\/script>\n<!-- \/ Yoast SEO plugin. -->","yoast_head_json":{"title":"Donica du\u017ca 100x50 cm Hampton br\u0105zowa prostok\u0105tna - Siesta Garden","robots":{"index":"index","follow":"follow","max-snippet":"max-snippet:-1","max-image-preview":"max-image-preview:large","max-video-preview":"max-video-preview:-1"},"canonical":"https:\/\/www.siestagarden.com\/de\/produkt\/donica-hampton-duza-2\/","og_locale":"de_DE","og_type":"article","og_title":"Donica du\u017ca 100x50 cm Hampton br\u0105zowa prostok\u0105tna - Siesta Garden","og_description":"Kolekcja donic drewnianych Hampton \u2013 Tw\u00f3j ogr\u00f3d w pe\u0142nej harmonii Wyobra\u017a sobie przestrze\u0144, kt\u00f3ra zmienia si\u0119 razem z Twoimi potrzebami. Miejsce, gdzie ziele\u0144 jest uporz\u0105dkowana, a ka\u017cda ro\u015blina ma swoj\u0105 godn\u0105 opraw\u0119. Problem w tym, \u017ce wi\u0119kszo\u015b\u0107 ogrod\u00f3w i taras\u00f3w nie daje prawdziwego komfortu \u2013 s\u0105 przypadkowe i nie tworz\u0105 miejsca, do kt\u00f3rego chce si\u0119 [&hellip;]","og_url":"https:\/\/www.siestagarden.com\/de\/produkt\/donica-hampton-duza-2\/","og_site_name":"Siesta Garden","article_modified_time":"2026-04-21T07:34:33+00:00","og_image":[{"url":"https:\/\/www.siestagarden.com\/wp-content\/uploads\/2025\/03\/Gemini_Generated_Image_b4jso1b4jso1b4js-e1769510836904.png","width":800,"height":736,"type":"image\/png"}],"twitter_card":"summary_large_image","twitter_misc":{"Gesch\u00e4tzte Lesezeit":"3\u00a0Minuten"},"schema":{"@context":"https:\/\/schema.org","@graph":[{"@type":"WebPage","@id":"https:\/\/www.siestagarden.com\/produkt\/donica-hampton-duza-2\/","url":"https:\/\/www.siestagarden.com\/produkt\/donica-hampton-duza-2\/","name":"Donica du\u017ca 100x50 cm Hampton br\u0105zowa prostok\u0105tna - Siesta Garden","isPartOf":{"@id":"https:\/\/www.siestagarden.com\/#website"},"primaryImageOfPage":{"@id":"https:\/\/www.siestagarden.com\/produkt\/donica-hampton-duza-2\/#primaryimage"},"image":{"@id":"https:\/\/www.siestagarden.com\/produkt\/donica-hampton-duza-2\/#primaryimage"},"thumbnailUrl":"https:\/\/www.siestagarden.com\/wp-content\/uploads\/2025\/03\/Gemini_Generated_Image_b4jso1b4jso1b4js-e1769510836904.png","datePublished":"2025-03-12T11:05:50+00:00","dateModified":"2026-04-21T07:34:33+00:00","breadcrumb":{"@id":"https:\/\/www.siestagarden.com\/produkt\/donica-hampton-duza-2\/#breadcrumb"},"inLanguage":"de","potentialAction":[{"@type":"ReadAction","target":["https:\/\/www.siestagarden.com\/produkt\/donica-hampton-duza-2\/"]}]},{"@type":"ImageObject","inLanguage":"de","@id":"https:\/\/www.siestagarden.com\/produkt\/donica-hampton-duza-2\/#primaryimage","url":"https:\/\/www.siestagarden.com\/wp-content\/uploads\/2025\/03\/Gemini_Generated_Image_b4jso1b4jso1b4js-e1769510836904.png","contentUrl":"https:\/\/www.siestagarden.com\/wp-content\/uploads\/2025\/03\/Gemini_Generated_Image_b4jso1b4jso1b4js-e1769510836904.png","width":1022,"height":940},{"@type":"BreadcrumbList","@id":"https:\/\/www.siestagarden.com\/produkt\/donica-hampton-duza-2\/#breadcrumb","itemListElement":[{"@type":"ListItem","position":1,"name":"Strona g\u0142\u00f3wna","item":"https:\/\/www.siestagarden.com\/"},{"@type":"ListItem","position":2,"name":"Sklep","item":"https:\/\/www.siestagarden.com\/sklep\/"},{"@type":"ListItem","position":3,"name":"Donica du\u017ca 100&#215;50 cm Hampton br\u0105zowa prostok\u0105tna"}]},{"@type":"WebSite","@id":"https:\/\/www.siestagarden.com\/#website","url":"https:\/\/www.siestagarden.com\/","name":"Siesta Garten","description":"M\u00f6bel f\u00fcr Ihren Garten. Polnischen Hersteller von Holzm\u00f6beln von h\u00f6chster Qualit\u00e4t.","potentialAction":[{"@type":"SearchAction","target":{"@type":"EntryPoint","urlTemplate":"https:\/\/www.siestagarden.com\/?s={search_term_string}"},"query-input":{"@type":"PropertyValueSpecification","valueRequired":true,"valueName":"search_term_string"}}],"inLanguage":"de"}]}},"_links":{"self":[{"href":"https:\/\/www.siestagarden.com\/de\/wp-json\/wp\/v2\/product\/1553","targetHints":{"allow":["GET"]}}],"collection":[{"href":"https:\/\/www.siestagarden.com\/de\/wp-json\/wp\/v2\/product"}],"about":[{"href":"https:\/\/www.siestagarden.com\/de\/wp-json\/wp\/v2\/types\/product"}],"wp:featuredmedia":[{"embeddable":true,"href":"https:\/\/www.siestagarden.com\/de\/wp-json\/wp\/v2\/media\/3837"}],"wp:attachment":[{"href":"https:\/\/www.siestagarden.com\/de\/wp-json\/wp\/v2\/media?parent=1553"}],"wp:term":[{"taxonomy":"product_brand","embeddable":true,"href":"https:\/\/www.siestagarden.com\/de\/wp-json\/wp\/v2\/product_brand?post=1553"},{"taxonomy":"product_cat","embeddable":true,"href":"https:\/\/www.siestagarden.com\/de\/wp-json\/wp\/v2\/product_cat?post=1553"},{"taxonomy":"product_tag","embeddable":true,"href":"https:\/\/www.siestagarden.com\/de\/wp-json\/wp\/v2\/product_tag?post=1553"}],"curies":[{"name":"wp","href":"https:\/\/api.w.org\/{rel}","templated":true}]}}