{"id":1590,"date":"2025-03-12T12:06:05","date_gmt":"2025-03-12T11:06:05","guid":{"rendered":"https:\/\/www.siestagarden.com\/?post_type=product&#038;p=1590"},"modified":"2026-02-06T12:02:44","modified_gmt":"2026-02-06T11:02:44","slug":"polka-paletowa-80-cm-white-wash","status":"publish","type":"product","link":"https:\/\/www.siestagarden.com\/de\/produkt\/polka-paletowa-80-cm-white-wash\/","title":{"rendered":"Wandregal - Palettenoptik mit Wandbefestigung 80cm"},"content":{"rendered":"<p><b>Wandregal mit verdecktem Befestigungssystem - FSC\u00ae-zertifiziertes Naturholz Mix, Loft-Skandinavien-Stil<\/b><\/p>\n<p>Bringen Sie W\u00e4rme und einzigartigen Charakter in Ihr Interieur mit unserem Wandregal mit unsichtbarem Befestigungssystem. Es ist aus FSC\u00ae Mix-zertifiziertem Holz gefertigt und besticht durch seine schlichte Form und die zarten, rustikalen Details. Es findet seinen perfekten Platz sowohl in modernen, loftartigen R\u00e4umen als auch in klassischen Arrangements.<\/p>\n<p class=\"\" data-start=\"451\" data-end=\"466\"><strong>Produktmerkmale:<\/strong><\/p>\n<ul>\n<li data-start=\"451\" data-end=\"466\"><strong>Unsichtbares Befestigungssystem<\/strong> - Durch das Fehlen sichtbarer St\u00fctzen entsteht der Effekt eines \"schwebenden\" Regals.<\/li>\n<li data-start=\"451\" data-end=\"466\"><strong> FSC\u00ae-zertifiziertes Naturholz Mix<\/strong> - best\u00e4tigt, dass das verwendete Holz aus verantwortungsvoll bewirtschafteten W\u00e4ldern stammt und eine nachhaltige Entwicklung unterst\u00fctzt.<\/li>\n<li data-start=\"451\" data-end=\"466\"><strong> Universelles Design<\/strong> - passt perfekt zu skandinavischen, rustikalen, loftartigen oder modernen Interieurs und schafft eine gem\u00fctliche Ausstrahlung.<\/li>\n<li data-start=\"451\" data-end=\"466\"><strong> Funktionsweise<\/strong> - ideal f\u00fcr die Pr\u00e4sentation von Dekorationen, Fotos, B\u00fcchern oder kleinen Alltagsgegenst\u00e4nden.<\/li>\n<li data-start=\"451\" data-end=\"466\"><strong> Einfache Installation<\/strong> - Der Bausatz enth\u00e4lt alle erforderlichen Komponenten und Anleitungen, so dass die Installation des Regals schnell und einfach ist.<\/li>\n<\/ul>\n<p>&nbsp;<\/p>\n<p><b>Technische Daten:<\/b><\/p>\n<ul>\n<li>\n<ul>\n<li><b>Abmessungen:<\/b> 800x235x46mm<\/li>\n<li><b>Material:<\/b> FSC\u00ae-zertifizierte Naturkiefer Mix<\/li>\n<li><b>Farbe: <\/b>Wei\u00dfw\u00e4sche<\/li>\n<li><b>Maximale Belastung:<\/b> 15 kg f\u00fcr Betonw\u00e4nde, 5 kg f\u00fcr Gipskartonw\u00e4nde<\/li>\n<li><b>Bausatz:<\/b> Eine verdeckte Wandhalterung ohne Befestigungsstifte ist im Lieferumfang enthalten, <b>D\u00fcbel m\u00fcssen separat erworben werden<\/b><\/li>\n<\/ul>\n<\/li>\n<\/ul>\n<p>&nbsp;<\/p>","protected":false},"excerpt":{"rendered":"<p>P\u00f3\u0142ka \u015bcienna z ukrytym systemem mocowania \u2013 naturalne drewno z certyfikatem FSC\u00ae Mix, styl loftowo-skandynawski Wprowad\u017a do wn\u0119trza ciep\u0142o i unikalny charakter dzi\u0119ki naszej p\u00f3\u0142ce na \u015bcian\u0119 z niewidocznym systemem mocowania. Wykonana z certyfikowanego drewna FSC\u00ae Mix, zachwyca prostot\u0105 formy oraz delikatnymi, rustykalnymi detalami. Doskonale odnajdzie si\u0119 zar\u00f3wno w nowoczesnych, loftowych przestrzeniach, jak i w [&hellip;]<\/p>\n","protected":false},"featured_media":3853,"template":"","meta":{"_acf_changed":false},"product_brand":[],"product_cat":[105,74],"product_tag":[81],"class_list":{"0":"post-1590","1":"product","2":"type-product","3":"status-publish","4":"has-post-thumbnail","6":"product_cat-polki","7":"product_cat-przechowywanie","8":"product_tag-ukryty-na-stronie-glownej","9":"product_shipping_class-podstawowa","11":"first","12":"instock","13":"taxable","14":"shipping-taxable","15":"purchasable","16":"product-type-simple","17":"add-to-wishlist-after_add_to_cart"},"acf":[],"yoast_head":"<!-- This site is optimized with the Yoast SEO plugin v26.6 - https:\/\/yoast.com\/wordpress\/plugins\/seo\/ -->\n<title>P\u00f3\u0142ka \u015bcienna, wisz\u0105ca, paletowa z ukrytym monta\u017cem 80 cm White Wash - Siesta Garden<\/title>\n<meta name=\"robots\" content=\"index, follow, max-snippet:-1, max-image-preview:large, max-video-preview:-1\" \/>\n<link rel=\"canonical\" href=\"https:\/\/www.siestagarden.com\/de\/produkt\/polka-paletowa-80-cm-white-wash\/\" \/>\n<meta property=\"og:locale\" content=\"de_DE\" \/>\n<meta property=\"og:type\" content=\"article\" \/>\n<meta property=\"og:title\" content=\"P\u00f3\u0142ka \u015bcienna, wisz\u0105ca, paletowa z ukrytym monta\u017cem 80 cm White Wash - Siesta Garden\" \/>\n<meta property=\"og:description\" content=\"P\u00f3\u0142ka \u015bcienna z ukrytym systemem mocowania \u2013 naturalne drewno z certyfikatem FSC\u00ae Mix, styl loftowo-skandynawski Wprowad\u017a do wn\u0119trza ciep\u0142o i unikalny charakter dzi\u0119ki naszej p\u00f3\u0142ce na \u015bcian\u0119 z niewidocznym systemem mocowania. Wykonana z certyfikowanego drewna FSC\u00ae Mix, zachwyca prostot\u0105 formy oraz delikatnymi, rustykalnymi detalami. Doskonale odnajdzie si\u0119 zar\u00f3wno w nowoczesnych, loftowych przestrzeniach, jak i w [&hellip;]\" \/>\n<meta property=\"og:url\" content=\"https:\/\/www.siestagarden.com\/de\/produkt\/polka-paletowa-80-cm-white-wash\/\" \/>\n<meta property=\"og:site_name\" content=\"Siesta Garden\" \/>\n<meta property=\"article:modified_time\" content=\"2026-02-06T11:02:44+00:00\" \/>\n<meta property=\"og:image\" content=\"https:\/\/www.siestagarden.com\/wp-content\/uploads\/2025\/03\/Gemini_Generated_Image_njk9bjnjk9bjnjk9-e1769515266131-1024x746.png\" \/>\n\t<meta property=\"og:image:width\" content=\"1024\" \/>\n\t<meta property=\"og:image:height\" content=\"746\" \/>\n\t<meta property=\"og:image:type\" content=\"image\/png\" \/>\n<meta name=\"twitter:card\" content=\"summary_large_image\" \/>\n<meta name=\"twitter:label1\" content=\"Gesch\u00e4tzte Lesezeit\" \/>\n\t<meta name=\"twitter:data1\" content=\"2\u00a0Minuten\" \/>\n<script type=\"application\/ld+json\" class=\"yoast-schema-graph\">{\"@context\":\"https:\/\/schema.org\",\"@graph\":[{\"@type\":\"WebPage\",\"@id\":\"https:\/\/www.siestagarden.com\/produkt\/polka-paletowa-80-cm-white-wash\/\",\"url\":\"https:\/\/www.siestagarden.com\/produkt\/polka-paletowa-80-cm-white-wash\/\",\"name\":\"P\u00f3\u0142ka \u015bcienna, wisz\u0105ca, paletowa z ukrytym monta\u017cem 80 cm White Wash - Siesta Garden\",\"isPartOf\":{\"@id\":\"https:\/\/www.siestagarden.com\/#website\"},\"primaryImageOfPage\":{\"@id\":\"https:\/\/www.siestagarden.com\/produkt\/polka-paletowa-80-cm-white-wash\/#primaryimage\"},\"image\":{\"@id\":\"https:\/\/www.siestagarden.com\/produkt\/polka-paletowa-80-cm-white-wash\/#primaryimage\"},\"thumbnailUrl\":\"https:\/\/www.siestagarden.com\/wp-content\/uploads\/2025\/03\/Gemini_Generated_Image_njk9bjnjk9bjnjk9-e1769515266131.png\",\"datePublished\":\"2025-03-12T11:06:05+00:00\",\"dateModified\":\"2026-02-06T11:02:44+00:00\",\"breadcrumb\":{\"@id\":\"https:\/\/www.siestagarden.com\/produkt\/polka-paletowa-80-cm-white-wash\/#breadcrumb\"},\"inLanguage\":\"de\",\"potentialAction\":[{\"@type\":\"ReadAction\",\"target\":[\"https:\/\/www.siestagarden.com\/produkt\/polka-paletowa-80-cm-white-wash\/\"]}]},{\"@type\":\"ImageObject\",\"inLanguage\":\"de\",\"@id\":\"https:\/\/www.siestagarden.com\/produkt\/polka-paletowa-80-cm-white-wash\/#primaryimage\",\"url\":\"https:\/\/www.siestagarden.com\/wp-content\/uploads\/2025\/03\/Gemini_Generated_Image_njk9bjnjk9bjnjk9-e1769515266131.png\",\"contentUrl\":\"https:\/\/www.siestagarden.com\/wp-content\/uploads\/2025\/03\/Gemini_Generated_Image_njk9bjnjk9bjnjk9-e1769515266131.png\",\"width\":1142,\"height\":832},{\"@type\":\"BreadcrumbList\",\"@id\":\"https:\/\/www.siestagarden.com\/produkt\/polka-paletowa-80-cm-white-wash\/#breadcrumb\",\"itemListElement\":[{\"@type\":\"ListItem\",\"position\":1,\"name\":\"Strona g\u0142\u00f3wna\",\"item\":\"https:\/\/www.siestagarden.com\/\"},{\"@type\":\"ListItem\",\"position\":2,\"name\":\"Sklep\",\"item\":\"https:\/\/www.siestagarden.com\/sklep\/\"},{\"@type\":\"ListItem\",\"position\":3,\"name\":\"P\u00f3\u0142ka \u015bcienna, wisz\u0105ca, paletowa z ukrytym monta\u017cem 80 cm White Wash\"}]},{\"@type\":\"WebSite\",\"@id\":\"https:\/\/www.siestagarden.com\/#website\",\"url\":\"https:\/\/www.siestagarden.com\/\",\"name\":\"Siesta Garden\",\"description\":\"Meble do Twojego ogrodu. Polski producent drewnianych mebli najwy\u017cszej jako\u015bci.\",\"potentialAction\":[{\"@type\":\"SearchAction\",\"target\":{\"@type\":\"EntryPoint\",\"urlTemplate\":\"https:\/\/www.siestagarden.com\/?s={search_term_string}\"},\"query-input\":{\"@type\":\"PropertyValueSpecification\",\"valueRequired\":true,\"valueName\":\"search_term_string\"}}],\"inLanguage\":\"de\"}]}<\/script>\n<!-- \/ Yoast SEO plugin. -->","yoast_head_json":{"title":"P\u00f3\u0142ka \u015bcienna, wisz\u0105ca, paletowa z ukrytym monta\u017cem 80 cm White Wash - Siesta Garden","robots":{"index":"index","follow":"follow","max-snippet":"max-snippet:-1","max-image-preview":"max-image-preview:large","max-video-preview":"max-video-preview:-1"},"canonical":"https:\/\/www.siestagarden.com\/de\/produkt\/polka-paletowa-80-cm-white-wash\/","og_locale":"de_DE","og_type":"article","og_title":"P\u00f3\u0142ka \u015bcienna, wisz\u0105ca, paletowa z ukrytym monta\u017cem 80 cm White Wash - Siesta Garden","og_description":"P\u00f3\u0142ka \u015bcienna z ukrytym systemem mocowania \u2013 naturalne drewno z certyfikatem FSC\u00ae Mix, styl loftowo-skandynawski Wprowad\u017a do wn\u0119trza ciep\u0142o i unikalny charakter dzi\u0119ki naszej p\u00f3\u0142ce na \u015bcian\u0119 z niewidocznym systemem mocowania. Wykonana z certyfikowanego drewna FSC\u00ae Mix, zachwyca prostot\u0105 formy oraz delikatnymi, rustykalnymi detalami. Doskonale odnajdzie si\u0119 zar\u00f3wno w nowoczesnych, loftowych przestrzeniach, jak i w [&hellip;]","og_url":"https:\/\/www.siestagarden.com\/de\/produkt\/polka-paletowa-80-cm-white-wash\/","og_site_name":"Siesta Garden","article_modified_time":"2026-02-06T11:02:44+00:00","og_image":[{"width":1024,"height":746,"url":"https:\/\/www.siestagarden.com\/wp-content\/uploads\/2025\/03\/Gemini_Generated_Image_njk9bjnjk9bjnjk9-e1769515266131-1024x746.png","type":"image\/png"}],"twitter_card":"summary_large_image","twitter_misc":{"Gesch\u00e4tzte Lesezeit":"2\u00a0Minuten"},"schema":{"@context":"https:\/\/schema.org","@graph":[{"@type":"WebPage","@id":"https:\/\/www.siestagarden.com\/produkt\/polka-paletowa-80-cm-white-wash\/","url":"https:\/\/www.siestagarden.com\/produkt\/polka-paletowa-80-cm-white-wash\/","name":"P\u00f3\u0142ka \u015bcienna, wisz\u0105ca, paletowa z ukrytym monta\u017cem 80 cm White Wash - Siesta Garden","isPartOf":{"@id":"https:\/\/www.siestagarden.com\/#website"},"primaryImageOfPage":{"@id":"https:\/\/www.siestagarden.com\/produkt\/polka-paletowa-80-cm-white-wash\/#primaryimage"},"image":{"@id":"https:\/\/www.siestagarden.com\/produkt\/polka-paletowa-80-cm-white-wash\/#primaryimage"},"thumbnailUrl":"https:\/\/www.siestagarden.com\/wp-content\/uploads\/2025\/03\/Gemini_Generated_Image_njk9bjnjk9bjnjk9-e1769515266131.png","datePublished":"2025-03-12T11:06:05+00:00","dateModified":"2026-02-06T11:02:44+00:00","breadcrumb":{"@id":"https:\/\/www.siestagarden.com\/produkt\/polka-paletowa-80-cm-white-wash\/#breadcrumb"},"inLanguage":"de","potentialAction":[{"@type":"ReadAction","target":["https:\/\/www.siestagarden.com\/produkt\/polka-paletowa-80-cm-white-wash\/"]}]},{"@type":"ImageObject","inLanguage":"de","@id":"https:\/\/www.siestagarden.com\/produkt\/polka-paletowa-80-cm-white-wash\/#primaryimage","url":"https:\/\/www.siestagarden.com\/wp-content\/uploads\/2025\/03\/Gemini_Generated_Image_njk9bjnjk9bjnjk9-e1769515266131.png","contentUrl":"https:\/\/www.siestagarden.com\/wp-content\/uploads\/2025\/03\/Gemini_Generated_Image_njk9bjnjk9bjnjk9-e1769515266131.png","width":1142,"height":832},{"@type":"BreadcrumbList","@id":"https:\/\/www.siestagarden.com\/produkt\/polka-paletowa-80-cm-white-wash\/#breadcrumb","itemListElement":[{"@type":"ListItem","position":1,"name":"Strona g\u0142\u00f3wna","item":"https:\/\/www.siestagarden.com\/"},{"@type":"ListItem","position":2,"name":"Sklep","item":"https:\/\/www.siestagarden.com\/sklep\/"},{"@type":"ListItem","position":3,"name":"P\u00f3\u0142ka \u015bcienna, wisz\u0105ca, paletowa z ukrytym monta\u017cem 80 cm White Wash"}]},{"@type":"WebSite","@id":"https:\/\/www.siestagarden.com\/#website","url":"https:\/\/www.siestagarden.com\/","name":"Siesta Garten","description":"M\u00f6bel f\u00fcr Ihren Garten. Polnischen Hersteller von Holzm\u00f6beln von h\u00f6chster Qualit\u00e4t.","potentialAction":[{"@type":"SearchAction","target":{"@type":"EntryPoint","urlTemplate":"https:\/\/www.siestagarden.com\/?s={search_term_string}"},"query-input":{"@type":"PropertyValueSpecification","valueRequired":true,"valueName":"search_term_string"}}],"inLanguage":"de"}]}},"_links":{"self":[{"href":"https:\/\/www.siestagarden.com\/de\/wp-json\/wp\/v2\/product\/1590","targetHints":{"allow":["GET"]}}],"collection":[{"href":"https:\/\/www.siestagarden.com\/de\/wp-json\/wp\/v2\/product"}],"about":[{"href":"https:\/\/www.siestagarden.com\/de\/wp-json\/wp\/v2\/types\/product"}],"wp:featuredmedia":[{"embeddable":true,"href":"https:\/\/www.siestagarden.com\/de\/wp-json\/wp\/v2\/media\/3853"}],"wp:attachment":[{"href":"https:\/\/www.siestagarden.com\/de\/wp-json\/wp\/v2\/media?parent=1590"}],"wp:term":[{"taxonomy":"product_brand","embeddable":true,"href":"https:\/\/www.siestagarden.com\/de\/wp-json\/wp\/v2\/product_brand?post=1590"},{"taxonomy":"product_cat","embeddable":true,"href":"https:\/\/www.siestagarden.com\/de\/wp-json\/wp\/v2\/product_cat?post=1590"},{"taxonomy":"product_tag","embeddable":true,"href":"https:\/\/www.siestagarden.com\/de\/wp-json\/wp\/v2\/product_tag?post=1590"}],"curies":[{"name":"wp","href":"https:\/\/api.w.org\/{rel}","templated":true}]}}