{"id":1964,"date":"2025-03-27T13:53:19","date_gmt":"2025-03-27T12:53:19","guid":{"rendered":"https:\/\/www.siestagarden.com\/?post_type=product&#038;p=1964"},"modified":"2026-02-09T10:23:18","modified_gmt":"2026-02-09T09:23:18","slug":"krzeslo-plazowe-patmos-turkusowe","status":"publish","type":"product","link":"https:\/\/www.siestagarden.com\/de\/produkt\/krzeslo-plazowe-patmos-turkusowe\/","title":{"rendered":"Patmos Strandkorb t\u00fcrkis"},"content":{"rendered":"<p><strong>PATMOS Strandkorb<\/strong> - leichte Form, azurblaue Atmosph\u00e4re<\/p>\n<p><strong>Strand Patmos<\/strong> ist ein Stuhl, der f\u00fcr sonnige Pl\u00e4tze in der N\u00e4he des Wassers geschaffen wurde - sei es an einer Strandpromenade, an einem Jachthafen oder in einem Hotelgarten mit Blick auf die Wellen. Inspiriert vom Surfbrett, beh\u00e4lt er eine einfache, schlanke Linie bei, die dem Arrangement eine l\u00e4ssige und leichte Note verleiht.<\/p>\n<p>Die Struktur wurde aus massivem skandinavischem Holz mit einer <strong>FSC\u00ae-zertifiziert<\/strong>und mit einer azurblauen, gl\u00e4ttenden Impr\u00e4gnierung versehen, die nicht nur vor Witterungseinfl\u00fcssen sch\u00fctzt, sondern dem Ganzen auch einen einzigartigen sommerlichen, maritimen Touch verleiht.<\/p>\n<p>Er ist die perfekte Wahl f\u00fcr alle, die M\u00f6bel suchen, die dezent in der Form, aber unverwechselbar im Ausdruck sind - ideal f\u00fcr Hafenanlagen, Strandbars, Pools und Lounge-G\u00e4rten.<\/p>\n<p>\u2714\ufe0f Schlanke Form inspiriert vom Surfen<\/p>\n<p>\u2714\ufe0f azurblaue Oberfl\u00e4che<\/p>\n<p>\u2714\ufe0f aus FSC\u00ae-Massivholz<\/p>\n<p>\u2714\ufe0f Oberfl\u00e4che gegl\u00e4ttet mit Schutzimpr\u00e4gnierung<\/p>\n<p>\u2714\ufe0f ideal f\u00fcr Str\u00e4nde, Yachth\u00e4fen, Hotels und Chillout-Bereiche<\/p>\n<p><strong>Der Strand von Patmos ist minimalistisch<\/strong>Ein charmanter, von der Urlaubszeit inspirierter Akzent, der die Blicke auf sich zieht und jedem Raum ein k\u00fcstennahes Flair verleiht.<\/p>","protected":false},"excerpt":{"rendered":"<p>PATMOS krzes\u0142o pla\u017cowe \u2013 lekka forma, lazurowy klimat Patmos pla\u017cowe to krzes\u0142o stworzone z my\u015bl\u0105 o s\u0142onecznych przestrzeniach blisko wody \u2013 czy to na nadmorskim deptaku, przy marinie, czy w ogrodzie hotelowym z widokiem na fale. Inspirowane desk\u0105 surfingow\u0105, zachowuje prost\u0105, smuk\u0142\u0105 lini\u0119, kt\u00f3ra wprowadza do aran\u017cacji luz i lekko\u015b\u0107. Konstrukcja zosta\u0142a wykonana z litego [&hellip;]<\/p>\n","protected":false},"featured_media":2395,"template":"","meta":{"_acf_changed":false},"product_brand":[],"product_cat":[16],"product_tag":[],"class_list":{"0":"post-1964","1":"product","2":"type-product","3":"status-publish","4":"has-post-thumbnail","6":"product_cat-bez-kategorii","7":"product_shipping_class-podstawowa","9":"first","10":"instock","11":"taxable","12":"shipping-taxable","13":"purchasable","14":"product-type-simple","15":"add-to-wishlist-after_add_to_cart"},"acf":[],"yoast_head":"<!-- This site is optimized with the Yoast SEO plugin v26.6 - https:\/\/yoast.com\/wordpress\/plugins\/seo\/ -->\n<title>Krzes\u0142o pla\u017cowe Patmos turkusowe - Siesta Garden<\/title>\n<meta name=\"robots\" content=\"index, follow, max-snippet:-1, max-image-preview:large, max-video-preview:-1\" \/>\n<link rel=\"canonical\" href=\"https:\/\/www.siestagarden.com\/de\/produkt\/krzeslo-plazowe-patmos-turkusowe\/\" \/>\n<meta property=\"og:locale\" content=\"de_DE\" \/>\n<meta property=\"og:type\" content=\"article\" \/>\n<meta property=\"og:title\" content=\"Krzes\u0142o pla\u017cowe Patmos turkusowe - Siesta Garden\" \/>\n<meta property=\"og:description\" content=\"PATMOS krzes\u0142o pla\u017cowe \u2013 lekka forma, lazurowy klimat Patmos pla\u017cowe to krzes\u0142o stworzone z my\u015bl\u0105 o s\u0142onecznych przestrzeniach blisko wody \u2013 czy to na nadmorskim deptaku, przy marinie, czy w ogrodzie hotelowym z widokiem na fale. Inspirowane desk\u0105 surfingow\u0105, zachowuje prost\u0105, smuk\u0142\u0105 lini\u0119, kt\u00f3ra wprowadza do aran\u017cacji luz i lekko\u015b\u0107. Konstrukcja zosta\u0142a wykonana z litego [&hellip;]\" \/>\n<meta property=\"og:url\" content=\"https:\/\/www.siestagarden.com\/de\/produkt\/krzeslo-plazowe-patmos-turkusowe\/\" \/>\n<meta property=\"og:site_name\" content=\"Siesta Garden\" \/>\n<meta property=\"article:modified_time\" content=\"2026-02-09T09:23:18+00:00\" \/>\n<meta property=\"og:image\" content=\"https:\/\/www.siestagarden.com\/wp-content\/uploads\/2025\/03\/IMG_9762-scaled-e1770628972575.jpg\" \/>\n\t<meta property=\"og:image:width\" content=\"1707\" \/>\n\t<meta property=\"og:image:height\" content=\"2560\" \/>\n\t<meta property=\"og:image:type\" content=\"image\/jpeg\" \/>\n<meta name=\"twitter:card\" content=\"summary_large_image\" \/>\n<meta name=\"twitter:label1\" content=\"Gesch\u00e4tzte Lesezeit\" \/>\n\t<meta name=\"twitter:data1\" content=\"2\u00a0Minuten\" \/>\n<script type=\"application\/ld+json\" class=\"yoast-schema-graph\">{\"@context\":\"https:\/\/schema.org\",\"@graph\":[{\"@type\":\"WebPage\",\"@id\":\"https:\/\/www.siestagarden.com\/produkt\/krzeslo-plazowe-patmos-turkusowe\/\",\"url\":\"https:\/\/www.siestagarden.com\/produkt\/krzeslo-plazowe-patmos-turkusowe\/\",\"name\":\"Krzes\u0142o pla\u017cowe Patmos turkusowe - Siesta Garden\",\"isPartOf\":{\"@id\":\"https:\/\/www.siestagarden.com\/#website\"},\"primaryImageOfPage\":{\"@id\":\"https:\/\/www.siestagarden.com\/produkt\/krzeslo-plazowe-patmos-turkusowe\/#primaryimage\"},\"image\":{\"@id\":\"https:\/\/www.siestagarden.com\/produkt\/krzeslo-plazowe-patmos-turkusowe\/#primaryimage\"},\"thumbnailUrl\":\"https:\/\/www.siestagarden.com\/wp-content\/uploads\/2025\/03\/IMG_9762-scaled-e1770628972575.jpg\",\"datePublished\":\"2025-03-27T12:53:19+00:00\",\"dateModified\":\"2026-02-09T09:23:18+00:00\",\"breadcrumb\":{\"@id\":\"https:\/\/www.siestagarden.com\/produkt\/krzeslo-plazowe-patmos-turkusowe\/#breadcrumb\"},\"inLanguage\":\"de\",\"potentialAction\":[{\"@type\":\"ReadAction\",\"target\":[\"https:\/\/www.siestagarden.com\/produkt\/krzeslo-plazowe-patmos-turkusowe\/\"]}]},{\"@type\":\"ImageObject\",\"inLanguage\":\"de\",\"@id\":\"https:\/\/www.siestagarden.com\/produkt\/krzeslo-plazowe-patmos-turkusowe\/#primaryimage\",\"url\":\"https:\/\/www.siestagarden.com\/wp-content\/uploads\/2025\/03\/IMG_9762-scaled-e1770628972575.jpg\",\"contentUrl\":\"https:\/\/www.siestagarden.com\/wp-content\/uploads\/2025\/03\/IMG_9762-scaled-e1770628972575.jpg\",\"width\":1707,\"height\":2560},{\"@type\":\"BreadcrumbList\",\"@id\":\"https:\/\/www.siestagarden.com\/produkt\/krzeslo-plazowe-patmos-turkusowe\/#breadcrumb\",\"itemListElement\":[{\"@type\":\"ListItem\",\"position\":1,\"name\":\"Strona g\u0142\u00f3wna\",\"item\":\"https:\/\/www.siestagarden.com\/\"},{\"@type\":\"ListItem\",\"position\":2,\"name\":\"Sklep\",\"item\":\"https:\/\/www.siestagarden.com\/sklep\/\"},{\"@type\":\"ListItem\",\"position\":3,\"name\":\"Krzes\u0142o pla\u017cowe Patmos turkusowe\"}]},{\"@type\":\"WebSite\",\"@id\":\"https:\/\/www.siestagarden.com\/#website\",\"url\":\"https:\/\/www.siestagarden.com\/\",\"name\":\"Siesta Garden\",\"description\":\"Meble do Twojego ogrodu. Polski producent drewnianych mebli najwy\u017cszej jako\u015bci.\",\"potentialAction\":[{\"@type\":\"SearchAction\",\"target\":{\"@type\":\"EntryPoint\",\"urlTemplate\":\"https:\/\/www.siestagarden.com\/?s={search_term_string}\"},\"query-input\":{\"@type\":\"PropertyValueSpecification\",\"valueRequired\":true,\"valueName\":\"search_term_string\"}}],\"inLanguage\":\"de\"}]}<\/script>\n<!-- \/ Yoast SEO plugin. -->","yoast_head_json":{"title":"Krzes\u0142o pla\u017cowe Patmos turkusowe - Siesta Garden","robots":{"index":"index","follow":"follow","max-snippet":"max-snippet:-1","max-image-preview":"max-image-preview:large","max-video-preview":"max-video-preview:-1"},"canonical":"https:\/\/www.siestagarden.com\/de\/produkt\/krzeslo-plazowe-patmos-turkusowe\/","og_locale":"de_DE","og_type":"article","og_title":"Krzes\u0142o pla\u017cowe Patmos turkusowe - Siesta Garden","og_description":"PATMOS krzes\u0142o pla\u017cowe \u2013 lekka forma, lazurowy klimat Patmos pla\u017cowe to krzes\u0142o stworzone z my\u015bl\u0105 o s\u0142onecznych przestrzeniach blisko wody \u2013 czy to na nadmorskim deptaku, przy marinie, czy w ogrodzie hotelowym z widokiem na fale. Inspirowane desk\u0105 surfingow\u0105, zachowuje prost\u0105, smuk\u0142\u0105 lini\u0119, kt\u00f3ra wprowadza do aran\u017cacji luz i lekko\u015b\u0107. Konstrukcja zosta\u0142a wykonana z litego [&hellip;]","og_url":"https:\/\/www.siestagarden.com\/de\/produkt\/krzeslo-plazowe-patmos-turkusowe\/","og_site_name":"Siesta Garden","article_modified_time":"2026-02-09T09:23:18+00:00","og_image":[{"width":1707,"height":2560,"url":"https:\/\/www.siestagarden.com\/wp-content\/uploads\/2025\/03\/IMG_9762-scaled-e1770628972575.jpg","type":"image\/jpeg"}],"twitter_card":"summary_large_image","twitter_misc":{"Gesch\u00e4tzte Lesezeit":"2\u00a0Minuten"},"schema":{"@context":"https:\/\/schema.org","@graph":[{"@type":"WebPage","@id":"https:\/\/www.siestagarden.com\/produkt\/krzeslo-plazowe-patmos-turkusowe\/","url":"https:\/\/www.siestagarden.com\/produkt\/krzeslo-plazowe-patmos-turkusowe\/","name":"Krzes\u0142o pla\u017cowe Patmos turkusowe - Siesta Garden","isPartOf":{"@id":"https:\/\/www.siestagarden.com\/#website"},"primaryImageOfPage":{"@id":"https:\/\/www.siestagarden.com\/produkt\/krzeslo-plazowe-patmos-turkusowe\/#primaryimage"},"image":{"@id":"https:\/\/www.siestagarden.com\/produkt\/krzeslo-plazowe-patmos-turkusowe\/#primaryimage"},"thumbnailUrl":"https:\/\/www.siestagarden.com\/wp-content\/uploads\/2025\/03\/IMG_9762-scaled-e1770628972575.jpg","datePublished":"2025-03-27T12:53:19+00:00","dateModified":"2026-02-09T09:23:18+00:00","breadcrumb":{"@id":"https:\/\/www.siestagarden.com\/produkt\/krzeslo-plazowe-patmos-turkusowe\/#breadcrumb"},"inLanguage":"de","potentialAction":[{"@type":"ReadAction","target":["https:\/\/www.siestagarden.com\/produkt\/krzeslo-plazowe-patmos-turkusowe\/"]}]},{"@type":"ImageObject","inLanguage":"de","@id":"https:\/\/www.siestagarden.com\/produkt\/krzeslo-plazowe-patmos-turkusowe\/#primaryimage","url":"https:\/\/www.siestagarden.com\/wp-content\/uploads\/2025\/03\/IMG_9762-scaled-e1770628972575.jpg","contentUrl":"https:\/\/www.siestagarden.com\/wp-content\/uploads\/2025\/03\/IMG_9762-scaled-e1770628972575.jpg","width":1707,"height":2560},{"@type":"BreadcrumbList","@id":"https:\/\/www.siestagarden.com\/produkt\/krzeslo-plazowe-patmos-turkusowe\/#breadcrumb","itemListElement":[{"@type":"ListItem","position":1,"name":"Strona g\u0142\u00f3wna","item":"https:\/\/www.siestagarden.com\/"},{"@type":"ListItem","position":2,"name":"Sklep","item":"https:\/\/www.siestagarden.com\/sklep\/"},{"@type":"ListItem","position":3,"name":"Krzes\u0142o pla\u017cowe Patmos turkusowe"}]},{"@type":"WebSite","@id":"https:\/\/www.siestagarden.com\/#website","url":"https:\/\/www.siestagarden.com\/","name":"Siesta Garten","description":"M\u00f6bel f\u00fcr Ihren Garten. Polnischen Hersteller von Holzm\u00f6beln von h\u00f6chster Qualit\u00e4t.","potentialAction":[{"@type":"SearchAction","target":{"@type":"EntryPoint","urlTemplate":"https:\/\/www.siestagarden.com\/?s={search_term_string}"},"query-input":{"@type":"PropertyValueSpecification","valueRequired":true,"valueName":"search_term_string"}}],"inLanguage":"de"}]}},"_links":{"self":[{"href":"https:\/\/www.siestagarden.com\/de\/wp-json\/wp\/v2\/product\/1964","targetHints":{"allow":["GET"]}}],"collection":[{"href":"https:\/\/www.siestagarden.com\/de\/wp-json\/wp\/v2\/product"}],"about":[{"href":"https:\/\/www.siestagarden.com\/de\/wp-json\/wp\/v2\/types\/product"}],"wp:featuredmedia":[{"embeddable":true,"href":"https:\/\/www.siestagarden.com\/de\/wp-json\/wp\/v2\/media\/2395"}],"wp:attachment":[{"href":"https:\/\/www.siestagarden.com\/de\/wp-json\/wp\/v2\/media?parent=1964"}],"wp:term":[{"taxonomy":"product_brand","embeddable":true,"href":"https:\/\/www.siestagarden.com\/de\/wp-json\/wp\/v2\/product_brand?post=1964"},{"taxonomy":"product_cat","embeddable":true,"href":"https:\/\/www.siestagarden.com\/de\/wp-json\/wp\/v2\/product_cat?post=1964"},{"taxonomy":"product_tag","embeddable":true,"href":"https:\/\/www.siestagarden.com\/de\/wp-json\/wp\/v2\/product_tag?post=1964"}],"curies":[{"name":"wp","href":"https:\/\/api.w.org\/{rel}","templated":true}]}}