{"id":2055,"date":"2025-03-28T08:10:06","date_gmt":"2025-03-28T07:10:06","guid":{"rendered":"https:\/\/www.siestagarden.com\/?post_type=product&#038;p=2055"},"modified":"2026-02-02T13:37:48","modified_gmt":"2026-02-02T12:37:48","slug":"2042-2","status":"publish","type":"product","link":"https:\/\/www.siestagarden.com\/de\/produkt\/2042-2\/","title":{"rendered":"Wandregal, Eiche mit Wandbefestigung 60cm"},"content":{"rendered":"<div class=\"mpof_ki myre_zn myre_8v_l m389_6m_l\">\n<div class=\"mp4t_16_s mryx_16_s mr3m_1 mli2_1 mh85_56 mh85_0_l\">\n<div class=\"mgn2_16 _0d3bd_am0a-\">\n<p class=\"\" data-start=\"0\" data-end=\"92\"><strong data-start=\"0\" data-end=\"92\">Wandregal mit unsichtbarem Befestigungssystem - modernes Design in Naturholz<\/strong><\/p>\n<p class=\"\" data-start=\"94\" data-end=\"406\">Bringen Sie Ruhe und Eleganz in Ihr Interieur mit unserem Wandregal mit unsichtbarem Befestigungssystem. Es ist aus nat\u00fcrlichem Holz (z. B. Eiche) gefertigt und kombiniert moderne Schlichtheit mit einem gem\u00fctlichen Gef\u00fchl, was es perfekt f\u00fcr Loft-, skandinavische, rustikale oder Boho-Stil-Einrichtungen macht.<\/p>\n<\/div>\n<\/div>\n<\/div>\n<div class=\"mpof_ki myre_zn myre_8v_l m389_6m_l\">\n<div class=\"mp4t_16_s mryx_16_s mr3m_1 mli2_1 mh85_56 mh85_0_l\">\n<div class=\"mgn2_16 _0d3bd_am0a-\">\n<p class=\"\" data-start=\"408\" data-end=\"427\"><strong data-start=\"408\" data-end=\"427\">Produktmerkmale:<\/strong><\/p>\n<ul data-start=\"429\" data-end=\"995\">\n<li class=\"\" data-start=\"429\" data-end=\"526\">\n<p class=\"\" data-start=\"431\" data-end=\"526\"><strong data-start=\"431\" data-end=\"463\">Unsichtbares Befestigungssystem<\/strong> - durch das Fehlen sichtbarer St\u00fctzen entsteht der Effekt eines \"schwebenden\" Regals<\/p>\n<\/li>\n<li class=\"\" data-start=\"527\" data-end=\"630\">\n<p class=\"\" data-start=\"529\" data-end=\"630\"><strong data-start=\"529\" data-end=\"549\">Naturholz<\/strong> - einzigartige, minimalistische Form, die die einzigartige Struktur und Farbe des Holzes betont<\/p>\n<\/li>\n<li class=\"\" data-start=\"631\" data-end=\"719\">\n<p class=\"\" data-start=\"633\" data-end=\"719\"><strong data-start=\"633\" data-end=\"659\">Robuste Konstruktion<\/strong> - Hochwertiges Material garantiert Langlebigkeit und Stabilit\u00e4t<\/p>\n<\/li>\n<li class=\"\" data-start=\"720\" data-end=\"802\">\n<p class=\"\" data-start=\"722\" data-end=\"802\"><strong data-start=\"722\" data-end=\"742\">Universal-Stil<\/strong> - ideal f\u00fcr jede Einrichtung, von modern bis klassisch<\/p>\n<\/li>\n<li class=\"\" data-start=\"803\" data-end=\"995\">\n<p class=\"\" data-start=\"805\" data-end=\"995\"><strong data-start=\"805\" data-end=\"822\">Einfache Installation<\/strong> - Eine unsichtbare Halterung und eine Anleitung f\u00fcr die schnelle und einfache Wandmontage sind im Lieferumfang enthalten. <strong>(Befestigungsstifte m\u00fcssen separat erworben werden)<\/strong><\/p>\n<\/li>\n<\/ul>\n<p class=\"\" data-start=\"997\" data-end=\"1014\"><strong data-start=\"997\" data-end=\"1014\">Anwendung:<\/strong><\/p>\n<ul data-start=\"1016\" data-end=\"1381\">\n<li class=\"\" data-start=\"1016\" data-end=\"1093\">\n<p class=\"\" data-start=\"1018\" data-end=\"1093\"><strong data-start=\"1018\" data-end=\"1027\">Salon<\/strong> - ideal zum Ausstellen von Lieblingsdekorationen, Pflanzen oder Fotos<\/p>\n<\/li>\n<li class=\"\" data-start=\"1094\" data-end=\"1174\">\n<p class=\"\" data-start=\"1096\" data-end=\"1174\"><strong data-start=\"1096\" data-end=\"1109\">Schlafzimmer<\/strong> - perfekt als Platz f\u00fcr B\u00fccher, einen Wecker oder kleine Andenken<\/p>\n<\/li>\n<li class=\"\" data-start=\"1175\" data-end=\"1279\">\n<p class=\"\" data-start=\"1177\" data-end=\"1279\"><strong data-start=\"1177\" data-end=\"1191\">Korridor<\/strong> - Eine praktische L\u00f6sung f\u00fcr Schl\u00fcssel und kleine Accessoires, die dem Innenraum eine stilvolle Note verleiht<\/p>\n<\/li>\n<li class=\"\" data-start=\"1280\" data-end=\"1381\">\n<p class=\"\" data-start=\"1282\" data-end=\"1381\"><strong data-start=\"1282\" data-end=\"1301\">B\u00fcro\/Kabinett<\/strong> - zus\u00e4tzlicher Platz f\u00fcr B\u00fcroaccessoires und inspirierende Dekorationselemente<\/p>\n<\/li>\n<\/ul>\n<\/div>\n<\/div>\n<div class=\"mp4t_16_s mryx_16_s mr3m_1 mli2_1 mh85_56 mh85_0_l\">\n<div class=\"mg9e_8 mj7a_8 mg9e_0_s mvrt_0_s mj7a_0_s mh36_0_s mzmg_6m munh_16_l m3h2_16_l\"><\/div>\n<\/div>\n<\/div>\n<div class=\"mpof_ki myre_zn myre_8v_l m389_6m_l\">\n<div class=\"mp4t_16_s mryx_16_s mr3m_1 mli2_1 mh85_56 mh85_0_l\">\n<div class=\"mgn2_16 _0d3bd_am0a-\">\n<p class=\"\" data-start=\"1383\" data-end=\"1403\"><strong data-start=\"1383\" data-end=\"1403\">Technische Daten:<\/strong><\/p>\n<ul data-start=\"1405\" data-end=\"1751\">\n<li class=\"\" data-start=\"1405\" data-end=\"1437\">\n<p class=\"\" data-start=\"1407\" data-end=\"1437\"><strong data-start=\"1407\" data-end=\"1419\">Abmessungen:<\/strong> 600 x 235 x 38 mm<\/p>\n<\/li>\n<li class=\"\" data-start=\"1438\" data-end=\"1507\">\n<p class=\"\" data-start=\"1440\" data-end=\"1507\"><strong data-start=\"1440\" data-end=\"1453\">Material:<\/strong> Holz, Zellenregal in Eiche natur furniert<\/p>\n<\/li>\n<li class=\"\" data-start=\"1508\" data-end=\"1524\">\n<p class=\"\" data-start=\"1510\" data-end=\"1524\"><strong data-start=\"1510\" data-end=\"1520\">Farbe:<\/strong> Eiche<\/p>\n<\/li>\n<li class=\"\" data-start=\"1525\" data-end=\"1634\">\n<p class=\"\" data-start=\"1527\" data-end=\"1634\"><strong data-start=\"1527\" data-end=\"1553\">Maximale Belastung:<\/strong> 15 kg f\u00fcr Betonw\u00e4nde, 5 kg f\u00fcr Gipskartonw\u00e4nde<\/p>\n<\/li>\n<li class=\"\" data-start=\"1635\" data-end=\"1751\">\n<p class=\"\" data-start=\"1637\" data-end=\"1751\"><strong data-start=\"1637\" data-end=\"1658\">Bausatz:<\/strong> Inklusive unsichtbarer Wandhalterung<strong> (Befestigungsstifte m\u00fcssen separat erworben werden)<\/strong><\/p>\n<\/li>\n<\/ul>\n<\/div>\n<\/div>\n<\/div>\n<div class=\"mpof_ki myre_zn myre_8v_l m389_6m_l\">\n<div class=\"mp4t_16_s mryx_16_s mr3m_1 mli2_1 mh85_56 mh85_0_l\">\n<div class=\"mgn2_16 _0d3bd_am0a-\">\n<p>Entscheiden Sie sich f\u00fcr unser Wandregal mit unsichtbarem Befestigungssystem, um Ihrem Interieur auf einfache Weise ein einzigartiges, nat\u00fcrliches Ambiente zu verleihen. Bestellen Sie noch heute und genie\u00dfen Sie die perfekte Kombination aus Funktionalit\u00e4t und einzigartigem Stil!<\/p>\n<\/div>\n<\/div>\n<\/div>","protected":false},"excerpt":{"rendered":"<p>P\u00f3\u0142ka \u015bcienna z niewidocznym systemem mocowania \u2013 nowoczesny design z naturalnego drewna Wprowad\u017a do swojego wn\u0119trza spok\u00f3j i elegancj\u0119 dzi\u0119ki naszej p\u00f3\u0142ce \u015bciennej z niewidocznym systemem mocowania. Wykonana z naturalnego drewna (np. d\u0119bowego), \u0142\u0105czy w sobie wsp\u00f3\u0142czesn\u0105 prostot\u0119 z przytulnym klimatem, dzi\u0119ki czemu doskonale wpisuje si\u0119 w aran\u017cacje w stylu loft, skandynawskim, rustykalnym czy boho. [&hellip;]<\/p>\n","protected":false},"featured_media":2052,"template":"","meta":{"_acf_changed":false},"product_brand":[],"product_cat":[105,74],"product_tag":[81],"class_list":{"0":"post-2055","1":"product","2":"type-product","3":"status-publish","4":"has-post-thumbnail","6":"product_cat-polki","7":"product_cat-przechowywanie","8":"product_tag-ukryty-na-stronie-glownej","9":"product_shipping_class-podstawowa","11":"first","12":"instock","13":"taxable","14":"shipping-taxable","15":"purchasable","16":"product-type-simple","17":"add-to-wishlist-after_add_to_cart"},"acf":[],"yoast_head":"<!-- This site is optimized with the Yoast SEO plugin v26.6 - https:\/\/yoast.com\/wordpress\/plugins\/seo\/ -->\n<title>P\u00f3\u0142ka \u015bcienna, d\u0119bowa z ukrytym monta\u017cem, 600mm - Siesta Garden<\/title>\n<meta name=\"robots\" content=\"index, follow, max-snippet:-1, max-image-preview:large, max-video-preview:-1\" \/>\n<link rel=\"canonical\" href=\"https:\/\/www.siestagarden.com\/de\/produkt\/2042-2\/\" \/>\n<meta property=\"og:locale\" content=\"de_DE\" \/>\n<meta property=\"og:type\" content=\"article\" \/>\n<meta property=\"og:title\" content=\"P\u00f3\u0142ka \u015bcienna, d\u0119bowa z ukrytym monta\u017cem, 600mm - Siesta Garden\" \/>\n<meta property=\"og:description\" content=\"P\u00f3\u0142ka \u015bcienna z niewidocznym systemem mocowania \u2013 nowoczesny design z naturalnego drewna Wprowad\u017a do swojego wn\u0119trza spok\u00f3j i elegancj\u0119 dzi\u0119ki naszej p\u00f3\u0142ce \u015bciennej z niewidocznym systemem mocowania. Wykonana z naturalnego drewna (np. d\u0119bowego), \u0142\u0105czy w sobie wsp\u00f3\u0142czesn\u0105 prostot\u0119 z przytulnym klimatem, dzi\u0119ki czemu doskonale wpisuje si\u0119 w aran\u017cacje w stylu loft, skandynawskim, rustykalnym czy boho. [&hellip;]\" \/>\n<meta property=\"og:url\" content=\"https:\/\/www.siestagarden.com\/de\/produkt\/2042-2\/\" \/>\n<meta property=\"og:site_name\" content=\"Siesta Garden\" \/>\n<meta property=\"article:modified_time\" content=\"2026-02-02T12:37:48+00:00\" \/>\n<meta property=\"og:image\" content=\"https:\/\/www.siestagarden.com\/wp-content\/uploads\/2025\/03\/JAR_6408-scaled.jpg\" \/>\n\t<meta property=\"og:image:width\" content=\"2560\" \/>\n\t<meta property=\"og:image:height\" content=\"1709\" \/>\n\t<meta property=\"og:image:type\" content=\"image\/jpeg\" \/>\n<meta name=\"twitter:card\" content=\"summary_large_image\" \/>\n<meta name=\"twitter:label1\" content=\"Gesch\u00e4tzte Lesezeit\" \/>\n\t<meta name=\"twitter:data1\" content=\"2\u00a0Minuten\" \/>\n<script type=\"application\/ld+json\" class=\"yoast-schema-graph\">{\"@context\":\"https:\/\/schema.org\",\"@graph\":[{\"@type\":\"WebPage\",\"@id\":\"https:\/\/www.siestagarden.com\/produkt\/2042-2\/\",\"url\":\"https:\/\/www.siestagarden.com\/produkt\/2042-2\/\",\"name\":\"P\u00f3\u0142ka \u015bcienna, d\u0119bowa z ukrytym monta\u017cem, 600mm - Siesta Garden\",\"isPartOf\":{\"@id\":\"https:\/\/www.siestagarden.com\/#website\"},\"primaryImageOfPage\":{\"@id\":\"https:\/\/www.siestagarden.com\/produkt\/2042-2\/#primaryimage\"},\"image\":{\"@id\":\"https:\/\/www.siestagarden.com\/produkt\/2042-2\/#primaryimage\"},\"thumbnailUrl\":\"https:\/\/www.siestagarden.com\/wp-content\/uploads\/2025\/03\/JAR_6408-scaled.jpg\",\"datePublished\":\"2025-03-28T07:10:06+00:00\",\"dateModified\":\"2026-02-02T12:37:48+00:00\",\"breadcrumb\":{\"@id\":\"https:\/\/www.siestagarden.com\/produkt\/2042-2\/#breadcrumb\"},\"inLanguage\":\"de\",\"potentialAction\":[{\"@type\":\"ReadAction\",\"target\":[\"https:\/\/www.siestagarden.com\/produkt\/2042-2\/\"]}]},{\"@type\":\"ImageObject\",\"inLanguage\":\"de\",\"@id\":\"https:\/\/www.siestagarden.com\/produkt\/2042-2\/#primaryimage\",\"url\":\"https:\/\/www.siestagarden.com\/wp-content\/uploads\/2025\/03\/JAR_6408-scaled.jpg\",\"contentUrl\":\"https:\/\/www.siestagarden.com\/wp-content\/uploads\/2025\/03\/JAR_6408-scaled.jpg\",\"width\":2560,\"height\":1709},{\"@type\":\"BreadcrumbList\",\"@id\":\"https:\/\/www.siestagarden.com\/produkt\/2042-2\/#breadcrumb\",\"itemListElement\":[{\"@type\":\"ListItem\",\"position\":1,\"name\":\"Strona g\u0142\u00f3wna\",\"item\":\"https:\/\/www.siestagarden.com\/\"},{\"@type\":\"ListItem\",\"position\":2,\"name\":\"Sklep\",\"item\":\"https:\/\/www.siestagarden.com\/sklep\/\"},{\"@type\":\"ListItem\",\"position\":3,\"name\":\"P\u00f3\u0142ka \u015bcienna, d\u0119bowa z ukrytym monta\u017cem, 600mm\"}]},{\"@type\":\"WebSite\",\"@id\":\"https:\/\/www.siestagarden.com\/#website\",\"url\":\"https:\/\/www.siestagarden.com\/\",\"name\":\"Siesta Garden\",\"description\":\"Meble do Twojego ogrodu. Polski producent drewnianych mebli najwy\u017cszej jako\u015bci.\",\"potentialAction\":[{\"@type\":\"SearchAction\",\"target\":{\"@type\":\"EntryPoint\",\"urlTemplate\":\"https:\/\/www.siestagarden.com\/?s={search_term_string}\"},\"query-input\":{\"@type\":\"PropertyValueSpecification\",\"valueRequired\":true,\"valueName\":\"search_term_string\"}}],\"inLanguage\":\"de\"}]}<\/script>\n<!-- \/ Yoast SEO plugin. -->","yoast_head_json":{"title":"P\u00f3\u0142ka \u015bcienna, d\u0119bowa z ukrytym monta\u017cem, 600mm - Siesta Garden","robots":{"index":"index","follow":"follow","max-snippet":"max-snippet:-1","max-image-preview":"max-image-preview:large","max-video-preview":"max-video-preview:-1"},"canonical":"https:\/\/www.siestagarden.com\/de\/produkt\/2042-2\/","og_locale":"de_DE","og_type":"article","og_title":"P\u00f3\u0142ka \u015bcienna, d\u0119bowa z ukrytym monta\u017cem, 600mm - Siesta Garden","og_description":"P\u00f3\u0142ka \u015bcienna z niewidocznym systemem mocowania \u2013 nowoczesny design z naturalnego drewna Wprowad\u017a do swojego wn\u0119trza spok\u00f3j i elegancj\u0119 dzi\u0119ki naszej p\u00f3\u0142ce \u015bciennej z niewidocznym systemem mocowania. Wykonana z naturalnego drewna (np. d\u0119bowego), \u0142\u0105czy w sobie wsp\u00f3\u0142czesn\u0105 prostot\u0119 z przytulnym klimatem, dzi\u0119ki czemu doskonale wpisuje si\u0119 w aran\u017cacje w stylu loft, skandynawskim, rustykalnym czy boho. [&hellip;]","og_url":"https:\/\/www.siestagarden.com\/de\/produkt\/2042-2\/","og_site_name":"Siesta Garden","article_modified_time":"2026-02-02T12:37:48+00:00","og_image":[{"width":2560,"height":1709,"url":"https:\/\/www.siestagarden.com\/wp-content\/uploads\/2025\/03\/JAR_6408-scaled.jpg","type":"image\/jpeg"}],"twitter_card":"summary_large_image","twitter_misc":{"Gesch\u00e4tzte Lesezeit":"2\u00a0Minuten"},"schema":{"@context":"https:\/\/schema.org","@graph":[{"@type":"WebPage","@id":"https:\/\/www.siestagarden.com\/produkt\/2042-2\/","url":"https:\/\/www.siestagarden.com\/produkt\/2042-2\/","name":"P\u00f3\u0142ka \u015bcienna, d\u0119bowa z ukrytym monta\u017cem, 600mm - Siesta Garden","isPartOf":{"@id":"https:\/\/www.siestagarden.com\/#website"},"primaryImageOfPage":{"@id":"https:\/\/www.siestagarden.com\/produkt\/2042-2\/#primaryimage"},"image":{"@id":"https:\/\/www.siestagarden.com\/produkt\/2042-2\/#primaryimage"},"thumbnailUrl":"https:\/\/www.siestagarden.com\/wp-content\/uploads\/2025\/03\/JAR_6408-scaled.jpg","datePublished":"2025-03-28T07:10:06+00:00","dateModified":"2026-02-02T12:37:48+00:00","breadcrumb":{"@id":"https:\/\/www.siestagarden.com\/produkt\/2042-2\/#breadcrumb"},"inLanguage":"de","potentialAction":[{"@type":"ReadAction","target":["https:\/\/www.siestagarden.com\/produkt\/2042-2\/"]}]},{"@type":"ImageObject","inLanguage":"de","@id":"https:\/\/www.siestagarden.com\/produkt\/2042-2\/#primaryimage","url":"https:\/\/www.siestagarden.com\/wp-content\/uploads\/2025\/03\/JAR_6408-scaled.jpg","contentUrl":"https:\/\/www.siestagarden.com\/wp-content\/uploads\/2025\/03\/JAR_6408-scaled.jpg","width":2560,"height":1709},{"@type":"BreadcrumbList","@id":"https:\/\/www.siestagarden.com\/produkt\/2042-2\/#breadcrumb","itemListElement":[{"@type":"ListItem","position":1,"name":"Strona g\u0142\u00f3wna","item":"https:\/\/www.siestagarden.com\/"},{"@type":"ListItem","position":2,"name":"Sklep","item":"https:\/\/www.siestagarden.com\/sklep\/"},{"@type":"ListItem","position":3,"name":"P\u00f3\u0142ka \u015bcienna, d\u0119bowa z ukrytym monta\u017cem, 600mm"}]},{"@type":"WebSite","@id":"https:\/\/www.siestagarden.com\/#website","url":"https:\/\/www.siestagarden.com\/","name":"Siesta Garten","description":"M\u00f6bel f\u00fcr Ihren Garten. Polnischen Hersteller von Holzm\u00f6beln von h\u00f6chster Qualit\u00e4t.","potentialAction":[{"@type":"SearchAction","target":{"@type":"EntryPoint","urlTemplate":"https:\/\/www.siestagarden.com\/?s={search_term_string}"},"query-input":{"@type":"PropertyValueSpecification","valueRequired":true,"valueName":"search_term_string"}}],"inLanguage":"de"}]}},"_links":{"self":[{"href":"https:\/\/www.siestagarden.com\/de\/wp-json\/wp\/v2\/product\/2055","targetHints":{"allow":["GET"]}}],"collection":[{"href":"https:\/\/www.siestagarden.com\/de\/wp-json\/wp\/v2\/product"}],"about":[{"href":"https:\/\/www.siestagarden.com\/de\/wp-json\/wp\/v2\/types\/product"}],"wp:featuredmedia":[{"embeddable":true,"href":"https:\/\/www.siestagarden.com\/de\/wp-json\/wp\/v2\/media\/2052"}],"wp:attachment":[{"href":"https:\/\/www.siestagarden.com\/de\/wp-json\/wp\/v2\/media?parent=2055"}],"wp:term":[{"taxonomy":"product_brand","embeddable":true,"href":"https:\/\/www.siestagarden.com\/de\/wp-json\/wp\/v2\/product_brand?post=2055"},{"taxonomy":"product_cat","embeddable":true,"href":"https:\/\/www.siestagarden.com\/de\/wp-json\/wp\/v2\/product_cat?post=2055"},{"taxonomy":"product_tag","embeddable":true,"href":"https:\/\/www.siestagarden.com\/de\/wp-json\/wp\/v2\/product_tag?post=2055"}],"curies":[{"name":"wp","href":"https:\/\/api.w.org\/{rel}","templated":true}]}}