{"id":2451,"date":"2025-04-11T14:30:48","date_gmt":"2025-04-11T12:30:48","guid":{"rendered":"https:\/\/www.siestagarden.com\/?post_type=product&#038;p=2451"},"modified":"2026-02-26T07:22:30","modified_gmt":"2026-02-26T06:22:30","slug":"stol-ogrodowy-rustic-solidna-podstawa-wspolnych-chwil","status":"publish","type":"product","link":"https:\/\/www.siestagarden.com\/de\/produkt\/stol-ogrodowy-rustic-solidna-podstawa-wspolnych-chwil\/","title":{"rendered":"Rustic Gartentisch aus Holz f\u00fcr 8-10 Personen, 1,9m"},"content":{"rendered":"<p><strong>Rustikal<\/strong> ist eine Tabelle, die zu einem nat\u00fcrlichen <strong>Gartencenter<\/strong> - <strong>massiv, elegant<\/strong> und geschaffen, um<strong> Zeit miteinander verbringen<\/strong>. Mit seiner gro\u00dfen Tischplatte von 1,9\u00d71 m bietet er leicht Platz f\u00fcr eine <strong>Familienessen, Sommerfr\u00fchst\u00fcck oder abendliches Beisammensein<\/strong> mit Freunden.<\/p>\n<p>Die Platte ruht auf einem doppelten Kreuzfu\u00df, der nicht nur einen <strong>hervorragende Stabilit\u00e4t<\/strong>hat aber auch <strong>Zentralstrahl<\/strong>dienend als <strong>einen bequemen Platz f\u00fcr Ihre F\u00fc\u00dfe<\/strong>. Diese <strong>Details, die den Unterschied ausmachen<\/strong> - auch in Bezug auf den Komfort.<\/p>\n<p>Dar\u00fcber hinaus befinden sich unter jedem Tischbein <strong>Stellf\u00fc\u00dfe<\/strong>die es erm\u00f6glicht, die M\u00f6bel auch auf unebenen Terrassenfl\u00e4chen, Rasenfl\u00e4chen oder Pflastersteinen perfekt zu nivellieren.<\/p>\n<p>Der Tisch wurde aus massivem Kiefernholz gefertigt und mit einem <strong>FSC\u00ae-zertifiziert<\/strong>entnommen von <strong>verantwortungsvoll bewirtschaftete W\u00e4lder<\/strong>. Das Holz ist impr\u00e4gniert, was seine Widerstandsf\u00e4higkeit gegen\u00fcber wechselnden Wetterbedingungen erh\u00f6ht. Mit der Zeit erh\u00e4lt der Tisch eine stilvolle silbergraue Patina, die seinen rustikalen Charakter unterstreicht.<\/p>\n<p>Um ein komplettes Set zusammenzustellen, m\u00fcssen Sie nur die Rustic-B\u00e4nke mit dem Tisch kombinieren - auf einer oder beiden Seiten - und schon sind Sie fertig! Ein stilvolles, praktisches Set, das jahrelang halten wird.<\/p>\n<p>\u2714\ufe0f <strong>Tischplatte 190 \u00d7 100 cm<\/strong> - ger\u00e4umig, ideal f\u00fcr gemeinschaftliche Mahlzeiten<\/p>\n<p>\u2714\ufe0f<strong> Doppelter X-Sockel mit Mitteltr\u00e4ger<\/strong> - Komfort und Stabilit\u00e4t<\/p>\n<p>\u2714\ufe0f <strong>Verstellbare F\u00fc\u00dfe unter jedem Bein<\/strong> - ideale Anpassung an den Boden<\/p>\n<p>\u2714\ufe0f <strong>FSC\u00ae-Holz<\/strong> - mit Zertifizierung der nachhaltigen Herkunft<\/p>\n<p>\u2714\ufe0f <strong>Impr\u00e4gniert<\/strong> - f\u00fcr den Au\u00dfeneinsatz vorbereitet<\/p>\n<p>\u2714\ufe0f <strong>Nat\u00fcrlicher Farbwechsel<\/strong> - edle graue Patina<\/p>\n<p>\u2714\ufe0f <strong>Geliefert als Paket<\/strong> - f\u00fcr die Selbstmontage<\/p>\n<p>Der Rustic-Tisch ist mehr als nur ein M\u00f6belst\u00fcck - er ist ein Ort, an dem Erinnerungen geboren werden, die Natur mit dem Alltag verschmilzt und gemeinsame Momente eine einzigartige Note erhalten.<\/p>","protected":false},"excerpt":{"rendered":"<p>Rustic to st\u00f3\u0142, kt\u00f3ry staje si\u0119 naturalnym centrum ogrodu \u2013 masywny, elegancki i stworzony do wsp\u00f3lnego sp\u0119dzania czasu. Dzi\u0119ki du\u017cemu blatowi o wymiarach 1,9\u00d71 m, bez trudu pomie\u015bci rodzinny obiad, letnie \u015bniadanie lub wieczorne spotkanie z przyjaci\u00f3\u0142mi. Blat opiera si\u0119 na podw\u00f3jnej podstawie krzy\u017cowej, kt\u00f3ra nie tylko zapewnia znakomit\u0105 stabilno\u015b\u0107, ale r\u00f3wnie\u017c posiada centraln\u0105 belk\u0119, [&hellip;]<\/p>\n","protected":false},"featured_media":2452,"template":"","meta":{"_acf_changed":false},"product_brand":[],"product_cat":[71],"product_tag":[85],"class_list":{"0":"post-2451","1":"product","2":"type-product","3":"status-publish","4":"has-post-thumbnail","6":"product_cat-stoly-i-stoliki","7":"product_tag-kolekcja-rustic","8":"product_shipping_class-podstawowa","10":"first","11":"onbackorder","12":"taxable","13":"shipping-taxable","14":"purchasable","15":"product-type-simple","16":"add-to-wishlist-after_add_to_cart"},"acf":[],"yoast_head":"<!-- This site is optimized with the Yoast SEO plugin v26.6 - https:\/\/yoast.com\/wordpress\/plugins\/seo\/ -->\n<title>St\u00f3\u0142 ogrodowy Rustic 1,9m z drewna dla 8-10 os\u00f3b - Siesta Garden<\/title>\n<meta name=\"robots\" content=\"index, follow, max-snippet:-1, max-image-preview:large, max-video-preview:-1\" \/>\n<link rel=\"canonical\" href=\"https:\/\/www.siestagarden.com\/de\/produkt\/stol-ogrodowy-rustic-solidna-podstawa-wspolnych-chwil\/\" \/>\n<meta property=\"og:locale\" content=\"de_DE\" \/>\n<meta property=\"og:type\" content=\"article\" \/>\n<meta property=\"og:title\" content=\"St\u00f3\u0142 ogrodowy Rustic 1,9m z drewna dla 8-10 os\u00f3b - Siesta Garden\" \/>\n<meta property=\"og:description\" content=\"Rustic to st\u00f3\u0142, kt\u00f3ry staje si\u0119 naturalnym centrum ogrodu \u2013 masywny, elegancki i stworzony do wsp\u00f3lnego sp\u0119dzania czasu. Dzi\u0119ki du\u017cemu blatowi o wymiarach 1,9\u00d71 m, bez trudu pomie\u015bci rodzinny obiad, letnie \u015bniadanie lub wieczorne spotkanie z przyjaci\u00f3\u0142mi. Blat opiera si\u0119 na podw\u00f3jnej podstawie krzy\u017cowej, kt\u00f3ra nie tylko zapewnia znakomit\u0105 stabilno\u015b\u0107, ale r\u00f3wnie\u017c posiada centraln\u0105 belk\u0119, [&hellip;]\" \/>\n<meta property=\"og:url\" content=\"https:\/\/www.siestagarden.com\/de\/produkt\/stol-ogrodowy-rustic-solidna-podstawa-wspolnych-chwil\/\" \/>\n<meta property=\"og:site_name\" content=\"Siesta Garden\" \/>\n<meta property=\"article:modified_time\" content=\"2026-02-26T06:22:30+00:00\" \/>\n<meta property=\"og:image\" content=\"https:\/\/www.siestagarden.com\/wp-content\/uploads\/2025\/04\/IMG_3517.jpg\" \/>\n\t<meta property=\"og:image:width\" content=\"1275\" \/>\n\t<meta property=\"og:image:height\" content=\"850\" \/>\n\t<meta property=\"og:image:type\" content=\"image\/jpeg\" \/>\n<meta name=\"twitter:card\" content=\"summary_large_image\" \/>\n<meta name=\"twitter:label1\" content=\"Gesch\u00e4tzte Lesezeit\" \/>\n\t<meta name=\"twitter:data1\" content=\"2\u00a0Minuten\" \/>\n<script type=\"application\/ld+json\" class=\"yoast-schema-graph\">{\"@context\":\"https:\/\/schema.org\",\"@graph\":[{\"@type\":\"WebPage\",\"@id\":\"https:\/\/www.siestagarden.com\/produkt\/stol-ogrodowy-rustic-solidna-podstawa-wspolnych-chwil\/\",\"url\":\"https:\/\/www.siestagarden.com\/produkt\/stol-ogrodowy-rustic-solidna-podstawa-wspolnych-chwil\/\",\"name\":\"St\u00f3\u0142 ogrodowy Rustic 1,9m z drewna dla 8-10 os\u00f3b - Siesta Garden\",\"isPartOf\":{\"@id\":\"https:\/\/www.siestagarden.com\/#website\"},\"primaryImageOfPage\":{\"@id\":\"https:\/\/www.siestagarden.com\/produkt\/stol-ogrodowy-rustic-solidna-podstawa-wspolnych-chwil\/#primaryimage\"},\"image\":{\"@id\":\"https:\/\/www.siestagarden.com\/produkt\/stol-ogrodowy-rustic-solidna-podstawa-wspolnych-chwil\/#primaryimage\"},\"thumbnailUrl\":\"https:\/\/www.siestagarden.com\/wp-content\/uploads\/2025\/04\/IMG_3517.jpg\",\"datePublished\":\"2025-04-11T12:30:48+00:00\",\"dateModified\":\"2026-02-26T06:22:30+00:00\",\"breadcrumb\":{\"@id\":\"https:\/\/www.siestagarden.com\/produkt\/stol-ogrodowy-rustic-solidna-podstawa-wspolnych-chwil\/#breadcrumb\"},\"inLanguage\":\"de\",\"potentialAction\":[{\"@type\":\"ReadAction\",\"target\":[\"https:\/\/www.siestagarden.com\/produkt\/stol-ogrodowy-rustic-solidna-podstawa-wspolnych-chwil\/\"]}]},{\"@type\":\"ImageObject\",\"inLanguage\":\"de\",\"@id\":\"https:\/\/www.siestagarden.com\/produkt\/stol-ogrodowy-rustic-solidna-podstawa-wspolnych-chwil\/#primaryimage\",\"url\":\"https:\/\/www.siestagarden.com\/wp-content\/uploads\/2025\/04\/IMG_3517.jpg\",\"contentUrl\":\"https:\/\/www.siestagarden.com\/wp-content\/uploads\/2025\/04\/IMG_3517.jpg\",\"width\":1275,\"height\":850},{\"@type\":\"BreadcrumbList\",\"@id\":\"https:\/\/www.siestagarden.com\/produkt\/stol-ogrodowy-rustic-solidna-podstawa-wspolnych-chwil\/#breadcrumb\",\"itemListElement\":[{\"@type\":\"ListItem\",\"position\":1,\"name\":\"Strona g\u0142\u00f3wna\",\"item\":\"https:\/\/www.siestagarden.com\/\"},{\"@type\":\"ListItem\",\"position\":2,\"name\":\"Sklep\",\"item\":\"https:\/\/www.siestagarden.com\/sklep\/\"},{\"@type\":\"ListItem\",\"position\":3,\"name\":\"St\u00f3\u0142 ogrodowy Rustic 1,9m z drewna dla 8-10 os\u00f3b\"}]},{\"@type\":\"WebSite\",\"@id\":\"https:\/\/www.siestagarden.com\/#website\",\"url\":\"https:\/\/www.siestagarden.com\/\",\"name\":\"Siesta Garden\",\"description\":\"Meble do Twojego ogrodu. Polski producent drewnianych mebli najwy\u017cszej jako\u015bci.\",\"potentialAction\":[{\"@type\":\"SearchAction\",\"target\":{\"@type\":\"EntryPoint\",\"urlTemplate\":\"https:\/\/www.siestagarden.com\/?s={search_term_string}\"},\"query-input\":{\"@type\":\"PropertyValueSpecification\",\"valueRequired\":true,\"valueName\":\"search_term_string\"}}],\"inLanguage\":\"de\"}]}<\/script>\n<!-- \/ Yoast SEO plugin. -->","yoast_head_json":{"title":"St\u00f3\u0142 ogrodowy Rustic 1,9m z drewna dla 8-10 os\u00f3b - Siesta Garden","robots":{"index":"index","follow":"follow","max-snippet":"max-snippet:-1","max-image-preview":"max-image-preview:large","max-video-preview":"max-video-preview:-1"},"canonical":"https:\/\/www.siestagarden.com\/de\/produkt\/stol-ogrodowy-rustic-solidna-podstawa-wspolnych-chwil\/","og_locale":"de_DE","og_type":"article","og_title":"St\u00f3\u0142 ogrodowy Rustic 1,9m z drewna dla 8-10 os\u00f3b - Siesta Garden","og_description":"Rustic to st\u00f3\u0142, kt\u00f3ry staje si\u0119 naturalnym centrum ogrodu \u2013 masywny, elegancki i stworzony do wsp\u00f3lnego sp\u0119dzania czasu. Dzi\u0119ki du\u017cemu blatowi o wymiarach 1,9\u00d71 m, bez trudu pomie\u015bci rodzinny obiad, letnie \u015bniadanie lub wieczorne spotkanie z przyjaci\u00f3\u0142mi. Blat opiera si\u0119 na podw\u00f3jnej podstawie krzy\u017cowej, kt\u00f3ra nie tylko zapewnia znakomit\u0105 stabilno\u015b\u0107, ale r\u00f3wnie\u017c posiada centraln\u0105 belk\u0119, [&hellip;]","og_url":"https:\/\/www.siestagarden.com\/de\/produkt\/stol-ogrodowy-rustic-solidna-podstawa-wspolnych-chwil\/","og_site_name":"Siesta Garden","article_modified_time":"2026-02-26T06:22:30+00:00","og_image":[{"width":1275,"height":850,"url":"https:\/\/www.siestagarden.com\/wp-content\/uploads\/2025\/04\/IMG_3517.jpg","type":"image\/jpeg"}],"twitter_card":"summary_large_image","twitter_misc":{"Gesch\u00e4tzte Lesezeit":"2\u00a0Minuten"},"schema":{"@context":"https:\/\/schema.org","@graph":[{"@type":"WebPage","@id":"https:\/\/www.siestagarden.com\/produkt\/stol-ogrodowy-rustic-solidna-podstawa-wspolnych-chwil\/","url":"https:\/\/www.siestagarden.com\/produkt\/stol-ogrodowy-rustic-solidna-podstawa-wspolnych-chwil\/","name":"St\u00f3\u0142 ogrodowy Rustic 1,9m z drewna dla 8-10 os\u00f3b - Siesta Garden","isPartOf":{"@id":"https:\/\/www.siestagarden.com\/#website"},"primaryImageOfPage":{"@id":"https:\/\/www.siestagarden.com\/produkt\/stol-ogrodowy-rustic-solidna-podstawa-wspolnych-chwil\/#primaryimage"},"image":{"@id":"https:\/\/www.siestagarden.com\/produkt\/stol-ogrodowy-rustic-solidna-podstawa-wspolnych-chwil\/#primaryimage"},"thumbnailUrl":"https:\/\/www.siestagarden.com\/wp-content\/uploads\/2025\/04\/IMG_3517.jpg","datePublished":"2025-04-11T12:30:48+00:00","dateModified":"2026-02-26T06:22:30+00:00","breadcrumb":{"@id":"https:\/\/www.siestagarden.com\/produkt\/stol-ogrodowy-rustic-solidna-podstawa-wspolnych-chwil\/#breadcrumb"},"inLanguage":"de","potentialAction":[{"@type":"ReadAction","target":["https:\/\/www.siestagarden.com\/produkt\/stol-ogrodowy-rustic-solidna-podstawa-wspolnych-chwil\/"]}]},{"@type":"ImageObject","inLanguage":"de","@id":"https:\/\/www.siestagarden.com\/produkt\/stol-ogrodowy-rustic-solidna-podstawa-wspolnych-chwil\/#primaryimage","url":"https:\/\/www.siestagarden.com\/wp-content\/uploads\/2025\/04\/IMG_3517.jpg","contentUrl":"https:\/\/www.siestagarden.com\/wp-content\/uploads\/2025\/04\/IMG_3517.jpg","width":1275,"height":850},{"@type":"BreadcrumbList","@id":"https:\/\/www.siestagarden.com\/produkt\/stol-ogrodowy-rustic-solidna-podstawa-wspolnych-chwil\/#breadcrumb","itemListElement":[{"@type":"ListItem","position":1,"name":"Strona g\u0142\u00f3wna","item":"https:\/\/www.siestagarden.com\/"},{"@type":"ListItem","position":2,"name":"Sklep","item":"https:\/\/www.siestagarden.com\/sklep\/"},{"@type":"ListItem","position":3,"name":"St\u00f3\u0142 ogrodowy Rustic 1,9m z drewna dla 8-10 os\u00f3b"}]},{"@type":"WebSite","@id":"https:\/\/www.siestagarden.com\/#website","url":"https:\/\/www.siestagarden.com\/","name":"Siesta Garten","description":"M\u00f6bel f\u00fcr Ihren Garten. Polnischen Hersteller von Holzm\u00f6beln von h\u00f6chster Qualit\u00e4t.","potentialAction":[{"@type":"SearchAction","target":{"@type":"EntryPoint","urlTemplate":"https:\/\/www.siestagarden.com\/?s={search_term_string}"},"query-input":{"@type":"PropertyValueSpecification","valueRequired":true,"valueName":"search_term_string"}}],"inLanguage":"de"}]}},"_links":{"self":[{"href":"https:\/\/www.siestagarden.com\/de\/wp-json\/wp\/v2\/product\/2451","targetHints":{"allow":["GET"]}}],"collection":[{"href":"https:\/\/www.siestagarden.com\/de\/wp-json\/wp\/v2\/product"}],"about":[{"href":"https:\/\/www.siestagarden.com\/de\/wp-json\/wp\/v2\/types\/product"}],"wp:featuredmedia":[{"embeddable":true,"href":"https:\/\/www.siestagarden.com\/de\/wp-json\/wp\/v2\/media\/2452"}],"wp:attachment":[{"href":"https:\/\/www.siestagarden.com\/de\/wp-json\/wp\/v2\/media?parent=2451"}],"wp:term":[{"taxonomy":"product_brand","embeddable":true,"href":"https:\/\/www.siestagarden.com\/de\/wp-json\/wp\/v2\/product_brand?post=2451"},{"taxonomy":"product_cat","embeddable":true,"href":"https:\/\/www.siestagarden.com\/de\/wp-json\/wp\/v2\/product_cat?post=2451"},{"taxonomy":"product_tag","embeddable":true,"href":"https:\/\/www.siestagarden.com\/de\/wp-json\/wp\/v2\/product_tag?post=2451"}],"curies":[{"name":"wp","href":"https:\/\/api.w.org\/{rel}","templated":true}]}}