{"id":2465,"date":"2025-04-11T14:49:37","date_gmt":"2025-04-11T12:49:37","guid":{"rendered":"https:\/\/www.siestagarden.com\/?post_type=product&#038;p=2465"},"modified":"2026-02-26T07:22:10","modified_gmt":"2026-02-26T06:22:10","slug":"lawka-ogrodowa-rustic-bez-oparcia-klasyka-w-rustykalnym-stylu","status":"publish","type":"product","link":"https:\/\/www.siestagarden.com\/de\/produkt\/lawka-ogrodowa-rustic-bez-oparcia-klasyka-w-rustykalnym-stylu\/","title":{"rendered":"Rustic Gartenbank 1,8 m ohne R\u00fcckenlehne"},"content":{"rendered":"<p>Bank <strong>Rustikal ohne R\u00fcckenlehne<\/strong> ist eine elegante, nat\u00fcrliche Form, die dem Garten eine <strong>traditioneller, l\u00e4ndlicher Charakter<\/strong>. Seine <strong>einfaches Design und ausgewogene Proportionen<\/strong> machen es leicht anpassbar an jeden Raum - von <strong>von einer aufger\u00e4umten Terrasse zu einer wilden Ecke mitten im Gr\u00fcnen<\/strong>.<\/p>\n<p>Dieses Modell bietet sogar bequem Platz f\u00fcr <strong>vier Personen<\/strong>und seine klassische, r\u00fcckenfreie Silhouette macht es leicht und vielseitig. Es ist perfekt als<strong> Teil eines Essgeschirrs,<\/strong> sondern auch als <strong>freistehende Sitzgelegenheiten an einer Hauswand, Mauer, einem Blumenbeet oder einem Kamin<\/strong>.<\/p>\n<p>Die Bank ist vollst\u00e4ndig aus FSC\u00ae-zertifiziertem massivem Kiefernholz gefertigt, was ihre Herkunft aus verantwortungsvoll bewirtschafteten W\u00e4ldern best\u00e4tigt. Impr\u00e4gniert ist sie f\u00fcr den Au\u00dfenbereich geeignet und widerstandsf\u00e4hig gegen wechselnde Witterungsbedingungen. Mit der Zeit nimmt ihre nat\u00fcrliche Farbe eine edle silbergraue Patina an, die ihren rustikalen Charme noch unterstreicht.<\/p>\n<p>\u2714\ufe0f <strong>Traditionelle Form ohne R\u00fcckenlehne<\/strong> - subtil und funktionell<\/p>\n<p>\u2714\ufe0f <strong>Bequeme Sitzgelegenheiten f\u00fcr 4 Personen<\/strong><\/p>\n<p>\u2714\ufe0f <strong>Hergestellt aus FSC\u00ae-Holz<\/strong> - nachhaltige und verantwortungsvolle Quelle<\/p>\n<p>\u2714\ufe0f <strong>Impr\u00e4gniert<\/strong> - witterungsbest\u00e4ndig<\/p>\n<p>\u2714\ufe0f<strong> Mit der Zeit erh\u00e4lt es eine nat\u00fcrliche silbergraue Patina.<\/strong><\/p>\n<p>\u2714\ufe0f<strong> Passt zu den anderen M\u00f6beln der Rustic-Kollektion<\/strong><\/p>\n<p>\u2714\ufe0f Geliefert in einer Verpackung zur Selbstmontage<\/p>\n<p>Die Rustic Backless Bench ist eine zeitlose Wahl -. <strong>einfach, robust und charmant.<\/strong> Sie ist die perfekte Erg\u00e4nzung f\u00fcr jedes Arrangement, ob im Garten oder auf der Terrasse im englischen Stil.<\/p>","protected":false},"excerpt":{"rendered":"<p>\u0141awka Rustic bez oparcia to elegancka, naturalna forma, kt\u00f3ra wnosi do ogrodu tradycyjny, wiejski charakter. Jej prosta konstrukcja i wywa\u017cone proporcje sprawiaj\u0105, \u017ce z \u0142atwo\u015bci\u0105 odnajduje si\u0119 w ka\u017cdej przestrzeni \u2013 od uporz\u0105dkowanego tarasu po dziki zak\u0105tek w\u015br\u00f3d zieleni. Ten model pomie\u015bci wygodnie nawet cztery osoby, a jego klasyczna, pozbawiona oparcia sylwetka nadaje mu lekko\u015bci [&hellip;]<\/p>\n","protected":false},"featured_media":2466,"template":"","meta":{"_acf_changed":false},"product_brand":[],"product_cat":[67],"product_tag":[85],"class_list":{"0":"post-2465","1":"product","2":"type-product","3":"status-publish","4":"has-post-thumbnail","6":"product_cat-sofy-i-lawki","7":"product_tag-kolekcja-rustic","8":"product_shipping_class-podstawowa","10":"first","11":"onbackorder","12":"taxable","13":"shipping-taxable","14":"purchasable","15":"product-type-simple","16":"add-to-wishlist-after_add_to_cart"},"acf":[],"yoast_head":"<!-- This site is optimized with the Yoast SEO plugin v26.6 - https:\/\/yoast.com\/wordpress\/plugins\/seo\/ -->\n<title>\u0141awka ogrodowa Rustic 1,8m bez oparcia \u2013 Klasyka w rustykalnym stylu - Siesta Garden<\/title>\n<meta name=\"robots\" content=\"index, follow, max-snippet:-1, max-image-preview:large, max-video-preview:-1\" \/>\n<link rel=\"canonical\" href=\"https:\/\/www.siestagarden.com\/de\/produkt\/lawka-ogrodowa-rustic-bez-oparcia-klasyka-w-rustykalnym-stylu\/\" \/>\n<meta property=\"og:locale\" content=\"de_DE\" \/>\n<meta property=\"og:type\" content=\"article\" \/>\n<meta property=\"og:title\" content=\"\u0141awka ogrodowa Rustic 1,8m bez oparcia \u2013 Klasyka w rustykalnym stylu - Siesta Garden\" \/>\n<meta property=\"og:description\" content=\"\u0141awka Rustic bez oparcia to elegancka, naturalna forma, kt\u00f3ra wnosi do ogrodu tradycyjny, wiejski charakter. Jej prosta konstrukcja i wywa\u017cone proporcje sprawiaj\u0105, \u017ce z \u0142atwo\u015bci\u0105 odnajduje si\u0119 w ka\u017cdej przestrzeni \u2013 od uporz\u0105dkowanego tarasu po dziki zak\u0105tek w\u015br\u00f3d zieleni. Ten model pomie\u015bci wygodnie nawet cztery osoby, a jego klasyczna, pozbawiona oparcia sylwetka nadaje mu lekko\u015bci [&hellip;]\" \/>\n<meta property=\"og:url\" content=\"https:\/\/www.siestagarden.com\/de\/produkt\/lawka-ogrodowa-rustic-bez-oparcia-klasyka-w-rustykalnym-stylu\/\" \/>\n<meta property=\"og:site_name\" content=\"Siesta Garden\" \/>\n<meta property=\"article:modified_time\" content=\"2026-02-26T06:22:10+00:00\" \/>\n<meta property=\"og:image\" content=\"https:\/\/www.siestagarden.com\/wp-content\/uploads\/2025\/04\/IMG_3509.jpg\" \/>\n\t<meta property=\"og:image:width\" content=\"1275\" \/>\n\t<meta property=\"og:image:height\" content=\"850\" \/>\n\t<meta property=\"og:image:type\" content=\"image\/jpeg\" \/>\n<meta name=\"twitter:card\" content=\"summary_large_image\" \/>\n<meta name=\"twitter:label1\" content=\"Gesch\u00e4tzte Lesezeit\" \/>\n\t<meta name=\"twitter:data1\" content=\"2\u00a0Minuten\" \/>\n<script type=\"application\/ld+json\" class=\"yoast-schema-graph\">{\"@context\":\"https:\/\/schema.org\",\"@graph\":[{\"@type\":\"WebPage\",\"@id\":\"https:\/\/www.siestagarden.com\/produkt\/lawka-ogrodowa-rustic-bez-oparcia-klasyka-w-rustykalnym-stylu\/\",\"url\":\"https:\/\/www.siestagarden.com\/produkt\/lawka-ogrodowa-rustic-bez-oparcia-klasyka-w-rustykalnym-stylu\/\",\"name\":\"\u0141awka ogrodowa Rustic 1,8m bez oparcia \u2013 Klasyka w rustykalnym stylu - Siesta Garden\",\"isPartOf\":{\"@id\":\"https:\/\/www.siestagarden.com\/#website\"},\"primaryImageOfPage\":{\"@id\":\"https:\/\/www.siestagarden.com\/produkt\/lawka-ogrodowa-rustic-bez-oparcia-klasyka-w-rustykalnym-stylu\/#primaryimage\"},\"image\":{\"@id\":\"https:\/\/www.siestagarden.com\/produkt\/lawka-ogrodowa-rustic-bez-oparcia-klasyka-w-rustykalnym-stylu\/#primaryimage\"},\"thumbnailUrl\":\"https:\/\/www.siestagarden.com\/wp-content\/uploads\/2025\/04\/IMG_3509.jpg\",\"datePublished\":\"2025-04-11T12:49:37+00:00\",\"dateModified\":\"2026-02-26T06:22:10+00:00\",\"breadcrumb\":{\"@id\":\"https:\/\/www.siestagarden.com\/produkt\/lawka-ogrodowa-rustic-bez-oparcia-klasyka-w-rustykalnym-stylu\/#breadcrumb\"},\"inLanguage\":\"de\",\"potentialAction\":[{\"@type\":\"ReadAction\",\"target\":[\"https:\/\/www.siestagarden.com\/produkt\/lawka-ogrodowa-rustic-bez-oparcia-klasyka-w-rustykalnym-stylu\/\"]}]},{\"@type\":\"ImageObject\",\"inLanguage\":\"de\",\"@id\":\"https:\/\/www.siestagarden.com\/produkt\/lawka-ogrodowa-rustic-bez-oparcia-klasyka-w-rustykalnym-stylu\/#primaryimage\",\"url\":\"https:\/\/www.siestagarden.com\/wp-content\/uploads\/2025\/04\/IMG_3509.jpg\",\"contentUrl\":\"https:\/\/www.siestagarden.com\/wp-content\/uploads\/2025\/04\/IMG_3509.jpg\",\"width\":1275,\"height\":850},{\"@type\":\"BreadcrumbList\",\"@id\":\"https:\/\/www.siestagarden.com\/produkt\/lawka-ogrodowa-rustic-bez-oparcia-klasyka-w-rustykalnym-stylu\/#breadcrumb\",\"itemListElement\":[{\"@type\":\"ListItem\",\"position\":1,\"name\":\"Strona g\u0142\u00f3wna\",\"item\":\"https:\/\/www.siestagarden.com\/\"},{\"@type\":\"ListItem\",\"position\":2,\"name\":\"Sklep\",\"item\":\"https:\/\/www.siestagarden.com\/sklep\/\"},{\"@type\":\"ListItem\",\"position\":3,\"name\":\"\u0141awka ogrodowa Rustic 1,8m bez oparcia \u2013 Klasyka w rustykalnym stylu\"}]},{\"@type\":\"WebSite\",\"@id\":\"https:\/\/www.siestagarden.com\/#website\",\"url\":\"https:\/\/www.siestagarden.com\/\",\"name\":\"Siesta Garden\",\"description\":\"Meble do Twojego ogrodu. Polski producent drewnianych mebli najwy\u017cszej jako\u015bci.\",\"potentialAction\":[{\"@type\":\"SearchAction\",\"target\":{\"@type\":\"EntryPoint\",\"urlTemplate\":\"https:\/\/www.siestagarden.com\/?s={search_term_string}\"},\"query-input\":{\"@type\":\"PropertyValueSpecification\",\"valueRequired\":true,\"valueName\":\"search_term_string\"}}],\"inLanguage\":\"de\"}]}<\/script>\n<!-- \/ Yoast SEO plugin. -->","yoast_head_json":{"title":"\u0141awka ogrodowa Rustic 1,8m bez oparcia \u2013 Klasyka w rustykalnym stylu - Siesta Garden","robots":{"index":"index","follow":"follow","max-snippet":"max-snippet:-1","max-image-preview":"max-image-preview:large","max-video-preview":"max-video-preview:-1"},"canonical":"https:\/\/www.siestagarden.com\/de\/produkt\/lawka-ogrodowa-rustic-bez-oparcia-klasyka-w-rustykalnym-stylu\/","og_locale":"de_DE","og_type":"article","og_title":"\u0141awka ogrodowa Rustic 1,8m bez oparcia \u2013 Klasyka w rustykalnym stylu - Siesta Garden","og_description":"\u0141awka Rustic bez oparcia to elegancka, naturalna forma, kt\u00f3ra wnosi do ogrodu tradycyjny, wiejski charakter. Jej prosta konstrukcja i wywa\u017cone proporcje sprawiaj\u0105, \u017ce z \u0142atwo\u015bci\u0105 odnajduje si\u0119 w ka\u017cdej przestrzeni \u2013 od uporz\u0105dkowanego tarasu po dziki zak\u0105tek w\u015br\u00f3d zieleni. Ten model pomie\u015bci wygodnie nawet cztery osoby, a jego klasyczna, pozbawiona oparcia sylwetka nadaje mu lekko\u015bci [&hellip;]","og_url":"https:\/\/www.siestagarden.com\/de\/produkt\/lawka-ogrodowa-rustic-bez-oparcia-klasyka-w-rustykalnym-stylu\/","og_site_name":"Siesta Garden","article_modified_time":"2026-02-26T06:22:10+00:00","og_image":[{"width":1275,"height":850,"url":"https:\/\/www.siestagarden.com\/wp-content\/uploads\/2025\/04\/IMG_3509.jpg","type":"image\/jpeg"}],"twitter_card":"summary_large_image","twitter_misc":{"Gesch\u00e4tzte Lesezeit":"2\u00a0Minuten"},"schema":{"@context":"https:\/\/schema.org","@graph":[{"@type":"WebPage","@id":"https:\/\/www.siestagarden.com\/produkt\/lawka-ogrodowa-rustic-bez-oparcia-klasyka-w-rustykalnym-stylu\/","url":"https:\/\/www.siestagarden.com\/produkt\/lawka-ogrodowa-rustic-bez-oparcia-klasyka-w-rustykalnym-stylu\/","name":"\u0141awka ogrodowa Rustic 1,8m bez oparcia \u2013 Klasyka w rustykalnym stylu - Siesta Garden","isPartOf":{"@id":"https:\/\/www.siestagarden.com\/#website"},"primaryImageOfPage":{"@id":"https:\/\/www.siestagarden.com\/produkt\/lawka-ogrodowa-rustic-bez-oparcia-klasyka-w-rustykalnym-stylu\/#primaryimage"},"image":{"@id":"https:\/\/www.siestagarden.com\/produkt\/lawka-ogrodowa-rustic-bez-oparcia-klasyka-w-rustykalnym-stylu\/#primaryimage"},"thumbnailUrl":"https:\/\/www.siestagarden.com\/wp-content\/uploads\/2025\/04\/IMG_3509.jpg","datePublished":"2025-04-11T12:49:37+00:00","dateModified":"2026-02-26T06:22:10+00:00","breadcrumb":{"@id":"https:\/\/www.siestagarden.com\/produkt\/lawka-ogrodowa-rustic-bez-oparcia-klasyka-w-rustykalnym-stylu\/#breadcrumb"},"inLanguage":"de","potentialAction":[{"@type":"ReadAction","target":["https:\/\/www.siestagarden.com\/produkt\/lawka-ogrodowa-rustic-bez-oparcia-klasyka-w-rustykalnym-stylu\/"]}]},{"@type":"ImageObject","inLanguage":"de","@id":"https:\/\/www.siestagarden.com\/produkt\/lawka-ogrodowa-rustic-bez-oparcia-klasyka-w-rustykalnym-stylu\/#primaryimage","url":"https:\/\/www.siestagarden.com\/wp-content\/uploads\/2025\/04\/IMG_3509.jpg","contentUrl":"https:\/\/www.siestagarden.com\/wp-content\/uploads\/2025\/04\/IMG_3509.jpg","width":1275,"height":850},{"@type":"BreadcrumbList","@id":"https:\/\/www.siestagarden.com\/produkt\/lawka-ogrodowa-rustic-bez-oparcia-klasyka-w-rustykalnym-stylu\/#breadcrumb","itemListElement":[{"@type":"ListItem","position":1,"name":"Strona g\u0142\u00f3wna","item":"https:\/\/www.siestagarden.com\/"},{"@type":"ListItem","position":2,"name":"Sklep","item":"https:\/\/www.siestagarden.com\/sklep\/"},{"@type":"ListItem","position":3,"name":"\u0141awka ogrodowa Rustic 1,8m bez oparcia \u2013 Klasyka w rustykalnym stylu"}]},{"@type":"WebSite","@id":"https:\/\/www.siestagarden.com\/#website","url":"https:\/\/www.siestagarden.com\/","name":"Siesta Garten","description":"M\u00f6bel f\u00fcr Ihren Garten. Polnischen Hersteller von Holzm\u00f6beln von h\u00f6chster Qualit\u00e4t.","potentialAction":[{"@type":"SearchAction","target":{"@type":"EntryPoint","urlTemplate":"https:\/\/www.siestagarden.com\/?s={search_term_string}"},"query-input":{"@type":"PropertyValueSpecification","valueRequired":true,"valueName":"search_term_string"}}],"inLanguage":"de"}]}},"_links":{"self":[{"href":"https:\/\/www.siestagarden.com\/de\/wp-json\/wp\/v2\/product\/2465","targetHints":{"allow":["GET"]}}],"collection":[{"href":"https:\/\/www.siestagarden.com\/de\/wp-json\/wp\/v2\/product"}],"about":[{"href":"https:\/\/www.siestagarden.com\/de\/wp-json\/wp\/v2\/types\/product"}],"wp:featuredmedia":[{"embeddable":true,"href":"https:\/\/www.siestagarden.com\/de\/wp-json\/wp\/v2\/media\/2466"}],"wp:attachment":[{"href":"https:\/\/www.siestagarden.com\/de\/wp-json\/wp\/v2\/media?parent=2465"}],"wp:term":[{"taxonomy":"product_brand","embeddable":true,"href":"https:\/\/www.siestagarden.com\/de\/wp-json\/wp\/v2\/product_brand?post=2465"},{"taxonomy":"product_cat","embeddable":true,"href":"https:\/\/www.siestagarden.com\/de\/wp-json\/wp\/v2\/product_cat?post=2465"},{"taxonomy":"product_tag","embeddable":true,"href":"https:\/\/www.siestagarden.com\/de\/wp-json\/wp\/v2\/product_tag?post=2465"}],"curies":[{"name":"wp","href":"https:\/\/api.w.org\/{rel}","templated":true}]}}