{"id":2480,"date":"2025-04-15T08:28:21","date_gmt":"2025-04-15T06:28:21","guid":{"rendered":"https:\/\/www.siestagarden.com\/?post_type=product&#038;p=2480"},"modified":"2026-02-26T07:21:48","modified_gmt":"2026-02-26T06:21:48","slug":"taboret-ogrodowy-rustic","status":"publish","type":"product","link":"https:\/\/www.siestagarden.com\/de\/produkt\/taboret-ogrodowy-rustic\/","title":{"rendered":"Rustic Holz-Gartenhocker"},"content":{"rendered":"<p><strong>Rustikaler Gartenhocker<\/strong> - Kleines M\u00f6belst\u00fcck, gro\u00dfe M\u00f6glichkeiten<\/p>\n<p>Der Hocker Rustic ist ein kleines, aber \u00e4u\u00dferst praktisches St\u00fcck aus der Rustic-Kollektion. Unter Beibehaltung der f\u00fcr die Serie charakteristischen \u00c4sthetik - einfache Form, Massivholz und nat\u00fcrliches Finish - eignet sich der Hocker als zus\u00e4tzliche Sitzgelegenheit, Fu\u00dfst\u00fctze oder sogar als mobiler Beistelltisch.<\/p>\n<p>Dank seiner kompakten Abmessungen k\u00f6nnen Sie ihn \u00fcberall hin mitnehmen, wo Sie ihn brauchen - an den Tisch, neben den Sessel, auf die Terrasse, in den Wintergarten oder sogar vor den Kamin.<\/p>\n<p>Der aus massivem FSC\u00ae-Kiefernholz gefertigte Hocker wurde impr\u00e4gniert und ist somit wetterfest und ganzj\u00e4hrig f\u00fcr den Au\u00dfenbereich geeignet. Mit der Zeit erh\u00e4lt das Holz eine sch\u00f6ne silbergraue Patina, die perfekt zur rustikalen Atmosph\u00e4re des Gartens passt.<\/p>\n<p>\u2714\ufe0f <strong>Multifunktionalit\u00e4t<\/strong> - Sitz, Tisch, Fu\u00dfst\u00fctze<\/p>\n<p>\u2714\ufe0f <strong>Kompakt und leicht<\/strong> - leicht zu tragen<\/p>\n<p>\u2714\ufe0f <strong>FSC\u00ae-zertifiziertes Kiefernholz<\/strong> - aus verantwortungsvollen Quellen<\/p>\n<p>\u2714\ufe0f <strong>Impr\u00e4gniert<\/strong> - resistent gegen \u00e4u\u00dfere Einfl\u00fcsse<\/p>\n<p>\u2714\ufe0f <strong>Nat\u00fcrliche Alterung von Holz<\/strong> - edle Patina<\/p>\n<p>\u2714\ufe0f Erg\u00e4nzt andere Elemente <strong>Rustikale Kollektion<\/strong><\/p>\n<p>\u2714\ufe0f Wird als Paket geliefert und ist leicht zu montieren<\/p>\n<p><strong>Rustikaler Hocker<\/strong> ist die perfekte Erg\u00e4nzung f\u00fcr jedes Gartenm\u00f6bel-Set. Trotz seiner geringen Gr\u00f6\u00dfe bietet er eine Vielzahl von M\u00f6glichkeiten - immer dort, wo es darauf ankommt<strong> Bequemlichkeit und Zweckm\u00e4\u00dfigkeit.<\/strong><\/p>","protected":false},"excerpt":{"rendered":"<p>Taboret ogrodowy Rustic \u2013 Ma\u0142y mebel, wielkie mo\u017cliwo\u015bci Taboret Rustic to niewielki, ale niezwykle praktyczny element kolekcji Rustic. Zachowuj\u0105c charakterystyczn\u0105 dla serii estetyk\u0119 \u2013 prost\u0105 form\u0119, solidne drewno i naturalne wyko\u0144czenie \u2013 taboret \u015bwietnie sprawdza si\u0119 jako dodatkowe siedzisko, podn\u00f3\u017cek, a nawet mobilny stolik pomocniczy. Dzi\u0119ki kompaktowym wymiarom mo\u017cesz go \u0142atwo przestawi\u0107 tam, gdzie akurat [&hellip;]<\/p>\n","protected":false},"featured_media":3819,"template":"","meta":{"_acf_changed":false},"product_brand":[],"product_cat":[67],"product_tag":[85],"class_list":{"0":"post-2480","1":"product","2":"type-product","3":"status-publish","4":"has-post-thumbnail","6":"product_cat-sofy-i-lawki","7":"product_tag-kolekcja-rustic","8":"product_shipping_class-podstawowa","10":"first","11":"onbackorder","12":"taxable","13":"shipping-taxable","14":"purchasable","15":"product-type-simple","16":"add-to-wishlist-after_add_to_cart"},"acf":[],"yoast_head":"<!-- This site is optimized with the Yoast SEO plugin v26.6 - https:\/\/yoast.com\/wordpress\/plugins\/seo\/ -->\n<title>Taboret ogrodowy Rustic z drewna - Siesta Garden<\/title>\n<meta name=\"robots\" content=\"index, follow, max-snippet:-1, max-image-preview:large, max-video-preview:-1\" \/>\n<link rel=\"canonical\" href=\"https:\/\/www.siestagarden.com\/de\/produkt\/taboret-ogrodowy-rustic\/\" \/>\n<meta property=\"og:locale\" content=\"de_DE\" \/>\n<meta property=\"og:type\" content=\"article\" \/>\n<meta property=\"og:title\" content=\"Taboret ogrodowy Rustic z drewna - Siesta Garden\" \/>\n<meta property=\"og:description\" content=\"Taboret ogrodowy Rustic \u2013 Ma\u0142y mebel, wielkie mo\u017cliwo\u015bci Taboret Rustic to niewielki, ale niezwykle praktyczny element kolekcji Rustic. Zachowuj\u0105c charakterystyczn\u0105 dla serii estetyk\u0119 \u2013 prost\u0105 form\u0119, solidne drewno i naturalne wyko\u0144czenie \u2013 taboret \u015bwietnie sprawdza si\u0119 jako dodatkowe siedzisko, podn\u00f3\u017cek, a nawet mobilny stolik pomocniczy. Dzi\u0119ki kompaktowym wymiarom mo\u017cesz go \u0142atwo przestawi\u0107 tam, gdzie akurat [&hellip;]\" \/>\n<meta property=\"og:url\" content=\"https:\/\/www.siestagarden.com\/de\/produkt\/taboret-ogrodowy-rustic\/\" \/>\n<meta property=\"og:site_name\" content=\"Siesta Garden\" \/>\n<meta property=\"article:modified_time\" content=\"2026-02-26T06:21:48+00:00\" \/>\n<meta property=\"og:image\" content=\"https:\/\/www.siestagarden.com\/wp-content\/uploads\/2025\/04\/Gemini_Generated_Image_5lsili5lsili5lsi-1024x747.png\" \/>\n\t<meta property=\"og:image:width\" content=\"1024\" \/>\n\t<meta property=\"og:image:height\" content=\"747\" \/>\n\t<meta property=\"og:image:type\" content=\"image\/png\" \/>\n<meta name=\"twitter:card\" content=\"summary_large_image\" \/>\n<meta name=\"twitter:label1\" content=\"Gesch\u00e4tzte Lesezeit\" \/>\n\t<meta name=\"twitter:data1\" content=\"2\u00a0Minuten\" \/>\n<script type=\"application\/ld+json\" class=\"yoast-schema-graph\">{\"@context\":\"https:\/\/schema.org\",\"@graph\":[{\"@type\":\"WebPage\",\"@id\":\"https:\/\/www.siestagarden.com\/produkt\/taboret-ogrodowy-rustic\/\",\"url\":\"https:\/\/www.siestagarden.com\/produkt\/taboret-ogrodowy-rustic\/\",\"name\":\"Taboret ogrodowy Rustic z drewna - Siesta Garden\",\"isPartOf\":{\"@id\":\"https:\/\/www.siestagarden.com\/#website\"},\"primaryImageOfPage\":{\"@id\":\"https:\/\/www.siestagarden.com\/produkt\/taboret-ogrodowy-rustic\/#primaryimage\"},\"image\":{\"@id\":\"https:\/\/www.siestagarden.com\/produkt\/taboret-ogrodowy-rustic\/#primaryimage\"},\"thumbnailUrl\":\"https:\/\/www.siestagarden.com\/wp-content\/uploads\/2025\/04\/Gemini_Generated_Image_5lsili5lsili5lsi.png\",\"datePublished\":\"2025-04-15T06:28:21+00:00\",\"dateModified\":\"2026-02-26T06:21:48+00:00\",\"breadcrumb\":{\"@id\":\"https:\/\/www.siestagarden.com\/produkt\/taboret-ogrodowy-rustic\/#breadcrumb\"},\"inLanguage\":\"de\",\"potentialAction\":[{\"@type\":\"ReadAction\",\"target\":[\"https:\/\/www.siestagarden.com\/produkt\/taboret-ogrodowy-rustic\/\"]}]},{\"@type\":\"ImageObject\",\"inLanguage\":\"de\",\"@id\":\"https:\/\/www.siestagarden.com\/produkt\/taboret-ogrodowy-rustic\/#primaryimage\",\"url\":\"https:\/\/www.siestagarden.com\/wp-content\/uploads\/2025\/04\/Gemini_Generated_Image_5lsili5lsili5lsi.png\",\"contentUrl\":\"https:\/\/www.siestagarden.com\/wp-content\/uploads\/2025\/04\/Gemini_Generated_Image_5lsili5lsili5lsi.png\",\"width\":1184,\"height\":864},{\"@type\":\"BreadcrumbList\",\"@id\":\"https:\/\/www.siestagarden.com\/produkt\/taboret-ogrodowy-rustic\/#breadcrumb\",\"itemListElement\":[{\"@type\":\"ListItem\",\"position\":1,\"name\":\"Strona g\u0142\u00f3wna\",\"item\":\"https:\/\/www.siestagarden.com\/\"},{\"@type\":\"ListItem\",\"position\":2,\"name\":\"Sklep\",\"item\":\"https:\/\/www.siestagarden.com\/sklep\/\"},{\"@type\":\"ListItem\",\"position\":3,\"name\":\"Taboret ogrodowy Rustic z drewna\"}]},{\"@type\":\"WebSite\",\"@id\":\"https:\/\/www.siestagarden.com\/#website\",\"url\":\"https:\/\/www.siestagarden.com\/\",\"name\":\"Siesta Garden\",\"description\":\"Meble do Twojego ogrodu. Polski producent drewnianych mebli najwy\u017cszej jako\u015bci.\",\"potentialAction\":[{\"@type\":\"SearchAction\",\"target\":{\"@type\":\"EntryPoint\",\"urlTemplate\":\"https:\/\/www.siestagarden.com\/?s={search_term_string}\"},\"query-input\":{\"@type\":\"PropertyValueSpecification\",\"valueRequired\":true,\"valueName\":\"search_term_string\"}}],\"inLanguage\":\"de\"}]}<\/script>\n<!-- \/ Yoast SEO plugin. -->","yoast_head_json":{"title":"Taboret ogrodowy Rustic z drewna - Siesta Garden","robots":{"index":"index","follow":"follow","max-snippet":"max-snippet:-1","max-image-preview":"max-image-preview:large","max-video-preview":"max-video-preview:-1"},"canonical":"https:\/\/www.siestagarden.com\/de\/produkt\/taboret-ogrodowy-rustic\/","og_locale":"de_DE","og_type":"article","og_title":"Taboret ogrodowy Rustic z drewna - Siesta Garden","og_description":"Taboret ogrodowy Rustic \u2013 Ma\u0142y mebel, wielkie mo\u017cliwo\u015bci Taboret Rustic to niewielki, ale niezwykle praktyczny element kolekcji Rustic. Zachowuj\u0105c charakterystyczn\u0105 dla serii estetyk\u0119 \u2013 prost\u0105 form\u0119, solidne drewno i naturalne wyko\u0144czenie \u2013 taboret \u015bwietnie sprawdza si\u0119 jako dodatkowe siedzisko, podn\u00f3\u017cek, a nawet mobilny stolik pomocniczy. Dzi\u0119ki kompaktowym wymiarom mo\u017cesz go \u0142atwo przestawi\u0107 tam, gdzie akurat [&hellip;]","og_url":"https:\/\/www.siestagarden.com\/de\/produkt\/taboret-ogrodowy-rustic\/","og_site_name":"Siesta Garden","article_modified_time":"2026-02-26T06:21:48+00:00","og_image":[{"width":1024,"height":747,"url":"https:\/\/www.siestagarden.com\/wp-content\/uploads\/2025\/04\/Gemini_Generated_Image_5lsili5lsili5lsi-1024x747.png","type":"image\/png"}],"twitter_card":"summary_large_image","twitter_misc":{"Gesch\u00e4tzte Lesezeit":"2\u00a0Minuten"},"schema":{"@context":"https:\/\/schema.org","@graph":[{"@type":"WebPage","@id":"https:\/\/www.siestagarden.com\/produkt\/taboret-ogrodowy-rustic\/","url":"https:\/\/www.siestagarden.com\/produkt\/taboret-ogrodowy-rustic\/","name":"Taboret ogrodowy Rustic z drewna - Siesta Garden","isPartOf":{"@id":"https:\/\/www.siestagarden.com\/#website"},"primaryImageOfPage":{"@id":"https:\/\/www.siestagarden.com\/produkt\/taboret-ogrodowy-rustic\/#primaryimage"},"image":{"@id":"https:\/\/www.siestagarden.com\/produkt\/taboret-ogrodowy-rustic\/#primaryimage"},"thumbnailUrl":"https:\/\/www.siestagarden.com\/wp-content\/uploads\/2025\/04\/Gemini_Generated_Image_5lsili5lsili5lsi.png","datePublished":"2025-04-15T06:28:21+00:00","dateModified":"2026-02-26T06:21:48+00:00","breadcrumb":{"@id":"https:\/\/www.siestagarden.com\/produkt\/taboret-ogrodowy-rustic\/#breadcrumb"},"inLanguage":"de","potentialAction":[{"@type":"ReadAction","target":["https:\/\/www.siestagarden.com\/produkt\/taboret-ogrodowy-rustic\/"]}]},{"@type":"ImageObject","inLanguage":"de","@id":"https:\/\/www.siestagarden.com\/produkt\/taboret-ogrodowy-rustic\/#primaryimage","url":"https:\/\/www.siestagarden.com\/wp-content\/uploads\/2025\/04\/Gemini_Generated_Image_5lsili5lsili5lsi.png","contentUrl":"https:\/\/www.siestagarden.com\/wp-content\/uploads\/2025\/04\/Gemini_Generated_Image_5lsili5lsili5lsi.png","width":1184,"height":864},{"@type":"BreadcrumbList","@id":"https:\/\/www.siestagarden.com\/produkt\/taboret-ogrodowy-rustic\/#breadcrumb","itemListElement":[{"@type":"ListItem","position":1,"name":"Strona g\u0142\u00f3wna","item":"https:\/\/www.siestagarden.com\/"},{"@type":"ListItem","position":2,"name":"Sklep","item":"https:\/\/www.siestagarden.com\/sklep\/"},{"@type":"ListItem","position":3,"name":"Taboret ogrodowy Rustic z drewna"}]},{"@type":"WebSite","@id":"https:\/\/www.siestagarden.com\/#website","url":"https:\/\/www.siestagarden.com\/","name":"Siesta Garten","description":"M\u00f6bel f\u00fcr Ihren Garten. Polnischen Hersteller von Holzm\u00f6beln von h\u00f6chster Qualit\u00e4t.","potentialAction":[{"@type":"SearchAction","target":{"@type":"EntryPoint","urlTemplate":"https:\/\/www.siestagarden.com\/?s={search_term_string}"},"query-input":{"@type":"PropertyValueSpecification","valueRequired":true,"valueName":"search_term_string"}}],"inLanguage":"de"}]}},"_links":{"self":[{"href":"https:\/\/www.siestagarden.com\/de\/wp-json\/wp\/v2\/product\/2480","targetHints":{"allow":["GET"]}}],"collection":[{"href":"https:\/\/www.siestagarden.com\/de\/wp-json\/wp\/v2\/product"}],"about":[{"href":"https:\/\/www.siestagarden.com\/de\/wp-json\/wp\/v2\/types\/product"}],"wp:featuredmedia":[{"embeddable":true,"href":"https:\/\/www.siestagarden.com\/de\/wp-json\/wp\/v2\/media\/3819"}],"wp:attachment":[{"href":"https:\/\/www.siestagarden.com\/de\/wp-json\/wp\/v2\/media?parent=2480"}],"wp:term":[{"taxonomy":"product_brand","embeddable":true,"href":"https:\/\/www.siestagarden.com\/de\/wp-json\/wp\/v2\/product_brand?post=2480"},{"taxonomy":"product_cat","embeddable":true,"href":"https:\/\/www.siestagarden.com\/de\/wp-json\/wp\/v2\/product_cat?post=2480"},{"taxonomy":"product_tag","embeddable":true,"href":"https:\/\/www.siestagarden.com\/de\/wp-json\/wp\/v2\/product_tag?post=2480"}],"curies":[{"name":"wp","href":"https:\/\/api.w.org\/{rel}","templated":true}]}}